{"id":25069,"date":"2020-08-17T09:33:00","date_gmt":"2020-08-17T07:33:00","guid":{"rendered":"https:\/\/startercultures.eu\/product\/unkategorisiert\/probiotische-mischung-auch-vegan-fuer-vegane-milchprodukte\/"},"modified":"2025-05-24T13:33:37","modified_gmt":"2025-05-24T11:33:37","slug":"probiotik-mischung","status":"publish","type":"product","link":"https:\/\/startercultures.eu\/de\/product\/fermentation-de\/molkerei\/kase\/probiotik-mischung\/","title":{"rendered":"Probiotische Mischung (auch vegan) | f\u00fcr vegane Milchprodukte"},"content":{"rendered":"<p>Reine Probiotika, um die probiotische Wirkung Ihres Joghurts oder Kefirs zu verst\u00e4rken.<\/p>\n<h3>Inhalt<\/h3>\n<ul>\n<li>2 Gramm<\/li>\n<li>Die Starterkultur ist v\u00f6llig nat\u00fcrlich, ohne Konservierungsstoffe, Zusatzstoffe, k\u00fcnstliche Farb- oder Geschmacksstoffe. Sie enth\u00e4lt keine GVO-Zutaten und ist sowohl glutenfrei als auch vegan.<\/li>\n<li>Produziert in Spanien<\/li>\n<li>Organisch<\/li>\n<\/ul>\n<h3>Mikroorganismen<\/h3>\n<p><em>L. bifidus, L. acidophilus, L. casei<\/em><\/p>\n<h3>Anweisungen zur Lagerung<\/h3>\n<p>Im K\u00fchl- oder Gefrierschrank. Vorzugsweise in einem Zug verwenden.<\/p>\n<h3>Verwendung<\/h3>\n<p>Empfohlene Dosierung: 1 Gramm pro Liter<\/p>\n<h3 class=\"ng-star-inserted\"><span class=\"ng-star-inserted\">Wie man veganen K\u00e4se selber macht<\/span><\/h3>\n<p class=\"ng-star-inserted\"><span class=\"ng-star-inserted\">Erinnern Sie sich an diese traurigen, gummiartigen Bl\u00f6cke, die vor einem Jahrzehnt als veganer K\u00e4se durchgingen? Gott sei Dank liegen diese Zeiten hinter uns. Dank engagierter Pioniere und Fermentations-Enthusiasten k\u00f6nnen wir heute zu Hause vegane K\u00e4sesorten kreieren, die es sowohl geschmacklich als auch von der Textur her tats\u00e4chlich mit ihren milchbasierten Pendants aufnehmen k\u00f6nnen<a href=\"https:\/\/startercultures.eu\/how-to-make-actually-fermented-vegan-cheese-at-home\/\" target=\"_blank\" rel=\"noopener\">. In diesem\u00a0<\/a><\/span><span class=\"ng-star-inserted\">englischsprachigen<\/span><span class=\"ng-star-inserted\">\u00a0Blog zeigen wir Ihnen, wie das geht.<\/span><\/p>\n<h3>Online-Workshop &#8220;Veganen K\u00e4se zu Hause herstellen&#8221; (mit Untertiteln)<\/h3>\n<p>In <a href=\"https:\/\/startercultures.eu\/product\/vegan-main\/vegan-dairy\/online-english-subtitled-vegan-cheese-workshop\/\" target=\"_blank\" rel=\"noopener\">diesem Workshop mit englischen Untertiteln<\/a> lernen Sie die Theorie und Praxis der Herstellung von veganem K\u00e4se<img decoding=\"async\" class=\"lazyload  wp-image-24266 alignright\" src=\"https:\/\/startercultures.eu\/wp-content\/uploads\/2021\/06\/Vegan-cheese-starter-kit-300x222.png\" data-orig-src=\"https:\/\/startercultures.eu\/wp-content\/uploads\/2021\/06\/Vegan-cheese-starter-kit-300x222.png\" alt=\"Veganes Blauschimmelk\u00e4se Starterkultur Kit\" width=\"219\" height=\"162\" srcset=\"data:image\/svg+xml,%3Csvg%20xmlns%3D%27http%3A%2F%2Fwww.w3.org%2F2000%2Fsvg%27%20width%3D%27219%27%20height%3D%27162%27%20viewBox%3D%270%200%20219%20162%27%3E%3Crect%20width%3D%27219%27%20height%3D%27162%27%20fill-opacity%3D%220%22%2F%3E%3C%2Fsvg%3E\" data-srcset=\"https:\/\/startercultures.eu\/wp-content\/uploads\/2021\/06\/Vegan-cheese-starter-kit-200x148.png 200w, https:\/\/startercultures.eu\/wp-content\/uploads\/2021\/06\/Vegan-cheese-starter-kit-300x222.png 300w, https:\/\/startercultures.eu\/wp-content\/uploads\/2021\/06\/Vegan-cheese-starter-kit-400x296.png 400w, https:\/\/startercultures.eu\/wp-content\/uploads\/2021\/06\/Vegan-cheese-starter-kit-500x370.png 500w, https:\/\/startercultures.eu\/wp-content\/uploads\/2021\/06\/Vegan-cheese-starter-kit-600x445.png 600w, https:\/\/startercultures.eu\/wp-content\/uploads\/2021\/06\/Vegan-cheese-starter-kit-700x519.png 700w, https:\/\/startercultures.eu\/wp-content\/uploads\/2021\/06\/Vegan-cheese-starter-kit-768x569.png 768w, https:\/\/startercultures.eu\/wp-content\/uploads\/2021\/06\/Vegan-cheese-starter-kit-800x593.png 800w, https:\/\/startercultures.eu\/wp-content\/uploads\/2021\/06\/Vegan-cheese-starter-kit-1024x759.png 1024w, https:\/\/startercultures.eu\/wp-content\/uploads\/2021\/06\/Vegan-cheese-starter-kit.png 1200w\" data-sizes=\"auto\" data-orig-sizes=\"(max-width: 219px) 100vw, 219px\" \/>s zu Hause, mit dem Schwerpunkt auf veganem Camembert und veganem Blauschimmelk\u00e4se. Foodwriter<a href=\"https:\/\/wateetons.com\/\" target=\"_blank\" rel=\"noopener\">&#8216;Meneer Wateetons&#8217;<\/a>, Autor mehrerer B\u00fccher \u00fcber Fermentierung und alternative Lebensmittelzubereitungstechniken, wird Ihnen alles \u00fcber Fermentierung, P\u00f6kelsalze, Lebensmittelsicherheit, pH-Wert, Starterkulturen, Schimmelpilze und Trocknungsbedingungen beibringen. Klicken Sie <a href=\"https:\/\/startercultures.eu\/product\/vegan-main\/vegan-dairy\/online-english-subtitled-vegan-cheese-workshop\/\" target=\"_blank\" rel=\"noopener\">hier<\/a> f\u00fcr weitere Informationen.<\/p>\n","protected":false},"excerpt":{"rendered":"<p>Reine Probiotika, um die probiotische Wirkung Ihres Joghurts oder Kefirs zu verst\u00e4rken.<\/p>\n","protected":false},"featured_media":24424,"comment_status":"open","ping_status":"closed","template":"","meta":{"_acf_changed":false,"footnotes":""},"product_brand":[],"product_cat":[675,646,647,677,680,710,678,813],"product_tag":[],"class_list":{"0":"post-25069","1":"product","2":"type-product","3":"status-publish","4":"has-post-thumbnail","6":"product_cat-joghurt","7":"product_cat-kase","8":"product_cat-starterkulturen","9":"product_cat-starterkulturen-de","10":"product_cat-vegane-milchprodukte","11":"product_cat-veganer-joghurt","12":"product_cat-veganer-kase","13":"product_cat-mesophile","14":"pa_ean-8720297620898-de","16":"first","17":"outofstock","18":"taxable","19":"shipping-taxable","20":"purchasable","21":"product-type-simple"},"acf":[],"yoast_head":"<!-- This site is optimized with the Yoast SEO plugin v26.6 - https:\/\/yoast.com\/wordpress\/plugins\/seo\/ -->\n<title>Probiotische Mischung (auch vegan) | f\u00fcr vegane Milchprodukte - Startercultures.eu<\/title>\n<meta name=\"description\" content=\"Reine Probiotika, um die probiotische Wirkung Ihres Joghurts oder Kefirs zu verst\u00e4rken.\" \/>\n<meta name=\"robots\" content=\"noindex, follow\" \/>\n<meta property=\"og:locale\" content=\"de_DE\" \/>\n<meta property=\"og:type\" content=\"article\" \/>\n<meta property=\"og:title\" content=\"Probiotische Mischung (auch vegan) | f\u00fcr vegane Milchprodukte - Startercultures.eu\" \/>\n<meta property=\"og:description\" content=\"Reine Probiotika, um die probiotische Wirkung Ihres Joghurts oder Kefirs zu verst\u00e4rken.\" \/>\n<meta property=\"og:url\" content=\"https:\/\/startercultures.eu\/de\/product\/fermentation-de\/molkerei\/kase\/probiotik-mischung\/\" \/>\n<meta property=\"og:site_name\" content=\"Startercultures.eu\" \/>\n<meta property=\"article:publisher\" content=\"https:\/\/www.facebook.com\/startercultureseu\" \/>\n<meta property=\"article:modified_time\" content=\"2025-05-24T11:33:37+00:00\" \/>\n<meta property=\"og:image\" content=\"https:\/\/startercultures.eu\/wp-content\/uploads\/2020\/08\/133mu.png\" \/>\n\t<meta property=\"og:image:width\" content=\"1250\" \/>\n\t<meta property=\"og:image:height\" content=\"1250\" \/>\n\t<meta property=\"og:image:type\" content=\"image\/png\" \/>\n<meta name=\"twitter:card\" content=\"summary_large_image\" \/>\n<meta name=\"twitter:label1\" content=\"Price\" \/>\n\t<meta name=\"twitter:data1\" content=\"13,99\" \/>\n\t<meta name=\"twitter:label2\" content=\"Availability\" \/>\n\t<meta name=\"twitter:data2\" content=\"Nicht auf Lager\" \/>\n<script type=\"application\/ld+json\" class=\"yoast-schema-graph\">{\"@context\":\"https:\/\/schema.org\",\"@graph\":[{\"@type\":\"WebPage\",\"@id\":\"https:\/\/startercultures.eu\/de\/product\/fermentation-de\/molkerei\/kase\/probiotik-mischung\/\",\"url\":\"https:\/\/startercultures.eu\/de\/product\/fermentation-de\/molkerei\/kase\/probiotik-mischung\/\",\"name\":\"Probiotische Mischung (auch vegan) | f\u00fcr vegane Milchprodukte - Startercultures.eu\",\"isPartOf\":{\"@id\":\"https:\/\/startercultures.eu\/de\/#website\"},\"primaryImageOfPage\":{\"@id\":\"https:\/\/startercultures.eu\/de\/product\/fermentation-de\/molkerei\/kase\/probiotik-mischung\/#primaryimage\"},\"image\":{\"@id\":\"https:\/\/startercultures.eu\/de\/product\/fermentation-de\/molkerei\/kase\/probiotik-mischung\/#primaryimage\"},\"thumbnailUrl\":\"https:\/\/startercultures.eu\/wp-content\/uploads\/2020\/08\/133mu.png\",\"datePublished\":\"2020-08-17T07:33:00+00:00\",\"dateModified\":\"2025-05-24T11:33:37+00:00\",\"description\":\"Reine Probiotika, um die probiotische Wirkung Ihres Joghurts oder Kefirs zu verst\u00e4rken.\",\"breadcrumb\":{\"@id\":\"https:\/\/startercultures.eu\/de\/product\/fermentation-de\/molkerei\/kase\/probiotik-mischung\/#breadcrumb\"},\"inLanguage\":\"de-DE\",\"potentialAction\":[{\"@type\":\"ReadAction\",\"target\":[\"https:\/\/startercultures.eu\/de\/product\/fermentation-de\/molkerei\/kase\/probiotik-mischung\/\"]}]},{\"@type\":\"ImageObject\",\"inLanguage\":\"de-DE\",\"@id\":\"https:\/\/startercultures.eu\/de\/product\/fermentation-de\/molkerei\/kase\/probiotik-mischung\/#primaryimage\",\"url\":\"https:\/\/startercultures.eu\/wp-content\/uploads\/2020\/08\/133mu.png\",\"contentUrl\":\"https:\/\/startercultures.eu\/wp-content\/uploads\/2020\/08\/133mu.png\",\"width\":1250,\"height\":1250,\"caption\":\"Probiotische Mischung\"},{\"@type\":\"BreadcrumbList\",\"@id\":\"https:\/\/startercultures.eu\/de\/product\/fermentation-de\/molkerei\/kase\/probiotik-mischung\/#breadcrumb\",\"itemListElement\":[{\"@type\":\"ListItem\",\"position\":1,\"name\":\"Home\",\"item\":\"https:\/\/startercultures.eu\/de\/\"},{\"@type\":\"ListItem\",\"position\":2,\"name\":\"Shop\",\"item\":\"https:\/\/startercultures.eu\/shop\/\"},{\"@type\":\"ListItem\",\"position\":3,\"name\":\"Probiotische Mischung (auch vegan) | f\u00fcr vegane Milchprodukte\"}]},{\"@type\":\"WebSite\",\"@id\":\"https:\/\/startercultures.eu\/de\/#website\",\"url\":\"https:\/\/startercultures.eu\/de\/\",\"name\":\"Startercultures.eu\",\"description\":\"Startercultures.eu\",\"publisher\":{\"@id\":\"https:\/\/startercultures.eu\/de\/#organization\"},\"potentialAction\":[{\"@type\":\"SearchAction\",\"target\":{\"@type\":\"EntryPoint\",\"urlTemplate\":\"https:\/\/startercultures.eu\/de\/?s={search_term_string}\"},\"query-input\":{\"@type\":\"PropertyValueSpecification\",\"valueRequired\":true,\"valueName\":\"search_term_string\"}}],\"inLanguage\":\"de-DE\"},{\"@type\":\"Organization\",\"@id\":\"https:\/\/startercultures.eu\/de\/#organization\",\"name\":\"Startercultures.eu\",\"url\":\"https:\/\/startercultures.eu\/de\/\",\"logo\":{\"@type\":\"ImageObject\",\"inLanguage\":\"de-DE\",\"@id\":\"https:\/\/startercultures.eu\/de\/#\/schema\/logo\/image\/\",\"url\":\"https:\/\/startercultures.eu\/wp-content\/uploads\/2020\/08\/startercultures-eu-nl-logo-rond-rgb.png\",\"contentUrl\":\"https:\/\/startercultures.eu\/wp-content\/uploads\/2020\/08\/startercultures-eu-nl-logo-rond-rgb.png\",\"width\":320,\"height\":320,\"caption\":\"Startercultures.eu\"},\"image\":{\"@id\":\"https:\/\/startercultures.eu\/de\/#\/schema\/logo\/image\/\"},\"sameAs\":[\"https:\/\/www.facebook.com\/startercultureseu\",\"https:\/\/www.instagram.com\/startercultures.eu\/\"]}]}<\/script>\n<meta property=\"product:price:amount\" content=\"13.99\" \/>\n<meta property=\"product:price:currency\" content=\"EUR\" \/>\n<meta property=\"og:availability\" content=\"out of stock\" \/>\n<meta property=\"product:availability\" content=\"out of stock\" \/>\n<meta property=\"product:retailer_item_id\" content=\"133\" \/>\n<meta property=\"product:condition\" content=\"new\" \/>\n<!-- \/ Yoast SEO plugin. -->","yoast_head_json":{"title":"Probiotische Mischung (auch vegan) | f\u00fcr vegane Milchprodukte - Startercultures.eu","description":"Reine Probiotika, um die probiotische Wirkung Ihres Joghurts oder Kefirs zu verst\u00e4rken.","robots":{"index":"noindex","follow":"follow"},"og_locale":"de_DE","og_type":"article","og_title":"Probiotische Mischung (auch vegan) | f\u00fcr vegane Milchprodukte - Startercultures.eu","og_description":"Reine Probiotika, um die probiotische Wirkung Ihres Joghurts oder Kefirs zu verst\u00e4rken.","og_url":"https:\/\/startercultures.eu\/de\/product\/fermentation-de\/molkerei\/kase\/probiotik-mischung\/","og_site_name":"Startercultures.eu","article_publisher":"https:\/\/www.facebook.com\/startercultureseu","article_modified_time":"2025-05-24T11:33:37+00:00","og_image":[{"width":1250,"height":1250,"url":"https:\/\/startercultures.eu\/wp-content\/uploads\/2020\/08\/133mu.png","type":"image\/png"}],"twitter_card":"summary_large_image","twitter_misc":{"Price":"13,99","Availability":"Nicht auf Lager"},"schema":{"@context":"https:\/\/schema.org","@graph":[{"@type":"WebPage","@id":"https:\/\/startercultures.eu\/de\/product\/fermentation-de\/molkerei\/kase\/probiotik-mischung\/","url":"https:\/\/startercultures.eu\/de\/product\/fermentation-de\/molkerei\/kase\/probiotik-mischung\/","name":"Probiotische Mischung (auch vegan) | f\u00fcr vegane Milchprodukte - Startercultures.eu","isPartOf":{"@id":"https:\/\/startercultures.eu\/de\/#website"},"primaryImageOfPage":{"@id":"https:\/\/startercultures.eu\/de\/product\/fermentation-de\/molkerei\/kase\/probiotik-mischung\/#primaryimage"},"image":{"@id":"https:\/\/startercultures.eu\/de\/product\/fermentation-de\/molkerei\/kase\/probiotik-mischung\/#primaryimage"},"thumbnailUrl":"https:\/\/startercultures.eu\/wp-content\/uploads\/2020\/08\/133mu.png","datePublished":"2020-08-17T07:33:00+00:00","dateModified":"2025-05-24T11:33:37+00:00","description":"Reine Probiotika, um die probiotische Wirkung Ihres Joghurts oder Kefirs zu verst\u00e4rken.","breadcrumb":{"@id":"https:\/\/startercultures.eu\/de\/product\/fermentation-de\/molkerei\/kase\/probiotik-mischung\/#breadcrumb"},"inLanguage":"de-DE","potentialAction":[{"@type":"ReadAction","target":["https:\/\/startercultures.eu\/de\/product\/fermentation-de\/molkerei\/kase\/probiotik-mischung\/"]}]},{"@type":"ImageObject","inLanguage":"de-DE","@id":"https:\/\/startercultures.eu\/de\/product\/fermentation-de\/molkerei\/kase\/probiotik-mischung\/#primaryimage","url":"https:\/\/startercultures.eu\/wp-content\/uploads\/2020\/08\/133mu.png","contentUrl":"https:\/\/startercultures.eu\/wp-content\/uploads\/2020\/08\/133mu.png","width":1250,"height":1250,"caption":"Probiotische Mischung"},{"@type":"BreadcrumbList","@id":"https:\/\/startercultures.eu\/de\/product\/fermentation-de\/molkerei\/kase\/probiotik-mischung\/#breadcrumb","itemListElement":[{"@type":"ListItem","position":1,"name":"Home","item":"https:\/\/startercultures.eu\/de\/"},{"@type":"ListItem","position":2,"name":"Shop","item":"https:\/\/startercultures.eu\/shop\/"},{"@type":"ListItem","position":3,"name":"Probiotische Mischung (auch vegan) | f\u00fcr vegane Milchprodukte"}]},{"@type":"WebSite","@id":"https:\/\/startercultures.eu\/de\/#website","url":"https:\/\/startercultures.eu\/de\/","name":"Startercultures.eu","description":"Startercultures.eu","publisher":{"@id":"https:\/\/startercultures.eu\/de\/#organization"},"potentialAction":[{"@type":"SearchAction","target":{"@type":"EntryPoint","urlTemplate":"https:\/\/startercultures.eu\/de\/?s={search_term_string}"},"query-input":{"@type":"PropertyValueSpecification","valueRequired":true,"valueName":"search_term_string"}}],"inLanguage":"de-DE"},{"@type":"Organization","@id":"https:\/\/startercultures.eu\/de\/#organization","name":"Startercultures.eu","url":"https:\/\/startercultures.eu\/de\/","logo":{"@type":"ImageObject","inLanguage":"de-DE","@id":"https:\/\/startercultures.eu\/de\/#\/schema\/logo\/image\/","url":"https:\/\/startercultures.eu\/wp-content\/uploads\/2020\/08\/startercultures-eu-nl-logo-rond-rgb.png","contentUrl":"https:\/\/startercultures.eu\/wp-content\/uploads\/2020\/08\/startercultures-eu-nl-logo-rond-rgb.png","width":320,"height":320,"caption":"Startercultures.eu"},"image":{"@id":"https:\/\/startercultures.eu\/de\/#\/schema\/logo\/image\/"},"sameAs":["https:\/\/www.facebook.com\/startercultureseu","https:\/\/www.instagram.com\/startercultures.eu\/"]}]},"product_price_amount":"13.99","product_price_currency":"EUR","og_availability":"out of stock","product_availability":"out of stock","product_retailer_item_id":"133","product_condition":"new"},"_links":{"self":[{"href":"https:\/\/startercultures.eu\/de\/wp-json\/wp\/v2\/product\/25069","targetHints":{"allow":["GET"]}}],"collection":[{"href":"https:\/\/startercultures.eu\/de\/wp-json\/wp\/v2\/product"}],"about":[{"href":"https:\/\/startercultures.eu\/de\/wp-json\/wp\/v2\/types\/product"}],"replies":[{"embeddable":true,"href":"https:\/\/startercultures.eu\/de\/wp-json\/wp\/v2\/comments?post=25069"}],"version-history":[{"count":1,"href":"https:\/\/startercultures.eu\/de\/wp-json\/wp\/v2\/product\/25069\/revisions"}],"predecessor-version":[{"id":72523,"href":"https:\/\/startercultures.eu\/de\/wp-json\/wp\/v2\/product\/25069\/revisions\/72523"}],"wp:featuredmedia":[{"embeddable":true,"href":"https:\/\/startercultures.eu\/de\/wp-json\/wp\/v2\/media\/24424"}],"wp:attachment":[{"href":"https:\/\/startercultures.eu\/de\/wp-json\/wp\/v2\/media?parent=25069"}],"wp:term":[{"taxonomy":"product_brand","embeddable":true,"href":"https:\/\/startercultures.eu\/de\/wp-json\/wp\/v2\/product_brand?post=25069"},{"taxonomy":"product_cat","embeddable":true,"href":"https:\/\/startercultures.eu\/de\/wp-json\/wp\/v2\/product_cat?post=25069"},{"taxonomy":"product_tag","embeddable":true,"href":"https:\/\/startercultures.eu\/de\/wp-json\/wp\/v2\/product_tag?post=25069"}],"curies":[{"name":"wp","href":"https:\/\/api.w.org\/{rel}","templated":true}]}}