{"id":25070,"date":"2020-08-10T12:45:41","date_gmt":"2020-08-10T10:45:41","guid":{"rendered":"https:\/\/startercultures.eu\/product\/unkategorisiert\/wurstpicker-fuer-die-wurst-und-tempehherstellung\/"},"modified":"2026-02-03T22:20:35","modified_gmt":"2026-02-03T21:20:35","slug":"wursttupfer","status":"publish","type":"product","link":"https:\/\/startercultures.eu\/de\/product\/fermentation-de\/bohnen-reis-korner\/wursttupfer\/","title":{"rendered":"Wursttupfer | f\u00fcr die Wurst- und Tempehherstellung"},"content":{"rendered":"<h3>Was ist ein Wursttupfer?<\/h3>\n<p>Ein Wursttupfer hat mehrere d\u00fcnne und scharfe Nadeln.<\/p>\n<h3>Wozu braucht man einen Wursttupfer?<\/h3>\n<p>Sie verwenden es, um Luftblasen aus W\u00fcrsten oder Wurstwaren herauszustechen. Luftblasen erh\u00f6hen das Risiko des Verderbens und sehen unappetitlich aus. Au\u00dferdem k\u00f6nnen sie die Wursth\u00fclle aufrei\u00dfen. Durch die sehr d\u00fcnnen Nadeln des Stechers kann zwar Luft entweichen, nicht aber Fleisch, Feuchtigkeit oder Fett. Dieser Tupfer kann sowohl f\u00fcr Kunstd\u00e4rme als auch f\u00fcr Naturd\u00e4rme und sowohl f\u00fcr frische als auch f\u00fcr getrocknete und gekochte W\u00fcrste verwendet werden. Ideal auch zum Durchstechen von Luftblasen unter der H\u00fclle, z. B. bei einer Coppa.<\/p>\n<h3>Tempeh<\/h3>\n<p>Wenn Sie Ihr eigenes Tempeh herstellen wollen, ist dieser Tupfer auch ideal, um die H\u00fclle zu durchstechen, damit die Form genau die richtige Menge an Sauerstoff erh\u00e4lt.<\/p>\n<h3>Inhalt<\/h3>\n<ul>\n<li>W\u00e4hlen Sie zwischen zwei Typen:\n<ul>\n<li>ein einfacher. effektiver Tupfer mit zwei rasiermesserscharfen Edelstahlnadeln<\/li>\n<li>ein professioneller, robuster, dreizackiger Tupfer<\/li>\n<\/ul>\n<\/li>\n<li>Beide kommen mit Schutzh\u00fclle<\/li>\n<li>Sp\u00fclmaschinenfest<\/li>\n<\/ul>\n<h3>Online-Workshop zur Wurstherstellung in englischer Sprache<img decoding=\"async\" class=\"lazyload  wp-image-23961 alignright\" src=\"https:\/\/startercultures.eu\/wp-content\/uploads\/2020\/12\/sausage-making-workshop-450-300x300.png\" data-orig-src=\"https:\/\/startercultures.eu\/wp-content\/uploads\/2020\/12\/sausage-making-workshop-450-300x300.png\" alt=\"Lernen Sie, wie Sie zu Hause Trockenwurst herstellen\" width=\"126\" height=\"126\" srcset=\"data:image\/svg+xml,%3Csvg%20xmlns%3D%27http%3A%2F%2Fwww.w3.org%2F2000%2Fsvg%27%20width%3D%27126%27%20height%3D%27126%27%20viewBox%3D%270%200%20126%20126%27%3E%3Crect%20width%3D%27126%27%20height%3D%27126%27%20fill-opacity%3D%220%22%2F%3E%3C%2Fsvg%3E\" data-srcset=\"https:\/\/startercultures.eu\/wp-content\/uploads\/2020\/12\/sausage-making-workshop-450-66x66.png 66w, https:\/\/startercultures.eu\/wp-content\/uploads\/2020\/12\/sausage-making-workshop-450-70x70.png 70w, https:\/\/startercultures.eu\/wp-content\/uploads\/2020\/12\/sausage-making-workshop-450-100x100.png 100w, https:\/\/startercultures.eu\/wp-content\/uploads\/2020\/12\/sausage-making-workshop-450-150x150.png 150w, https:\/\/startercultures.eu\/wp-content\/uploads\/2020\/12\/sausage-making-workshop-450-200x200.png 200w, https:\/\/startercultures.eu\/wp-content\/uploads\/2020\/12\/sausage-making-workshop-450-300x300.png 300w, https:\/\/startercultures.eu\/wp-content\/uploads\/2020\/12\/sausage-making-workshop-450-400x399.png 400w, https:\/\/startercultures.eu\/wp-content\/uploads\/2020\/12\/sausage-making-workshop-450.png 450w\" data-sizes=\"auto\" data-orig-sizes=\"(max-width: 126px) 100vw, 126px\" \/><\/h3>\n<p>In diesem <a href=\"https:\/\/startercultures.eu\/product\/sausages-and-charcuterie\/online-sausage-making-workshop\/\" target=\"_blank\" rel=\"noopener\">englischsprachigen Online-Workshop<\/a> lernen Sie die Theorie und Praxis der Herstellung von frischen W\u00fcrsten. Welche Fleischsorten eignen sich am besten, wo findet man die Zutaten, was sind die gr\u00f6\u00dften Fallstricke und was kann man mit D\u00e4rmen alles anstellen? Foodwriter<a href=\"https:\/\/wateetons.com\/\" target=\"_blank\" rel=\"noopener\">&#8216;Meneer Wateetons&#8217;<\/a>, Autor mehrerer B\u00fccher \u00fcber Fermentierung und alternative Lebensmittelzubereitungstechniken, wird Ihnen alles \u00fcber Fermentierung, P\u00f6kelsalze, Lebensmittelsicherheit, pH-Wert, Starterkulturen, Schimmelpilze und Trocknungsbedingungen beibringen. Klicken Sie <a href=\"https:\/\/startercultures.eu\/product\/sausages-and-charcuterie\/online-sausage-making-workshop\/\" target=\"_blank\" rel=\"noopener\">hier<\/a> f\u00fcr weitere Informationen.<\/p>\n","protected":false},"excerpt":{"rendered":"<p>Ein Wursttupfer hat mehrere d\u00fcnne und scharfe Nadeln, die zum Entfernen von Luftblasen in W\u00fcrsten und Wurstwaren verwendet werden.<\/p>\n","protected":false},"featured_media":24217,"comment_status":"open","ping_status":"closed","template":"","meta":{"_acf_changed":false,"footnotes":""},"product_brand":[],"product_cat":[706,704,734,676,695,673,663],"product_tag":[],"class_list":{"0":"post-25070","1":"product","2":"type-product","3":"status-publish","4":"has-post-thumbnail","6":"product_cat-asiatisch","7":"product_cat-bohnen-reis-korner","8":"product_cat-charcuterie-de","9":"product_cat-fleischwoelfe-und-zubehor-de","10":"product_cat-fuller-de","11":"product_cat-werkzeuge-de-7","12":"product_cat-werkzeuge-de-6","13":"pa_ean-8720297620669-de","14":"pa_ean-8720297620676-de","15":"pa_size-l-de-2","16":"pa_size-s-de","18":"first","19":"instock","20":"taxable","21":"shipping-taxable","22":"purchasable","23":"product-type-variable","24":"has-default-attributes"},"acf":[],"yoast_head":"<!-- This site is optimized with the Yoast SEO plugin v26.6 - https:\/\/yoast.com\/wordpress\/plugins\/seo\/ -->\n<title>Wursttupfer | f\u00fcr die Wurst- und Tempehherstellung - Startercultures.eu<\/title>\n<meta name=\"description\" content=\"Ein Wursttupfer hat mehrere d\u00fcnne und scharfe Nadeln, die zum Entfernen von Luftblasen in W\u00fcrsten und Wurstwaren verwendet werden.\" \/>\n<meta name=\"robots\" content=\"index, follow, max-snippet:-1, max-image-preview:large, max-video-preview:-1\" \/>\n<link rel=\"canonical\" href=\"https:\/\/startercultures.eu\/de\/product\/fermentation-de\/bohnen-reis-korner\/wursttupfer\/\" \/>\n<meta property=\"og:locale\" content=\"de_DE\" \/>\n<meta property=\"og:type\" content=\"article\" \/>\n<meta property=\"og:title\" content=\"Wursttupfer | f\u00fcr die Wurst- und Tempehherstellung - Startercultures.eu\" \/>\n<meta property=\"og:description\" content=\"Ein Wursttupfer hat mehrere d\u00fcnne und scharfe Nadeln, die zum Entfernen von Luftblasen in W\u00fcrsten und Wurstwaren verwendet werden.\" \/>\n<meta property=\"og:url\" content=\"https:\/\/startercultures.eu\/de\/product\/fermentation-de\/bohnen-reis-korner\/wursttupfer\/\" \/>\n<meta property=\"og:site_name\" content=\"Startercultures.eu\" \/>\n<meta property=\"article:publisher\" content=\"https:\/\/www.facebook.com\/startercultureseu\" \/>\n<meta property=\"article:modified_time\" content=\"2026-02-03T21:20:35+00:00\" \/>\n<meta property=\"og:image\" content=\"https:\/\/startercultures.eu\/wp-content\/uploads\/2020\/08\/luxe-prikker.png\" \/>\n\t<meta property=\"og:image:width\" content=\"450\" \/>\n\t<meta property=\"og:image:height\" content=\"450\" \/>\n\t<meta property=\"og:image:type\" content=\"image\/png\" \/>\n<meta name=\"twitter:card\" content=\"summary_large_image\" \/>\n<meta name=\"twitter:label1\" content=\"Availability\" \/>\n\t<meta name=\"twitter:data1\" content=\"Vorr\u00e4tig\" \/>\n<script type=\"application\/ld+json\" class=\"yoast-schema-graph\">{\"@context\":\"https:\/\/schema.org\",\"@graph\":[{\"@type\":\"WebPage\",\"@id\":\"https:\/\/startercultures.eu\/de\/product\/fermentation-de\/bohnen-reis-korner\/wursttupfer\/\",\"url\":\"https:\/\/startercultures.eu\/de\/product\/fermentation-de\/bohnen-reis-korner\/wursttupfer\/\",\"name\":\"Wursttupfer | f\u00fcr die Wurst- und Tempehherstellung - Startercultures.eu\",\"isPartOf\":{\"@id\":\"https:\/\/startercultures.eu\/de\/#website\"},\"primaryImageOfPage\":{\"@id\":\"https:\/\/startercultures.eu\/de\/product\/fermentation-de\/bohnen-reis-korner\/wursttupfer\/#primaryimage\"},\"image\":{\"@id\":\"https:\/\/startercultures.eu\/de\/product\/fermentation-de\/bohnen-reis-korner\/wursttupfer\/#primaryimage\"},\"thumbnailUrl\":\"https:\/\/startercultures.eu\/wp-content\/uploads\/2020\/08\/luxe-prikker.png\",\"datePublished\":\"2020-08-10T10:45:41+00:00\",\"dateModified\":\"2026-02-03T21:20:35+00:00\",\"description\":\"Ein Wursttupfer hat mehrere d\u00fcnne und scharfe Nadeln, die zum Entfernen von Luftblasen in W\u00fcrsten und Wurstwaren verwendet werden.\",\"breadcrumb\":{\"@id\":\"https:\/\/startercultures.eu\/de\/product\/fermentation-de\/bohnen-reis-korner\/wursttupfer\/#breadcrumb\"},\"inLanguage\":\"de-DE\",\"potentialAction\":[{\"@type\":\"ReadAction\",\"target\":[\"https:\/\/startercultures.eu\/de\/product\/fermentation-de\/bohnen-reis-korner\/wursttupfer\/\"]}]},{\"@type\":\"ImageObject\",\"inLanguage\":\"de-DE\",\"@id\":\"https:\/\/startercultures.eu\/de\/product\/fermentation-de\/bohnen-reis-korner\/wursttupfer\/#primaryimage\",\"url\":\"https:\/\/startercultures.eu\/wp-content\/uploads\/2020\/08\/luxe-prikker.png\",\"contentUrl\":\"https:\/\/startercultures.eu\/wp-content\/uploads\/2020\/08\/luxe-prikker.png\",\"width\":450,\"height\":450,\"caption\":\"Wursttupfer\"},{\"@type\":\"BreadcrumbList\",\"@id\":\"https:\/\/startercultures.eu\/de\/product\/fermentation-de\/bohnen-reis-korner\/wursttupfer\/#breadcrumb\",\"itemListElement\":[{\"@type\":\"ListItem\",\"position\":1,\"name\":\"Home\",\"item\":\"https:\/\/startercultures.eu\/de\/\"},{\"@type\":\"ListItem\",\"position\":2,\"name\":\"Shop\",\"item\":\"https:\/\/startercultures.eu\/shop\/\"},{\"@type\":\"ListItem\",\"position\":3,\"name\":\"Wursttupfer | f\u00fcr die Wurst- und Tempehherstellung\"}]},{\"@type\":\"WebSite\",\"@id\":\"https:\/\/startercultures.eu\/de\/#website\",\"url\":\"https:\/\/startercultures.eu\/de\/\",\"name\":\"Startercultures.eu\",\"description\":\"Startercultures.eu\",\"publisher\":{\"@id\":\"https:\/\/startercultures.eu\/de\/#organization\"},\"potentialAction\":[{\"@type\":\"SearchAction\",\"target\":{\"@type\":\"EntryPoint\",\"urlTemplate\":\"https:\/\/startercultures.eu\/de\/?s={search_term_string}\"},\"query-input\":{\"@type\":\"PropertyValueSpecification\",\"valueRequired\":true,\"valueName\":\"search_term_string\"}}],\"inLanguage\":\"de-DE\"},{\"@type\":\"Organization\",\"@id\":\"https:\/\/startercultures.eu\/de\/#organization\",\"name\":\"Startercultures.eu\",\"url\":\"https:\/\/startercultures.eu\/de\/\",\"logo\":{\"@type\":\"ImageObject\",\"inLanguage\":\"de-DE\",\"@id\":\"https:\/\/startercultures.eu\/de\/#\/schema\/logo\/image\/\",\"url\":\"https:\/\/startercultures.eu\/wp-content\/uploads\/2020\/08\/startercultures-eu-nl-logo-rond-rgb.png\",\"contentUrl\":\"https:\/\/startercultures.eu\/wp-content\/uploads\/2020\/08\/startercultures-eu-nl-logo-rond-rgb.png\",\"width\":320,\"height\":320,\"caption\":\"Startercultures.eu\"},\"image\":{\"@id\":\"https:\/\/startercultures.eu\/de\/#\/schema\/logo\/image\/\"},\"sameAs\":[\"https:\/\/www.facebook.com\/startercultureseu\",\"https:\/\/www.instagram.com\/startercultures.eu\/\"]}]}<\/script>\n<meta property=\"og:availability\" content=\"instock\" \/>\n<meta property=\"product:availability\" content=\"instock\" \/>\n<meta property=\"product:retailer_item_id\" content=\"141\" \/>\n<meta property=\"product:condition\" content=\"new\" \/>\n<!-- \/ Yoast SEO plugin. -->","yoast_head_json":{"title":"Wursttupfer | f\u00fcr die Wurst- und Tempehherstellung - Startercultures.eu","description":"Ein Wursttupfer hat mehrere d\u00fcnne und scharfe Nadeln, die zum Entfernen von Luftblasen in W\u00fcrsten und Wurstwaren verwendet werden.","robots":{"index":"index","follow":"follow","max-snippet":"max-snippet:-1","max-image-preview":"max-image-preview:large","max-video-preview":"max-video-preview:-1"},"canonical":"https:\/\/startercultures.eu\/de\/product\/fermentation-de\/bohnen-reis-korner\/wursttupfer\/","og_locale":"de_DE","og_type":"article","og_title":"Wursttupfer | f\u00fcr die Wurst- und Tempehherstellung - Startercultures.eu","og_description":"Ein Wursttupfer hat mehrere d\u00fcnne und scharfe Nadeln, die zum Entfernen von Luftblasen in W\u00fcrsten und Wurstwaren verwendet werden.","og_url":"https:\/\/startercultures.eu\/de\/product\/fermentation-de\/bohnen-reis-korner\/wursttupfer\/","og_site_name":"Startercultures.eu","article_publisher":"https:\/\/www.facebook.com\/startercultureseu","article_modified_time":"2026-02-03T21:20:35+00:00","og_image":[{"width":450,"height":450,"url":"https:\/\/startercultures.eu\/wp-content\/uploads\/2020\/08\/luxe-prikker.png","type":"image\/png"}],"twitter_card":"summary_large_image","twitter_misc":{"Availability":"Vorr\u00e4tig"},"schema":{"@context":"https:\/\/schema.org","@graph":[{"@type":"WebPage","@id":"https:\/\/startercultures.eu\/de\/product\/fermentation-de\/bohnen-reis-korner\/wursttupfer\/","url":"https:\/\/startercultures.eu\/de\/product\/fermentation-de\/bohnen-reis-korner\/wursttupfer\/","name":"Wursttupfer | f\u00fcr die Wurst- und Tempehherstellung - Startercultures.eu","isPartOf":{"@id":"https:\/\/startercultures.eu\/de\/#website"},"primaryImageOfPage":{"@id":"https:\/\/startercultures.eu\/de\/product\/fermentation-de\/bohnen-reis-korner\/wursttupfer\/#primaryimage"},"image":{"@id":"https:\/\/startercultures.eu\/de\/product\/fermentation-de\/bohnen-reis-korner\/wursttupfer\/#primaryimage"},"thumbnailUrl":"https:\/\/startercultures.eu\/wp-content\/uploads\/2020\/08\/luxe-prikker.png","datePublished":"2020-08-10T10:45:41+00:00","dateModified":"2026-02-03T21:20:35+00:00","description":"Ein Wursttupfer hat mehrere d\u00fcnne und scharfe Nadeln, die zum Entfernen von Luftblasen in W\u00fcrsten und Wurstwaren verwendet werden.","breadcrumb":{"@id":"https:\/\/startercultures.eu\/de\/product\/fermentation-de\/bohnen-reis-korner\/wursttupfer\/#breadcrumb"},"inLanguage":"de-DE","potentialAction":[{"@type":"ReadAction","target":["https:\/\/startercultures.eu\/de\/product\/fermentation-de\/bohnen-reis-korner\/wursttupfer\/"]}]},{"@type":"ImageObject","inLanguage":"de-DE","@id":"https:\/\/startercultures.eu\/de\/product\/fermentation-de\/bohnen-reis-korner\/wursttupfer\/#primaryimage","url":"https:\/\/startercultures.eu\/wp-content\/uploads\/2020\/08\/luxe-prikker.png","contentUrl":"https:\/\/startercultures.eu\/wp-content\/uploads\/2020\/08\/luxe-prikker.png","width":450,"height":450,"caption":"Wursttupfer"},{"@type":"BreadcrumbList","@id":"https:\/\/startercultures.eu\/de\/product\/fermentation-de\/bohnen-reis-korner\/wursttupfer\/#breadcrumb","itemListElement":[{"@type":"ListItem","position":1,"name":"Home","item":"https:\/\/startercultures.eu\/de\/"},{"@type":"ListItem","position":2,"name":"Shop","item":"https:\/\/startercultures.eu\/shop\/"},{"@type":"ListItem","position":3,"name":"Wursttupfer | f\u00fcr die Wurst- und Tempehherstellung"}]},{"@type":"WebSite","@id":"https:\/\/startercultures.eu\/de\/#website","url":"https:\/\/startercultures.eu\/de\/","name":"Startercultures.eu","description":"Startercultures.eu","publisher":{"@id":"https:\/\/startercultures.eu\/de\/#organization"},"potentialAction":[{"@type":"SearchAction","target":{"@type":"EntryPoint","urlTemplate":"https:\/\/startercultures.eu\/de\/?s={search_term_string}"},"query-input":{"@type":"PropertyValueSpecification","valueRequired":true,"valueName":"search_term_string"}}],"inLanguage":"de-DE"},{"@type":"Organization","@id":"https:\/\/startercultures.eu\/de\/#organization","name":"Startercultures.eu","url":"https:\/\/startercultures.eu\/de\/","logo":{"@type":"ImageObject","inLanguage":"de-DE","@id":"https:\/\/startercultures.eu\/de\/#\/schema\/logo\/image\/","url":"https:\/\/startercultures.eu\/wp-content\/uploads\/2020\/08\/startercultures-eu-nl-logo-rond-rgb.png","contentUrl":"https:\/\/startercultures.eu\/wp-content\/uploads\/2020\/08\/startercultures-eu-nl-logo-rond-rgb.png","width":320,"height":320,"caption":"Startercultures.eu"},"image":{"@id":"https:\/\/startercultures.eu\/de\/#\/schema\/logo\/image\/"},"sameAs":["https:\/\/www.facebook.com\/startercultureseu","https:\/\/www.instagram.com\/startercultures.eu\/"]}]},"og_availability":"instock","product_availability":"instock","product_retailer_item_id":"141","product_condition":"new"},"_links":{"self":[{"href":"https:\/\/startercultures.eu\/de\/wp-json\/wp\/v2\/product\/25070","targetHints":{"allow":["GET"]}}],"collection":[{"href":"https:\/\/startercultures.eu\/de\/wp-json\/wp\/v2\/product"}],"about":[{"href":"https:\/\/startercultures.eu\/de\/wp-json\/wp\/v2\/types\/product"}],"replies":[{"embeddable":true,"href":"https:\/\/startercultures.eu\/de\/wp-json\/wp\/v2\/comments?post=25070"}],"version-history":[{"count":1,"href":"https:\/\/startercultures.eu\/de\/wp-json\/wp\/v2\/product\/25070\/revisions"}],"predecessor-version":[{"id":66812,"href":"https:\/\/startercultures.eu\/de\/wp-json\/wp\/v2\/product\/25070\/revisions\/66812"}],"wp:featuredmedia":[{"embeddable":true,"href":"https:\/\/startercultures.eu\/de\/wp-json\/wp\/v2\/media\/24217"}],"wp:attachment":[{"href":"https:\/\/startercultures.eu\/de\/wp-json\/wp\/v2\/media?parent=25070"}],"wp:term":[{"taxonomy":"product_brand","embeddable":true,"href":"https:\/\/startercultures.eu\/de\/wp-json\/wp\/v2\/product_brand?post=25070"},{"taxonomy":"product_cat","embeddable":true,"href":"https:\/\/startercultures.eu\/de\/wp-json\/wp\/v2\/product_cat?post=25070"},{"taxonomy":"product_tag","embeddable":true,"href":"https:\/\/startercultures.eu\/de\/wp-json\/wp\/v2\/product_tag?post=25070"}],"curies":[{"name":"wp","href":"https:\/\/api.w.org\/{rel}","templated":true}]}}