{"id":25082,"date":"2020-07-31T16:35:46","date_gmt":"2020-07-31T14:35:46","guid":{"rendered":"https:\/\/startercultures.eu\/product\/unkategorisiert\/veganer-weisser-kaeseschimmel-geotrichum-candidum\/"},"modified":"2026-03-15T12:12:10","modified_gmt":"2026-03-15T11:12:10","slug":"grau-mold-geotrichum-candidum-also-vegan","status":"publish","type":"product","link":"https:\/\/startercultures.eu\/de\/product\/fermentation-de\/molkerei\/veganer-kase\/grau-mold-geotrichum-candidum-also-vegan\/","title":{"rendered":"Veganer wei\u00dfer K\u00e4seschimmel | Geotrichum candidum"},"content":{"rendered":"<h3>Veganer Wei\u00dfk\u00e4se-Schimmel &#8211; Veganer Geotrichum candidum<\/h3>\n<p>Veganer wei\u00dfer K\u00e4seschimmel &#8211; Geotrichum candidum ist ein wei\u00dfer oder grauer Schimmelpilz, der h\u00e4ufig als ein unterst\u00fctzender, aber wichtiger Schimmelpilz sowohl in Wei\u00dfschimmelk\u00e4se als auch in schmiergereiftem K\u00e4se verwendet wird. Diese Form kann sowohl f\u00fcr K\u00e4se aus Milch als auch f\u00fcr veganen K\u00e4se, z. B. aus Mandeln oder Cashews, verwendet werden, da er auf einem milchfreien Medium hergestellt wird.<\/p>\n<h3>Inhalt Veganer Geotrichum Candidum<\/h3>\n<ul>\n<li>3 Gramm, ausreichend f\u00fcr etwa 3 kg K\u00e4se<\/li>\n<li>Die Starterkultur ist v\u00f6llig nat\u00fcrlich, ohne Konservierungsstoffe, Zusatzstoffe, k\u00fcnstliche Farb- oder Geschmacksstoffe. Sie enth\u00e4lt keine GVO-Zutaten und ist sowohl glutenfrei als auch vegan.<\/li>\n<li>Produziert in Spanien<\/li>\n<li>Allergene: keine<\/li>\n<li>Organisch<\/li>\n<li>Inhalt: Schimmel<\/li>\n<\/ul>\n<h3>Warum eine vegane K\u00e4sekultur<\/h3>\n<p>F\u00fcr eine gute G\u00e4rung (S\u00e4uerung und Geschmacksbildung) ben\u00f6tigen Sie eine Starterkultur. Die meisten verf\u00fcgbaren Starterkulturen sind jedoch nicht vegan. Die <a href=\"https:\/\/startercultures.eu\/product-category\/dairy\/cheese\/vegan-cheese\/\" target=\"_blank\" rel=\"noopener\">veganen Starterkulturen von Startercultures.eu<\/a> sind es. Auch die Verwendung von veganem Joghurt oder Essig als Starterkultur hat Nachteile, da diese Bakterien nicht speziell f\u00fcr K\u00e4se bestimmt sind. Die <a href=\"https:\/\/startercultures.eu\/product-category\/dairy\/cheese\/vegan-cheese\/\" target=\"_blank\" rel=\"noopener\">veganen K\u00e4se-Starterkulturen von startercultures.eu<\/a> sind es.<\/p>\n<h3>Auch f\u00fcr normalen K\u00e4se<\/h3>\n<p>Die Tatsache, dass unsere Starterkulturen vegan sind, bedeutet nicht, dass sie nur f\u00fcr veganen K\u00e4se verwendet werden k\u00f6nnen. Sie eignen sich auch hervorragend f\u00fcr normale K\u00e4sesorten.<\/p>\n<h3>Mikroorganismen<\/h3>\n<p><em>Geotrichum candidum<\/em> &#8211; hergestellt auf einem milchfreien Medium (daher geeignet f\u00fcr vegane K\u00e4sesorten).<\/p>\n<h3>Anweisungen zur Lagerung<\/h3>\n<p>Im K\u00fchl- oder Gefrierschrank. Die Haltbarkeit betr\u00e4gt etwa 2 Jahre im Gefrierschrank. Vorzugsweise in einem Zug verwenden.<\/p>\n<h3>Verwendung<\/h3>\n<p>Empfohlene Dosierung: 1 g pro kg<\/p>\n<h3 class=\"ng-star-inserted\"><span class=\"ng-star-inserted\">Wie man veganen K\u00e4se selber macht<\/span><\/h3>\n<p class=\"ng-star-inserted\"><span class=\"ng-star-inserted\">Erinnern Sie sich an diese traurigen, gummiartigen Bl\u00f6cke, die vor einem Jahrzehnt als veganer K\u00e4se durchgingen? Gott sei Dank liegen diese Zeiten hinter uns. Dank engagierter Pioniere und Fermentations-Enthusiasten k\u00f6nnen wir heute zu Hause vegane K\u00e4sesorten kreieren, die es sowohl geschmacklich als auch von der Textur her tats\u00e4chlich mit ihren milchbasierten Pendants aufnehmen k\u00f6nnen<a href=\"https:\/\/startercultures.eu\/how-to-make-actually-fermented-vegan-cheese-at-home\/\" target=\"_blank\" rel=\"noopener\">. In diesem\u00a0<\/a><\/span><span class=\"ng-star-inserted\">englischsprachigen<\/span><span class=\"ng-star-inserted\">\u00a0Blog zeigen wir Ihnen, wie das geht.<\/span><\/p>\n<h3>Online-Workshop &#8220;Veganen K\u00e4se zu Hause herstellen&#8221; (mit Untertiteln)<\/h3>\n<p>In <a href=\"https:\/\/startercultures.eu\/product\/vegan-main\/vegan-dairy\/online-english-subtitled-vegan-cheese-workshop\/\" target=\"_blank\" rel=\"noopener\">diesem Workshop mit englischen Untertiteln<\/a> lernen Sie die Theorie und Praxis der Herstellung von veganem K\u00e4se<img decoding=\"async\" class=\"lazyload  wp-image-24266 alignright\" src=\"https:\/\/startercultures.eu\/wp-content\/uploads\/2021\/06\/Vegan-cheese-starter-kit-300x222.png\" data-orig-src=\"https:\/\/startercultures.eu\/wp-content\/uploads\/2021\/06\/Vegan-cheese-starter-kit-300x222.png\" alt=\"Veganes Blauschimmelk\u00e4se Starterkultur Kit\" width=\"219\" height=\"162\" srcset=\"data:image\/svg+xml,%3Csvg%20xmlns%3D%27http%3A%2F%2Fwww.w3.org%2F2000%2Fsvg%27%20width%3D%27219%27%20height%3D%27162%27%20viewBox%3D%270%200%20219%20162%27%3E%3Crect%20width%3D%27219%27%20height%3D%27162%27%20fill-opacity%3D%220%22%2F%3E%3C%2Fsvg%3E\" data-srcset=\"https:\/\/startercultures.eu\/wp-content\/uploads\/2021\/06\/Vegan-cheese-starter-kit-200x148.png 200w, https:\/\/startercultures.eu\/wp-content\/uploads\/2021\/06\/Vegan-cheese-starter-kit-300x222.png 300w, https:\/\/startercultures.eu\/wp-content\/uploads\/2021\/06\/Vegan-cheese-starter-kit-400x296.png 400w, https:\/\/startercultures.eu\/wp-content\/uploads\/2021\/06\/Vegan-cheese-starter-kit-500x370.png 500w, https:\/\/startercultures.eu\/wp-content\/uploads\/2021\/06\/Vegan-cheese-starter-kit-600x445.png 600w, https:\/\/startercultures.eu\/wp-content\/uploads\/2021\/06\/Vegan-cheese-starter-kit-700x519.png 700w, https:\/\/startercultures.eu\/wp-content\/uploads\/2021\/06\/Vegan-cheese-starter-kit-768x569.png 768w, https:\/\/startercultures.eu\/wp-content\/uploads\/2021\/06\/Vegan-cheese-starter-kit-800x593.png 800w, https:\/\/startercultures.eu\/wp-content\/uploads\/2021\/06\/Vegan-cheese-starter-kit-1024x759.png 1024w, https:\/\/startercultures.eu\/wp-content\/uploads\/2021\/06\/Vegan-cheese-starter-kit.png 1200w\" data-sizes=\"auto\" data-orig-sizes=\"(max-width: 219px) 100vw, 219px\" \/>s zu Hause, mit dem Schwerpunkt auf veganem Camembert und veganem Blauschimmelk\u00e4se. Foodwriter<a href=\"https:\/\/wateetons.com\/\" target=\"_blank\" rel=\"noopener\">&#8216;Meneer Wateetons&#8217;<\/a>, Autor mehrerer B\u00fccher \u00fcber Fermentierung und alternative Lebensmittelzubereitungstechniken, wird Ihnen alles \u00fcber Fermentierung, P\u00f6kelsalze, Lebensmittelsicherheit, pH-Wert, Starterkulturen, Schimmelpilze und Trocknungsbedingungen beibringen. Klicken Sie <a href=\"https:\/\/startercultures.eu\/product\/vegan-main\/vegan-dairy\/online-english-subtitled-vegan-cheese-workshop\/\" target=\"_blank\" rel=\"noopener\">hier<\/a> f\u00fcr weitere Informationen.<\/p>\n","protected":false},"excerpt":{"rendered":"<p>Wei\u00dfer oder grauer Schimmelpilz, der h\u00e4ufig als unterst\u00fctzende, aber wichtige Schimmelpilzart sowohl bei Wei\u00dfschimmelk\u00e4se als auch bei schmiergereiftem K\u00e4se verwendet wird. Diese Form kann sowohl f\u00fcr Milchk\u00e4se als auch f\u00fcr vegane K\u00e4sesorten verwendet werden.<\/p>\n","protected":false},"featured_media":24401,"comment_status":"open","ping_status":"closed","template":"","meta":{"_acf_changed":false,"footnotes":""},"product_brand":[],"product_cat":[711,680,678],"product_tag":[],"class_list":{"0":"post-25082","1":"product","2":"type-product","3":"status-publish","4":"has-post-thumbnail","6":"product_cat-starterkulturen-und-schimmelpilze","7":"product_cat-vegane-milchprodukte","8":"product_cat-veganer-kase","9":"pa_ean-8720297620188-de","11":"first","12":"instock","13":"taxable","14":"shipping-taxable","15":"purchasable","16":"product-type-simple"},"acf":[],"yoast_head":"<!-- This site is optimized with the Yoast SEO plugin v26.6 - https:\/\/yoast.com\/wordpress\/plugins\/seo\/ -->\n<title>Veganes Geotrichum candidum | Startercultures.eu<\/title>\n<meta name=\"description\" content=\"Veganer Schimmelpilz Geotrichum candidum - wei\u00dfer veganer Schimmelpilz, der h\u00e4ufig als St\u00fctzschimmel in Wei\u00dfschimmelk\u00e4se und in schmiergereiftem K\u00e4se verwendet wird.\" \/>\n<meta name=\"robots\" content=\"index, follow, max-snippet:-1, max-image-preview:large, max-video-preview:-1\" \/>\n<link rel=\"canonical\" href=\"https:\/\/startercultures.eu\/de\/product\/fermentation-de\/molkerei\/veganer-kase\/grau-mold-geotrichum-candidum-also-vegan\/\" \/>\n<meta property=\"og:locale\" content=\"de_DE\" \/>\n<meta property=\"og:type\" content=\"article\" \/>\n<meta property=\"og:title\" content=\"Veganes Geotrichum candidum | Startercultures.eu\" \/>\n<meta property=\"og:description\" content=\"Veganer Schimmelpilz Geotrichum candidum - wei\u00dfer veganer Schimmelpilz, der h\u00e4ufig als St\u00fctzschimmel in Wei\u00dfschimmelk\u00e4se und in schmiergereiftem K\u00e4se verwendet wird.\" \/>\n<meta property=\"og:url\" content=\"https:\/\/startercultures.eu\/de\/product\/fermentation-de\/molkerei\/veganer-kase\/grau-mold-geotrichum-candidum-also-vegan\/\" \/>\n<meta property=\"og:site_name\" content=\"Startercultures.eu\" \/>\n<meta property=\"article:publisher\" content=\"https:\/\/www.facebook.com\/startercultureseu\" \/>\n<meta property=\"article:modified_time\" content=\"2026-03-15T11:12:10+00:00\" \/>\n<meta property=\"og:image\" content=\"https:\/\/startercultures.eu\/wp-content\/uploads\/2020\/07\/059mu-2.png\" \/>\n\t<meta property=\"og:image:width\" content=\"1250\" \/>\n\t<meta property=\"og:image:height\" content=\"1250\" \/>\n\t<meta property=\"og:image:type\" content=\"image\/png\" \/>\n<meta name=\"twitter:card\" content=\"summary_large_image\" \/>\n<meta name=\"twitter:label1\" content=\"Price\" \/>\n\t<meta name=\"twitter:data1\" content=\"13,99\" \/>\n\t<meta name=\"twitter:label2\" content=\"Availability\" \/>\n\t<meta name=\"twitter:data2\" content=\"Vorr\u00e4tig\" \/>\n<script type=\"application\/ld+json\" class=\"yoast-schema-graph\">{\"@context\":\"https:\/\/schema.org\",\"@graph\":[{\"@type\":\"WebPage\",\"@id\":\"https:\/\/startercultures.eu\/de\/product\/fermentation-de\/molkerei\/veganer-kase\/grau-mold-geotrichum-candidum-also-vegan\/\",\"url\":\"https:\/\/startercultures.eu\/de\/product\/fermentation-de\/molkerei\/veganer-kase\/grau-mold-geotrichum-candidum-also-vegan\/\",\"name\":\"Veganes Geotrichum candidum | Startercultures.eu\",\"isPartOf\":{\"@id\":\"https:\/\/startercultures.eu\/de\/#website\"},\"primaryImageOfPage\":{\"@id\":\"https:\/\/startercultures.eu\/de\/product\/fermentation-de\/molkerei\/veganer-kase\/grau-mold-geotrichum-candidum-also-vegan\/#primaryimage\"},\"image\":{\"@id\":\"https:\/\/startercultures.eu\/de\/product\/fermentation-de\/molkerei\/veganer-kase\/grau-mold-geotrichum-candidum-also-vegan\/#primaryimage\"},\"thumbnailUrl\":\"https:\/\/startercultures.eu\/wp-content\/uploads\/2020\/07\/059mu-2.png\",\"datePublished\":\"2020-07-31T14:35:46+00:00\",\"dateModified\":\"2026-03-15T11:12:10+00:00\",\"description\":\"Veganer Schimmelpilz Geotrichum candidum - wei\u00dfer veganer Schimmelpilz, der h\u00e4ufig als St\u00fctzschimmel in Wei\u00dfschimmelk\u00e4se und in schmiergereiftem K\u00e4se verwendet wird.\",\"breadcrumb\":{\"@id\":\"https:\/\/startercultures.eu\/de\/product\/fermentation-de\/molkerei\/veganer-kase\/grau-mold-geotrichum-candidum-also-vegan\/#breadcrumb\"},\"inLanguage\":\"de-DE\",\"potentialAction\":[{\"@type\":\"ReadAction\",\"target\":[\"https:\/\/startercultures.eu\/de\/product\/fermentation-de\/molkerei\/veganer-kase\/grau-mold-geotrichum-candidum-also-vegan\/\"]}]},{\"@type\":\"ImageObject\",\"inLanguage\":\"de-DE\",\"@id\":\"https:\/\/startercultures.eu\/de\/product\/fermentation-de\/molkerei\/veganer-kase\/grau-mold-geotrichum-candidum-also-vegan\/#primaryimage\",\"url\":\"https:\/\/startercultures.eu\/wp-content\/uploads\/2020\/07\/059mu-2.png\",\"contentUrl\":\"https:\/\/startercultures.eu\/wp-content\/uploads\/2020\/07\/059mu-2.png\",\"width\":1250,\"height\":1250,\"caption\":\"Veganes Geotrichum candidum\"},{\"@type\":\"BreadcrumbList\",\"@id\":\"https:\/\/startercultures.eu\/de\/product\/fermentation-de\/molkerei\/veganer-kase\/grau-mold-geotrichum-candidum-also-vegan\/#breadcrumb\",\"itemListElement\":[{\"@type\":\"ListItem\",\"position\":1,\"name\":\"Home\",\"item\":\"https:\/\/startercultures.eu\/de\/\"},{\"@type\":\"ListItem\",\"position\":2,\"name\":\"Shop\",\"item\":\"https:\/\/startercultures.eu\/shop\/\"},{\"@type\":\"ListItem\",\"position\":3,\"name\":\"Veganer wei\u00dfer K\u00e4seschimmel | Geotrichum candidum\"}]},{\"@type\":\"WebSite\",\"@id\":\"https:\/\/startercultures.eu\/de\/#website\",\"url\":\"https:\/\/startercultures.eu\/de\/\",\"name\":\"Startercultures.eu\",\"description\":\"Startercultures.eu\",\"publisher\":{\"@id\":\"https:\/\/startercultures.eu\/de\/#organization\"},\"potentialAction\":[{\"@type\":\"SearchAction\",\"target\":{\"@type\":\"EntryPoint\",\"urlTemplate\":\"https:\/\/startercultures.eu\/de\/?s={search_term_string}\"},\"query-input\":{\"@type\":\"PropertyValueSpecification\",\"valueRequired\":true,\"valueName\":\"search_term_string\"}}],\"inLanguage\":\"de-DE\"},{\"@type\":\"Organization\",\"@id\":\"https:\/\/startercultures.eu\/de\/#organization\",\"name\":\"Startercultures.eu\",\"url\":\"https:\/\/startercultures.eu\/de\/\",\"logo\":{\"@type\":\"ImageObject\",\"inLanguage\":\"de-DE\",\"@id\":\"https:\/\/startercultures.eu\/de\/#\/schema\/logo\/image\/\",\"url\":\"https:\/\/startercultures.eu\/wp-content\/uploads\/2020\/08\/startercultures-eu-nl-logo-rond-rgb.png\",\"contentUrl\":\"https:\/\/startercultures.eu\/wp-content\/uploads\/2020\/08\/startercultures-eu-nl-logo-rond-rgb.png\",\"width\":320,\"height\":320,\"caption\":\"Startercultures.eu\"},\"image\":{\"@id\":\"https:\/\/startercultures.eu\/de\/#\/schema\/logo\/image\/\"},\"sameAs\":[\"https:\/\/www.facebook.com\/startercultureseu\",\"https:\/\/www.instagram.com\/startercultures.eu\/\"],\"hasMerchantReturnPolicy\":{\"@type\":\"MerchantReturnPolicy\",\"merchantReturnLink\":\"https:\/\/startercultures.eu\/return-policy\/\"}}]}<\/script>\n<meta property=\"product:price:amount\" content=\"13.99\" \/>\n<meta property=\"product:price:currency\" content=\"EUR\" \/>\n<meta property=\"og:availability\" content=\"instock\" \/>\n<meta property=\"product:availability\" content=\"instock\" \/>\n<meta property=\"product:retailer_item_id\" content=\"59\" \/>\n<meta property=\"product:condition\" content=\"new\" \/>\n<!-- \/ Yoast SEO plugin. -->","yoast_head_json":{"title":"Veganes Geotrichum candidum | Startercultures.eu","description":"Veganer Schimmelpilz Geotrichum candidum - wei\u00dfer veganer Schimmelpilz, der h\u00e4ufig als St\u00fctzschimmel in Wei\u00dfschimmelk\u00e4se und in schmiergereiftem K\u00e4se verwendet wird.","robots":{"index":"index","follow":"follow","max-snippet":"max-snippet:-1","max-image-preview":"max-image-preview:large","max-video-preview":"max-video-preview:-1"},"canonical":"https:\/\/startercultures.eu\/de\/product\/fermentation-de\/molkerei\/veganer-kase\/grau-mold-geotrichum-candidum-also-vegan\/","og_locale":"de_DE","og_type":"article","og_title":"Veganes Geotrichum candidum | Startercultures.eu","og_description":"Veganer Schimmelpilz Geotrichum candidum - wei\u00dfer veganer Schimmelpilz, der h\u00e4ufig als St\u00fctzschimmel in Wei\u00dfschimmelk\u00e4se und in schmiergereiftem K\u00e4se verwendet wird.","og_url":"https:\/\/startercultures.eu\/de\/product\/fermentation-de\/molkerei\/veganer-kase\/grau-mold-geotrichum-candidum-also-vegan\/","og_site_name":"Startercultures.eu","article_publisher":"https:\/\/www.facebook.com\/startercultureseu","article_modified_time":"2026-03-15T11:12:10+00:00","og_image":[{"width":1250,"height":1250,"url":"https:\/\/startercultures.eu\/wp-content\/uploads\/2020\/07\/059mu-2.png","type":"image\/png"}],"twitter_card":"summary_large_image","twitter_misc":{"Price":"13,99","Availability":"Vorr\u00e4tig"},"schema":{"@context":"https:\/\/schema.org","@graph":[{"@type":"WebPage","@id":"https:\/\/startercultures.eu\/de\/product\/fermentation-de\/molkerei\/veganer-kase\/grau-mold-geotrichum-candidum-also-vegan\/","url":"https:\/\/startercultures.eu\/de\/product\/fermentation-de\/molkerei\/veganer-kase\/grau-mold-geotrichum-candidum-also-vegan\/","name":"Veganes Geotrichum candidum | Startercultures.eu","isPartOf":{"@id":"https:\/\/startercultures.eu\/de\/#website"},"primaryImageOfPage":{"@id":"https:\/\/startercultures.eu\/de\/product\/fermentation-de\/molkerei\/veganer-kase\/grau-mold-geotrichum-candidum-also-vegan\/#primaryimage"},"image":{"@id":"https:\/\/startercultures.eu\/de\/product\/fermentation-de\/molkerei\/veganer-kase\/grau-mold-geotrichum-candidum-also-vegan\/#primaryimage"},"thumbnailUrl":"https:\/\/startercultures.eu\/wp-content\/uploads\/2020\/07\/059mu-2.png","datePublished":"2020-07-31T14:35:46+00:00","dateModified":"2026-03-15T11:12:10+00:00","description":"Veganer Schimmelpilz Geotrichum candidum - wei\u00dfer veganer Schimmelpilz, der h\u00e4ufig als St\u00fctzschimmel in Wei\u00dfschimmelk\u00e4se und in schmiergereiftem K\u00e4se verwendet wird.","breadcrumb":{"@id":"https:\/\/startercultures.eu\/de\/product\/fermentation-de\/molkerei\/veganer-kase\/grau-mold-geotrichum-candidum-also-vegan\/#breadcrumb"},"inLanguage":"de-DE","potentialAction":[{"@type":"ReadAction","target":["https:\/\/startercultures.eu\/de\/product\/fermentation-de\/molkerei\/veganer-kase\/grau-mold-geotrichum-candidum-also-vegan\/"]}]},{"@type":"ImageObject","inLanguage":"de-DE","@id":"https:\/\/startercultures.eu\/de\/product\/fermentation-de\/molkerei\/veganer-kase\/grau-mold-geotrichum-candidum-also-vegan\/#primaryimage","url":"https:\/\/startercultures.eu\/wp-content\/uploads\/2020\/07\/059mu-2.png","contentUrl":"https:\/\/startercultures.eu\/wp-content\/uploads\/2020\/07\/059mu-2.png","width":1250,"height":1250,"caption":"Veganes Geotrichum candidum"},{"@type":"BreadcrumbList","@id":"https:\/\/startercultures.eu\/de\/product\/fermentation-de\/molkerei\/veganer-kase\/grau-mold-geotrichum-candidum-also-vegan\/#breadcrumb","itemListElement":[{"@type":"ListItem","position":1,"name":"Home","item":"https:\/\/startercultures.eu\/de\/"},{"@type":"ListItem","position":2,"name":"Shop","item":"https:\/\/startercultures.eu\/shop\/"},{"@type":"ListItem","position":3,"name":"Veganer wei\u00dfer K\u00e4seschimmel | Geotrichum candidum"}]},{"@type":"WebSite","@id":"https:\/\/startercultures.eu\/de\/#website","url":"https:\/\/startercultures.eu\/de\/","name":"Startercultures.eu","description":"Startercultures.eu","publisher":{"@id":"https:\/\/startercultures.eu\/de\/#organization"},"potentialAction":[{"@type":"SearchAction","target":{"@type":"EntryPoint","urlTemplate":"https:\/\/startercultures.eu\/de\/?s={search_term_string}"},"query-input":{"@type":"PropertyValueSpecification","valueRequired":true,"valueName":"search_term_string"}}],"inLanguage":"de-DE"},{"@type":"Organization","@id":"https:\/\/startercultures.eu\/de\/#organization","name":"Startercultures.eu","url":"https:\/\/startercultures.eu\/de\/","logo":{"@type":"ImageObject","inLanguage":"de-DE","@id":"https:\/\/startercultures.eu\/de\/#\/schema\/logo\/image\/","url":"https:\/\/startercultures.eu\/wp-content\/uploads\/2020\/08\/startercultures-eu-nl-logo-rond-rgb.png","contentUrl":"https:\/\/startercultures.eu\/wp-content\/uploads\/2020\/08\/startercultures-eu-nl-logo-rond-rgb.png","width":320,"height":320,"caption":"Startercultures.eu"},"image":{"@id":"https:\/\/startercultures.eu\/de\/#\/schema\/logo\/image\/"},"sameAs":["https:\/\/www.facebook.com\/startercultureseu","https:\/\/www.instagram.com\/startercultures.eu\/"],"hasMerchantReturnPolicy":{"@type":"MerchantReturnPolicy","merchantReturnLink":"https:\/\/startercultures.eu\/return-policy\/"}}]},"product_price_amount":"13.99","product_price_currency":"EUR","og_availability":"instock","product_availability":"instock","product_retailer_item_id":"59","product_condition":"new"},"_links":{"self":[{"href":"https:\/\/startercultures.eu\/de\/wp-json\/wp\/v2\/product\/25082","targetHints":{"allow":["GET"]}}],"collection":[{"href":"https:\/\/startercultures.eu\/de\/wp-json\/wp\/v2\/product"}],"about":[{"href":"https:\/\/startercultures.eu\/de\/wp-json\/wp\/v2\/types\/product"}],"replies":[{"embeddable":true,"href":"https:\/\/startercultures.eu\/de\/wp-json\/wp\/v2\/comments?post=25082"}],"version-history":[{"count":2,"href":"https:\/\/startercultures.eu\/de\/wp-json\/wp\/v2\/product\/25082\/revisions"}],"predecessor-version":[{"id":72527,"href":"https:\/\/startercultures.eu\/de\/wp-json\/wp\/v2\/product\/25082\/revisions\/72527"}],"wp:featuredmedia":[{"embeddable":true,"href":"https:\/\/startercultures.eu\/de\/wp-json\/wp\/v2\/media\/24401"}],"wp:attachment":[{"href":"https:\/\/startercultures.eu\/de\/wp-json\/wp\/v2\/media?parent=25082"}],"wp:term":[{"taxonomy":"product_brand","embeddable":true,"href":"https:\/\/startercultures.eu\/de\/wp-json\/wp\/v2\/product_brand?post=25082"},{"taxonomy":"product_cat","embeddable":true,"href":"https:\/\/startercultures.eu\/de\/wp-json\/wp\/v2\/product_cat?post=25082"},{"taxonomy":"product_tag","embeddable":true,"href":"https:\/\/startercultures.eu\/de\/wp-json\/wp\/v2\/product_tag?post=25082"}],"curies":[{"name":"wp","href":"https:\/\/api.w.org\/{rel}","templated":true}]}}