{"id":25086,"date":"2020-07-31T16:35:14","date_gmt":"2020-07-31T16:35:14","guid":{"rendered":"https:\/\/startercultures.eu\/product\/unkategorisiert\/langsamstarterkultur-bactoferm-t-spx-fuer-trockenwuerste\/"},"modified":"2026-04-09T01:15:22","modified_gmt":"2026-04-08T23:15:22","slug":"langsame-starterkultur-bactoferm-t-spx-fur-getrocknete-wurste","status":"publish","type":"product","link":"https:\/\/startercultures.eu\/de\/product\/wurstwaren-und-charcuterie-de\/startercultures-for-sausage-making\/langsame-kulturen\/langsame-starterkultur-bactoferm-t-spx-fur-getrocknete-wurste\/","title":{"rendered":"Langsamstarterkultur Bactoferm T-SPX | f\u00fcr Trockenw\u00fcrste"},"content":{"rendered":"<p>Endlich! Bactoferm T-SPX, der absolute G\u00e4rungsklassiker ist jetzt bei startercultures.eu erh\u00e4ltlich!<\/p>\n<h3 class=\"\" data-fontsize=\"21\" data-lineheight=\"27.3px\">Was sind Starterkulturen f\u00fcr Wurstwaren?<\/h3>\n<p>Starterkulturen sind gefriergetrocknete Bakterien, die Sie bei der Herstellung Ihrer eigenen Trockenw\u00fcrste wie Chorizo, Fuet, Salami und zahlreichen anderen Trockenw\u00fcrsten verwenden. Sie sorgen f\u00fcr Sicherheit, indem sie das Fleisch s\u00e4uern (d. h. den pH-Wert senken), und sie verleihen der Wurst ihren unverwechselbaren P\u00f6kel- und Reifegeschmack. Sie werden immer zusammen mit <a href=\"https:\/\/startercultures.eu\/product-category\/sausages-and-charcuterie\/\/\/additives\" target=\"_blank\" rel=\"noopener noreferrer\">Nitritsalz (P\u00f6kelsalz), Dextrose und manchmal Nitraten<\/a> verwendet. Es gibt sie grob in 3 Varianten: schnell, mittelschnell und langsam. Langsame Starterkultur Bactoferm T-SPX ist eine langsame Art von Starterkultur.<\/p>\n<h3>Was ist die langsame Starterkultur Bactoferm T-SPX<\/h3>\n<p>Bactoferm T-SPX ist die Starterkultur, der in der gesamten internationalen Wurst- und Wurstwarenliteratur (einschlie\u00dflich der B\u00fccher von Marianski und Marianski, siehe unten) als <em>die<\/em> Starterkultur der Wahl f\u00fcr langsame W\u00fcrste genannt wird. Fr\u00fcher war sie auf dem europ\u00e4ischen Festland sehr schwer zu bekommen, aber &#8220;meine Damen und Herren, wir haben sie&#8221;.<\/p>\n<h3>Merkmale von Bactoferm T-SPX<\/h3>\n<p>Vorgesehen f\u00fcr eine langsame G\u00e4rung, eine milde S\u00e4uerung und ein aromatisches Profil. Erm\u00f6glicht eine kontrollierte und moderate pH-Absenkung, um eine milde S\u00e4uerung mit guter Farbbildung und -stabilit\u00e4t zu erreichen. Durch die Verwendung erh\u00e4lt man einen milden, abgerundeten Geschmack, wie er f\u00fcr s\u00fcdeurop\u00e4ische Salamisorten typisch ist.<\/p>\n<h3>Inhalt<\/h3>\n<ul>\n<li>25 Gramm<\/li>\n<li>geeignet f\u00fcr 100 kg Fleisch<\/li>\n<\/ul>\n<h3>Wie wird bactoferm T-SPX verwendet?<\/h3>\n<ul>\n<li>Dosierung: ca. 0,25-0,5 Gramm pro Kilo<\/li>\n<li>Anleitung zur G\u00e4rung: ca. 72 Stunden bei 20 \u00b0 C, oder absteigend von 22 \u00b0 C auf 18 \u00b0 C \u00fcber 5 Tage.<\/li>\n<li>Mikroorganismen: <em>Pediococcus pentosaceus <\/em>und <em>Staphylococcus xylosus<\/em><\/li>\n<li>Hinweis: Im Gefrierschrank aufbewahren, kurze Unterbrechungen des K\u00fchlzyklus beeintr\u00e4chtigen die Qualit\u00e4t nicht. Im Gefrierschrank bis zu 18 Monate und bei K\u00fchlschranktemperatur bis zu 6 Wochen haltbar.<\/li>\n<li>Inhalt: Traubenzucker, Starterkultur<\/li>\n<li>Allergene: keine<\/li>\n<\/ul>\n<h3>H\u00e4uslichen Herstellung von luftgetrockneten W\u00fcrsten<\/h3>\n<p>Luftgetrocknete W\u00fcrste sind eine kulinarische K\u00f6stlichkeit, die in verschiedenen Gerichten genossen oder als schmackhafter Imbiss verzehrt werden kann. Diese althergebrachte Konservierungsmethode bedient sich der Verwendung von Salz, Gew\u00fcrzen, Fermentation und Zeit, um k\u00f6stliche, haltbare W\u00fcrste mit intensiven Aromen zu kreieren. <a href=\"https:\/\/startercultures.eu\/de\/making-dry-cured-sausages-at-home-step-by-step\/\" target=\"_blank\" rel=\"noopener\">In dieser Anleitung<\/a> werden wir Sie durch den Prozess der h\u00e4uslichen Herstellung von luftgetrockneten W\u00fcrsten f\u00fchren.<\/p>\n<h3>Englischsprachiger Online-Workshop zur Herstellung von Rohwurst<br \/>\n<img decoding=\"async\" class=\"lazyload  wp-image-23961 alignright\" src=\"https:\/\/startercultures.eu\/wp-content\/uploads\/2020\/12\/sausage-making-workshop-450-300x300.png\" data-orig-src=\"https:\/\/startercultures.eu\/wp-content\/uploads\/2020\/12\/sausage-making-workshop-450-300x300.png\" alt=\"Lernen Sie, wie Sie zu Hause Trockenwurst herstellen\" width=\"126\" height=\"126\" srcset=\"data:image\/svg+xml,%3Csvg%20xmlns%3D%27http%3A%2F%2Fwww.w3.org%2F2000%2Fsvg%27%20width%3D%27126%27%20height%3D%27126%27%20viewBox%3D%270%200%20126%20126%27%3E%3Crect%20width%3D%27126%27%20height%3D%27126%27%20fill-opacity%3D%220%22%2F%3E%3C%2Fsvg%3E\" data-srcset=\"https:\/\/startercultures.eu\/wp-content\/uploads\/2020\/12\/sausage-making-workshop-450-66x66.png 66w, https:\/\/startercultures.eu\/wp-content\/uploads\/2020\/12\/sausage-making-workshop-450-70x70.png 70w, https:\/\/startercultures.eu\/wp-content\/uploads\/2020\/12\/sausage-making-workshop-450-100x100.png 100w, https:\/\/startercultures.eu\/wp-content\/uploads\/2020\/12\/sausage-making-workshop-450-150x150.png 150w, https:\/\/startercultures.eu\/wp-content\/uploads\/2020\/12\/sausage-making-workshop-450-200x200.png 200w, https:\/\/startercultures.eu\/wp-content\/uploads\/2020\/12\/sausage-making-workshop-450-300x300.png 300w, https:\/\/startercultures.eu\/wp-content\/uploads\/2020\/12\/sausage-making-workshop-450-400x399.png 400w, https:\/\/startercultures.eu\/wp-content\/uploads\/2020\/12\/sausage-making-workshop-450.png 450w\" data-sizes=\"auto\" data-orig-sizes=\"(max-width: 126px) 100vw, 126px\" \/><\/h3>\n<p>W\u00e4hrend <a href=\"https:\/\/startercultures.eu\/product\/sausages-and-charcuterie\/online-english-spoken-dry-cured-charcuterie-workshop\/\" target=\"_blank\" rel=\"noopener\">dieses Meisterkurses in englischer Sprache<\/a> lernen Sie in Theorie und Praxis, wie man Rohw\u00fcrste wie Salami, Fuet, Chorizo, Peperoni und Sommerw\u00fcrste zu Hause herstellt. Foodwriter<a href=\"https:\/\/wateetons.com\/\" target=\"_blank\" rel=\"noopener\">&#8216;Meneer Wateetons&#8217;<\/a>, Autor mehrerer B\u00fccher \u00fcber G\u00e4rung und Wurstherstellung, wird Ihnen alles \u00fcber G\u00e4rung, P\u00f6kelsalze, Lebensmittelsicherheit, <a href=\"https:\/\/en.wikipedia.org\/wiki\/PH\" target=\"_blank\" rel=\"noopener\">pH-Wert<\/a>, Starterkulturen, Schimmelpilze und Trocknungsbedingungen beibringen.Klicken Sie <a href=\"https:\/\/startercultures.eu\/product\/sausages-and-charcuterie\/online-english-spoken-dry-cured-charcuterie-workshop\/\" target=\"_blank\" rel=\"noopener\">hier<\/a> f\u00fcr weitere Informationen.<\/p>\n","protected":false},"excerpt":{"rendered":"<p>Bactoferm T-SPX ist die Starterkultur, die in der gesamten internationalen Wurst- und Wurstwarenliteratur (einschlie\u00dflich der B\u00fccher von Marianski und Marianski) als langsame Wurststarterkultur erw\u00e4hnt wird.<\/p>\n","protected":false},"featured_media":49681,"comment_status":"open","ping_status":"closed","template":"","meta":{"_acf_changed":false,"footnotes":""},"product_brand":[],"product_cat":[699],"product_tag":[],"class_list":{"0":"post-25086","1":"product","2":"type-product","3":"status-publish","4":"has-post-thumbnail","6":"product_cat-langsame-kulturen","7":"pa_ean-8720297620478-de","9":"first","10":"outofstock","11":"taxable","12":"shipping-taxable","13":"purchasable","14":"product-type-simple"},"acf":[],"yoast_head":"<!-- This site is optimized with the Yoast SEO plugin v26.6 - https:\/\/yoast.com\/wordpress\/plugins\/seo\/ -->\n<title>Langsamstarterkultur Bactoferm T-SPX | f\u00fcr Trockenw\u00fcrste - Startercultures.eu<\/title>\n<meta name=\"description\" content=\"Bactoferm T-SPX ist die Starterkultur, die in der internationalen Wurstliteratur am h\u00e4ufigsten als langsame Wurststarterkultur genannt wird.\" \/>\n<meta name=\"robots\" content=\"index, follow, max-snippet:-1, max-image-preview:large, max-video-preview:-1\" \/>\n<link rel=\"canonical\" href=\"https:\/\/startercultures.eu\/de\/product\/wurstwaren-und-charcuterie-de\/startercultures-for-sausage-making\/langsame-kulturen\/langsame-starterkultur-bactoferm-t-spx-fur-getrocknete-wurste\/\" \/>\n<meta property=\"og:locale\" content=\"de_DE\" \/>\n<meta property=\"og:type\" content=\"article\" \/>\n<meta property=\"og:title\" content=\"Langsamstarterkultur Bactoferm T-SPX | f\u00fcr Trockenw\u00fcrste - Startercultures.eu\" \/>\n<meta property=\"og:description\" content=\"Bactoferm T-SPX ist die Starterkultur, die in der internationalen Wurstliteratur am h\u00e4ufigsten als langsame Wurststarterkultur genannt wird.\" \/>\n<meta property=\"og:url\" content=\"https:\/\/startercultures.eu\/de\/product\/wurstwaren-und-charcuterie-de\/startercultures-for-sausage-making\/langsame-kulturen\/langsame-starterkultur-bactoferm-t-spx-fur-getrocknete-wurste\/\" \/>\n<meta property=\"og:site_name\" content=\"Startercultures.eu\" \/>\n<meta property=\"article:publisher\" content=\"https:\/\/www.facebook.com\/startercultureseu\" \/>\n<meta property=\"article:modified_time\" content=\"2026-04-08T23:15:22+00:00\" \/>\n<meta property=\"og:image\" content=\"https:\/\/startercultures.eu\/wp-content\/uploads\/2020\/07\/T-SPX.png\" \/>\n\t<meta property=\"og:image:width\" content=\"1200\" \/>\n\t<meta property=\"og:image:height\" content=\"1200\" \/>\n\t<meta property=\"og:image:type\" content=\"image\/png\" \/>\n<meta name=\"twitter:card\" content=\"summary_large_image\" \/>\n<meta name=\"twitter:label1\" content=\"Price\" \/>\n\t<meta name=\"twitter:data1\" content=\"17,99\" \/>\n\t<meta name=\"twitter:label2\" content=\"Availability\" \/>\n\t<meta name=\"twitter:data2\" content=\"Nicht auf Lager\" \/>\n<script type=\"application\/ld+json\" class=\"yoast-schema-graph\">{\"@context\":\"https:\/\/schema.org\",\"@graph\":[{\"@type\":\"WebPage\",\"@id\":\"https:\/\/startercultures.eu\/de\/product\/wurstwaren-und-charcuterie-de\/startercultures-for-sausage-making\/langsame-kulturen\/langsame-starterkultur-bactoferm-t-spx-fur-getrocknete-wurste\/\",\"url\":\"https:\/\/startercultures.eu\/de\/product\/wurstwaren-und-charcuterie-de\/startercultures-for-sausage-making\/langsame-kulturen\/langsame-starterkultur-bactoferm-t-spx-fur-getrocknete-wurste\/\",\"name\":\"Langsamstarterkultur Bactoferm T-SPX | f\u00fcr Trockenw\u00fcrste - Startercultures.eu\",\"isPartOf\":{\"@id\":\"https:\/\/startercultures.eu\/de\/#website\"},\"primaryImageOfPage\":{\"@id\":\"https:\/\/startercultures.eu\/de\/product\/wurstwaren-und-charcuterie-de\/startercultures-for-sausage-making\/langsame-kulturen\/langsame-starterkultur-bactoferm-t-spx-fur-getrocknete-wurste\/#primaryimage\"},\"image\":{\"@id\":\"https:\/\/startercultures.eu\/de\/product\/wurstwaren-und-charcuterie-de\/startercultures-for-sausage-making\/langsame-kulturen\/langsame-starterkultur-bactoferm-t-spx-fur-getrocknete-wurste\/#primaryimage\"},\"thumbnailUrl\":\"https:\/\/startercultures.eu\/wp-content\/uploads\/2020\/07\/T-SPX.png\",\"datePublished\":\"2020-07-31T16:35:14+00:00\",\"dateModified\":\"2026-04-08T23:15:22+00:00\",\"description\":\"Bactoferm T-SPX ist die Starterkultur, die in der internationalen Wurstliteratur am h\u00e4ufigsten als langsame Wurststarterkultur genannt wird.\",\"breadcrumb\":{\"@id\":\"https:\/\/startercultures.eu\/de\/product\/wurstwaren-und-charcuterie-de\/startercultures-for-sausage-making\/langsame-kulturen\/langsame-starterkultur-bactoferm-t-spx-fur-getrocknete-wurste\/#breadcrumb\"},\"inLanguage\":\"de-DE\",\"potentialAction\":[{\"@type\":\"ReadAction\",\"target\":[\"https:\/\/startercultures.eu\/de\/product\/wurstwaren-und-charcuterie-de\/startercultures-for-sausage-making\/langsame-kulturen\/langsame-starterkultur-bactoferm-t-spx-fur-getrocknete-wurste\/\"]}]},{\"@type\":\"ImageObject\",\"inLanguage\":\"de-DE\",\"@id\":\"https:\/\/startercultures.eu\/de\/product\/wurstwaren-und-charcuterie-de\/startercultures-for-sausage-making\/langsame-kulturen\/langsame-starterkultur-bactoferm-t-spx-fur-getrocknete-wurste\/#primaryimage\",\"url\":\"https:\/\/startercultures.eu\/wp-content\/uploads\/2020\/07\/T-SPX.png\",\"contentUrl\":\"https:\/\/startercultures.eu\/wp-content\/uploads\/2020\/07\/T-SPX.png\",\"width\":1200,\"height\":1200},{\"@type\":\"BreadcrumbList\",\"@id\":\"https:\/\/startercultures.eu\/de\/product\/wurstwaren-und-charcuterie-de\/startercultures-for-sausage-making\/langsame-kulturen\/langsame-starterkultur-bactoferm-t-spx-fur-getrocknete-wurste\/#breadcrumb\",\"itemListElement\":[{\"@type\":\"ListItem\",\"position\":1,\"name\":\"Home\",\"item\":\"https:\/\/startercultures.eu\/de\/\"},{\"@type\":\"ListItem\",\"position\":2,\"name\":\"Shop\",\"item\":\"https:\/\/startercultures.eu\/shop\/\"},{\"@type\":\"ListItem\",\"position\":3,\"name\":\"Langsamstarterkultur Bactoferm T-SPX | f\u00fcr Trockenw\u00fcrste\"}]},{\"@type\":\"WebSite\",\"@id\":\"https:\/\/startercultures.eu\/de\/#website\",\"url\":\"https:\/\/startercultures.eu\/de\/\",\"name\":\"Startercultures.eu\",\"description\":\"Startercultures.eu\",\"publisher\":{\"@id\":\"https:\/\/startercultures.eu\/de\/#organization\"},\"potentialAction\":[{\"@type\":\"SearchAction\",\"target\":{\"@type\":\"EntryPoint\",\"urlTemplate\":\"https:\/\/startercultures.eu\/de\/?s={search_term_string}\"},\"query-input\":{\"@type\":\"PropertyValueSpecification\",\"valueRequired\":true,\"valueName\":\"search_term_string\"}}],\"inLanguage\":\"de-DE\"},{\"@type\":\"Organization\",\"@id\":\"https:\/\/startercultures.eu\/de\/#organization\",\"name\":\"Startercultures.eu\",\"url\":\"https:\/\/startercultures.eu\/de\/\",\"logo\":{\"@type\":\"ImageObject\",\"inLanguage\":\"de-DE\",\"@id\":\"https:\/\/startercultures.eu\/de\/#\/schema\/logo\/image\/\",\"url\":\"https:\/\/startercultures.eu\/wp-content\/uploads\/2020\/08\/startercultures-eu-nl-logo-rond-rgb.png\",\"contentUrl\":\"https:\/\/startercultures.eu\/wp-content\/uploads\/2020\/08\/startercultures-eu-nl-logo-rond-rgb.png\",\"width\":320,\"height\":320,\"caption\":\"Startercultures.eu\"},\"image\":{\"@id\":\"https:\/\/startercultures.eu\/de\/#\/schema\/logo\/image\/\"},\"sameAs\":[\"https:\/\/www.facebook.com\/startercultureseu\",\"https:\/\/www.instagram.com\/startercultures.eu\/\"]}]}<\/script>\n<meta property=\"product:price:amount\" content=\"17.99\" \/>\n<meta property=\"product:price:currency\" content=\"EUR\" \/>\n<meta property=\"og:availability\" content=\"out of stock\" \/>\n<meta property=\"product:availability\" content=\"out of stock\" \/>\n<meta property=\"product:retailer_item_id\" content=\"102\" \/>\n<meta property=\"product:condition\" content=\"new\" \/>\n<!-- \/ Yoast SEO plugin. -->","yoast_head_json":{"title":"Langsamstarterkultur Bactoferm T-SPX | f\u00fcr Trockenw\u00fcrste - Startercultures.eu","description":"Bactoferm T-SPX ist die Starterkultur, die in der internationalen Wurstliteratur am h\u00e4ufigsten als langsame Wurststarterkultur genannt wird.","robots":{"index":"index","follow":"follow","max-snippet":"max-snippet:-1","max-image-preview":"max-image-preview:large","max-video-preview":"max-video-preview:-1"},"canonical":"https:\/\/startercultures.eu\/de\/product\/wurstwaren-und-charcuterie-de\/startercultures-for-sausage-making\/langsame-kulturen\/langsame-starterkultur-bactoferm-t-spx-fur-getrocknete-wurste\/","og_locale":"de_DE","og_type":"article","og_title":"Langsamstarterkultur Bactoferm T-SPX | f\u00fcr Trockenw\u00fcrste - Startercultures.eu","og_description":"Bactoferm T-SPX ist die Starterkultur, die in der internationalen Wurstliteratur am h\u00e4ufigsten als langsame Wurststarterkultur genannt wird.","og_url":"https:\/\/startercultures.eu\/de\/product\/wurstwaren-und-charcuterie-de\/startercultures-for-sausage-making\/langsame-kulturen\/langsame-starterkultur-bactoferm-t-spx-fur-getrocknete-wurste\/","og_site_name":"Startercultures.eu","article_publisher":"https:\/\/www.facebook.com\/startercultureseu","article_modified_time":"2026-04-08T23:15:22+00:00","og_image":[{"width":1200,"height":1200,"url":"https:\/\/startercultures.eu\/wp-content\/uploads\/2020\/07\/T-SPX.png","type":"image\/png"}],"twitter_card":"summary_large_image","twitter_misc":{"Price":"17,99","Availability":"Nicht auf Lager"},"schema":{"@context":"https:\/\/schema.org","@graph":[{"@type":"WebPage","@id":"https:\/\/startercultures.eu\/de\/product\/wurstwaren-und-charcuterie-de\/startercultures-for-sausage-making\/langsame-kulturen\/langsame-starterkultur-bactoferm-t-spx-fur-getrocknete-wurste\/","url":"https:\/\/startercultures.eu\/de\/product\/wurstwaren-und-charcuterie-de\/startercultures-for-sausage-making\/langsame-kulturen\/langsame-starterkultur-bactoferm-t-spx-fur-getrocknete-wurste\/","name":"Langsamstarterkultur Bactoferm T-SPX | f\u00fcr Trockenw\u00fcrste - Startercultures.eu","isPartOf":{"@id":"https:\/\/startercultures.eu\/de\/#website"},"primaryImageOfPage":{"@id":"https:\/\/startercultures.eu\/de\/product\/wurstwaren-und-charcuterie-de\/startercultures-for-sausage-making\/langsame-kulturen\/langsame-starterkultur-bactoferm-t-spx-fur-getrocknete-wurste\/#primaryimage"},"image":{"@id":"https:\/\/startercultures.eu\/de\/product\/wurstwaren-und-charcuterie-de\/startercultures-for-sausage-making\/langsame-kulturen\/langsame-starterkultur-bactoferm-t-spx-fur-getrocknete-wurste\/#primaryimage"},"thumbnailUrl":"https:\/\/startercultures.eu\/wp-content\/uploads\/2020\/07\/T-SPX.png","datePublished":"2020-07-31T16:35:14+00:00","dateModified":"2026-04-08T23:15:22+00:00","description":"Bactoferm T-SPX ist die Starterkultur, die in der internationalen Wurstliteratur am h\u00e4ufigsten als langsame Wurststarterkultur genannt wird.","breadcrumb":{"@id":"https:\/\/startercultures.eu\/de\/product\/wurstwaren-und-charcuterie-de\/startercultures-for-sausage-making\/langsame-kulturen\/langsame-starterkultur-bactoferm-t-spx-fur-getrocknete-wurste\/#breadcrumb"},"inLanguage":"de-DE","potentialAction":[{"@type":"ReadAction","target":["https:\/\/startercultures.eu\/de\/product\/wurstwaren-und-charcuterie-de\/startercultures-for-sausage-making\/langsame-kulturen\/langsame-starterkultur-bactoferm-t-spx-fur-getrocknete-wurste\/"]}]},{"@type":"ImageObject","inLanguage":"de-DE","@id":"https:\/\/startercultures.eu\/de\/product\/wurstwaren-und-charcuterie-de\/startercultures-for-sausage-making\/langsame-kulturen\/langsame-starterkultur-bactoferm-t-spx-fur-getrocknete-wurste\/#primaryimage","url":"https:\/\/startercultures.eu\/wp-content\/uploads\/2020\/07\/T-SPX.png","contentUrl":"https:\/\/startercultures.eu\/wp-content\/uploads\/2020\/07\/T-SPX.png","width":1200,"height":1200},{"@type":"BreadcrumbList","@id":"https:\/\/startercultures.eu\/de\/product\/wurstwaren-und-charcuterie-de\/startercultures-for-sausage-making\/langsame-kulturen\/langsame-starterkultur-bactoferm-t-spx-fur-getrocknete-wurste\/#breadcrumb","itemListElement":[{"@type":"ListItem","position":1,"name":"Home","item":"https:\/\/startercultures.eu\/de\/"},{"@type":"ListItem","position":2,"name":"Shop","item":"https:\/\/startercultures.eu\/shop\/"},{"@type":"ListItem","position":3,"name":"Langsamstarterkultur Bactoferm T-SPX | f\u00fcr Trockenw\u00fcrste"}]},{"@type":"WebSite","@id":"https:\/\/startercultures.eu\/de\/#website","url":"https:\/\/startercultures.eu\/de\/","name":"Startercultures.eu","description":"Startercultures.eu","publisher":{"@id":"https:\/\/startercultures.eu\/de\/#organization"},"potentialAction":[{"@type":"SearchAction","target":{"@type":"EntryPoint","urlTemplate":"https:\/\/startercultures.eu\/de\/?s={search_term_string}"},"query-input":{"@type":"PropertyValueSpecification","valueRequired":true,"valueName":"search_term_string"}}],"inLanguage":"de-DE"},{"@type":"Organization","@id":"https:\/\/startercultures.eu\/de\/#organization","name":"Startercultures.eu","url":"https:\/\/startercultures.eu\/de\/","logo":{"@type":"ImageObject","inLanguage":"de-DE","@id":"https:\/\/startercultures.eu\/de\/#\/schema\/logo\/image\/","url":"https:\/\/startercultures.eu\/wp-content\/uploads\/2020\/08\/startercultures-eu-nl-logo-rond-rgb.png","contentUrl":"https:\/\/startercultures.eu\/wp-content\/uploads\/2020\/08\/startercultures-eu-nl-logo-rond-rgb.png","width":320,"height":320,"caption":"Startercultures.eu"},"image":{"@id":"https:\/\/startercultures.eu\/de\/#\/schema\/logo\/image\/"},"sameAs":["https:\/\/www.facebook.com\/startercultureseu","https:\/\/www.instagram.com\/startercultures.eu\/"]}]},"product_price_amount":"17.99","product_price_currency":"EUR","og_availability":"out of stock","product_availability":"out of stock","product_retailer_item_id":"102","product_condition":"new"},"_links":{"self":[{"href":"https:\/\/startercultures.eu\/de\/wp-json\/wp\/v2\/product\/25086","targetHints":{"allow":["GET"]}}],"collection":[{"href":"https:\/\/startercultures.eu\/de\/wp-json\/wp\/v2\/product"}],"about":[{"href":"https:\/\/startercultures.eu\/de\/wp-json\/wp\/v2\/types\/product"}],"replies":[{"embeddable":true,"href":"https:\/\/startercultures.eu\/de\/wp-json\/wp\/v2\/comments?post=25086"}],"version-history":[{"count":3,"href":"https:\/\/startercultures.eu\/de\/wp-json\/wp\/v2\/product\/25086\/revisions"}],"predecessor-version":[{"id":72662,"href":"https:\/\/startercultures.eu\/de\/wp-json\/wp\/v2\/product\/25086\/revisions\/72662"}],"wp:featuredmedia":[{"embeddable":true,"href":"https:\/\/startercultures.eu\/de\/wp-json\/wp\/v2\/media\/49681"}],"wp:attachment":[{"href":"https:\/\/startercultures.eu\/de\/wp-json\/wp\/v2\/media?parent=25086"}],"wp:term":[{"taxonomy":"product_brand","embeddable":true,"href":"https:\/\/startercultures.eu\/de\/wp-json\/wp\/v2\/product_brand?post=25086"},{"taxonomy":"product_cat","embeddable":true,"href":"https:\/\/startercultures.eu\/de\/wp-json\/wp\/v2\/product_cat?post=25086"},{"taxonomy":"product_tag","embeddable":true,"href":"https:\/\/startercultures.eu\/de\/wp-json\/wp\/v2\/product_tag?post=25086"}],"curies":[{"name":"wp","href":"https:\/\/api.w.org\/{rel}","templated":true}]}}