{"id":25087,"date":"2020-07-31T16:33:58","date_gmt":"2020-07-31T16:33:58","guid":{"rendered":"https:\/\/startercultures.eu\/product\/unkategorisiert\/skyr-joghurt-starterkultur-fuer-selbstgemachten-joghurt\/"},"modified":"2026-04-22T16:48:31","modified_gmt":"2026-04-22T14:48:31","slug":"skyr","status":"publish","type":"product","link":"https:\/\/startercultures.eu\/de\/product\/fermentation-de\/molkerei\/joghurt\/skyr\/","title":{"rendered":"Skyr-Joghurt-Starterkultur | f\u00fcr selbstgemachten Joghurt"},"content":{"rendered":"<p>Skyr ist ein isl\u00e4ndisches Molkereiprodukt. Er hat die Konsistenz eines dicken, fast quark\u00e4hnlichen Joghurts, ist aber milder im Geschmack. Stellen Sie ihn zu Hause mit dieser Skyr-Starterkultur her!<\/p>\n<h3>Was ist Joghurt?<\/h3>\n<p>Joghurt, auch Jogurt geschrieben, ist ein Lebensmittelprodukt, das durch bakterielle Fermentation von Milch hergestellt wird. Die Bakterien, die zur Herstellung von Joghurt verwendet werden, nennt man Joghurtkulturen. Durch die Fermentierung des Zuckers in der Milch durch diese Bakterien entsteht Milchs\u00e4ure, die auf das Milcheiwei\u00df einwirkt und dem Joghurt seine Textur und seinen charakteristischen s\u00e4uerlichen Geschmack verleiht. Kuhmilch ist \u00fcberall auf der Welt erh\u00e4ltlich und wird daher am h\u00e4ufigsten f\u00fcr die Herstellung von Joghurt verwendet. Auch die Milch von Wasserb\u00fcffeln, Ziegen, Mutterschafen, Stuten, Kamelen, Yaks und Pflanzenmilch wird zur Herstellung von Joghurt verwendet. Die verwendete Milch kann homogenisiert sein oder nicht. Sie kann pasteurisiert oder roh sein. Jede Milchsorte und jeder Starterkulturtyp f\u00fchrt zu sehr unterschiedlichen Ergebnissen.<\/p>\n<h3>Was ist Skyr?<\/h3>\n<p>Skyr ist ein isl\u00e4ndisches Molkereiprodukt. Er hat die Konsistenz eines dicken, fast quark\u00e4hnlichen Joghurts, ist aber milder im Geschmack. Skyr liegt irgendwo zwischen K\u00e4se und Joghurt. Sie k\u00f6nnen ihn als passierten Joghurt zubereiten oder sogar einen Tropfen Lab hinzuf\u00fcgen, um die Konsistenz zu erh\u00f6hen.<\/p>\n<p>Da er aus entrahmter Milch hergestellt wird, enth\u00e4lt er nur Spuren von Fett, weshalb er als ges\u00fcnder gilt als herk\u00f6mmliche Joghurts. Skyr hat dreieinhalbmal mehr Proteine als normaler Joghurt und zweieinhalbmal mehr als griechischer Joghurt. Der hohe Eiwei\u00dfgehalt von Skyr macht diesen Joghurt zu einem \u00c4quivalent von zweieinhalb Portionen Milchprodukten, die Fleisch, Fisch oder Eier ersetzen k\u00f6nnen.<\/p>\n<p>Zu den wichtigsten gesundheitlichen Vorteilen von Skyr geh\u00f6ren:<\/p>\n<ul>\n<li>Er hilft, die Muskelmasse zu erhalten und zu st\u00e4rken; am besten f\u00fcr Menschen, die Sport treiben oder abnehmen wollen.<\/li>\n<li>Aufgrund seines hohen Kalziumgehalts verringert er die Osteoporose-Rate.<\/li>\n<li>Er hilft bei der Regulierung des Stuhlgangs und reduziert die Aktivit\u00e4t von <em> Pylori<\/em>, die Mageninfektionen verursachen k\u00f6nnen.<\/li>\n<li>Diese eiwei\u00dfreiche Mahlzeit f\u00fchrt zu einer Verringerung des Appetits und einer Verz\u00f6gerung der nachfolgenden Mahlzeiten.<\/li>\n<li>Er ist reich an Probiotika, d. h. Skyr ist verantwortlich f\u00fcr die Zerst\u00f6rung der toxischen Bakterien, die in den Verdauungstrakt eindringen.<\/li>\n<li>Skyr wird auch mit der Verbesserung des Immunsystems, der Senkung des Cholesterinspiegels und der Verringerung des Risikos von Darmkrebs in Verbindung gebracht.<\/li>\n<\/ul>\n<h3>Thermophile Joghurt-Variante<img decoding=\"async\" class=\"lazyload  wp-image-31314 alignleft\" src=\"https:\/\/startercultures.eu\/wp-content\/uploads\/2022\/10\/yoghurtmaker-needed-300x298.png\" data-orig-src=\"https:\/\/startercultures.eu\/wp-content\/uploads\/2022\/10\/yoghurtmaker-needed-300x298.png\" alt=\"\" width=\"82\" height=\"81\" srcset=\"data:image\/svg+xml,%3Csvg%20xmlns%3D%27http%3A%2F%2Fwww.w3.org%2F2000%2Fsvg%27%20width%3D%2782%27%20height%3D%2781%27%20viewBox%3D%270%200%2082%2081%27%3E%3Crect%20width%3D%2782%27%20height%3D%2781%27%20fill-opacity%3D%220%22%2F%3E%3C%2Fsvg%3E\" data-srcset=\"https:\/\/startercultures.eu\/wp-content\/uploads\/2022\/10\/yoghurtmaker-needed-66x66.png 66w, https:\/\/startercultures.eu\/wp-content\/uploads\/2022\/10\/yoghurtmaker-needed-100x100.png 100w, https:\/\/startercultures.eu\/wp-content\/uploads\/2022\/10\/yoghurtmaker-needed-150x150.png 150w, https:\/\/startercultures.eu\/wp-content\/uploads\/2022\/10\/yoghurtmaker-needed-200x198.png 200w, https:\/\/startercultures.eu\/wp-content\/uploads\/2022\/10\/yoghurtmaker-needed-300x298.png 300w, https:\/\/startercultures.eu\/wp-content\/uploads\/2022\/10\/yoghurtmaker-needed-400x397.png 400w, https:\/\/startercultures.eu\/wp-content\/uploads\/2022\/10\/yoghurtmaker-needed-500x496.png 500w, https:\/\/startercultures.eu\/wp-content\/uploads\/2022\/10\/yoghurtmaker-needed-600x595.png 600w, https:\/\/startercultures.eu\/wp-content\/uploads\/2022\/10\/yoghurtmaker-needed-700x695.png 700w, https:\/\/startercultures.eu\/wp-content\/uploads\/2022\/10\/yoghurtmaker-needed-768x762.png 768w, https:\/\/startercultures.eu\/wp-content\/uploads\/2022\/10\/yoghurtmaker-needed.png 776w\" data-sizes=\"auto\" data-orig-sizes=\"(max-width: 82px) 100vw, 82px\" \/><\/h3>\n<p>Bitte beachten Sie, dass es sich um eine thermophile, w\u00e4rmeliebende Joghurtart handelt. Sie brauchen also einen warmen Ort, z. B. einen <a href=\"https:\/\/startercultures.eu\/nl\/product\/zuivel-ook-vegan-nl\/yoghurt-nl\/yoghurt-tools-nl\/yoghurtmaker-15-liter-instelbare-temperatuur\/\" target=\"_blank\" rel=\"noopener\">Joghurtbereiter<\/a>, ein Sous-Vide-Ger\u00e4t, einen Dampfgarer oder einen Instant-Topf, um ihn herzustellen. Einzelheiten siehe unten.<\/p>\n<h3>Inhalt Skyr-Starterkultur<\/h3>\n<ul>\n<li>2 Gramm Heirloom-Thermophilie-Trockenskyr-Starterkultur f\u00fcr 4l Skyr<\/li>\n<li>Genug f\u00fcr den Rest Ihres Lebens, lesen Sie die folgenden Anweisungen<\/li>\n<li>Hergestellt in Gro\u00dfbritannien<\/li>\n<li>Allergene: Milch<\/li>\n<li>Inhalt: Milch, Starterkulturen<\/li>\n<\/ul>\n<h3>Mikroorganismen<\/h3>\n<p><em>S. thermophilus, L. bulgaricus, L. acidophilus, L. lactis<\/em><\/p>\n<h3>Warum eine getrocknete Starterkultur?<\/h3>\n<ul>\n<li>getrocknete Starterkulturen sind lange haltbar<\/li>\n<li>einfach zu versenden\/mitzunehmen, auch ins Ausland<\/li>\n<li>verschlechtern sich durch den Transport nicht<\/li>\n<li>geringes Gewicht (Versand)<\/li>\n<li>Sie k\u00f6nnen sie auch dann kaufen, wenn Sie nicht vorhaben, in dieser Woche Joghurt herzustellen.<\/li>\n<li>Sie k\u00f6nnen einen Teil davon vorr\u00e4tig halten, falls Ihr frischer Joghurt an Qualit\u00e4t verliert.<\/li>\n<li>nach der Aktivierung ist die Wirkung von getrocknetem Joghurt als Starterkultur identisch mit der von frischem Joghurt<\/li>\n<\/ul>\n<h3>Lagerungshinweise Skyr-Starterkultur<\/h3>\n<p>Im K\u00fchl- oder Gefrierschrank. Bewahren Sie die Joghurtstarterkultur nach Gebrauch in einem Ziploc-Beutel oder in einem vakuumierten Beh\u00e4lter auf. Die Starterkultur ist sehr hydrophil &#8211; wenn Feuchtigkeit in die Packung gelangt, verschlechtert sich die Qualit\u00e4t. Im Gefrierschrank mindestens ein Jahr haltbar, in der Praxis jedoch l\u00e4nger.<\/p>\n<h3>Wie stellt man Skyr her?<\/h3>\n<p><strong>Ger\u00e4te<\/strong><\/p>\n<p>Joghurtbereiter, Dampfgarer oder Instant-Topf, K\u00e4setuch<\/p>\n<p><strong>Aktivieren Ihrer Starterkultur<\/strong><\/p>\n<ol>\n<li>Nehmen Sie 1 Liter sterilisierte Milch (oder pasteurisierte Milch, die 10 Minuten lang auf 90 Grad Celsius erhitzt und dann abgek\u00fchlt wurde).<\/li>\n<li>Die H\u00e4lfte der Skyr-Starterkultur in die Milch geben und SEHR gut umr\u00fchren. Die andere H\u00e4lfte kann als Reserve aufbewahrt werden.<\/li>\n<li>Einige Stunden lang bei Raumtemperatur stehen lassen und dann noch einmal umr\u00fchren. Es ist wichtig, dass sich die gesamte Starterkultur aufgel\u00f6st hat.<\/li>\n<li>Geben Sie diese Milch in Ihren Joghurtbereiter, Dampfgarer oder was auch immer Sie verwenden wollen.<\/li>\n<li>Die Milch bei 40-45 Grad Celsius etwa 10 Stunden lang g\u00e4ren lassen, ggf. 2 Std. l\u00e4nger. Haben Sie Geduld. Es kann zu einer gewissen Trennung kommen (Molke und Joghurt), was normal ist.<\/li>\n<li>In einem sauberen Handtuch, Kaffeefilter, Seihtuch oder festem K\u00fcchenpapier \u00fcber Nacht oder so lange wie gew\u00fcnscht abtropfen lassen (am besten im K\u00fchlschrank).<\/li>\n<li>Sie k\u00f6nnen einen Essl\u00f6ffel dieses Skyr verwenden, um neuen Skyr anzubauen.<\/li>\n<li>Im K\u00fchlschrank bis zu 7 Tage aufbewahren.<\/li>\n<li>Jetzt k\u00f6nnen Sie auch mit anderen Milchsorten spielen: Kuhmilch, Schafsmilch, Ziegenmilch, Magermilch, Vollmilch, Rohmilch usw. Oder bereiten Sie ihn mit Sahne zu. Beachten Sie, dass es schwierig ist, Joghurt zuzubereiten, insbesondere aus pasteurisierter Milch, da die Konsistenz d\u00fcnn bleibt. Erhitzen Sie die Milch einige Minuten lang auf 90 \u00b0C und lassen Sie sie wieder abk\u00fchlen. Dies gew\u00e4hrleistet eine bessere Konsistenz. Sterilisierte Milch muss nicht erhitzt werden.<\/li>\n<\/ol>\n<p><strong>Tipps<\/strong><\/p>\n<ol>\n<li>Eventuell einen Tropfen Lab f\u00fcr festeren Skyr verwenden<\/li>\n<li>Der Skyr erh\u00e4lt seine Dicke erst nach dem Abtropfen<\/li>\n<li>Manchmal braucht eine getrocknete Joghurtstarterkultur eine zweite &#8220;Fermentationsrunde&#8221;, um sein volles Potenzial zu entfalten. Das bedeutet, dass ein L\u00f6ffel der ersten Charge verwendet wird, um eine zweite zu beginnen. Die zweite Charge wird besser sein.<\/li>\n<\/ol>\n<p><strong>Erstellen einer Mutterstarterkultur<\/strong><\/p>\n<p>Anstatt den Skyr abtropfen zu lassen, k\u00f6nnen Sie den Skyr in diesem Stadium in Eisw\u00fcrfelbeuteln einfrieren. Sie k\u00f6nnen jeden W\u00fcrfel verwenden, um neuen Skyr herzustellen.<\/p>\n<h3 data-fontsize=\"21\" data-lineheight=\"27.3px\">Eine <span data-sheets-value=\"{\" data-sheets-userformat=\"{\">Skyr-Starterkultur<\/span> kaufen?<\/h3>\n<p>Bestellen Sie Ihre <span data-sheets-value=\"{\" data-sheets-userformat=\"{\">Skyr-Starterkultur<\/span> bei startercultures.eu, dem europ\u00e4ischen Webshop f\u00fcr Ihren gesamten Fermentationsbedarf. Von Meneer Wateetons, dem bekannten niederl\u00e4ndischen G\u00e4rungsexperten und Autor. Bestellen Sie werktags vor 15 Uhr und wir liefern noch am selben Tag. Fragen zur Verwendung des <span data-sheets-value=\"{\" data-sheets-userformat=\"{\">veganen K\u00e4se-Starterkits<\/span>? Fragen Sie in unserem Chat, wir helfen gerne weiter!<\/p>\n<h3>Online-Workshop &#8220;Veganen K\u00e4se zu Hause herstellen&#8221; (mit Untertiteln)<\/h3>\n<p>In <a href=\"https:\/\/startercultures.eu\/product\/vegan-main\/vegan-dairy\/online-english-subtitled-vegan-cheese-workshop\/\" target=\"_blank\" rel=\"noopener\">diesem Workshop mit englischen Untertiteln<\/a> lernen Sie die Theorie und Praxis der Herstellung von veganem K\u00e4se<img decoding=\"async\" class=\"lazyload  wp-image-24266 alignright\" src=\"https:\/\/startercultures.eu\/wp-content\/uploads\/2021\/06\/Vegan-cheese-starter-kit-300x222.png\" data-orig-src=\"https:\/\/startercultures.eu\/wp-content\/uploads\/2021\/06\/Vegan-cheese-starter-kit-300x222.png\" alt=\"Veganes Blauschimmelk\u00e4se Starterkultur Kit\" width=\"219\" height=\"162\" srcset=\"data:image\/svg+xml,%3Csvg%20xmlns%3D%27http%3A%2F%2Fwww.w3.org%2F2000%2Fsvg%27%20width%3D%27219%27%20height%3D%27162%27%20viewBox%3D%270%200%20219%20162%27%3E%3Crect%20width%3D%27219%27%20height%3D%27162%27%20fill-opacity%3D%220%22%2F%3E%3C%2Fsvg%3E\" data-srcset=\"https:\/\/startercultures.eu\/wp-content\/uploads\/2021\/06\/Vegan-cheese-starter-kit-200x148.png 200w, https:\/\/startercultures.eu\/wp-content\/uploads\/2021\/06\/Vegan-cheese-starter-kit-300x222.png 300w, https:\/\/startercultures.eu\/wp-content\/uploads\/2021\/06\/Vegan-cheese-starter-kit-400x296.png 400w, https:\/\/startercultures.eu\/wp-content\/uploads\/2021\/06\/Vegan-cheese-starter-kit-500x370.png 500w, https:\/\/startercultures.eu\/wp-content\/uploads\/2021\/06\/Vegan-cheese-starter-kit-600x445.png 600w, https:\/\/startercultures.eu\/wp-content\/uploads\/2021\/06\/Vegan-cheese-starter-kit-700x519.png 700w, https:\/\/startercultures.eu\/wp-content\/uploads\/2021\/06\/Vegan-cheese-starter-kit-768x569.png 768w, https:\/\/startercultures.eu\/wp-content\/uploads\/2021\/06\/Vegan-cheese-starter-kit-800x593.png 800w, https:\/\/startercultures.eu\/wp-content\/uploads\/2021\/06\/Vegan-cheese-starter-kit-1024x759.png 1024w, https:\/\/startercultures.eu\/wp-content\/uploads\/2021\/06\/Vegan-cheese-starter-kit.png 1200w\" data-sizes=\"auto\" data-orig-sizes=\"(max-width: 219px) 100vw, 219px\" \/>s zu Hause, mit dem Schwerpunkt auf veganem Camembert und veganem Blauschimmelk\u00e4se. Foodwriter <a href=\"https:\/\/wateetons.com\/\" target=\"_blank\" rel=\"noopener\">&#8216;Meneer Wateetons&#8217;<\/a>, Autor mehrerer B\u00fccher \u00fcber Fermentierung und alternative Lebensmittelzubereitungstechniken, wird Ihnen alles \u00fcber Fermentierung, P\u00f6kelsalze, Lebensmittelsicherheit, pH-Wert, Starterkulturen, Schimmelpilze und Trocknungsbedingungen beibringen. Klicken Sie <a href=\"https:\/\/startercultures.eu\/product\/vegan-main\/vegan-dairy\/online-english-subtitled-vegan-cheese-workshop\/\" target=\"_blank\" rel=\"noopener\">hier<\/a> f\u00fcr weitere Informationen.<\/p>\n","protected":false},"excerpt":{"rendered":"<p>Skyr ist ein isl\u00e4ndisches Molkereiprodukt. Er hat die Konsistenz eines dicken, fast quark\u00e4hnlichen Joghurts, ist aber milder im Geschmack.<\/p>\n","protected":false},"featured_media":29454,"comment_status":"open","ping_status":"closed","template":"","meta":{"_acf_changed":false,"footnotes":""},"product_brand":[],"product_cat":[675,677,811],"product_tag":[],"class_list":{"0":"post-25087","1":"product","2":"type-product","3":"status-publish","4":"has-post-thumbnail","6":"product_cat-joghurt","7":"product_cat-starterkulturen-de","8":"product_cat-thermophile","9":"pa_ean-8720297620263-de","11":"first","12":"instock","13":"taxable","14":"shipping-taxable","15":"purchasable","16":"product-type-simple"},"acf":[],"yoast_head":"<!-- This site is optimized with the Yoast SEO plugin v26.6 - https:\/\/yoast.com\/wordpress\/plugins\/seo\/ -->\n<title>Skyr-Joghurt-Starterkultur | f\u00fcr selbstgemachten Joghurt - Startercultures.eu<\/title>\n<meta name=\"description\" content=\"Mit dieser Skyr-Starterkultur stellen Sie den typisch milden isl\u00e4ndischen Skyr her. Er hat die Konsistenz eines dicken, fast quark\u00e4hnlichen Joghurts.\" \/>\n<meta name=\"robots\" content=\"index, follow, max-snippet:-1, max-image-preview:large, max-video-preview:-1\" \/>\n<link rel=\"canonical\" href=\"https:\/\/startercultures.eu\/de\/product\/fermentation-de\/molkerei\/joghurt\/skyr\/\" \/>\n<meta property=\"og:locale\" content=\"de_DE\" \/>\n<meta property=\"og:type\" content=\"article\" \/>\n<meta property=\"og:title\" content=\"Skyr-Joghurt-Starterkultur | f\u00fcr selbstgemachten Joghurt - Startercultures.eu\" \/>\n<meta property=\"og:description\" content=\"Mit dieser Skyr-Starterkultur stellen Sie den typisch milden isl\u00e4ndischen Skyr her. Er hat die Konsistenz eines dicken, fast quark\u00e4hnlichen Joghurts.\" \/>\n<meta property=\"og:url\" content=\"https:\/\/startercultures.eu\/de\/product\/fermentation-de\/molkerei\/joghurt\/skyr\/\" \/>\n<meta property=\"og:site_name\" content=\"Startercultures.eu\" \/>\n<meta property=\"article:publisher\" content=\"https:\/\/www.facebook.com\/startercultureseu\" \/>\n<meta property=\"article:modified_time\" content=\"2026-04-22T14:48:31+00:00\" \/>\n<meta property=\"og:image\" content=\"https:\/\/startercultures.eu\/wp-content\/uploads\/2020\/07\/Skyr-yoghurt-starter-culture.jpg\" \/>\n\t<meta property=\"og:image:width\" content=\"701\" \/>\n\t<meta property=\"og:image:height\" content=\"800\" \/>\n\t<meta property=\"og:image:type\" content=\"image\/jpeg\" \/>\n<meta name=\"twitter:card\" content=\"summary_large_image\" \/>\n<meta name=\"twitter:label1\" content=\"Price\" \/>\n\t<meta name=\"twitter:data1\" content=\"11,99\" \/>\n\t<meta name=\"twitter:label2\" content=\"Availability\" \/>\n\t<meta name=\"twitter:data2\" content=\"Vorr\u00e4tig\" \/>\n<script type=\"application\/ld+json\" class=\"yoast-schema-graph\">{\"@context\":\"https:\/\/schema.org\",\"@graph\":[{\"@type\":\"WebPage\",\"@id\":\"https:\/\/startercultures.eu\/de\/product\/fermentation-de\/molkerei\/joghurt\/skyr\/\",\"url\":\"https:\/\/startercultures.eu\/de\/product\/fermentation-de\/molkerei\/joghurt\/skyr\/\",\"name\":\"Skyr-Joghurt-Starterkultur | f\u00fcr selbstgemachten Joghurt - Startercultures.eu\",\"isPartOf\":{\"@id\":\"https:\/\/startercultures.eu\/de\/#website\"},\"primaryImageOfPage\":{\"@id\":\"https:\/\/startercultures.eu\/de\/product\/fermentation-de\/molkerei\/joghurt\/skyr\/#primaryimage\"},\"image\":{\"@id\":\"https:\/\/startercultures.eu\/de\/product\/fermentation-de\/molkerei\/joghurt\/skyr\/#primaryimage\"},\"thumbnailUrl\":\"https:\/\/startercultures.eu\/wp-content\/uploads\/2020\/07\/Skyr-yoghurt-starter-culture.jpg\",\"datePublished\":\"2020-07-31T16:33:58+00:00\",\"dateModified\":\"2026-04-22T14:48:31+00:00\",\"description\":\"Mit dieser Skyr-Starterkultur stellen Sie den typisch milden isl\u00e4ndischen Skyr her. Er hat die Konsistenz eines dicken, fast quark\u00e4hnlichen Joghurts.\",\"breadcrumb\":{\"@id\":\"https:\/\/startercultures.eu\/de\/product\/fermentation-de\/molkerei\/joghurt\/skyr\/#breadcrumb\"},\"inLanguage\":\"de-DE\",\"potentialAction\":[{\"@type\":\"ReadAction\",\"target\":[\"https:\/\/startercultures.eu\/de\/product\/fermentation-de\/molkerei\/joghurt\/skyr\/\"]}]},{\"@type\":\"ImageObject\",\"inLanguage\":\"de-DE\",\"@id\":\"https:\/\/startercultures.eu\/de\/product\/fermentation-de\/molkerei\/joghurt\/skyr\/#primaryimage\",\"url\":\"https:\/\/startercultures.eu\/wp-content\/uploads\/2020\/07\/Skyr-yoghurt-starter-culture.jpg\",\"contentUrl\":\"https:\/\/startercultures.eu\/wp-content\/uploads\/2020\/07\/Skyr-yoghurt-starter-culture.jpg\",\"width\":701,\"height\":800},{\"@type\":\"BreadcrumbList\",\"@id\":\"https:\/\/startercultures.eu\/de\/product\/fermentation-de\/molkerei\/joghurt\/skyr\/#breadcrumb\",\"itemListElement\":[{\"@type\":\"ListItem\",\"position\":1,\"name\":\"Home\",\"item\":\"https:\/\/startercultures.eu\/de\/\"},{\"@type\":\"ListItem\",\"position\":2,\"name\":\"Shop\",\"item\":\"https:\/\/startercultures.eu\/shop\/\"},{\"@type\":\"ListItem\",\"position\":3,\"name\":\"Skyr-Joghurt-Starterkultur | f\u00fcr selbstgemachten Joghurt\"}]},{\"@type\":\"WebSite\",\"@id\":\"https:\/\/startercultures.eu\/de\/#website\",\"url\":\"https:\/\/startercultures.eu\/de\/\",\"name\":\"Startercultures.eu\",\"description\":\"Startercultures.eu\",\"publisher\":{\"@id\":\"https:\/\/startercultures.eu\/de\/#organization\"},\"potentialAction\":[{\"@type\":\"SearchAction\",\"target\":{\"@type\":\"EntryPoint\",\"urlTemplate\":\"https:\/\/startercultures.eu\/de\/?s={search_term_string}\"},\"query-input\":{\"@type\":\"PropertyValueSpecification\",\"valueRequired\":true,\"valueName\":\"search_term_string\"}}],\"inLanguage\":\"de-DE\"},{\"@type\":\"Organization\",\"@id\":\"https:\/\/startercultures.eu\/de\/#organization\",\"name\":\"Startercultures.eu\",\"url\":\"https:\/\/startercultures.eu\/de\/\",\"logo\":{\"@type\":\"ImageObject\",\"inLanguage\":\"de-DE\",\"@id\":\"https:\/\/startercultures.eu\/de\/#\/schema\/logo\/image\/\",\"url\":\"https:\/\/startercultures.eu\/wp-content\/uploads\/2020\/08\/startercultures-eu-nl-logo-rond-rgb.png\",\"contentUrl\":\"https:\/\/startercultures.eu\/wp-content\/uploads\/2020\/08\/startercultures-eu-nl-logo-rond-rgb.png\",\"width\":320,\"height\":320,\"caption\":\"Startercultures.eu\"},\"image\":{\"@id\":\"https:\/\/startercultures.eu\/de\/#\/schema\/logo\/image\/\"},\"sameAs\":[\"https:\/\/www.facebook.com\/startercultureseu\",\"https:\/\/www.instagram.com\/startercultures.eu\/\"],\"hasMerchantReturnPolicy\":{\"@type\":\"MerchantReturnPolicy\",\"merchantReturnLink\":\"https:\/\/startercultures.eu\/return-policy\/\"}}]}<\/script>\n<meta property=\"product:price:amount\" content=\"11.99\" \/>\n<meta property=\"product:price:currency\" content=\"EUR\" \/>\n<meta property=\"og:availability\" content=\"instock\" \/>\n<meta property=\"product:availability\" content=\"instock\" \/>\n<meta property=\"product:retailer_item_id\" content=\"67\" \/>\n<meta property=\"product:condition\" content=\"new\" \/>\n<!-- \/ Yoast SEO plugin. -->","yoast_head_json":{"title":"Skyr-Joghurt-Starterkultur | f\u00fcr selbstgemachten Joghurt - Startercultures.eu","description":"Mit dieser Skyr-Starterkultur stellen Sie den typisch milden isl\u00e4ndischen Skyr her. Er hat die Konsistenz eines dicken, fast quark\u00e4hnlichen Joghurts.","robots":{"index":"index","follow":"follow","max-snippet":"max-snippet:-1","max-image-preview":"max-image-preview:large","max-video-preview":"max-video-preview:-1"},"canonical":"https:\/\/startercultures.eu\/de\/product\/fermentation-de\/molkerei\/joghurt\/skyr\/","og_locale":"de_DE","og_type":"article","og_title":"Skyr-Joghurt-Starterkultur | f\u00fcr selbstgemachten Joghurt - Startercultures.eu","og_description":"Mit dieser Skyr-Starterkultur stellen Sie den typisch milden isl\u00e4ndischen Skyr her. Er hat die Konsistenz eines dicken, fast quark\u00e4hnlichen Joghurts.","og_url":"https:\/\/startercultures.eu\/de\/product\/fermentation-de\/molkerei\/joghurt\/skyr\/","og_site_name":"Startercultures.eu","article_publisher":"https:\/\/www.facebook.com\/startercultureseu","article_modified_time":"2026-04-22T14:48:31+00:00","og_image":[{"width":701,"height":800,"url":"https:\/\/startercultures.eu\/wp-content\/uploads\/2020\/07\/Skyr-yoghurt-starter-culture.jpg","type":"image\/jpeg"}],"twitter_card":"summary_large_image","twitter_misc":{"Price":"11,99","Availability":"Vorr\u00e4tig"},"schema":{"@context":"https:\/\/schema.org","@graph":[{"@type":"WebPage","@id":"https:\/\/startercultures.eu\/de\/product\/fermentation-de\/molkerei\/joghurt\/skyr\/","url":"https:\/\/startercultures.eu\/de\/product\/fermentation-de\/molkerei\/joghurt\/skyr\/","name":"Skyr-Joghurt-Starterkultur | f\u00fcr selbstgemachten Joghurt - Startercultures.eu","isPartOf":{"@id":"https:\/\/startercultures.eu\/de\/#website"},"primaryImageOfPage":{"@id":"https:\/\/startercultures.eu\/de\/product\/fermentation-de\/molkerei\/joghurt\/skyr\/#primaryimage"},"image":{"@id":"https:\/\/startercultures.eu\/de\/product\/fermentation-de\/molkerei\/joghurt\/skyr\/#primaryimage"},"thumbnailUrl":"https:\/\/startercultures.eu\/wp-content\/uploads\/2020\/07\/Skyr-yoghurt-starter-culture.jpg","datePublished":"2020-07-31T16:33:58+00:00","dateModified":"2026-04-22T14:48:31+00:00","description":"Mit dieser Skyr-Starterkultur stellen Sie den typisch milden isl\u00e4ndischen Skyr her. Er hat die Konsistenz eines dicken, fast quark\u00e4hnlichen Joghurts.","breadcrumb":{"@id":"https:\/\/startercultures.eu\/de\/product\/fermentation-de\/molkerei\/joghurt\/skyr\/#breadcrumb"},"inLanguage":"de-DE","potentialAction":[{"@type":"ReadAction","target":["https:\/\/startercultures.eu\/de\/product\/fermentation-de\/molkerei\/joghurt\/skyr\/"]}]},{"@type":"ImageObject","inLanguage":"de-DE","@id":"https:\/\/startercultures.eu\/de\/product\/fermentation-de\/molkerei\/joghurt\/skyr\/#primaryimage","url":"https:\/\/startercultures.eu\/wp-content\/uploads\/2020\/07\/Skyr-yoghurt-starter-culture.jpg","contentUrl":"https:\/\/startercultures.eu\/wp-content\/uploads\/2020\/07\/Skyr-yoghurt-starter-culture.jpg","width":701,"height":800},{"@type":"BreadcrumbList","@id":"https:\/\/startercultures.eu\/de\/product\/fermentation-de\/molkerei\/joghurt\/skyr\/#breadcrumb","itemListElement":[{"@type":"ListItem","position":1,"name":"Home","item":"https:\/\/startercultures.eu\/de\/"},{"@type":"ListItem","position":2,"name":"Shop","item":"https:\/\/startercultures.eu\/shop\/"},{"@type":"ListItem","position":3,"name":"Skyr-Joghurt-Starterkultur | f\u00fcr selbstgemachten Joghurt"}]},{"@type":"WebSite","@id":"https:\/\/startercultures.eu\/de\/#website","url":"https:\/\/startercultures.eu\/de\/","name":"Startercultures.eu","description":"Startercultures.eu","publisher":{"@id":"https:\/\/startercultures.eu\/de\/#organization"},"potentialAction":[{"@type":"SearchAction","target":{"@type":"EntryPoint","urlTemplate":"https:\/\/startercultures.eu\/de\/?s={search_term_string}"},"query-input":{"@type":"PropertyValueSpecification","valueRequired":true,"valueName":"search_term_string"}}],"inLanguage":"de-DE"},{"@type":"Organization","@id":"https:\/\/startercultures.eu\/de\/#organization","name":"Startercultures.eu","url":"https:\/\/startercultures.eu\/de\/","logo":{"@type":"ImageObject","inLanguage":"de-DE","@id":"https:\/\/startercultures.eu\/de\/#\/schema\/logo\/image\/","url":"https:\/\/startercultures.eu\/wp-content\/uploads\/2020\/08\/startercultures-eu-nl-logo-rond-rgb.png","contentUrl":"https:\/\/startercultures.eu\/wp-content\/uploads\/2020\/08\/startercultures-eu-nl-logo-rond-rgb.png","width":320,"height":320,"caption":"Startercultures.eu"},"image":{"@id":"https:\/\/startercultures.eu\/de\/#\/schema\/logo\/image\/"},"sameAs":["https:\/\/www.facebook.com\/startercultureseu","https:\/\/www.instagram.com\/startercultures.eu\/"],"hasMerchantReturnPolicy":{"@type":"MerchantReturnPolicy","merchantReturnLink":"https:\/\/startercultures.eu\/return-policy\/"}}]},"product_price_amount":"11.99","product_price_currency":"EUR","og_availability":"instock","product_availability":"instock","product_retailer_item_id":"67","product_condition":"new"},"_links":{"self":[{"href":"https:\/\/startercultures.eu\/de\/wp-json\/wp\/v2\/product\/25087","targetHints":{"allow":["GET"]}}],"collection":[{"href":"https:\/\/startercultures.eu\/de\/wp-json\/wp\/v2\/product"}],"about":[{"href":"https:\/\/startercultures.eu\/de\/wp-json\/wp\/v2\/types\/product"}],"replies":[{"embeddable":true,"href":"https:\/\/startercultures.eu\/de\/wp-json\/wp\/v2\/comments?post=25087"}],"version-history":[{"count":3,"href":"https:\/\/startercultures.eu\/de\/wp-json\/wp\/v2\/product\/25087\/revisions"}],"predecessor-version":[{"id":72364,"href":"https:\/\/startercultures.eu\/de\/wp-json\/wp\/v2\/product\/25087\/revisions\/72364"}],"wp:featuredmedia":[{"embeddable":true,"href":"https:\/\/startercultures.eu\/de\/wp-json\/wp\/v2\/media\/29454"}],"wp:attachment":[{"href":"https:\/\/startercultures.eu\/de\/wp-json\/wp\/v2\/media?parent=25087"}],"wp:term":[{"taxonomy":"product_brand","embeddable":true,"href":"https:\/\/startercultures.eu\/de\/wp-json\/wp\/v2\/product_brand?post=25087"},{"taxonomy":"product_cat","embeddable":true,"href":"https:\/\/startercultures.eu\/de\/wp-json\/wp\/v2\/product_cat?post=25087"},{"taxonomy":"product_tag","embeddable":true,"href":"https:\/\/startercultures.eu\/de\/wp-json\/wp\/v2\/product_tag?post=25087"}],"curies":[{"name":"wp","href":"https:\/\/api.w.org\/{rel}","templated":true}]}}