{"id":25092,"date":"2020-07-31T16:34:40","date_gmt":"2020-07-31T16:34:40","guid":{"rendered":"https:\/\/startercultures.eu\/product\/unkategorisiert\/rotpot-blasen-starterkit\/"},"modified":"2025-10-01T01:15:15","modified_gmt":"2025-09-30T23:15:15","slug":"rotpot-blasen-starterkultur-kit","status":"publish","type":"product","link":"https:\/\/startercultures.eu\/de\/product\/fermentation-de\/sodas\/rotpot-blasen-starterkultur-kit\/","title":{"rendered":"RotPot Blasen-Starterkit"},"content":{"rendered":"<p>Machen Sie Ihre Apfelblasen mit dem einmaligen RotPot.<\/p>\n<p>Nach der erfolgreichen <a href=\"https:\/\/www.mijnwebwinkel.nl\/winkel\/starterculturen\/en_GB\/a-58312616\/starterkits\/rotpot-vegetable-fermentation-starterkit\/\">Sauerkraut- und Kimchi-Variante, mit der Sie Ihr eigenes Gem\u00fcse fermentieren k\u00f6nnen<\/a>, stellen wir die erste Getr\u00e4nkevariante vor: RotPot Bubbles.<\/p>\n<p>Wir alle kennen vergorene Getr\u00e4nke wie Bier, Wein und Sekt. In Osteuropa und Russland trinkt man Kwas aus altem Brot, in Mexiko liebt man Tepache, ein Getr\u00e4nk aus fermentierter Ananas. Hier ist also unser eigenes fermentiertes Getr\u00e4nk aus dem Flachland: Apfelschorle! Nur aus \u00c4pfeln, die das ganze Jahr \u00fcber erh\u00e4ltlich sind und aus der Region stammen.<\/p>\n<p>Wenn man den Apfel mit den Gew\u00fcrzen g\u00e4ren l\u00e4sst, entsteht ein frisches, leicht sprudelndes Getr\u00e4nk. Aufgrund der kurzen G\u00e4rungszeit enth\u00e4lt das sprudelnde Getr\u00e4nk nur wenig Alkohol und ist eine gute Alternative zu Wein oder Champagner.<\/p>\n<h3><strong>Soda-f\u00fcr-Erwachsene<\/strong><\/h3>\n<p>Apfel Bubbles ist eine Limonade f\u00fcr Erwachsene. Durch die G\u00e4rung erh\u00e4lt das Getr\u00e4nk einen &#8220;erwachsenen&#8221; Geschmack. Er erinnert an Apfelwein, aber mit sehr wenig Alkohol. Das Endergebnis, einschlie\u00dflich des Alkoholgehalts, h\u00e4ngt von verschiedenen Faktoren ab, wie z. B. den aktiven Bakterien und Hefen in Ihrem Getr\u00e4nk, der Raumtemperatur und der Dauer der G\u00e4rung, und wird daher immer unterschiedlich sein.<\/p>\n<h3><strong>Inhalt<\/strong><\/h3>\n<ul>\n<li>1 wiederverwendbares Glasgef\u00e4\u00df (ca. 1 Liter) mit einer \u00d6ffnung von 10 cm Durchmesser<\/li>\n<li>1 Gew\u00fcrzmischung (Zucker, Zimt, Fenchelsamen, Kardamom)<\/li>\n<li>1 Gummiband<\/li>\n<li>1 K\u00e4setuch<\/li>\n<li>1 pH-Streifen<\/li>\n<\/ul>\n<h3><strong>Rotterdam RotPot<\/strong><\/h3>\n<p>RotPot wurde in Rotterdam entwickelt und wird in einem nahegelegenen sozialen Betrieb hergestellt. Die Komponenten sind sorgf\u00e4ltig ausgew\u00e4hlt, lebensmittelecht und k\u00f6nnen endlos wiederverwendet werden. Die Kr\u00e4uter und Gew\u00fcrze werden nach M\u00f6glichkeit von zertifizierten Bio-Lieferanten bezogen.<\/p>\n<h3><strong>Wiederverwendbar<\/strong><\/h3>\n<p>Sie k\u00f6nnen den RotPot endlos wiederverwenden und von nun an Ihre eigenen Blasen f\u00fcr den Rest Ihres Lebens kreieren. F\u00fcgen Sie einfach neue Fr\u00fcchte, Gew\u00fcrze und Zucker hinzu. Vielleicht mit Birne? Ananas?<\/p>\n<h3>Englischsprachiger Online-Workshop &#8220;Miso selber machen<img decoding=\"async\" class=\"lazyload  wp-image-23963 alignright\" src=\"https:\/\/startercultures.eu\/wp-content\/uploads\/2020\/12\/fermentation-450-300x300.png\" data-orig-src=\"https:\/\/startercultures.eu\/wp-content\/uploads\/2020\/12\/fermentation-450-300x300.png\" alt=\"Fermentation workshops\" width=\"135\" height=\"135\" srcset=\"data:image\/svg+xml,%3Csvg%20xmlns%3D%27http%3A%2F%2Fwww.w3.org%2F2000%2Fsvg%27%20width%3D%27135%27%20height%3D%27135%27%20viewBox%3D%270%200%20135%20135%27%3E%3Crect%20width%3D%27135%27%20height%3D%27135%27%20fill-opacity%3D%220%22%2F%3E%3C%2Fsvg%3E\" data-srcset=\"https:\/\/startercultures.eu\/wp-content\/uploads\/2020\/12\/fermentation-450-66x66.png 66w, https:\/\/startercultures.eu\/wp-content\/uploads\/2020\/12\/fermentation-450-70x70.png 70w, https:\/\/startercultures.eu\/wp-content\/uploads\/2020\/12\/fermentation-450-100x100.png 100w, https:\/\/startercultures.eu\/wp-content\/uploads\/2020\/12\/fermentation-450-150x150.png 150w, https:\/\/startercultures.eu\/wp-content\/uploads\/2020\/12\/fermentation-450-200x200.png 200w, https:\/\/startercultures.eu\/wp-content\/uploads\/2020\/12\/fermentation-450-300x300.png 300w, https:\/\/startercultures.eu\/wp-content\/uploads\/2020\/12\/fermentation-450-400x401.png 400w, https:\/\/startercultures.eu\/wp-content\/uploads\/2020\/12\/fermentation-450.png 450w\" data-sizes=\"auto\" data-orig-sizes=\"(max-width: 135px) 100vw, 135px\" \/><\/h3>\n<p>In<a href=\"https:\/\/startercultures.eu\/product\/workshops-2\/online-on-demand-workshop-how-to-make-your-own-miso\/\" target=\"_blank\" rel=\"noopener\"> diesem Online-Meisterkurs<\/a> zeigt Ihnen der niederl\u00e4ndische Foodwriter und Fermentationsexperte Meneer Wateetons, wie Sie Ihr eigenes <a href=\"https:\/\/en.wikipedia.org\/wiki\/Miso\" target=\"_blank\" rel=\"noopener\">Miso<\/a> herstellen k\u00f6nnen. Durch eine besondere Form der Fermentation entsteht aus zwei sehr bescheidenen und eher langweiligen Zutaten eine der sch\u00f6nsten und komplexesten Substanzen der Welt. Herr Wateetons erz\u00e4hlt Ihnen genau, wie die Fermentation funktioniert und was Sie daf\u00fcr brauchen, wie Sie von nun an Miso zu Hause herstellen, wie Sie den Prozess der Miso-Herstellung beschleunigen, wie Sie diese beiden Grundzutaten endlos variieren und was f\u00fcr coole Sachen Sie mit Miso machen k\u00f6nnen. Klicken Sie <a href=\"https:\/\/startercultures.eu\/product\/workshops-2\/online-on-demand-workshop-how-to-make-your-own-miso\/\" target=\"_blank\" rel=\"noopener\">hier <\/a>f\u00fcr weitere Informationen.<\/p>\n","protected":false},"excerpt":{"rendered":"<p>In Osteuropa und Russland trinkt man Kwas aus altem Brot, in Mexiko liebt man Tepache, ein Getr\u00e4nk aus fermentierter Ananas. Jetzt gibt es also eine eigene Variante aus dem Unterland: Apfelsprudel!<\/p>\n","protected":false},"featured_media":24188,"comment_status":"open","ping_status":"closed","template":"","meta":{"_acf_changed":false,"footnotes":""},"product_brand":[],"product_cat":[648,726,693,740,687,997],"product_tag":[],"class_list":{"0":"post-25092","1":"product","2":"type-product","3":"status-publish","4":"has-post-thumbnail","6":"product_cat-fermentieren","7":"product_cat-sodas","8":"product_cat-starterkits","9":"product_cat-starterkits-de-6","10":"product_cat-vegane-limonaden","11":"product_cat-alkohol","12":"product_shipping_class-klein-pakket-de","14":"first","15":"instock","16":"taxable","17":"shipping-taxable","18":"purchasable","19":"product-type-simple"},"acf":[],"yoast_head":"<!-- This site is optimized with the Yoast SEO plugin v26.6 - https:\/\/yoast.com\/wordpress\/plugins\/seo\/ -->\n<title>RotPot Blasen-Starterkit - Startercultures.eu<\/title>\n<meta name=\"description\" content=\"Stellen Sie Ihr eigenes fermentiertes Apfelgetr\u00e4nk mit dem rotpot Blasen Starterkultur Kit her. Auch zur Herstellung von Apfelwein und anderen fermentierten Getr\u00e4nken.\" \/>\n<meta name=\"robots\" content=\"index, follow, max-snippet:-1, max-image-preview:large, max-video-preview:-1\" \/>\n<link rel=\"canonical\" href=\"https:\/\/startercultures.eu\/de\/product\/fermentation-de\/sodas\/rotpot-blasen-starterkultur-kit\/\" \/>\n<meta property=\"og:locale\" content=\"de_DE\" \/>\n<meta property=\"og:type\" content=\"article\" \/>\n<meta property=\"og:title\" content=\"RotPot Blasen-Starterkit - Startercultures.eu\" \/>\n<meta property=\"og:description\" content=\"Stellen Sie Ihr eigenes fermentiertes Apfelgetr\u00e4nk mit dem rotpot Blasen Starterkultur Kit her. Auch zur Herstellung von Apfelwein und anderen fermentierten Getr\u00e4nken.\" \/>\n<meta property=\"og:url\" content=\"https:\/\/startercultures.eu\/de\/product\/fermentation-de\/sodas\/rotpot-blasen-starterkultur-kit\/\" \/>\n<meta property=\"og:site_name\" content=\"Startercultures.eu\" \/>\n<meta property=\"article:publisher\" content=\"https:\/\/www.facebook.com\/startercultureseu\" \/>\n<meta property=\"article:modified_time\" content=\"2025-09-30T23:15:15+00:00\" \/>\n<meta property=\"og:image\" content=\"https:\/\/startercultures.eu\/wp-content\/uploads\/2020\/07\/rotpot-bubbels-865x1200-2.jpg\" \/>\n\t<meta property=\"og:image:width\" content=\"1300\" \/>\n\t<meta property=\"og:image:height\" content=\"1300\" \/>\n\t<meta property=\"og:image:type\" content=\"image\/jpeg\" \/>\n<meta name=\"twitter:card\" content=\"summary_large_image\" \/>\n<meta name=\"twitter:label1\" content=\"Price\" \/>\n\t<meta name=\"twitter:data1\" content=\"29,75\" \/>\n\t<meta name=\"twitter:label2\" content=\"Availability\" \/>\n\t<meta name=\"twitter:data2\" content=\"Vorr\u00e4tig\" \/>\n<script type=\"application\/ld+json\" class=\"yoast-schema-graph\">{\"@context\":\"https:\/\/schema.org\",\"@graph\":[{\"@type\":\"WebPage\",\"@id\":\"https:\/\/startercultures.eu\/de\/product\/fermentation-de\/sodas\/rotpot-blasen-starterkultur-kit\/\",\"url\":\"https:\/\/startercultures.eu\/de\/product\/fermentation-de\/sodas\/rotpot-blasen-starterkultur-kit\/\",\"name\":\"RotPot Blasen-Starterkit - Startercultures.eu\",\"isPartOf\":{\"@id\":\"https:\/\/startercultures.eu\/de\/#website\"},\"primaryImageOfPage\":{\"@id\":\"https:\/\/startercultures.eu\/de\/product\/fermentation-de\/sodas\/rotpot-blasen-starterkultur-kit\/#primaryimage\"},\"image\":{\"@id\":\"https:\/\/startercultures.eu\/de\/product\/fermentation-de\/sodas\/rotpot-blasen-starterkultur-kit\/#primaryimage\"},\"thumbnailUrl\":\"https:\/\/startercultures.eu\/wp-content\/uploads\/2020\/07\/rotpot-bubbels-865x1200-2.jpg\",\"datePublished\":\"2020-07-31T16:34:40+00:00\",\"dateModified\":\"2025-09-30T23:15:15+00:00\",\"description\":\"Stellen Sie Ihr eigenes fermentiertes Apfelgetr\u00e4nk mit dem rotpot Blasen Starterkultur Kit her. Auch zur Herstellung von Apfelwein und anderen fermentierten Getr\u00e4nken.\",\"breadcrumb\":{\"@id\":\"https:\/\/startercultures.eu\/de\/product\/fermentation-de\/sodas\/rotpot-blasen-starterkultur-kit\/#breadcrumb\"},\"inLanguage\":\"de-DE\",\"potentialAction\":[{\"@type\":\"ReadAction\",\"target\":[\"https:\/\/startercultures.eu\/de\/product\/fermentation-de\/sodas\/rotpot-blasen-starterkultur-kit\/\"]}]},{\"@type\":\"ImageObject\",\"inLanguage\":\"de-DE\",\"@id\":\"https:\/\/startercultures.eu\/de\/product\/fermentation-de\/sodas\/rotpot-blasen-starterkultur-kit\/#primaryimage\",\"url\":\"https:\/\/startercultures.eu\/wp-content\/uploads\/2020\/07\/rotpot-bubbels-865x1200-2.jpg\",\"contentUrl\":\"https:\/\/startercultures.eu\/wp-content\/uploads\/2020\/07\/rotpot-bubbels-865x1200-2.jpg\",\"width\":1300,\"height\":1300,\"caption\":\"Rotpott-Blasen\"},{\"@type\":\"BreadcrumbList\",\"@id\":\"https:\/\/startercultures.eu\/de\/product\/fermentation-de\/sodas\/rotpot-blasen-starterkultur-kit\/#breadcrumb\",\"itemListElement\":[{\"@type\":\"ListItem\",\"position\":1,\"name\":\"Home\",\"item\":\"https:\/\/startercultures.eu\/de\/\"},{\"@type\":\"ListItem\",\"position\":2,\"name\":\"Shop\",\"item\":\"https:\/\/startercultures.eu\/shop\/\"},{\"@type\":\"ListItem\",\"position\":3,\"name\":\"RotPot Blasen-Starterkit\"}]},{\"@type\":\"WebSite\",\"@id\":\"https:\/\/startercultures.eu\/de\/#website\",\"url\":\"https:\/\/startercultures.eu\/de\/\",\"name\":\"Startercultures.eu\",\"description\":\"Startercultures.eu\",\"publisher\":{\"@id\":\"https:\/\/startercultures.eu\/de\/#organization\"},\"potentialAction\":[{\"@type\":\"SearchAction\",\"target\":{\"@type\":\"EntryPoint\",\"urlTemplate\":\"https:\/\/startercultures.eu\/de\/?s={search_term_string}\"},\"query-input\":{\"@type\":\"PropertyValueSpecification\",\"valueRequired\":true,\"valueName\":\"search_term_string\"}}],\"inLanguage\":\"de-DE\"},{\"@type\":\"Organization\",\"@id\":\"https:\/\/startercultures.eu\/de\/#organization\",\"name\":\"Startercultures.eu\",\"url\":\"https:\/\/startercultures.eu\/de\/\",\"logo\":{\"@type\":\"ImageObject\",\"inLanguage\":\"de-DE\",\"@id\":\"https:\/\/startercultures.eu\/de\/#\/schema\/logo\/image\/\",\"url\":\"https:\/\/startercultures.eu\/wp-content\/uploads\/2020\/08\/startercultures-eu-nl-logo-rond-rgb.png\",\"contentUrl\":\"https:\/\/startercultures.eu\/wp-content\/uploads\/2020\/08\/startercultures-eu-nl-logo-rond-rgb.png\",\"width\":320,\"height\":320,\"caption\":\"Startercultures.eu\"},\"image\":{\"@id\":\"https:\/\/startercultures.eu\/de\/#\/schema\/logo\/image\/\"},\"sameAs\":[\"https:\/\/www.facebook.com\/startercultureseu\",\"https:\/\/www.instagram.com\/startercultures.eu\/\"],\"hasMerchantReturnPolicy\":{\"@type\":\"MerchantReturnPolicy\",\"merchantReturnLink\":\"https:\/\/startercultures.eu\/return-policy\/\"}}]}<\/script>\n<meta property=\"product:price:amount\" content=\"29.75\" \/>\n<meta property=\"product:price:currency\" content=\"EUR\" \/>\n<meta property=\"og:availability\" content=\"instock\" \/>\n<meta property=\"product:availability\" content=\"instock\" \/>\n<meta property=\"product:retailer_item_id\" content=\"109\" \/>\n<meta property=\"product:condition\" content=\"new\" \/>\n<!-- \/ Yoast SEO plugin. -->","yoast_head_json":{"title":"RotPot Blasen-Starterkit - Startercultures.eu","description":"Stellen Sie Ihr eigenes fermentiertes Apfelgetr\u00e4nk mit dem rotpot Blasen Starterkultur Kit her. Auch zur Herstellung von Apfelwein und anderen fermentierten Getr\u00e4nken.","robots":{"index":"index","follow":"follow","max-snippet":"max-snippet:-1","max-image-preview":"max-image-preview:large","max-video-preview":"max-video-preview:-1"},"canonical":"https:\/\/startercultures.eu\/de\/product\/fermentation-de\/sodas\/rotpot-blasen-starterkultur-kit\/","og_locale":"de_DE","og_type":"article","og_title":"RotPot Blasen-Starterkit - Startercultures.eu","og_description":"Stellen Sie Ihr eigenes fermentiertes Apfelgetr\u00e4nk mit dem rotpot Blasen Starterkultur Kit her. Auch zur Herstellung von Apfelwein und anderen fermentierten Getr\u00e4nken.","og_url":"https:\/\/startercultures.eu\/de\/product\/fermentation-de\/sodas\/rotpot-blasen-starterkultur-kit\/","og_site_name":"Startercultures.eu","article_publisher":"https:\/\/www.facebook.com\/startercultureseu","article_modified_time":"2025-09-30T23:15:15+00:00","og_image":[{"width":1300,"height":1300,"url":"https:\/\/startercultures.eu\/wp-content\/uploads\/2020\/07\/rotpot-bubbels-865x1200-2.jpg","type":"image\/jpeg"}],"twitter_card":"summary_large_image","twitter_misc":{"Price":"29,75","Availability":"Vorr\u00e4tig"},"schema":{"@context":"https:\/\/schema.org","@graph":[{"@type":"WebPage","@id":"https:\/\/startercultures.eu\/de\/product\/fermentation-de\/sodas\/rotpot-blasen-starterkultur-kit\/","url":"https:\/\/startercultures.eu\/de\/product\/fermentation-de\/sodas\/rotpot-blasen-starterkultur-kit\/","name":"RotPot Blasen-Starterkit - Startercultures.eu","isPartOf":{"@id":"https:\/\/startercultures.eu\/de\/#website"},"primaryImageOfPage":{"@id":"https:\/\/startercultures.eu\/de\/product\/fermentation-de\/sodas\/rotpot-blasen-starterkultur-kit\/#primaryimage"},"image":{"@id":"https:\/\/startercultures.eu\/de\/product\/fermentation-de\/sodas\/rotpot-blasen-starterkultur-kit\/#primaryimage"},"thumbnailUrl":"https:\/\/startercultures.eu\/wp-content\/uploads\/2020\/07\/rotpot-bubbels-865x1200-2.jpg","datePublished":"2020-07-31T16:34:40+00:00","dateModified":"2025-09-30T23:15:15+00:00","description":"Stellen Sie Ihr eigenes fermentiertes Apfelgetr\u00e4nk mit dem rotpot Blasen Starterkultur Kit her. Auch zur Herstellung von Apfelwein und anderen fermentierten Getr\u00e4nken.","breadcrumb":{"@id":"https:\/\/startercultures.eu\/de\/product\/fermentation-de\/sodas\/rotpot-blasen-starterkultur-kit\/#breadcrumb"},"inLanguage":"de-DE","potentialAction":[{"@type":"ReadAction","target":["https:\/\/startercultures.eu\/de\/product\/fermentation-de\/sodas\/rotpot-blasen-starterkultur-kit\/"]}]},{"@type":"ImageObject","inLanguage":"de-DE","@id":"https:\/\/startercultures.eu\/de\/product\/fermentation-de\/sodas\/rotpot-blasen-starterkultur-kit\/#primaryimage","url":"https:\/\/startercultures.eu\/wp-content\/uploads\/2020\/07\/rotpot-bubbels-865x1200-2.jpg","contentUrl":"https:\/\/startercultures.eu\/wp-content\/uploads\/2020\/07\/rotpot-bubbels-865x1200-2.jpg","width":1300,"height":1300,"caption":"Rotpott-Blasen"},{"@type":"BreadcrumbList","@id":"https:\/\/startercultures.eu\/de\/product\/fermentation-de\/sodas\/rotpot-blasen-starterkultur-kit\/#breadcrumb","itemListElement":[{"@type":"ListItem","position":1,"name":"Home","item":"https:\/\/startercultures.eu\/de\/"},{"@type":"ListItem","position":2,"name":"Shop","item":"https:\/\/startercultures.eu\/shop\/"},{"@type":"ListItem","position":3,"name":"RotPot Blasen-Starterkit"}]},{"@type":"WebSite","@id":"https:\/\/startercultures.eu\/de\/#website","url":"https:\/\/startercultures.eu\/de\/","name":"Startercultures.eu","description":"Startercultures.eu","publisher":{"@id":"https:\/\/startercultures.eu\/de\/#organization"},"potentialAction":[{"@type":"SearchAction","target":{"@type":"EntryPoint","urlTemplate":"https:\/\/startercultures.eu\/de\/?s={search_term_string}"},"query-input":{"@type":"PropertyValueSpecification","valueRequired":true,"valueName":"search_term_string"}}],"inLanguage":"de-DE"},{"@type":"Organization","@id":"https:\/\/startercultures.eu\/de\/#organization","name":"Startercultures.eu","url":"https:\/\/startercultures.eu\/de\/","logo":{"@type":"ImageObject","inLanguage":"de-DE","@id":"https:\/\/startercultures.eu\/de\/#\/schema\/logo\/image\/","url":"https:\/\/startercultures.eu\/wp-content\/uploads\/2020\/08\/startercultures-eu-nl-logo-rond-rgb.png","contentUrl":"https:\/\/startercultures.eu\/wp-content\/uploads\/2020\/08\/startercultures-eu-nl-logo-rond-rgb.png","width":320,"height":320,"caption":"Startercultures.eu"},"image":{"@id":"https:\/\/startercultures.eu\/de\/#\/schema\/logo\/image\/"},"sameAs":["https:\/\/www.facebook.com\/startercultureseu","https:\/\/www.instagram.com\/startercultures.eu\/"],"hasMerchantReturnPolicy":{"@type":"MerchantReturnPolicy","merchantReturnLink":"https:\/\/startercultures.eu\/return-policy\/"}}]},"product_price_amount":"29.75","product_price_currency":"EUR","og_availability":"instock","product_availability":"instock","product_retailer_item_id":"109","product_condition":"new"},"_links":{"self":[{"href":"https:\/\/startercultures.eu\/de\/wp-json\/wp\/v2\/product\/25092","targetHints":{"allow":["GET"]}}],"collection":[{"href":"https:\/\/startercultures.eu\/de\/wp-json\/wp\/v2\/product"}],"about":[{"href":"https:\/\/startercultures.eu\/de\/wp-json\/wp\/v2\/types\/product"}],"replies":[{"embeddable":true,"href":"https:\/\/startercultures.eu\/de\/wp-json\/wp\/v2\/comments?post=25092"}],"version-history":[{"count":1,"href":"https:\/\/startercultures.eu\/de\/wp-json\/wp\/v2\/product\/25092\/revisions"}],"predecessor-version":[{"id":66433,"href":"https:\/\/startercultures.eu\/de\/wp-json\/wp\/v2\/product\/25092\/revisions\/66433"}],"wp:featuredmedia":[{"embeddable":true,"href":"https:\/\/startercultures.eu\/de\/wp-json\/wp\/v2\/media\/24188"}],"wp:attachment":[{"href":"https:\/\/startercultures.eu\/de\/wp-json\/wp\/v2\/media?parent=25092"}],"wp:term":[{"taxonomy":"product_brand","embeddable":true,"href":"https:\/\/startercultures.eu\/de\/wp-json\/wp\/v2\/product_brand?post=25092"},{"taxonomy":"product_cat","embeddable":true,"href":"https:\/\/startercultures.eu\/de\/wp-json\/wp\/v2\/product_cat?post=25092"},{"taxonomy":"product_tag","embeddable":true,"href":"https:\/\/startercultures.eu\/de\/wp-json\/wp\/v2\/product_tag?post=25092"}],"curies":[{"name":"wp","href":"https:\/\/api.w.org\/{rel}","templated":true}]}}