{"id":25110,"date":"2020-07-31T16:35:34","date_gmt":"2020-07-31T16:35:34","guid":{"rendered":"https:\/\/startercultures.eu\/product\/unkategorisiert\/veganer-blauschimmelkaese-vegan-penicillium-roqueforti\/"},"modified":"2026-03-02T17:38:13","modified_gmt":"2026-03-02T16:38:13","slug":"blauschimmel-schimmelpilz-penicillium-roqueforti-auch-vegan","status":"publish","type":"product","link":"https:\/\/startercultures.eu\/de\/product\/fermentation-de\/molkerei\/veganer-kase\/blauschimmel-schimmelpilz-penicillium-roqueforti-auch-vegan\/","title":{"rendered":"Veganer Blauschimmelpilz &#8211; Penicillium roqueforti | f\u00fcr Roquefort und Gorgonzola"},"content":{"rendered":"<h3>Was ist veganer Blauschimmelk\u00e4se &#8211; veganer Penicillium roqueforti<\/h3>\n<p>Veganer Schimmelpilz &#8211; Penicillium roqueforti ist ein Schimmelpilz, der typisch f\u00fcr K\u00e4sesorten wie Roquefort und Gorgonzola ist. Diese Form kann sowohl f\u00fcr K\u00e4se aus Milch als auch f\u00fcr veganen K\u00e4se, z. B. aus Mandeln oder Cashews, verwendet werden, da sie auf einem milchfreien Medium hergestellt wird.<\/p>\n<h3>Inhalt<\/h3>\n<ul>\n<li>3 Gramm f\u00fcr ca. 3 kg K\u00e4se<\/li>\n<li>Die Starterkultur ist v\u00f6llig nat\u00fcrlich, ohne Konservierungsstoffe, Zusatzstoffe, k\u00fcnstliche Farb- oder Geschmacksstoffe. Es enth\u00e4lt keine GVO-Zutaten und ist sowohl glutenfrei als auch vegan.<\/li>\n<li>Produziert in Spanien<\/li>\n<li>Inhalt: Schimmel<\/li>\n<li>Allergene: keine<\/li>\n<li>Organisch<\/li>\n<\/ul>\n<h3>Warum eine vegane K\u00e4sekultur<\/h3>\n<p>F\u00fcr eine gute G\u00e4rung (S\u00e4uerung und Geschmacksbildung) ben\u00f6tigen Sie eine Starterkultur. Die meisten verf\u00fcgbaren Starterkulturen sind jedoch nicht vegan. Die <a href=\"https:\/\/startercultures.eu\/product-category\/dairy\/cheese\/vegan-cheese\/\" target=\"_blank\" rel=\"noopener\">veganen Starterkulturen von Startercultures.eu<\/a> sind. Auch die Verwendung von veganem Joghurt oder Essig als Starterkultur hat Nachteile, da diese Bakterien nicht speziell f\u00fcr K\u00e4se bestimmt sind. Die <a href=\"https:\/\/startercultures.eu\/product-category\/dairy\/cheese\/vegan-cheese\/\" target=\"_blank\" rel=\"noopener\">veganen K\u00e4se-Starterkulturen von startercultures.eu<\/a> sind.<\/p>\n<h3>Auch f\u00fcr normalen K\u00e4se<\/h3>\n<p>Die Tatsache, dass unsere Starterkulturen vegan sind, bedeutet nicht, dass sie nur f\u00fcr veganen K\u00e4se verwendet werden k\u00f6nnen. Sie eignen sich auch hervorragend f\u00fcr normale K\u00e4sesorten.<\/p>\n<h3>Mikroorganismen vegan Penicillium roqueforti<\/h3>\n<p><em>Penicillium roqueforti <\/em> &#8211; hergestellt auf einem milchfreien Medium (daher geeignet f\u00fcr vegane K\u00e4sesorten).<\/p>\n<h3>Lagerungshinweise vegan Penicillium roqueforti<\/h3>\n<p>Im K\u00fchl- oder Gefrierschrank. Die Haltbarkeit betr\u00e4gt etwa 2 Jahre im Gefrierschrank. Vorzugsweise in einem Zug verwenden.<\/p>\n<h3>Verwendung<\/h3>\n<p>Empfohlene Dosierung: 1 Gramm f\u00fcr jedes Kilogramm K\u00e4se.<\/p>\n<h3 class=\"ng-star-inserted\"><span class=\"ng-star-inserted\">Wie man veganen K\u00e4se selber macht<\/span><\/h3>\n<p class=\"ng-star-inserted\"><span class=\"ng-star-inserted\">Erinnern Sie sich an diese traurigen, gummiartigen Bl\u00f6cke, die vor einem Jahrzehnt als veganer K\u00e4se durchgingen? Gott sei Dank liegen diese Zeiten hinter uns. Dank engagierter Pioniere und Fermentations-Enthusiasten k\u00f6nnen wir heute zu Hause vegane K\u00e4sesorten kreieren, die es sowohl geschmacklich als auch von der Textur her tats\u00e4chlich mit ihren milchbasierten Pendants aufnehmen k\u00f6nnen<a href=\"https:\/\/startercultures.eu\/how-to-make-actually-fermented-vegan-cheese-at-home\/\" target=\"_blank\" rel=\"noopener\">. In diesem\u00a0<\/a><\/span><span class=\"ng-star-inserted\">englischsprachigen<\/span><span class=\"ng-star-inserted\">\u00a0Blog zeigen wir Ihnen, wie das geht.<\/span><\/p>\n<h3>Online-Workshop &#8220;Veganen K\u00e4se zu Hause herstellen&#8221; (mit Untertiteln)<\/h3>\n<p>In <a href=\"https:\/\/startercultures.eu\/product\/vegan-main\/vegan-dairy\/online-english-subtitled-vegan-cheese-workshop\/\" target=\"_blank\" rel=\"noopener\">diesem Workshop mit englischen Untertiteln<\/a> lernen Sie die Theorie und Praxis der Herstellung von veganem K\u00e4se<img decoding=\"async\" class=\"lazyload  wp-image-24266 alignright\" src=\"https:\/\/startercultures.eu\/wp-content\/uploads\/2021\/06\/Vegan-cheese-starter-kit-300x222.png\" data-orig-src=\"https:\/\/startercultures.eu\/wp-content\/uploads\/2021\/06\/Vegan-cheese-starter-kit-300x222.png\" alt=\"vegan blue cheese starter kit\" width=\"219\" height=\"162\" srcset=\"data:image\/svg+xml,%3Csvg%20xmlns%3D%27http%3A%2F%2Fwww.w3.org%2F2000%2Fsvg%27%20width%3D%27219%27%20height%3D%27162%27%20viewBox%3D%270%200%20219%20162%27%3E%3Crect%20width%3D%27219%27%20height%3D%27162%27%20fill-opacity%3D%220%22%2F%3E%3C%2Fsvg%3E\" data-srcset=\"https:\/\/startercultures.eu\/wp-content\/uploads\/2021\/06\/Vegan-cheese-starter-kit-200x148.png 200w, https:\/\/startercultures.eu\/wp-content\/uploads\/2021\/06\/Vegan-cheese-starter-kit-300x222.png 300w, https:\/\/startercultures.eu\/wp-content\/uploads\/2021\/06\/Vegan-cheese-starter-kit-400x296.png 400w, https:\/\/startercultures.eu\/wp-content\/uploads\/2021\/06\/Vegan-cheese-starter-kit-500x370.png 500w, https:\/\/startercultures.eu\/wp-content\/uploads\/2021\/06\/Vegan-cheese-starter-kit-600x445.png 600w, https:\/\/startercultures.eu\/wp-content\/uploads\/2021\/06\/Vegan-cheese-starter-kit-700x519.png 700w, https:\/\/startercultures.eu\/wp-content\/uploads\/2021\/06\/Vegan-cheese-starter-kit-768x569.png 768w, https:\/\/startercultures.eu\/wp-content\/uploads\/2021\/06\/Vegan-cheese-starter-kit-800x593.png 800w, https:\/\/startercultures.eu\/wp-content\/uploads\/2021\/06\/Vegan-cheese-starter-kit-1024x759.png 1024w, https:\/\/startercultures.eu\/wp-content\/uploads\/2021\/06\/Vegan-cheese-starter-kit.png 1200w\" data-sizes=\"auto\" data-orig-sizes=\"(max-width: 219px) 100vw, 219px\" \/>s zu Hause, mit dem Schwerpunkt auf veganem Camembert und veganem Blauschimmelk\u00e4se. Foodwriter<a href=\"https:\/\/wateetons.com\/\" target=\"_blank\" rel=\"noopener\">&#8216;Meneer Wateetons&#8217;<\/a>, Autor mehrerer B\u00fccher \u00fcber Fermentierung und alternative Lebensmittelzubereitungstechniken, wird Ihnen alles \u00fcber Fermentierung, P\u00f6kelsalze, Lebensmittelsicherheit, pH-Wert, Starterkulturen, Schimmelpilze und Trocknungsbedingungen beibringen. Klicken Sie <a href=\"https:\/\/startercultures.eu\/product\/vegan-main\/vegan-dairy\/online-english-subtitled-vegan-cheese-workshop\/\" target=\"_blank\" rel=\"noopener\">hier<\/a> f\u00fcr weitere Informationen.<\/p>\n","protected":false},"excerpt":{"rendered":"<p>Veganer Blauschimmelk\u00e4se &#8211; Penicillium roqueforti, typisch f\u00fcr Blauschimmelk\u00e4se wie Roquefort und Gorgonzola. Diese Form kann sowohl f\u00fcr Milchk\u00e4se als auch f\u00fcr vegane K\u00e4sesorten verwendet werden.<\/p>\n","protected":false},"featured_media":24399,"comment_status":"open","ping_status":"closed","template":"","meta":{"_acf_changed":false,"footnotes":""},"product_brand":[],"product_cat":[711,680,678],"product_tag":[],"class_list":{"0":"post-25110","1":"product","2":"type-product","3":"status-publish","4":"has-post-thumbnail","6":"product_cat-starterkulturen-und-schimmelpilze","7":"product_cat-vegane-milchprodukte","8":"product_cat-veganer-kase","9":"pa_ean-8720297620164-de","10":"pa_ean-8720297621529-de","11":"pa_size-100-de","12":"pa_size-3-de","14":"first","15":"instock","16":"taxable","17":"shipping-taxable","18":"purchasable","19":"product-type-simple"},"acf":[],"yoast_head":"<!-- This site is optimized with the Yoast SEO plugin v26.6 - https:\/\/yoast.com\/wordpress\/plugins\/seo\/ -->\n<title>Veganer Blauschimmelpilz - Penicillium roqueforti | f\u00fcr Roquefort und Gorgonzola - Startercultures.eu<\/title>\n<meta name=\"description\" content=\"Veganer Blauschimmelpilz - Penicillium roqueforti - typisch f\u00fcr K\u00e4sesorten wie Roquefort und Gorgonzola. Kann f\u00fcr vegane K\u00e4sesorten verwendet werden.\" \/>\n<meta name=\"robots\" content=\"index, follow, max-snippet:-1, max-image-preview:large, max-video-preview:-1\" \/>\n<link rel=\"canonical\" href=\"https:\/\/startercultures.eu\/de\/product\/fermentation-de\/molkerei\/veganer-kase\/blauschimmel-schimmelpilz-penicillium-roqueforti-auch-vegan\/\" \/>\n<meta property=\"og:locale\" content=\"de_DE\" \/>\n<meta property=\"og:type\" content=\"article\" \/>\n<meta property=\"og:title\" content=\"Veganer Blauschimmelpilz - Penicillium roqueforti | f\u00fcr Roquefort und Gorgonzola - Startercultures.eu\" \/>\n<meta property=\"og:description\" content=\"Veganer Blauschimmelpilz - Penicillium roqueforti - typisch f\u00fcr K\u00e4sesorten wie Roquefort und Gorgonzola. Kann f\u00fcr vegane K\u00e4sesorten verwendet werden.\" \/>\n<meta property=\"og:url\" content=\"https:\/\/startercultures.eu\/de\/product\/fermentation-de\/molkerei\/veganer-kase\/blauschimmel-schimmelpilz-penicillium-roqueforti-auch-vegan\/\" \/>\n<meta property=\"og:site_name\" content=\"Startercultures.eu\" \/>\n<meta property=\"article:publisher\" content=\"https:\/\/www.facebook.com\/startercultureseu\" \/>\n<meta property=\"article:modified_time\" content=\"2026-03-02T16:38:13+00:00\" \/>\n<meta property=\"og:image\" content=\"https:\/\/startercultures.eu\/wp-content\/uploads\/2020\/07\/057mu-2.png\" \/>\n\t<meta property=\"og:image:width\" content=\"1250\" \/>\n\t<meta property=\"og:image:height\" content=\"1250\" \/>\n\t<meta property=\"og:image:type\" content=\"image\/png\" \/>\n<meta name=\"twitter:card\" content=\"summary_large_image\" \/>\n<meta name=\"twitter:label1\" content=\"Price\" \/>\n\t<meta name=\"twitter:data1\" content=\"15,99\" \/>\n\t<meta name=\"twitter:label2\" content=\"Availability\" \/>\n\t<meta name=\"twitter:data2\" content=\"Vorr\u00e4tig\" \/>\n<script type=\"application\/ld+json\" class=\"yoast-schema-graph\">{\"@context\":\"https:\/\/schema.org\",\"@graph\":[{\"@type\":\"WebPage\",\"@id\":\"https:\/\/startercultures.eu\/de\/product\/fermentation-de\/molkerei\/veganer-kase\/blauschimmel-schimmelpilz-penicillium-roqueforti-auch-vegan\/\",\"url\":\"https:\/\/startercultures.eu\/de\/product\/fermentation-de\/molkerei\/veganer-kase\/blauschimmel-schimmelpilz-penicillium-roqueforti-auch-vegan\/\",\"name\":\"Veganer Blauschimmelpilz - Penicillium roqueforti | f\u00fcr Roquefort und Gorgonzola - Startercultures.eu\",\"isPartOf\":{\"@id\":\"https:\/\/startercultures.eu\/de\/#website\"},\"primaryImageOfPage\":{\"@id\":\"https:\/\/startercultures.eu\/de\/product\/fermentation-de\/molkerei\/veganer-kase\/blauschimmel-schimmelpilz-penicillium-roqueforti-auch-vegan\/#primaryimage\"},\"image\":{\"@id\":\"https:\/\/startercultures.eu\/de\/product\/fermentation-de\/molkerei\/veganer-kase\/blauschimmel-schimmelpilz-penicillium-roqueforti-auch-vegan\/#primaryimage\"},\"thumbnailUrl\":\"https:\/\/startercultures.eu\/wp-content\/uploads\/2020\/07\/057mu-2.png\",\"datePublished\":\"2020-07-31T16:35:34+00:00\",\"dateModified\":\"2026-03-02T16:38:13+00:00\",\"description\":\"Veganer Blauschimmelpilz - Penicillium roqueforti - typisch f\u00fcr K\u00e4sesorten wie Roquefort und Gorgonzola. Kann f\u00fcr vegane K\u00e4sesorten verwendet werden.\",\"breadcrumb\":{\"@id\":\"https:\/\/startercultures.eu\/de\/product\/fermentation-de\/molkerei\/veganer-kase\/blauschimmel-schimmelpilz-penicillium-roqueforti-auch-vegan\/#breadcrumb\"},\"inLanguage\":\"de-DE\",\"potentialAction\":[{\"@type\":\"ReadAction\",\"target\":[\"https:\/\/startercultures.eu\/de\/product\/fermentation-de\/molkerei\/veganer-kase\/blauschimmel-schimmelpilz-penicillium-roqueforti-auch-vegan\/\"]}]},{\"@type\":\"ImageObject\",\"inLanguage\":\"de-DE\",\"@id\":\"https:\/\/startercultures.eu\/de\/product\/fermentation-de\/molkerei\/veganer-kase\/blauschimmel-schimmelpilz-penicillium-roqueforti-auch-vegan\/#primaryimage\",\"url\":\"https:\/\/startercultures.eu\/wp-content\/uploads\/2020\/07\/057mu-2.png\",\"contentUrl\":\"https:\/\/startercultures.eu\/wp-content\/uploads\/2020\/07\/057mu-2.png\",\"width\":1250,\"height\":1250,\"caption\":\"vegan Penicillium roqueforti\"},{\"@type\":\"BreadcrumbList\",\"@id\":\"https:\/\/startercultures.eu\/de\/product\/fermentation-de\/molkerei\/veganer-kase\/blauschimmel-schimmelpilz-penicillium-roqueforti-auch-vegan\/#breadcrumb\",\"itemListElement\":[{\"@type\":\"ListItem\",\"position\":1,\"name\":\"Home\",\"item\":\"https:\/\/startercultures.eu\/de\/\"},{\"@type\":\"ListItem\",\"position\":2,\"name\":\"Shop\",\"item\":\"https:\/\/startercultures.eu\/shop\/\"},{\"@type\":\"ListItem\",\"position\":3,\"name\":\"Veganer Blauschimmelpilz &#8211; Penicillium roqueforti | f\u00fcr Roquefort und Gorgonzola\"}]},{\"@type\":\"WebSite\",\"@id\":\"https:\/\/startercultures.eu\/de\/#website\",\"url\":\"https:\/\/startercultures.eu\/de\/\",\"name\":\"Startercultures.eu\",\"description\":\"Startercultures.eu\",\"publisher\":{\"@id\":\"https:\/\/startercultures.eu\/de\/#organization\"},\"potentialAction\":[{\"@type\":\"SearchAction\",\"target\":{\"@type\":\"EntryPoint\",\"urlTemplate\":\"https:\/\/startercultures.eu\/de\/?s={search_term_string}\"},\"query-input\":{\"@type\":\"PropertyValueSpecification\",\"valueRequired\":true,\"valueName\":\"search_term_string\"}}],\"inLanguage\":\"de-DE\"},{\"@type\":\"Organization\",\"@id\":\"https:\/\/startercultures.eu\/de\/#organization\",\"name\":\"Startercultures.eu\",\"url\":\"https:\/\/startercultures.eu\/de\/\",\"logo\":{\"@type\":\"ImageObject\",\"inLanguage\":\"de-DE\",\"@id\":\"https:\/\/startercultures.eu\/de\/#\/schema\/logo\/image\/\",\"url\":\"https:\/\/startercultures.eu\/wp-content\/uploads\/2020\/08\/startercultures-eu-nl-logo-rond-rgb.png\",\"contentUrl\":\"https:\/\/startercultures.eu\/wp-content\/uploads\/2020\/08\/startercultures-eu-nl-logo-rond-rgb.png\",\"width\":320,\"height\":320,\"caption\":\"Startercultures.eu\"},\"image\":{\"@id\":\"https:\/\/startercultures.eu\/de\/#\/schema\/logo\/image\/\"},\"sameAs\":[\"https:\/\/www.facebook.com\/startercultureseu\",\"https:\/\/www.instagram.com\/startercultures.eu\/\"]}]}<\/script>\n<meta property=\"product:price:amount\" content=\"15.99\" \/>\n<meta property=\"product:price:currency\" content=\"EUR\" \/>\n<meta property=\"og:availability\" content=\"instock\" \/>\n<meta property=\"product:availability\" content=\"instock\" \/>\n<meta property=\"product:retailer_item_id\" content=\"57\" \/>\n<meta property=\"product:condition\" content=\"new\" \/>\n<!-- \/ Yoast SEO plugin. -->","yoast_head_json":{"title":"Veganer Blauschimmelpilz - Penicillium roqueforti | f\u00fcr Roquefort und Gorgonzola - Startercultures.eu","description":"Veganer Blauschimmelpilz - Penicillium roqueforti - typisch f\u00fcr K\u00e4sesorten wie Roquefort und Gorgonzola. Kann f\u00fcr vegane K\u00e4sesorten verwendet werden.","robots":{"index":"index","follow":"follow","max-snippet":"max-snippet:-1","max-image-preview":"max-image-preview:large","max-video-preview":"max-video-preview:-1"},"canonical":"https:\/\/startercultures.eu\/de\/product\/fermentation-de\/molkerei\/veganer-kase\/blauschimmel-schimmelpilz-penicillium-roqueforti-auch-vegan\/","og_locale":"de_DE","og_type":"article","og_title":"Veganer Blauschimmelpilz - Penicillium roqueforti | f\u00fcr Roquefort und Gorgonzola - Startercultures.eu","og_description":"Veganer Blauschimmelpilz - Penicillium roqueforti - typisch f\u00fcr K\u00e4sesorten wie Roquefort und Gorgonzola. Kann f\u00fcr vegane K\u00e4sesorten verwendet werden.","og_url":"https:\/\/startercultures.eu\/de\/product\/fermentation-de\/molkerei\/veganer-kase\/blauschimmel-schimmelpilz-penicillium-roqueforti-auch-vegan\/","og_site_name":"Startercultures.eu","article_publisher":"https:\/\/www.facebook.com\/startercultureseu","article_modified_time":"2026-03-02T16:38:13+00:00","og_image":[{"width":1250,"height":1250,"url":"https:\/\/startercultures.eu\/wp-content\/uploads\/2020\/07\/057mu-2.png","type":"image\/png"}],"twitter_card":"summary_large_image","twitter_misc":{"Price":"15,99","Availability":"Vorr\u00e4tig"},"schema":{"@context":"https:\/\/schema.org","@graph":[{"@type":"WebPage","@id":"https:\/\/startercultures.eu\/de\/product\/fermentation-de\/molkerei\/veganer-kase\/blauschimmel-schimmelpilz-penicillium-roqueforti-auch-vegan\/","url":"https:\/\/startercultures.eu\/de\/product\/fermentation-de\/molkerei\/veganer-kase\/blauschimmel-schimmelpilz-penicillium-roqueforti-auch-vegan\/","name":"Veganer Blauschimmelpilz - Penicillium roqueforti | f\u00fcr Roquefort und Gorgonzola - Startercultures.eu","isPartOf":{"@id":"https:\/\/startercultures.eu\/de\/#website"},"primaryImageOfPage":{"@id":"https:\/\/startercultures.eu\/de\/product\/fermentation-de\/molkerei\/veganer-kase\/blauschimmel-schimmelpilz-penicillium-roqueforti-auch-vegan\/#primaryimage"},"image":{"@id":"https:\/\/startercultures.eu\/de\/product\/fermentation-de\/molkerei\/veganer-kase\/blauschimmel-schimmelpilz-penicillium-roqueforti-auch-vegan\/#primaryimage"},"thumbnailUrl":"https:\/\/startercultures.eu\/wp-content\/uploads\/2020\/07\/057mu-2.png","datePublished":"2020-07-31T16:35:34+00:00","dateModified":"2026-03-02T16:38:13+00:00","description":"Veganer Blauschimmelpilz - Penicillium roqueforti - typisch f\u00fcr K\u00e4sesorten wie Roquefort und Gorgonzola. Kann f\u00fcr vegane K\u00e4sesorten verwendet werden.","breadcrumb":{"@id":"https:\/\/startercultures.eu\/de\/product\/fermentation-de\/molkerei\/veganer-kase\/blauschimmel-schimmelpilz-penicillium-roqueforti-auch-vegan\/#breadcrumb"},"inLanguage":"de-DE","potentialAction":[{"@type":"ReadAction","target":["https:\/\/startercultures.eu\/de\/product\/fermentation-de\/molkerei\/veganer-kase\/blauschimmel-schimmelpilz-penicillium-roqueforti-auch-vegan\/"]}]},{"@type":"ImageObject","inLanguage":"de-DE","@id":"https:\/\/startercultures.eu\/de\/product\/fermentation-de\/molkerei\/veganer-kase\/blauschimmel-schimmelpilz-penicillium-roqueforti-auch-vegan\/#primaryimage","url":"https:\/\/startercultures.eu\/wp-content\/uploads\/2020\/07\/057mu-2.png","contentUrl":"https:\/\/startercultures.eu\/wp-content\/uploads\/2020\/07\/057mu-2.png","width":1250,"height":1250,"caption":"vegan Penicillium roqueforti"},{"@type":"BreadcrumbList","@id":"https:\/\/startercultures.eu\/de\/product\/fermentation-de\/molkerei\/veganer-kase\/blauschimmel-schimmelpilz-penicillium-roqueforti-auch-vegan\/#breadcrumb","itemListElement":[{"@type":"ListItem","position":1,"name":"Home","item":"https:\/\/startercultures.eu\/de\/"},{"@type":"ListItem","position":2,"name":"Shop","item":"https:\/\/startercultures.eu\/shop\/"},{"@type":"ListItem","position":3,"name":"Veganer Blauschimmelpilz &#8211; Penicillium roqueforti | f\u00fcr Roquefort und Gorgonzola"}]},{"@type":"WebSite","@id":"https:\/\/startercultures.eu\/de\/#website","url":"https:\/\/startercultures.eu\/de\/","name":"Startercultures.eu","description":"Startercultures.eu","publisher":{"@id":"https:\/\/startercultures.eu\/de\/#organization"},"potentialAction":[{"@type":"SearchAction","target":{"@type":"EntryPoint","urlTemplate":"https:\/\/startercultures.eu\/de\/?s={search_term_string}"},"query-input":{"@type":"PropertyValueSpecification","valueRequired":true,"valueName":"search_term_string"}}],"inLanguage":"de-DE"},{"@type":"Organization","@id":"https:\/\/startercultures.eu\/de\/#organization","name":"Startercultures.eu","url":"https:\/\/startercultures.eu\/de\/","logo":{"@type":"ImageObject","inLanguage":"de-DE","@id":"https:\/\/startercultures.eu\/de\/#\/schema\/logo\/image\/","url":"https:\/\/startercultures.eu\/wp-content\/uploads\/2020\/08\/startercultures-eu-nl-logo-rond-rgb.png","contentUrl":"https:\/\/startercultures.eu\/wp-content\/uploads\/2020\/08\/startercultures-eu-nl-logo-rond-rgb.png","width":320,"height":320,"caption":"Startercultures.eu"},"image":{"@id":"https:\/\/startercultures.eu\/de\/#\/schema\/logo\/image\/"},"sameAs":["https:\/\/www.facebook.com\/startercultureseu","https:\/\/www.instagram.com\/startercultures.eu\/"]}]},"product_price_amount":"15.99","product_price_currency":"EUR","og_availability":"instock","product_availability":"instock","product_retailer_item_id":"57","product_condition":"new"},"_links":{"self":[{"href":"https:\/\/startercultures.eu\/de\/wp-json\/wp\/v2\/product\/25110","targetHints":{"allow":["GET"]}}],"collection":[{"href":"https:\/\/startercultures.eu\/de\/wp-json\/wp\/v2\/product"}],"about":[{"href":"https:\/\/startercultures.eu\/de\/wp-json\/wp\/v2\/types\/product"}],"replies":[{"embeddable":true,"href":"https:\/\/startercultures.eu\/de\/wp-json\/wp\/v2\/comments?post=25110"}],"version-history":[{"count":8,"href":"https:\/\/startercultures.eu\/de\/wp-json\/wp\/v2\/product\/25110\/revisions"}],"predecessor-version":[{"id":72528,"href":"https:\/\/startercultures.eu\/de\/wp-json\/wp\/v2\/product\/25110\/revisions\/72528"}],"wp:featuredmedia":[{"embeddable":true,"href":"https:\/\/startercultures.eu\/de\/wp-json\/wp\/v2\/media\/24399"}],"wp:attachment":[{"href":"https:\/\/startercultures.eu\/de\/wp-json\/wp\/v2\/media?parent=25110"}],"wp:term":[{"taxonomy":"product_brand","embeddable":true,"href":"https:\/\/startercultures.eu\/de\/wp-json\/wp\/v2\/product_brand?post=25110"},{"taxonomy":"product_cat","embeddable":true,"href":"https:\/\/startercultures.eu\/de\/wp-json\/wp\/v2\/product_cat?post=25110"},{"taxonomy":"product_tag","embeddable":true,"href":"https:\/\/startercultures.eu\/de\/wp-json\/wp\/v2\/product_tag?post=25110"}],"curies":[{"name":"wp","href":"https:\/\/api.w.org\/{rel}","templated":true}]}}