{"id":25119,"date":"2020-07-31T16:31:25","date_gmt":"2020-07-31T16:31:25","guid":{"rendered":"https:\/\/startercultures.eu\/product\/unkategorisiert\/salvianda-salz-kur-2-alternative\/"},"modified":"2026-03-27T09:20:35","modified_gmt":"2026-03-27T08:20:35","slug":"salvianda-salt","status":"publish","type":"product","link":"https:\/\/startercultures.eu\/de\/product\/wurstwaren-und-charcuterie-de\/zusatzstoffe\/salvianda-salt\/","title":{"rendered":"Salvianda Salz | Cure #2 Alternative"},"content":{"rendered":"<h3>Was ist Salvianda-Salz, auch bekannt als Cure Nr. 2?<\/h3>\n<p>Salvianda ist eine Salzvariante, die sowohl Natriumnitrit als auch Kaliumnitrat und einen geringen Anteil an Dextrose enth\u00e4lt. Es kann als Ersatz f\u00fcr Cure Nr. 2 verwendet werden, wenn dieses Produkt nicht verf\u00fcgbar ist.<\/p>\n<h3>Wie verwendet man Salvianda-Salz?<\/h3>\n<p>Das Salvianda-Salz eignet sich hervorragend f\u00fcr alle Arten von Wurstwaren und f\u00fcr trockene Wurst des s\u00fcdeurop\u00e4ischen Typs. Sie verwenden es in der gleichen Dosierung wie Nitritp\u00f6kelsalz (Trockenwurst \/ Wurstwaren) oder Meersalz (Wurstwaren). Das zugesetzte Nitrit sorgt f\u00fcr eine schnelle Farbbildung und sch\u00fctzt vor Bakterien wie <em>C. botulinum<\/em> und <em>Salmonellen<\/em>. Das zugesetzte Nitrat kann als eine &#8220;zeitlich verz\u00f6gerte&#8221; Form des Nitrits angesehen werden, die l\u00e4ngerfristig wirkt und au\u00dferdem einen charakteristischen, gereiften Geschmack verleiht. Die Dextrose sorgt in Zusammenarbeit mit dem Nitrit f\u00fcr eine bessere Farbbildung. Beachten Sie, dass die Menge an Dextrose in Salvianda in dieser Dosierung nicht f\u00fcr die G\u00e4rung ausreicht.<\/p>\n<h3>Inhalt<\/h3>\n<ul>\n<li>1 kg.<\/li>\n<li>Sehr gut geeignet f\u00fcr dickere, langsam trocknende Wurstwaren, meist s\u00fcdeurop\u00e4ischer Art wie Cacciatore, Salame, Fuet, Chorizo und &#8216;nduja sowie f\u00fcr alle Wurstwaren wie Coppa, Pancetta, Prosciutto, Lonza und Guanciale.<\/li>\n<li>Erzielt die gleiche Wirkung wie Instacure # 2, Cure#2 oder Prague Powder # 2. Beachten Sie, dass sich die Dosierung von diesen P\u00f6kelsalzen unterscheidet. Bitte siehe unten.<\/li>\n<li>Zusammensetzung: Speisesalz, Dextrose 2%, Natriumnitrit 0,6%, Kaliumnitrat 0,9%.<\/li>\n<li>Jetzt in einem praktischen wiederverschlie\u00dfbaren Beutel<\/li>\n<li>Allergene: keine<\/li>\n<\/ul>\n<h3>Wie ersetzt man Salvianda durch Cure Nr. 2?<\/h3>\n<p>Wir haben ein ganzes Dokument dar\u00fcber geschrieben! <a href=\"https:\/\/startercultures.eu\/product\/sausages-and-charcuterie\/additives\/free-pointer-on-converting-us-cure-1-and-cure-2-recipes-to-with-european-ingredients\/\" target=\"_blank\" rel=\"noopener noreferrer\">Kostenlos herunterladen!<\/a><\/p>\n<h3>Dosierung<\/h3>\n<ul>\n<li>30-55 Gramm pro Kilo f\u00fcr Wurstwaren<\/li>\n<li>25-35 Gramm pro Kilo f\u00fcr W\u00fcrste<\/li>\n<\/ul>\n<h3>Englischsprachiger Online-Workshop zur Herstellung eigener trocken gep\u00f6kelter Charcuterie<img decoding=\"async\" class=\"lazyload  wp-image-23962 alignright\" src=\"https:\/\/startercultures.eu\/wp-content\/uploads\/2020\/12\/workshop-charcuterie-450-300x300.png\" data-orig-src=\"https:\/\/startercultures.eu\/wp-content\/uploads\/2020\/12\/workshop-charcuterie-450-300x300.png\" alt=\"Workshop Wurstwaren 450\" width=\"149\" height=\"149\" srcset=\"data:image\/svg+xml,%3Csvg%20xmlns%3D%27http%3A%2F%2Fwww.w3.org%2F2000%2Fsvg%27%20width%3D%27149%27%20height%3D%27149%27%20viewBox%3D%270%200%20149%20149%27%3E%3Crect%20width%3D%27149%27%20height%3D%27149%27%20fill-opacity%3D%220%22%2F%3E%3C%2Fsvg%3E\" data-srcset=\"https:\/\/startercultures.eu\/wp-content\/uploads\/2020\/12\/workshop-charcuterie-450-66x66.png 66w, https:\/\/startercultures.eu\/wp-content\/uploads\/2020\/12\/workshop-charcuterie-450-70x70.png 70w, https:\/\/startercultures.eu\/wp-content\/uploads\/2020\/12\/workshop-charcuterie-450-100x100.png 100w, https:\/\/startercultures.eu\/wp-content\/uploads\/2020\/12\/workshop-charcuterie-450-150x150.png 150w, https:\/\/startercultures.eu\/wp-content\/uploads\/2020\/12\/workshop-charcuterie-450-200x201.png 200w, https:\/\/startercultures.eu\/wp-content\/uploads\/2020\/12\/workshop-charcuterie-450-300x300.png 300w, https:\/\/startercultures.eu\/wp-content\/uploads\/2020\/12\/workshop-charcuterie-450-400x402.png 400w, https:\/\/startercultures.eu\/wp-content\/uploads\/2020\/12\/workshop-charcuterie-450.png 450w\" data-sizes=\"auto\" data-orig-sizes=\"(max-width: 149px) 100vw, 149px\" \/><\/h3>\n<p>Lernen Sie von &#8216;<a href=\"https:\/\/wateetons.com\/\" target=\"_blank\" rel=\"noopener\">Meneer Wateetons<\/a>&#8216;, dem Autor des (niederl\u00e4ndischen) f\u00fchrenden Werks auf diesem Gebiet: &#8216;<a href=\"https:\/\/www.amazon.com\/Over-charcuterie-Dutch-Meneer-Wateetons\/dp\/9048845343\/ref=sr_1_1?keywords=wateetons&amp;qid=1585632464&amp;sr=8-1\" target=\"_blank\" rel=\"noopener noreferrer\">\u00dcber Wurstwaren<\/a>&#8216;, wie Sie Ihre eigene Wurst aus ganzen Muskeln herstellen k\u00f6nnen. Schinken, Pancetta, Guanciale, Lardo, Coppa und weitere k\u00f6stliche s\u00fcdeurop\u00e4ische Trockenfleischprodukte werden vorgestellt. In diesem <a href=\"https:\/\/startercultures.eu\/product\/sausages-and-charcuterie\/online-english-spoken-dry-cured-charcuterie-workshop\/\" target=\"_blank\" rel=\"noopener\">englischsprachigen Online-Workshop<\/a> lernen Sie in 90 Minuten alles \u00fcber das Salzen, Trocknen, Reifen, Vakuumieren, R\u00e4uchern, Temperatur und Luftfeuchtigkeit. Danach sind Sie bereit, Ihre eigenen Wurstwaren selbst herzustellen, sicher und schmackhaft. Klicken Sie <a href=\"https:\/\/startercultures.eu\/product\/sausages-and-charcuterie\/online-english-spoken-dry-cured-charcuterie-workshop\/\" target=\"_blank\" rel=\"noopener\">hier<\/a> f\u00fcr weitere Informationen.<\/p>\n","protected":false},"excerpt":{"rendered":"<p>Salvianda ist eine Salzvariante, die sowohl Natriumnitrit als auch Kaliumnitrat und einen geringen Anteil an Dextrose enth\u00e4lt. Es ist eine praktische europ\u00e4ische Alternative zu Cure #2<\/p>\n","protected":false},"featured_media":37450,"comment_status":"open","ping_status":"closed","template":"","meta":{"_acf_changed":false,"footnotes":""},"product_brand":[],"product_cat":[703],"product_tag":[],"class_list":{"0":"post-25119","1":"product","2":"type-product","3":"status-publish","4":"has-post-thumbnail","6":"product_cat-zusatzstoffe","7":"pa_ean-8720297620416-de","9":"first","10":"instock","11":"taxable","12":"shipping-taxable","13":"purchasable","14":"product-type-simple"},"acf":[],"yoast_head":"<!-- This site is optimized with the Yoast SEO plugin v26.6 - https:\/\/yoast.com\/wordpress\/plugins\/seo\/ -->\n<title>Salvianda Salz | Cure #2 Alternative - Startercultures.eu<\/title>\n<meta name=\"description\" content=\"Salvianda ist eine Salzvariante, die Natriumnitrit und Kaliumnitrat sowie etwas Traubenzucker enth\u00e4lt. Es ist die europ\u00e4ische Alternative zu cure Nr. 2.\" \/>\n<meta name=\"robots\" content=\"index, follow, max-snippet:-1, max-image-preview:large, max-video-preview:-1\" \/>\n<link rel=\"canonical\" href=\"https:\/\/startercultures.eu\/de\/product\/wurstwaren-und-charcuterie-de\/zusatzstoffe\/salvianda-salt\/\" \/>\n<meta property=\"og:locale\" content=\"de_DE\" \/>\n<meta property=\"og:type\" content=\"article\" \/>\n<meta property=\"og:title\" content=\"Salvianda Salz | Cure #2 Alternative - Startercultures.eu\" \/>\n<meta property=\"og:description\" content=\"Salvianda ist eine Salzvariante, die Natriumnitrit und Kaliumnitrat sowie etwas Traubenzucker enth\u00e4lt. Es ist die europ\u00e4ische Alternative zu cure Nr. 2.\" \/>\n<meta property=\"og:url\" content=\"https:\/\/startercultures.eu\/de\/product\/wurstwaren-und-charcuterie-de\/zusatzstoffe\/salvianda-salt\/\" \/>\n<meta property=\"og:site_name\" content=\"Startercultures.eu\" \/>\n<meta property=\"article:publisher\" content=\"https:\/\/www.facebook.com\/startercultureseu\" \/>\n<meta property=\"article:modified_time\" content=\"2026-03-27T08:20:35+00:00\" \/>\n<meta property=\"og:image\" content=\"https:\/\/startercultures.eu\/wp-content\/uploads\/2020\/07\/031-Salvianda2-mu.png\" \/>\n\t<meta property=\"og:image:width\" content=\"1250\" \/>\n\t<meta property=\"og:image:height\" content=\"1250\" \/>\n\t<meta property=\"og:image:type\" content=\"image\/png\" \/>\n<meta name=\"twitter:card\" content=\"summary_large_image\" \/>\n<meta name=\"twitter:label1\" content=\"Price\" \/>\n\t<meta name=\"twitter:data1\" content=\"11,99\" \/>\n\t<meta name=\"twitter:label2\" content=\"Availability\" \/>\n\t<meta name=\"twitter:data2\" content=\"Vorr\u00e4tig\" \/>\n<script type=\"application\/ld+json\" class=\"yoast-schema-graph\">{\"@context\":\"https:\/\/schema.org\",\"@graph\":[{\"@type\":\"WebPage\",\"@id\":\"https:\/\/startercultures.eu\/de\/product\/wurstwaren-und-charcuterie-de\/zusatzstoffe\/salvianda-salt\/\",\"url\":\"https:\/\/startercultures.eu\/de\/product\/wurstwaren-und-charcuterie-de\/zusatzstoffe\/salvianda-salt\/\",\"name\":\"Salvianda Salz | Cure #2 Alternative - Startercultures.eu\",\"isPartOf\":{\"@id\":\"https:\/\/startercultures.eu\/de\/#website\"},\"primaryImageOfPage\":{\"@id\":\"https:\/\/startercultures.eu\/de\/product\/wurstwaren-und-charcuterie-de\/zusatzstoffe\/salvianda-salt\/#primaryimage\"},\"image\":{\"@id\":\"https:\/\/startercultures.eu\/de\/product\/wurstwaren-und-charcuterie-de\/zusatzstoffe\/salvianda-salt\/#primaryimage\"},\"thumbnailUrl\":\"https:\/\/startercultures.eu\/wp-content\/uploads\/2020\/07\/031-Salvianda2-mu.png\",\"datePublished\":\"2020-07-31T16:31:25+00:00\",\"dateModified\":\"2026-03-27T08:20:35+00:00\",\"description\":\"Salvianda ist eine Salzvariante, die Natriumnitrit und Kaliumnitrat sowie etwas Traubenzucker enth\u00e4lt. Es ist die europ\u00e4ische Alternative zu cure Nr. 2.\",\"breadcrumb\":{\"@id\":\"https:\/\/startercultures.eu\/de\/product\/wurstwaren-und-charcuterie-de\/zusatzstoffe\/salvianda-salt\/#breadcrumb\"},\"inLanguage\":\"de-DE\",\"potentialAction\":[{\"@type\":\"ReadAction\",\"target\":[\"https:\/\/startercultures.eu\/de\/product\/wurstwaren-und-charcuterie-de\/zusatzstoffe\/salvianda-salt\/\"]}]},{\"@type\":\"ImageObject\",\"inLanguage\":\"de-DE\",\"@id\":\"https:\/\/startercultures.eu\/de\/product\/wurstwaren-und-charcuterie-de\/zusatzstoffe\/salvianda-salt\/#primaryimage\",\"url\":\"https:\/\/startercultures.eu\/wp-content\/uploads\/2020\/07\/031-Salvianda2-mu.png\",\"contentUrl\":\"https:\/\/startercultures.eu\/wp-content\/uploads\/2020\/07\/031-Salvianda2-mu.png\",\"width\":1250,\"height\":1250,\"caption\":\"Salvianda\"},{\"@type\":\"BreadcrumbList\",\"@id\":\"https:\/\/startercultures.eu\/de\/product\/wurstwaren-und-charcuterie-de\/zusatzstoffe\/salvianda-salt\/#breadcrumb\",\"itemListElement\":[{\"@type\":\"ListItem\",\"position\":1,\"name\":\"Home\",\"item\":\"https:\/\/startercultures.eu\/de\/\"},{\"@type\":\"ListItem\",\"position\":2,\"name\":\"Shop\",\"item\":\"https:\/\/startercultures.eu\/shop\/\"},{\"@type\":\"ListItem\",\"position\":3,\"name\":\"Salvianda Salz | Cure #2 Alternative\"}]},{\"@type\":\"WebSite\",\"@id\":\"https:\/\/startercultures.eu\/de\/#website\",\"url\":\"https:\/\/startercultures.eu\/de\/\",\"name\":\"Startercultures.eu\",\"description\":\"Startercultures.eu\",\"publisher\":{\"@id\":\"https:\/\/startercultures.eu\/de\/#organization\"},\"potentialAction\":[{\"@type\":\"SearchAction\",\"target\":{\"@type\":\"EntryPoint\",\"urlTemplate\":\"https:\/\/startercultures.eu\/de\/?s={search_term_string}\"},\"query-input\":{\"@type\":\"PropertyValueSpecification\",\"valueRequired\":true,\"valueName\":\"search_term_string\"}}],\"inLanguage\":\"de-DE\"},{\"@type\":\"Organization\",\"@id\":\"https:\/\/startercultures.eu\/de\/#organization\",\"name\":\"Startercultures.eu\",\"url\":\"https:\/\/startercultures.eu\/de\/\",\"logo\":{\"@type\":\"ImageObject\",\"inLanguage\":\"de-DE\",\"@id\":\"https:\/\/startercultures.eu\/de\/#\/schema\/logo\/image\/\",\"url\":\"https:\/\/startercultures.eu\/wp-content\/uploads\/2020\/08\/startercultures-eu-nl-logo-rond-rgb.png\",\"contentUrl\":\"https:\/\/startercultures.eu\/wp-content\/uploads\/2020\/08\/startercultures-eu-nl-logo-rond-rgb.png\",\"width\":320,\"height\":320,\"caption\":\"Startercultures.eu\"},\"image\":{\"@id\":\"https:\/\/startercultures.eu\/de\/#\/schema\/logo\/image\/\"},\"sameAs\":[\"https:\/\/www.facebook.com\/startercultureseu\",\"https:\/\/www.instagram.com\/startercultures.eu\/\"]}]}<\/script>\n<meta property=\"product:price:amount\" content=\"11.99\" \/>\n<meta property=\"product:price:currency\" content=\"EUR\" \/>\n<meta property=\"og:availability\" content=\"instock\" \/>\n<meta property=\"product:availability\" content=\"instock\" \/>\n<meta property=\"product:retailer_item_id\" content=\"31\" \/>\n<meta property=\"product:condition\" content=\"new\" \/>\n<!-- \/ Yoast SEO plugin. -->","yoast_head_json":{"title":"Salvianda Salz | Cure #2 Alternative - Startercultures.eu","description":"Salvianda ist eine Salzvariante, die Natriumnitrit und Kaliumnitrat sowie etwas Traubenzucker enth\u00e4lt. Es ist die europ\u00e4ische Alternative zu cure Nr. 2.","robots":{"index":"index","follow":"follow","max-snippet":"max-snippet:-1","max-image-preview":"max-image-preview:large","max-video-preview":"max-video-preview:-1"},"canonical":"https:\/\/startercultures.eu\/de\/product\/wurstwaren-und-charcuterie-de\/zusatzstoffe\/salvianda-salt\/","og_locale":"de_DE","og_type":"article","og_title":"Salvianda Salz | Cure #2 Alternative - Startercultures.eu","og_description":"Salvianda ist eine Salzvariante, die Natriumnitrit und Kaliumnitrat sowie etwas Traubenzucker enth\u00e4lt. Es ist die europ\u00e4ische Alternative zu cure Nr. 2.","og_url":"https:\/\/startercultures.eu\/de\/product\/wurstwaren-und-charcuterie-de\/zusatzstoffe\/salvianda-salt\/","og_site_name":"Startercultures.eu","article_publisher":"https:\/\/www.facebook.com\/startercultureseu","article_modified_time":"2026-03-27T08:20:35+00:00","og_image":[{"width":1250,"height":1250,"url":"https:\/\/startercultures.eu\/wp-content\/uploads\/2020\/07\/031-Salvianda2-mu.png","type":"image\/png"}],"twitter_card":"summary_large_image","twitter_misc":{"Price":"11,99","Availability":"Vorr\u00e4tig"},"schema":{"@context":"https:\/\/schema.org","@graph":[{"@type":"WebPage","@id":"https:\/\/startercultures.eu\/de\/product\/wurstwaren-und-charcuterie-de\/zusatzstoffe\/salvianda-salt\/","url":"https:\/\/startercultures.eu\/de\/product\/wurstwaren-und-charcuterie-de\/zusatzstoffe\/salvianda-salt\/","name":"Salvianda Salz | Cure #2 Alternative - Startercultures.eu","isPartOf":{"@id":"https:\/\/startercultures.eu\/de\/#website"},"primaryImageOfPage":{"@id":"https:\/\/startercultures.eu\/de\/product\/wurstwaren-und-charcuterie-de\/zusatzstoffe\/salvianda-salt\/#primaryimage"},"image":{"@id":"https:\/\/startercultures.eu\/de\/product\/wurstwaren-und-charcuterie-de\/zusatzstoffe\/salvianda-salt\/#primaryimage"},"thumbnailUrl":"https:\/\/startercultures.eu\/wp-content\/uploads\/2020\/07\/031-Salvianda2-mu.png","datePublished":"2020-07-31T16:31:25+00:00","dateModified":"2026-03-27T08:20:35+00:00","description":"Salvianda ist eine Salzvariante, die Natriumnitrit und Kaliumnitrat sowie etwas Traubenzucker enth\u00e4lt. Es ist die europ\u00e4ische Alternative zu cure Nr. 2.","breadcrumb":{"@id":"https:\/\/startercultures.eu\/de\/product\/wurstwaren-und-charcuterie-de\/zusatzstoffe\/salvianda-salt\/#breadcrumb"},"inLanguage":"de-DE","potentialAction":[{"@type":"ReadAction","target":["https:\/\/startercultures.eu\/de\/product\/wurstwaren-und-charcuterie-de\/zusatzstoffe\/salvianda-salt\/"]}]},{"@type":"ImageObject","inLanguage":"de-DE","@id":"https:\/\/startercultures.eu\/de\/product\/wurstwaren-und-charcuterie-de\/zusatzstoffe\/salvianda-salt\/#primaryimage","url":"https:\/\/startercultures.eu\/wp-content\/uploads\/2020\/07\/031-Salvianda2-mu.png","contentUrl":"https:\/\/startercultures.eu\/wp-content\/uploads\/2020\/07\/031-Salvianda2-mu.png","width":1250,"height":1250,"caption":"Salvianda"},{"@type":"BreadcrumbList","@id":"https:\/\/startercultures.eu\/de\/product\/wurstwaren-und-charcuterie-de\/zusatzstoffe\/salvianda-salt\/#breadcrumb","itemListElement":[{"@type":"ListItem","position":1,"name":"Home","item":"https:\/\/startercultures.eu\/de\/"},{"@type":"ListItem","position":2,"name":"Shop","item":"https:\/\/startercultures.eu\/shop\/"},{"@type":"ListItem","position":3,"name":"Salvianda Salz | Cure #2 Alternative"}]},{"@type":"WebSite","@id":"https:\/\/startercultures.eu\/de\/#website","url":"https:\/\/startercultures.eu\/de\/","name":"Startercultures.eu","description":"Startercultures.eu","publisher":{"@id":"https:\/\/startercultures.eu\/de\/#organization"},"potentialAction":[{"@type":"SearchAction","target":{"@type":"EntryPoint","urlTemplate":"https:\/\/startercultures.eu\/de\/?s={search_term_string}"},"query-input":{"@type":"PropertyValueSpecification","valueRequired":true,"valueName":"search_term_string"}}],"inLanguage":"de-DE"},{"@type":"Organization","@id":"https:\/\/startercultures.eu\/de\/#organization","name":"Startercultures.eu","url":"https:\/\/startercultures.eu\/de\/","logo":{"@type":"ImageObject","inLanguage":"de-DE","@id":"https:\/\/startercultures.eu\/de\/#\/schema\/logo\/image\/","url":"https:\/\/startercultures.eu\/wp-content\/uploads\/2020\/08\/startercultures-eu-nl-logo-rond-rgb.png","contentUrl":"https:\/\/startercultures.eu\/wp-content\/uploads\/2020\/08\/startercultures-eu-nl-logo-rond-rgb.png","width":320,"height":320,"caption":"Startercultures.eu"},"image":{"@id":"https:\/\/startercultures.eu\/de\/#\/schema\/logo\/image\/"},"sameAs":["https:\/\/www.facebook.com\/startercultureseu","https:\/\/www.instagram.com\/startercultures.eu\/"]}]},"product_price_amount":"11.99","product_price_currency":"EUR","og_availability":"instock","product_availability":"instock","product_retailer_item_id":"31","product_condition":"new"},"_links":{"self":[{"href":"https:\/\/startercultures.eu\/de\/wp-json\/wp\/v2\/product\/25119","targetHints":{"allow":["GET"]}}],"collection":[{"href":"https:\/\/startercultures.eu\/de\/wp-json\/wp\/v2\/product"}],"about":[{"href":"https:\/\/startercultures.eu\/de\/wp-json\/wp\/v2\/types\/product"}],"replies":[{"embeddable":true,"href":"https:\/\/startercultures.eu\/de\/wp-json\/wp\/v2\/comments?post=25119"}],"version-history":[{"count":1,"href":"https:\/\/startercultures.eu\/de\/wp-json\/wp\/v2\/product\/25119\/revisions"}],"predecessor-version":[{"id":66822,"href":"https:\/\/startercultures.eu\/de\/wp-json\/wp\/v2\/product\/25119\/revisions\/66822"}],"wp:featuredmedia":[{"embeddable":true,"href":"https:\/\/startercultures.eu\/de\/wp-json\/wp\/v2\/media\/37450"}],"wp:attachment":[{"href":"https:\/\/startercultures.eu\/de\/wp-json\/wp\/v2\/media?parent=25119"}],"wp:term":[{"taxonomy":"product_brand","embeddable":true,"href":"https:\/\/startercultures.eu\/de\/wp-json\/wp\/v2\/product_brand?post=25119"},{"taxonomy":"product_cat","embeddable":true,"href":"https:\/\/startercultures.eu\/de\/wp-json\/wp\/v2\/product_cat?post=25119"},{"taxonomy":"product_tag","embeddable":true,"href":"https:\/\/startercultures.eu\/de\/wp-json\/wp\/v2\/product_tag?post=25119"}],"curies":[{"name":"wp","href":"https:\/\/api.w.org\/{rel}","templated":true}]}}