{"id":25120,"date":"2020-07-31T16:31:19","date_gmt":"2020-07-31T16:31:19","guid":{"rendered":"https:\/\/startercultures.eu\/product\/unkategorisiert\/milchkefir-starter-milchkefir-selbst-herstellen\/"},"modified":"2026-04-16T15:02:57","modified_gmt":"2026-04-16T13:02:57","slug":"kefir","status":"publish","type":"product","link":"https:\/\/startercultures.eu\/de\/product\/fermentation-de\/molkerei\/joghurt\/kefir\/","title":{"rendered":"Milchkefir-Starterkultur | Milchkefir selbst herstellen"},"content":{"rendered":"<p>Diese gefriergetrocknete authentische Milchkefir-Starterkultur produziert sehr dicken und cremigen Kefir von au\u00dfergew\u00f6hnlicher Qualit\u00e4t mit einem einzigartigen weichen Geschmack, cremiger Textur und vollem Aroma. Es wird kein Kohlendioxid gebildet.<\/p>\n<h3>Was ist Milchkefir?<\/h3>\n<p>Kefir ist ein frisches, leicht prickelndes, gesundes, probiotisches Milchgetr\u00e4nk. Der Trinkjoghurt l\u00e4sst sich leicht selbst zubereiten. Er ist reich an Vitaminen wie B1 (Thiamin), B2, B6, B12, C, D, H (Biotin) und K. Au\u00dferdem enth\u00e4lt er Mineralstoffe und essenzielle Aminos\u00e4uren. Dar\u00fcber hinaus ist Milchkefir aufgrund der gro\u00dfen Menge an rechtsdrehenden Milchs\u00e4urebakterien leicht verdaulich.<\/p>\n<h3>Mesophil. Kein Joghurtbereiter erforderlich<\/h3>\n<p>Sie k\u00f6nnen diesen Joghurt bei Zimmertemperatur zubereiten, es ist kein Joghurtbereiter oder \u00e4hnliches erforderlich. G\u00e4ren Sie einfach auf Ihrer Arbeitsplatte.<\/p>\n<h3>\u00dcber unsere Milchkefir-Starterkultur<\/h3>\n<p>Die Herstellung von Kefir mit Kefirk\u00f6rnern macht nat\u00fcrlich Spa\u00df, aber man muss sich gut um die K\u00f6rner k\u00fcmmern, sonst sterben sie. Nicht jeder ist darin gleich gut. Bei dieser Starterkultur gibt es dieses Problem nicht. Er enth\u00e4lt die Mikroorganismen der Kefirk\u00f6rner, aber ohne die M\u00fche, die die K\u00f6rner machen. Ideal auch f\u00fcr diejenigen, die nicht t\u00e4glich Kefir essen (und sich zum Beispiel nicht so gut um ihre Pflanzen k\u00fcmmern). Wie wir. Das Gute daran ist, dass es sich um einen wiederverwendbaren Kefir-Starter mit aktiven Bakterien handelt, was bedeutet, dass Sie den Kefir Ihrer vorherigen Charge f\u00fcr die Aufzucht Ihrer neuen Kefir-Charge verwenden k\u00f6nnen.<\/p>\n<p>Die Herstellung von Milchkefir ist sehr einfach (siehe unten) und dank dieses Starters wird Ihr Milchkefir jedes Mal gro\u00dfartig sein. Garantiert.<\/p>\n<h3>Mikroorganismen<\/h3>\n<p>Lebende aktive Milchs\u00e4urekulturen und eine Hefe (<em>lactococcus lactis ssp Lactis, lactococcus lactis ssp. Cremoris, Lactococcus lactis ssp. Lactis biovar diacetylactis, Streptococcus thermophilus, Lactobacillus kefir, Lactobacillus parakefir, Lactobacillus delbueckii ssp. Bulgaricus, Saccharomyces cerevisiae<\/em>). 1 Gramm Starterkultur enth\u00e4lt mehr als 25 Milliarden KBE (=Kolonie bildende Einheiten) probiotischer Milchs\u00e4urebakterien. Es ist biologisch und v\u00f6llig nat\u00fcrlich, ohne Konservierungsstoffe, Zusatzstoffe, k\u00fcnstliche Farb- oder Aromastoffe. Es enth\u00e4lt keine GVO-Zutaten und ist glutenfrei.<\/p>\n<h3>Lagerungshinweise Milchkefir-Starterkultur<\/h3>\n<p>Im Gefrierschrank aufbewahren. Nehmen Sie so viel, wie Sie f\u00fcr die Herstellung von Kefir ben\u00f6tigen, verschlie\u00dfen Sie die Verpackung wieder (am besten vakuumiert oder in einem Ziploc) und frieren Sie die restliche Starterkultur f\u00fcr sp\u00e4ter ein. Die Starterkultur ist im Gefrierschrank 2 Jahre haltbar.<\/p>\n<h3>Inhalt<\/h3>\n<ul>\n<li>3 Gramm mesophile Milchkefir-Starterkulturen aus Heirloom.<\/li>\n<li>1 Beutel ist ausreichend f\u00fcr 4 Liter Joghurt.<\/li>\n<li>Diese Starterkultur ist biologisch und v\u00f6llig nat\u00fcrlich, ohne Konservierungsstoffe, Zusatzstoffe, k\u00fcnstliche Farb- oder Geschmacksstoffe.<\/li>\n<li>Es enth\u00e4lt keine GVO-Zutaten und ist glutenfrei.<\/li>\n<li>Allergene: Milch<\/li>\n<li>Unsere Kefir-Starterkultur wird in Bulgarien von der ehemaligen bulgarischen Staatsfabrik hergestellt und verpackt, die dies schon seit Jahrzehnten tut.<\/li>\n<\/ul>\n<h3><strong>Wie kann man einen echten Milchkefir selbst herstellen?<\/strong><\/h3>\n<p>Sie k\u00f6nnen jede Milch verwenden &#8211; K\u00fche, Schafe, Ziegen, Magermilch, Vollmilch, roh, pasteurisiert, sterilisiert, es funktioniert immer! Es wird kein Joghurtbereiter ben\u00f6tigt.<\/p>\n<p>Zutaten f\u00fcr 1 Liter<\/p>\n<ul>\n<li>1 Liter Milch<\/li>\n<li>1 \/ 4 Teel\u00f6ffel Kefir-Starterkultur<\/li>\n<\/ul>\n<p>Schritte<\/p>\n<ol>\n<li>Erhitzen Sie die Milch kurz auf etwa 90 Grad Celsius, um eventuell vorhandene Bakterien abzut\u00f6ten, die mit den Mikroben reagieren k\u00f6nnen. Au\u00dferdem sorgt es f\u00fcr eine festere Struktur. Immer wieder umr\u00fchren, damit die Milch nicht anbrennt. Wenn Sie sterilisierte Milch verwenden, ist dies nicht notwendig.<\/li>\n<li>Auf 32\u00b0C abk\u00fchlen. Mit einem Thermometer oder dem kleinen Finger messen. Es sollte sich leicht k\u00fchl oder auf K\u00f6rpertemperatur, aber nicht kalt anf\u00fchlen.<\/li>\n<li>1\/8 Teel\u00f6ffel der Starterkultur hinzuf\u00fcgen und gut umr\u00fchren.<\/li>\n<li>Gie\u00dfen Sie die Milch in die Flasche(n) oder den Topf (die T\u00f6pfe), in denen Sie sie fermentieren wollen. Bedecken Sie die Beh\u00e4lter locker mit einem Deckel. Verschlie\u00dfen Sie es nicht luftdicht.<\/li>\n<li>Sie k\u00f6nnen den Joghurt auf der Arbeitsplatte oder durch Warmhalten fermentieren. Wickeln Sie die Beh\u00e4lter zum Beispiel in Decken ein, lassen Sie sie sous-vide, geben Sie sie in eine Thermoskanne oder in unseren wunderbaren <a href=\"https:\/\/startercultures.eu\/de\/product\/fermentation-de\/molkerei\/joghurt\/werkzeuge-de-4\/joghurt-bereiter-15-liter-einstellbare-temperatur\/\">Joghurtbereiter<\/a>, und lassen Sie sie ruhen.<\/li>\n<li>Nach etwa 12-24 Stunden ist der Kefir fertig. Pr\u00fcfen Sie, ob er ausreichend fest ist. Sie bleibt relativ fl\u00fcssig. F\u00fcgen Sie gegebenenfalls einige weitere Stunden hinzu.<\/li>\n<li>Die besten Ergebnisse erzielt man, wenn man sie vor dem Verzehr einige Stunden in den K\u00fchlschrank stellt &#8211; dann schmeckt sie noch besser!<\/li>\n<\/ol>\n<h3>Online-Workshop &#8220;Veganen K\u00e4se zu Hause herstellen&#8221; (mit Untertiteln)<\/h3>\n<p>In <a href=\"https:\/\/startercultures.eu\/de\/product\/vegan-de\/vegane-milchprodukte\/online-englisch-untertitelt-veganer-kase-workshop\/\" target=\"_blank\" rel=\"noopener\">diesem Workshop mit englischen Untertiteln<\/a> lernen Sie die Theorie und Praxis der Herstellung von veganem K\u00e4se<img decoding=\"async\" class=\"lazyload  wp-image-24266 alignright\" src=\"https:\/\/startercultures.eu\/wp-content\/uploads\/2021\/06\/Vegan-cheese-starter-kit-300x222.png\" data-orig-src=\"https:\/\/startercultures.eu\/wp-content\/uploads\/2021\/06\/Vegan-cheese-starter-kit-300x222.png\" alt=\"Veganes Blauschimmelk\u00e4se Starterkultur Kit\" width=\"219\" height=\"162\" srcset=\"data:image\/svg+xml,%3Csvg%20xmlns%3D%27http%3A%2F%2Fwww.w3.org%2F2000%2Fsvg%27%20width%3D%27219%27%20height%3D%27162%27%20viewBox%3D%270%200%20219%20162%27%3E%3Crect%20width%3D%27219%27%20height%3D%27162%27%20fill-opacity%3D%220%22%2F%3E%3C%2Fsvg%3E\" data-srcset=\"https:\/\/startercultures.eu\/wp-content\/uploads\/2021\/06\/Vegan-cheese-starter-kit-200x148.png 200w, https:\/\/startercultures.eu\/wp-content\/uploads\/2021\/06\/Vegan-cheese-starter-kit-300x222.png 300w, https:\/\/startercultures.eu\/wp-content\/uploads\/2021\/06\/Vegan-cheese-starter-kit-400x296.png 400w, https:\/\/startercultures.eu\/wp-content\/uploads\/2021\/06\/Vegan-cheese-starter-kit-500x370.png 500w, https:\/\/startercultures.eu\/wp-content\/uploads\/2021\/06\/Vegan-cheese-starter-kit-600x445.png 600w, https:\/\/startercultures.eu\/wp-content\/uploads\/2021\/06\/Vegan-cheese-starter-kit-700x519.png 700w, https:\/\/startercultures.eu\/wp-content\/uploads\/2021\/06\/Vegan-cheese-starter-kit-768x569.png 768w, https:\/\/startercultures.eu\/wp-content\/uploads\/2021\/06\/Vegan-cheese-starter-kit-800x593.png 800w, https:\/\/startercultures.eu\/wp-content\/uploads\/2021\/06\/Vegan-cheese-starter-kit-1024x759.png 1024w, https:\/\/startercultures.eu\/wp-content\/uploads\/2021\/06\/Vegan-cheese-starter-kit.png 1200w\" data-sizes=\"auto\" data-orig-sizes=\"(max-width: 219px) 100vw, 219px\" \/>s zu Hause, mit dem Schwerpunkt auf veganem Camembert und veganem Blauschimmelk\u00e4se. Foodwriter<a href=\"https:\/\/wateetons.com\/\" target=\"_blank\" rel=\"noopener\">&#8216;Meneer Wateetons&#8217;<\/a>, Autor mehrerer B\u00fccher \u00fcber Fermentierung und alternative Lebensmittelzubereitungstechniken, wird Ihnen alles \u00fcber Fermentierung, P\u00f6kelsalze, Lebensmittelsicherheit, pH-Wert, Starterkulturen, Schimmelpilze und Trocknungsbedingungen beibringen. Klicken Sie <a href=\"https:\/\/startercultures.eu\/de\/product\/vegan-de\/vegane-milchprodukte\/online-englisch-untertitelt-veganer-kase-workshop\/\" target=\"_blank\" rel=\"noopener\">hier<\/a> f\u00fcr weitere Informationen.<\/p>\n","protected":false},"excerpt":{"rendered":"<p>Dieser gefriergetrocknete Kefir-Starter erzeugt einen sehr dicken und cremigen Kefir von au\u00dfergew\u00f6hnlicher Qualit\u00e4t mit einem einzigartigen weichen Geschmack, einer cremigen Textur und einem vollen Aroma. Ohne den Aufwand, die K\u00f6rner am Leben zu erhalten.<\/p>\n","protected":false},"featured_media":24420,"comment_status":"open","ping_status":"closed","template":"","meta":{"_acf_changed":false,"footnotes":""},"product_brand":[],"product_cat":[675,677,813],"product_tag":[],"class_list":{"0":"post-25120","1":"product","2":"type-product","3":"status-publish","4":"has-post-thumbnail","6":"product_cat-joghurt","7":"product_cat-starterkulturen-de","8":"product_cat-mesophile","10":"first","11":"instock","12":"taxable","13":"shipping-taxable","14":"purchasable","15":"product-type-simple"},"acf":[],"yoast_head":"<!-- This site is optimized with the Yoast SEO plugin v26.6 - https:\/\/yoast.com\/wordpress\/plugins\/seo\/ -->\n<title>Milchkefir-Starterkultur | Startercultures.eu<\/title>\n<meta name=\"description\" content=\"Diese gefriergetrocknete Milchkefir-Starterkultur ergibt einen sehr dicken und cremigen Milchkefir. Ohne den Aufwand, die K\u00f6rner am Leben zu erhalten.\" \/>\n<meta name=\"robots\" content=\"index, follow, max-snippet:-1, max-image-preview:large, max-video-preview:-1\" \/>\n<link rel=\"canonical\" href=\"https:\/\/startercultures.eu\/de\/product\/fermentation-de\/molkerei\/joghurt\/kefir\/\" \/>\n<meta property=\"og:locale\" content=\"de_DE\" \/>\n<meta property=\"og:type\" content=\"article\" \/>\n<meta property=\"og:title\" content=\"Milchkefir-Starterkultur | Startercultures.eu\" \/>\n<meta property=\"og:description\" content=\"Diese gefriergetrocknete Milchkefir-Starterkultur ergibt einen sehr dicken und cremigen Milchkefir. Ohne den Aufwand, die K\u00f6rner am Leben zu erhalten.\" \/>\n<meta property=\"og:url\" content=\"https:\/\/startercultures.eu\/de\/product\/fermentation-de\/molkerei\/joghurt\/kefir\/\" \/>\n<meta property=\"og:site_name\" content=\"Startercultures.eu\" \/>\n<meta property=\"article:publisher\" content=\"https:\/\/www.facebook.com\/startercultureseu\" \/>\n<meta property=\"article:modified_time\" content=\"2026-04-16T13:02:57+00:00\" \/>\n<meta property=\"og:image\" content=\"https:\/\/startercultures.eu\/wp-content\/uploads\/2020\/07\/kefir-pack-gal.jpg\" \/>\n\t<meta property=\"og:image:width\" content=\"701\" \/>\n\t<meta property=\"og:image:height\" content=\"800\" \/>\n\t<meta property=\"og:image:type\" content=\"image\/jpeg\" \/>\n<meta name=\"twitter:card\" content=\"summary_large_image\" \/>\n<meta name=\"twitter:label1\" content=\"Price\" \/>\n\t<meta name=\"twitter:data1\" content=\"11,99\" \/>\n\t<meta name=\"twitter:label2\" content=\"Availability\" \/>\n\t<meta name=\"twitter:data2\" content=\"Vorr\u00e4tig\" \/>\n<script type=\"application\/ld+json\" class=\"yoast-schema-graph\">{\"@context\":\"https:\/\/schema.org\",\"@graph\":[{\"@type\":\"WebPage\",\"@id\":\"https:\/\/startercultures.eu\/de\/product\/fermentation-de\/molkerei\/joghurt\/kefir\/\",\"url\":\"https:\/\/startercultures.eu\/de\/product\/fermentation-de\/molkerei\/joghurt\/kefir\/\",\"name\":\"Milchkefir-Starterkultur | Startercultures.eu\",\"isPartOf\":{\"@id\":\"https:\/\/startercultures.eu\/de\/#website\"},\"primaryImageOfPage\":{\"@id\":\"https:\/\/startercultures.eu\/de\/product\/fermentation-de\/molkerei\/joghurt\/kefir\/#primaryimage\"},\"image\":{\"@id\":\"https:\/\/startercultures.eu\/de\/product\/fermentation-de\/molkerei\/joghurt\/kefir\/#primaryimage\"},\"thumbnailUrl\":\"https:\/\/startercultures.eu\/wp-content\/uploads\/2020\/07\/kefir-pack-gal.jpg\",\"datePublished\":\"2020-07-31T16:31:19+00:00\",\"dateModified\":\"2026-04-16T13:02:57+00:00\",\"description\":\"Diese gefriergetrocknete Milchkefir-Starterkultur ergibt einen sehr dicken und cremigen Milchkefir. Ohne den Aufwand, die K\u00f6rner am Leben zu erhalten.\",\"breadcrumb\":{\"@id\":\"https:\/\/startercultures.eu\/de\/product\/fermentation-de\/molkerei\/joghurt\/kefir\/#breadcrumb\"},\"inLanguage\":\"de-DE\",\"potentialAction\":[{\"@type\":\"ReadAction\",\"target\":[\"https:\/\/startercultures.eu\/de\/product\/fermentation-de\/molkerei\/joghurt\/kefir\/\"]}]},{\"@type\":\"ImageObject\",\"inLanguage\":\"de-DE\",\"@id\":\"https:\/\/startercultures.eu\/de\/product\/fermentation-de\/molkerei\/joghurt\/kefir\/#primaryimage\",\"url\":\"https:\/\/startercultures.eu\/wp-content\/uploads\/2020\/07\/kefir-pack-gal.jpg\",\"contentUrl\":\"https:\/\/startercultures.eu\/wp-content\/uploads\/2020\/07\/kefir-pack-gal.jpg\",\"width\":701,\"height\":800,\"caption\":\"Milchkefir\"},{\"@type\":\"BreadcrumbList\",\"@id\":\"https:\/\/startercultures.eu\/de\/product\/fermentation-de\/molkerei\/joghurt\/kefir\/#breadcrumb\",\"itemListElement\":[{\"@type\":\"ListItem\",\"position\":1,\"name\":\"Home\",\"item\":\"https:\/\/startercultures.eu\/de\/\"},{\"@type\":\"ListItem\",\"position\":2,\"name\":\"Shop\",\"item\":\"https:\/\/startercultures.eu\/shop\/\"},{\"@type\":\"ListItem\",\"position\":3,\"name\":\"Milchkefir-Starterkultur | Milchkefir selbst herstellen\"}]},{\"@type\":\"WebSite\",\"@id\":\"https:\/\/startercultures.eu\/de\/#website\",\"url\":\"https:\/\/startercultures.eu\/de\/\",\"name\":\"Startercultures.eu\",\"description\":\"Startercultures.eu\",\"publisher\":{\"@id\":\"https:\/\/startercultures.eu\/de\/#organization\"},\"potentialAction\":[{\"@type\":\"SearchAction\",\"target\":{\"@type\":\"EntryPoint\",\"urlTemplate\":\"https:\/\/startercultures.eu\/de\/?s={search_term_string}\"},\"query-input\":{\"@type\":\"PropertyValueSpecification\",\"valueRequired\":true,\"valueName\":\"search_term_string\"}}],\"inLanguage\":\"de-DE\"},{\"@type\":\"Organization\",\"@id\":\"https:\/\/startercultures.eu\/de\/#organization\",\"name\":\"Startercultures.eu\",\"url\":\"https:\/\/startercultures.eu\/de\/\",\"logo\":{\"@type\":\"ImageObject\",\"inLanguage\":\"de-DE\",\"@id\":\"https:\/\/startercultures.eu\/de\/#\/schema\/logo\/image\/\",\"url\":\"https:\/\/startercultures.eu\/wp-content\/uploads\/2020\/08\/startercultures-eu-nl-logo-rond-rgb.png\",\"contentUrl\":\"https:\/\/startercultures.eu\/wp-content\/uploads\/2020\/08\/startercultures-eu-nl-logo-rond-rgb.png\",\"width\":320,\"height\":320,\"caption\":\"Startercultures.eu\"},\"image\":{\"@id\":\"https:\/\/startercultures.eu\/de\/#\/schema\/logo\/image\/\"},\"sameAs\":[\"https:\/\/www.facebook.com\/startercultureseu\",\"https:\/\/www.instagram.com\/startercultures.eu\/\"],\"hasMerchantReturnPolicy\":{\"@type\":\"MerchantReturnPolicy\",\"merchantReturnLink\":\"https:\/\/startercultures.eu\/return-policy\/\"}}]}<\/script>\n<meta property=\"product:price:amount\" content=\"11.99\" \/>\n<meta property=\"product:price:currency\" content=\"EUR\" \/>\n<meta property=\"og:availability\" content=\"instock\" \/>\n<meta property=\"product:availability\" content=\"instock\" \/>\n<meta property=\"product:retailer_item_id\" content=\"96\" \/>\n<meta property=\"product:condition\" content=\"new\" \/>\n<!-- \/ Yoast SEO plugin. -->","yoast_head_json":{"title":"Milchkefir-Starterkultur | Startercultures.eu","description":"Diese gefriergetrocknete Milchkefir-Starterkultur ergibt einen sehr dicken und cremigen Milchkefir. Ohne den Aufwand, die K\u00f6rner am Leben zu erhalten.","robots":{"index":"index","follow":"follow","max-snippet":"max-snippet:-1","max-image-preview":"max-image-preview:large","max-video-preview":"max-video-preview:-1"},"canonical":"https:\/\/startercultures.eu\/de\/product\/fermentation-de\/molkerei\/joghurt\/kefir\/","og_locale":"de_DE","og_type":"article","og_title":"Milchkefir-Starterkultur | Startercultures.eu","og_description":"Diese gefriergetrocknete Milchkefir-Starterkultur ergibt einen sehr dicken und cremigen Milchkefir. Ohne den Aufwand, die K\u00f6rner am Leben zu erhalten.","og_url":"https:\/\/startercultures.eu\/de\/product\/fermentation-de\/molkerei\/joghurt\/kefir\/","og_site_name":"Startercultures.eu","article_publisher":"https:\/\/www.facebook.com\/startercultureseu","article_modified_time":"2026-04-16T13:02:57+00:00","og_image":[{"width":701,"height":800,"url":"https:\/\/startercultures.eu\/wp-content\/uploads\/2020\/07\/kefir-pack-gal.jpg","type":"image\/jpeg"}],"twitter_card":"summary_large_image","twitter_misc":{"Price":"11,99","Availability":"Vorr\u00e4tig"},"schema":{"@context":"https:\/\/schema.org","@graph":[{"@type":"WebPage","@id":"https:\/\/startercultures.eu\/de\/product\/fermentation-de\/molkerei\/joghurt\/kefir\/","url":"https:\/\/startercultures.eu\/de\/product\/fermentation-de\/molkerei\/joghurt\/kefir\/","name":"Milchkefir-Starterkultur | Startercultures.eu","isPartOf":{"@id":"https:\/\/startercultures.eu\/de\/#website"},"primaryImageOfPage":{"@id":"https:\/\/startercultures.eu\/de\/product\/fermentation-de\/molkerei\/joghurt\/kefir\/#primaryimage"},"image":{"@id":"https:\/\/startercultures.eu\/de\/product\/fermentation-de\/molkerei\/joghurt\/kefir\/#primaryimage"},"thumbnailUrl":"https:\/\/startercultures.eu\/wp-content\/uploads\/2020\/07\/kefir-pack-gal.jpg","datePublished":"2020-07-31T16:31:19+00:00","dateModified":"2026-04-16T13:02:57+00:00","description":"Diese gefriergetrocknete Milchkefir-Starterkultur ergibt einen sehr dicken und cremigen Milchkefir. Ohne den Aufwand, die K\u00f6rner am Leben zu erhalten.","breadcrumb":{"@id":"https:\/\/startercultures.eu\/de\/product\/fermentation-de\/molkerei\/joghurt\/kefir\/#breadcrumb"},"inLanguage":"de-DE","potentialAction":[{"@type":"ReadAction","target":["https:\/\/startercultures.eu\/de\/product\/fermentation-de\/molkerei\/joghurt\/kefir\/"]}]},{"@type":"ImageObject","inLanguage":"de-DE","@id":"https:\/\/startercultures.eu\/de\/product\/fermentation-de\/molkerei\/joghurt\/kefir\/#primaryimage","url":"https:\/\/startercultures.eu\/wp-content\/uploads\/2020\/07\/kefir-pack-gal.jpg","contentUrl":"https:\/\/startercultures.eu\/wp-content\/uploads\/2020\/07\/kefir-pack-gal.jpg","width":701,"height":800,"caption":"Milchkefir"},{"@type":"BreadcrumbList","@id":"https:\/\/startercultures.eu\/de\/product\/fermentation-de\/molkerei\/joghurt\/kefir\/#breadcrumb","itemListElement":[{"@type":"ListItem","position":1,"name":"Home","item":"https:\/\/startercultures.eu\/de\/"},{"@type":"ListItem","position":2,"name":"Shop","item":"https:\/\/startercultures.eu\/shop\/"},{"@type":"ListItem","position":3,"name":"Milchkefir-Starterkultur | Milchkefir selbst herstellen"}]},{"@type":"WebSite","@id":"https:\/\/startercultures.eu\/de\/#website","url":"https:\/\/startercultures.eu\/de\/","name":"Startercultures.eu","description":"Startercultures.eu","publisher":{"@id":"https:\/\/startercultures.eu\/de\/#organization"},"potentialAction":[{"@type":"SearchAction","target":{"@type":"EntryPoint","urlTemplate":"https:\/\/startercultures.eu\/de\/?s={search_term_string}"},"query-input":{"@type":"PropertyValueSpecification","valueRequired":true,"valueName":"search_term_string"}}],"inLanguage":"de-DE"},{"@type":"Organization","@id":"https:\/\/startercultures.eu\/de\/#organization","name":"Startercultures.eu","url":"https:\/\/startercultures.eu\/de\/","logo":{"@type":"ImageObject","inLanguage":"de-DE","@id":"https:\/\/startercultures.eu\/de\/#\/schema\/logo\/image\/","url":"https:\/\/startercultures.eu\/wp-content\/uploads\/2020\/08\/startercultures-eu-nl-logo-rond-rgb.png","contentUrl":"https:\/\/startercultures.eu\/wp-content\/uploads\/2020\/08\/startercultures-eu-nl-logo-rond-rgb.png","width":320,"height":320,"caption":"Startercultures.eu"},"image":{"@id":"https:\/\/startercultures.eu\/de\/#\/schema\/logo\/image\/"},"sameAs":["https:\/\/www.facebook.com\/startercultureseu","https:\/\/www.instagram.com\/startercultures.eu\/"],"hasMerchantReturnPolicy":{"@type":"MerchantReturnPolicy","merchantReturnLink":"https:\/\/startercultures.eu\/return-policy\/"}}]},"product_price_amount":"11.99","product_price_currency":"EUR","og_availability":"instock","product_availability":"instock","product_retailer_item_id":"96","product_condition":"new"},"_links":{"self":[{"href":"https:\/\/startercultures.eu\/de\/wp-json\/wp\/v2\/product\/25120","targetHints":{"allow":["GET"]}}],"collection":[{"href":"https:\/\/startercultures.eu\/de\/wp-json\/wp\/v2\/product"}],"about":[{"href":"https:\/\/startercultures.eu\/de\/wp-json\/wp\/v2\/types\/product"}],"replies":[{"embeddable":true,"href":"https:\/\/startercultures.eu\/de\/wp-json\/wp\/v2\/comments?post=25120"}],"version-history":[{"count":1,"href":"https:\/\/startercultures.eu\/de\/wp-json\/wp\/v2\/product\/25120\/revisions"}],"predecessor-version":[{"id":66114,"href":"https:\/\/startercultures.eu\/de\/wp-json\/wp\/v2\/product\/25120\/revisions\/66114"}],"wp:featuredmedia":[{"embeddable":true,"href":"https:\/\/startercultures.eu\/de\/wp-json\/wp\/v2\/media\/24420"}],"wp:attachment":[{"href":"https:\/\/startercultures.eu\/de\/wp-json\/wp\/v2\/media?parent=25120"}],"wp:term":[{"taxonomy":"product_brand","embeddable":true,"href":"https:\/\/startercultures.eu\/de\/wp-json\/wp\/v2\/product_brand?post=25120"},{"taxonomy":"product_cat","embeddable":true,"href":"https:\/\/startercultures.eu\/de\/wp-json\/wp\/v2\/product_cat?post=25120"},{"taxonomy":"product_tag","embeddable":true,"href":"https:\/\/startercultures.eu\/de\/wp-json\/wp\/v2\/product_tag?post=25120"}],"curies":[{"name":"wp","href":"https:\/\/api.w.org\/{rel}","templated":true}]}}