{"id":25122,"date":"2020-07-31T16:31:05","date_gmt":"2020-07-31T16:31:05","guid":{"rendered":"https:\/\/startercultures.eu\/product\/unkategorisiert\/raps-biostart-rp-starterkultur-fuer-wurstwaren\/"},"modified":"2025-05-26T20:00:29","modified_gmt":"2025-05-26T18:00:29","slug":"raps-biostart-rp","status":"publish","type":"product","link":"https:\/\/startercultures.eu\/de\/product\/wurstwaren-und-charcuterie-de\/startercultures-for-sausage-making\/starterkulturen-fur-wurstwaren\/raps-biostart-rp\/","title":{"rendered":"RAPS biostart RP | Starterkultur f\u00fcr Wurstwaren"},"content":{"rendered":"<p><strong>Product no longer available. Instead you can use <a href=\"https:\/\/startercultures.eu\/product\/sausages-and-charcuterie\/starter-cultures-for-sausage-making\/starter-cultures-for-charcuterie\/bactoferm-safepro-b-lc-78\/\">this starter culture for charcuterie<\/a><\/strong><\/p>\n<p>RAPS biostart RP: die einzige Starterkultur f\u00fcr Wurstwaren, die f\u00fcr <em>alle<\/em> Wurstwaren geeignet ist<\/p>\n<h3>\u00dcber RAPS Biostart RP Starterkultur f\u00fcr Wurstwaren<\/h3>\n<p>RAPS Biostart RP bringt Ihren Schinken oder andere Wurstwaren wie Pancetta, Coppa, Bresaola oder Lonza auf ein neues Niveau. Sie k\u00f6nnen diese Starterkultur einfach zu jedem Wurstwarenrezept hinzuf\u00fcgen. Sie tr\u00e4gt nicht nur zur Entwicklung des typisch vollen s\u00fcdeurop\u00e4ischen Wurstwarengeschmacks bei, sondern unterst\u00fctzt auch die Farbbildung und hemmt das Wachstum unerw\u00fcnschter Mikroorganismen. Es handelt sich um eine mikrobiologische Starterkultur, die daher keine Gew\u00fcrze oder Geschmacksverst\u00e4rker enth\u00e4lt.<\/p>\n<ul>\n<li>Angenehmes, charakteristisches, reifes Aroma<\/li>\n<li>Sorgt f\u00fcr den typischen Rohwurstgeschmack und eine nat\u00fcrliche Farbe<\/li>\n<li>Enth\u00e4lt nur Milchs\u00e4urebakterien und keine Geschmacksverst\u00e4rker oder andere Tricks.<\/li>\n<li>Hinweis: Am besten im Gefrierschrank aufbewahren, aber kurze Unterbrechungen des Gefrierens beeintr\u00e4chtigen die Qualit\u00e4t nicht.<\/li>\n<\/ul>\n<h3>Dosierung<\/h3>\n<ul>\n<li>1 Beutel reicht f\u00fcr 100 Kilo Fleisch<\/li>\n<li>Dosierung: 0,1 Gramm pro Kilo Fleisch. F\u00fcgen Sie es einfach der Salzlake oder der cure zu. Bitte \u00fcberdosieren Sie ein wenig.<\/li>\n<li>Geeignet f\u00fcr trockenes und nasses Salzen \/ P\u00f6keln<\/li>\n<\/ul>\n<h3>So verwenden Sie RAPS Biostart RP Starterkultur f\u00fcr Wurstwaren<\/h3>\n<p>Diese Kultur kann einfach zu jedem Rezept hinzugef\u00fcgt werden und bringt den typischen Rohschinkengeschmack zur Geltung, w\u00e4hrend sie gleichzeitig dazu beitr\u00e4gt, eine appetitliche P\u00f6kelfarbe zu erzielen. <a href=\"https:\/\/www.raps.com\/media\/wysiwyg\/download-area\/RAPS_Raw_sausage_2017_mS_EN.pdf\" target=\"_blank\" rel=\"noopener\">Hier ist ein Beispiel f\u00fcr ein Rezept f\u00fcr Rohschinken nach alpenl\u00e4ndischer Art von RAPS selbst, das zeigt, wie die Kultur angewendet wird<\/a>.<\/p>\n<h3>H\u00e4uslichen Herstellung von luftgetrockneten W\u00fcrsten<\/h3>\n<p>Luftgetrocknete W\u00fcrste sind eine kulinarische K\u00f6stlichkeit, die in verschiedenen Gerichten genossen oder als schmackhafter Imbiss verzehrt werden kann. Diese althergebrachte Konservierungsmethode bedient sich der Verwendung von Salz, Gew\u00fcrzen, Fermentation und Zeit, um k\u00f6stliche, haltbare W\u00fcrste mit intensiven Aromen zu kreieren. <a href=\"https:\/\/startercultures.eu\/de\/making-dry-cured-sausages-at-home-step-by-step\/\" target=\"_blank\" rel=\"noopener\">In dieser Anleitung<\/a> werden wir Sie durch den Prozess der h\u00e4uslichen Herstellung von luftgetrockneten W\u00fcrsten f\u00fchren.<\/p>\n<h3>Englischsprachiger Online-Workshop zur Herstellung eigener trocken gep\u00f6kelter Charcuterie<img decoding=\"async\" class=\"lazyload  wp-image-23962 alignright\" src=\"https:\/\/startercultures.eu\/wp-content\/uploads\/2020\/12\/workshop-charcuterie-450-300x300.png\" data-orig-src=\"https:\/\/startercultures.eu\/wp-content\/uploads\/2020\/12\/workshop-charcuterie-450-300x300.png\" alt=\"Workshop Wurstwaren 450\" width=\"149\" height=\"149\" srcset=\"data:image\/svg+xml,%3Csvg%20xmlns%3D%27http%3A%2F%2Fwww.w3.org%2F2000%2Fsvg%27%20width%3D%27149%27%20height%3D%27149%27%20viewBox%3D%270%200%20149%20149%27%3E%3Crect%20width%3D%27149%27%20height%3D%27149%27%20fill-opacity%3D%220%22%2F%3E%3C%2Fsvg%3E\" data-srcset=\"https:\/\/startercultures.eu\/wp-content\/uploads\/2020\/12\/workshop-charcuterie-450-66x66.png 66w, https:\/\/startercultures.eu\/wp-content\/uploads\/2020\/12\/workshop-charcuterie-450-70x70.png 70w, https:\/\/startercultures.eu\/wp-content\/uploads\/2020\/12\/workshop-charcuterie-450-100x100.png 100w, https:\/\/startercultures.eu\/wp-content\/uploads\/2020\/12\/workshop-charcuterie-450-150x150.png 150w, https:\/\/startercultures.eu\/wp-content\/uploads\/2020\/12\/workshop-charcuterie-450-200x201.png 200w, https:\/\/startercultures.eu\/wp-content\/uploads\/2020\/12\/workshop-charcuterie-450-300x300.png 300w, https:\/\/startercultures.eu\/wp-content\/uploads\/2020\/12\/workshop-charcuterie-450-400x402.png 400w, https:\/\/startercultures.eu\/wp-content\/uploads\/2020\/12\/workshop-charcuterie-450.png 450w\" data-sizes=\"auto\" data-orig-sizes=\"(max-width: 149px) 100vw, 149px\" \/><\/h3>\n<p>Lernen Sie von &#8216;<a href=\"https:\/\/wateetons.com\/\" target=\"_blank\" rel=\"noopener\">Meneer Wateetons<\/a>&#8216;, dem Autor des (niederl\u00e4ndischen) f\u00fchrenden Werks auf diesem Gebiet: &#8216;<a href=\"https:\/\/www.amazon.com\/Over-charcuterie-Dutch-Meneer-Wateetons\/dp\/9048845343\/ref=sr_1_1?keywords=wateetons&amp;qid=1585632464&amp;sr=8-1\" target=\"_blank\" rel=\"noopener noreferrer\">\u00dcber Wurstwaren<\/a>&#8216;, wie Sie Ihre eigene Wurst aus ganzen Muskeln herstellen k\u00f6nnen. Schinken, Pancetta, Guanciale, Lardo, Coppa und weitere k\u00f6stliche s\u00fcdeurop\u00e4ische Trockenfleischprodukte werden vorgestellt. In diesem <a href=\"https:\/\/startercultures.eu\/product\/sausages-and-charcuterie\/online-english-spoken-dry-cured-charcuterie-workshop\/\" target=\"_blank\" rel=\"noopener\">englischsprachigen Online-Workshop<\/a> lernen Sie in 90 Minuten alles \u00fcber das Salzen, Trocknen, Reifen, Vakuumieren, R\u00e4uchern, Temperatur und Luftfeuchtigkeit. Danach sind Sie bereit, Ihre eigenen Wurstwaren selbst herzustellen, sicher und schmackhaft. Klicken Sie <a href=\"https:\/\/startercultures.eu\/product\/sausages-and-charcuterie\/online-english-spoken-dry-cured-charcuterie-workshop\/\" target=\"_blank\" rel=\"noopener\">hier<\/a> f\u00fcr weitere Informationen.<\/p>\n","protected":false},"excerpt":{"rendered":"<p>Eine Starterkultur f\u00fcr alle Wurstwaren. RAPS Biostart RP bringt Ihren Schinken oder andere Wurstwaren wie Pancetta, Coppa, Bresaola oder Lonza auf ein neues Niveau.<\/p>\n","protected":false},"featured_media":24233,"comment_status":"open","ping_status":"closed","template":"","meta":{"_acf_changed":false,"footnotes":""},"product_brand":[],"product_cat":[745],"product_tag":[],"class_list":{"0":"post-25122","1":"product","2":"type-product","3":"status-publish","4":"has-post-thumbnail","6":"product_cat-starterkulturen-fur-wurstwaren","7":"pa_ean-8720297620485-de","9":"first","10":"outofstock","11":"taxable","12":"shipping-taxable","13":"purchasable","14":"product-type-simple"},"acf":[],"yoast_head":"<!-- This site is optimized with the Yoast SEO plugin v26.6 - https:\/\/yoast.com\/wordpress\/plugins\/seo\/ -->\n<title>RAPS biostart RP | Starterkultur f\u00fcr Wurstwaren - Startercultures.eu<\/title>\n<meta name=\"description\" content=\"Eine echte Starterkultur f\u00fcr Wurstwaren. RAPS Biostart RP bringt Ihre Wurstwaren wie Pancetta, Coppa, Bresaola oder Lonza auf ein neues Niveau.\" \/>\n<meta name=\"robots\" content=\"index, follow, max-snippet:-1, max-image-preview:large, max-video-preview:-1\" \/>\n<link rel=\"canonical\" href=\"https:\/\/startercultures.eu\/de\/product\/wurstwaren-und-charcuterie-de\/startercultures-for-sausage-making\/starterkulturen-fur-wurstwaren\/raps-biostart-rp\/\" \/>\n<meta property=\"og:locale\" content=\"de_DE\" \/>\n<meta property=\"og:type\" content=\"article\" \/>\n<meta property=\"og:title\" content=\"RAPS biostart RP | Starterkultur f\u00fcr Wurstwaren - Startercultures.eu\" \/>\n<meta property=\"og:description\" content=\"Eine echte Starterkultur f\u00fcr Wurstwaren. RAPS Biostart RP bringt Ihre Wurstwaren wie Pancetta, Coppa, Bresaola oder Lonza auf ein neues Niveau.\" \/>\n<meta property=\"og:url\" content=\"https:\/\/startercultures.eu\/de\/product\/wurstwaren-und-charcuterie-de\/startercultures-for-sausage-making\/starterkulturen-fur-wurstwaren\/raps-biostart-rp\/\" \/>\n<meta property=\"og:site_name\" content=\"Startercultures.eu\" \/>\n<meta property=\"article:publisher\" content=\"https:\/\/www.facebook.com\/startercultureseu\" \/>\n<meta property=\"article:modified_time\" content=\"2025-05-26T18:00:29+00:00\" \/>\n<meta property=\"og:image\" content=\"https:\/\/startercultures.eu\/wp-content\/uploads\/2020\/07\/Biostart-RP2.png\" \/>\n\t<meta property=\"og:image:width\" content=\"938\" \/>\n\t<meta property=\"og:image:height\" content=\"1155\" \/>\n\t<meta property=\"og:image:type\" content=\"image\/png\" \/>\n<meta name=\"twitter:card\" content=\"summary_large_image\" \/>\n<meta name=\"twitter:label1\" content=\"Price\" \/>\n\t<meta name=\"twitter:data1\" content=\"15,99\" \/>\n\t<meta name=\"twitter:label2\" content=\"Availability\" \/>\n\t<meta name=\"twitter:data2\" content=\"Nicht auf Lager\" \/>\n<script type=\"application\/ld+json\" class=\"yoast-schema-graph\">{\"@context\":\"https:\/\/schema.org\",\"@graph\":[{\"@type\":\"WebPage\",\"@id\":\"https:\/\/startercultures.eu\/de\/product\/wurstwaren-und-charcuterie-de\/startercultures-for-sausage-making\/starterkulturen-fur-wurstwaren\/raps-biostart-rp\/\",\"url\":\"https:\/\/startercultures.eu\/de\/product\/wurstwaren-und-charcuterie-de\/startercultures-for-sausage-making\/starterkulturen-fur-wurstwaren\/raps-biostart-rp\/\",\"name\":\"RAPS biostart RP | Starterkultur f\u00fcr Wurstwaren - Startercultures.eu\",\"isPartOf\":{\"@id\":\"https:\/\/startercultures.eu\/de\/#website\"},\"primaryImageOfPage\":{\"@id\":\"https:\/\/startercultures.eu\/de\/product\/wurstwaren-und-charcuterie-de\/startercultures-for-sausage-making\/starterkulturen-fur-wurstwaren\/raps-biostart-rp\/#primaryimage\"},\"image\":{\"@id\":\"https:\/\/startercultures.eu\/de\/product\/wurstwaren-und-charcuterie-de\/startercultures-for-sausage-making\/starterkulturen-fur-wurstwaren\/raps-biostart-rp\/#primaryimage\"},\"thumbnailUrl\":\"https:\/\/startercultures.eu\/wp-content\/uploads\/2020\/07\/Biostart-RP2.png\",\"datePublished\":\"2020-07-31T16:31:05+00:00\",\"dateModified\":\"2025-05-26T18:00:29+00:00\",\"description\":\"Eine echte Starterkultur f\u00fcr Wurstwaren. RAPS Biostart RP bringt Ihre Wurstwaren wie Pancetta, Coppa, Bresaola oder Lonza auf ein neues Niveau.\",\"breadcrumb\":{\"@id\":\"https:\/\/startercultures.eu\/de\/product\/wurstwaren-und-charcuterie-de\/startercultures-for-sausage-making\/starterkulturen-fur-wurstwaren\/raps-biostart-rp\/#breadcrumb\"},\"inLanguage\":\"de-DE\",\"potentialAction\":[{\"@type\":\"ReadAction\",\"target\":[\"https:\/\/startercultures.eu\/de\/product\/wurstwaren-und-charcuterie-de\/startercultures-for-sausage-making\/starterkulturen-fur-wurstwaren\/raps-biostart-rp\/\"]}]},{\"@type\":\"ImageObject\",\"inLanguage\":\"de-DE\",\"@id\":\"https:\/\/startercultures.eu\/de\/product\/wurstwaren-und-charcuterie-de\/startercultures-for-sausage-making\/starterkulturen-fur-wurstwaren\/raps-biostart-rp\/#primaryimage\",\"url\":\"https:\/\/startercultures.eu\/wp-content\/uploads\/2020\/07\/Biostart-RP2.png\",\"contentUrl\":\"https:\/\/startercultures.eu\/wp-content\/uploads\/2020\/07\/Biostart-RP2.png\",\"width\":938,\"height\":1155,\"caption\":\"Biostart RP\"},{\"@type\":\"BreadcrumbList\",\"@id\":\"https:\/\/startercultures.eu\/de\/product\/wurstwaren-und-charcuterie-de\/startercultures-for-sausage-making\/starterkulturen-fur-wurstwaren\/raps-biostart-rp\/#breadcrumb\",\"itemListElement\":[{\"@type\":\"ListItem\",\"position\":1,\"name\":\"Home\",\"item\":\"https:\/\/startercultures.eu\/de\/\"},{\"@type\":\"ListItem\",\"position\":2,\"name\":\"Shop\",\"item\":\"https:\/\/startercultures.eu\/shop\/\"},{\"@type\":\"ListItem\",\"position\":3,\"name\":\"RAPS biostart RP | Starterkultur f\u00fcr Wurstwaren\"}]},{\"@type\":\"WebSite\",\"@id\":\"https:\/\/startercultures.eu\/de\/#website\",\"url\":\"https:\/\/startercultures.eu\/de\/\",\"name\":\"Startercultures.eu\",\"description\":\"Startercultures.eu\",\"publisher\":{\"@id\":\"https:\/\/startercultures.eu\/de\/#organization\"},\"potentialAction\":[{\"@type\":\"SearchAction\",\"target\":{\"@type\":\"EntryPoint\",\"urlTemplate\":\"https:\/\/startercultures.eu\/de\/?s={search_term_string}\"},\"query-input\":{\"@type\":\"PropertyValueSpecification\",\"valueRequired\":true,\"valueName\":\"search_term_string\"}}],\"inLanguage\":\"de-DE\"},{\"@type\":\"Organization\",\"@id\":\"https:\/\/startercultures.eu\/de\/#organization\",\"name\":\"Startercultures.eu\",\"url\":\"https:\/\/startercultures.eu\/de\/\",\"logo\":{\"@type\":\"ImageObject\",\"inLanguage\":\"de-DE\",\"@id\":\"https:\/\/startercultures.eu\/de\/#\/schema\/logo\/image\/\",\"url\":\"https:\/\/startercultures.eu\/wp-content\/uploads\/2020\/08\/startercultures-eu-nl-logo-rond-rgb.png\",\"contentUrl\":\"https:\/\/startercultures.eu\/wp-content\/uploads\/2020\/08\/startercultures-eu-nl-logo-rond-rgb.png\",\"width\":320,\"height\":320,\"caption\":\"Startercultures.eu\"},\"image\":{\"@id\":\"https:\/\/startercultures.eu\/de\/#\/schema\/logo\/image\/\"},\"sameAs\":[\"https:\/\/www.facebook.com\/startercultureseu\",\"https:\/\/www.instagram.com\/startercultures.eu\/\"]}]}<\/script>\n<meta property=\"product:price:amount\" content=\"15.99\" \/>\n<meta property=\"product:price:currency\" content=\"EUR\" \/>\n<meta property=\"og:availability\" content=\"out of stock\" \/>\n<meta property=\"product:availability\" content=\"out of stock\" \/>\n<meta property=\"product:retailer_item_id\" content=\"103\" \/>\n<meta property=\"product:condition\" content=\"new\" \/>\n<!-- \/ Yoast SEO plugin. -->","yoast_head_json":{"title":"RAPS biostart RP | Starterkultur f\u00fcr Wurstwaren - Startercultures.eu","description":"Eine echte Starterkultur f\u00fcr Wurstwaren. RAPS Biostart RP bringt Ihre Wurstwaren wie Pancetta, Coppa, Bresaola oder Lonza auf ein neues Niveau.","robots":{"index":"index","follow":"follow","max-snippet":"max-snippet:-1","max-image-preview":"max-image-preview:large","max-video-preview":"max-video-preview:-1"},"canonical":"https:\/\/startercultures.eu\/de\/product\/wurstwaren-und-charcuterie-de\/startercultures-for-sausage-making\/starterkulturen-fur-wurstwaren\/raps-biostart-rp\/","og_locale":"de_DE","og_type":"article","og_title":"RAPS biostart RP | Starterkultur f\u00fcr Wurstwaren - Startercultures.eu","og_description":"Eine echte Starterkultur f\u00fcr Wurstwaren. RAPS Biostart RP bringt Ihre Wurstwaren wie Pancetta, Coppa, Bresaola oder Lonza auf ein neues Niveau.","og_url":"https:\/\/startercultures.eu\/de\/product\/wurstwaren-und-charcuterie-de\/startercultures-for-sausage-making\/starterkulturen-fur-wurstwaren\/raps-biostart-rp\/","og_site_name":"Startercultures.eu","article_publisher":"https:\/\/www.facebook.com\/startercultureseu","article_modified_time":"2025-05-26T18:00:29+00:00","og_image":[{"width":938,"height":1155,"url":"https:\/\/startercultures.eu\/wp-content\/uploads\/2020\/07\/Biostart-RP2.png","type":"image\/png"}],"twitter_card":"summary_large_image","twitter_misc":{"Price":"15,99","Availability":"Nicht auf Lager"},"schema":{"@context":"https:\/\/schema.org","@graph":[{"@type":"WebPage","@id":"https:\/\/startercultures.eu\/de\/product\/wurstwaren-und-charcuterie-de\/startercultures-for-sausage-making\/starterkulturen-fur-wurstwaren\/raps-biostart-rp\/","url":"https:\/\/startercultures.eu\/de\/product\/wurstwaren-und-charcuterie-de\/startercultures-for-sausage-making\/starterkulturen-fur-wurstwaren\/raps-biostart-rp\/","name":"RAPS biostart RP | Starterkultur f\u00fcr Wurstwaren - Startercultures.eu","isPartOf":{"@id":"https:\/\/startercultures.eu\/de\/#website"},"primaryImageOfPage":{"@id":"https:\/\/startercultures.eu\/de\/product\/wurstwaren-und-charcuterie-de\/startercultures-for-sausage-making\/starterkulturen-fur-wurstwaren\/raps-biostart-rp\/#primaryimage"},"image":{"@id":"https:\/\/startercultures.eu\/de\/product\/wurstwaren-und-charcuterie-de\/startercultures-for-sausage-making\/starterkulturen-fur-wurstwaren\/raps-biostart-rp\/#primaryimage"},"thumbnailUrl":"https:\/\/startercultures.eu\/wp-content\/uploads\/2020\/07\/Biostart-RP2.png","datePublished":"2020-07-31T16:31:05+00:00","dateModified":"2025-05-26T18:00:29+00:00","description":"Eine echte Starterkultur f\u00fcr Wurstwaren. RAPS Biostart RP bringt Ihre Wurstwaren wie Pancetta, Coppa, Bresaola oder Lonza auf ein neues Niveau.","breadcrumb":{"@id":"https:\/\/startercultures.eu\/de\/product\/wurstwaren-und-charcuterie-de\/startercultures-for-sausage-making\/starterkulturen-fur-wurstwaren\/raps-biostart-rp\/#breadcrumb"},"inLanguage":"de-DE","potentialAction":[{"@type":"ReadAction","target":["https:\/\/startercultures.eu\/de\/product\/wurstwaren-und-charcuterie-de\/startercultures-for-sausage-making\/starterkulturen-fur-wurstwaren\/raps-biostart-rp\/"]}]},{"@type":"ImageObject","inLanguage":"de-DE","@id":"https:\/\/startercultures.eu\/de\/product\/wurstwaren-und-charcuterie-de\/startercultures-for-sausage-making\/starterkulturen-fur-wurstwaren\/raps-biostart-rp\/#primaryimage","url":"https:\/\/startercultures.eu\/wp-content\/uploads\/2020\/07\/Biostart-RP2.png","contentUrl":"https:\/\/startercultures.eu\/wp-content\/uploads\/2020\/07\/Biostart-RP2.png","width":938,"height":1155,"caption":"Biostart RP"},{"@type":"BreadcrumbList","@id":"https:\/\/startercultures.eu\/de\/product\/wurstwaren-und-charcuterie-de\/startercultures-for-sausage-making\/starterkulturen-fur-wurstwaren\/raps-biostart-rp\/#breadcrumb","itemListElement":[{"@type":"ListItem","position":1,"name":"Home","item":"https:\/\/startercultures.eu\/de\/"},{"@type":"ListItem","position":2,"name":"Shop","item":"https:\/\/startercultures.eu\/shop\/"},{"@type":"ListItem","position":3,"name":"RAPS biostart RP | Starterkultur f\u00fcr Wurstwaren"}]},{"@type":"WebSite","@id":"https:\/\/startercultures.eu\/de\/#website","url":"https:\/\/startercultures.eu\/de\/","name":"Startercultures.eu","description":"Startercultures.eu","publisher":{"@id":"https:\/\/startercultures.eu\/de\/#organization"},"potentialAction":[{"@type":"SearchAction","target":{"@type":"EntryPoint","urlTemplate":"https:\/\/startercultures.eu\/de\/?s={search_term_string}"},"query-input":{"@type":"PropertyValueSpecification","valueRequired":true,"valueName":"search_term_string"}}],"inLanguage":"de-DE"},{"@type":"Organization","@id":"https:\/\/startercultures.eu\/de\/#organization","name":"Startercultures.eu","url":"https:\/\/startercultures.eu\/de\/","logo":{"@type":"ImageObject","inLanguage":"de-DE","@id":"https:\/\/startercultures.eu\/de\/#\/schema\/logo\/image\/","url":"https:\/\/startercultures.eu\/wp-content\/uploads\/2020\/08\/startercultures-eu-nl-logo-rond-rgb.png","contentUrl":"https:\/\/startercultures.eu\/wp-content\/uploads\/2020\/08\/startercultures-eu-nl-logo-rond-rgb.png","width":320,"height":320,"caption":"Startercultures.eu"},"image":{"@id":"https:\/\/startercultures.eu\/de\/#\/schema\/logo\/image\/"},"sameAs":["https:\/\/www.facebook.com\/startercultureseu","https:\/\/www.instagram.com\/startercultures.eu\/"]}]},"product_price_amount":"15.99","product_price_currency":"EUR","og_availability":"out of stock","product_availability":"out of stock","product_retailer_item_id":"103","product_condition":"new"},"_links":{"self":[{"href":"https:\/\/startercultures.eu\/de\/wp-json\/wp\/v2\/product\/25122","targetHints":{"allow":["GET"]}}],"collection":[{"href":"https:\/\/startercultures.eu\/de\/wp-json\/wp\/v2\/product"}],"about":[{"href":"https:\/\/startercultures.eu\/de\/wp-json\/wp\/v2\/types\/product"}],"replies":[{"embeddable":true,"href":"https:\/\/startercultures.eu\/de\/wp-json\/wp\/v2\/comments?post=25122"}],"version-history":[{"count":4,"href":"https:\/\/startercultures.eu\/de\/wp-json\/wp\/v2\/product\/25122\/revisions"}],"predecessor-version":[{"id":72665,"href":"https:\/\/startercultures.eu\/de\/wp-json\/wp\/v2\/product\/25122\/revisions\/72665"}],"wp:featuredmedia":[{"embeddable":true,"href":"https:\/\/startercultures.eu\/de\/wp-json\/wp\/v2\/media\/24233"}],"wp:attachment":[{"href":"https:\/\/startercultures.eu\/de\/wp-json\/wp\/v2\/media?parent=25122"}],"wp:term":[{"taxonomy":"product_brand","embeddable":true,"href":"https:\/\/startercultures.eu\/de\/wp-json\/wp\/v2\/product_brand?post=25122"},{"taxonomy":"product_cat","embeddable":true,"href":"https:\/\/startercultures.eu\/de\/wp-json\/wp\/v2\/product_cat?post=25122"},{"taxonomy":"product_tag","embeddable":true,"href":"https:\/\/startercultures.eu\/de\/wp-json\/wp\/v2\/product_tag?post=25122"}],"curies":[{"name":"wp","href":"https:\/\/api.w.org\/{rel}","templated":true}]}}