{"id":25123,"date":"2020-07-31T16:31:30","date_gmt":"2020-07-31T16:31:30","guid":{"rendered":"https:\/\/startercultures.eu\/product\/unkategorisiert\/alles-in-einem-wurstwaren-selbst-herstellen-starterkit\/"},"modified":"2024-09-02T00:16:42","modified_gmt":"2024-09-01T22:16:42","slug":"all-in-one-wurstwaren-starter-kit","status":"publish","type":"product","link":"https:\/\/startercultures.eu\/de\/product\/wurstwaren-und-charcuterie-de\/all-in-one-starterkits\/all-in-one-wurstwaren-starter-kit\/","title":{"rendered":"Alles in einem &#8220;Wurstwaren selbst herstellen&#8221;-Starterkit"},"content":{"rendered":"<p>Alles in einem Starterset f\u00fcr die Herstellung Ihrer eigenen Wurstwaren wie Pancetta, Lonza, Lomo, Coppa, Guanciale und vieles mehr! Sie wissen nicht, wie Sie anfangen sollen? F\u00fcgen Sie unseren Online-Workshop f\u00fcr gesprochenes Englisch hinzu und wir bringen Sie auf den Weg.<\/p>\n<h3>Inhalt dieses Wurstwaren-Starterkits mit allem Drum und Dran<\/h3>\n<ul>\n<li>1 kg Natriumnitrit-P\u00f6kelsalz oder &#8220;Coloroso-Salz&#8221;.<\/li>\n<li>1 Beutel mit 50 g Kaliumnitrat<\/li>\n<li>1 Kn\u00e4uel Fleischerschnur<\/li>\n<li>2 Meter Netz<\/li>\n<li>1 Rinderspund (gro\u00dfer Darm zum Formen und Sch\u00fctzen der Wurstwaren)<\/li>\n<li>1 Wursttupfer<\/li>\n<li><a href=\"https:\/\/startercultures.eu\/product\/sausages-and-charcuterie\/additives\/free-pointer-on-converting-us-cure-1-and-cure-2-recipes-to-with-european-ingredients\/\" target=\"_blank\" rel=\"noopener noreferrer\">\ud83d\udc49Freier Hinweis auf die Umstellung der Rezepte f\u00fcr die amerikanische Cure Nr. 1 und Nr. 2 auf europ\u00e4ische Zutaten<\/a><\/li>\n<li>\u2755 Optionaler Online-Workshop zur Herstellung eigener Trockenp\u00f6kelwaren<\/li>\n<\/ul>\n<h3>Englischsprachiger Online-Workshop zur Herstellung eigener trocken gep\u00f6kelter Charcuterie<img decoding=\"async\" class=\"lazyload  wp-image-23962 alignright\" src=\"https:\/\/startercultures.eu\/wp-content\/uploads\/2020\/12\/workshop-charcuterie-450-300x300.png\" data-orig-src=\"https:\/\/startercultures.eu\/wp-content\/uploads\/2020\/12\/workshop-charcuterie-450-300x300.png\" alt=\"Workshop Wurstwaren 450\" width=\"149\" height=\"149\" srcset=\"data:image\/svg+xml,%3Csvg%20xmlns%3D%27http%3A%2F%2Fwww.w3.org%2F2000%2Fsvg%27%20width%3D%27149%27%20height%3D%27149%27%20viewBox%3D%270%200%20149%20149%27%3E%3Crect%20width%3D%27149%27%20height%3D%27149%27%20fill-opacity%3D%220%22%2F%3E%3C%2Fsvg%3E\" data-srcset=\"https:\/\/startercultures.eu\/wp-content\/uploads\/2020\/12\/workshop-charcuterie-450-66x66.png 66w, https:\/\/startercultures.eu\/wp-content\/uploads\/2020\/12\/workshop-charcuterie-450-70x70.png 70w, https:\/\/startercultures.eu\/wp-content\/uploads\/2020\/12\/workshop-charcuterie-450-100x100.png 100w, https:\/\/startercultures.eu\/wp-content\/uploads\/2020\/12\/workshop-charcuterie-450-150x150.png 150w, https:\/\/startercultures.eu\/wp-content\/uploads\/2020\/12\/workshop-charcuterie-450-200x201.png 200w, https:\/\/startercultures.eu\/wp-content\/uploads\/2020\/12\/workshop-charcuterie-450-300x300.png 300w, https:\/\/startercultures.eu\/wp-content\/uploads\/2020\/12\/workshop-charcuterie-450-400x402.png 400w, https:\/\/startercultures.eu\/wp-content\/uploads\/2020\/12\/workshop-charcuterie-450.png 450w\" data-sizes=\"auto\" data-orig-sizes=\"(max-width: 149px) 100vw, 149px\" \/><\/h3>\n<p>Lernen Sie von &#8216;<a href=\"https:\/\/wateetons.com\/\" target=\"_blank\" rel=\"noopener\">Meneer Wateetons<\/a>&#8216;, dem Autor des (niederl\u00e4ndischen) f\u00fchrenden Werks auf diesem Gebiet: &#8216;<a href=\"https:\/\/www.amazon.com\/Over-charcuterie-Dutch-Meneer-Wateetons\/dp\/9048845343\/ref=sr_1_1?keywords=wateetons&amp;qid=1585632464&amp;sr=8-1\" target=\"_blank\" rel=\"noopener noreferrer\">\u00dcber Wurstwaren<\/a>&#8216;, wie Sie Ihre eigene Wurst aus ganzen Muskeln herstellen k\u00f6nnen. Schinken, Pancetta, Guanciale, Lardo, Coppa und weitere k\u00f6stliche s\u00fcdeurop\u00e4ische Trockenfleischprodukte werden vorgestellt. In diesem <a href=\"https:\/\/startercultures.eu\/product\/sausages-and-charcuterie\/online-english-spoken-dry-cured-charcuterie-workshop\/\" target=\"_blank\" rel=\"noopener\">englischsprachigen Online-Workshop<\/a> lernen Sie in 90 Minuten alles \u00fcber das Salzen, Trocknen, Reifen, Vakuumieren, R\u00e4uchern, Temperatur und Luftfeuchtigkeit. Danach sind Sie bereit, Ihre eigenen Wurstwaren selbst herzustellen, sicher und schmackhaft. Klicken Sie <a href=\"https:\/\/startercultures.eu\/product\/sausages-and-charcuterie\/online-english-spoken-dry-cured-charcuterie-workshop\/\" target=\"_blank\" rel=\"noopener\">hier<\/a> f\u00fcr weitere Informationen.<\/p>\n","protected":false},"excerpt":{"rendered":"<p>Alles in einem Starterset f\u00fcr die Herstellung Ihrer eigenen Wurstwaren wie Pancetta, Lonza, Lomo, Coppa, Guanciale und vieles mehr! Sie wissen nicht, wie Sie anfangen sollen? F\u00fcgen Sie unseren Online-Workshop f\u00fcr gesprochenes Englisch hinzu und wir bringen Sie auf den Weg.<\/p>\n","protected":false},"featured_media":23477,"comment_status":"open","ping_status":"closed","template":"","meta":{"_acf_changed":false,"footnotes":""},"product_brand":[],"product_cat":[682,693,684],"product_tag":[],"class_list":{"0":"post-25123","1":"product","2":"type-product","3":"status-publish","4":"has-post-thumbnail","6":"product_cat-all-in-one-starterkits","7":"product_cat-starterkits","8":"product_cat-wurstwaren-und-charcuterie","9":"product_shipping_class-klein-pakket-de","11":"first","12":"instock","13":"sale","14":"taxable","15":"shipping-taxable","16":"purchasable","17":"product-type-woosb"},"acf":[],"yoast_head":"<!-- This site is optimized with the Yoast SEO plugin v26.6 - https:\/\/yoast.com\/wordpress\/plugins\/seo\/ -->\n<title>Stellen Sie Ihre eigenen Wurstwaren her - mit diesem Starter-Kit sitename%%<\/title>\n<meta name=\"description\" content=\"Alles in einem Starter-Kit f\u00fcr die Herstellung Ihrer eigenen Wurstwaren wie Pancetta, Lonza, Lomo, Coppa, Guanciale und mehr! Alles, was Sie brauchen.\" \/>\n<meta name=\"robots\" content=\"index, follow, max-snippet:-1, max-image-preview:large, max-video-preview:-1\" \/>\n<link rel=\"canonical\" href=\"https:\/\/startercultures.eu\/de\/product\/wurstwaren-und-charcuterie-de\/all-in-one-starterkits\/all-in-one-wurstwaren-starter-kit\/\" \/>\n<meta property=\"og:locale\" content=\"de_DE\" \/>\n<meta property=\"og:type\" content=\"article\" \/>\n<meta property=\"og:title\" content=\"Stellen Sie Ihre eigenen Wurstwaren her - mit diesem Starter-Kit sitename%%\" \/>\n<meta property=\"og:description\" content=\"Alles in einem Starter-Kit f\u00fcr die Herstellung Ihrer eigenen Wurstwaren wie Pancetta, Lonza, Lomo, Coppa, Guanciale und mehr! Alles, was Sie brauchen.\" \/>\n<meta property=\"og:url\" content=\"https:\/\/startercultures.eu\/de\/product\/wurstwaren-und-charcuterie-de\/all-in-one-starterkits\/all-in-one-wurstwaren-starter-kit\/\" \/>\n<meta property=\"og:site_name\" content=\"Startercultures.eu\" \/>\n<meta property=\"article:publisher\" content=\"https:\/\/www.facebook.com\/startercultureseu\" \/>\n<meta property=\"article:modified_time\" content=\"2024-09-01T22:16:42+00:00\" \/>\n<meta property=\"og:image\" content=\"https:\/\/startercultures.eu\/wp-content\/uploads\/2020\/07\/08340f65ef5b1491b80a5840e0b8e96580668f6d.jpg\" \/>\n\t<meta property=\"og:image:width\" content=\"450\" \/>\n\t<meta property=\"og:image:height\" content=\"450\" \/>\n\t<meta property=\"og:image:type\" content=\"image\/jpeg\" \/>\n<meta name=\"twitter:card\" content=\"summary_large_image\" \/>\n<meta name=\"twitter:label1\" content=\"Price\" \/>\n\t<meta name=\"twitter:data1\" content=\"56,66\" \/>\n\t<meta name=\"twitter:label2\" content=\"Availability\" \/>\n\t<meta name=\"twitter:data2\" content=\"Vorr\u00e4tig\" \/>\n<script type=\"application\/ld+json\" class=\"yoast-schema-graph\">{\"@context\":\"https:\/\/schema.org\",\"@graph\":[{\"@type\":\"WebPage\",\"@id\":\"https:\/\/startercultures.eu\/de\/product\/wurstwaren-und-charcuterie-de\/all-in-one-starterkits\/all-in-one-wurstwaren-starter-kit\/\",\"url\":\"https:\/\/startercultures.eu\/de\/product\/wurstwaren-und-charcuterie-de\/all-in-one-starterkits\/all-in-one-wurstwaren-starter-kit\/\",\"name\":\"Stellen Sie Ihre eigenen Wurstwaren her - mit diesem Starter-Kit sitename%%\",\"isPartOf\":{\"@id\":\"https:\/\/startercultures.eu\/de\/#website\"},\"primaryImageOfPage\":{\"@id\":\"https:\/\/startercultures.eu\/de\/product\/wurstwaren-und-charcuterie-de\/all-in-one-starterkits\/all-in-one-wurstwaren-starter-kit\/#primaryimage\"},\"image\":{\"@id\":\"https:\/\/startercultures.eu\/de\/product\/wurstwaren-und-charcuterie-de\/all-in-one-starterkits\/all-in-one-wurstwaren-starter-kit\/#primaryimage\"},\"thumbnailUrl\":\"https:\/\/startercultures.eu\/wp-content\/uploads\/2020\/07\/08340f65ef5b1491b80a5840e0b8e96580668f6d.jpg\",\"datePublished\":\"2020-07-31T16:31:30+00:00\",\"dateModified\":\"2024-09-01T22:16:42+00:00\",\"description\":\"Alles in einem Starter-Kit f\u00fcr die Herstellung Ihrer eigenen Wurstwaren wie Pancetta, Lonza, Lomo, Coppa, Guanciale und mehr! Alles, was Sie brauchen.\",\"breadcrumb\":{\"@id\":\"https:\/\/startercultures.eu\/de\/product\/wurstwaren-und-charcuterie-de\/all-in-one-starterkits\/all-in-one-wurstwaren-starter-kit\/#breadcrumb\"},\"inLanguage\":\"de-DE\",\"potentialAction\":[{\"@type\":\"ReadAction\",\"target\":[\"https:\/\/startercultures.eu\/de\/product\/wurstwaren-und-charcuterie-de\/all-in-one-starterkits\/all-in-one-wurstwaren-starter-kit\/\"]}]},{\"@type\":\"ImageObject\",\"inLanguage\":\"de-DE\",\"@id\":\"https:\/\/startercultures.eu\/de\/product\/wurstwaren-und-charcuterie-de\/all-in-one-starterkits\/all-in-one-wurstwaren-starter-kit\/#primaryimage\",\"url\":\"https:\/\/startercultures.eu\/wp-content\/uploads\/2020\/07\/08340f65ef5b1491b80a5840e0b8e96580668f6d.jpg\",\"contentUrl\":\"https:\/\/startercultures.eu\/wp-content\/uploads\/2020\/07\/08340f65ef5b1491b80a5840e0b8e96580668f6d.jpg\",\"width\":450,\"height\":450},{\"@type\":\"BreadcrumbList\",\"@id\":\"https:\/\/startercultures.eu\/de\/product\/wurstwaren-und-charcuterie-de\/all-in-one-starterkits\/all-in-one-wurstwaren-starter-kit\/#breadcrumb\",\"itemListElement\":[{\"@type\":\"ListItem\",\"position\":1,\"name\":\"Home\",\"item\":\"https:\/\/startercultures.eu\/de\/\"},{\"@type\":\"ListItem\",\"position\":2,\"name\":\"Shop\",\"item\":\"https:\/\/startercultures.eu\/shop\/\"},{\"@type\":\"ListItem\",\"position\":3,\"name\":\"Alles in einem &#8220;Wurstwaren selbst herstellen&#8221;-Starterkit\"}]},{\"@type\":\"WebSite\",\"@id\":\"https:\/\/startercultures.eu\/de\/#website\",\"url\":\"https:\/\/startercultures.eu\/de\/\",\"name\":\"Startercultures.eu\",\"description\":\"Startercultures.eu\",\"publisher\":{\"@id\":\"https:\/\/startercultures.eu\/de\/#organization\"},\"potentialAction\":[{\"@type\":\"SearchAction\",\"target\":{\"@type\":\"EntryPoint\",\"urlTemplate\":\"https:\/\/startercultures.eu\/de\/?s={search_term_string}\"},\"query-input\":{\"@type\":\"PropertyValueSpecification\",\"valueRequired\":true,\"valueName\":\"search_term_string\"}}],\"inLanguage\":\"de-DE\"},{\"@type\":\"Organization\",\"@id\":\"https:\/\/startercultures.eu\/de\/#organization\",\"name\":\"Startercultures.eu\",\"url\":\"https:\/\/startercultures.eu\/de\/\",\"logo\":{\"@type\":\"ImageObject\",\"inLanguage\":\"de-DE\",\"@id\":\"https:\/\/startercultures.eu\/de\/#\/schema\/logo\/image\/\",\"url\":\"https:\/\/startercultures.eu\/wp-content\/uploads\/2020\/08\/startercultures-eu-nl-logo-rond-rgb.png\",\"contentUrl\":\"https:\/\/startercultures.eu\/wp-content\/uploads\/2020\/08\/startercultures-eu-nl-logo-rond-rgb.png\",\"width\":320,\"height\":320,\"caption\":\"Startercultures.eu\"},\"image\":{\"@id\":\"https:\/\/startercultures.eu\/de\/#\/schema\/logo\/image\/\"},\"sameAs\":[\"https:\/\/www.facebook.com\/startercultureseu\",\"https:\/\/www.instagram.com\/startercultures.eu\/\"]}]}<\/script>\n<meta property=\"product:price:amount\" content=\"56.66\" \/>\n<meta property=\"product:price:currency\" content=\"EUR\" \/>\n<meta property=\"og:availability\" content=\"instock\" \/>\n<meta property=\"product:availability\" content=\"instock\" \/>\n<meta property=\"product:retailer_item_id\" content=\"137\" \/>\n<meta property=\"product:condition\" content=\"new\" \/>\n<!-- \/ Yoast SEO plugin. -->","yoast_head_json":{"title":"Stellen Sie Ihre eigenen Wurstwaren her - mit diesem Starter-Kit sitename%%","description":"Alles in einem Starter-Kit f\u00fcr die Herstellung Ihrer eigenen Wurstwaren wie Pancetta, Lonza, Lomo, Coppa, Guanciale und mehr! Alles, was Sie brauchen.","robots":{"index":"index","follow":"follow","max-snippet":"max-snippet:-1","max-image-preview":"max-image-preview:large","max-video-preview":"max-video-preview:-1"},"canonical":"https:\/\/startercultures.eu\/de\/product\/wurstwaren-und-charcuterie-de\/all-in-one-starterkits\/all-in-one-wurstwaren-starter-kit\/","og_locale":"de_DE","og_type":"article","og_title":"Stellen Sie Ihre eigenen Wurstwaren her - mit diesem Starter-Kit sitename%%","og_description":"Alles in einem Starter-Kit f\u00fcr die Herstellung Ihrer eigenen Wurstwaren wie Pancetta, Lonza, Lomo, Coppa, Guanciale und mehr! Alles, was Sie brauchen.","og_url":"https:\/\/startercultures.eu\/de\/product\/wurstwaren-und-charcuterie-de\/all-in-one-starterkits\/all-in-one-wurstwaren-starter-kit\/","og_site_name":"Startercultures.eu","article_publisher":"https:\/\/www.facebook.com\/startercultureseu","article_modified_time":"2024-09-01T22:16:42+00:00","og_image":[{"width":450,"height":450,"url":"https:\/\/startercultures.eu\/wp-content\/uploads\/2020\/07\/08340f65ef5b1491b80a5840e0b8e96580668f6d.jpg","type":"image\/jpeg"}],"twitter_card":"summary_large_image","twitter_misc":{"Price":"56,66","Availability":"Vorr\u00e4tig"},"schema":{"@context":"https:\/\/schema.org","@graph":[{"@type":"WebPage","@id":"https:\/\/startercultures.eu\/de\/product\/wurstwaren-und-charcuterie-de\/all-in-one-starterkits\/all-in-one-wurstwaren-starter-kit\/","url":"https:\/\/startercultures.eu\/de\/product\/wurstwaren-und-charcuterie-de\/all-in-one-starterkits\/all-in-one-wurstwaren-starter-kit\/","name":"Stellen Sie Ihre eigenen Wurstwaren her - mit diesem Starter-Kit sitename%%","isPartOf":{"@id":"https:\/\/startercultures.eu\/de\/#website"},"primaryImageOfPage":{"@id":"https:\/\/startercultures.eu\/de\/product\/wurstwaren-und-charcuterie-de\/all-in-one-starterkits\/all-in-one-wurstwaren-starter-kit\/#primaryimage"},"image":{"@id":"https:\/\/startercultures.eu\/de\/product\/wurstwaren-und-charcuterie-de\/all-in-one-starterkits\/all-in-one-wurstwaren-starter-kit\/#primaryimage"},"thumbnailUrl":"https:\/\/startercultures.eu\/wp-content\/uploads\/2020\/07\/08340f65ef5b1491b80a5840e0b8e96580668f6d.jpg","datePublished":"2020-07-31T16:31:30+00:00","dateModified":"2024-09-01T22:16:42+00:00","description":"Alles in einem Starter-Kit f\u00fcr die Herstellung Ihrer eigenen Wurstwaren wie Pancetta, Lonza, Lomo, Coppa, Guanciale und mehr! Alles, was Sie brauchen.","breadcrumb":{"@id":"https:\/\/startercultures.eu\/de\/product\/wurstwaren-und-charcuterie-de\/all-in-one-starterkits\/all-in-one-wurstwaren-starter-kit\/#breadcrumb"},"inLanguage":"de-DE","potentialAction":[{"@type":"ReadAction","target":["https:\/\/startercultures.eu\/de\/product\/wurstwaren-und-charcuterie-de\/all-in-one-starterkits\/all-in-one-wurstwaren-starter-kit\/"]}]},{"@type":"ImageObject","inLanguage":"de-DE","@id":"https:\/\/startercultures.eu\/de\/product\/wurstwaren-und-charcuterie-de\/all-in-one-starterkits\/all-in-one-wurstwaren-starter-kit\/#primaryimage","url":"https:\/\/startercultures.eu\/wp-content\/uploads\/2020\/07\/08340f65ef5b1491b80a5840e0b8e96580668f6d.jpg","contentUrl":"https:\/\/startercultures.eu\/wp-content\/uploads\/2020\/07\/08340f65ef5b1491b80a5840e0b8e96580668f6d.jpg","width":450,"height":450},{"@type":"BreadcrumbList","@id":"https:\/\/startercultures.eu\/de\/product\/wurstwaren-und-charcuterie-de\/all-in-one-starterkits\/all-in-one-wurstwaren-starter-kit\/#breadcrumb","itemListElement":[{"@type":"ListItem","position":1,"name":"Home","item":"https:\/\/startercultures.eu\/de\/"},{"@type":"ListItem","position":2,"name":"Shop","item":"https:\/\/startercultures.eu\/shop\/"},{"@type":"ListItem","position":3,"name":"Alles in einem &#8220;Wurstwaren selbst herstellen&#8221;-Starterkit"}]},{"@type":"WebSite","@id":"https:\/\/startercultures.eu\/de\/#website","url":"https:\/\/startercultures.eu\/de\/","name":"Startercultures.eu","description":"Startercultures.eu","publisher":{"@id":"https:\/\/startercultures.eu\/de\/#organization"},"potentialAction":[{"@type":"SearchAction","target":{"@type":"EntryPoint","urlTemplate":"https:\/\/startercultures.eu\/de\/?s={search_term_string}"},"query-input":{"@type":"PropertyValueSpecification","valueRequired":true,"valueName":"search_term_string"}}],"inLanguage":"de-DE"},{"@type":"Organization","@id":"https:\/\/startercultures.eu\/de\/#organization","name":"Startercultures.eu","url":"https:\/\/startercultures.eu\/de\/","logo":{"@type":"ImageObject","inLanguage":"de-DE","@id":"https:\/\/startercultures.eu\/de\/#\/schema\/logo\/image\/","url":"https:\/\/startercultures.eu\/wp-content\/uploads\/2020\/08\/startercultures-eu-nl-logo-rond-rgb.png","contentUrl":"https:\/\/startercultures.eu\/wp-content\/uploads\/2020\/08\/startercultures-eu-nl-logo-rond-rgb.png","width":320,"height":320,"caption":"Startercultures.eu"},"image":{"@id":"https:\/\/startercultures.eu\/de\/#\/schema\/logo\/image\/"},"sameAs":["https:\/\/www.facebook.com\/startercultureseu","https:\/\/www.instagram.com\/startercultures.eu\/"]}]},"product_price_amount":"56.66","product_price_currency":"EUR","og_availability":"instock","product_availability":"instock","product_retailer_item_id":"137","product_condition":"new"},"_links":{"self":[{"href":"https:\/\/startercultures.eu\/de\/wp-json\/wp\/v2\/product\/25123","targetHints":{"allow":["GET"]}}],"collection":[{"href":"https:\/\/startercultures.eu\/de\/wp-json\/wp\/v2\/product"}],"about":[{"href":"https:\/\/startercultures.eu\/de\/wp-json\/wp\/v2\/types\/product"}],"replies":[{"embeddable":true,"href":"https:\/\/startercultures.eu\/de\/wp-json\/wp\/v2\/comments?post=25123"}],"version-history":[{"count":1,"href":"https:\/\/startercultures.eu\/de\/wp-json\/wp\/v2\/product\/25123\/revisions"}],"predecessor-version":[{"id":59740,"href":"https:\/\/startercultures.eu\/de\/wp-json\/wp\/v2\/product\/25123\/revisions\/59740"}],"wp:featuredmedia":[{"embeddable":true,"href":"https:\/\/startercultures.eu\/de\/wp-json\/wp\/v2\/media\/23477"}],"wp:attachment":[{"href":"https:\/\/startercultures.eu\/de\/wp-json\/wp\/v2\/media?parent=25123"}],"wp:term":[{"taxonomy":"product_brand","embeddable":true,"href":"https:\/\/startercultures.eu\/de\/wp-json\/wp\/v2\/product_brand?post=25123"},{"taxonomy":"product_cat","embeddable":true,"href":"https:\/\/startercultures.eu\/de\/wp-json\/wp\/v2\/product_cat?post=25123"},{"taxonomy":"product_tag","embeddable":true,"href":"https:\/\/startercultures.eu\/de\/wp-json\/wp\/v2\/product_tag?post=25123"}],"curies":[{"name":"wp","href":"https:\/\/api.w.org\/{rel}","templated":true}]}}