{"id":25132,"date":"2020-07-31T16:30:49","date_gmt":"2020-07-31T16:30:49","guid":{"rendered":"https:\/\/startercultures.eu\/product\/unkategorisiert\/schweinespeck-50-mm-fuer-wuerste-und-charcuterie\/"},"modified":"2025-12-12T08:05:38","modified_gmt":"2025-12-12T07:05:38","slug":"schweinefett-lang","status":"publish","type":"product","link":"https:\/\/startercultures.eu\/de\/product\/wurstwaren-und-charcuterie-de\/darme\/naturdarme\/schweinefett-lang\/","title":{"rendered":"Schweinespeck &#8211; 50 mm | f\u00fcr W\u00fcrste und Charcuterie"},"content":{"rendered":"<p>Der gro\u00dfe Junge! Einzigartiges Produkt, ein Schweinespeckende ist nirgendwo sonst f\u00fcr den Heimanwender in Europa zu kaufen.<\/p>\n<h3>Was ist ein fettes Ende?<\/h3>\n<p>Fettspitzen werden aus dem letzten Teil des Verdauungstrakts des Schweins hergestellt.<\/p>\n<h3>Wozu braucht man ein dickes Ende?<\/h3>\n<p>In diesen 70 cm langen Darm passen nicht weniger als 1,8 bis 2,5 kg Fleisch. Sie werden unter anderem f\u00fcr Hausmacher- und Berliner Leberw\u00fcrste verwendet, man kann sie aber auch f\u00fcr eine italienische Salami verwenden, die eine langsame Reifung erfordert. Aufgrund des gro\u00dfen Durchmessers kann er auch als H\u00fclle f\u00fcr z. B. eine Coppa oder Lomo oder Lonza verwendet werden. Aufgrund der dicken, etwas fettigen Struktur trocknet Ihr Produkt langsam und gleichm\u00e4\u00dfig.<\/p>\n<h3>Inhalt<\/h3>\n<ul>\n<li>1 dickes Ende<\/li>\n<li>gesalzen und vakuumversiegelt<\/li>\n<li>in Salz im K\u00fchlschrank aufbewahren<\/li>\n<li>vor der Verwendung etwa 24 Stunden in S\u00fc\u00dfwasser entsalzen<\/li>\n<li>einzeln verkauft<\/li>\n<li>einseitig geknotet<\/li>\n<li>L\u00e4nge: etwa 70 cm<\/li>\n<li>Durchmesser: etwa 50 mm<\/li>\n<li>Fassungsverm\u00f6gen der F\u00fcllung: 1,8-2,5 kg<\/li>\n<li>Haltbarkeit ca. 8-10 Monate<\/li>\n<\/ul>\n<h3>Englischsprachiger Online-Workshop zur Herstellung eigener trocken gep\u00f6kelter Charcuterie<img decoding=\"async\" class=\"lazyload  wp-image-23962 alignright\" src=\"https:\/\/startercultures.eu\/wp-content\/uploads\/2020\/12\/workshop-charcuterie-450-300x300.png\" data-orig-src=\"https:\/\/startercultures.eu\/wp-content\/uploads\/2020\/12\/workshop-charcuterie-450-300x300.png\" alt=\"Workshop Charcuterie 450\" width=\"149\" height=\"149\" srcset=\"data:image\/svg+xml,%3Csvg%20xmlns%3D%27http%3A%2F%2Fwww.w3.org%2F2000%2Fsvg%27%20width%3D%27149%27%20height%3D%27149%27%20viewBox%3D%270%200%20149%20149%27%3E%3Crect%20width%3D%27149%27%20height%3D%27149%27%20fill-opacity%3D%220%22%2F%3E%3C%2Fsvg%3E\" data-srcset=\"https:\/\/startercultures.eu\/wp-content\/uploads\/2020\/12\/workshop-charcuterie-450-66x66.png 66w, https:\/\/startercultures.eu\/wp-content\/uploads\/2020\/12\/workshop-charcuterie-450-70x70.png 70w, https:\/\/startercultures.eu\/wp-content\/uploads\/2020\/12\/workshop-charcuterie-450-100x100.png 100w, https:\/\/startercultures.eu\/wp-content\/uploads\/2020\/12\/workshop-charcuterie-450-150x150.png 150w, https:\/\/startercultures.eu\/wp-content\/uploads\/2020\/12\/workshop-charcuterie-450-200x201.png 200w, https:\/\/startercultures.eu\/wp-content\/uploads\/2020\/12\/workshop-charcuterie-450-300x300.png 300w, https:\/\/startercultures.eu\/wp-content\/uploads\/2020\/12\/workshop-charcuterie-450-400x402.png 400w, https:\/\/startercultures.eu\/wp-content\/uploads\/2020\/12\/workshop-charcuterie-450.png 450w\" data-sizes=\"auto\" data-orig-sizes=\"(max-width: 149px) 100vw, 149px\" \/><\/h3>\n<p>Lernen Sie von &#8216;<a href=\"https:\/\/wateetons.com\/\" target=\"_blank\" rel=\"noopener\">Meneer Wateetons<\/a>&#8216;, dem Autor des (niederl\u00e4ndischen) f\u00fchrenden Werks auf diesem Gebiet: &#8216;<a href=\"https:\/\/www.amazon.com\/Over-charcuterie-Dutch-Meneer-Wateetons\/dp\/9048845343\/ref=sr_1_1?keywords=wateetons&amp;qid=1585632464&amp;sr=8-1\" target=\"_blank\" rel=\"noopener noreferrer\">Over Charcuterie<\/a>&#8216;, wie Sie Ihre eigene Charcuterie aus ganzen Muskeln herstellen k\u00f6nnen. Schinken, Pancetta, Guanciale, Lardo, Coppa und weitere k\u00f6stliche s\u00fcdeurop\u00e4ische Trockenfleischprodukte werden vorgestellt. In diesem <a href=\"https:\/\/startercultures.eu\/product\/sausages-and-charcuterie\/online-english-spoken-dry-cured-charcuterie-workshop\/\" target=\"_blank\" rel=\"noopener\">englischsprachigen Online-Workshop<\/a> lernen Sie in 90 Minuten alles \u00fcber das Salzen, Trocknen, Reifen, Vakuumieren, R\u00e4uchern, Temperatur und Luftfeuchtigkeit. Danach sind Sie bereit, Ihre eigenen Wurstwaren selbst herzustellen, sicher und schmackhaft. Klicken Sie <a href=\"https:\/\/startercultures.eu\/product\/sausages-and-charcuterie\/online-english-spoken-dry-cured-charcuterie-workshop\/\" target=\"_blank\" rel=\"noopener\">hier<\/a> f\u00fcr weitere Informationen.<\/p>\n","protected":false},"excerpt":{"rendered":"<p>Der gro\u00dfe Junge! In diesen 70 cm langen Darm passen nicht weniger als 1,8 bis 2,5 kg Fleisch. Fette Enden werden aus dem letzten Teil des Verdauungstraktes des Schweins gewonnen und unter anderem f\u00fcr Hausmacher-Leberwurst verwendet.<\/p>\n","protected":false},"featured_media":25617,"comment_status":"open","ping_status":"closed","template":"","meta":{"_acf_changed":false,"footnotes":""},"product_brand":[],"product_cat":[670],"product_tag":[],"class_list":{"0":"post-25132","1":"product","2":"type-product","3":"status-publish","4":"has-post-thumbnail","6":"product_cat-naturdarme","7":"pa_ean-8720297620621-de","9":"first","10":"instock","11":"taxable","12":"shipping-taxable","13":"purchasable","14":"product-type-simple"},"acf":[],"yoast_head":"<!-- This site is optimized with the Yoast SEO plugin v26.6 - https:\/\/yoast.com\/wordpress\/plugins\/seo\/ -->\n<title>Schweinespeck - 50 mm | f\u00fcr W\u00fcrste und Charcuterie - Startercultures.eu<\/title>\n<meta name=\"description\" content=\"In dieses 70 cm lange Schweinespeckst\u00fcck passen nicht weniger als 1,8 bis 2,5 kg Fleisch. Die fetten Enden werden f\u00fcr W\u00fcrste und Charcuterie verwendet.\" \/>\n<meta name=\"robots\" content=\"index, follow, max-snippet:-1, max-image-preview:large, max-video-preview:-1\" \/>\n<link rel=\"canonical\" href=\"https:\/\/startercultures.eu\/de\/product\/wurstwaren-und-charcuterie-de\/darme\/naturdarme\/schweinefett-lang\/\" \/>\n<meta property=\"og:locale\" content=\"de_DE\" \/>\n<meta property=\"og:type\" content=\"article\" \/>\n<meta property=\"og:title\" content=\"Schweinespeck - 50 mm | f\u00fcr W\u00fcrste und Charcuterie - Startercultures.eu\" \/>\n<meta property=\"og:description\" content=\"In dieses 70 cm lange Schweinespeckst\u00fcck passen nicht weniger als 1,8 bis 2,5 kg Fleisch. Die fetten Enden werden f\u00fcr W\u00fcrste und Charcuterie verwendet.\" \/>\n<meta property=\"og:url\" content=\"https:\/\/startercultures.eu\/de\/product\/wurstwaren-und-charcuterie-de\/darme\/naturdarme\/schweinefett-lang\/\" \/>\n<meta property=\"og:site_name\" content=\"Startercultures.eu\" \/>\n<meta property=\"article:publisher\" content=\"https:\/\/www.facebook.com\/startercultureseu\" \/>\n<meta property=\"article:modified_time\" content=\"2025-12-12T07:05:38+00:00\" \/>\n<meta property=\"og:image\" content=\"https:\/\/startercultures.eu\/wp-content\/uploads\/2020\/07\/fat-end.png\" \/>\n\t<meta property=\"og:image:width\" content=\"1360\" \/>\n\t<meta property=\"og:image:height\" content=\"1360\" \/>\n\t<meta property=\"og:image:type\" content=\"image\/png\" \/>\n<meta name=\"twitter:card\" content=\"summary_large_image\" \/>\n<meta name=\"twitter:label1\" content=\"Price\" \/>\n\t<meta name=\"twitter:data1\" content=\"14,99\" \/>\n\t<meta name=\"twitter:label2\" content=\"Availability\" \/>\n\t<meta name=\"twitter:data2\" content=\"Vorr\u00e4tig\" \/>\n<script type=\"application\/ld+json\" class=\"yoast-schema-graph\">{\"@context\":\"https:\/\/schema.org\",\"@graph\":[{\"@type\":\"WebPage\",\"@id\":\"https:\/\/startercultures.eu\/de\/product\/wurstwaren-und-charcuterie-de\/darme\/naturdarme\/schweinefett-lang\/\",\"url\":\"https:\/\/startercultures.eu\/de\/product\/wurstwaren-und-charcuterie-de\/darme\/naturdarme\/schweinefett-lang\/\",\"name\":\"Schweinespeck - 50 mm | f\u00fcr W\u00fcrste und Charcuterie - Startercultures.eu\",\"isPartOf\":{\"@id\":\"https:\/\/startercultures.eu\/de\/#website\"},\"primaryImageOfPage\":{\"@id\":\"https:\/\/startercultures.eu\/de\/product\/wurstwaren-und-charcuterie-de\/darme\/naturdarme\/schweinefett-lang\/#primaryimage\"},\"image\":{\"@id\":\"https:\/\/startercultures.eu\/de\/product\/wurstwaren-und-charcuterie-de\/darme\/naturdarme\/schweinefett-lang\/#primaryimage\"},\"thumbnailUrl\":\"https:\/\/startercultures.eu\/wp-content\/uploads\/2020\/07\/fat-end.png\",\"datePublished\":\"2020-07-31T16:30:49+00:00\",\"dateModified\":\"2025-12-12T07:05:38+00:00\",\"description\":\"In dieses 70 cm lange Schweinespeckst\u00fcck passen nicht weniger als 1,8 bis 2,5 kg Fleisch. Die fetten Enden werden f\u00fcr W\u00fcrste und Charcuterie verwendet.\",\"breadcrumb\":{\"@id\":\"https:\/\/startercultures.eu\/de\/product\/wurstwaren-und-charcuterie-de\/darme\/naturdarme\/schweinefett-lang\/#breadcrumb\"},\"inLanguage\":\"de-DE\",\"potentialAction\":[{\"@type\":\"ReadAction\",\"target\":[\"https:\/\/startercultures.eu\/de\/product\/wurstwaren-und-charcuterie-de\/darme\/naturdarme\/schweinefett-lang\/\"]}]},{\"@type\":\"ImageObject\",\"inLanguage\":\"de-DE\",\"@id\":\"https:\/\/startercultures.eu\/de\/product\/wurstwaren-und-charcuterie-de\/darme\/naturdarme\/schweinefett-lang\/#primaryimage\",\"url\":\"https:\/\/startercultures.eu\/wp-content\/uploads\/2020\/07\/fat-end.png\",\"contentUrl\":\"https:\/\/startercultures.eu\/wp-content\/uploads\/2020\/07\/fat-end.png\",\"width\":1360,\"height\":1360,\"caption\":\"Witvel\"},{\"@type\":\"BreadcrumbList\",\"@id\":\"https:\/\/startercultures.eu\/de\/product\/wurstwaren-und-charcuterie-de\/darme\/naturdarme\/schweinefett-lang\/#breadcrumb\",\"itemListElement\":[{\"@type\":\"ListItem\",\"position\":1,\"name\":\"Home\",\"item\":\"https:\/\/startercultures.eu\/de\/\"},{\"@type\":\"ListItem\",\"position\":2,\"name\":\"Shop\",\"item\":\"https:\/\/startercultures.eu\/shop\/\"},{\"@type\":\"ListItem\",\"position\":3,\"name\":\"Schweinespeck &#8211; 50 mm | f\u00fcr W\u00fcrste und Charcuterie\"}]},{\"@type\":\"WebSite\",\"@id\":\"https:\/\/startercultures.eu\/de\/#website\",\"url\":\"https:\/\/startercultures.eu\/de\/\",\"name\":\"Startercultures.eu\",\"description\":\"Startercultures.eu\",\"publisher\":{\"@id\":\"https:\/\/startercultures.eu\/de\/#organization\"},\"potentialAction\":[{\"@type\":\"SearchAction\",\"target\":{\"@type\":\"EntryPoint\",\"urlTemplate\":\"https:\/\/startercultures.eu\/de\/?s={search_term_string}\"},\"query-input\":{\"@type\":\"PropertyValueSpecification\",\"valueRequired\":true,\"valueName\":\"search_term_string\"}}],\"inLanguage\":\"de-DE\"},{\"@type\":\"Organization\",\"@id\":\"https:\/\/startercultures.eu\/de\/#organization\",\"name\":\"Startercultures.eu\",\"url\":\"https:\/\/startercultures.eu\/de\/\",\"logo\":{\"@type\":\"ImageObject\",\"inLanguage\":\"de-DE\",\"@id\":\"https:\/\/startercultures.eu\/de\/#\/schema\/logo\/image\/\",\"url\":\"https:\/\/startercultures.eu\/wp-content\/uploads\/2020\/08\/startercultures-eu-nl-logo-rond-rgb.png\",\"contentUrl\":\"https:\/\/startercultures.eu\/wp-content\/uploads\/2020\/08\/startercultures-eu-nl-logo-rond-rgb.png\",\"width\":320,\"height\":320,\"caption\":\"Startercultures.eu\"},\"image\":{\"@id\":\"https:\/\/startercultures.eu\/de\/#\/schema\/logo\/image\/\"},\"sameAs\":[\"https:\/\/www.facebook.com\/startercultureseu\",\"https:\/\/www.instagram.com\/startercultures.eu\/\"]}]}<\/script>\n<meta property=\"product:price:amount\" content=\"14.99\" \/>\n<meta property=\"product:price:currency\" content=\"EUR\" \/>\n<meta property=\"og:availability\" content=\"instock\" \/>\n<meta property=\"product:availability\" content=\"instock\" \/>\n<meta property=\"product:retailer_item_id\" content=\"51\" \/>\n<meta property=\"product:condition\" content=\"new\" \/>\n<!-- \/ Yoast SEO plugin. -->","yoast_head_json":{"title":"Schweinespeck - 50 mm | f\u00fcr W\u00fcrste und Charcuterie - Startercultures.eu","description":"In dieses 70 cm lange Schweinespeckst\u00fcck passen nicht weniger als 1,8 bis 2,5 kg Fleisch. Die fetten Enden werden f\u00fcr W\u00fcrste und Charcuterie verwendet.","robots":{"index":"index","follow":"follow","max-snippet":"max-snippet:-1","max-image-preview":"max-image-preview:large","max-video-preview":"max-video-preview:-1"},"canonical":"https:\/\/startercultures.eu\/de\/product\/wurstwaren-und-charcuterie-de\/darme\/naturdarme\/schweinefett-lang\/","og_locale":"de_DE","og_type":"article","og_title":"Schweinespeck - 50 mm | f\u00fcr W\u00fcrste und Charcuterie - Startercultures.eu","og_description":"In dieses 70 cm lange Schweinespeckst\u00fcck passen nicht weniger als 1,8 bis 2,5 kg Fleisch. Die fetten Enden werden f\u00fcr W\u00fcrste und Charcuterie verwendet.","og_url":"https:\/\/startercultures.eu\/de\/product\/wurstwaren-und-charcuterie-de\/darme\/naturdarme\/schweinefett-lang\/","og_site_name":"Startercultures.eu","article_publisher":"https:\/\/www.facebook.com\/startercultureseu","article_modified_time":"2025-12-12T07:05:38+00:00","og_image":[{"width":1360,"height":1360,"url":"https:\/\/startercultures.eu\/wp-content\/uploads\/2020\/07\/fat-end.png","type":"image\/png"}],"twitter_card":"summary_large_image","twitter_misc":{"Price":"14,99","Availability":"Vorr\u00e4tig"},"schema":{"@context":"https:\/\/schema.org","@graph":[{"@type":"WebPage","@id":"https:\/\/startercultures.eu\/de\/product\/wurstwaren-und-charcuterie-de\/darme\/naturdarme\/schweinefett-lang\/","url":"https:\/\/startercultures.eu\/de\/product\/wurstwaren-und-charcuterie-de\/darme\/naturdarme\/schweinefett-lang\/","name":"Schweinespeck - 50 mm | f\u00fcr W\u00fcrste und Charcuterie - Startercultures.eu","isPartOf":{"@id":"https:\/\/startercultures.eu\/de\/#website"},"primaryImageOfPage":{"@id":"https:\/\/startercultures.eu\/de\/product\/wurstwaren-und-charcuterie-de\/darme\/naturdarme\/schweinefett-lang\/#primaryimage"},"image":{"@id":"https:\/\/startercultures.eu\/de\/product\/wurstwaren-und-charcuterie-de\/darme\/naturdarme\/schweinefett-lang\/#primaryimage"},"thumbnailUrl":"https:\/\/startercultures.eu\/wp-content\/uploads\/2020\/07\/fat-end.png","datePublished":"2020-07-31T16:30:49+00:00","dateModified":"2025-12-12T07:05:38+00:00","description":"In dieses 70 cm lange Schweinespeckst\u00fcck passen nicht weniger als 1,8 bis 2,5 kg Fleisch. Die fetten Enden werden f\u00fcr W\u00fcrste und Charcuterie verwendet.","breadcrumb":{"@id":"https:\/\/startercultures.eu\/de\/product\/wurstwaren-und-charcuterie-de\/darme\/naturdarme\/schweinefett-lang\/#breadcrumb"},"inLanguage":"de-DE","potentialAction":[{"@type":"ReadAction","target":["https:\/\/startercultures.eu\/de\/product\/wurstwaren-und-charcuterie-de\/darme\/naturdarme\/schweinefett-lang\/"]}]},{"@type":"ImageObject","inLanguage":"de-DE","@id":"https:\/\/startercultures.eu\/de\/product\/wurstwaren-und-charcuterie-de\/darme\/naturdarme\/schweinefett-lang\/#primaryimage","url":"https:\/\/startercultures.eu\/wp-content\/uploads\/2020\/07\/fat-end.png","contentUrl":"https:\/\/startercultures.eu\/wp-content\/uploads\/2020\/07\/fat-end.png","width":1360,"height":1360,"caption":"Witvel"},{"@type":"BreadcrumbList","@id":"https:\/\/startercultures.eu\/de\/product\/wurstwaren-und-charcuterie-de\/darme\/naturdarme\/schweinefett-lang\/#breadcrumb","itemListElement":[{"@type":"ListItem","position":1,"name":"Home","item":"https:\/\/startercultures.eu\/de\/"},{"@type":"ListItem","position":2,"name":"Shop","item":"https:\/\/startercultures.eu\/shop\/"},{"@type":"ListItem","position":3,"name":"Schweinespeck &#8211; 50 mm | f\u00fcr W\u00fcrste und Charcuterie"}]},{"@type":"WebSite","@id":"https:\/\/startercultures.eu\/de\/#website","url":"https:\/\/startercultures.eu\/de\/","name":"Startercultures.eu","description":"Startercultures.eu","publisher":{"@id":"https:\/\/startercultures.eu\/de\/#organization"},"potentialAction":[{"@type":"SearchAction","target":{"@type":"EntryPoint","urlTemplate":"https:\/\/startercultures.eu\/de\/?s={search_term_string}"},"query-input":{"@type":"PropertyValueSpecification","valueRequired":true,"valueName":"search_term_string"}}],"inLanguage":"de-DE"},{"@type":"Organization","@id":"https:\/\/startercultures.eu\/de\/#organization","name":"Startercultures.eu","url":"https:\/\/startercultures.eu\/de\/","logo":{"@type":"ImageObject","inLanguage":"de-DE","@id":"https:\/\/startercultures.eu\/de\/#\/schema\/logo\/image\/","url":"https:\/\/startercultures.eu\/wp-content\/uploads\/2020\/08\/startercultures-eu-nl-logo-rond-rgb.png","contentUrl":"https:\/\/startercultures.eu\/wp-content\/uploads\/2020\/08\/startercultures-eu-nl-logo-rond-rgb.png","width":320,"height":320,"caption":"Startercultures.eu"},"image":{"@id":"https:\/\/startercultures.eu\/de\/#\/schema\/logo\/image\/"},"sameAs":["https:\/\/www.facebook.com\/startercultureseu","https:\/\/www.instagram.com\/startercultures.eu\/"]}]},"product_price_amount":"14.99","product_price_currency":"EUR","og_availability":"instock","product_availability":"instock","product_retailer_item_id":"51","product_condition":"new"},"_links":{"self":[{"href":"https:\/\/startercultures.eu\/de\/wp-json\/wp\/v2\/product\/25132","targetHints":{"allow":["GET"]}}],"collection":[{"href":"https:\/\/startercultures.eu\/de\/wp-json\/wp\/v2\/product"}],"about":[{"href":"https:\/\/startercultures.eu\/de\/wp-json\/wp\/v2\/types\/product"}],"replies":[{"embeddable":true,"href":"https:\/\/startercultures.eu\/de\/wp-json\/wp\/v2\/comments?post=25132"}],"version-history":[{"count":1,"href":"https:\/\/startercultures.eu\/de\/wp-json\/wp\/v2\/product\/25132\/revisions"}],"predecessor-version":[{"id":59749,"href":"https:\/\/startercultures.eu\/de\/wp-json\/wp\/v2\/product\/25132\/revisions\/59749"}],"wp:featuredmedia":[{"embeddable":true,"href":"https:\/\/startercultures.eu\/de\/wp-json\/wp\/v2\/media\/25617"}],"wp:attachment":[{"href":"https:\/\/startercultures.eu\/de\/wp-json\/wp\/v2\/media?parent=25132"}],"wp:term":[{"taxonomy":"product_brand","embeddable":true,"href":"https:\/\/startercultures.eu\/de\/wp-json\/wp\/v2\/product_brand?post=25132"},{"taxonomy":"product_cat","embeddable":true,"href":"https:\/\/startercultures.eu\/de\/wp-json\/wp\/v2\/product_cat?post=25132"},{"taxonomy":"product_tag","embeddable":true,"href":"https:\/\/startercultures.eu\/de\/wp-json\/wp\/v2\/product_tag?post=25132"}],"curies":[{"name":"wp","href":"https:\/\/api.w.org\/{rel}","templated":true}]}}