{"id":25199,"date":"2022-01-28T12:23:22","date_gmt":"2022-01-28T12:23:22","guid":{"rendered":"https:\/\/startercultures.eu\/product\/unkategorisiert\/rotpot-alles-in-einem-senf-starterkit\/"},"modified":"2026-04-04T01:15:20","modified_gmt":"2026-04-03T23:15:20","slug":"rotpot-all-in-one-mustard-starter-kit-2","status":"publish","type":"product","link":"https:\/\/startercultures.eu\/de\/product\/starterkits\/fermentieren\/rotpot-all-in-one-mustard-starter-kit-2\/","title":{"rendered":"RotPot | alles in einem Senf-Starterkit"},"content":{"rendered":"<p>Machen Sie Ihren eigenen Senf mit dem einzigartigen RotPot Senf-Starterkit.<\/p>\n<h3>Was ist der RotPot &#8211; alles in einem Senf-Starterkit<\/h3>\n<p>Der RotPot ist ein komplettes Do-it-yourself-Kit, mit dem Sie zu Hause mit wenigen Mitteln den leckersten Senf wie ein echter Heimlaborant herstellen k\u00f6nnen. Sehen, f\u00fchlen, riechen und schmecken Sie, wie sich Ihr Senf mit der Zeit zu einem einzigartigen und pers\u00f6nlichen Produkt entwickelt.<\/p>\n<p>Senf ist nicht neu, er ist ein Gew\u00fcrz aller Zeiten und aller Orte. Jesus, der von Milliarden von Menschen als jemand identifiziert wurde, der wei\u00df, woher er seinen Senf bekommt, konnte nicht aufh\u00f6ren, dar\u00fcber zu reden (siehe Matth\u00e4us 13:31-32, Markus 4:30-32 und Lukas 13:18-19).<\/p>\n<p>Jesus erw\u00e4hnte den schwarzen Senf, aber auch der Sarepta-Senf (indischer brauner Senf), Dijon-Senf und vor allem der gelbe Senf sind weit verbreitet. Die Senfk\u00f6rner werden mit Wasser und\/oder Essig vermischt und, je nach gew\u00fcnschter Sch\u00e4rfe, nach einem Tag oder fr\u00fcher gemahlen. Au\u00dferdem den Senf mit Salz, Honig, Gew\u00fcrzen wie Kurkuma &#8211; alles nach Geschmack &#8211; w\u00fcrzen\/einf\u00e4rben. Die Farbe variiert dann von hellgelb bis dunkelbraun. Der Samen selbst hat einen starken, scharfen und leicht bitteren Geschmack. Der Geschmack von Senf variiert von s\u00fc\u00df bis scharf. Der Rotpot wird mit Ferment geliefert, um den Geschmack noch mehr zu betonen.<\/p>\n<h3>Ist Senf immer fermentiert?<\/h3>\n<p>Nicht immer. und sowieso nie 100 %. Senf ist das Ergebnis verschiedener biochemischer und enzymatischer Prozesse sowie der Fermentation. Je nach Art der Erstellung liegt der Schwerpunkt eher auf dem einen oder dem anderen. Die Rezeptur des Senf RotPot ist so konzipiert, dass die Aktivit\u00e4t von Hefen, Enzymen und Laktobazillen so weit wie m\u00f6glich angeregt wird.<\/p>\n<p>RotPot wurde in Rotterdam entwickelt und wird in einer nahe gelegenen Sozialwerkstatt hergestellt. Die Komponenten sind sorgf\u00e4ltig ausgew\u00e4hlt, lebensmittelecht und unbegrenzt wiederverwendbar. Die Kr\u00e4uter und Gew\u00fcrze werden nach M\u00f6glichkeit von zertifizierten Bio-Lieferanten bezogen.<\/p>\n<h3><strong>Inhalt dieses Senf-Starterpakets<\/strong><\/h3>\n<ul>\n<li>1 Senfmischung &#8216;Milde Kr\u00e4uter&#8217; (Meersalz, Senfsaat, gemahlene Kurkuma, gemahlene Fenchelsaat)<\/li>\n<li>1 wiederverwendbares Glasgef\u00e4\u00df (ca. 1 Liter) mit einer \u00d6ffnung von 10 cm Durchmesser, mit Senfk\u00f6rnern<\/li>\n<li>2 Deckel<\/li>\n<li>1 Wasserabscheider<\/li>\n<li>1 G\u00e4rung<\/li>\n<\/ul>\n<p>Sie k\u00f6nnen den RotPot endlos wiederverwenden und von nun an immer Ihren eigenen Senf herstellen, mit Senfk\u00f6rnern Ihrer Wahl.<\/p>\n<h3 data-fontsize=\"21\" data-lineheight=\"27.3px\">M\u00f6chten Sie ein Senf-Starterkit kaufen?<\/h3>\n<p>Sie k\u00f6nnen die Senf-Starterpackung bei startercultures.nl bestellen, dem Webshop f\u00fcr alle Ihre <span style=\"font-weight: 400;\">Fermentationen <\/span> <span style=\"font-weight: 400;\">Lieferungen f\u00fcr z.B. (vegane) Milchprodukte, Tempeh, Koji und Kombucha<\/span>. Von Mister Wateetons, dem Autor der Standardwerke <a href=\"https:\/\/www.starterculturen.nl\/a-52122580\/boeken\/over-rot-2015-het-handboek-fermenteren\/\" target=\"_blank\" rel=\"noopener noreferrer\">About Rot (2015<\/a> ) und<a href=\"https:\/\/startercultures.eu\/nl\/product\/boeken\/over-inpakken-2020-nl\/\" target=\"_blank\" rel=\"noopener\"> About Packing (2020<\/a>). An Werktagen vor 15:00 Uhr bestellt, am selben Tag versandt. Haben Sie Fragen zur Verwendung des Pakets? Fragen Sie sie \u00fcber die Chatfunktion. Wir kommen da immer wieder raus.<\/p>\n<h3>Online-Workshops &#8220;Fermentierte So\u00dfe&#8221; und &#8220;Fermentiertes Gem\u00fcse&#8221; auf Anfrage<\/h3>\n<p>W\u00e4hrend des Online-Workshops <a href=\"https:\/\/startercultures.eu\/nl\/product\/groente-nl\/workshops-vegetables-nl\/online-on-demand-workshop-maak-je-eigen-gefermenteerde-hotsauces\/\" target=\"_blank\" rel=\"noopener\">&#8220;Stellen Sie Ihre eigenen fermentierten Hotsaucen her&#8221;<\/a> wird Ihnen der Fermentierungsexperte <a href=\"https:\/\/wateetons.com\/\" target=\"_blank\" rel=\"noopener\">Mr. Wateetons<\/a> und Autor von <a class=\"ek-link\" href=\"https:\/\/startercultures.eu\/nl\/product\/boeken\/over-rot-2-0-2019-het-geactualiseerde-handboek-fermenteren-nl\/\" target=\"_blank\" rel=\"noreferrer noopener\" aria-label=\"Over Rot (opens in a new tab)\">About Rot<\/a> alles \u00fcber fermentierte Ketchups, Sambals und Hotsaucen beibringen! Es wird sich herausstellen, dass Sie mit wenigen Mitteln zu Hause k\u00f6stliche und v\u00f6llig einzigartige <em>Saucen<\/em> herstellen k\u00f6nnen, die jedes Gericht auf ein h\u00f6heres Niveau heben.<\/p>\n<p>Nicht verpassen sollten Sie auch den Workshop<a href=\"https:\/\/startercultures.eu\/nl\/product\/online-workshops-nl\/online-on-demand-workshop-fermenteer-je-eigen-groente\/\" target=\"_blank\" rel=\"noopener\">&#8220;Fermentieren Sie Ihr eigenes Gem\u00fcse&#8221;,<\/a> in dem Sie genau lernen, wie Sie Ihr eigenes Sauerkraut, Ihre eigenen Gurken und Ihr eigenes Kimchi herstellen. Nach diesem Workshop k\u00f6nnen Sie jedes Gem\u00fcse selbst fermentieren, weil Sie die Technik verstehen!<\/p>\n","protected":false},"excerpt":{"rendered":"<p>Machen Sie Ihren eigenen Senf mit diesem RotPot-Senf-Starterkit. Mit &#8216;Milden Kr\u00e4utern&#8217; mischen und fermentieren. Abraham bekommt seinen Senf von startercultures.nl!<\/p>\n","protected":false},"featured_media":24359,"comment_status":"open","ping_status":"closed","template":"","meta":{"_acf_changed":false,"footnotes":""},"product_brand":[],"product_cat":[648,693],"product_tag":[],"class_list":{"0":"post-25199","1":"product","2":"type-product","3":"status-publish","4":"has-post-thumbnail","6":"product_cat-fermentieren","7":"product_cat-starterkits","8":"product_shipping_class-sperrig","9":"pa_ean-7436947614674-de","11":"first","12":"outofstock","13":"taxable","14":"shipping-taxable","15":"purchasable","16":"product-type-simple"},"acf":[],"yoast_head":"<!-- This site is optimized with the Yoast SEO plugin v26.6 - https:\/\/yoast.com\/wordpress\/plugins\/seo\/ -->\n<title>RotPot | alles in einem Senf-Starterkit - Startercultures.eu<\/title>\n<meta name=\"description\" content=\"Machen Sie Ihren eigenen Senf mit diesem RotPot-Senf-Starterkit. Mit &#039;Milden Kr\u00e4utern&#039; mischen und fermentieren. Abraham bekommt hier seinen Senf!\" \/>\n<meta name=\"robots\" content=\"index, follow, max-snippet:-1, max-image-preview:large, max-video-preview:-1\" \/>\n<link rel=\"canonical\" href=\"https:\/\/startercultures.eu\/de\/product\/starterkits\/fermentieren\/rotpot-all-in-one-mustard-starter-kit-2\/\" \/>\n<meta property=\"og:locale\" content=\"de_DE\" \/>\n<meta property=\"og:type\" content=\"article\" \/>\n<meta property=\"og:title\" content=\"RotPot | alles in einem Senf-Starterkit - Startercultures.eu\" \/>\n<meta property=\"og:description\" content=\"Machen Sie Ihren eigenen Senf mit diesem RotPot-Senf-Starterkit. Mit &#039;Milden Kr\u00e4utern&#039; mischen und fermentieren. Abraham bekommt hier seinen Senf!\" \/>\n<meta property=\"og:url\" content=\"https:\/\/startercultures.eu\/de\/product\/starterkits\/fermentieren\/rotpot-all-in-one-mustard-starter-kit-2\/\" \/>\n<meta property=\"og:site_name\" content=\"Startercultures.eu\" \/>\n<meta property=\"article:publisher\" content=\"https:\/\/www.facebook.com\/startercultureseu\" \/>\n<meta property=\"article:modified_time\" content=\"2026-04-03T23:15:20+00:00\" \/>\n<meta property=\"og:image\" content=\"https:\/\/startercultures.eu\/wp-content\/uploads\/2022\/01\/Rotpot_Mosterd_maak_je_eigen_mosterd.png\" \/>\n\t<meta property=\"og:image:width\" content=\"450\" \/>\n\t<meta property=\"og:image:height\" content=\"450\" \/>\n\t<meta property=\"og:image:type\" content=\"image\/png\" \/>\n<meta name=\"twitter:card\" content=\"summary_large_image\" \/>\n<meta name=\"twitter:label1\" content=\"Price\" \/>\n\t<meta name=\"twitter:data1\" content=\"26,99\" \/>\n\t<meta name=\"twitter:label2\" content=\"Availability\" \/>\n\t<meta name=\"twitter:data2\" content=\"Nicht auf Lager\" \/>\n<script type=\"application\/ld+json\" class=\"yoast-schema-graph\">{\"@context\":\"https:\/\/schema.org\",\"@graph\":[{\"@type\":\"WebPage\",\"@id\":\"https:\/\/startercultures.eu\/de\/product\/starterkits\/fermentieren\/rotpot-all-in-one-mustard-starter-kit-2\/\",\"url\":\"https:\/\/startercultures.eu\/de\/product\/starterkits\/fermentieren\/rotpot-all-in-one-mustard-starter-kit-2\/\",\"name\":\"RotPot | alles in einem Senf-Starterkit - Startercultures.eu\",\"isPartOf\":{\"@id\":\"https:\/\/startercultures.eu\/de\/#website\"},\"primaryImageOfPage\":{\"@id\":\"https:\/\/startercultures.eu\/de\/product\/starterkits\/fermentieren\/rotpot-all-in-one-mustard-starter-kit-2\/#primaryimage\"},\"image\":{\"@id\":\"https:\/\/startercultures.eu\/de\/product\/starterkits\/fermentieren\/rotpot-all-in-one-mustard-starter-kit-2\/#primaryimage\"},\"thumbnailUrl\":\"https:\/\/startercultures.eu\/wp-content\/uploads\/2022\/01\/Rotpot_Mosterd_maak_je_eigen_mosterd.png\",\"datePublished\":\"2022-01-28T12:23:22+00:00\",\"dateModified\":\"2026-04-03T23:15:20+00:00\",\"description\":\"Machen Sie Ihren eigenen Senf mit diesem RotPot-Senf-Starterkit. Mit 'Milden Kr\u00e4utern' mischen und fermentieren. Abraham bekommt hier seinen Senf!\",\"breadcrumb\":{\"@id\":\"https:\/\/startercultures.eu\/de\/product\/starterkits\/fermentieren\/rotpot-all-in-one-mustard-starter-kit-2\/#breadcrumb\"},\"inLanguage\":\"de-DE\",\"potentialAction\":[{\"@type\":\"ReadAction\",\"target\":[\"https:\/\/startercultures.eu\/de\/product\/starterkits\/fermentieren\/rotpot-all-in-one-mustard-starter-kit-2\/\"]}]},{\"@type\":\"ImageObject\",\"inLanguage\":\"de-DE\",\"@id\":\"https:\/\/startercultures.eu\/de\/product\/starterkits\/fermentieren\/rotpot-all-in-one-mustard-starter-kit-2\/#primaryimage\",\"url\":\"https:\/\/startercultures.eu\/wp-content\/uploads\/2022\/01\/Rotpot_Mosterd_maak_je_eigen_mosterd.png\",\"contentUrl\":\"https:\/\/startercultures.eu\/wp-content\/uploads\/2022\/01\/Rotpot_Mosterd_maak_je_eigen_mosterd.png\",\"width\":450,\"height\":450,\"caption\":\"Meesterd starterspakket\"},{\"@type\":\"BreadcrumbList\",\"@id\":\"https:\/\/startercultures.eu\/de\/product\/starterkits\/fermentieren\/rotpot-all-in-one-mustard-starter-kit-2\/#breadcrumb\",\"itemListElement\":[{\"@type\":\"ListItem\",\"position\":1,\"name\":\"Home\",\"item\":\"https:\/\/startercultures.eu\/de\/\"},{\"@type\":\"ListItem\",\"position\":2,\"name\":\"Shop\",\"item\":\"https:\/\/startercultures.eu\/shop\/\"},{\"@type\":\"ListItem\",\"position\":3,\"name\":\"RotPot | alles in einem Senf-Starterkit\"}]},{\"@type\":\"WebSite\",\"@id\":\"https:\/\/startercultures.eu\/de\/#website\",\"url\":\"https:\/\/startercultures.eu\/de\/\",\"name\":\"Startercultures.eu\",\"description\":\"Startercultures.eu\",\"publisher\":{\"@id\":\"https:\/\/startercultures.eu\/de\/#organization\"},\"potentialAction\":[{\"@type\":\"SearchAction\",\"target\":{\"@type\":\"EntryPoint\",\"urlTemplate\":\"https:\/\/startercultures.eu\/de\/?s={search_term_string}\"},\"query-input\":{\"@type\":\"PropertyValueSpecification\",\"valueRequired\":true,\"valueName\":\"search_term_string\"}}],\"inLanguage\":\"de-DE\"},{\"@type\":\"Organization\",\"@id\":\"https:\/\/startercultures.eu\/de\/#organization\",\"name\":\"Startercultures.eu\",\"url\":\"https:\/\/startercultures.eu\/de\/\",\"logo\":{\"@type\":\"ImageObject\",\"inLanguage\":\"de-DE\",\"@id\":\"https:\/\/startercultures.eu\/de\/#\/schema\/logo\/image\/\",\"url\":\"https:\/\/startercultures.eu\/wp-content\/uploads\/2020\/08\/startercultures-eu-nl-logo-rond-rgb.png\",\"contentUrl\":\"https:\/\/startercultures.eu\/wp-content\/uploads\/2020\/08\/startercultures-eu-nl-logo-rond-rgb.png\",\"width\":320,\"height\":320,\"caption\":\"Startercultures.eu\"},\"image\":{\"@id\":\"https:\/\/startercultures.eu\/de\/#\/schema\/logo\/image\/\"},\"sameAs\":[\"https:\/\/www.facebook.com\/startercultureseu\",\"https:\/\/www.instagram.com\/startercultures.eu\/\"]}]}<\/script>\n<meta property=\"product:price:amount\" content=\"26.99\" \/>\n<meta property=\"product:price:currency\" content=\"EUR\" \/>\n<meta property=\"og:availability\" content=\"out of stock\" \/>\n<meta property=\"product:availability\" content=\"out of stock\" \/>\n<meta property=\"product:retailer_item_id\" content=\"260\" \/>\n<meta property=\"product:condition\" content=\"new\" \/>\n<!-- \/ Yoast SEO plugin. -->","yoast_head_json":{"title":"RotPot | alles in einem Senf-Starterkit - Startercultures.eu","description":"Machen Sie Ihren eigenen Senf mit diesem RotPot-Senf-Starterkit. Mit 'Milden Kr\u00e4utern' mischen und fermentieren. Abraham bekommt hier seinen Senf!","robots":{"index":"index","follow":"follow","max-snippet":"max-snippet:-1","max-image-preview":"max-image-preview:large","max-video-preview":"max-video-preview:-1"},"canonical":"https:\/\/startercultures.eu\/de\/product\/starterkits\/fermentieren\/rotpot-all-in-one-mustard-starter-kit-2\/","og_locale":"de_DE","og_type":"article","og_title":"RotPot | alles in einem Senf-Starterkit - Startercultures.eu","og_description":"Machen Sie Ihren eigenen Senf mit diesem RotPot-Senf-Starterkit. Mit 'Milden Kr\u00e4utern' mischen und fermentieren. Abraham bekommt hier seinen Senf!","og_url":"https:\/\/startercultures.eu\/de\/product\/starterkits\/fermentieren\/rotpot-all-in-one-mustard-starter-kit-2\/","og_site_name":"Startercultures.eu","article_publisher":"https:\/\/www.facebook.com\/startercultureseu","article_modified_time":"2026-04-03T23:15:20+00:00","og_image":[{"width":450,"height":450,"url":"https:\/\/startercultures.eu\/wp-content\/uploads\/2022\/01\/Rotpot_Mosterd_maak_je_eigen_mosterd.png","type":"image\/png"}],"twitter_card":"summary_large_image","twitter_misc":{"Price":"26,99","Availability":"Nicht auf Lager"},"schema":{"@context":"https:\/\/schema.org","@graph":[{"@type":"WebPage","@id":"https:\/\/startercultures.eu\/de\/product\/starterkits\/fermentieren\/rotpot-all-in-one-mustard-starter-kit-2\/","url":"https:\/\/startercultures.eu\/de\/product\/starterkits\/fermentieren\/rotpot-all-in-one-mustard-starter-kit-2\/","name":"RotPot | alles in einem Senf-Starterkit - Startercultures.eu","isPartOf":{"@id":"https:\/\/startercultures.eu\/de\/#website"},"primaryImageOfPage":{"@id":"https:\/\/startercultures.eu\/de\/product\/starterkits\/fermentieren\/rotpot-all-in-one-mustard-starter-kit-2\/#primaryimage"},"image":{"@id":"https:\/\/startercultures.eu\/de\/product\/starterkits\/fermentieren\/rotpot-all-in-one-mustard-starter-kit-2\/#primaryimage"},"thumbnailUrl":"https:\/\/startercultures.eu\/wp-content\/uploads\/2022\/01\/Rotpot_Mosterd_maak_je_eigen_mosterd.png","datePublished":"2022-01-28T12:23:22+00:00","dateModified":"2026-04-03T23:15:20+00:00","description":"Machen Sie Ihren eigenen Senf mit diesem RotPot-Senf-Starterkit. Mit 'Milden Kr\u00e4utern' mischen und fermentieren. Abraham bekommt hier seinen Senf!","breadcrumb":{"@id":"https:\/\/startercultures.eu\/de\/product\/starterkits\/fermentieren\/rotpot-all-in-one-mustard-starter-kit-2\/#breadcrumb"},"inLanguage":"de-DE","potentialAction":[{"@type":"ReadAction","target":["https:\/\/startercultures.eu\/de\/product\/starterkits\/fermentieren\/rotpot-all-in-one-mustard-starter-kit-2\/"]}]},{"@type":"ImageObject","inLanguage":"de-DE","@id":"https:\/\/startercultures.eu\/de\/product\/starterkits\/fermentieren\/rotpot-all-in-one-mustard-starter-kit-2\/#primaryimage","url":"https:\/\/startercultures.eu\/wp-content\/uploads\/2022\/01\/Rotpot_Mosterd_maak_je_eigen_mosterd.png","contentUrl":"https:\/\/startercultures.eu\/wp-content\/uploads\/2022\/01\/Rotpot_Mosterd_maak_je_eigen_mosterd.png","width":450,"height":450,"caption":"Meesterd starterspakket"},{"@type":"BreadcrumbList","@id":"https:\/\/startercultures.eu\/de\/product\/starterkits\/fermentieren\/rotpot-all-in-one-mustard-starter-kit-2\/#breadcrumb","itemListElement":[{"@type":"ListItem","position":1,"name":"Home","item":"https:\/\/startercultures.eu\/de\/"},{"@type":"ListItem","position":2,"name":"Shop","item":"https:\/\/startercultures.eu\/shop\/"},{"@type":"ListItem","position":3,"name":"RotPot | alles in einem Senf-Starterkit"}]},{"@type":"WebSite","@id":"https:\/\/startercultures.eu\/de\/#website","url":"https:\/\/startercultures.eu\/de\/","name":"Startercultures.eu","description":"Startercultures.eu","publisher":{"@id":"https:\/\/startercultures.eu\/de\/#organization"},"potentialAction":[{"@type":"SearchAction","target":{"@type":"EntryPoint","urlTemplate":"https:\/\/startercultures.eu\/de\/?s={search_term_string}"},"query-input":{"@type":"PropertyValueSpecification","valueRequired":true,"valueName":"search_term_string"}}],"inLanguage":"de-DE"},{"@type":"Organization","@id":"https:\/\/startercultures.eu\/de\/#organization","name":"Startercultures.eu","url":"https:\/\/startercultures.eu\/de\/","logo":{"@type":"ImageObject","inLanguage":"de-DE","@id":"https:\/\/startercultures.eu\/de\/#\/schema\/logo\/image\/","url":"https:\/\/startercultures.eu\/wp-content\/uploads\/2020\/08\/startercultures-eu-nl-logo-rond-rgb.png","contentUrl":"https:\/\/startercultures.eu\/wp-content\/uploads\/2020\/08\/startercultures-eu-nl-logo-rond-rgb.png","width":320,"height":320,"caption":"Startercultures.eu"},"image":{"@id":"https:\/\/startercultures.eu\/de\/#\/schema\/logo\/image\/"},"sameAs":["https:\/\/www.facebook.com\/startercultureseu","https:\/\/www.instagram.com\/startercultures.eu\/"]}]},"product_price_amount":"26.99","product_price_currency":"EUR","og_availability":"out of stock","product_availability":"out of stock","product_retailer_item_id":"260","product_condition":"new"},"_links":{"self":[{"href":"https:\/\/startercultures.eu\/de\/wp-json\/wp\/v2\/product\/25199","targetHints":{"allow":["GET"]}}],"collection":[{"href":"https:\/\/startercultures.eu\/de\/wp-json\/wp\/v2\/product"}],"about":[{"href":"https:\/\/startercultures.eu\/de\/wp-json\/wp\/v2\/types\/product"}],"replies":[{"embeddable":true,"href":"https:\/\/startercultures.eu\/de\/wp-json\/wp\/v2\/comments?post=25199"}],"version-history":[{"count":1,"href":"https:\/\/startercultures.eu\/de\/wp-json\/wp\/v2\/product\/25199\/revisions"}],"predecessor-version":[{"id":66431,"href":"https:\/\/startercultures.eu\/de\/wp-json\/wp\/v2\/product\/25199\/revisions\/66431"}],"wp:featuredmedia":[{"embeddable":true,"href":"https:\/\/startercultures.eu\/de\/wp-json\/wp\/v2\/media\/24359"}],"wp:attachment":[{"href":"https:\/\/startercultures.eu\/de\/wp-json\/wp\/v2\/media?parent=25199"}],"wp:term":[{"taxonomy":"product_brand","embeddable":true,"href":"https:\/\/startercultures.eu\/de\/wp-json\/wp\/v2\/product_brand?post=25199"},{"taxonomy":"product_cat","embeddable":true,"href":"https:\/\/startercultures.eu\/de\/wp-json\/wp\/v2\/product_cat?post=25199"},{"taxonomy":"product_tag","embeddable":true,"href":"https:\/\/startercultures.eu\/de\/wp-json\/wp\/v2\/product_tag?post=25199"}],"curies":[{"name":"wp","href":"https:\/\/api.w.org\/{rel}","templated":true}]}}