{"id":25205,"date":"2021-01-17T08:06:15","date_gmt":"2021-01-17T08:06:15","guid":{"rendered":"https:\/\/startercultures.eu\/product\/unkategorisiert\/transglutaminase-zur-optimalen-bindung-von-proteinen\/"},"modified":"2026-04-09T00:01:47","modified_gmt":"2026-04-08T22:01:47","slug":"transglutaminase","status":"publish","type":"product","link":"https:\/\/startercultures.eu\/de\/product\/wurstwaren-und-charcuterie-de\/zusatzstoffe\/transglutaminase\/","title":{"rendered":"Transglutaminase | veganer Eiwei\u00dfkleber"},"content":{"rendered":"<p>Die Eigenschaften der Transglutaminase, tierische und pflanzliche Proteine zu binden, bieten erstaunliche kulinarische M\u00f6glichkeiten, die K\u00f6che gerade erst zu verstehen beginnen.<\/p>\n<h3>Was ist Transglutaminase?<\/h3>\n<p>Transglutaminase, Vzyme oder Activa (Markenname), ist ein nat\u00fcrlich vorkommendes Enzym, das in Menschen, Tieren und Pflanzen vorkommt. In der Lebensmittelproduktion wird es h\u00e4ufig als Lebensmittelzutat verwendet, um Proteine zu binden, die Textur von Lebensmitteln zu verbessern oder neue Produkte zu schaffen. Die Bindungsqualit\u00e4t von Transglutaminase macht sie zu einem n\u00fctzlichen Bestandteil f\u00fcr Lebensmittelhersteller, sowohl in der Industrie als auch in der privaten oder professionellen K\u00fcche. Transglutaminase wird manchmal auch als &#8220;Fleischleim&#8221; bezeichnet, obwohl sie zum nat\u00fcrlichen Verkleben aller Arten von Proteinen sowohl tierischer als auch pflanzlicher Herkunft verwendet werden kann. Die Bindungen, die dadurch entstehen, sind au\u00dfergew\u00f6hnlich stark.<\/p>\n<h3>Andere Namen f\u00fcr Transglutaminase<\/h3>\n<p>Transglutaminase wird manchmal auch Activa (Markenname) oder Vzyme (vom ehemaligen Webshop f\u00fcr veganen K\u00e4se Cashewbert) genannt.<\/p>\n<h3>M\u00f6gliche Verwendungszwecke f\u00fcr Transglutaminase in Fleisch<\/h3>\n<p>Die M\u00f6glichkeiten von Transglutaminase sind endlos, sowohl f\u00fcr Fleisch als auch f\u00fcr pflanzliche Anwendungen. Sie kann verwendet werden, um eine perfekte Bindung in Wurstwaren und anderen rekonstruierten Produkten herzustellen. Sie wird h\u00e4ufig verwendet, um Fleischst\u00fccke zu einem neuen Produkt umzugestalten, kann aber auch verwendet werden, um verschiedene Fleischsorten von verschiedenen Tieren zu einem Produkt zu kombinieren sowie f\u00fcr innovative Produkte, wie z. B. das Hinzuf\u00fcgen von H\u00fchnerhaut zu einem mageren St\u00fcck Schweinefleisch. Sie k\u00f6nnen sogar Kreationen herstellen, die Fisch, Fleisch und Gem\u00fcse in einem Produkt vereinen.<\/p>\n<h3>M\u00f6gliche Verwendungszwecke von Transglutaminase f\u00fcr veganen K\u00e4se und andere pflanzliche Produkte<\/h3>\n<p>Transglutaminase kann bei der Herstellung von veganen K\u00e4se und Joghurts verwendet werden, um Proteine in (z. B.) Cashews oder Soja zu binden oder um Bohnen- oder <a href=\"https:\/\/www.chefsteps.com\/activities\/hi-tech-mushroom-burger\" target=\"_blank\" rel=\"noopener\">Pilzburger<\/a> mit einer erstaunlichen Textur herzustellen. Au\u00dferdem wird es Backwaren zugesetzt, um die Stabilit\u00e4t, die Elastizit\u00e4t, das Volumen und die Wasseraufnahmef\u00e4higkeit des Teigs zu verbessern.<\/p>\n<h3>Unsere Transglutaminase ist v\u00f6llig vegan<\/h3>\n<p>Unsere Transglutaminase wird durch kontrollierte Fermentation eines ausgew\u00e4hlten Stammes von <em>Streptoverticillium mobaraense<\/em> hergestellt. Im Gegensatz zu vielen anderen Marken von Transglutaminase werden bei unserer weder im Produkt selbst noch bei dessen Herstellung tierische Produkte verwendet. Sie ist also komplett vegan. Au\u00dferdem ist sie nicht gentechnisch ver\u00e4ndert.<\/p>\n<h3>Inhalt<\/h3>\n<ul>\n<li>Transglutaminase (Enzymprotein)<\/li>\n<li>Tr\u00e4gerstoff: Maltodextrin (aus Mais)<\/li>\n<li>100 Gramm<\/li>\n<li>Allergene: keine<\/li>\n<li>GVO-frei<\/li>\n<li>Vegan<\/li>\n<\/ul>\n<h3>Lagerung<\/h3>\n<p>Ge\u00f6ffnete Packungen k\u00f6nnen bei Raumtemperatur aufbewahrt werden. Diese sollten nach teilweisem Gebrauch fest verschlossen werden, um den Sauerstoffzutritt zu verhindern und sollten so schnell wie m\u00f6glich verbraucht werden. Der Zugang zu Sauerstoff verringert die Aktivit\u00e4t des Enzyms.<\/p>\n<h3>Verwendung<\/h3>\n<p>Der optimale pH-Wert liegt zwischen 4 und 9.<\/p>\n<p>Die optimale (schnellste) Bindungstemperatur liegt zwischen 45 und 60 Grad Celsius.<\/p>\n<p>Tipps zur Anwendung:<\/p>\n<p>a) Zugabe von 0,15 &#8211; 1,2 % (bezogen auf das Gesamtgewicht) Transglutaminase zu Fleisch oder pflanzlicher Paste<br \/>\nb) Mischen oder hacken, um sie gleichm\u00e4\u00dfig zu verteilen<br \/>\nc) F\u00fcllen\/Formen<br \/>\nd) Wird bei Zimmertemperatur fest, aber bei Kochtemperaturen noch schneller fest.<br \/>\nGaren: Trocknen bei 60 \u00b0C f\u00fcr 25 Minuten, optionales R\u00e4uchern bei 60 \u00b0C f\u00fcr 10 Minuten und optionales D\u00e4mpfen bei 80 \u00b0C f\u00fcr 15 Minuten &#8211; je nach Durchmesser der Wurst<br \/>\ne) K\u00fchlung und Verpackung<\/p>\n<p>Alternativ k\u00f6nnen Sie die Transglutamine mit einem feinen Sieb \u00fcber die verschiedenen Schichten Ihrer Zubereitung geben und sie dann mindestens 18 Stunden unter Druck ruhen lassen.<\/p>\n<h3>Warnung<\/h3>\n<p>Transglutaminase bindet jedes Protein, auch das in den Augen oder der Lunge. Seien Sie bei der Verabreichung vorsichtig, damit keine Staubwolken entstehen, die Sie einatmen k\u00f6nnen. Beim Einatmen oder wenn Sie es in die Augen bekommen, suchen Sie sofort einen Arzt auf.<\/p>\n<h3 data-fontsize=\"21\" data-lineheight=\"27.3px\"><span data-sheets-value=\"{\" data-sheets-userformat=\"{\">Transglutaminase<\/span> kaufen?<\/h3>\n<p>Bestellen Sie Ihre <span data-sheets-value=\"{\" data-sheets-userformat=\"{\">Transglutaminase <\/span>bei startercultures.eu, dem europ\u00e4ischen Webshop f\u00fcr Ihren gesamten Bedarf an Fermentation und Wurstwaren. Von Meneer Wateetons, renommierter niederl\u00e4ndischer Fermentations- und Fleischexperte und Autor. Bestellen Sie werktags vor 15 Uhr und wir liefern noch am selben Tag. Fragen zur Verwendung? Fragen Sie in unserem Chat, wir helfen gerne weiter!<\/p>\n<h3>Online-Workshop zur Wurstherstellung in englischer Sprache<img decoding=\"async\" class=\"lazyload  wp-image-10200 alignright\" src=\"https:\/\/startercultures.eu\/wp-content\/uploads\/2020\/12\/sausage-making-workshop-450-300x300.png\" data-orig-src=\"https:\/\/startercultures.eu\/wp-content\/uploads\/2020\/12\/sausage-making-workshop-450-300x300.png\" alt=\"Lernen Sie, wie Sie zu Hause Trockenwurst herstellen\" width=\"126\" height=\"126\" srcset=\"data:image\/svg+xml,%3Csvg%20xmlns%3D%27http%3A%2F%2Fwww.w3.org%2F2000%2Fsvg%27%20width%3D%27126%27%20height%3D%27126%27%20viewBox%3D%270%200%20126%20126%27%3E%3Crect%20width%3D%27126%27%20height%3D%27126%27%20fill-opacity%3D%220%22%2F%3E%3C%2Fsvg%3E\" data-srcset=\"https:\/\/startercultures.eu\/wp-content\/uploads\/2020\/12\/sausage-making-workshop-450-66x66.png 66w, https:\/\/startercultures.eu\/wp-content\/uploads\/2020\/12\/sausage-making-workshop-450-70x70.png 70w, https:\/\/startercultures.eu\/wp-content\/uploads\/2020\/12\/sausage-making-workshop-450-100x100.png 100w, https:\/\/startercultures.eu\/wp-content\/uploads\/2020\/12\/sausage-making-workshop-450-150x150.png 150w, https:\/\/startercultures.eu\/wp-content\/uploads\/2020\/12\/sausage-making-workshop-450-200x200.png 200w, https:\/\/startercultures.eu\/wp-content\/uploads\/2020\/12\/sausage-making-workshop-450-300x300.png 300w, https:\/\/startercultures.eu\/wp-content\/uploads\/2020\/12\/sausage-making-workshop-450-400x399.png 400w, https:\/\/startercultures.eu\/wp-content\/uploads\/2020\/12\/sausage-making-workshop-450.png 450w\" data-sizes=\"auto\" data-orig-sizes=\"(max-width: 126px) 100vw, 126px\" \/><\/h3>\n<p>In diesem <a href=\"https:\/\/startercultures.eu\/product\/sausages-and-charcuterie\/online-sausage-making-workshop\/\" target=\"_blank\" rel=\"noopener\">englischsprachigen Online-Workshop<\/a> lernen Sie die Theorie und Praxis der Herstellung von frischen W\u00fcrsten. Welche Fleischsorten eignen sich am besten, wo findet man die Zutaten, was sind die gr\u00f6\u00dften Fallstricke und was kann man mit D\u00e4rmen alles anstellen? Foodwriter <a href=\"https:\/\/wateetons.com\/\" target=\"_blank\" rel=\"noopener\">&#8216;Meneer Wateetons&#8217;<\/a>, Autor mehrerer B\u00fccher \u00fcber Fermentierung und alternative Lebensmittelzubereitungstechniken, wird Ihnen alles \u00fcber Fermentierung, P\u00f6kelsalze, Lebensmittelsicherheit, pH-Wert, Starterkulturen, Schimmelpilze und Trocknungsbedingungen beibringen. Klicken Sie <a href=\"https:\/\/startercultures.eu\/product\/sausages-and-charcuterie\/online-sausage-making-workshop\/\" target=\"_blank\" rel=\"noopener\">hier<\/a> f\u00fcr weitere Informationen.<\/p>\n<p>&nbsp;<\/p>\n","protected":false},"excerpt":{"rendered":"<p>Transglutaminase (Activa oder Vzyme) ist ein nat\u00fcrlich vorkommendes Enzym. Es wird verwendet, um tierische und pflanzliche Proteine zu binden, die Textur von Lebensmitteln zu verbessern oder neue Produkte herzustellen. Die Eigenschaften der Transglutaminase, tierische und pflanzliche Proteine zu binden, bieten erstaunliche kulinarische M\u00f6glichkeiten, die K\u00f6che gerade erst zu verstehen beginnen. Es kann in veganen Produkten verwendet werden.<\/p>\n","protected":false},"featured_media":37463,"comment_status":"open","ping_status":"closed","template":"","meta":{"_acf_changed":false,"footnotes":""},"product_brand":[],"product_cat":[704,701,680,710,678,724,703],"product_tag":[],"class_list":{"0":"post-25205","1":"product","2":"type-product","3":"status-publish","4":"has-post-thumbnail","6":"product_cat-bohnen-reis-korner","7":"product_cat-vegane-korner-bohnen-hulsenfruchte","8":"product_cat-vegane-milchprodukte","9":"product_cat-veganer-joghurt","10":"product_cat-veganer-kase","11":"product_cat-zusatzstoffe-de","12":"product_cat-zusatzstoffe","13":"pa_ean-8720297621062-de","15":"first","16":"instock","17":"taxable","18":"shipping-taxable","19":"purchasable","20":"product-type-simple"},"acf":[],"yoast_head":"<!-- This site is optimized with the Yoast SEO plugin v26.6 - https:\/\/yoast.com\/wordpress\/plugins\/seo\/ -->\n<title>Transglutaminase | Startercultures.eu<\/title>\n<meta name=\"description\" content=\"Transglutaminase (Activa oder Vzyme) ist ein nat\u00fcrliches Enzym. Es wird verwendet, um tierische und vegane Pflanzenproteine zu binden.\" \/>\n<meta name=\"robots\" content=\"index, follow, max-snippet:-1, max-image-preview:large, max-video-preview:-1\" \/>\n<link rel=\"canonical\" href=\"https:\/\/startercultures.eu\/de\/product\/wurstwaren-und-charcuterie-de\/zusatzstoffe\/transglutaminase\/\" \/>\n<meta property=\"og:locale\" content=\"de_DE\" \/>\n<meta property=\"og:type\" content=\"article\" \/>\n<meta property=\"og:title\" content=\"Transglutaminase | Startercultures.eu\" \/>\n<meta property=\"og:description\" content=\"Transglutaminase (Activa oder Vzyme) ist ein nat\u00fcrliches Enzym. Es wird verwendet, um tierische und vegane Pflanzenproteine zu binden.\" \/>\n<meta property=\"og:url\" content=\"https:\/\/startercultures.eu\/de\/product\/wurstwaren-und-charcuterie-de\/zusatzstoffe\/transglutaminase\/\" \/>\n<meta property=\"og:site_name\" content=\"Startercultures.eu\" \/>\n<meta property=\"article:publisher\" content=\"https:\/\/www.facebook.com\/startercultureseu\" \/>\n<meta property=\"article:modified_time\" content=\"2026-04-08T22:01:47+00:00\" \/>\n<meta property=\"og:image\" content=\"https:\/\/startercultures.eu\/wp-content\/uploads\/2021\/01\/164-transglutaminase-mu.png\" \/>\n\t<meta property=\"og:image:width\" content=\"1250\" \/>\n\t<meta property=\"og:image:height\" content=\"1250\" \/>\n\t<meta property=\"og:image:type\" content=\"image\/png\" \/>\n<meta name=\"twitter:card\" content=\"summary_large_image\" \/>\n<meta name=\"twitter:label1\" content=\"Price\" \/>\n\t<meta name=\"twitter:data1\" content=\"14,99\" \/>\n\t<meta name=\"twitter:label2\" content=\"Availability\" \/>\n\t<meta name=\"twitter:data2\" content=\"Vorr\u00e4tig\" \/>\n<script type=\"application\/ld+json\" class=\"yoast-schema-graph\">{\"@context\":\"https:\/\/schema.org\",\"@graph\":[{\"@type\":\"WebPage\",\"@id\":\"https:\/\/startercultures.eu\/de\/product\/wurstwaren-und-charcuterie-de\/zusatzstoffe\/transglutaminase\/\",\"url\":\"https:\/\/startercultures.eu\/de\/product\/wurstwaren-und-charcuterie-de\/zusatzstoffe\/transglutaminase\/\",\"name\":\"Transglutaminase | Startercultures.eu\",\"isPartOf\":{\"@id\":\"https:\/\/startercultures.eu\/de\/#website\"},\"primaryImageOfPage\":{\"@id\":\"https:\/\/startercultures.eu\/de\/product\/wurstwaren-und-charcuterie-de\/zusatzstoffe\/transglutaminase\/#primaryimage\"},\"image\":{\"@id\":\"https:\/\/startercultures.eu\/de\/product\/wurstwaren-und-charcuterie-de\/zusatzstoffe\/transglutaminase\/#primaryimage\"},\"thumbnailUrl\":\"https:\/\/startercultures.eu\/wp-content\/uploads\/2021\/01\/164-transglutaminase-mu.png\",\"datePublished\":\"2021-01-17T08:06:15+00:00\",\"dateModified\":\"2026-04-08T22:01:47+00:00\",\"description\":\"Transglutaminase (Activa oder Vzyme) ist ein nat\u00fcrliches Enzym. Es wird verwendet, um tierische und vegane Pflanzenproteine zu binden.\",\"breadcrumb\":{\"@id\":\"https:\/\/startercultures.eu\/de\/product\/wurstwaren-und-charcuterie-de\/zusatzstoffe\/transglutaminase\/#breadcrumb\"},\"inLanguage\":\"de-DE\",\"potentialAction\":[{\"@type\":\"ReadAction\",\"target\":[\"https:\/\/startercultures.eu\/de\/product\/wurstwaren-und-charcuterie-de\/zusatzstoffe\/transglutaminase\/\"]}]},{\"@type\":\"ImageObject\",\"inLanguage\":\"de-DE\",\"@id\":\"https:\/\/startercultures.eu\/de\/product\/wurstwaren-und-charcuterie-de\/zusatzstoffe\/transglutaminase\/#primaryimage\",\"url\":\"https:\/\/startercultures.eu\/wp-content\/uploads\/2021\/01\/164-transglutaminase-mu.png\",\"contentUrl\":\"https:\/\/startercultures.eu\/wp-content\/uploads\/2021\/01\/164-transglutaminase-mu.png\",\"width\":1250,\"height\":1250,\"caption\":\"transglutaminase\"},{\"@type\":\"BreadcrumbList\",\"@id\":\"https:\/\/startercultures.eu\/de\/product\/wurstwaren-und-charcuterie-de\/zusatzstoffe\/transglutaminase\/#breadcrumb\",\"itemListElement\":[{\"@type\":\"ListItem\",\"position\":1,\"name\":\"Home\",\"item\":\"https:\/\/startercultures.eu\/de\/\"},{\"@type\":\"ListItem\",\"position\":2,\"name\":\"Shop\",\"item\":\"https:\/\/startercultures.eu\/shop\/\"},{\"@type\":\"ListItem\",\"position\":3,\"name\":\"Transglutaminase | veganer Eiwei\u00dfkleber\"}]},{\"@type\":\"WebSite\",\"@id\":\"https:\/\/startercultures.eu\/de\/#website\",\"url\":\"https:\/\/startercultures.eu\/de\/\",\"name\":\"Startercultures.eu\",\"description\":\"Startercultures.eu\",\"publisher\":{\"@id\":\"https:\/\/startercultures.eu\/de\/#organization\"},\"potentialAction\":[{\"@type\":\"SearchAction\",\"target\":{\"@type\":\"EntryPoint\",\"urlTemplate\":\"https:\/\/startercultures.eu\/de\/?s={search_term_string}\"},\"query-input\":{\"@type\":\"PropertyValueSpecification\",\"valueRequired\":true,\"valueName\":\"search_term_string\"}}],\"inLanguage\":\"de-DE\"},{\"@type\":\"Organization\",\"@id\":\"https:\/\/startercultures.eu\/de\/#organization\",\"name\":\"Startercultures.eu\",\"url\":\"https:\/\/startercultures.eu\/de\/\",\"logo\":{\"@type\":\"ImageObject\",\"inLanguage\":\"de-DE\",\"@id\":\"https:\/\/startercultures.eu\/de\/#\/schema\/logo\/image\/\",\"url\":\"https:\/\/startercultures.eu\/wp-content\/uploads\/2020\/08\/startercultures-eu-nl-logo-rond-rgb.png\",\"contentUrl\":\"https:\/\/startercultures.eu\/wp-content\/uploads\/2020\/08\/startercultures-eu-nl-logo-rond-rgb.png\",\"width\":320,\"height\":320,\"caption\":\"Startercultures.eu\"},\"image\":{\"@id\":\"https:\/\/startercultures.eu\/de\/#\/schema\/logo\/image\/\"},\"sameAs\":[\"https:\/\/www.facebook.com\/startercultureseu\",\"https:\/\/www.instagram.com\/startercultures.eu\/\"]}]}<\/script>\n<meta property=\"product:price:amount\" content=\"14.99\" \/>\n<meta property=\"product:price:currency\" content=\"EUR\" \/>\n<meta property=\"og:availability\" content=\"instock\" \/>\n<meta property=\"product:availability\" content=\"instock\" \/>\n<meta property=\"product:retailer_item_id\" content=\"164\" \/>\n<meta property=\"product:condition\" content=\"new\" \/>\n<!-- \/ Yoast SEO plugin. -->","yoast_head_json":{"title":"Transglutaminase | Startercultures.eu","description":"Transglutaminase (Activa oder Vzyme) ist ein nat\u00fcrliches Enzym. Es wird verwendet, um tierische und vegane Pflanzenproteine zu binden.","robots":{"index":"index","follow":"follow","max-snippet":"max-snippet:-1","max-image-preview":"max-image-preview:large","max-video-preview":"max-video-preview:-1"},"canonical":"https:\/\/startercultures.eu\/de\/product\/wurstwaren-und-charcuterie-de\/zusatzstoffe\/transglutaminase\/","og_locale":"de_DE","og_type":"article","og_title":"Transglutaminase | Startercultures.eu","og_description":"Transglutaminase (Activa oder Vzyme) ist ein nat\u00fcrliches Enzym. Es wird verwendet, um tierische und vegane Pflanzenproteine zu binden.","og_url":"https:\/\/startercultures.eu\/de\/product\/wurstwaren-und-charcuterie-de\/zusatzstoffe\/transglutaminase\/","og_site_name":"Startercultures.eu","article_publisher":"https:\/\/www.facebook.com\/startercultureseu","article_modified_time":"2026-04-08T22:01:47+00:00","og_image":[{"width":1250,"height":1250,"url":"https:\/\/startercultures.eu\/wp-content\/uploads\/2021\/01\/164-transglutaminase-mu.png","type":"image\/png"}],"twitter_card":"summary_large_image","twitter_misc":{"Price":"14,99","Availability":"Vorr\u00e4tig"},"schema":{"@context":"https:\/\/schema.org","@graph":[{"@type":"WebPage","@id":"https:\/\/startercultures.eu\/de\/product\/wurstwaren-und-charcuterie-de\/zusatzstoffe\/transglutaminase\/","url":"https:\/\/startercultures.eu\/de\/product\/wurstwaren-und-charcuterie-de\/zusatzstoffe\/transglutaminase\/","name":"Transglutaminase | Startercultures.eu","isPartOf":{"@id":"https:\/\/startercultures.eu\/de\/#website"},"primaryImageOfPage":{"@id":"https:\/\/startercultures.eu\/de\/product\/wurstwaren-und-charcuterie-de\/zusatzstoffe\/transglutaminase\/#primaryimage"},"image":{"@id":"https:\/\/startercultures.eu\/de\/product\/wurstwaren-und-charcuterie-de\/zusatzstoffe\/transglutaminase\/#primaryimage"},"thumbnailUrl":"https:\/\/startercultures.eu\/wp-content\/uploads\/2021\/01\/164-transglutaminase-mu.png","datePublished":"2021-01-17T08:06:15+00:00","dateModified":"2026-04-08T22:01:47+00:00","description":"Transglutaminase (Activa oder Vzyme) ist ein nat\u00fcrliches Enzym. Es wird verwendet, um tierische und vegane Pflanzenproteine zu binden.","breadcrumb":{"@id":"https:\/\/startercultures.eu\/de\/product\/wurstwaren-und-charcuterie-de\/zusatzstoffe\/transglutaminase\/#breadcrumb"},"inLanguage":"de-DE","potentialAction":[{"@type":"ReadAction","target":["https:\/\/startercultures.eu\/de\/product\/wurstwaren-und-charcuterie-de\/zusatzstoffe\/transglutaminase\/"]}]},{"@type":"ImageObject","inLanguage":"de-DE","@id":"https:\/\/startercultures.eu\/de\/product\/wurstwaren-und-charcuterie-de\/zusatzstoffe\/transglutaminase\/#primaryimage","url":"https:\/\/startercultures.eu\/wp-content\/uploads\/2021\/01\/164-transglutaminase-mu.png","contentUrl":"https:\/\/startercultures.eu\/wp-content\/uploads\/2021\/01\/164-transglutaminase-mu.png","width":1250,"height":1250,"caption":"transglutaminase"},{"@type":"BreadcrumbList","@id":"https:\/\/startercultures.eu\/de\/product\/wurstwaren-und-charcuterie-de\/zusatzstoffe\/transglutaminase\/#breadcrumb","itemListElement":[{"@type":"ListItem","position":1,"name":"Home","item":"https:\/\/startercultures.eu\/de\/"},{"@type":"ListItem","position":2,"name":"Shop","item":"https:\/\/startercultures.eu\/shop\/"},{"@type":"ListItem","position":3,"name":"Transglutaminase | veganer Eiwei\u00dfkleber"}]},{"@type":"WebSite","@id":"https:\/\/startercultures.eu\/de\/#website","url":"https:\/\/startercultures.eu\/de\/","name":"Startercultures.eu","description":"Startercultures.eu","publisher":{"@id":"https:\/\/startercultures.eu\/de\/#organization"},"potentialAction":[{"@type":"SearchAction","target":{"@type":"EntryPoint","urlTemplate":"https:\/\/startercultures.eu\/de\/?s={search_term_string}"},"query-input":{"@type":"PropertyValueSpecification","valueRequired":true,"valueName":"search_term_string"}}],"inLanguage":"de-DE"},{"@type":"Organization","@id":"https:\/\/startercultures.eu\/de\/#organization","name":"Startercultures.eu","url":"https:\/\/startercultures.eu\/de\/","logo":{"@type":"ImageObject","inLanguage":"de-DE","@id":"https:\/\/startercultures.eu\/de\/#\/schema\/logo\/image\/","url":"https:\/\/startercultures.eu\/wp-content\/uploads\/2020\/08\/startercultures-eu-nl-logo-rond-rgb.png","contentUrl":"https:\/\/startercultures.eu\/wp-content\/uploads\/2020\/08\/startercultures-eu-nl-logo-rond-rgb.png","width":320,"height":320,"caption":"Startercultures.eu"},"image":{"@id":"https:\/\/startercultures.eu\/de\/#\/schema\/logo\/image\/"},"sameAs":["https:\/\/www.facebook.com\/startercultureseu","https:\/\/www.instagram.com\/startercultures.eu\/"]}]},"product_price_amount":"14.99","product_price_currency":"EUR","og_availability":"instock","product_availability":"instock","product_retailer_item_id":"164","product_condition":"new"},"_links":{"self":[{"href":"https:\/\/startercultures.eu\/de\/wp-json\/wp\/v2\/product\/25205","targetHints":{"allow":["GET"]}}],"collection":[{"href":"https:\/\/startercultures.eu\/de\/wp-json\/wp\/v2\/product"}],"about":[{"href":"https:\/\/startercultures.eu\/de\/wp-json\/wp\/v2\/types\/product"}],"replies":[{"embeddable":true,"href":"https:\/\/startercultures.eu\/de\/wp-json\/wp\/v2\/comments?post=25205"}],"version-history":[{"count":4,"href":"https:\/\/startercultures.eu\/de\/wp-json\/wp\/v2\/product\/25205\/revisions"}],"predecessor-version":[{"id":65989,"href":"https:\/\/startercultures.eu\/de\/wp-json\/wp\/v2\/product\/25205\/revisions\/65989"}],"wp:featuredmedia":[{"embeddable":true,"href":"https:\/\/startercultures.eu\/de\/wp-json\/wp\/v2\/media\/37463"}],"wp:attachment":[{"href":"https:\/\/startercultures.eu\/de\/wp-json\/wp\/v2\/media?parent=25205"}],"wp:term":[{"taxonomy":"product_brand","embeddable":true,"href":"https:\/\/startercultures.eu\/de\/wp-json\/wp\/v2\/product_brand?post=25205"},{"taxonomy":"product_cat","embeddable":true,"href":"https:\/\/startercultures.eu\/de\/wp-json\/wp\/v2\/product_cat?post=25205"},{"taxonomy":"product_tag","embeddable":true,"href":"https:\/\/startercultures.eu\/de\/wp-json\/wp\/v2\/product_tag?post=25205"}],"curies":[{"name":"wp","href":"https:\/\/api.w.org\/{rel}","templated":true}]}}