{"id":25209,"date":"2020-07-31T16:30:22","date_gmt":"2020-07-31T16:30:22","guid":{"rendered":"https:\/\/startercultures.eu\/product\/unkategorisiert\/natto-starterkultur-machen-sie-ihr-eigenes-natto\/"},"modified":"2026-04-17T09:38:33","modified_gmt":"2026-04-17T07:38:33","slug":"natto-starterkulturen","status":"publish","type":"product","link":"https:\/\/startercultures.eu\/de\/product\/fermentation-de\/bohnen-reis-korner\/natto-starterkulturen\/","title":{"rendered":"Natt\u014d-Starterkultur | machen Sie Ihr eigenes Natt\u014d"},"content":{"rendered":"<p>Machen Sie Ihr eigenes Natt\u00f5 mit diesen Natt\u014d-Starterkulturen!<\/p>\n<h3>Was ist natt\u014d<\/h3>\n<p>Natt\u014d (oder einfach Natto) ist ein japanisches Lebensmittel, das aus fermentierten Sojabohnen hergestellt wird. F\u00fcr die Zubereitung verwenden wir das Bakterium <em>Bacillus subtilis var. natto<\/em>. Die Umwandlung von Sojabohnen in Natt\u014d erfolgt durch alkalische Fermentation, wobei Proteine (nicht Kohlenhydrate) in Aminos\u00e4uren, Peptide und Ammoniak umgewandelt werden. Diese Form der Fermentation erh\u00f6ht den pH-Wert. Dadurch wird das Lebensmittel nicht sauer, sondern basisch.<\/p>\n<h3>Wie schmeckt Natto?<\/h3>\n<p>Traditionelles Natto hat einen scharfen, herzhaften Umami-Geschmack mit nussigen, erdigen Noten, der an gereiften K\u00e4se erinnert. Vor allem sein Mundgef\u00fchl ist ausgepr\u00e4gt. Natto-Bohnen haben eine glitschige Textur mit einem weichen, aber dennoch leicht knusprigen Inneren. Er gilt allgemein als &#8216;anerzogener Geschmack&#8217;. \u00c4hnlich wie bei \u00e4hnlich stark schmeckenden Produkten wie Blauschimmelk\u00e4se dauert es eine Weile, bis man sich daran gew\u00f6hnt hat, aber dann werden Sie f\u00fcr immer s\u00fcchtig danach sein! Natto kann auch aus anderen Bohnen als Sojabohnen hergestellt werden, z.B. aus Mungobohnen oder Kichererbsen oder sogar aus Getreide, was eine gro\u00dfe Vielfalt an Natto-Geschmacksrichtungen erm\u00f6glicht.<\/p>\n<h3>Wie essen Sie Natto?<\/h3>\n<p>Normalerweise wird Natto nicht pur verzehrt, sondern kombiniert. Eine klassische Kombination ist mit Reis, Sojasauce und Fr\u00fchlingszwiebeln. Sie k\u00f6nnen Natto aber auch in Suppen einr\u00fchren oder mit Eiern oder Gem\u00fcse verzehren. Er ist ein vielseitiges Nahrungsmittel, das vielen Gerichten Umami und Proteine hinzuf\u00fcgt.<\/p>\n<h3>Ist Natto gesund?<\/h3>\n<p>Natto ist sehr gesund. Natto enth\u00e4lt kein Cholesterin und ist eine wichtige Quelle f\u00fcr Eisen, Kalzium, Magnesium, Eiwei\u00df, Kalium, Vitamin B6, B2, E und andere N\u00e4hrstoffe. Er ist eine wichtige Quelle f\u00fcr Vitamin k2, das f\u00fcr seine m\u00f6gliche Rolle bei der Knochengesundheit und der kardiovaskul\u00e4ren Gesundheit bekannt ist. Der Fermentationsprozess bei der Herstellung von Natto erh\u00f6ht nicht nur den Gesamtgehalt an Vitamin K drastisch, sondern wandelt es auch in die besser bioverf\u00fcgbare Form von Vitamin K2 um, was Natto zur Nr. 1 unter den nat\u00fcrlichen Vitamin-K-Quellen macht. Damit ist Natto die nat\u00fcrliche Vitamin-K-Quelle Nr. 1. Ein Essl\u00f6ffel liefert nicht weniger als das Doppelte der empfohlenen Tagesdosis.<\/p>\n<h3>Andere Namen f\u00fcr Natto<\/h3>\n<p>Au\u00dferhalb Japans werden Varianten von Natt\u014d in Thailand (thua nao), China (dau chi), Nepal und Birma (kinema) und Korea (chungkuk-jang) hergestellt.<\/p>\n<p>Natt\u014d kann auch aus anderen Bohnen oder Getreidesorten, anstatt Sojabohnen, hergestellt werden, z. B. mit Gerste.<\/p>\n<h3>Inhalt Natt\u014d-Starterkulturen<\/h3>\n<ul>\n<li>Erh\u00e4ltlich in zwei Gr\u00f6\u00dfen: f\u00fcr ca. 500 Gramm Natto oder f\u00fcr 5 kg \/ 70% Rabatt).<\/li>\n<li>Zutaten: Maltodextrin, <em>Bacillus subtilus Bakterium, L. plantarum <\/em><\/li>\n<li>Herkunft: China<\/li>\n<li>Allergene: keine<\/li>\n<\/ul>\n<h3>Haltbarkeit und Lagerung Ihres Natto-Starters<\/h3>\n<ul>\n<li>Das auf der Verpackung aufgedruckte Datum ist das <em>Herstellungsdatum<\/em>, nicht das Mindesthaltbarkeitsdatum. Das Haltbarkeitsdatum entspricht dem aufgedruckten Datum + 24 Monate.<\/li>\n<li>Aufbewahrungshinweise: Im K\u00fchlschrank mindestens 6 Monate, im Gefrierfach bis zu 2 Jahre haltbar<\/li>\n<\/ul>\n<h3>Wie Sie Ihr eigenes Natto mit unserem Natto-Starter herstellen<\/h3>\n<p>Natto ist nicht schwer zuzubereiten. Dieses Rezept ist f\u00fcr 250 Gramm getrocknete Sojabohnen (genug f\u00fcr 4 Personen), aber Sie k\u00f6nnen auch weniger machen, wenn Sie m\u00f6chten. Nach dem Einweichen und Kochen erhalten Sie so etwa 500 Gramm Natto.<\/p>\n<p><strong>Ger\u00e4te<\/strong><\/p>\n<ul>\n<li>Backofen oder Dehydrator<\/li>\n<\/ul>\n<p><strong>Inhaltsstoffe<\/strong><\/p>\n<ul>\n<li>250 Gramm getrocknete Sojabohnen<\/li>\n<li>1 Beutel Natto-Starter, aufgel\u00f6st in einer kleinen Menge (vorzugsweise destilliertem) Wasser.<\/li>\n<\/ul>\n<p><strong>Vorbereitung<\/strong><\/p>\n<ol>\n<li>Waschen Sie die Bohnen und weichen Sie sie \u00fcber Nacht in reichlich Wasser ein.<\/li>\n<li>Die weichen Bohnen etwa vier Stunden lang kochen.<\/li>\n<li>Die Bohnen m\u00fcssen nicht gesch\u00e4lt werden.<\/li>\n<li>Mischen Sie die Natto-Starterkultur mit den noch hei\u00dfen (!) Bohnen.<\/li>\n<li>Auf etwa 40 \u00b0C abk\u00fchlen lassen.<\/li>\n<li>Mit Frischhaltefolie abgedeckt und mit einigen L\u00f6chern versehen im lauwarmen Ofen bei ca. 40\u00b0 C (38-45) 24-36 Stunden g\u00e4ren lassen. Hinweis: nicht h\u00f6her als 45 \u00b0 C.<\/li>\n<li>Testen Sie das Natto: zwischen den Bohnen sollte sich eine Art schleimiger Faden gebildet haben.<\/li>\n<li>Vor dem Verzehr etwa 24 Stunden im K\u00fchlschrank durchziehen lassen.<\/li>\n<li>Genie\u00dfen Sie<\/li>\n<\/ol>\n<p>Tipp: Versuchen Sie, Natto auch aus anderen Bohnen zuzubereiten, z.B. aus Kichererbsen. Genauso gesund, aber viel leckerer!<\/p>\n<h3>Wie man Natto aufbewahrt<\/h3>\n<p>Verpacken Sie die Portionen in Beutel oder Schalen und frieren Sie sie ein. Auf diese Weise ist Natto sehr lange haltbar.<\/p>\n<h3>Wie Sie Natto noch besser schmecken lassen<\/h3>\n<p>Der starke Geschmack bedeutet, dass ein wenig Natto sehr viel ausmacht. Daher wird es normalerweise in kleinen Portionen verzehrt und mit einfacheren Zutaten wie Reis gemischt, um den intensiven Geschmack und die Textur auszugleichen. Sie k\u00f6nnen die Balance nach Ihrem Geschmack einstellen. Wenn Sie Sushi m\u00f6gen, ist dies die perfekte Art, Natto in Ihr Essen einzubauen. Natto Maki zum Beispiel ist eine Sushiroll-Variante, bei der Natto als F\u00fcllung verwendet wird, manchmal in Kombination mit anderen Zutaten wie Gurke, Shiso-Bl\u00e4ttern oder Ei. Und nat\u00fcrlich, im Zweifelsfall: mehr Sojasauce!<\/p>\n<h3 data-fontsize=\"21\" data-lineheight=\"27.3px\">Natt\u014d-Starterkulturen kaufen?<\/h3>\n<p>Bestellen Sie Ihre Natto-Starterkulturen bei startercultures.eu, dem europ\u00e4ischen Webshop f\u00fcr alle Ihre Fermentationsbed\u00fcrfnisse. Von Meneer Wateetons, renommierter niederl\u00e4ndischer Fermentierungsexperte und Lehrer und Autor von 9 Kochb\u00fcchern. Er hat Tausende von Hobbyk\u00f6chen und K\u00f6chen in der Kunst der Fermentation unterrichtet, einschlie\u00dflich der Herstellung von Natto.<\/p>\n<p>Bestellen Sie werktags vor 15 Uhr und wir liefern noch am selben Tag. Fragen zur Verwendung der Natt\u014d-Starterkulturen? Frag sie in unserem Chat, wir helfen dir gerne!<\/p>\n<h3 class=\"product_title entry-title\">Online-Kurs zur Herstellung von Miso<img decoding=\"async\" class=\"lazyload  wp-image-40615 alignright\" src=\"https:\/\/startercultures.eu\/wp-content\/uploads\/2023\/07\/Miso-ebook-mu-300x276.png\" data-orig-src=\"https:\/\/startercultures.eu\/wp-content\/uploads\/2023\/07\/Miso-ebook-mu-300x276.png\" alt=\"\" width=\"133\" height=\"122\" srcset=\"data:image\/svg+xml,%3Csvg%20xmlns%3D%27http%3A%2F%2Fwww.w3.org%2F2000%2Fsvg%27%20width%3D%27133%27%20height%3D%27122%27%20viewBox%3D%270%200%20133%20122%27%3E%3Crect%20width%3D%27133%27%20height%3D%27122%27%20fill-opacity%3D%220%22%2F%3E%3C%2Fsvg%3E\" data-srcset=\"https:\/\/startercultures.eu\/wp-content\/uploads\/2023\/07\/Miso-ebook-mu-200x184.png 200w, https:\/\/startercultures.eu\/wp-content\/uploads\/2023\/07\/Miso-ebook-mu-300x276.png 300w, https:\/\/startercultures.eu\/wp-content\/uploads\/2023\/07\/Miso-ebook-mu-400x368.png 400w, https:\/\/startercultures.eu\/wp-content\/uploads\/2023\/07\/Miso-ebook-mu-500x460.png 500w, https:\/\/startercultures.eu\/wp-content\/uploads\/2023\/07\/Miso-ebook-mu-600x552.png 600w, https:\/\/startercultures.eu\/wp-content\/uploads\/2023\/07\/Miso-ebook-mu-700x644.png 700w, https:\/\/startercultures.eu\/wp-content\/uploads\/2023\/07\/Miso-ebook-mu-768x707.png 768w, https:\/\/startercultures.eu\/wp-content\/uploads\/2023\/07\/Miso-ebook-mu-800x736.png 800w, https:\/\/startercultures.eu\/wp-content\/uploads\/2023\/07\/Miso-ebook-mu.png 1000w\" data-sizes=\"auto\" data-orig-sizes=\"(max-width: 133px) 100vw, 133px\" \/><\/h3>\n<p class=\"product_title entry-title\"><span style=\"font-size: 16px;\">In 25+ mundgerechten englischsprachigen Videolektionen lernen Sie alles \u00fcber die Herstellung von Miso, ohne dass Sie spezielle Werkzeuge ben\u00f6tigen, in <\/span><a style=\"font-size: 16px;\" href=\"https:\/\/startercultures.eu\/product\/fermentation-fundamentals\/online-miso-making-course\/\" target=\"_blank\" rel=\"noopener\">diesem Online-Kurs<\/a><span style=\"font-size: 16px;\"> von dem Gr\u00fcnder von startercultures.eu, Meneer Wateetons. Sie werden l<\/span>verdienen Sie es, traditionelles oder JEDE Art von Miso herzustellen, sparen Sie Geld, indem Sie nie wieder Miso kaufen m\u00fcssen, und regen Sie Ihre kulinarische Kreativit\u00e4t an!<\/p>\n","protected":false},"excerpt":{"rendered":"<p>Natt\u014d ist ein japanisches Lebensmittel aus fermentierten Sojabohnen. F\u00fcr die Zubereitung verwenden wir das Bakterium <em>Bacillus subtilis var. natto<\/em>. Natt\u014d kann auch aus anderen Bohnen oder Getreidesorten, anstatt Sojabohnen, hergestellt werden, z. B. mit Gerste.<\/p>\n","protected":false},"featured_media":25138,"comment_status":"open","ping_status":"closed","template":"","meta":{"_acf_changed":false,"footnotes":""},"product_brand":[],"product_cat":[706,704,746,701],"product_tag":[],"class_list":{"0":"post-25209","1":"product","2":"type-product","3":"status-publish","4":"has-post-thumbnail","6":"product_cat-asiatisch","7":"product_cat-bohnen-reis-korner","8":"product_cat-starterkulteren-de-6","9":"product_cat-vegane-korner-bohnen-hulsenfruchte","10":"pa_ean-6920211800326-de","11":"pa_ean-6921587460664-de","12":"pa_size-1-de","13":"pa_size-10-de","15":"first","16":"instock","17":"taxable","18":"shipping-taxable","19":"purchasable","20":"product-type-variable","21":"has-default-attributes"},"acf":[],"yoast_head":"<!-- This site is optimized with the Yoast SEO plugin v26.6 - https:\/\/yoast.com\/wordpress\/plugins\/seo\/ -->\n<title>Natt\u014d-Starterkultur | machen Sie Ihr eigenes Natt\u014d - Startercultures.eu<\/title>\n<meta name=\"description\" content=\"Natt\u014d ist ein japanisches Lebensmittel aus fermentierten Sojabohnen, hergestellt mit Bacillus subtilis var. Natto. Stellen Sie Ihr eigenes Natt\u014d mit unseren Starterkulturen her.\" \/>\n<meta name=\"robots\" content=\"index, follow, max-snippet:-1, max-image-preview:large, max-video-preview:-1\" \/>\n<link rel=\"canonical\" href=\"https:\/\/startercultures.eu\/de\/product\/fermentation-de\/bohnen-reis-korner\/natto-starterkulturen\/\" \/>\n<meta property=\"og:locale\" content=\"de_DE\" \/>\n<meta property=\"og:type\" content=\"article\" \/>\n<meta property=\"og:title\" content=\"Natt\u014d-Starterkultur | machen Sie Ihr eigenes Natt\u014d - Startercultures.eu\" \/>\n<meta property=\"og:description\" content=\"Natt\u014d ist ein japanisches Lebensmittel aus fermentierten Sojabohnen, hergestellt mit Bacillus subtilis var. Natto. Stellen Sie Ihr eigenes Natt\u014d mit unseren Starterkulturen her.\" \/>\n<meta property=\"og:url\" content=\"https:\/\/startercultures.eu\/de\/product\/fermentation-de\/bohnen-reis-korner\/natto-starterkulturen\/\" \/>\n<meta property=\"og:site_name\" content=\"Startercultures.eu\" \/>\n<meta property=\"article:publisher\" content=\"https:\/\/www.facebook.com\/startercultureseu\" \/>\n<meta property=\"article:modified_time\" content=\"2026-04-17T07:38:33+00:00\" \/>\n<meta property=\"og:image\" content=\"https:\/\/startercultures.eu\/wp-content\/uploads\/2020\/07\/028mu-1.png\" \/>\n\t<meta property=\"og:image:width\" content=\"1250\" \/>\n\t<meta property=\"og:image:height\" content=\"1250\" \/>\n\t<meta property=\"og:image:type\" content=\"image\/png\" \/>\n<meta name=\"twitter:card\" content=\"summary_large_image\" \/>\n<meta name=\"twitter:label1\" content=\"Availability\" \/>\n\t<meta name=\"twitter:data1\" content=\"Vorr\u00e4tig\" \/>\n<script type=\"application\/ld+json\" class=\"yoast-schema-graph\">{\"@context\":\"https:\/\/schema.org\",\"@graph\":[{\"@type\":\"WebPage\",\"@id\":\"https:\/\/startercultures.eu\/de\/product\/fermentation-de\/bohnen-reis-korner\/natto-starterkulturen\/\",\"url\":\"https:\/\/startercultures.eu\/de\/product\/fermentation-de\/bohnen-reis-korner\/natto-starterkulturen\/\",\"name\":\"Natt\u014d-Starterkultur | machen Sie Ihr eigenes Natt\u014d - Startercultures.eu\",\"isPartOf\":{\"@id\":\"https:\/\/startercultures.eu\/de\/#website\"},\"primaryImageOfPage\":{\"@id\":\"https:\/\/startercultures.eu\/de\/product\/fermentation-de\/bohnen-reis-korner\/natto-starterkulturen\/#primaryimage\"},\"image\":{\"@id\":\"https:\/\/startercultures.eu\/de\/product\/fermentation-de\/bohnen-reis-korner\/natto-starterkulturen\/#primaryimage\"},\"thumbnailUrl\":\"https:\/\/startercultures.eu\/wp-content\/uploads\/2020\/07\/028mu-1.png\",\"datePublished\":\"2020-07-31T16:30:22+00:00\",\"dateModified\":\"2026-04-17T07:38:33+00:00\",\"description\":\"Natt\u014d ist ein japanisches Lebensmittel aus fermentierten Sojabohnen, hergestellt mit Bacillus subtilis var. Natto. Stellen Sie Ihr eigenes Natt\u014d mit unseren Starterkulturen her.\",\"breadcrumb\":{\"@id\":\"https:\/\/startercultures.eu\/de\/product\/fermentation-de\/bohnen-reis-korner\/natto-starterkulturen\/#breadcrumb\"},\"inLanguage\":\"de-DE\",\"potentialAction\":[{\"@type\":\"ReadAction\",\"target\":[\"https:\/\/startercultures.eu\/de\/product\/fermentation-de\/bohnen-reis-korner\/natto-starterkulturen\/\"]}]},{\"@type\":\"ImageObject\",\"inLanguage\":\"de-DE\",\"@id\":\"https:\/\/startercultures.eu\/de\/product\/fermentation-de\/bohnen-reis-korner\/natto-starterkulturen\/#primaryimage\",\"url\":\"https:\/\/startercultures.eu\/wp-content\/uploads\/2020\/07\/028mu-1.png\",\"contentUrl\":\"https:\/\/startercultures.eu\/wp-content\/uploads\/2020\/07\/028mu-1.png\",\"width\":1250,\"height\":1250,\"caption\":\"Natt\u014d\"},{\"@type\":\"BreadcrumbList\",\"@id\":\"https:\/\/startercultures.eu\/de\/product\/fermentation-de\/bohnen-reis-korner\/natto-starterkulturen\/#breadcrumb\",\"itemListElement\":[{\"@type\":\"ListItem\",\"position\":1,\"name\":\"Home\",\"item\":\"https:\/\/startercultures.eu\/de\/\"},{\"@type\":\"ListItem\",\"position\":2,\"name\":\"Shop\",\"item\":\"https:\/\/startercultures.eu\/shop\/\"},{\"@type\":\"ListItem\",\"position\":3,\"name\":\"Natt\u014d-Starterkultur | machen Sie Ihr eigenes Natt\u014d\"}]},{\"@type\":\"WebSite\",\"@id\":\"https:\/\/startercultures.eu\/de\/#website\",\"url\":\"https:\/\/startercultures.eu\/de\/\",\"name\":\"Startercultures.eu\",\"description\":\"Startercultures.eu\",\"publisher\":{\"@id\":\"https:\/\/startercultures.eu\/de\/#organization\"},\"potentialAction\":[{\"@type\":\"SearchAction\",\"target\":{\"@type\":\"EntryPoint\",\"urlTemplate\":\"https:\/\/startercultures.eu\/de\/?s={search_term_string}\"},\"query-input\":{\"@type\":\"PropertyValueSpecification\",\"valueRequired\":true,\"valueName\":\"search_term_string\"}}],\"inLanguage\":\"de-DE\"},{\"@type\":\"Organization\",\"@id\":\"https:\/\/startercultures.eu\/de\/#organization\",\"name\":\"Startercultures.eu\",\"url\":\"https:\/\/startercultures.eu\/de\/\",\"logo\":{\"@type\":\"ImageObject\",\"inLanguage\":\"de-DE\",\"@id\":\"https:\/\/startercultures.eu\/de\/#\/schema\/logo\/image\/\",\"url\":\"https:\/\/startercultures.eu\/wp-content\/uploads\/2020\/08\/startercultures-eu-nl-logo-rond-rgb.png\",\"contentUrl\":\"https:\/\/startercultures.eu\/wp-content\/uploads\/2020\/08\/startercultures-eu-nl-logo-rond-rgb.png\",\"width\":320,\"height\":320,\"caption\":\"Startercultures.eu\"},\"image\":{\"@id\":\"https:\/\/startercultures.eu\/de\/#\/schema\/logo\/image\/\"},\"sameAs\":[\"https:\/\/www.facebook.com\/startercultureseu\",\"https:\/\/www.instagram.com\/startercultures.eu\/\"]}]}<\/script>\n<meta property=\"og:availability\" content=\"instock\" \/>\n<meta property=\"product:availability\" content=\"instock\" \/>\n<meta property=\"product:retailer_item_id\" content=\"270\" \/>\n<meta property=\"product:condition\" content=\"new\" \/>\n<!-- \/ Yoast SEO plugin. -->","yoast_head_json":{"title":"Natt\u014d-Starterkultur | machen Sie Ihr eigenes Natt\u014d - Startercultures.eu","description":"Natt\u014d ist ein japanisches Lebensmittel aus fermentierten Sojabohnen, hergestellt mit Bacillus subtilis var. Natto. Stellen Sie Ihr eigenes Natt\u014d mit unseren Starterkulturen her.","robots":{"index":"index","follow":"follow","max-snippet":"max-snippet:-1","max-image-preview":"max-image-preview:large","max-video-preview":"max-video-preview:-1"},"canonical":"https:\/\/startercultures.eu\/de\/product\/fermentation-de\/bohnen-reis-korner\/natto-starterkulturen\/","og_locale":"de_DE","og_type":"article","og_title":"Natt\u014d-Starterkultur | machen Sie Ihr eigenes Natt\u014d - Startercultures.eu","og_description":"Natt\u014d ist ein japanisches Lebensmittel aus fermentierten Sojabohnen, hergestellt mit Bacillus subtilis var. Natto. Stellen Sie Ihr eigenes Natt\u014d mit unseren Starterkulturen her.","og_url":"https:\/\/startercultures.eu\/de\/product\/fermentation-de\/bohnen-reis-korner\/natto-starterkulturen\/","og_site_name":"Startercultures.eu","article_publisher":"https:\/\/www.facebook.com\/startercultureseu","article_modified_time":"2026-04-17T07:38:33+00:00","og_image":[{"width":1250,"height":1250,"url":"https:\/\/startercultures.eu\/wp-content\/uploads\/2020\/07\/028mu-1.png","type":"image\/png"}],"twitter_card":"summary_large_image","twitter_misc":{"Availability":"Vorr\u00e4tig"},"schema":{"@context":"https:\/\/schema.org","@graph":[{"@type":"WebPage","@id":"https:\/\/startercultures.eu\/de\/product\/fermentation-de\/bohnen-reis-korner\/natto-starterkulturen\/","url":"https:\/\/startercultures.eu\/de\/product\/fermentation-de\/bohnen-reis-korner\/natto-starterkulturen\/","name":"Natt\u014d-Starterkultur | machen Sie Ihr eigenes Natt\u014d - Startercultures.eu","isPartOf":{"@id":"https:\/\/startercultures.eu\/de\/#website"},"primaryImageOfPage":{"@id":"https:\/\/startercultures.eu\/de\/product\/fermentation-de\/bohnen-reis-korner\/natto-starterkulturen\/#primaryimage"},"image":{"@id":"https:\/\/startercultures.eu\/de\/product\/fermentation-de\/bohnen-reis-korner\/natto-starterkulturen\/#primaryimage"},"thumbnailUrl":"https:\/\/startercultures.eu\/wp-content\/uploads\/2020\/07\/028mu-1.png","datePublished":"2020-07-31T16:30:22+00:00","dateModified":"2026-04-17T07:38:33+00:00","description":"Natt\u014d ist ein japanisches Lebensmittel aus fermentierten Sojabohnen, hergestellt mit Bacillus subtilis var. Natto. Stellen Sie Ihr eigenes Natt\u014d mit unseren Starterkulturen her.","breadcrumb":{"@id":"https:\/\/startercultures.eu\/de\/product\/fermentation-de\/bohnen-reis-korner\/natto-starterkulturen\/#breadcrumb"},"inLanguage":"de-DE","potentialAction":[{"@type":"ReadAction","target":["https:\/\/startercultures.eu\/de\/product\/fermentation-de\/bohnen-reis-korner\/natto-starterkulturen\/"]}]},{"@type":"ImageObject","inLanguage":"de-DE","@id":"https:\/\/startercultures.eu\/de\/product\/fermentation-de\/bohnen-reis-korner\/natto-starterkulturen\/#primaryimage","url":"https:\/\/startercultures.eu\/wp-content\/uploads\/2020\/07\/028mu-1.png","contentUrl":"https:\/\/startercultures.eu\/wp-content\/uploads\/2020\/07\/028mu-1.png","width":1250,"height":1250,"caption":"Natt\u014d"},{"@type":"BreadcrumbList","@id":"https:\/\/startercultures.eu\/de\/product\/fermentation-de\/bohnen-reis-korner\/natto-starterkulturen\/#breadcrumb","itemListElement":[{"@type":"ListItem","position":1,"name":"Home","item":"https:\/\/startercultures.eu\/de\/"},{"@type":"ListItem","position":2,"name":"Shop","item":"https:\/\/startercultures.eu\/shop\/"},{"@type":"ListItem","position":3,"name":"Natt\u014d-Starterkultur | machen Sie Ihr eigenes Natt\u014d"}]},{"@type":"WebSite","@id":"https:\/\/startercultures.eu\/de\/#website","url":"https:\/\/startercultures.eu\/de\/","name":"Startercultures.eu","description":"Startercultures.eu","publisher":{"@id":"https:\/\/startercultures.eu\/de\/#organization"},"potentialAction":[{"@type":"SearchAction","target":{"@type":"EntryPoint","urlTemplate":"https:\/\/startercultures.eu\/de\/?s={search_term_string}"},"query-input":{"@type":"PropertyValueSpecification","valueRequired":true,"valueName":"search_term_string"}}],"inLanguage":"de-DE"},{"@type":"Organization","@id":"https:\/\/startercultures.eu\/de\/#organization","name":"Startercultures.eu","url":"https:\/\/startercultures.eu\/de\/","logo":{"@type":"ImageObject","inLanguage":"de-DE","@id":"https:\/\/startercultures.eu\/de\/#\/schema\/logo\/image\/","url":"https:\/\/startercultures.eu\/wp-content\/uploads\/2020\/08\/startercultures-eu-nl-logo-rond-rgb.png","contentUrl":"https:\/\/startercultures.eu\/wp-content\/uploads\/2020\/08\/startercultures-eu-nl-logo-rond-rgb.png","width":320,"height":320,"caption":"Startercultures.eu"},"image":{"@id":"https:\/\/startercultures.eu\/de\/#\/schema\/logo\/image\/"},"sameAs":["https:\/\/www.facebook.com\/startercultureseu","https:\/\/www.instagram.com\/startercultures.eu\/"]}]},"og_availability":"instock","product_availability":"instock","product_retailer_item_id":"270","product_condition":"new"},"_links":{"self":[{"href":"https:\/\/startercultures.eu\/de\/wp-json\/wp\/v2\/product\/25209","targetHints":{"allow":["GET"]}}],"collection":[{"href":"https:\/\/startercultures.eu\/de\/wp-json\/wp\/v2\/product"}],"about":[{"href":"https:\/\/startercultures.eu\/de\/wp-json\/wp\/v2\/types\/product"}],"replies":[{"embeddable":true,"href":"https:\/\/startercultures.eu\/de\/wp-json\/wp\/v2\/comments?post=25209"}],"version-history":[{"count":6,"href":"https:\/\/startercultures.eu\/de\/wp-json\/wp\/v2\/product\/25209\/revisions"}],"predecessor-version":[{"id":62242,"href":"https:\/\/startercultures.eu\/de\/wp-json\/wp\/v2\/product\/25209\/revisions\/62242"}],"wp:featuredmedia":[{"embeddable":true,"href":"https:\/\/startercultures.eu\/de\/wp-json\/wp\/v2\/media\/25138"}],"wp:attachment":[{"href":"https:\/\/startercultures.eu\/de\/wp-json\/wp\/v2\/media?parent=25209"}],"wp:term":[{"taxonomy":"product_brand","embeddable":true,"href":"https:\/\/startercultures.eu\/de\/wp-json\/wp\/v2\/product_brand?post=25209"},{"taxonomy":"product_cat","embeddable":true,"href":"https:\/\/startercultures.eu\/de\/wp-json\/wp\/v2\/product_cat?post=25209"},{"taxonomy":"product_tag","embeddable":true,"href":"https:\/\/startercultures.eu\/de\/wp-json\/wp\/v2\/product_tag?post=25209"}],"curies":[{"name":"wp","href":"https:\/\/api.w.org\/{rel}","templated":true}]}}