{"id":25211,"date":"2020-07-31T16:37:12","date_gmt":"2020-07-31T16:37:12","guid":{"rendered":"https:\/\/startercultures.eu\/product\/unkategorisiert\/calciumchlorid-fuer-die-kaeseherstellung-zu-hause\/"},"modified":"2026-04-10T15:33:23","modified_gmt":"2026-04-10T13:33:23","slug":"calcium-chlorid","status":"publish","type":"product","link":"https:\/\/startercultures.eu\/de\/product\/fermentation-de\/molkerei\/kase\/calcium-chlorid\/","title":{"rendered":"Calciumchlorid | f\u00fcr die K\u00e4seherstellung zu Hause"},"content":{"rendered":"<h3>Was ist Calciumchlorid?<\/h3>\n<p>Das Mineral Calciumchlorid (CaCl2, E509) ist ein h\u00e4ufig verwendeter Zusatzstoff f\u00fcr die K\u00e4seherstellung. Kalzium sorgt daf\u00fcr, dass wesentliche Bestandteile der Milch zu K\u00e4se gerinnen k\u00f6nnen. Es stellt das Kalziumgleichgewicht der Milch wieder her. Durch den Zusatz wird auch die Wirkung des Labs verst\u00e4rkt. Ohne Calciumchlorid kann man aus pasteurisierter Milch keinen K\u00e4se herstellen.<\/p>\n<h3>Andere Anwendungen<\/h3>\n<p>Chloride verleihen dem Bier einen weichen, vollmundigen und s\u00fc\u00dfen Geschmack, w\u00e4hrend das Kalzium zur Ausflockung der Proteine und zur Stabilisierung des Geschmacks beitr\u00e4gt.<\/p>\n<p>Es kann auch als Gerinnungsmittel f\u00fcr die Tofuherstellung verwendet werden.<\/p>\n<p data-start=\"161\" data-end=\"240\">Bitte seien Sie vorsichtig bei verd\u00e4chtig g\u00fcnstigem Calciumchlorid im Internet! Calciumchlorid ist auch in technischer Qualit\u00e4t erh\u00e4ltlich (z.\u202fB. zum Enteisen von Stra\u00dfen im Winter) oder in Lebensmittelqualit\u00e4t mit niedrigerer Konzentration.<\/p>\n<p data-start=\"405\" data-end=\"634\">Unser Calciumchlorid ist ein gereinigtes Produkt in Lebensmittelqualit\u00e4t, das speziell f\u00fcr den Einsatz in der Milchverarbeitung entwickelt wurde. Es verf\u00fcgt \u00fcber alle erforderlichen Zertifikate und Nachweise. Konzentration: 99 %.<\/p>\n<p data-start=\"122\" data-end=\"159\"><strong data-start=\"122\" data-end=\"136\">Dosierung:<\/strong><br data-start=\"136\" data-end=\"139\" \/>1\u20132 g pro 10 L Milch<\/p>\n<h3>Wie funktioniert Calciumchlorid bei der K\u00e4seherstellung?<\/h3>\n<p>Es erh\u00f6ht den Kalziumgehalt und damit die Gerinnungsbereitschaft der pasteurisierten Milch. Das ist bei Rohmilch nicht notwendig, aber hilfreich.<\/p>\n<h3>Wie viel braucht man?<\/h3>\n<p>Die empfohlene Dosierung betr\u00e4gt 2,5 ml auf 10 Liter Milch.<\/p>\n<p>Es wird in der Regel der Milch zugesetzt, bevor der Prozess der K\u00e4seherstellung beginnt. L\u00f6sen Sie es langsam unter R\u00fchren in der Milch auf, bis es vollst\u00e4ndig aufgel\u00f6st ist, und f\u00fcgen Sie dann Bakterien und Lab hinzu.<\/p>\n<h3>Dosierung der Calciumchlorid bei der Tofuherstellung<\/h3>\n<p>Zur Verwendung als Koagulationsmittel: 1-1,5 Gramm pro 100 Gramm trockener Sojabohnen<\/p>\n<h3>Inhalt<\/h3>\n<ul>\n<li>100 ml<\/li>\n<li>Inhaltsstoffe: Calciumchlorid (E509): <strong data-start=\"47\" data-end=\"120\">Konzentration: 99 % \u2013 Calciumchlorid speziell f\u00fcr die K\u00e4seherstellung<\/strong><\/li>\n<li>Hergestellt in Belgien<\/li>\n<li>Allergene: keine<\/li>\n<\/ul>\n<h3>Anweisungen zur Lagerung<\/h3>\n<ul>\n<li>Dunkel und k\u00fchl<\/li>\n<\/ul>\n<h3 data-fontsize=\"21\" data-lineheight=\"27.3px\">Calciumchlorid kaufen?<\/h3>\n<p>Bestellen Sie es bei startercultures.eu, dem europ\u00e4ischen Webshop f\u00fcr alle Ihre Fermentationsbed\u00fcrfnisse. Von Meneer Wateetons, dem bekannten niederl\u00e4ndischen G\u00e4rungsexperten und Autor. Bestellen Sie werktags vor 15 Uhr und wir liefern noch am selben Tag. Fragen zur Verwendung des Tofu-Starterkits? Fragen Sie in unserem Chat, wir helfen Ihnen gerne!<\/p>\n<h3>Online-Workshop &#8220;Veganen K\u00e4se zu Hause herstellen&#8221; (mit Untertiteln)<\/h3>\n<p>In <a href=\"https:\/\/startercultures.eu\/product\/vegan-main\/vegan-dairy\/online-english-subtitled-vegan-cheese-workshop\/\" target=\"_blank\" rel=\"noopener\">diesem Workshop mit englischen Untertiteln<\/a> lernen Sie die Theorie und Praxis der Herstellung von veganem K\u00e4se<img decoding=\"async\" class=\"lazyload  wp-image-24266 alignright\" src=\"https:\/\/startercultures.eu\/wp-content\/uploads\/2021\/06\/Vegan-cheese-starter-kit-300x222.png\" data-orig-src=\"https:\/\/startercultures.eu\/wp-content\/uploads\/2021\/06\/Vegan-cheese-starter-kit-300x222.png\" alt=\"vegan blue cheese starter kit\" width=\"219\" height=\"162\" srcset=\"data:image\/svg+xml,%3Csvg%20xmlns%3D%27http%3A%2F%2Fwww.w3.org%2F2000%2Fsvg%27%20width%3D%27219%27%20height%3D%27162%27%20viewBox%3D%270%200%20219%20162%27%3E%3Crect%20width%3D%27219%27%20height%3D%27162%27%20fill-opacity%3D%220%22%2F%3E%3C%2Fsvg%3E\" data-srcset=\"https:\/\/startercultures.eu\/wp-content\/uploads\/2021\/06\/Vegan-cheese-starter-kit-200x148.png 200w, https:\/\/startercultures.eu\/wp-content\/uploads\/2021\/06\/Vegan-cheese-starter-kit-300x222.png 300w, https:\/\/startercultures.eu\/wp-content\/uploads\/2021\/06\/Vegan-cheese-starter-kit-400x296.png 400w, https:\/\/startercultures.eu\/wp-content\/uploads\/2021\/06\/Vegan-cheese-starter-kit-500x370.png 500w, https:\/\/startercultures.eu\/wp-content\/uploads\/2021\/06\/Vegan-cheese-starter-kit-600x445.png 600w, https:\/\/startercultures.eu\/wp-content\/uploads\/2021\/06\/Vegan-cheese-starter-kit-700x519.png 700w, https:\/\/startercultures.eu\/wp-content\/uploads\/2021\/06\/Vegan-cheese-starter-kit-768x569.png 768w, https:\/\/startercultures.eu\/wp-content\/uploads\/2021\/06\/Vegan-cheese-starter-kit-800x593.png 800w, https:\/\/startercultures.eu\/wp-content\/uploads\/2021\/06\/Vegan-cheese-starter-kit-1024x759.png 1024w, https:\/\/startercultures.eu\/wp-content\/uploads\/2021\/06\/Vegan-cheese-starter-kit.png 1200w\" data-sizes=\"auto\" data-orig-sizes=\"(max-width: 219px) 100vw, 219px\" \/>s zu Hause, wobei der Schwerpunkt auf veganem Camembert und veganem Blauschimmelk\u00e4se liegt. Foodwriter <a href=\"https:\/\/wateetons.com\/\" target=\"_blank\" rel=\"noopener\">&#8216;Meneer Wateetons&#8217;<\/a>, Autor mehrerer B\u00fccher \u00fcber Fermentierung und alternative Lebensmittelzubereitungstechniken, wird Ihnen alles \u00fcber Fermentierung, P\u00f6kelsalze, Lebensmittelsicherheit, <a href=\"https:\/\/en.wikipedia.org\/wiki\/PH\" target=\"_blank\" rel=\"noopener\">pH-Wert<\/a>, Starterkulturen, Schimmelpilze und Trocknungsbedingungen beibringen. Klicken Sie <a href=\"https:\/\/startercultures.eu\/product\/vegan-main\/vegan-dairy\/online-english-subtitled-vegan-cheese-workshop\/\" target=\"_blank\" rel=\"noopener\">hier<\/a> f\u00fcr weitere Informationen.<\/p>\n","protected":false},"excerpt":{"rendered":"<p>Calciumchlorid stellt das Calciumgleichgewicht der Milch wieder her. Ohne Calciumchlorid kann man aus pasteurisierter Milch keinen K\u00e4se herstellen.<\/p>\n","protected":false},"featured_media":25646,"comment_status":"open","ping_status":"closed","template":"","meta":{"_acf_changed":false,"footnotes":""},"product_brand":[],"product_cat":[704,646,647,746,680,678,724],"product_tag":[],"class_list":{"0":"post-25211","1":"product","2":"type-product","3":"status-publish","4":"has-post-thumbnail","6":"product_cat-bohnen-reis-korner","7":"product_cat-kase","8":"product_cat-starterkulturen","9":"product_cat-starterkulteren-de-6","10":"product_cat-vegane-milchprodukte","11":"product_cat-veganer-kase","12":"product_cat-zusatzstoffe-de","13":"pa_ean-8720297621338-de","15":"first","16":"instock","17":"taxable","18":"shipping-taxable","19":"purchasable","20":"product-type-simple"},"acf":[],"yoast_head":"<!-- This site is optimized with the Yoast SEO plugin v26.6 - https:\/\/yoast.com\/wordpress\/plugins\/seo\/ -->\n<title>Calciumchlorid | f\u00fcr die K\u00e4seherstellung zu Hause - Startercultures.eu<\/title>\n<meta name=\"description\" content=\"Calciumchlorid stellt das Calciumgleichgewicht der Milch wieder her. Notwendig f\u00fcr die Herstellung von K\u00e4se aus pasteurisierter Milch. Auch f\u00fcr die Herstellung von Tofu. Kaufen Sie es hier.\" \/>\n<meta name=\"robots\" content=\"index, follow, max-snippet:-1, max-image-preview:large, max-video-preview:-1\" \/>\n<link rel=\"canonical\" href=\"https:\/\/startercultures.eu\/de\/product\/fermentation-de\/molkerei\/kase\/calcium-chlorid\/\" \/>\n<meta property=\"og:locale\" content=\"de_DE\" \/>\n<meta property=\"og:type\" content=\"article\" \/>\n<meta property=\"og:title\" content=\"Calciumchlorid | f\u00fcr die K\u00e4seherstellung zu Hause - Startercultures.eu\" \/>\n<meta property=\"og:description\" content=\"Calciumchlorid stellt das Calciumgleichgewicht der Milch wieder her. Notwendig f\u00fcr die Herstellung von K\u00e4se aus pasteurisierter Milch. Auch f\u00fcr die Herstellung von Tofu. Kaufen Sie es hier.\" \/>\n<meta property=\"og:url\" content=\"https:\/\/startercultures.eu\/de\/product\/fermentation-de\/molkerei\/kase\/calcium-chlorid\/\" \/>\n<meta property=\"og:site_name\" content=\"Startercultures.eu\" \/>\n<meta property=\"article:publisher\" content=\"https:\/\/www.facebook.com\/startercultureseu\" \/>\n<meta property=\"article:modified_time\" content=\"2026-04-10T13:33:23+00:00\" \/>\n<meta property=\"og:image\" content=\"https:\/\/startercultures.eu\/wp-content\/uploads\/2020\/07\/calcium-chloride-10-g-small-1.png\" \/>\n\t<meta property=\"og:image:width\" content=\"750\" \/>\n\t<meta property=\"og:image:height\" content=\"750\" \/>\n\t<meta property=\"og:image:type\" content=\"image\/png\" \/>\n<meta name=\"twitter:card\" content=\"summary_large_image\" \/>\n<meta name=\"twitter:label1\" content=\"Price\" \/>\n\t<meta name=\"twitter:data1\" content=\"9,99\" \/>\n\t<meta name=\"twitter:label2\" content=\"Availability\" \/>\n\t<meta name=\"twitter:data2\" content=\"Vorr\u00e4tig\" \/>\n<script type=\"application\/ld+json\" class=\"yoast-schema-graph\">{\"@context\":\"https:\/\/schema.org\",\"@graph\":[{\"@type\":\"WebPage\",\"@id\":\"https:\/\/startercultures.eu\/de\/product\/fermentation-de\/molkerei\/kase\/calcium-chlorid\/\",\"url\":\"https:\/\/startercultures.eu\/de\/product\/fermentation-de\/molkerei\/kase\/calcium-chlorid\/\",\"name\":\"Calciumchlorid | f\u00fcr die K\u00e4seherstellung zu Hause - Startercultures.eu\",\"isPartOf\":{\"@id\":\"https:\/\/startercultures.eu\/de\/#website\"},\"primaryImageOfPage\":{\"@id\":\"https:\/\/startercultures.eu\/de\/product\/fermentation-de\/molkerei\/kase\/calcium-chlorid\/#primaryimage\"},\"image\":{\"@id\":\"https:\/\/startercultures.eu\/de\/product\/fermentation-de\/molkerei\/kase\/calcium-chlorid\/#primaryimage\"},\"thumbnailUrl\":\"https:\/\/startercultures.eu\/wp-content\/uploads\/2020\/07\/calcium-chloride-10-g-small-1.png\",\"datePublished\":\"2020-07-31T16:37:12+00:00\",\"dateModified\":\"2026-04-10T13:33:23+00:00\",\"description\":\"Calciumchlorid stellt das Calciumgleichgewicht der Milch wieder her. Notwendig f\u00fcr die Herstellung von K\u00e4se aus pasteurisierter Milch. Auch f\u00fcr die Herstellung von Tofu. Kaufen Sie es hier.\",\"breadcrumb\":{\"@id\":\"https:\/\/startercultures.eu\/de\/product\/fermentation-de\/molkerei\/kase\/calcium-chlorid\/#breadcrumb\"},\"inLanguage\":\"de-DE\",\"potentialAction\":[{\"@type\":\"ReadAction\",\"target\":[\"https:\/\/startercultures.eu\/de\/product\/fermentation-de\/molkerei\/kase\/calcium-chlorid\/\"]}]},{\"@type\":\"ImageObject\",\"inLanguage\":\"de-DE\",\"@id\":\"https:\/\/startercultures.eu\/de\/product\/fermentation-de\/molkerei\/kase\/calcium-chlorid\/#primaryimage\",\"url\":\"https:\/\/startercultures.eu\/wp-content\/uploads\/2020\/07\/calcium-chloride-10-g-small-1.png\",\"contentUrl\":\"https:\/\/startercultures.eu\/wp-content\/uploads\/2020\/07\/calcium-chloride-10-g-small-1.png\",\"width\":750,\"height\":750,\"caption\":\"calcium chloride\"},{\"@type\":\"BreadcrumbList\",\"@id\":\"https:\/\/startercultures.eu\/de\/product\/fermentation-de\/molkerei\/kase\/calcium-chlorid\/#breadcrumb\",\"itemListElement\":[{\"@type\":\"ListItem\",\"position\":1,\"name\":\"Home\",\"item\":\"https:\/\/startercultures.eu\/de\/\"},{\"@type\":\"ListItem\",\"position\":2,\"name\":\"Shop\",\"item\":\"https:\/\/startercultures.eu\/shop\/\"},{\"@type\":\"ListItem\",\"position\":3,\"name\":\"Calciumchlorid | f\u00fcr die K\u00e4seherstellung zu Hause\"}]},{\"@type\":\"WebSite\",\"@id\":\"https:\/\/startercultures.eu\/de\/#website\",\"url\":\"https:\/\/startercultures.eu\/de\/\",\"name\":\"Startercultures.eu\",\"description\":\"Startercultures.eu\",\"publisher\":{\"@id\":\"https:\/\/startercultures.eu\/de\/#organization\"},\"potentialAction\":[{\"@type\":\"SearchAction\",\"target\":{\"@type\":\"EntryPoint\",\"urlTemplate\":\"https:\/\/startercultures.eu\/de\/?s={search_term_string}\"},\"query-input\":{\"@type\":\"PropertyValueSpecification\",\"valueRequired\":true,\"valueName\":\"search_term_string\"}}],\"inLanguage\":\"de-DE\"},{\"@type\":\"Organization\",\"@id\":\"https:\/\/startercultures.eu\/de\/#organization\",\"name\":\"Startercultures.eu\",\"url\":\"https:\/\/startercultures.eu\/de\/\",\"logo\":{\"@type\":\"ImageObject\",\"inLanguage\":\"de-DE\",\"@id\":\"https:\/\/startercultures.eu\/de\/#\/schema\/logo\/image\/\",\"url\":\"https:\/\/startercultures.eu\/wp-content\/uploads\/2020\/08\/startercultures-eu-nl-logo-rond-rgb.png\",\"contentUrl\":\"https:\/\/startercultures.eu\/wp-content\/uploads\/2020\/08\/startercultures-eu-nl-logo-rond-rgb.png\",\"width\":320,\"height\":320,\"caption\":\"Startercultures.eu\"},\"image\":{\"@id\":\"https:\/\/startercultures.eu\/de\/#\/schema\/logo\/image\/\"},\"sameAs\":[\"https:\/\/www.facebook.com\/startercultureseu\",\"https:\/\/www.instagram.com\/startercultures.eu\/\"]}]}<\/script>\n<meta property=\"product:price:amount\" content=\"9.99\" \/>\n<meta property=\"product:price:currency\" content=\"EUR\" \/>\n<meta property=\"og:availability\" content=\"instock\" \/>\n<meta property=\"product:availability\" content=\"instock\" \/>\n<meta property=\"product:retailer_item_id\" content=\"136\" \/>\n<meta property=\"product:condition\" content=\"new\" \/>\n<!-- \/ Yoast SEO plugin. -->","yoast_head_json":{"title":"Calciumchlorid | f\u00fcr die K\u00e4seherstellung zu Hause - Startercultures.eu","description":"Calciumchlorid stellt das Calciumgleichgewicht der Milch wieder her. Notwendig f\u00fcr die Herstellung von K\u00e4se aus pasteurisierter Milch. Auch f\u00fcr die Herstellung von Tofu. Kaufen Sie es hier.","robots":{"index":"index","follow":"follow","max-snippet":"max-snippet:-1","max-image-preview":"max-image-preview:large","max-video-preview":"max-video-preview:-1"},"canonical":"https:\/\/startercultures.eu\/de\/product\/fermentation-de\/molkerei\/kase\/calcium-chlorid\/","og_locale":"de_DE","og_type":"article","og_title":"Calciumchlorid | f\u00fcr die K\u00e4seherstellung zu Hause - Startercultures.eu","og_description":"Calciumchlorid stellt das Calciumgleichgewicht der Milch wieder her. Notwendig f\u00fcr die Herstellung von K\u00e4se aus pasteurisierter Milch. Auch f\u00fcr die Herstellung von Tofu. Kaufen Sie es hier.","og_url":"https:\/\/startercultures.eu\/de\/product\/fermentation-de\/molkerei\/kase\/calcium-chlorid\/","og_site_name":"Startercultures.eu","article_publisher":"https:\/\/www.facebook.com\/startercultureseu","article_modified_time":"2026-04-10T13:33:23+00:00","og_image":[{"width":750,"height":750,"url":"https:\/\/startercultures.eu\/wp-content\/uploads\/2020\/07\/calcium-chloride-10-g-small-1.png","type":"image\/png"}],"twitter_card":"summary_large_image","twitter_misc":{"Price":"9,99","Availability":"Vorr\u00e4tig"},"schema":{"@context":"https:\/\/schema.org","@graph":[{"@type":"WebPage","@id":"https:\/\/startercultures.eu\/de\/product\/fermentation-de\/molkerei\/kase\/calcium-chlorid\/","url":"https:\/\/startercultures.eu\/de\/product\/fermentation-de\/molkerei\/kase\/calcium-chlorid\/","name":"Calciumchlorid | f\u00fcr die K\u00e4seherstellung zu Hause - Startercultures.eu","isPartOf":{"@id":"https:\/\/startercultures.eu\/de\/#website"},"primaryImageOfPage":{"@id":"https:\/\/startercultures.eu\/de\/product\/fermentation-de\/molkerei\/kase\/calcium-chlorid\/#primaryimage"},"image":{"@id":"https:\/\/startercultures.eu\/de\/product\/fermentation-de\/molkerei\/kase\/calcium-chlorid\/#primaryimage"},"thumbnailUrl":"https:\/\/startercultures.eu\/wp-content\/uploads\/2020\/07\/calcium-chloride-10-g-small-1.png","datePublished":"2020-07-31T16:37:12+00:00","dateModified":"2026-04-10T13:33:23+00:00","description":"Calciumchlorid stellt das Calciumgleichgewicht der Milch wieder her. Notwendig f\u00fcr die Herstellung von K\u00e4se aus pasteurisierter Milch. Auch f\u00fcr die Herstellung von Tofu. Kaufen Sie es hier.","breadcrumb":{"@id":"https:\/\/startercultures.eu\/de\/product\/fermentation-de\/molkerei\/kase\/calcium-chlorid\/#breadcrumb"},"inLanguage":"de-DE","potentialAction":[{"@type":"ReadAction","target":["https:\/\/startercultures.eu\/de\/product\/fermentation-de\/molkerei\/kase\/calcium-chlorid\/"]}]},{"@type":"ImageObject","inLanguage":"de-DE","@id":"https:\/\/startercultures.eu\/de\/product\/fermentation-de\/molkerei\/kase\/calcium-chlorid\/#primaryimage","url":"https:\/\/startercultures.eu\/wp-content\/uploads\/2020\/07\/calcium-chloride-10-g-small-1.png","contentUrl":"https:\/\/startercultures.eu\/wp-content\/uploads\/2020\/07\/calcium-chloride-10-g-small-1.png","width":750,"height":750,"caption":"calcium chloride"},{"@type":"BreadcrumbList","@id":"https:\/\/startercultures.eu\/de\/product\/fermentation-de\/molkerei\/kase\/calcium-chlorid\/#breadcrumb","itemListElement":[{"@type":"ListItem","position":1,"name":"Home","item":"https:\/\/startercultures.eu\/de\/"},{"@type":"ListItem","position":2,"name":"Shop","item":"https:\/\/startercultures.eu\/shop\/"},{"@type":"ListItem","position":3,"name":"Calciumchlorid | f\u00fcr die K\u00e4seherstellung zu Hause"}]},{"@type":"WebSite","@id":"https:\/\/startercultures.eu\/de\/#website","url":"https:\/\/startercultures.eu\/de\/","name":"Startercultures.eu","description":"Startercultures.eu","publisher":{"@id":"https:\/\/startercultures.eu\/de\/#organization"},"potentialAction":[{"@type":"SearchAction","target":{"@type":"EntryPoint","urlTemplate":"https:\/\/startercultures.eu\/de\/?s={search_term_string}"},"query-input":{"@type":"PropertyValueSpecification","valueRequired":true,"valueName":"search_term_string"}}],"inLanguage":"de-DE"},{"@type":"Organization","@id":"https:\/\/startercultures.eu\/de\/#organization","name":"Startercultures.eu","url":"https:\/\/startercultures.eu\/de\/","logo":{"@type":"ImageObject","inLanguage":"de-DE","@id":"https:\/\/startercultures.eu\/de\/#\/schema\/logo\/image\/","url":"https:\/\/startercultures.eu\/wp-content\/uploads\/2020\/08\/startercultures-eu-nl-logo-rond-rgb.png","contentUrl":"https:\/\/startercultures.eu\/wp-content\/uploads\/2020\/08\/startercultures-eu-nl-logo-rond-rgb.png","width":320,"height":320,"caption":"Startercultures.eu"},"image":{"@id":"https:\/\/startercultures.eu\/de\/#\/schema\/logo\/image\/"},"sameAs":["https:\/\/www.facebook.com\/startercultureseu","https:\/\/www.instagram.com\/startercultures.eu\/"]}]},"product_price_amount":"9.99","product_price_currency":"EUR","og_availability":"instock","product_availability":"instock","product_retailer_item_id":"136","product_condition":"new"},"_links":{"self":[{"href":"https:\/\/startercultures.eu\/de\/wp-json\/wp\/v2\/product\/25211","targetHints":{"allow":["GET"]}}],"collection":[{"href":"https:\/\/startercultures.eu\/de\/wp-json\/wp\/v2\/product"}],"about":[{"href":"https:\/\/startercultures.eu\/de\/wp-json\/wp\/v2\/types\/product"}],"replies":[{"embeddable":true,"href":"https:\/\/startercultures.eu\/de\/wp-json\/wp\/v2\/comments?post=25211"}],"version-history":[{"count":3,"href":"https:\/\/startercultures.eu\/de\/wp-json\/wp\/v2\/product\/25211\/revisions"}],"predecessor-version":[{"id":73167,"href":"https:\/\/startercultures.eu\/de\/wp-json\/wp\/v2\/product\/25211\/revisions\/73167"}],"wp:featuredmedia":[{"embeddable":true,"href":"https:\/\/startercultures.eu\/de\/wp-json\/wp\/v2\/media\/25646"}],"wp:attachment":[{"href":"https:\/\/startercultures.eu\/de\/wp-json\/wp\/v2\/media?parent=25211"}],"wp:term":[{"taxonomy":"product_brand","embeddable":true,"href":"https:\/\/startercultures.eu\/de\/wp-json\/wp\/v2\/product_brand?post=25211"},{"taxonomy":"product_cat","embeddable":true,"href":"https:\/\/startercultures.eu\/de\/wp-json\/wp\/v2\/product_cat?post=25211"},{"taxonomy":"product_tag","embeddable":true,"href":"https:\/\/startercultures.eu\/de\/wp-json\/wp\/v2\/product_tag?post=25211"}],"curies":[{"name":"wp","href":"https:\/\/api.w.org\/{rel}","templated":true}]}}