{"id":25212,"date":"2020-07-31T16:37:07","date_gmt":"2020-07-31T16:37:07","guid":{"rendered":"https:\/\/startercultures.eu\/product\/unkategorisiert\/jun-scoby-getestet-und-garantiert-sicher\/"},"modified":"2026-02-03T22:17:27","modified_gmt":"2026-02-03T21:17:27","slug":"bio-garantiert-sicher-jun-scoby","status":"publish","type":"product","link":"https:\/\/startercultures.eu\/de\/product\/fermentation-de\/sodas\/bio-garantiert-sicher-jun-scoby\/","title":{"rendered":"Jun SCOBY"},"content":{"rendered":"<h3>Was ist Jun<\/h3>\n<p>Jun-Tee oder Jun ist ein nat\u00fcrlich prickelndes fermentiertes Getr\u00e4nk aus gr\u00fcnem Tee und Honig. Er ist \u00e4hnlich wie Kombucha und ben\u00f6tigt wie dieser eine SCOBY (symbiotische Kultur aus Bakterien und Hefen) zur Herstellung.<\/p>\n<p>Wenn Sie jun-SCOBY in mit Honig ges\u00fc\u00dften gr\u00fcnen Tee geben, vermehren sich die Bakterien und Hefen und verwandeln Ihr Getr\u00e4nk in ein lebendiges, probiotisches, prickelndes Erfrischungsgetr\u00e4nk, das leicht sauer und leicht s\u00fc\u00df schmeckt.<\/p>\n<p>Wie Kombucha, Wasserkefir und andere fermentierte Getr\u00e4nke k\u00f6nnen Sie Jun eine zweite Flascheng\u00e4rung zukommen lassen, damit er sprudelt. Die erste G\u00e4rung findet in einem offenen Gef\u00e4\u00df statt, das nur mit einem Tuch verschlossen ist. Die zweite G\u00e4rung findet in einer verschlossenen, druckfesten Flasche statt, in der die Kohlens\u00e4ure, die das Gebr\u00e4u prickelnd macht, erhalten bleibt.<\/p>\n<h3>Was ist der Unterschied zwischen Kombucha und Jun<\/h3>\n<p>Jun wird mit gr\u00fcnem Tee und Honig hergestellt, Kombucha mit schwarzem Tee und Zucker. Das jun scoby ist viel heller und sieht fast wei\u00df aus. Er fermentiert etwas schneller als Kombucha. Wahrscheinlich, weil der Honig von den Mikroben, die sich in der Scoby befinden, viel schneller abgebaut wird als Zucker. Der Jun-Tee selbst hat eine viel hellere Farbe als Kombucha, der oft recht dunkel ist. Der Alkoholgehalt von Jun-Tee kann etwas h\u00f6her sein als der von Kombucha! Jun-Tee kann bis zu 2 % Alkohol enthalten. Jun ist auch spezieller und seltener als Kombucha, man findet den kommerziellen Jun noch nicht in hippen Bars und Biol\u00e4den.<\/p>\n<h3>Woher kommt jun?<\/h3>\n<p>Es wird angenommen, dass der Jun-Tee aus dem Osten stammt. Die Legende besagt, dass er in Kl\u00f6stern gebraut und von M\u00f6nchen und Kriegern getrunken wurde, um das Wohlbefinden zu f\u00f6rdern und einen klaren Geist zu unterst\u00fctzen. Das ist wahrscheinlich ein Mythos. Tats\u00e4chlich wissen wir es einfach nicht. In Westtibet wird der Jun-Tee jedoch immer noch gebraut. Jun k\u00f6nnte also aus Tibet stammen und von Generation zu Generation von M\u00f6nchen und Einheimischen weitergegeben werden. Jun-Tee ist vielleicht der &#8220;urspr\u00fcngliche&#8221; Kombucha, da Zucker in der tibetischen Ebene vor langer Zeit schwer zu bekommen war, Honig dagegen leichter. Vielleicht wurde die Jun-Scoby aus Tibet entnommen und mit Zucker gebraut, der anderswo leichter erh\u00e4ltlich ist, und daraus wurde die Kombucha-Scoby. Die wichtigste Tatsache bleibt: Es ist lecker!<\/p>\n<h3>Kaufen Sie einen sicheren SCOBY<\/h3>\n<p>Die Herstellung von Kombucha und Jun ist sehr schmackhaft und macht Spa\u00df, ist aber nicht ganz risikofrei. In den 1990er Jahren gab es einige F\u00e4lle von akuten Vergiftungen durch den Genuss von Kombucha, und es wurden auch Berichte \u00fcber giftige Bakterien wie Bacillus anthracis (Milzbrand) bekannt. Deshalb sollten Sie einen SCOBY nicht irgendwo kaufen, sondern lieber bei einer zuverl\u00e4ssigen Quelle. <strong>Unsere SCOBYs sind getestet und garantiert frei von Krankheitserregern!<\/strong><\/p>\n<h3>Mikroorganismen<\/h3>\n<p>Keine zwei SCOBYs sind gleich, aber die folgenden Mikroben sind h\u00e4ufig zu finden. Hefen: Schizosaccharomyces pombe, Torulaspora delbrueckii und Zygosaccharomyces bailii. Sie finden auch verschiedene Candida- und Aspergillus-Hefen. Die in Kombucha am h\u00e4ufigsten vorkommenden Bakterien sind Bacterium xylinum, Bacterium gluconium und Acetobacter hetogenum.<\/p>\n<h3>Inhalt<\/h3>\n<ul>\n<li>1 getesteter Jun SCOBY<\/li>\n<li>100 ml jun Fl\u00fcssigkeit<\/li>\n<\/ul>\n<h3>Wie kann ich Jun machen?<\/h3>\n<p>Inhaltsstoffe<\/p>\n<ul>\n<li>Jun SCOBY mit der Fl\u00fcssigkeit<\/li>\n<li>900 ml Wasser<\/li>\n<li>5-10 g Tee (gr\u00fcn)<\/li>\n<li>60-100 Gramm Honig.<\/li>\n<\/ul>\n<p>Vorbereitung<\/p>\n<ol>\n<li>Sterilisieren Sie Ihr Gef\u00e4\u00df mit hei\u00dfem Wasser<\/li>\n<li>Kochen Sie das Wasser, l\u00f6sen Sie den Honig darin auf und lassen Sie den Tee ziehen, bis er eine w\u00fcrzige Farbe und einen w\u00fcrzigen Geschmack hat.<\/li>\n<li>Die Teebl\u00e4tter entfernen und auf Zimmertemperatur abk\u00fchlen lassen.<\/li>\n<li>F\u00fcgen Sie den SCOBY und die Feuchtigkeit zum Tee hinzu.<\/li>\n<li>Der Pilz liebt Sauerstoff, also Tuch dar\u00fcber und Gummiband drumherum.<\/li>\n<li>Jun kann in einem weiten Temperaturbereich hergestellt werden, so dass Raumtemperatur gut funktioniert, er bevorzugt eine etwas niedrigere Temperatur als Kombucha.<\/li>\n<li>3-5 Tage ohne direkte Sonneneinstrahlung g\u00e4ren lassen.<\/li>\n<li>Nach dem 7. Tag probieren Sie jeden Tag mit einem sauberen L\u00f6ffel, um festzustellen, ob Sie es m\u00f6gen.<\/li>\n<li>Nehmen Sie den SCOBY zusammen mit mindestens 100 ml Jun Tee heraus. In einem geschlossenen Glas im K\u00fchlschrank aufbewahren.<\/li>\n<li>Gie\u00dfen Sie den jun in eine (B\u00fcgel-)Flasche, PET-Flaschen oder Sektflaschen, wenn Sie einen sprudelnden Kombucha w\u00fcnschen. 1 bis 2 Teel\u00f6ffel Honig hinzuf\u00fcgen und weitere 2-3 Tage in einer geschlossenen Flasche g\u00e4ren lassen, dabei den Kombucha abpressen.<\/li>\n<li>Nach Belieben auf die gew\u00fcnschte Trinktemperatur abk\u00fchlen lassen.<\/li>\n<\/ol>\n<p>Die Zeiten h\u00e4ngen stark von der Temperatur und der Jahreszeit ab.<\/p>\n<h3>Englischsprachiger Online-Workshop &#8220;Miso selber machen<img decoding=\"async\" class=\"lazyload  wp-image-23963 alignright\" src=\"https:\/\/startercultures.eu\/wp-content\/uploads\/2020\/12\/fermentation-450-300x300.png\" data-orig-src=\"https:\/\/startercultures.eu\/wp-content\/uploads\/2020\/12\/fermentation-450-300x300.png\" alt=\"Fermentation workshops\" width=\"135\" height=\"135\" srcset=\"data:image\/svg+xml,%3Csvg%20xmlns%3D%27http%3A%2F%2Fwww.w3.org%2F2000%2Fsvg%27%20width%3D%27135%27%20height%3D%27135%27%20viewBox%3D%270%200%20135%20135%27%3E%3Crect%20width%3D%27135%27%20height%3D%27135%27%20fill-opacity%3D%220%22%2F%3E%3C%2Fsvg%3E\" data-srcset=\"https:\/\/startercultures.eu\/wp-content\/uploads\/2020\/12\/fermentation-450-66x66.png 66w, https:\/\/startercultures.eu\/wp-content\/uploads\/2020\/12\/fermentation-450-70x70.png 70w, https:\/\/startercultures.eu\/wp-content\/uploads\/2020\/12\/fermentation-450-100x100.png 100w, https:\/\/startercultures.eu\/wp-content\/uploads\/2020\/12\/fermentation-450-150x150.png 150w, https:\/\/startercultures.eu\/wp-content\/uploads\/2020\/12\/fermentation-450-200x200.png 200w, https:\/\/startercultures.eu\/wp-content\/uploads\/2020\/12\/fermentation-450-300x300.png 300w, https:\/\/startercultures.eu\/wp-content\/uploads\/2020\/12\/fermentation-450-400x401.png 400w, https:\/\/startercultures.eu\/wp-content\/uploads\/2020\/12\/fermentation-450.png 450w\" data-sizes=\"auto\" data-orig-sizes=\"(max-width: 135px) 100vw, 135px\" \/><\/h3>\n<p>In<a href=\"https:\/\/startercultures.eu\/product\/workshops-2\/online-on-demand-workshop-how-to-make-your-own-miso\/\" target=\"_blank\" rel=\"noopener\"> diesem Online-Meisterkurs<\/a> zeigt Ihnen der niederl\u00e4ndische Foodwriter und Fermentationsexperte Meneer Wateetons, wie Sie Ihr eigenes <a href=\"https:\/\/en.wikipedia.org\/wiki\/Miso\" target=\"_blank\" rel=\"noopener\">Miso<\/a> herstellen k\u00f6nnen. Durch eine besondere Form der Fermentation entsteht aus zwei sehr bescheidenen und eher langweiligen Zutaten eine der sch\u00f6nsten und komplexesten Substanzen der Welt. Herr Wateetons erz\u00e4hlt Ihnen genau, wie die Fermentation funktioniert und was Sie daf\u00fcr brauchen, wie Sie von nun an Miso zu Hause herstellen, wie Sie den Prozess der Miso-Herstellung beschleunigen, wie Sie diese beiden Grundzutaten endlos variieren und was f\u00fcr coole Sachen Sie mit Miso machen k\u00f6nnen. Klicken Sie <a href=\"https:\/\/startercultures.eu\/product\/workshops-2\/online-on-demand-workshop-how-to-make-your-own-miso\/\" target=\"_blank\" rel=\"noopener\">hier <\/a>f\u00fcr weitere Informationen.<\/p>\n","protected":false},"excerpt":{"rendered":"<p>Jun-Tee ist die mildere Schwester von Kombucha, die mit gr\u00fcnem Tee und Honig gebraut wird. Unsere Scoby&#8217;s sind getestet und absolut sicher.<\/p>\n","protected":false},"featured_media":24198,"comment_status":"open","ping_status":"closed","template":"","meta":{"_acf_changed":false,"footnotes":""},"product_brand":[],"product_cat":[726,688,687],"product_tag":[],"class_list":{"0":"post-25212","1":"product","2":"type-product","3":"status-publish","4":"has-post-thumbnail","6":"product_cat-sodas","7":"product_cat-starterkulturen-de-2","8":"product_cat-vegane-limonaden","9":"pa_ean-8720297620324-de","11":"first","12":"outofstock","13":"taxable","14":"shipping-taxable","15":"purchasable","16":"product-type-simple"},"acf":[],"yoast_head":"<!-- This site is optimized with the Yoast SEO plugin v26.6 - https:\/\/yoast.com\/wordpress\/plugins\/seo\/ -->\n<title>Jun SCOBY - Startercultures.eu<\/title>\n<meta name=\"description\" content=\"Jun-Tee ist die mildere Schwester von Kombucha, die mit gr\u00fcnem Tee und Honig gebraut wird. Unser Jun SCOBY ist getestet und absolut sicher.\" \/>\n<meta name=\"robots\" content=\"index, follow, max-snippet:-1, max-image-preview:large, max-video-preview:-1\" \/>\n<link rel=\"canonical\" href=\"https:\/\/startercultures.eu\/de\/product\/fermentation-de\/sodas\/bio-garantiert-sicher-jun-scoby\/\" \/>\n<meta property=\"og:locale\" content=\"de_DE\" \/>\n<meta property=\"og:type\" content=\"article\" \/>\n<meta property=\"og:title\" content=\"Jun SCOBY - Startercultures.eu\" \/>\n<meta property=\"og:description\" content=\"Jun-Tee ist die mildere Schwester von Kombucha, die mit gr\u00fcnem Tee und Honig gebraut wird. Unser Jun SCOBY ist getestet und absolut sicher.\" \/>\n<meta property=\"og:url\" content=\"https:\/\/startercultures.eu\/de\/product\/fermentation-de\/sodas\/bio-garantiert-sicher-jun-scoby\/\" \/>\n<meta property=\"og:site_name\" content=\"Startercultures.eu\" \/>\n<meta property=\"article:publisher\" content=\"https:\/\/www.facebook.com\/startercultureseu\" \/>\n<meta property=\"article:modified_time\" content=\"2026-02-03T21:17:27+00:00\" \/>\n<meta property=\"og:image\" content=\"https:\/\/startercultures.eu\/wp-content\/uploads\/2020\/07\/Scony-1.png\" \/>\n\t<meta property=\"og:image:width\" content=\"754\" \/>\n\t<meta property=\"og:image:height\" content=\"847\" \/>\n\t<meta property=\"og:image:type\" content=\"image\/png\" \/>\n<meta name=\"twitter:card\" content=\"summary_large_image\" \/>\n<meta name=\"twitter:label1\" content=\"Price\" \/>\n\t<meta name=\"twitter:data1\" content=\"25,99\" \/>\n\t<meta name=\"twitter:label2\" content=\"Availability\" \/>\n\t<meta name=\"twitter:data2\" content=\"Nicht auf Lager\" \/>\n<script type=\"application\/ld+json\" class=\"yoast-schema-graph\">{\"@context\":\"https:\/\/schema.org\",\"@graph\":[{\"@type\":\"WebPage\",\"@id\":\"https:\/\/startercultures.eu\/de\/product\/fermentation-de\/sodas\/bio-garantiert-sicher-jun-scoby\/\",\"url\":\"https:\/\/startercultures.eu\/de\/product\/fermentation-de\/sodas\/bio-garantiert-sicher-jun-scoby\/\",\"name\":\"Jun SCOBY - Startercultures.eu\",\"isPartOf\":{\"@id\":\"https:\/\/startercultures.eu\/de\/#website\"},\"primaryImageOfPage\":{\"@id\":\"https:\/\/startercultures.eu\/de\/product\/fermentation-de\/sodas\/bio-garantiert-sicher-jun-scoby\/#primaryimage\"},\"image\":{\"@id\":\"https:\/\/startercultures.eu\/de\/product\/fermentation-de\/sodas\/bio-garantiert-sicher-jun-scoby\/#primaryimage\"},\"thumbnailUrl\":\"https:\/\/startercultures.eu\/wp-content\/uploads\/2020\/07\/Scony-1.png\",\"datePublished\":\"2020-07-31T16:37:07+00:00\",\"dateModified\":\"2026-02-03T21:17:27+00:00\",\"description\":\"Jun-Tee ist die mildere Schwester von Kombucha, die mit gr\u00fcnem Tee und Honig gebraut wird. Unser Jun SCOBY ist getestet und absolut sicher.\",\"breadcrumb\":{\"@id\":\"https:\/\/startercultures.eu\/de\/product\/fermentation-de\/sodas\/bio-garantiert-sicher-jun-scoby\/#breadcrumb\"},\"inLanguage\":\"de-DE\",\"potentialAction\":[{\"@type\":\"ReadAction\",\"target\":[\"https:\/\/startercultures.eu\/de\/product\/fermentation-de\/sodas\/bio-garantiert-sicher-jun-scoby\/\"]}]},{\"@type\":\"ImageObject\",\"inLanguage\":\"de-DE\",\"@id\":\"https:\/\/startercultures.eu\/de\/product\/fermentation-de\/sodas\/bio-garantiert-sicher-jun-scoby\/#primaryimage\",\"url\":\"https:\/\/startercultures.eu\/wp-content\/uploads\/2020\/07\/Scony-1.png\",\"contentUrl\":\"https:\/\/startercultures.eu\/wp-content\/uploads\/2020\/07\/Scony-1.png\",\"width\":754,\"height\":847,\"caption\":\"Kombucha-Scoby\"},{\"@type\":\"BreadcrumbList\",\"@id\":\"https:\/\/startercultures.eu\/de\/product\/fermentation-de\/sodas\/bio-garantiert-sicher-jun-scoby\/#breadcrumb\",\"itemListElement\":[{\"@type\":\"ListItem\",\"position\":1,\"name\":\"Home\",\"item\":\"https:\/\/startercultures.eu\/de\/\"},{\"@type\":\"ListItem\",\"position\":2,\"name\":\"Shop\",\"item\":\"https:\/\/startercultures.eu\/shop\/\"},{\"@type\":\"ListItem\",\"position\":3,\"name\":\"Jun SCOBY\"}]},{\"@type\":\"WebSite\",\"@id\":\"https:\/\/startercultures.eu\/de\/#website\",\"url\":\"https:\/\/startercultures.eu\/de\/\",\"name\":\"Startercultures.eu\",\"description\":\"Startercultures.eu\",\"publisher\":{\"@id\":\"https:\/\/startercultures.eu\/de\/#organization\"},\"potentialAction\":[{\"@type\":\"SearchAction\",\"target\":{\"@type\":\"EntryPoint\",\"urlTemplate\":\"https:\/\/startercultures.eu\/de\/?s={search_term_string}\"},\"query-input\":{\"@type\":\"PropertyValueSpecification\",\"valueRequired\":true,\"valueName\":\"search_term_string\"}}],\"inLanguage\":\"de-DE\"},{\"@type\":\"Organization\",\"@id\":\"https:\/\/startercultures.eu\/de\/#organization\",\"name\":\"Startercultures.eu\",\"url\":\"https:\/\/startercultures.eu\/de\/\",\"logo\":{\"@type\":\"ImageObject\",\"inLanguage\":\"de-DE\",\"@id\":\"https:\/\/startercultures.eu\/de\/#\/schema\/logo\/image\/\",\"url\":\"https:\/\/startercultures.eu\/wp-content\/uploads\/2020\/08\/startercultures-eu-nl-logo-rond-rgb.png\",\"contentUrl\":\"https:\/\/startercultures.eu\/wp-content\/uploads\/2020\/08\/startercultures-eu-nl-logo-rond-rgb.png\",\"width\":320,\"height\":320,\"caption\":\"Startercultures.eu\"},\"image\":{\"@id\":\"https:\/\/startercultures.eu\/de\/#\/schema\/logo\/image\/\"},\"sameAs\":[\"https:\/\/www.facebook.com\/startercultureseu\",\"https:\/\/www.instagram.com\/startercultures.eu\/\"]}]}<\/script>\n<meta property=\"product:price:amount\" content=\"25.99\" \/>\n<meta property=\"product:price:currency\" content=\"EUR\" \/>\n<meta property=\"og:availability\" content=\"out of stock\" \/>\n<meta property=\"product:availability\" content=\"out of stock\" \/>\n<meta property=\"product:retailer_item_id\" content=\"108\" \/>\n<meta property=\"product:condition\" content=\"new\" \/>\n<!-- \/ Yoast SEO plugin. -->","yoast_head_json":{"title":"Jun SCOBY - Startercultures.eu","description":"Jun-Tee ist die mildere Schwester von Kombucha, die mit gr\u00fcnem Tee und Honig gebraut wird. Unser Jun SCOBY ist getestet und absolut sicher.","robots":{"index":"index","follow":"follow","max-snippet":"max-snippet:-1","max-image-preview":"max-image-preview:large","max-video-preview":"max-video-preview:-1"},"canonical":"https:\/\/startercultures.eu\/de\/product\/fermentation-de\/sodas\/bio-garantiert-sicher-jun-scoby\/","og_locale":"de_DE","og_type":"article","og_title":"Jun SCOBY - Startercultures.eu","og_description":"Jun-Tee ist die mildere Schwester von Kombucha, die mit gr\u00fcnem Tee und Honig gebraut wird. Unser Jun SCOBY ist getestet und absolut sicher.","og_url":"https:\/\/startercultures.eu\/de\/product\/fermentation-de\/sodas\/bio-garantiert-sicher-jun-scoby\/","og_site_name":"Startercultures.eu","article_publisher":"https:\/\/www.facebook.com\/startercultureseu","article_modified_time":"2026-02-03T21:17:27+00:00","og_image":[{"width":754,"height":847,"url":"https:\/\/startercultures.eu\/wp-content\/uploads\/2020\/07\/Scony-1.png","type":"image\/png"}],"twitter_card":"summary_large_image","twitter_misc":{"Price":"25,99","Availability":"Nicht auf Lager"},"schema":{"@context":"https:\/\/schema.org","@graph":[{"@type":"WebPage","@id":"https:\/\/startercultures.eu\/de\/product\/fermentation-de\/sodas\/bio-garantiert-sicher-jun-scoby\/","url":"https:\/\/startercultures.eu\/de\/product\/fermentation-de\/sodas\/bio-garantiert-sicher-jun-scoby\/","name":"Jun SCOBY - Startercultures.eu","isPartOf":{"@id":"https:\/\/startercultures.eu\/de\/#website"},"primaryImageOfPage":{"@id":"https:\/\/startercultures.eu\/de\/product\/fermentation-de\/sodas\/bio-garantiert-sicher-jun-scoby\/#primaryimage"},"image":{"@id":"https:\/\/startercultures.eu\/de\/product\/fermentation-de\/sodas\/bio-garantiert-sicher-jun-scoby\/#primaryimage"},"thumbnailUrl":"https:\/\/startercultures.eu\/wp-content\/uploads\/2020\/07\/Scony-1.png","datePublished":"2020-07-31T16:37:07+00:00","dateModified":"2026-02-03T21:17:27+00:00","description":"Jun-Tee ist die mildere Schwester von Kombucha, die mit gr\u00fcnem Tee und Honig gebraut wird. Unser Jun SCOBY ist getestet und absolut sicher.","breadcrumb":{"@id":"https:\/\/startercultures.eu\/de\/product\/fermentation-de\/sodas\/bio-garantiert-sicher-jun-scoby\/#breadcrumb"},"inLanguage":"de-DE","potentialAction":[{"@type":"ReadAction","target":["https:\/\/startercultures.eu\/de\/product\/fermentation-de\/sodas\/bio-garantiert-sicher-jun-scoby\/"]}]},{"@type":"ImageObject","inLanguage":"de-DE","@id":"https:\/\/startercultures.eu\/de\/product\/fermentation-de\/sodas\/bio-garantiert-sicher-jun-scoby\/#primaryimage","url":"https:\/\/startercultures.eu\/wp-content\/uploads\/2020\/07\/Scony-1.png","contentUrl":"https:\/\/startercultures.eu\/wp-content\/uploads\/2020\/07\/Scony-1.png","width":754,"height":847,"caption":"Kombucha-Scoby"},{"@type":"BreadcrumbList","@id":"https:\/\/startercultures.eu\/de\/product\/fermentation-de\/sodas\/bio-garantiert-sicher-jun-scoby\/#breadcrumb","itemListElement":[{"@type":"ListItem","position":1,"name":"Home","item":"https:\/\/startercultures.eu\/de\/"},{"@type":"ListItem","position":2,"name":"Shop","item":"https:\/\/startercultures.eu\/shop\/"},{"@type":"ListItem","position":3,"name":"Jun SCOBY"}]},{"@type":"WebSite","@id":"https:\/\/startercultures.eu\/de\/#website","url":"https:\/\/startercultures.eu\/de\/","name":"Startercultures.eu","description":"Startercultures.eu","publisher":{"@id":"https:\/\/startercultures.eu\/de\/#organization"},"potentialAction":[{"@type":"SearchAction","target":{"@type":"EntryPoint","urlTemplate":"https:\/\/startercultures.eu\/de\/?s={search_term_string}"},"query-input":{"@type":"PropertyValueSpecification","valueRequired":true,"valueName":"search_term_string"}}],"inLanguage":"de-DE"},{"@type":"Organization","@id":"https:\/\/startercultures.eu\/de\/#organization","name":"Startercultures.eu","url":"https:\/\/startercultures.eu\/de\/","logo":{"@type":"ImageObject","inLanguage":"de-DE","@id":"https:\/\/startercultures.eu\/de\/#\/schema\/logo\/image\/","url":"https:\/\/startercultures.eu\/wp-content\/uploads\/2020\/08\/startercultures-eu-nl-logo-rond-rgb.png","contentUrl":"https:\/\/startercultures.eu\/wp-content\/uploads\/2020\/08\/startercultures-eu-nl-logo-rond-rgb.png","width":320,"height":320,"caption":"Startercultures.eu"},"image":{"@id":"https:\/\/startercultures.eu\/de\/#\/schema\/logo\/image\/"},"sameAs":["https:\/\/www.facebook.com\/startercultureseu","https:\/\/www.instagram.com\/startercultures.eu\/"]}]},"product_price_amount":"25.99","product_price_currency":"EUR","og_availability":"out of stock","product_availability":"out of stock","product_retailer_item_id":"108","product_condition":"new"},"_links":{"self":[{"href":"https:\/\/startercultures.eu\/de\/wp-json\/wp\/v2\/product\/25212","targetHints":{"allow":["GET"]}}],"collection":[{"href":"https:\/\/startercultures.eu\/de\/wp-json\/wp\/v2\/product"}],"about":[{"href":"https:\/\/startercultures.eu\/de\/wp-json\/wp\/v2\/types\/product"}],"replies":[{"embeddable":true,"href":"https:\/\/startercultures.eu\/de\/wp-json\/wp\/v2\/comments?post=25212"}],"version-history":[{"count":2,"href":"https:\/\/startercultures.eu\/de\/wp-json\/wp\/v2\/product\/25212\/revisions"}],"predecessor-version":[{"id":66179,"href":"https:\/\/startercultures.eu\/de\/wp-json\/wp\/v2\/product\/25212\/revisions\/66179"}],"wp:featuredmedia":[{"embeddable":true,"href":"https:\/\/startercultures.eu\/de\/wp-json\/wp\/v2\/media\/24198"}],"wp:attachment":[{"href":"https:\/\/startercultures.eu\/de\/wp-json\/wp\/v2\/media?parent=25212"}],"wp:term":[{"taxonomy":"product_brand","embeddable":true,"href":"https:\/\/startercultures.eu\/de\/wp-json\/wp\/v2\/product_brand?post=25212"},{"taxonomy":"product_cat","embeddable":true,"href":"https:\/\/startercultures.eu\/de\/wp-json\/wp\/v2\/product_cat?post=25212"},{"taxonomy":"product_tag","embeddable":true,"href":"https:\/\/startercultures.eu\/de\/wp-json\/wp\/v2\/product_tag?post=25212"}],"curies":[{"name":"wp","href":"https:\/\/api.w.org\/{rel}","templated":true}]}}