{"id":25214,"date":"2020-07-31T16:36:34","date_gmt":"2020-07-31T16:36:34","guid":{"rendered":"https:\/\/startercultures.eu\/product\/unkategorisiert\/vegane-kaese-starterkultur-i\/"},"modified":"2026-03-15T11:10:17","modified_gmt":"2026-03-15T10:10:17","slug":"vegane-kase-starterkultur","status":"publish","type":"product","link":"https:\/\/startercultures.eu\/de\/product\/fermentation-de\/molkerei\/veganer-kase\/vegane-kase-starterkultur\/","title":{"rendered":"Vegane K\u00e4se-Starterkultur I"},"content":{"rendered":"<h3>Was ist veganer K\u00e4se?<\/h3>\n<p>Veganer oder pflanzlicher K\u00e4se wird nicht aus Milch, sondern aus einem anderen pflanzlichen Grundprodukt hergestellt. Veganer K\u00e4se besteht in der Regel aus N\u00fcssen, N\u00e4hrhefe und \u00d6l. Cashewn\u00fcsse sind wegen ihres weichen Geschmacks und ihrer cremigen Konsistenz bei veganen K\u00e4sesorten sehr beliebt. Mandeln sind aber auch eine beliebte Zutat f\u00fcr die Herstellung von veganem K\u00e4se.<\/p>\n<h3>Warum eine vegane K\u00e4se-Starterkultur<\/h3>\n<p>F\u00fcr eine gute G\u00e4rung (S\u00e4uerung und Geschmacksbildung) ben\u00f6tigen Sie eine K\u00e4sestarterkultur. Die meisten verf\u00fcgbaren Starterkulturen sind jedoch nicht vegan. Die veganen Starterkulturen von Startercultures.eu sind es. Auch die Verwendung von veganem Joghurt oder Essig als Starterkultur hat Nachteile, da diese Bakterien nicht speziell f\u00fcr K\u00e4se bestimmt sind. Die veganen K\u00e4se-Starterkulturen von startercultures.eu sind es.<\/p>\n<h3>Auch f\u00fcr normalen K\u00e4se<\/h3>\n<p>Die Tatsache, dass unsere Starterkulturen vegan sind, bedeutet nicht, dass sie nur f\u00fcr veganen K\u00e4se verwendet werden k\u00f6nnen. Sie eignen sich auch hervorragend f\u00fcr normale K\u00e4sesorten.<\/p>\n<h3>Unsere veganen K\u00e4se-Starterkultur-Varianten<\/h3>\n<p>Wir haben drei Varianten: Starterkultur I, II und (neu!) III, jede mit ihrem eigenen Geschmacksprofil. Probieren Sie sie alle!<\/p>\n<p><strong>Vegane K\u00e4se-Starterkultur I<\/strong><\/p>\n<p>Starterkultur I enth\u00e4lt<em> Lactobacillus helveticus <\/em>und <em>Lactobacillus rhamnosus<\/em>. Das erste ist ein bekanntes K\u00e4sebakterium, das h\u00e4ufig in besonders alpinen K\u00e4sesorten wie Comt\u00e9, Gruy\u00e8re, Emmentaler, Fontina, Asiago und Taleggio vorkommt. <em>Lactobacillus rhamnosus <\/em>ist ebenfalls ein bekanntes Molkerei- und K\u00e4sebakterium, das f\u00fcr seine probiotischen Eigenschaften bekannt ist<\/p>\n<p><strong>Tipp<\/strong><\/p>\n<p>Probieren Sie auch unsere veganen Pilze f\u00fcr Ihren eigenen veganen Camembert oder Roquefortk\u00e4se!<\/p>\n<h3>Inhalt Vegane K\u00e4se-Starterkultur<\/h3>\n<ul>\n<li>3 Gramm<\/li>\n<li>ausreichend f\u00fcr etwa 3 kg veganen K\u00e4se<\/li>\n<li>Mikroorganismen: Lactobacillus helveticus und Lactobacillus rhamnosus<\/li>\n<li>Hergestellt in Spanien<\/li>\n<li>Vegan<\/li>\n<li>Organisch<\/li>\n<\/ul>\n<h3>Anweisungen zur Lagerung<\/h3>\n<p>Im K\u00fchl- oder Gefrierschrank. Im Gefrierschrank sind sie etwa 2 Jahre lang haltbar. Vorzugsweise sofort verwenden.<\/p>\n<h3 class=\"ng-star-inserted\"><span class=\"ng-star-inserted\">Wie man veganen K\u00e4se selber macht<\/span><\/h3>\n<p class=\"ng-star-inserted\"><span class=\"ng-star-inserted\">Erinnern Sie sich an diese traurigen, gummiartigen Bl\u00f6cke, die vor einem Jahrzehnt als veganer K\u00e4se durchgingen? Gott sei Dank liegen diese Zeiten hinter uns. Dank engagierter Pioniere und Fermentations-Enthusiasten k\u00f6nnen wir heute zu Hause vegane K\u00e4sesorten kreieren, die es sowohl geschmacklich als auch von der Textur her tats\u00e4chlich mit ihren milchbasierten Pendants aufnehmen k\u00f6nnen<a href=\"https:\/\/startercultures.eu\/how-to-make-actually-fermented-vegan-cheese-at-home\/\" target=\"_blank\" rel=\"noopener\">. In diesem\u00a0<\/a><\/span><span class=\"ng-star-inserted\">englischsprachigen<\/span><span class=\"ng-star-inserted\">\u00a0Blog zeigen wir Ihnen, wie das geht.<\/span><\/p>\n<h3>Online-Workshop &#8220;Veganen K\u00e4se zu Hause herstellen&#8221; (mit Untertiteln)<\/h3>\n<p>In <a href=\"https:\/\/startercultures.eu\/de\/product\/vegan-de\/vegane-milchprodukte\/online-englisch-untertitelt-veganer-kase-workshop\/\" target=\"_blank\" rel=\"noopener\">diesem Workshop mit englischen Untertiteln<\/a> lernen Sie die Theorie und Praxis der Herstellung von veganem K\u00e4se<img decoding=\"async\" class=\"lazyload  wp-image-24266 alignright\" src=\"https:\/\/startercultures.eu\/wp-content\/uploads\/2021\/06\/Vegan-cheese-starter-kit-300x222.png\" data-orig-src=\"https:\/\/startercultures.eu\/wp-content\/uploads\/2021\/06\/Vegan-cheese-starter-kit-300x222.png\" alt=\"veganes Blauschimmelk\u00e4se Starterkultur Kit\" width=\"219\" height=\"162\" srcset=\"data:image\/svg+xml,%3Csvg%20xmlns%3D%27http%3A%2F%2Fwww.w3.org%2F2000%2Fsvg%27%20width%3D%27219%27%20height%3D%27162%27%20viewBox%3D%270%200%20219%20162%27%3E%3Crect%20width%3D%27219%27%20height%3D%27162%27%20fill-opacity%3D%220%22%2F%3E%3C%2Fsvg%3E\" data-srcset=\"https:\/\/startercultures.eu\/wp-content\/uploads\/2021\/06\/Vegan-cheese-starter-kit-200x148.png 200w, https:\/\/startercultures.eu\/wp-content\/uploads\/2021\/06\/Vegan-cheese-starter-kit-300x222.png 300w, https:\/\/startercultures.eu\/wp-content\/uploads\/2021\/06\/Vegan-cheese-starter-kit-400x296.png 400w, https:\/\/startercultures.eu\/wp-content\/uploads\/2021\/06\/Vegan-cheese-starter-kit-500x370.png 500w, https:\/\/startercultures.eu\/wp-content\/uploads\/2021\/06\/Vegan-cheese-starter-kit-600x445.png 600w, https:\/\/startercultures.eu\/wp-content\/uploads\/2021\/06\/Vegan-cheese-starter-kit-700x519.png 700w, https:\/\/startercultures.eu\/wp-content\/uploads\/2021\/06\/Vegan-cheese-starter-kit-768x569.png 768w, https:\/\/startercultures.eu\/wp-content\/uploads\/2021\/06\/Vegan-cheese-starter-kit-800x593.png 800w, https:\/\/startercultures.eu\/wp-content\/uploads\/2021\/06\/Vegan-cheese-starter-kit-1024x759.png 1024w, https:\/\/startercultures.eu\/wp-content\/uploads\/2021\/06\/Vegan-cheese-starter-kit.png 1200w\" data-sizes=\"auto\" data-orig-sizes=\"(max-width: 219px) 100vw, 219px\" \/>s zu Hause, mit dem Schwerpunkt auf veganem Camembert und veganem Blauschimmelk\u00e4se. Foodwriter<a href=\"https:\/\/wateetons.com\/\" target=\"_blank\" rel=\"noopener\">&#8216;Meneer Wateetons&#8217;<\/a>, Autor mehrerer B\u00fccher \u00fcber Fermentierung und alternative Lebensmittelzubereitungstechniken, wird Ihnen alles \u00fcber Fermentierung, P\u00f6kelsalze, Lebensmittelsicherheit, pH-Wert, Starterkulturen, Schimmelpilze und Trocknungsbedingungen beibringen. Klicken Sie <a href=\"https:\/\/startercultures.eu\/de\/product\/vegan-de\/vegane-milchprodukte\/online-englisch-untertitelt-veganer-kase-workshop\/\" target=\"_blank\" rel=\"noopener\">hier<\/a> f\u00fcr weitere Informationen.<\/p>\n","protected":false},"excerpt":{"rendered":"<p>Machen Sie Ihren eigenen veganen K\u00e4se mit einer unserer drei echten, aber veganen K\u00e4sevorspeisen. Starter I enth\u00e4lt<em> Lactobacillus helveticus <\/em>und <em>Lactobacillus rhamnosus<\/em>. Das erste ist ein bekanntes K\u00e4sebakterium, das h\u00e4ufig in besonders alpinen K\u00e4sesorten wie Comt\u00e9, Gruy\u00e8re, Emmentaler, Fontina, Asiago und Taleggio vorkommt. <em>Lactobacillus rhamnosus <\/em>ist ebenfalls ein bekanntes Molkerei- und K\u00e4sebakterium, das f\u00fcr seine probiotischen Eigenschaften bekannt ist.<\/p>\n","protected":false},"featured_media":24403,"comment_status":"open","ping_status":"closed","template":"","meta":{"_acf_changed":false,"footnotes":""},"product_brand":[],"product_cat":[711,680,678],"product_tag":[],"class_list":{"0":"post-25214","1":"product","2":"type-product","3":"status-publish","4":"has-post-thumbnail","6":"product_cat-starterkulturen-und-schimmelpilze","7":"product_cat-vegane-milchprodukte","8":"product_cat-veganer-kase","10":"first","11":"instock","12":"taxable","13":"shipping-taxable","14":"purchasable","15":"product-type-simple"},"acf":[],"yoast_head":"<!-- This site is optimized with the Yoast SEO plugin v26.6 - https:\/\/yoast.com\/wordpress\/plugins\/seo\/ -->\n<title>Vegane K\u00e4se-Starterkultur I - Startercultures.eu<\/title>\n<meta name=\"description\" content=\"Machen Sie Ihren eigenen veganen K\u00e4se mit dieser veganen K\u00e4se-Starterkultur. Er enth\u00e4lt Bakterien aus Alpk\u00e4se und ein probiotisches Bakterium.\" \/>\n<meta name=\"robots\" content=\"index, follow, max-snippet:-1, max-image-preview:large, max-video-preview:-1\" \/>\n<link rel=\"canonical\" href=\"https:\/\/startercultures.eu\/de\/product\/fermentation-de\/molkerei\/veganer-kase\/vegane-kase-starterkultur\/\" \/>\n<meta property=\"og:locale\" content=\"de_DE\" \/>\n<meta property=\"og:type\" content=\"article\" \/>\n<meta property=\"og:title\" content=\"Vegane K\u00e4se-Starterkultur I - Startercultures.eu\" \/>\n<meta property=\"og:description\" content=\"Machen Sie Ihren eigenen veganen K\u00e4se mit dieser veganen K\u00e4se-Starterkultur. Er enth\u00e4lt Bakterien aus Alpk\u00e4se und ein probiotisches Bakterium.\" \/>\n<meta property=\"og:url\" content=\"https:\/\/startercultures.eu\/de\/product\/fermentation-de\/molkerei\/veganer-kase\/vegane-kase-starterkultur\/\" \/>\n<meta property=\"og:site_name\" content=\"Startercultures.eu\" \/>\n<meta property=\"article:publisher\" content=\"https:\/\/www.facebook.com\/startercultureseu\" \/>\n<meta property=\"article:modified_time\" content=\"2026-03-15T10:10:17+00:00\" \/>\n<meta property=\"og:image\" content=\"https:\/\/startercultures.eu\/wp-content\/uploads\/2020\/07\/070mu-1.png\" \/>\n\t<meta property=\"og:image:width\" content=\"1250\" \/>\n\t<meta property=\"og:image:height\" content=\"1250\" \/>\n\t<meta property=\"og:image:type\" content=\"image\/png\" \/>\n<meta name=\"twitter:card\" content=\"summary_large_image\" \/>\n<meta name=\"twitter:label1\" content=\"Price\" \/>\n\t<meta name=\"twitter:data1\" content=\"14,99\" \/>\n\t<meta name=\"twitter:label2\" content=\"Availability\" \/>\n\t<meta name=\"twitter:data2\" content=\"Vorr\u00e4tig\" \/>\n<script type=\"application\/ld+json\" class=\"yoast-schema-graph\">{\"@context\":\"https:\/\/schema.org\",\"@graph\":[{\"@type\":\"WebPage\",\"@id\":\"https:\/\/startercultures.eu\/de\/product\/fermentation-de\/molkerei\/veganer-kase\/vegane-kase-starterkultur\/\",\"url\":\"https:\/\/startercultures.eu\/de\/product\/fermentation-de\/molkerei\/veganer-kase\/vegane-kase-starterkultur\/\",\"name\":\"Vegane K\u00e4se-Starterkultur I - Startercultures.eu\",\"isPartOf\":{\"@id\":\"https:\/\/startercultures.eu\/de\/#website\"},\"primaryImageOfPage\":{\"@id\":\"https:\/\/startercultures.eu\/de\/product\/fermentation-de\/molkerei\/veganer-kase\/vegane-kase-starterkultur\/#primaryimage\"},\"image\":{\"@id\":\"https:\/\/startercultures.eu\/de\/product\/fermentation-de\/molkerei\/veganer-kase\/vegane-kase-starterkultur\/#primaryimage\"},\"thumbnailUrl\":\"https:\/\/startercultures.eu\/wp-content\/uploads\/2020\/07\/070mu-1.png\",\"datePublished\":\"2020-07-31T16:36:34+00:00\",\"dateModified\":\"2026-03-15T10:10:17+00:00\",\"description\":\"Machen Sie Ihren eigenen veganen K\u00e4se mit dieser veganen K\u00e4se-Starterkultur. Er enth\u00e4lt Bakterien aus Alpk\u00e4se und ein probiotisches Bakterium.\",\"breadcrumb\":{\"@id\":\"https:\/\/startercultures.eu\/de\/product\/fermentation-de\/molkerei\/veganer-kase\/vegane-kase-starterkultur\/#breadcrumb\"},\"inLanguage\":\"de-DE\",\"potentialAction\":[{\"@type\":\"ReadAction\",\"target\":[\"https:\/\/startercultures.eu\/de\/product\/fermentation-de\/molkerei\/veganer-kase\/vegane-kase-starterkultur\/\"]}]},{\"@type\":\"ImageObject\",\"inLanguage\":\"de-DE\",\"@id\":\"https:\/\/startercultures.eu\/de\/product\/fermentation-de\/molkerei\/veganer-kase\/vegane-kase-starterkultur\/#primaryimage\",\"url\":\"https:\/\/startercultures.eu\/wp-content\/uploads\/2020\/07\/070mu-1.png\",\"contentUrl\":\"https:\/\/startercultures.eu\/wp-content\/uploads\/2020\/07\/070mu-1.png\",\"width\":1250,\"height\":1250,\"caption\":\"Vegane K\u00e4se-Starterkultur\"},{\"@type\":\"BreadcrumbList\",\"@id\":\"https:\/\/startercultures.eu\/de\/product\/fermentation-de\/molkerei\/veganer-kase\/vegane-kase-starterkultur\/#breadcrumb\",\"itemListElement\":[{\"@type\":\"ListItem\",\"position\":1,\"name\":\"Home\",\"item\":\"https:\/\/startercultures.eu\/de\/\"},{\"@type\":\"ListItem\",\"position\":2,\"name\":\"Shop\",\"item\":\"https:\/\/startercultures.eu\/shop\/\"},{\"@type\":\"ListItem\",\"position\":3,\"name\":\"Vegane K\u00e4se-Starterkultur I\"}]},{\"@type\":\"WebSite\",\"@id\":\"https:\/\/startercultures.eu\/de\/#website\",\"url\":\"https:\/\/startercultures.eu\/de\/\",\"name\":\"Startercultures.eu\",\"description\":\"Startercultures.eu\",\"publisher\":{\"@id\":\"https:\/\/startercultures.eu\/de\/#organization\"},\"potentialAction\":[{\"@type\":\"SearchAction\",\"target\":{\"@type\":\"EntryPoint\",\"urlTemplate\":\"https:\/\/startercultures.eu\/de\/?s={search_term_string}\"},\"query-input\":{\"@type\":\"PropertyValueSpecification\",\"valueRequired\":true,\"valueName\":\"search_term_string\"}}],\"inLanguage\":\"de-DE\"},{\"@type\":\"Organization\",\"@id\":\"https:\/\/startercultures.eu\/de\/#organization\",\"name\":\"Startercultures.eu\",\"url\":\"https:\/\/startercultures.eu\/de\/\",\"logo\":{\"@type\":\"ImageObject\",\"inLanguage\":\"de-DE\",\"@id\":\"https:\/\/startercultures.eu\/de\/#\/schema\/logo\/image\/\",\"url\":\"https:\/\/startercultures.eu\/wp-content\/uploads\/2020\/08\/startercultures-eu-nl-logo-rond-rgb.png\",\"contentUrl\":\"https:\/\/startercultures.eu\/wp-content\/uploads\/2020\/08\/startercultures-eu-nl-logo-rond-rgb.png\",\"width\":320,\"height\":320,\"caption\":\"Startercultures.eu\"},\"image\":{\"@id\":\"https:\/\/startercultures.eu\/de\/#\/schema\/logo\/image\/\"},\"sameAs\":[\"https:\/\/www.facebook.com\/startercultureseu\",\"https:\/\/www.instagram.com\/startercultures.eu\/\"]}]}<\/script>\n<meta property=\"product:price:amount\" content=\"14.99\" \/>\n<meta property=\"product:price:currency\" content=\"EUR\" \/>\n<meta property=\"og:availability\" content=\"instock\" \/>\n<meta property=\"product:availability\" content=\"instock\" \/>\n<meta property=\"product:retailer_item_id\" content=\"70\" \/>\n<meta property=\"product:condition\" content=\"new\" \/>\n<!-- \/ Yoast SEO plugin. -->","yoast_head_json":{"title":"Vegane K\u00e4se-Starterkultur I - Startercultures.eu","description":"Machen Sie Ihren eigenen veganen K\u00e4se mit dieser veganen K\u00e4se-Starterkultur. Er enth\u00e4lt Bakterien aus Alpk\u00e4se und ein probiotisches Bakterium.","robots":{"index":"index","follow":"follow","max-snippet":"max-snippet:-1","max-image-preview":"max-image-preview:large","max-video-preview":"max-video-preview:-1"},"canonical":"https:\/\/startercultures.eu\/de\/product\/fermentation-de\/molkerei\/veganer-kase\/vegane-kase-starterkultur\/","og_locale":"de_DE","og_type":"article","og_title":"Vegane K\u00e4se-Starterkultur I - Startercultures.eu","og_description":"Machen Sie Ihren eigenen veganen K\u00e4se mit dieser veganen K\u00e4se-Starterkultur. Er enth\u00e4lt Bakterien aus Alpk\u00e4se und ein probiotisches Bakterium.","og_url":"https:\/\/startercultures.eu\/de\/product\/fermentation-de\/molkerei\/veganer-kase\/vegane-kase-starterkultur\/","og_site_name":"Startercultures.eu","article_publisher":"https:\/\/www.facebook.com\/startercultureseu","article_modified_time":"2026-03-15T10:10:17+00:00","og_image":[{"width":1250,"height":1250,"url":"https:\/\/startercultures.eu\/wp-content\/uploads\/2020\/07\/070mu-1.png","type":"image\/png"}],"twitter_card":"summary_large_image","twitter_misc":{"Price":"14,99","Availability":"Vorr\u00e4tig"},"schema":{"@context":"https:\/\/schema.org","@graph":[{"@type":"WebPage","@id":"https:\/\/startercultures.eu\/de\/product\/fermentation-de\/molkerei\/veganer-kase\/vegane-kase-starterkultur\/","url":"https:\/\/startercultures.eu\/de\/product\/fermentation-de\/molkerei\/veganer-kase\/vegane-kase-starterkultur\/","name":"Vegane K\u00e4se-Starterkultur I - Startercultures.eu","isPartOf":{"@id":"https:\/\/startercultures.eu\/de\/#website"},"primaryImageOfPage":{"@id":"https:\/\/startercultures.eu\/de\/product\/fermentation-de\/molkerei\/veganer-kase\/vegane-kase-starterkultur\/#primaryimage"},"image":{"@id":"https:\/\/startercultures.eu\/de\/product\/fermentation-de\/molkerei\/veganer-kase\/vegane-kase-starterkultur\/#primaryimage"},"thumbnailUrl":"https:\/\/startercultures.eu\/wp-content\/uploads\/2020\/07\/070mu-1.png","datePublished":"2020-07-31T16:36:34+00:00","dateModified":"2026-03-15T10:10:17+00:00","description":"Machen Sie Ihren eigenen veganen K\u00e4se mit dieser veganen K\u00e4se-Starterkultur. Er enth\u00e4lt Bakterien aus Alpk\u00e4se und ein probiotisches Bakterium.","breadcrumb":{"@id":"https:\/\/startercultures.eu\/de\/product\/fermentation-de\/molkerei\/veganer-kase\/vegane-kase-starterkultur\/#breadcrumb"},"inLanguage":"de-DE","potentialAction":[{"@type":"ReadAction","target":["https:\/\/startercultures.eu\/de\/product\/fermentation-de\/molkerei\/veganer-kase\/vegane-kase-starterkultur\/"]}]},{"@type":"ImageObject","inLanguage":"de-DE","@id":"https:\/\/startercultures.eu\/de\/product\/fermentation-de\/molkerei\/veganer-kase\/vegane-kase-starterkultur\/#primaryimage","url":"https:\/\/startercultures.eu\/wp-content\/uploads\/2020\/07\/070mu-1.png","contentUrl":"https:\/\/startercultures.eu\/wp-content\/uploads\/2020\/07\/070mu-1.png","width":1250,"height":1250,"caption":"Vegane K\u00e4se-Starterkultur"},{"@type":"BreadcrumbList","@id":"https:\/\/startercultures.eu\/de\/product\/fermentation-de\/molkerei\/veganer-kase\/vegane-kase-starterkultur\/#breadcrumb","itemListElement":[{"@type":"ListItem","position":1,"name":"Home","item":"https:\/\/startercultures.eu\/de\/"},{"@type":"ListItem","position":2,"name":"Shop","item":"https:\/\/startercultures.eu\/shop\/"},{"@type":"ListItem","position":3,"name":"Vegane K\u00e4se-Starterkultur I"}]},{"@type":"WebSite","@id":"https:\/\/startercultures.eu\/de\/#website","url":"https:\/\/startercultures.eu\/de\/","name":"Startercultures.eu","description":"Startercultures.eu","publisher":{"@id":"https:\/\/startercultures.eu\/de\/#organization"},"potentialAction":[{"@type":"SearchAction","target":{"@type":"EntryPoint","urlTemplate":"https:\/\/startercultures.eu\/de\/?s={search_term_string}"},"query-input":{"@type":"PropertyValueSpecification","valueRequired":true,"valueName":"search_term_string"}}],"inLanguage":"de-DE"},{"@type":"Organization","@id":"https:\/\/startercultures.eu\/de\/#organization","name":"Startercultures.eu","url":"https:\/\/startercultures.eu\/de\/","logo":{"@type":"ImageObject","inLanguage":"de-DE","@id":"https:\/\/startercultures.eu\/de\/#\/schema\/logo\/image\/","url":"https:\/\/startercultures.eu\/wp-content\/uploads\/2020\/08\/startercultures-eu-nl-logo-rond-rgb.png","contentUrl":"https:\/\/startercultures.eu\/wp-content\/uploads\/2020\/08\/startercultures-eu-nl-logo-rond-rgb.png","width":320,"height":320,"caption":"Startercultures.eu"},"image":{"@id":"https:\/\/startercultures.eu\/de\/#\/schema\/logo\/image\/"},"sameAs":["https:\/\/www.facebook.com\/startercultureseu","https:\/\/www.instagram.com\/startercultures.eu\/"]}]},"product_price_amount":"14.99","product_price_currency":"EUR","og_availability":"instock","product_availability":"instock","product_retailer_item_id":"70","product_condition":"new"},"_links":{"self":[{"href":"https:\/\/startercultures.eu\/de\/wp-json\/wp\/v2\/product\/25214","targetHints":{"allow":["GET"]}}],"collection":[{"href":"https:\/\/startercultures.eu\/de\/wp-json\/wp\/v2\/product"}],"about":[{"href":"https:\/\/startercultures.eu\/de\/wp-json\/wp\/v2\/types\/product"}],"replies":[{"embeddable":true,"href":"https:\/\/startercultures.eu\/de\/wp-json\/wp\/v2\/comments?post=25214"}],"version-history":[{"count":6,"href":"https:\/\/startercultures.eu\/de\/wp-json\/wp\/v2\/product\/25214\/revisions"}],"predecessor-version":[{"id":78481,"href":"https:\/\/startercultures.eu\/de\/wp-json\/wp\/v2\/product\/25214\/revisions\/78481"}],"wp:featuredmedia":[{"embeddable":true,"href":"https:\/\/startercultures.eu\/de\/wp-json\/wp\/v2\/media\/24403"}],"wp:attachment":[{"href":"https:\/\/startercultures.eu\/de\/wp-json\/wp\/v2\/media?parent=25214"}],"wp:term":[{"taxonomy":"product_brand","embeddable":true,"href":"https:\/\/startercultures.eu\/de\/wp-json\/wp\/v2\/product_brand?post=25214"},{"taxonomy":"product_cat","embeddable":true,"href":"https:\/\/startercultures.eu\/de\/wp-json\/wp\/v2\/product_cat?post=25214"},{"taxonomy":"product_tag","embeddable":true,"href":"https:\/\/startercultures.eu\/de\/wp-json\/wp\/v2\/product_tag?post=25214"}],"curies":[{"name":"wp","href":"https:\/\/api.w.org\/{rel}","templated":true}]}}