{"id":25218,"date":"2020-07-31T16:36:44","date_gmt":"2020-07-31T16:36:44","guid":{"rendered":"https:\/\/startercultures.eu\/product\/unkategorisiert\/vegane-milchkefir-starterkultur\/"},"modified":"2026-04-21T14:12:45","modified_gmt":"2026-04-21T12:12:45","slug":"vegan-kefir-starter","status":"publish","type":"product","link":"https:\/\/startercultures.eu\/de\/product\/fermentation-de\/molkerei\/veganer-joghurt\/vegan-kefir-starter\/","title":{"rendered":"Vegane Milchkefir-Starterkultur"},"content":{"rendered":"<p>&nbsp;<\/p>\n<p>Stellen Sie mit dieser gefriergetrockneten veganen Milchkefir-Starterkultur Ihren eigenen veganen Kefir zu Hause her. Mit dem letzten Essl\u00f6ffel Ihres Kefirs k\u00f6nnen Sie bis zu f\u00fcnfmal neuen Kefir herstellen!<\/p>\n<h3>Was ist Milchkefir?<\/h3>\n<p>Kefir ist ein frisches, leicht prickelndes, gesundes, probiotisches Milchgetr\u00e4nk. Der Trinkjoghurt l\u00e4sst sich leicht selbst zubereiten. Er ist reich an Vitaminen wie B1 (Thiamin), B2, B6, B12, C, D, H (Biotin) und K. Au\u00dferdem enth\u00e4lt er Mineralstoffe und essenzielle Aminos\u00e4uren. Dar\u00fcber hinaus ist Milchkefir aufgrund der gro\u00dfen Menge an rechtsdrehenden Milchs\u00e4urebakterien leicht verdaulich.<\/p>\n<h3>Was ist der Unterschied zwischen Wasserkefir und Milchkefir?<\/h3>\n<p>Obwohl sie den gleichen Namen haben, sind Wasserkefir und Milchkefir v\u00f6llig verschieden. Beides sind fermentierte Getr\u00e4nke, aber Wasserkefir wird normalerweise mit Zucker und Fr\u00fcchten hergestellt und als Erfrischungsgetr\u00e4nk getrunken, w\u00e4hrend Milchkefir ein Milchgetr\u00e4nk ist. Startercultures.eu verkauft auch eine Wasserkefir-Starterkultur.<\/p>\n<h3>\u00dcber unsere vegane Milchkefir-Starterkultur<\/h3>\n<p>Bei pflanzlicher Milch wie Sojamilch und Kokosmilch ist die Konsistenz des Kefirs eher dicht und cremig, wie bei einem traditionellen Kefir. Bei anderen pflanzlichen Milchsorten wie Haferflocken oder Reis ist die Konsistenz eher fl\u00fcssig, ggf. etwas Verdickungsmittel verwenden.<\/p>\n<h3>Inhalt<\/h3>\n<ul>\n<li>1 Beutel mit 3 Gramm f\u00fcr 2 Liter Pflanzenmilch<\/li>\n<li>Inhalt: Starterkulturen (<em>Lactococcus lactis subsp. lactis, Lactococcus lactis subsp. cremoris, Lactococcus lactis subsp. diacetylactis, Lactobacillus delbrueckii subsp. bulgaricus, Lactobacillus helveticus, Lactobacillus rhamnosus, Lactobacillus paracasei, Lactobacillus acidophilus, Streptococcus thermophilus, Bifidobacterium bifidum und Leuconostoc mesenteroides<\/em>)<\/li>\n<li>Kein Joghurtbereiter erforderlich<\/li>\n<li>Wiederverwendbar, machen Sie neuen veganen Kefir aus Ihrem vorhandenen veganen Kefir<\/li>\n<li>100 % nat\u00fcrliche Inhaltsstoffe<\/li>\n<li>Vegan, Bakterien, die in synthetischen (nicht-milchhaltigen) Medien produziert werden.<\/li>\n<li>Ohne Verdickungsmittel, Konservierungsstoffe oder Farbstoffe.<\/li>\n<li>Hergestellt in Spanien.<\/li>\n<li>Organisch<\/li>\n<li>Allergene: keine<\/li>\n<\/ul>\n<h3>Lagerungshinweise vegane Milchkefir-Starterkultur<\/h3>\n<p>Im K\u00fchl- oder Gefrierschrank. Im Gefrierschrank sind sie etwa 2 Jahre lang haltbar.<\/p>\n<h3>Wie mache ich veganen Milchkefir?<\/h3>\n<p>Sorgen Sie f\u00fcr blitzsaubere Utensilien, damit Sie Ihren Kefir \u00f6fter f\u00fcr die n\u00e4chste Charge wiederverwenden k\u00f6nnen.<\/p>\n<ol>\n<li>Mischen Sie die Starterkultur mit zwei Essl\u00f6ffeln Soja- oder Kokosmilch, bis sie sich aufgel\u00f6st hat, und gie\u00dfen Sie dann die restliche Soja- oder Kokosmilch hinzu.<\/li>\n<li>Lassen Sie ihn bei 25 \u00b0C mindestens 12 und h\u00f6chstens 36 Stunden g\u00e4ren. Das h\u00e4ngt von Ihrem Geschmack ab.<\/li>\n<li>Abk\u00fchlen und fertig.<\/li>\n<li>Im K\u00fchlschrank ist der Joghurt mindestens zwei Wochen haltbar.<\/li>\n<li>Mit dem letzten Essl\u00f6ffel k\u00f6nnen Sie bis zu f\u00fcnfmal neuen Kefir herstellen!<\/li>\n<\/ol>\n<h3>Online-Workshop &#8220;Veganen K\u00e4se zu Hause herstellen&#8221; (mit Untertiteln)<\/h3>\n<p>In <a href=\"https:\/\/startercultures.eu\/product\/vegan-main\/vegan-dairy\/online-english-subtitled-vegan-cheese-workshop\/\" target=\"_blank\" rel=\"noopener\">diesem Workshop mit englischen Untertiteln<\/a> lernen Sie die Theorie und Praxis der Herstellung von veganem K\u00e4se<img decoding=\"async\" class=\"lazyload  wp-image-24266 alignright\" src=\"https:\/\/startercultures.eu\/wp-content\/uploads\/2021\/06\/Vegan-cheese-starter-kit-300x222.png\" data-orig-src=\"https:\/\/startercultures.eu\/wp-content\/uploads\/2021\/06\/Vegan-cheese-starter-kit-300x222.png\" alt=\"Veganes Blauschimmelk\u00e4se Starterkultur Kit\" width=\"219\" height=\"162\" srcset=\"data:image\/svg+xml,%3Csvg%20xmlns%3D%27http%3A%2F%2Fwww.w3.org%2F2000%2Fsvg%27%20width%3D%27219%27%20height%3D%27162%27%20viewBox%3D%270%200%20219%20162%27%3E%3Crect%20width%3D%27219%27%20height%3D%27162%27%20fill-opacity%3D%220%22%2F%3E%3C%2Fsvg%3E\" data-srcset=\"https:\/\/startercultures.eu\/wp-content\/uploads\/2021\/06\/Vegan-cheese-starter-kit-200x148.png 200w, https:\/\/startercultures.eu\/wp-content\/uploads\/2021\/06\/Vegan-cheese-starter-kit-300x222.png 300w, https:\/\/startercultures.eu\/wp-content\/uploads\/2021\/06\/Vegan-cheese-starter-kit-400x296.png 400w, https:\/\/startercultures.eu\/wp-content\/uploads\/2021\/06\/Vegan-cheese-starter-kit-500x370.png 500w, https:\/\/startercultures.eu\/wp-content\/uploads\/2021\/06\/Vegan-cheese-starter-kit-600x445.png 600w, https:\/\/startercultures.eu\/wp-content\/uploads\/2021\/06\/Vegan-cheese-starter-kit-700x519.png 700w, https:\/\/startercultures.eu\/wp-content\/uploads\/2021\/06\/Vegan-cheese-starter-kit-768x569.png 768w, https:\/\/startercultures.eu\/wp-content\/uploads\/2021\/06\/Vegan-cheese-starter-kit-800x593.png 800w, https:\/\/startercultures.eu\/wp-content\/uploads\/2021\/06\/Vegan-cheese-starter-kit-1024x759.png 1024w, https:\/\/startercultures.eu\/wp-content\/uploads\/2021\/06\/Vegan-cheese-starter-kit.png 1200w\" data-sizes=\"auto\" data-orig-sizes=\"(max-width: 219px) 100vw, 219px\" \/>s zu Hause, mit dem Schwerpunkt auf veganem Camembert und veganem Blauschimmelk\u00e4se. Foodwriter <a href=\"https:\/\/wateetons.com\/\" target=\"_blank\" rel=\"noopener\">&#8216;Meneer Wateetons&#8217;<\/a>, Autor mehrerer B\u00fccher \u00fcber Fermentierung und alternative Lebensmittelzubereitungstechniken, wird Ihnen alles \u00fcber Fermentierung, P\u00f6kelsalze, Lebensmittelsicherheit, pH-Wert, Starterkulturen, Schimmelpilze und Trocknungsbedingungen beibringen. Klicken Sie <a href=\"https:\/\/startercultures.eu\/product\/vegan-main\/vegan-dairy\/online-english-subtitled-vegan-cheese-workshop\/\" target=\"_blank\" rel=\"noopener\">hier<\/a> f\u00fcr weitere Informationen.<\/p>\n","protected":false},"excerpt":{"rendered":"<p>Stellen Sie mit dieser gefriergetrockneten Kefir-Starterkultur Ihren eigenen veganen Milchkefir zu Hause her. Mit dem letzten Essl\u00f6ffel Ihres Kefirs k\u00f6nnen Sie bis zu f\u00fcnfmal neuen Kefir herstellen!<\/p>\n","protected":false},"featured_media":24484,"comment_status":"open","ping_status":"closed","template":"","meta":{"_acf_changed":false,"footnotes":""},"product_brand":[],"product_cat":[680,710],"product_tag":[],"class_list":{"0":"post-25218","1":"product","2":"type-product","3":"status-publish","4":"has-post-thumbnail","6":"product_cat-vegane-milchprodukte","7":"product_cat-veganer-joghurt","8":"pa_ean-8720297620751-de","10":"first","11":"instock","12":"taxable","13":"shipping-taxable","14":"purchasable","15":"product-type-simple"},"acf":[],"yoast_head":"<!-- This site is optimized with the Yoast SEO plugin v26.6 - https:\/\/yoast.com\/wordpress\/plugins\/seo\/ -->\n<title>Vegane Milchkefir-Starterkultur - Startercultures.eu<\/title>\n<meta name=\"description\" content=\"Machen Sie Ihren eigenen veganen Kefir zu Hause mit dieser veganen Milchkefir-Starterkultur. Lecker und gesund. Kaufen Sie sie hier!\" \/>\n<meta name=\"robots\" content=\"index, follow, max-snippet:-1, max-image-preview:large, max-video-preview:-1\" \/>\n<link rel=\"canonical\" href=\"https:\/\/startercultures.eu\/de\/product\/fermentation-de\/molkerei\/veganer-joghurt\/vegan-kefir-starter\/\" \/>\n<meta property=\"og:locale\" content=\"de_DE\" \/>\n<meta property=\"og:type\" content=\"article\" \/>\n<meta property=\"og:title\" content=\"Vegane Milchkefir-Starterkultur - Startercultures.eu\" \/>\n<meta property=\"og:description\" content=\"Machen Sie Ihren eigenen veganen Kefir zu Hause mit dieser veganen Milchkefir-Starterkultur. Lecker und gesund. Kaufen Sie sie hier!\" \/>\n<meta property=\"og:url\" content=\"https:\/\/startercultures.eu\/de\/product\/fermentation-de\/molkerei\/veganer-joghurt\/vegan-kefir-starter\/\" \/>\n<meta property=\"og:site_name\" content=\"Startercultures.eu\" \/>\n<meta property=\"article:publisher\" content=\"https:\/\/www.facebook.com\/startercultureseu\" \/>\n<meta property=\"article:modified_time\" content=\"2026-04-21T12:12:45+00:00\" \/>\n<meta property=\"og:image\" content=\"https:\/\/startercultures.eu\/wp-content\/uploads\/2020\/07\/101mu-1.png\" \/>\n\t<meta property=\"og:image:width\" content=\"1250\" \/>\n\t<meta property=\"og:image:height\" content=\"1250\" \/>\n\t<meta property=\"og:image:type\" content=\"image\/png\" \/>\n<meta name=\"twitter:card\" content=\"summary_large_image\" \/>\n<meta name=\"twitter:label1\" content=\"Price\" \/>\n\t<meta name=\"twitter:data1\" content=\"12,99\" \/>\n\t<meta name=\"twitter:label2\" content=\"Availability\" \/>\n\t<meta name=\"twitter:data2\" content=\"Vorr\u00e4tig\" \/>\n<script type=\"application\/ld+json\" class=\"yoast-schema-graph\">{\"@context\":\"https:\/\/schema.org\",\"@graph\":[{\"@type\":\"WebPage\",\"@id\":\"https:\/\/startercultures.eu\/de\/product\/fermentation-de\/molkerei\/veganer-joghurt\/vegan-kefir-starter\/\",\"url\":\"https:\/\/startercultures.eu\/de\/product\/fermentation-de\/molkerei\/veganer-joghurt\/vegan-kefir-starter\/\",\"name\":\"Vegane Milchkefir-Starterkultur - Startercultures.eu\",\"isPartOf\":{\"@id\":\"https:\/\/startercultures.eu\/de\/#website\"},\"primaryImageOfPage\":{\"@id\":\"https:\/\/startercultures.eu\/de\/product\/fermentation-de\/molkerei\/veganer-joghurt\/vegan-kefir-starter\/#primaryimage\"},\"image\":{\"@id\":\"https:\/\/startercultures.eu\/de\/product\/fermentation-de\/molkerei\/veganer-joghurt\/vegan-kefir-starter\/#primaryimage\"},\"thumbnailUrl\":\"https:\/\/startercultures.eu\/wp-content\/uploads\/2020\/07\/101mu-1.png\",\"datePublished\":\"2020-07-31T16:36:44+00:00\",\"dateModified\":\"2026-04-21T12:12:45+00:00\",\"description\":\"Machen Sie Ihren eigenen veganen Kefir zu Hause mit dieser veganen Milchkefir-Starterkultur. Lecker und gesund. Kaufen Sie sie hier!\",\"breadcrumb\":{\"@id\":\"https:\/\/startercultures.eu\/de\/product\/fermentation-de\/molkerei\/veganer-joghurt\/vegan-kefir-starter\/#breadcrumb\"},\"inLanguage\":\"de-DE\",\"potentialAction\":[{\"@type\":\"ReadAction\",\"target\":[\"https:\/\/startercultures.eu\/de\/product\/fermentation-de\/molkerei\/veganer-joghurt\/vegan-kefir-starter\/\"]}]},{\"@type\":\"ImageObject\",\"inLanguage\":\"de-DE\",\"@id\":\"https:\/\/startercultures.eu\/de\/product\/fermentation-de\/molkerei\/veganer-joghurt\/vegan-kefir-starter\/#primaryimage\",\"url\":\"https:\/\/startercultures.eu\/wp-content\/uploads\/2020\/07\/101mu-1.png\",\"contentUrl\":\"https:\/\/startercultures.eu\/wp-content\/uploads\/2020\/07\/101mu-1.png\",\"width\":1250,\"height\":1250,\"caption\":\"Veganer Milchkefir\"},{\"@type\":\"BreadcrumbList\",\"@id\":\"https:\/\/startercultures.eu\/de\/product\/fermentation-de\/molkerei\/veganer-joghurt\/vegan-kefir-starter\/#breadcrumb\",\"itemListElement\":[{\"@type\":\"ListItem\",\"position\":1,\"name\":\"Home\",\"item\":\"https:\/\/startercultures.eu\/de\/\"},{\"@type\":\"ListItem\",\"position\":2,\"name\":\"Shop\",\"item\":\"https:\/\/startercultures.eu\/shop\/\"},{\"@type\":\"ListItem\",\"position\":3,\"name\":\"Vegane Milchkefir-Starterkultur\"}]},{\"@type\":\"WebSite\",\"@id\":\"https:\/\/startercultures.eu\/de\/#website\",\"url\":\"https:\/\/startercultures.eu\/de\/\",\"name\":\"Startercultures.eu\",\"description\":\"Startercultures.eu\",\"publisher\":{\"@id\":\"https:\/\/startercultures.eu\/de\/#organization\"},\"potentialAction\":[{\"@type\":\"SearchAction\",\"target\":{\"@type\":\"EntryPoint\",\"urlTemplate\":\"https:\/\/startercultures.eu\/de\/?s={search_term_string}\"},\"query-input\":{\"@type\":\"PropertyValueSpecification\",\"valueRequired\":true,\"valueName\":\"search_term_string\"}}],\"inLanguage\":\"de-DE\"},{\"@type\":\"Organization\",\"@id\":\"https:\/\/startercultures.eu\/de\/#organization\",\"name\":\"Startercultures.eu\",\"url\":\"https:\/\/startercultures.eu\/de\/\",\"logo\":{\"@type\":\"ImageObject\",\"inLanguage\":\"de-DE\",\"@id\":\"https:\/\/startercultures.eu\/de\/#\/schema\/logo\/image\/\",\"url\":\"https:\/\/startercultures.eu\/wp-content\/uploads\/2020\/08\/startercultures-eu-nl-logo-rond-rgb.png\",\"contentUrl\":\"https:\/\/startercultures.eu\/wp-content\/uploads\/2020\/08\/startercultures-eu-nl-logo-rond-rgb.png\",\"width\":320,\"height\":320,\"caption\":\"Startercultures.eu\"},\"image\":{\"@id\":\"https:\/\/startercultures.eu\/de\/#\/schema\/logo\/image\/\"},\"sameAs\":[\"https:\/\/www.facebook.com\/startercultureseu\",\"https:\/\/www.instagram.com\/startercultures.eu\/\"],\"hasMerchantReturnPolicy\":{\"@type\":\"MerchantReturnPolicy\",\"merchantReturnLink\":\"https:\/\/startercultures.eu\/return-policy\/\"}}]}<\/script>\n<meta property=\"product:price:amount\" content=\"12.99\" \/>\n<meta property=\"product:price:currency\" content=\"EUR\" \/>\n<meta property=\"og:availability\" content=\"instock\" \/>\n<meta property=\"product:availability\" content=\"instock\" \/>\n<meta property=\"product:retailer_item_id\" content=\"101\" \/>\n<meta property=\"product:condition\" content=\"new\" \/>\n<!-- \/ Yoast SEO plugin. -->","yoast_head_json":{"title":"Vegane Milchkefir-Starterkultur - Startercultures.eu","description":"Machen Sie Ihren eigenen veganen Kefir zu Hause mit dieser veganen Milchkefir-Starterkultur. Lecker und gesund. Kaufen Sie sie hier!","robots":{"index":"index","follow":"follow","max-snippet":"max-snippet:-1","max-image-preview":"max-image-preview:large","max-video-preview":"max-video-preview:-1"},"canonical":"https:\/\/startercultures.eu\/de\/product\/fermentation-de\/molkerei\/veganer-joghurt\/vegan-kefir-starter\/","og_locale":"de_DE","og_type":"article","og_title":"Vegane Milchkefir-Starterkultur - Startercultures.eu","og_description":"Machen Sie Ihren eigenen veganen Kefir zu Hause mit dieser veganen Milchkefir-Starterkultur. Lecker und gesund. Kaufen Sie sie hier!","og_url":"https:\/\/startercultures.eu\/de\/product\/fermentation-de\/molkerei\/veganer-joghurt\/vegan-kefir-starter\/","og_site_name":"Startercultures.eu","article_publisher":"https:\/\/www.facebook.com\/startercultureseu","article_modified_time":"2026-04-21T12:12:45+00:00","og_image":[{"width":1250,"height":1250,"url":"https:\/\/startercultures.eu\/wp-content\/uploads\/2020\/07\/101mu-1.png","type":"image\/png"}],"twitter_card":"summary_large_image","twitter_misc":{"Price":"12,99","Availability":"Vorr\u00e4tig"},"schema":{"@context":"https:\/\/schema.org","@graph":[{"@type":"WebPage","@id":"https:\/\/startercultures.eu\/de\/product\/fermentation-de\/molkerei\/veganer-joghurt\/vegan-kefir-starter\/","url":"https:\/\/startercultures.eu\/de\/product\/fermentation-de\/molkerei\/veganer-joghurt\/vegan-kefir-starter\/","name":"Vegane Milchkefir-Starterkultur - Startercultures.eu","isPartOf":{"@id":"https:\/\/startercultures.eu\/de\/#website"},"primaryImageOfPage":{"@id":"https:\/\/startercultures.eu\/de\/product\/fermentation-de\/molkerei\/veganer-joghurt\/vegan-kefir-starter\/#primaryimage"},"image":{"@id":"https:\/\/startercultures.eu\/de\/product\/fermentation-de\/molkerei\/veganer-joghurt\/vegan-kefir-starter\/#primaryimage"},"thumbnailUrl":"https:\/\/startercultures.eu\/wp-content\/uploads\/2020\/07\/101mu-1.png","datePublished":"2020-07-31T16:36:44+00:00","dateModified":"2026-04-21T12:12:45+00:00","description":"Machen Sie Ihren eigenen veganen Kefir zu Hause mit dieser veganen Milchkefir-Starterkultur. Lecker und gesund. Kaufen Sie sie hier!","breadcrumb":{"@id":"https:\/\/startercultures.eu\/de\/product\/fermentation-de\/molkerei\/veganer-joghurt\/vegan-kefir-starter\/#breadcrumb"},"inLanguage":"de-DE","potentialAction":[{"@type":"ReadAction","target":["https:\/\/startercultures.eu\/de\/product\/fermentation-de\/molkerei\/veganer-joghurt\/vegan-kefir-starter\/"]}]},{"@type":"ImageObject","inLanguage":"de-DE","@id":"https:\/\/startercultures.eu\/de\/product\/fermentation-de\/molkerei\/veganer-joghurt\/vegan-kefir-starter\/#primaryimage","url":"https:\/\/startercultures.eu\/wp-content\/uploads\/2020\/07\/101mu-1.png","contentUrl":"https:\/\/startercultures.eu\/wp-content\/uploads\/2020\/07\/101mu-1.png","width":1250,"height":1250,"caption":"Veganer Milchkefir"},{"@type":"BreadcrumbList","@id":"https:\/\/startercultures.eu\/de\/product\/fermentation-de\/molkerei\/veganer-joghurt\/vegan-kefir-starter\/#breadcrumb","itemListElement":[{"@type":"ListItem","position":1,"name":"Home","item":"https:\/\/startercultures.eu\/de\/"},{"@type":"ListItem","position":2,"name":"Shop","item":"https:\/\/startercultures.eu\/shop\/"},{"@type":"ListItem","position":3,"name":"Vegane Milchkefir-Starterkultur"}]},{"@type":"WebSite","@id":"https:\/\/startercultures.eu\/de\/#website","url":"https:\/\/startercultures.eu\/de\/","name":"Startercultures.eu","description":"Startercultures.eu","publisher":{"@id":"https:\/\/startercultures.eu\/de\/#organization"},"potentialAction":[{"@type":"SearchAction","target":{"@type":"EntryPoint","urlTemplate":"https:\/\/startercultures.eu\/de\/?s={search_term_string}"},"query-input":{"@type":"PropertyValueSpecification","valueRequired":true,"valueName":"search_term_string"}}],"inLanguage":"de-DE"},{"@type":"Organization","@id":"https:\/\/startercultures.eu\/de\/#organization","name":"Startercultures.eu","url":"https:\/\/startercultures.eu\/de\/","logo":{"@type":"ImageObject","inLanguage":"de-DE","@id":"https:\/\/startercultures.eu\/de\/#\/schema\/logo\/image\/","url":"https:\/\/startercultures.eu\/wp-content\/uploads\/2020\/08\/startercultures-eu-nl-logo-rond-rgb.png","contentUrl":"https:\/\/startercultures.eu\/wp-content\/uploads\/2020\/08\/startercultures-eu-nl-logo-rond-rgb.png","width":320,"height":320,"caption":"Startercultures.eu"},"image":{"@id":"https:\/\/startercultures.eu\/de\/#\/schema\/logo\/image\/"},"sameAs":["https:\/\/www.facebook.com\/startercultureseu","https:\/\/www.instagram.com\/startercultures.eu\/"],"hasMerchantReturnPolicy":{"@type":"MerchantReturnPolicy","merchantReturnLink":"https:\/\/startercultures.eu\/return-policy\/"}}]},"product_price_amount":"12.99","product_price_currency":"EUR","og_availability":"instock","product_availability":"instock","product_retailer_item_id":"101","product_condition":"new"},"_links":{"self":[{"href":"https:\/\/startercultures.eu\/de\/wp-json\/wp\/v2\/product\/25218","targetHints":{"allow":["GET"]}}],"collection":[{"href":"https:\/\/startercultures.eu\/de\/wp-json\/wp\/v2\/product"}],"about":[{"href":"https:\/\/startercultures.eu\/de\/wp-json\/wp\/v2\/types\/product"}],"replies":[{"embeddable":true,"href":"https:\/\/startercultures.eu\/de\/wp-json\/wp\/v2\/comments?post=25218"}],"version-history":[{"count":1,"href":"https:\/\/startercultures.eu\/de\/wp-json\/wp\/v2\/product\/25218\/revisions"}],"predecessor-version":[{"id":52137,"href":"https:\/\/startercultures.eu\/de\/wp-json\/wp\/v2\/product\/25218\/revisions\/52137"}],"wp:featuredmedia":[{"embeddable":true,"href":"https:\/\/startercultures.eu\/de\/wp-json\/wp\/v2\/media\/24484"}],"wp:attachment":[{"href":"https:\/\/startercultures.eu\/de\/wp-json\/wp\/v2\/media?parent=25218"}],"wp:term":[{"taxonomy":"product_brand","embeddable":true,"href":"https:\/\/startercultures.eu\/de\/wp-json\/wp\/v2\/product_brand?post=25218"},{"taxonomy":"product_cat","embeddable":true,"href":"https:\/\/startercultures.eu\/de\/wp-json\/wp\/v2\/product_cat?post=25218"},{"taxonomy":"product_tag","embeddable":true,"href":"https:\/\/startercultures.eu\/de\/wp-json\/wp\/v2\/product_tag?post=25218"}],"curies":[{"name":"wp","href":"https:\/\/api.w.org\/{rel}","templated":true}]}}