{"id":25233,"date":"2020-07-31T16:37:02","date_gmt":"2020-07-31T16:37:02","guid":{"rendered":"https:\/\/startercultures.eu\/product\/unkategorisiert\/kombucha-scoby-getestet-und-garantiert-sicher\/"},"modified":"2026-04-10T15:33:23","modified_gmt":"2026-04-10T13:33:23","slug":"bio-garantiert-sicher-kombucha-scoby","status":"publish","type":"product","link":"https:\/\/startercultures.eu\/de\/product\/fermentation-de\/sodas\/bio-garantiert-sicher-kombucha-scoby\/","title":{"rendered":"Kombucha SCOBY | garantiert sicher und getestet"},"content":{"rendered":"<h3>Was ist Kombucha?<\/h3>\n<p>Kombucha ist ein Erfrischungsgetr\u00e4nk auf der Basis von s\u00fc\u00dfem Tee, der durch Milchs\u00e4ure- und Essigs\u00e4urebakterien und Hefen fermentiert wird. Das Getr\u00e4nk erh\u00e4lt seinen herrlich frischen Geschmack und die leichte Kohlens\u00e4ure durch eine symbiotische Zusammenarbeit verschiedener Mikroorganismen. Kombucha ist lecker, hip und &#8211; m\u00f6glicherweise &#8211; gesund. Sie k\u00f6nnen endlos variieren und Ihre eigenen Geschmacksrichtungen kreieren. Mit unserem biologischen, getesteten und garantiert sicheren Kombucha SCOBY sind Sie bereit, Ihren eigenen Kombucha f\u00fcr den Rest Ihres Lebens zu brauen!<\/p>\n<h3>Woher kommt der Kombucha?<\/h3>\n<p>Kombucha ist ein fermentiertes, lebendig kultiviertes Getr\u00e4nk. Die genauen Urspr\u00fcnge des antiken Getr\u00e4nks sind im Laufe der Zeit verloren gegangen, aber man nimmt an, dass es seinen Ursprung im Fernen Osten hat. Die ersten Aufzeichnungen \u00fcber die Verwendung von Kombucha stammen aus China aus dem Jahr 221 v. Chr. w\u00e4hrend der Tsin-Dynastie. Auch in Osteuropa, Russland und Japan wird Kombucha seit Jahrhunderten verwendet. Es wird angenommen, dass der Name Kombucha 415 n. Chr. aus Japan stammt, wo ein koreanischer Arzt &#8220;Kombu&#8221; den japanischen Kaiser Inyko mit dem fermentierten Tee behandelte und von da an seinen Namen &#8220;Kombu&#8221; und &#8220;Cha&#8221;, was Tee bedeutet, annahm.<\/p>\n<h3>Wie schmeckt Kombucha?<\/h3>\n<p>Das Aroma von Kombucha ist leicht hefig und der Geschmack ist frisch und leicht s\u00e4uerlich und herb und wird mit l\u00e4ngerer Fermentationszeit sch\u00e4rfer. Je nach Zubereitungsart gibt es auch ein angenehmes Sprudeln und in der Ferne schmeckt man oft etwas Rests\u00fc\u00dfe und etwas von der Herbe des Tees. Je l\u00e4nger Sie Kombucha g\u00e4ren lassen, desto mehr Zucker wird umgewandelt und desto saurer wird das Ergebnis.<\/p>\n<p>Kombucha ist zu einem unserer liebsten fermentierten Getr\u00e4nke geworden, obwohl wir uns erst daran gew\u00f6hnen mussten. Die Variationsm\u00f6glichkeiten sind wirklich endlos, sowohl als Erfrischungsgetr\u00e4nk als auch als Zutat f\u00fcr innovative kulinarische Zubereitungen. Nachstehend finden Sie das Grundrezept, aber lesen Sie bitte auch die Tipps und Variationen.<\/p>\n<h3>\u00dcber den SCOBY<\/h3>\n<p>SCOBY ist ein Akronym f\u00fcr Symbiotic Culture of Bacteria and Yeast. Oft wird die geleeartige Scheibe als SCOBY bezeichnet. Technisch gesehen wird die Scheibe jedoch als Pellikel, Mutter oder Biofilm bezeichnet, und die Kombination aus diesem Pellikel und der Fl\u00fcssigkeit ist der eigentliche SCOBY. Diese Pellikel ist zwar f\u00fcr die G\u00e4rung nicht unbedingt erforderlich, bietet aber eine Oberfl\u00e4che f\u00fcr die Mikroben und kann dazu beitragen, das Gebr\u00e4u vor Verunreinigungen zu sch\u00fctzen.<\/p>\n<p>Das Pellikel\/SCOBY besteht haupts\u00e4chlich aus Zellulose, die von bestimmten Bakterien im Kombucha erzeugt wird. Es ist tats\u00e4chlich essbar!<\/p>\n<h3>Kaufen Sie einen sicheren SCOBY<\/h3>\n<p>Die Herstellung von Kombucha ist sehr schmackhaft und macht Spa\u00df, ist aber nicht ganz risikofrei. In den 1990er Jahren gab es einige F\u00e4lle von akuten Vergiftungen durch den Genuss von Kombucha, und es wurde auch \u00fcber das Vorhandensein von giftigen Bakterien wie <em>Bacillus anthracis<\/em> (Milzbrand) berichtet. Deshalb sollten Sie einen SCOBY nicht irgendwo kaufen, sondern nur bei einer zuverl\u00e4ssigen Quelle. Unsere SCOBYs sind biologisch, <strong>getestet und garantiert frei von Krankheitserregern!<\/strong><\/p>\n<h3>Welche Mikroorganismen sind in Kombucha enthalten?<\/h3>\n<p>Keine zwei Kombucha-SCOBYs sind gleich, aber die folgenden Mikroben sind h\u00e4ufig zu finden. Hefen: <em>Schizosaccharomyces pombe, Torulaspora delbrueckii und Zygosaccharomyces bailii. <\/em>Au\u00dferdem findet man verschiedene <em>Candida- und Aspergillus-Hefen. <\/em>Die in Kombucha am h\u00e4ufigsten vorkommenden Bakterien sind<em> Bacterium xylinum, Bacterium gluconium und Acetobacter hetogenum.<\/em><\/p>\n<h3>Wie funktioniert die Fermentation von Kombucha?<\/h3>\n<p>Der Kombucha-Fermentationsprozess wird durch ein komplexes Zusammenspiel verschiedener mikrobieller Gruppen angetrieben, die alle eine entscheidende Rolle bei der Herstellung des Endprodukts spielen. Die wichtigsten beteiligten Gruppen sind Hefen und Bakterien, die in einer symbiotischen Beziehung zusammenarbeiten. Die Hefen in Kombucha sind f\u00fcr die Aufspaltung des Zuckers in Alkohol und Kohlendioxid verantwortlich. Sie machen auch Zucker f\u00fcr andere Mikroorganismen verf\u00fcgbar. Die Bakterien, insbesondere Essigs\u00e4urebakterien, \u00fcbernehmen dann die Umwandlung des Alkohols in Essigs\u00e4ure (&#8216;Essig&#8217;). Dieser Prozess tr\u00e4gt nicht nur zu dem charakteristischen, w\u00fcrzigen Geschmack von Kombucha bei, sondern schafft auch eine saure Umgebung, die das Wachstum potenzieller Krankheitserreger hemmt. Einige Bakterien in der Kultur produzieren auch Zellulose, die das sichtbare Pellikel oder die &#8220;Mutter&#8221; bildet, die oben auf dem Sud schwimmt.<\/p>\n<h3>Was ist in der Tasche?<\/h3>\n<ul>\n<li>ein getesteter SCOBY-Kombucha<\/li>\n<li>100 ml Kombucha-Starterfkulturl\u00fcssigkeit<\/li>\n<\/ul>\n<h3>Wie machen Sie Ihren eigenen Kombucha &#8211; 1 Liter<\/h3>\n<p>Die Menge, die Sie erhalten, ist f\u00fcr die Herstellung von 1 Liter Kombucha. Wenn Sie mehr herstellen m\u00f6chten, k\u00f6nnen Sie den Kombucha der ersten Charge als Starterkultur f\u00fcr die zweite Charge mit mehr Volumen verwenden. Verwenden Sie immer mindestens 10% Starterfl\u00fcssigkeit. Aus 100 ml k\u00f6nnen Sie also 1 Liter herstellen. Aus 1 Liter k\u00f6nnen Sie 10 Liter machen, usw.<\/p>\n<p>Inhaltsstoffe<\/p>\n<ul>\n<li>Kombucha SCOBY mit der Fl\u00fcssigkeit<\/li>\n<li>1 l Wasser<\/li>\n<li>5-7 g Tee (schwarz, gr\u00fcn oder eine Mischung)<\/li>\n<li>50-100 Gramm Zucker. Rohrzucker funktioniert besser als raffinierter Zucker.<\/li>\n<\/ul>\n<p>Vorbereitung<\/p>\n<ol>\n<li>Sterilisieren Sie Ihr Gef\u00e4\u00df mit hei\u00dfem Wasser.<\/li>\n<li>Das Wasser aufkochen, den Zucker darin aufl\u00f6sen und den Tee ziehen lassen.<\/li>\n<li>Auf Zimmertemperatur abk\u00fchlen lassen.<\/li>\n<li>Geben Sie den SCOBY und die Fl\u00fcssigkeit zum Tee.<\/li>\n<li>Decken Sie sie mit einem Seihtuch und einem Gummiband ab.<\/li>\n<li>Mindestens eine Woche lang bei 25-30 \u00b0C ohne direkte Sonneneinstrahlung g\u00e4ren lassen.<\/li>\n<li>Schmecken Sie jeden Tag mit einem sauberen L\u00f6ffel, um festzustellen, ob Sie es m\u00f6gen.<\/li>\n<li>Optional: Testen Sie den pH-Wert. Er sollte nicht h\u00f6her als 4,6 sein, aber ein pH-Wert von 2,5 &#8211; 3,5 ist ideal f\u00fcr Kombucha.<\/li>\n<li>Bewahren Sie den SCOBY zusammen mit mindestens 100 ml Kombucha f\u00fcr die n\u00e4chste Charge auf.<\/li>\n<li>Den Kombucha abseihen.<\/li>\n<li>Optional: Gie\u00dfen Sie den Kombucha in eine druckfeste Flasche, f\u00fcgen Sie 1-2 Teel\u00f6ffel Zucker hinzu und verschlie\u00dfen Sie sie.<\/li>\n<li>Weitere 2-3 Minuten in einer verschlossenen Flasche g\u00e4ren lassen.<\/li>\n<li>K\u00fchler R\u00fccken.<\/li>\n<li>Viel Spa\u00df!<\/li>\n<\/ol>\n<h3>Kombucha Variationen: die zweite Fermentation<\/h3>\n<p>Bei der zweiten Fermentierung (Schritt 11 oben) k\u00f6nnen Sie Aromen hinzuf\u00fcgen und so eine unendliche Menge an einzigartigen Kombuchas kreieren!<\/p>\n<ol>\n<li>Bereiten Sie Ihre Aromazutaten vor: W\u00e4hlen Sie Fr\u00fcchte, Kr\u00e4uter oder S\u00e4fte zum Aromatisieren. Schneiden Sie die Fr\u00fcchte in kleine St\u00fccke oder p\u00fcrieren Sie sie.<\/li>\n<li>F\u00fcllen Sie Aromen in die Flaschen: Geben Sie die von Ihnen gew\u00e4hlten Aromastoffe in jede Flasche. Im Allgemeinen verwenden Sie etwa 10-20% Aromastoffe auf 80-90% Kombucha.<\/li>\n<li>F\u00fcllen Sie die Flaschen: Gie\u00dfen Sie den Kombucha aus der ersten G\u00e4rung in die druckfesten Flaschen und lassen Sie dabei einen Freiraum von 2-4 cm.<\/li>\n<li>Verschlie\u00dfen Sie die Flaschen: Verschlie\u00dfen Sie die Flaschen fest, damit sich die Kohlens\u00e4ure bilden kann.<\/li>\n<li>Lassen Sie sie g\u00e4ren: Lagern Sie die Flaschen bei Raumtemperatur f\u00fcr 1-5 Tage, je nach Geschmacksvorliebe und gew\u00fcnschtem Kohlens\u00e4uregehalt.<\/li>\n<li>K\u00fchlen: Sobald Sie mit dem Geschmack und der Kohlens\u00e4ure zufrieden sind, stellen Sie alle Flaschen in den K\u00fchlschrank, um die G\u00e4rung zu verlangsamen.<\/li>\n<li>Abseihen, falls gew\u00fcnscht: Beim Servieren k\u00f6nnen Sie die Fruchtst\u00fccke oder Kr\u00e4uter abseihen.<\/li>\n<li>Denken Sie daran, dass die zweite G\u00e4rung die Karbonisierung verst\u00e4rkt. Seien Sie also vorsichtig beim \u00d6ffnen der Flaschen, um ein Versch\u00fctten zu vermeiden.<\/li>\n<\/ol>\n<h3>Wie k\u00f6nnen Sie feststellen, ob Ihr SCOBY sicher ist?<\/h3>\n<p>Das wichtigste Anzeichen f\u00fcr ein ungesundes Pellikel oder eine Mutter ist Schimmelbildung. Wenn Sie Schimmel auf Ihrem SCOBY sehen, m\u00fcssen Sie den gesamten Inhalt des Glases entsorgen. Sie kann nicht gerettet werden. Alle anderen Anzeichen, wie z.B. ob sie schwimmt oder nicht, ob die Pellikel h\u00e4sslich ist oder auseinanderf\u00e4llt, sind keine zuverl\u00e4ssigen Hinweise auf ihre Gesundheit.<\/p>\n<h3>Ist Kombucha gesund?<\/h3>\n<p>Es gibt viele gesundheitsbezogene Behauptungen \u00fcber Kombucha. Diese Behauptungen reichen von einer verbesserten Verdauung und der Unterst\u00fctzung des Immunsystems bis hin zur Unterst\u00fctzung bei der Gewichtsabnahme, der Verbesserung der Haut, gl\u00e4nzendem Haar und sogar der Vorbeugung oder Heilung schwerer Krankheiten wie Krebs. Allerdings gibt es immer noch wenig handfeste Beweise f\u00fcr die gesundheitlichen Auswirkungen von Kombucha. Es gibt einige m\u00f6gliche Vorteile wie das Vorhandensein von Antioxidantien und die Tatsache, dass es Probiotika enth\u00e4lt. Lesen Sie mehr dar\u00fcber in unserem <a href=\"https:\/\/startercultures.eu\/kombucha-a-fermented-miracle-drink-or-just-delicious-plus-a-recipe\/\" target=\"_blank\" rel=\"noopener\">ausf\u00fchrlichen Blogbeitrag \u00fcber die gesundheitlichen Auswirkungen von Kombucha<\/a>.<\/p>\n<h3 class=\"product_title entry-title\">Online-Kurs zur Herstellung von Kombucha<\/h3>\n<p><img decoding=\"async\" class=\"lazyload wp-image-34232 alignright\" src=\"https:\/\/startercultures.eu\/wp-content\/uploads\/2020\/07\/Kombucha-2-229x300.png\" data-orig-src=\"https:\/\/startercultures.eu\/wp-content\/uploads\/2020\/07\/Kombucha-2-229x300.png\" alt=\"Kombucha SCOBY\" width=\"107\" height=\"140\" srcset=\"data:image\/svg+xml,%3Csvg%20xmlns%3D%27http%3A%2F%2Fwww.w3.org%2F2000%2Fsvg%27%20width%3D%27107%27%20height%3D%27140%27%20viewBox%3D%270%200%20107%20140%27%3E%3Crect%20width%3D%27107%27%20height%3D%27140%27%20fill-opacity%3D%220%22%2F%3E%3C%2Fsvg%3E\" data-srcset=\"https:\/\/startercultures.eu\/wp-content\/uploads\/2020\/07\/Kombucha-2-200x262.png 200w, https:\/\/startercultures.eu\/wp-content\/uploads\/2020\/07\/Kombucha-2-229x300.png 229w, https:\/\/startercultures.eu\/wp-content\/uploads\/2020\/07\/Kombucha-2-400x523.png 400w, https:\/\/startercultures.eu\/wp-content\/uploads\/2020\/07\/Kombucha-2-500x654.png 500w, https:\/\/startercultures.eu\/wp-content\/uploads\/2020\/07\/Kombucha-2-600x785.png 600w, https:\/\/startercultures.eu\/wp-content\/uploads\/2020\/07\/Kombucha-2-700x915.png 700w, https:\/\/startercultures.eu\/wp-content\/uploads\/2020\/07\/Kombucha-2-768x1004.png 768w, https:\/\/startercultures.eu\/wp-content\/uploads\/2020\/07\/Kombucha-2-783x1024.png 783w, https:\/\/startercultures.eu\/wp-content\/uploads\/2020\/07\/Kombucha-2-800x1046.png 800w, https:\/\/startercultures.eu\/wp-content\/uploads\/2020\/07\/Kombucha-2.png 956w\" data-sizes=\"auto\" data-orig-sizes=\"(max-width: 107px) 100vw, 107px\" \/><\/p>\n<p class=\"product_title entry-title\"><span style=\"font-size: 16px;\">In 29 mundgerechten, englischsprachigen Videolektionen lernen Sie alles \u00fcber die Herstellung von Kombucha zu Hause, ohne spezielle Hilfsmittel, in diesem <\/span><a style=\"font-size: 16px;\" href=\"https:\/\/startercultures.eu\/product\/fermentation-fundamentals\/online-kombucha-making-course\/\" target=\"_blank\" rel=\"noopener\">diesem Online-Kurs<\/a><span style=\"font-size: 16px;\"> von dem Gr\u00fcnder von startercultures.eu. Sie werden l<\/span>verdienen, Kombucha zu fermentieren, Ihre Probiotika zu f\u00f6rdern und Geld zu sparen, indem Sie nie wieder Kombucha kaufen m\u00fcssen!<\/p>\n","protected":false},"excerpt":{"rendered":"<p>Mit unserem getesteten und garantiert sicheren Kombucha-SCOBY sind Sie bereit, Ihren eigenen Kombucha f\u00fcr den Rest Ihres Lebens zu brauen.<\/p>\n","protected":false},"featured_media":24198,"comment_status":"open","ping_status":"closed","template":"","meta":{"_acf_changed":false,"footnotes":""},"product_brand":[],"product_cat":[726,688,687],"product_tag":[],"class_list":{"0":"post-25233","1":"product","2":"type-product","3":"status-publish","4":"has-post-thumbnail","6":"product_cat-sodas","7":"product_cat-starterkulturen-de-2","8":"product_cat-vegane-limonaden","9":"pa_ean-8719327178751-de","11":"first","12":"instock","13":"taxable","14":"shipping-taxable","15":"purchasable","16":"product-type-simple"},"acf":[],"yoast_head":"<!-- This site is optimized with the Yoast SEO plugin v26.6 - https:\/\/yoast.com\/wordpress\/plugins\/seo\/ -->\n<title>Kombucha SCOBY | garantiert sicher und getestet - Startercultures.eu<\/title>\n<meta name=\"description\" content=\"Mit unserem getesteten und garantiert sicheren Kombucha SCOBY sind Sie bereit, Ihren eigenen Kombucha f\u00fcr den Rest Ihres Lebens zu brauen.\" \/>\n<meta name=\"robots\" content=\"index, follow, max-snippet:-1, max-image-preview:large, max-video-preview:-1\" \/>\n<link rel=\"canonical\" href=\"https:\/\/startercultures.eu\/de\/product\/fermentation-de\/sodas\/bio-garantiert-sicher-kombucha-scoby\/\" \/>\n<meta property=\"og:locale\" content=\"de_DE\" \/>\n<meta property=\"og:type\" content=\"article\" \/>\n<meta property=\"og:title\" content=\"Kombucha SCOBY | garantiert sicher und getestet - Startercultures.eu\" \/>\n<meta property=\"og:description\" content=\"Mit unserem getesteten und garantiert sicheren Kombucha SCOBY sind Sie bereit, Ihren eigenen Kombucha f\u00fcr den Rest Ihres Lebens zu brauen.\" \/>\n<meta property=\"og:url\" content=\"https:\/\/startercultures.eu\/de\/product\/fermentation-de\/sodas\/bio-garantiert-sicher-kombucha-scoby\/\" \/>\n<meta property=\"og:site_name\" content=\"Startercultures.eu\" \/>\n<meta property=\"article:publisher\" content=\"https:\/\/www.facebook.com\/startercultureseu\" \/>\n<meta property=\"article:modified_time\" content=\"2026-04-10T13:33:23+00:00\" \/>\n<meta property=\"og:image\" content=\"https:\/\/startercultures.eu\/wp-content\/uploads\/2020\/07\/Scony-1.png\" \/>\n\t<meta property=\"og:image:width\" content=\"754\" \/>\n\t<meta property=\"og:image:height\" content=\"847\" \/>\n\t<meta property=\"og:image:type\" content=\"image\/png\" \/>\n<meta name=\"twitter:card\" content=\"summary_large_image\" \/>\n<meta name=\"twitter:label1\" content=\"Price\" \/>\n\t<meta name=\"twitter:data1\" content=\"20,99\" \/>\n\t<meta name=\"twitter:label2\" content=\"Availability\" \/>\n\t<meta name=\"twitter:data2\" content=\"Vorr\u00e4tig\" \/>\n<script type=\"application\/ld+json\" class=\"yoast-schema-graph\">{\"@context\":\"https:\/\/schema.org\",\"@graph\":[{\"@type\":\"WebPage\",\"@id\":\"https:\/\/startercultures.eu\/de\/product\/fermentation-de\/sodas\/bio-garantiert-sicher-kombucha-scoby\/\",\"url\":\"https:\/\/startercultures.eu\/de\/product\/fermentation-de\/sodas\/bio-garantiert-sicher-kombucha-scoby\/\",\"name\":\"Kombucha SCOBY | garantiert sicher und getestet - Startercultures.eu\",\"isPartOf\":{\"@id\":\"https:\/\/startercultures.eu\/de\/#website\"},\"primaryImageOfPage\":{\"@id\":\"https:\/\/startercultures.eu\/de\/product\/fermentation-de\/sodas\/bio-garantiert-sicher-kombucha-scoby\/#primaryimage\"},\"image\":{\"@id\":\"https:\/\/startercultures.eu\/de\/product\/fermentation-de\/sodas\/bio-garantiert-sicher-kombucha-scoby\/#primaryimage\"},\"thumbnailUrl\":\"https:\/\/startercultures.eu\/wp-content\/uploads\/2020\/07\/Scony-1.png\",\"datePublished\":\"2020-07-31T16:37:02+00:00\",\"dateModified\":\"2026-04-10T13:33:23+00:00\",\"description\":\"Mit unserem getesteten und garantiert sicheren Kombucha SCOBY sind Sie bereit, Ihren eigenen Kombucha f\u00fcr den Rest Ihres Lebens zu brauen.\",\"breadcrumb\":{\"@id\":\"https:\/\/startercultures.eu\/de\/product\/fermentation-de\/sodas\/bio-garantiert-sicher-kombucha-scoby\/#breadcrumb\"},\"inLanguage\":\"de-DE\",\"potentialAction\":[{\"@type\":\"ReadAction\",\"target\":[\"https:\/\/startercultures.eu\/de\/product\/fermentation-de\/sodas\/bio-garantiert-sicher-kombucha-scoby\/\"]}]},{\"@type\":\"ImageObject\",\"inLanguage\":\"de-DE\",\"@id\":\"https:\/\/startercultures.eu\/de\/product\/fermentation-de\/sodas\/bio-garantiert-sicher-kombucha-scoby\/#primaryimage\",\"url\":\"https:\/\/startercultures.eu\/wp-content\/uploads\/2020\/07\/Scony-1.png\",\"contentUrl\":\"https:\/\/startercultures.eu\/wp-content\/uploads\/2020\/07\/Scony-1.png\",\"width\":754,\"height\":847,\"caption\":\"Kombucha-Scoby\"},{\"@type\":\"BreadcrumbList\",\"@id\":\"https:\/\/startercultures.eu\/de\/product\/fermentation-de\/sodas\/bio-garantiert-sicher-kombucha-scoby\/#breadcrumb\",\"itemListElement\":[{\"@type\":\"ListItem\",\"position\":1,\"name\":\"Home\",\"item\":\"https:\/\/startercultures.eu\/de\/\"},{\"@type\":\"ListItem\",\"position\":2,\"name\":\"Shop\",\"item\":\"https:\/\/startercultures.eu\/shop\/\"},{\"@type\":\"ListItem\",\"position\":3,\"name\":\"Kombucha SCOBY | garantiert sicher und getestet\"}]},{\"@type\":\"WebSite\",\"@id\":\"https:\/\/startercultures.eu\/de\/#website\",\"url\":\"https:\/\/startercultures.eu\/de\/\",\"name\":\"Startercultures.eu\",\"description\":\"Startercultures.eu\",\"publisher\":{\"@id\":\"https:\/\/startercultures.eu\/de\/#organization\"},\"potentialAction\":[{\"@type\":\"SearchAction\",\"target\":{\"@type\":\"EntryPoint\",\"urlTemplate\":\"https:\/\/startercultures.eu\/de\/?s={search_term_string}\"},\"query-input\":{\"@type\":\"PropertyValueSpecification\",\"valueRequired\":true,\"valueName\":\"search_term_string\"}}],\"inLanguage\":\"de-DE\"},{\"@type\":\"Organization\",\"@id\":\"https:\/\/startercultures.eu\/de\/#organization\",\"name\":\"Startercultures.eu\",\"url\":\"https:\/\/startercultures.eu\/de\/\",\"logo\":{\"@type\":\"ImageObject\",\"inLanguage\":\"de-DE\",\"@id\":\"https:\/\/startercultures.eu\/de\/#\/schema\/logo\/image\/\",\"url\":\"https:\/\/startercultures.eu\/wp-content\/uploads\/2020\/08\/startercultures-eu-nl-logo-rond-rgb.png\",\"contentUrl\":\"https:\/\/startercultures.eu\/wp-content\/uploads\/2020\/08\/startercultures-eu-nl-logo-rond-rgb.png\",\"width\":320,\"height\":320,\"caption\":\"Startercultures.eu\"},\"image\":{\"@id\":\"https:\/\/startercultures.eu\/de\/#\/schema\/logo\/image\/\"},\"sameAs\":[\"https:\/\/www.facebook.com\/startercultureseu\",\"https:\/\/www.instagram.com\/startercultures.eu\/\"]}]}<\/script>\n<meta property=\"product:price:amount\" content=\"20.99\" \/>\n<meta property=\"product:price:currency\" content=\"EUR\" \/>\n<meta property=\"og:availability\" content=\"instock\" \/>\n<meta property=\"product:availability\" content=\"instock\" \/>\n<meta property=\"product:retailer_item_id\" content=\"77\" \/>\n<meta property=\"product:condition\" content=\"new\" \/>\n<!-- \/ Yoast SEO plugin. -->","yoast_head_json":{"title":"Kombucha SCOBY | garantiert sicher und getestet - Startercultures.eu","description":"Mit unserem getesteten und garantiert sicheren Kombucha SCOBY sind Sie bereit, Ihren eigenen Kombucha f\u00fcr den Rest Ihres Lebens zu brauen.","robots":{"index":"index","follow":"follow","max-snippet":"max-snippet:-1","max-image-preview":"max-image-preview:large","max-video-preview":"max-video-preview:-1"},"canonical":"https:\/\/startercultures.eu\/de\/product\/fermentation-de\/sodas\/bio-garantiert-sicher-kombucha-scoby\/","og_locale":"de_DE","og_type":"article","og_title":"Kombucha SCOBY | garantiert sicher und getestet - Startercultures.eu","og_description":"Mit unserem getesteten und garantiert sicheren Kombucha SCOBY sind Sie bereit, Ihren eigenen Kombucha f\u00fcr den Rest Ihres Lebens zu brauen.","og_url":"https:\/\/startercultures.eu\/de\/product\/fermentation-de\/sodas\/bio-garantiert-sicher-kombucha-scoby\/","og_site_name":"Startercultures.eu","article_publisher":"https:\/\/www.facebook.com\/startercultureseu","article_modified_time":"2026-04-10T13:33:23+00:00","og_image":[{"width":754,"height":847,"url":"https:\/\/startercultures.eu\/wp-content\/uploads\/2020\/07\/Scony-1.png","type":"image\/png"}],"twitter_card":"summary_large_image","twitter_misc":{"Price":"20,99","Availability":"Vorr\u00e4tig"},"schema":{"@context":"https:\/\/schema.org","@graph":[{"@type":"WebPage","@id":"https:\/\/startercultures.eu\/de\/product\/fermentation-de\/sodas\/bio-garantiert-sicher-kombucha-scoby\/","url":"https:\/\/startercultures.eu\/de\/product\/fermentation-de\/sodas\/bio-garantiert-sicher-kombucha-scoby\/","name":"Kombucha SCOBY | garantiert sicher und getestet - Startercultures.eu","isPartOf":{"@id":"https:\/\/startercultures.eu\/de\/#website"},"primaryImageOfPage":{"@id":"https:\/\/startercultures.eu\/de\/product\/fermentation-de\/sodas\/bio-garantiert-sicher-kombucha-scoby\/#primaryimage"},"image":{"@id":"https:\/\/startercultures.eu\/de\/product\/fermentation-de\/sodas\/bio-garantiert-sicher-kombucha-scoby\/#primaryimage"},"thumbnailUrl":"https:\/\/startercultures.eu\/wp-content\/uploads\/2020\/07\/Scony-1.png","datePublished":"2020-07-31T16:37:02+00:00","dateModified":"2026-04-10T13:33:23+00:00","description":"Mit unserem getesteten und garantiert sicheren Kombucha SCOBY sind Sie bereit, Ihren eigenen Kombucha f\u00fcr den Rest Ihres Lebens zu brauen.","breadcrumb":{"@id":"https:\/\/startercultures.eu\/de\/product\/fermentation-de\/sodas\/bio-garantiert-sicher-kombucha-scoby\/#breadcrumb"},"inLanguage":"de-DE","potentialAction":[{"@type":"ReadAction","target":["https:\/\/startercultures.eu\/de\/product\/fermentation-de\/sodas\/bio-garantiert-sicher-kombucha-scoby\/"]}]},{"@type":"ImageObject","inLanguage":"de-DE","@id":"https:\/\/startercultures.eu\/de\/product\/fermentation-de\/sodas\/bio-garantiert-sicher-kombucha-scoby\/#primaryimage","url":"https:\/\/startercultures.eu\/wp-content\/uploads\/2020\/07\/Scony-1.png","contentUrl":"https:\/\/startercultures.eu\/wp-content\/uploads\/2020\/07\/Scony-1.png","width":754,"height":847,"caption":"Kombucha-Scoby"},{"@type":"BreadcrumbList","@id":"https:\/\/startercultures.eu\/de\/product\/fermentation-de\/sodas\/bio-garantiert-sicher-kombucha-scoby\/#breadcrumb","itemListElement":[{"@type":"ListItem","position":1,"name":"Home","item":"https:\/\/startercultures.eu\/de\/"},{"@type":"ListItem","position":2,"name":"Shop","item":"https:\/\/startercultures.eu\/shop\/"},{"@type":"ListItem","position":3,"name":"Kombucha SCOBY | garantiert sicher und getestet"}]},{"@type":"WebSite","@id":"https:\/\/startercultures.eu\/de\/#website","url":"https:\/\/startercultures.eu\/de\/","name":"Startercultures.eu","description":"Startercultures.eu","publisher":{"@id":"https:\/\/startercultures.eu\/de\/#organization"},"potentialAction":[{"@type":"SearchAction","target":{"@type":"EntryPoint","urlTemplate":"https:\/\/startercultures.eu\/de\/?s={search_term_string}"},"query-input":{"@type":"PropertyValueSpecification","valueRequired":true,"valueName":"search_term_string"}}],"inLanguage":"de-DE"},{"@type":"Organization","@id":"https:\/\/startercultures.eu\/de\/#organization","name":"Startercultures.eu","url":"https:\/\/startercultures.eu\/de\/","logo":{"@type":"ImageObject","inLanguage":"de-DE","@id":"https:\/\/startercultures.eu\/de\/#\/schema\/logo\/image\/","url":"https:\/\/startercultures.eu\/wp-content\/uploads\/2020\/08\/startercultures-eu-nl-logo-rond-rgb.png","contentUrl":"https:\/\/startercultures.eu\/wp-content\/uploads\/2020\/08\/startercultures-eu-nl-logo-rond-rgb.png","width":320,"height":320,"caption":"Startercultures.eu"},"image":{"@id":"https:\/\/startercultures.eu\/de\/#\/schema\/logo\/image\/"},"sameAs":["https:\/\/www.facebook.com\/startercultureseu","https:\/\/www.instagram.com\/startercultures.eu\/"]}]},"product_price_amount":"20.99","product_price_currency":"EUR","og_availability":"instock","product_availability":"instock","product_retailer_item_id":"77","product_condition":"new"},"_links":{"self":[{"href":"https:\/\/startercultures.eu\/de\/wp-json\/wp\/v2\/product\/25233","targetHints":{"allow":["GET"]}}],"collection":[{"href":"https:\/\/startercultures.eu\/de\/wp-json\/wp\/v2\/product"}],"about":[{"href":"https:\/\/startercultures.eu\/de\/wp-json\/wp\/v2\/types\/product"}],"replies":[{"embeddable":true,"href":"https:\/\/startercultures.eu\/de\/wp-json\/wp\/v2\/comments?post=25233"}],"version-history":[{"count":5,"href":"https:\/\/startercultures.eu\/de\/wp-json\/wp\/v2\/product\/25233\/revisions"}],"predecessor-version":[{"id":66097,"href":"https:\/\/startercultures.eu\/de\/wp-json\/wp\/v2\/product\/25233\/revisions\/66097"}],"wp:featuredmedia":[{"embeddable":true,"href":"https:\/\/startercultures.eu\/de\/wp-json\/wp\/v2\/media\/24198"}],"wp:attachment":[{"href":"https:\/\/startercultures.eu\/de\/wp-json\/wp\/v2\/media?parent=25233"}],"wp:term":[{"taxonomy":"product_brand","embeddable":true,"href":"https:\/\/startercultures.eu\/de\/wp-json\/wp\/v2\/product_brand?post=25233"},{"taxonomy":"product_cat","embeddable":true,"href":"https:\/\/startercultures.eu\/de\/wp-json\/wp\/v2\/product_cat?post=25233"},{"taxonomy":"product_tag","embeddable":true,"href":"https:\/\/startercultures.eu\/de\/wp-json\/wp\/v2\/product_tag?post=25233"}],"curies":[{"name":"wp","href":"https:\/\/api.w.org\/{rel}","templated":true}]}}