{"id":25237,"date":"2020-07-31T16:37:30","date_gmt":"2020-07-31T16:37:30","guid":{"rendered":"https:\/\/startercultures.eu\/product\/unkategorisiert\/allround-mesophile-kaesestarterkultur-fuer-die-heimkaeserei-fuer-100l\/"},"modified":"2026-04-22T07:52:37","modified_gmt":"2026-04-22T05:52:37","slug":"mesophile-kase-starter-kultur","status":"publish","type":"product","link":"https:\/\/startercultures.eu\/de\/product\/fermentation-de\/molkerei\/kase\/mesophile-kase-starter-kultur\/","title":{"rendered":"Allround mesophile K\u00e4sestarterkultur | f\u00fcr die Heimk\u00e4serei &#8211; f\u00fcr 100L"},"content":{"rendered":"<p>Diese mesophile Allround-Starterkultur f\u00fcr K\u00e4se reicht f\u00fcr 100 Liter Milch. Sie machen nicht so viel auf einmal? Kein Problem! Bewahren Sie die verbleibende Starterkultur im Gefrierschrank auf, um sie f\u00fcr die sp\u00e4tere K\u00e4seherstellung zu verwenden. Es handelt sich um eine Direct Vat Inocculation (DVI) Kultur, d. h. Sie k\u00f6nnen die Starterkultur direkt aus dem Gefrierschrank in die Milch geben.<\/p>\n<h3>Wie funktioniert eine Starterkultur f\u00fcr K\u00e4se?<\/h3>\n<p>Die Starterkulturen haben die Aufgabe, die Milch zu fermentieren. Durch die Zugabe einer Starterkultur bestehen \u00fcber 99 % der Bakterien in Ihrer Milch aus denen der Starterkultur. Sie werden daher alle schlechten Mikroorganismen, die in der Milch vorhanden sind, \u00fcberwinden. Praktisch jeder K\u00e4sehersteller in der Welt entscheidet sich daher f\u00fcr die Verwendung von Starterkulturen.<\/p>\n<p>Eine Starterkultur besteht aus verschiedenen Milchs\u00e4urebakterien, die Milchzucker (Laktose) in Milchs\u00e4ure umwandeln. Dadurch wird die Milch saurer. Sie beeinflussen somit den Geschmack, den Geruch, die Textur und die Haltbarkeit Ihres K\u00e4ses. Au\u00dferdem ist ein niedriger pH-Wert f\u00fcr die Gerinnung der Milch erforderlich. Die Starterkulturen werden zu Beginn der K\u00e4seherstellung zugegeben, entfalten aber auch w\u00e4hrend der Reifung ihre Wirkung.<\/p>\n<h3>Was ist der Unterschied zwischen einer mesophilen und einer thermophilen Starterkultur?<\/h3>\n<p>Man kann die Starterkulturen grob nach der Temperatur klassifizieren, bei der sie ihre Arbeit verrichten. Es lassen sich zwei Varianten unterscheiden, die mesophilen und die thermophilen Starterkulturen. Der mesophile arbeitet am besten in einem Temperaturbereich von etwa 20-37 \u00b0C. Die thermophilen Starterkulturen sind w\u00e4rmeliebend (thermophil) und bevorzugen 37-55 \u00b0C. Dies ist die Temperatur w\u00e4hrend des &#8220;Kochens&#8221; des Quarks. Mesophile K\u00e4sestarterkulturen (wie die von startercultures.eu) sind die vielseitigsten und werden f\u00fcr K\u00e4se wie die meisten Weichschimmelk\u00e4se, Cheddar, Monterey Jack, Stilton, Edamer, Gouda, M\u00fcnster, Blue und Colby verwendet.<\/p>\n<h3>\u00dcber unsere mesophile K\u00e4sestarterkultur<\/h3>\n<p>Mit dieser mesophilen Starterkultur f\u00fcr K\u00e4se erhalten Sie 1 Liter Starterkultur, der ausreicht, um 100 Liter Milch zu s\u00e4uern. Sie machen nicht so viel auf einmal? Kein Problem! Bewahren Sie die restliche Starterkultur im Gefrierschrank auf. Sehen Sie sich die nachstehenden Anweisungen an.<\/p>\n<h3>Inhalt<\/h3>\n<ul>\n<li>5 Gramm mesophile K\u00e4sestarterkultur (ausreichend f\u00fcr 100 Liter Milch, siehe Anleitung)<\/li>\n<li>Enth\u00e4lt Milch, daher nicht f\u00fcr vegane K\u00e4sesorten geeignet<\/li>\n<li>Allergene: Milch<\/li>\n<\/ul>\n<h3>Mikroorganismen<\/h3>\n<p><em>Streptococcus cremoris<\/em>, <em>Streptococcus lactis<\/em>, <em>Streptococcus lactis subsp. diacetylactis<\/em> und <em>Leuconostic cremoris<\/em><\/p>\n<h3>Anweisungen zur Lagerung<\/h3>\n<p>K\u00fchl, dunkel und trocken<\/p>\n<h3>Wie man diese mesophile Starterkultur f\u00fcr K\u00e4se verwendet<\/h3>\n<ol>\n<li>L\u00f6sen Sie das K\u00e4seferment in 1 Liter sterilisierter (H-Milch) Milch auf. Sie k\u00f6nnen einfach den Karton verwenden, in dem er geliefert wurde. Sie m\u00fcssen sie nicht aussch\u00fctten.<\/li>\n<li>Gut sch\u00fctteln, verschlie\u00dfen und bei Raumtemperatur (20-24 \u00b0C) etwa 16 bis 24 Stunden ruhen lassen. Ber\u00fchren Sie sie nicht.<\/li>\n<li>Nach weiteren 12 Stunden K\u00fchlung ist diese Kultur fertig.<\/li>\n<li>Verwenden Sie 1 % als Starterkultur f\u00fcr Ihren K\u00e4se. Also 10 ml pro 1 Liter Milch.<\/li>\n<li>Reste der Starterkultur k\u00f6nnen bis zu 10 Tage im K\u00fchlschrank aufbewahrt werden.<\/li>\n<li>Alternativ: Um Ihre Starterkultur f\u00fcr viele weitere Chargen zu verwenden, frieren Sie sie in Eisw\u00fcrfelbeh\u00e4ltern oder -beuteln ein.<\/li>\n<\/ol>\n<p>Hinweis: Zur Herstellung von K\u00e4se ist die Kombination mit Lab erforderlich.<\/p>\n<h3>Online-Workshop &#8220;Veganen K\u00e4se zu Hause herstellen&#8221; (mit Untertiteln)<\/h3>\n<p>In <a href=\"https:\/\/startercultures.eu\/product\/vegan-main\/vegan-dairy\/online-english-subtitled-vegan-cheese-workshop\/\" target=\"_blank\" rel=\"noopener\">diesem Workshop mit englischen Untertiteln<\/a> lernen Sie die Theorie und Praxis der Herstellung von veganem K\u00e4se<img decoding=\"async\" class=\"lazyload  wp-image-24266 alignright\" src=\"https:\/\/startercultures.eu\/wp-content\/uploads\/2021\/06\/Vegan-cheese-starter-kit-300x222.png\" data-orig-src=\"https:\/\/startercultures.eu\/wp-content\/uploads\/2021\/06\/Vegan-cheese-starter-kit-300x222.png\" alt=\"Veganes Blauschimmelk\u00e4se Starterkultur Kit\" width=\"219\" height=\"162\" srcset=\"data:image\/svg+xml,%3Csvg%20xmlns%3D%27http%3A%2F%2Fwww.w3.org%2F2000%2Fsvg%27%20width%3D%27219%27%20height%3D%27162%27%20viewBox%3D%270%200%20219%20162%27%3E%3Crect%20width%3D%27219%27%20height%3D%27162%27%20fill-opacity%3D%220%22%2F%3E%3C%2Fsvg%3E\" data-srcset=\"https:\/\/startercultures.eu\/wp-content\/uploads\/2021\/06\/Vegan-cheese-starter-kit-200x148.png 200w, https:\/\/startercultures.eu\/wp-content\/uploads\/2021\/06\/Vegan-cheese-starter-kit-300x222.png 300w, https:\/\/startercultures.eu\/wp-content\/uploads\/2021\/06\/Vegan-cheese-starter-kit-400x296.png 400w, https:\/\/startercultures.eu\/wp-content\/uploads\/2021\/06\/Vegan-cheese-starter-kit-500x370.png 500w, https:\/\/startercultures.eu\/wp-content\/uploads\/2021\/06\/Vegan-cheese-starter-kit-600x445.png 600w, https:\/\/startercultures.eu\/wp-content\/uploads\/2021\/06\/Vegan-cheese-starter-kit-700x519.png 700w, https:\/\/startercultures.eu\/wp-content\/uploads\/2021\/06\/Vegan-cheese-starter-kit-768x569.png 768w, https:\/\/startercultures.eu\/wp-content\/uploads\/2021\/06\/Vegan-cheese-starter-kit-800x593.png 800w, https:\/\/startercultures.eu\/wp-content\/uploads\/2021\/06\/Vegan-cheese-starter-kit-1024x759.png 1024w, https:\/\/startercultures.eu\/wp-content\/uploads\/2021\/06\/Vegan-cheese-starter-kit.png 1200w\" data-sizes=\"auto\" data-orig-sizes=\"(max-width: 219px) 100vw, 219px\" \/>s zu Hause, wobei der Schwerpunkt auf veganem Camembert und veganem Blauschimmelk\u00e4se liegt. Foodwriter<a href=\"https:\/\/wateetons.com\/\" target=\"_blank\" rel=\"noopener\">&#8216;Meneer Wateetons&#8217;<\/a>, Autor mehrerer B\u00fccher \u00fcber Fermentierung und alternative Lebensmittelzubereitungstechniken, wird Ihnen alles \u00fcber Fermentierung, P\u00f6kelsalze, Lebensmittelsicherheit, <a href=\"https:\/\/en.wikipedia.org\/wiki\/PH\" target=\"_blank\" rel=\"noopener\">pH-Wert<\/a>, Starterkulturen, Schimmelpilze und Trocknungsbedingungen beibringen. Klicken Sie <a href=\"https:\/\/startercultures.eu\/product\/vegan-main\/vegan-dairy\/online-english-subtitled-vegan-cheese-workshop\/\" target=\"_blank\" rel=\"noopener\">hier<\/a> f\u00fcr weitere Informationen.<\/p>\n","protected":false},"excerpt":{"rendered":"<p>Eine Starterkultur besteht aus verschiedenen Milchs\u00e4urebakterien, die Milchzucker (Laktose) in Milchs\u00e4ure umwandeln. Dadurch wird die Milch saurer. Sie beeinflussen somit den Geschmack, den Geruch, die Textur und die Haltbarkeit Ihres K\u00e4ses.<\/p>\n","protected":false},"featured_media":48732,"comment_status":"open","ping_status":"closed","template":"","meta":{"_acf_changed":false,"footnotes":""},"product_brand":[],"product_cat":[646,645,647],"product_tag":[],"class_list":{"0":"post-25237","1":"product","2":"type-product","3":"status-publish","4":"has-post-thumbnail","6":"product_cat-kase","7":"product_cat-molkerei","8":"product_cat-starterkulturen","9":"pa_ean-5420069820268-de","11":"first","12":"instock","13":"taxable","14":"shipping-taxable","15":"purchasable","16":"product-type-simple"},"acf":[],"yoast_head":"<!-- This site is optimized with the Yoast SEO plugin v26.6 - https:\/\/yoast.com\/wordpress\/plugins\/seo\/ -->\n<title>Allround mesophile K\u00e4sestarterkultur | Startercultures.eu<\/title>\n<meta name=\"description\" content=\"Diese mesofile Starterkultur besteht aus verschiedenen Milchs\u00e4urebakterien, die Milchzucker (Laktose) in Milchs\u00e4ure umwandeln.\" \/>\n<meta name=\"robots\" content=\"index, follow, max-snippet:-1, max-image-preview:large, max-video-preview:-1\" \/>\n<link rel=\"canonical\" href=\"https:\/\/startercultures.eu\/de\/product\/fermentation-de\/molkerei\/kase\/mesophile-kase-starter-kultur\/\" \/>\n<meta property=\"og:locale\" content=\"de_DE\" \/>\n<meta property=\"og:type\" content=\"article\" \/>\n<meta property=\"og:title\" content=\"Allround mesophile K\u00e4sestarterkultur | Startercultures.eu\" \/>\n<meta property=\"og:description\" content=\"Diese mesofile Starterkultur besteht aus verschiedenen Milchs\u00e4urebakterien, die Milchzucker (Laktose) in Milchs\u00e4ure umwandeln.\" \/>\n<meta property=\"og:url\" content=\"https:\/\/startercultures.eu\/de\/product\/fermentation-de\/molkerei\/kase\/mesophile-kase-starter-kultur\/\" \/>\n<meta property=\"og:site_name\" content=\"Startercultures.eu\" \/>\n<meta property=\"article:publisher\" content=\"https:\/\/www.facebook.com\/startercultureseu\" \/>\n<meta property=\"article:modified_time\" content=\"2026-04-22T05:52:37+00:00\" \/>\n<meta property=\"og:image\" content=\"https:\/\/startercultures.eu\/wp-content\/uploads\/2020\/07\/154mu.png\" \/>\n\t<meta property=\"og:image:width\" content=\"1250\" \/>\n\t<meta property=\"og:image:height\" content=\"1250\" \/>\n\t<meta property=\"og:image:type\" content=\"image\/png\" \/>\n<meta name=\"twitter:card\" content=\"summary_large_image\" \/>\n<meta name=\"twitter:label1\" content=\"Price\" \/>\n\t<meta name=\"twitter:data1\" content=\"15,99\" \/>\n\t<meta name=\"twitter:label2\" content=\"Availability\" \/>\n\t<meta name=\"twitter:data2\" content=\"Vorr\u00e4tig\" \/>\n<script type=\"application\/ld+json\" class=\"yoast-schema-graph\">{\"@context\":\"https:\/\/schema.org\",\"@graph\":[{\"@type\":\"WebPage\",\"@id\":\"https:\/\/startercultures.eu\/de\/product\/fermentation-de\/molkerei\/kase\/mesophile-kase-starter-kultur\/\",\"url\":\"https:\/\/startercultures.eu\/de\/product\/fermentation-de\/molkerei\/kase\/mesophile-kase-starter-kultur\/\",\"name\":\"Allround mesophile K\u00e4sestarterkultur | Startercultures.eu\",\"isPartOf\":{\"@id\":\"https:\/\/startercultures.eu\/de\/#website\"},\"primaryImageOfPage\":{\"@id\":\"https:\/\/startercultures.eu\/de\/product\/fermentation-de\/molkerei\/kase\/mesophile-kase-starter-kultur\/#primaryimage\"},\"image\":{\"@id\":\"https:\/\/startercultures.eu\/de\/product\/fermentation-de\/molkerei\/kase\/mesophile-kase-starter-kultur\/#primaryimage\"},\"thumbnailUrl\":\"https:\/\/startercultures.eu\/wp-content\/uploads\/2020\/07\/154-mesofiele-kaascultuur-mu.png\",\"datePublished\":\"2020-07-31T16:37:30+00:00\",\"dateModified\":\"2026-04-22T05:52:37+00:00\",\"description\":\"Diese mesofile Starterkultur besteht aus verschiedenen Milchs\u00e4urebakterien, die Milchzucker (Laktose) in Milchs\u00e4ure umwandeln.\",\"breadcrumb\":{\"@id\":\"https:\/\/startercultures.eu\/de\/product\/fermentation-de\/molkerei\/kase\/mesophile-kase-starter-kultur\/#breadcrumb\"},\"inLanguage\":\"de-DE\",\"potentialAction\":[{\"@type\":\"ReadAction\",\"target\":[\"https:\/\/startercultures.eu\/de\/product\/fermentation-de\/molkerei\/kase\/mesophile-kase-starter-kultur\/\"]}]},{\"@type\":\"ImageObject\",\"inLanguage\":\"de-DE\",\"@id\":\"https:\/\/startercultures.eu\/de\/product\/fermentation-de\/molkerei\/kase\/mesophile-kase-starter-kultur\/#primaryimage\",\"url\":\"https:\/\/startercultures.eu\/wp-content\/uploads\/2020\/07\/154-mesofiele-kaascultuur-mu.png\",\"contentUrl\":\"https:\/\/startercultures.eu\/wp-content\/uploads\/2020\/07\/154-mesofiele-kaascultuur-mu.png\",\"width\":1250,\"height\":1250},{\"@type\":\"BreadcrumbList\",\"@id\":\"https:\/\/startercultures.eu\/de\/product\/fermentation-de\/molkerei\/kase\/mesophile-kase-starter-kultur\/#breadcrumb\",\"itemListElement\":[{\"@type\":\"ListItem\",\"position\":1,\"name\":\"Home\",\"item\":\"https:\/\/startercultures.eu\/de\/\"},{\"@type\":\"ListItem\",\"position\":2,\"name\":\"Shop\",\"item\":\"https:\/\/startercultures.eu\/shop\/\"},{\"@type\":\"ListItem\",\"position\":3,\"name\":\"Allround mesophile K\u00e4sestarterkultur | f\u00fcr die Heimk\u00e4serei &#8211; f\u00fcr 100L\"}]},{\"@type\":\"WebSite\",\"@id\":\"https:\/\/startercultures.eu\/de\/#website\",\"url\":\"https:\/\/startercultures.eu\/de\/\",\"name\":\"Startercultures.eu\",\"description\":\"Startercultures.eu\",\"publisher\":{\"@id\":\"https:\/\/startercultures.eu\/de\/#organization\"},\"potentialAction\":[{\"@type\":\"SearchAction\",\"target\":{\"@type\":\"EntryPoint\",\"urlTemplate\":\"https:\/\/startercultures.eu\/de\/?s={search_term_string}\"},\"query-input\":{\"@type\":\"PropertyValueSpecification\",\"valueRequired\":true,\"valueName\":\"search_term_string\"}}],\"inLanguage\":\"de-DE\"},{\"@type\":\"Organization\",\"@id\":\"https:\/\/startercultures.eu\/de\/#organization\",\"name\":\"Startercultures.eu\",\"url\":\"https:\/\/startercultures.eu\/de\/\",\"logo\":{\"@type\":\"ImageObject\",\"inLanguage\":\"de-DE\",\"@id\":\"https:\/\/startercultures.eu\/de\/#\/schema\/logo\/image\/\",\"url\":\"https:\/\/startercultures.eu\/wp-content\/uploads\/2020\/08\/startercultures-eu-nl-logo-rond-rgb.png\",\"contentUrl\":\"https:\/\/startercultures.eu\/wp-content\/uploads\/2020\/08\/startercultures-eu-nl-logo-rond-rgb.png\",\"width\":320,\"height\":320,\"caption\":\"Startercultures.eu\"},\"image\":{\"@id\":\"https:\/\/startercultures.eu\/de\/#\/schema\/logo\/image\/\"},\"sameAs\":[\"https:\/\/www.facebook.com\/startercultureseu\",\"https:\/\/www.instagram.com\/startercultures.eu\/\"],\"hasMerchantReturnPolicy\":{\"@type\":\"MerchantReturnPolicy\",\"merchantReturnLink\":\"https:\/\/startercultures.eu\/return-policy\/\"}}]}<\/script>\n<meta property=\"product:price:amount\" content=\"15.99\" \/>\n<meta property=\"product:price:currency\" content=\"EUR\" \/>\n<meta property=\"og:availability\" content=\"instock\" \/>\n<meta property=\"product:availability\" content=\"instock\" \/>\n<meta property=\"product:retailer_item_id\" content=\"154\" \/>\n<meta property=\"product:condition\" content=\"new\" \/>\n<!-- \/ Yoast SEO plugin. -->","yoast_head_json":{"title":"Allround mesophile K\u00e4sestarterkultur | Startercultures.eu","description":"Diese mesofile Starterkultur besteht aus verschiedenen Milchs\u00e4urebakterien, die Milchzucker (Laktose) in Milchs\u00e4ure umwandeln.","robots":{"index":"index","follow":"follow","max-snippet":"max-snippet:-1","max-image-preview":"max-image-preview:large","max-video-preview":"max-video-preview:-1"},"canonical":"https:\/\/startercultures.eu\/de\/product\/fermentation-de\/molkerei\/kase\/mesophile-kase-starter-kultur\/","og_locale":"de_DE","og_type":"article","og_title":"Allround mesophile K\u00e4sestarterkultur | Startercultures.eu","og_description":"Diese mesofile Starterkultur besteht aus verschiedenen Milchs\u00e4urebakterien, die Milchzucker (Laktose) in Milchs\u00e4ure umwandeln.","og_url":"https:\/\/startercultures.eu\/de\/product\/fermentation-de\/molkerei\/kase\/mesophile-kase-starter-kultur\/","og_site_name":"Startercultures.eu","article_publisher":"https:\/\/www.facebook.com\/startercultureseu","article_modified_time":"2026-04-22T05:52:37+00:00","og_image":[{"width":1250,"height":1250,"url":"https:\/\/startercultures.eu\/wp-content\/uploads\/2020\/07\/154mu.png","type":"image\/png"}],"twitter_card":"summary_large_image","twitter_misc":{"Price":"15,99","Availability":"Vorr\u00e4tig"},"schema":{"@context":"https:\/\/schema.org","@graph":[{"@type":"WebPage","@id":"https:\/\/startercultures.eu\/de\/product\/fermentation-de\/molkerei\/kase\/mesophile-kase-starter-kultur\/","url":"https:\/\/startercultures.eu\/de\/product\/fermentation-de\/molkerei\/kase\/mesophile-kase-starter-kultur\/","name":"Allround mesophile K\u00e4sestarterkultur | Startercultures.eu","isPartOf":{"@id":"https:\/\/startercultures.eu\/de\/#website"},"primaryImageOfPage":{"@id":"https:\/\/startercultures.eu\/de\/product\/fermentation-de\/molkerei\/kase\/mesophile-kase-starter-kultur\/#primaryimage"},"image":{"@id":"https:\/\/startercultures.eu\/de\/product\/fermentation-de\/molkerei\/kase\/mesophile-kase-starter-kultur\/#primaryimage"},"thumbnailUrl":"https:\/\/startercultures.eu\/wp-content\/uploads\/2020\/07\/154-mesofiele-kaascultuur-mu.png","datePublished":"2020-07-31T16:37:30+00:00","dateModified":"2026-04-22T05:52:37+00:00","description":"Diese mesofile Starterkultur besteht aus verschiedenen Milchs\u00e4urebakterien, die Milchzucker (Laktose) in Milchs\u00e4ure umwandeln.","breadcrumb":{"@id":"https:\/\/startercultures.eu\/de\/product\/fermentation-de\/molkerei\/kase\/mesophile-kase-starter-kultur\/#breadcrumb"},"inLanguage":"de-DE","potentialAction":[{"@type":"ReadAction","target":["https:\/\/startercultures.eu\/de\/product\/fermentation-de\/molkerei\/kase\/mesophile-kase-starter-kultur\/"]}]},{"@type":"ImageObject","inLanguage":"de-DE","@id":"https:\/\/startercultures.eu\/de\/product\/fermentation-de\/molkerei\/kase\/mesophile-kase-starter-kultur\/#primaryimage","url":"https:\/\/startercultures.eu\/wp-content\/uploads\/2020\/07\/154-mesofiele-kaascultuur-mu.png","contentUrl":"https:\/\/startercultures.eu\/wp-content\/uploads\/2020\/07\/154-mesofiele-kaascultuur-mu.png","width":1250,"height":1250},{"@type":"BreadcrumbList","@id":"https:\/\/startercultures.eu\/de\/product\/fermentation-de\/molkerei\/kase\/mesophile-kase-starter-kultur\/#breadcrumb","itemListElement":[{"@type":"ListItem","position":1,"name":"Home","item":"https:\/\/startercultures.eu\/de\/"},{"@type":"ListItem","position":2,"name":"Shop","item":"https:\/\/startercultures.eu\/shop\/"},{"@type":"ListItem","position":3,"name":"Allround mesophile K\u00e4sestarterkultur | f\u00fcr die Heimk\u00e4serei &#8211; f\u00fcr 100L"}]},{"@type":"WebSite","@id":"https:\/\/startercultures.eu\/de\/#website","url":"https:\/\/startercultures.eu\/de\/","name":"Startercultures.eu","description":"Startercultures.eu","publisher":{"@id":"https:\/\/startercultures.eu\/de\/#organization"},"potentialAction":[{"@type":"SearchAction","target":{"@type":"EntryPoint","urlTemplate":"https:\/\/startercultures.eu\/de\/?s={search_term_string}"},"query-input":{"@type":"PropertyValueSpecification","valueRequired":true,"valueName":"search_term_string"}}],"inLanguage":"de-DE"},{"@type":"Organization","@id":"https:\/\/startercultures.eu\/de\/#organization","name":"Startercultures.eu","url":"https:\/\/startercultures.eu\/de\/","logo":{"@type":"ImageObject","inLanguage":"de-DE","@id":"https:\/\/startercultures.eu\/de\/#\/schema\/logo\/image\/","url":"https:\/\/startercultures.eu\/wp-content\/uploads\/2020\/08\/startercultures-eu-nl-logo-rond-rgb.png","contentUrl":"https:\/\/startercultures.eu\/wp-content\/uploads\/2020\/08\/startercultures-eu-nl-logo-rond-rgb.png","width":320,"height":320,"caption":"Startercultures.eu"},"image":{"@id":"https:\/\/startercultures.eu\/de\/#\/schema\/logo\/image\/"},"sameAs":["https:\/\/www.facebook.com\/startercultureseu","https:\/\/www.instagram.com\/startercultures.eu\/"],"hasMerchantReturnPolicy":{"@type":"MerchantReturnPolicy","merchantReturnLink":"https:\/\/startercultures.eu\/return-policy\/"}}]},"product_price_amount":"15.99","product_price_currency":"EUR","og_availability":"instock","product_availability":"instock","product_retailer_item_id":"154","product_condition":"new"},"_links":{"self":[{"href":"https:\/\/startercultures.eu\/de\/wp-json\/wp\/v2\/product\/25237","targetHints":{"allow":["GET"]}}],"collection":[{"href":"https:\/\/startercultures.eu\/de\/wp-json\/wp\/v2\/product"}],"about":[{"href":"https:\/\/startercultures.eu\/de\/wp-json\/wp\/v2\/types\/product"}],"replies":[{"embeddable":true,"href":"https:\/\/startercultures.eu\/de\/wp-json\/wp\/v2\/comments?post=25237"}],"version-history":[{"count":0,"href":"https:\/\/startercultures.eu\/de\/wp-json\/wp\/v2\/product\/25237\/revisions"}],"wp:featuredmedia":[{"embeddable":true,"href":"https:\/\/startercultures.eu\/de\/wp-json\/wp\/v2\/media\/48732"}],"wp:attachment":[{"href":"https:\/\/startercultures.eu\/de\/wp-json\/wp\/v2\/media?parent=25237"}],"wp:term":[{"taxonomy":"product_brand","embeddable":true,"href":"https:\/\/startercultures.eu\/de\/wp-json\/wp\/v2\/product_brand?post=25237"},{"taxonomy":"product_cat","embeddable":true,"href":"https:\/\/startercultures.eu\/de\/wp-json\/wp\/v2\/product_cat?post=25237"},{"taxonomy":"product_tag","embeddable":true,"href":"https:\/\/startercultures.eu\/de\/wp-json\/wp\/v2\/product_tag?post=25237"}],"curies":[{"name":"wp","href":"https:\/\/api.w.org\/{rel}","templated":true}]}}