{"id":25242,"date":"2020-07-31T16:36:17","date_gmt":"2020-07-31T16:36:17","guid":{"rendered":"https:\/\/startercultures.eu\/product\/unkategorisiert\/stellen-sie-ihren-eigenen-wasserkefir-her-echte-wasserkefirkoerner\/"},"modified":"2026-02-19T11:12:52","modified_gmt":"2026-02-19T10:12:52","slug":"wasser-kefir-korner","status":"publish","type":"product","link":"https:\/\/startercultures.eu\/de\/product\/fermentation-de\/sodas\/wasser-kefir-korner\/","title":{"rendered":"Wasserkefirk\u00f6rner | f\u00fcr hausgemachte Soda&#8217;s"},"content":{"rendered":"<p>Stellen Sie Ihr eigenes probiotisches, sprudelndes, fermentiertes Erfrischungsgetr\u00e4nk mit unseren Wasserkefirk\u00f6rner her!<\/p>\n<h3>Was ist Wasserkefir\/ Wasserkefirk\u00f6rner?<\/h3>\n<p>Wasserkefir ist ein k\u00f6stliches hausgemachtes, gesundes fermentiertes Erfrischungsgetr\u00e4nk. Wasserkefir selbst herzustellen ist verbl\u00fcffend einfach, prickelnd frisch, unglaublich lecker und sehr befriedigend. Weiter unten finden Sie das Rezept f\u00fcr die Herstellung von Wasserkefir. Diese DIY-Champagner enthalten etwa ein halbes Prozent Alkohol.<\/p>\n<h3>Was ist der Unterschied zwischen Wasserkefir und Milchkefir?<\/h3>\n<p>Obwohl er den Namen mit dem anderen Kefir aus Milch teilt, sind die beiden \u00fcberhaupt nicht verwandt. Zugegeben, die Wasserkefirk\u00f6rner ern\u00e4hren sich von Zucker und produzieren dabei Kohlendioxid, Milchs\u00e4ure und Alkohol, und sie wachsen und bilden klumpige SCOBYs, symbiotische Kolonien von Bakterien und Hefen. Doch damit enden die Gemeinsamkeiten. Sie k\u00f6nnen Milchkefir <a href=\"https:\/\/startercultures.eu\/product\/dairy\/yoghurt\/yogurt-starters\/kefir\/\" target=\"_blank\" rel=\"noopener\">hier<\/a> finden.<\/p>\n<h3>Was ist der Unterschied zwischen Wasserkefir und Kombucha?<\/h3>\n<p>Wasserkefir und Kombucha sind beides fermentierte Getr\u00e4nke. Beide enthalten verschiedene Bakterien und Hefen, und beide sind k\u00f6stlich frisch und enthalten Bl\u00e4schen. Sie werden jedoch mit sehr unterschiedlichen Mikroorganismen hergestellt. Der Geschmack von Kombucha ist oft etwas saurer als der von Wasserkefir. Kombucha wird traditionell aus s\u00fc\u00dfem Tee hergestellt, und Wasserkefir enth\u00e4lt oft Datteln und Feigen. Mehr \u00fcber unsere Kombucha-Starterkultur k\u00f6nnen Sie <a href=\"https:\/\/startercultures.eu\/product\/soda-s\/organic-guaranteed-safe-kombucha-scoby\/\" target=\"_blank\" rel=\"noopener\">hier<\/a> lesen.<\/p>\n<h3>Welche Mikroorganismen sind in diesen Wasserkefirk\u00f6rner enthalten?<\/h3>\n<p>Keine Wasserkefirkolonie gleicht der anderen, aber im Allgemeinen besteht sie aus einer Reihe von <em>Lactobacillus-<\/em>, <em>Streptococcus-<\/em>, <em>Pediococcus-<\/em> und <em>Leuconostoc-Bakterien<\/em> sowie <em>Saccharomyces<\/em>, <em>Candida<\/em> und <em>Kloeckeragisten<\/em>.<\/p>\n<h3>Woher kommt der Wasserkefir?<\/h3>\n<p>Der Ursprung des Wasserkefirs ist nicht ganz klar, aber er wird an verschiedenen Orten der Welt hergestellt. Andere Namen sind Tibicos, Tibi, B\u00e9b\u00e9\u00e9s oder japanische Wasserkristalle.<\/p>\n<h3>Warum sollten Sie sich f\u00fcr unsere gefriergetrockneten Wasserkefirk\u00f6rner entscheiden?<\/h3>\n<p>Frische und getrocknete Wasserkefirk\u00f6rner sind identisch. Die getrockneten Exemplare brauchen nur ein paar Tage, um zu rehydrieren. Andererseits hat der Kauf von getrockneten Wasserdampfk\u00f6rnern viele Vorteile:<\/p>\n<ul>\n<li>Leicht zu versenden\/zu transportieren, auch ins Ausland.<\/li>\n<li>Verschlechtert sich beim Transport nicht.<\/li>\n<li>Geringes Gewicht (Transportkosten).<\/li>\n<li>Sie k\u00f6nnen sie bereits kaufen, auch wenn Sie nicht vorhaben, in dieser Woche sofort Wasserkefir zu machen.<\/li>\n<li>Nach der Aktivierung ist der Geschmack unseres Wasserkefirs identisch mit dem von frischen K\u00f6rnern.<\/li>\n<\/ul>\n<h3>Inhalt<\/h3>\n<ul>\n<li>5 Gramm getrocknete echte Bio-Wasserkefirk\u00f6rner (vergleichbar mit 30 Gramm frischen Wasserkefirk\u00f6rnern)<\/li>\n<li>Genug, um die ersten 800 ml Wasserkefir zuzubereiten, und dann weiter f\u00fcr den Rest Ihres Lebens.<\/li>\n<li>Die Haltbarkeit unserer dehydrierten Wasserkefirk\u00f6rner betr\u00e4gt 1 Jahr.<\/li>\n<li>Inklusive Aktivierungs-\/Wartungsanleitung und Kefir-Rezept.<\/li>\n<li>Zusammensetzung: Mikroorganismen des Wasserkefirs<em>(Lactobacillus, Lactococcus, Leuconostoc, Saccharomyces, Acetobacter<\/em>).<\/li>\n<\/ul>\n<h3>Wie aktiviert man die Wasserkefirk\u00f6rner?<\/h3>\n<p>Ihre Wasserkefirk\u00f6rner sind ruhend, Sie aktivieren sie wie folgt:<\/p>\n<ul>\n<li>L\u00f6sen Sie 30 g Rohrzucker in 800 ml Leitungswasser auf und geben Sie die getrockneten Wasserkefirk\u00f6rner (Beutel 1) hinzu.<\/li>\n<li>1 bis 2 Tage lang g\u00e4ren lassen.<\/li>\n<li>Abseihen und das Wasser wegwerfen.<\/li>\n<li>800 ml Leitungswasser nehmen und die K\u00f6rner und den Beutel 2 und 1 getrocknete Feige und 1 Zitronenscheibe hinzuf\u00fcgen<\/li>\n<li>1-2 Tage g\u00e4ren lassen<\/li>\n<li>Abseihen, die K\u00f6rner aufbewahren und den Wasserkefir trinken.<\/li>\n<\/ul>\n<h3>Wie stellen Sie Ihren eigenen Wasserkefir her?<\/h3>\n<p>In diesem Rezept f\u00fcr Wasserkefir erfahren Sie, wie Sie diese k\u00f6stliche Limonade selbst herstellen k\u00f6nnen. Die Basis f\u00fcr Ihren Wasserkefir besteht aus unserer Starterkultur, Wasser, Zucker und Aromen Ihrer Wahl. Oft handelt es sich dabei um (Zitrus-)Fr\u00fcchte, getrocknet oder nicht, aber die Variationen sind endlos. Fruchts\u00e4fte, Kr\u00e4uter, Gew\u00fcrze, Ingwer, einfach alles. Im Gegensatz zu Milchkefir oder Kombucha ist der von den Mikroorganismen selbst abgegebene Geschmack recht neutral. Die Blasen stehen im Mittelpunkt. Eigentlich ist es eine gute Methode, um Ihre normale selbstgemachte Limonade in wenigen Tagen in selbstgemachte Limonade mit Kohlens\u00e4ure zu verwandeln. Die DIY-Champagner enthalten etwa ein halbes Prozent Alkohol.<\/p>\n<h3>Ben\u00f6tigt<\/h3>\n<ul>\n<li>Flasche, Glas, Plastikbeh\u00e4lter oder \u00e4hnliches f\u00fcr die erste G\u00e4rung<\/li>\n<li>Siebe<\/li>\n<li>Stabile und verschlie\u00dfbare Flasche (B\u00fcgelverschlussflasche, PET-Flasche, Sektflasche + Korken) f\u00fcr die 2.<\/li>\n<\/ul>\n<h3>Zutaten f\u00fcr 800 ml Wasserkefir<\/h3>\n<ul>\n<li>etwa 30 Gramm hydratisierter und begonnener Wasserkefir<\/li>\n<li>1 Liter Wasser<\/li>\n<li>1 bis 2 Scheiben Zitrone<\/li>\n<li>1-2 Trockenfr\u00fcchte (Feige, Aprikose, &#8230;)<\/li>\n<li>30 Gramm Kristallzucker<\/li>\n<\/ul>\n<h3>F\u00fcr den Anfang, f\u00fcr 800 mlof Wasserkefir<\/h3>\n<ol>\n<li>Nehmen Sie einen Liter Wasser. Leitungswasser ist in Ordnung, vorzugsweise sogar ein wenig hart. Kefirk\u00f6rner brauchen Mineralien.<\/li>\n<li>L\u00f6sen Sie den Zucker und die Wasserkefir-Starterkultur in dem Wasser auf.<\/li>\n<li>Die Fr\u00fcchte und Aromen hinzuf\u00fcgen.<\/li>\n<li>48 Stunden lang bei Raumtemperatur (20-25 \u00b0C) g\u00e4ren lassen. Wenn die getrockneten Fr\u00fcchte an die Oberfl\u00e4che kommen, ist der Kefir fertig. Filtern Sie den Inhalt mit einem Sieb, um die Fr\u00fcchte und K\u00f6rner zu entfernen.<\/li>\n<li>Optional: F\u00fcllen Sie den Wasserkefir in eine verschlie\u00dfbare PET-Flasche, B\u00fcgelflasche oder Sektflasche. F\u00fcgen Sie alle zus\u00e4tzlichen Aromen hinzu und lassen Sie das Ganze 24-48 Stunden bei Raumtemperatur unter Druck stehen.<\/li>\n<li>Im K\u00fchlschrank abk\u00fchlen lassen.<\/li>\n<li>Servieren und genie\u00dfen.<\/li>\n<\/ol>\n<h3 data-fontsize=\"21\" data-lineheight=\"27.3px\">Eine Wasserkefir-Starterkultur kaufen?<\/h3>\n<p>Bestellen Sie Ihre Wasserkefirk\u00f6rner bei startercultures.eu, dem europ\u00e4ischen Webshop f\u00fcr alle Ihre Bed\u00fcrfnisse in Sachen Fermentation, Wurst und Wurstwaren. Von Meneer Wateetons, renommierter niederl\u00e4ndischer Fermentations- und Fleischexperte und Autor. Bestellen Sie werktags vor 15 Uhr und wir liefern noch am selben Tag. Fragen zur Verwendung? Frag Sie in unserem Chat, wir helfen gerne weiter!<\/p>\n<h3>Online-Workshop &#8220;Kimchi herstellen (und anderes Gem\u00fcse fermentieren)<img decoding=\"async\" class=\"lazyload  wp-image-23963 alignright\" src=\"https:\/\/startercultures.eu\/wp-content\/uploads\/2020\/12\/fermentation-450-300x300.png\" data-orig-src=\"https:\/\/startercultures.eu\/wp-content\/uploads\/2020\/12\/fermentation-450-300x300.png\" alt=\"Fermentation workshops\" width=\"131\" height=\"131\" srcset=\"data:image\/svg+xml,%3Csvg%20xmlns%3D%27http%3A%2F%2Fwww.w3.org%2F2000%2Fsvg%27%20width%3D%27131%27%20height%3D%27131%27%20viewBox%3D%270%200%20131%20131%27%3E%3Crect%20width%3D%27131%27%20height%3D%27131%27%20fill-opacity%3D%220%22%2F%3E%3C%2Fsvg%3E\" data-srcset=\"https:\/\/startercultures.eu\/wp-content\/uploads\/2020\/12\/fermentation-450-66x66.png 66w, https:\/\/startercultures.eu\/wp-content\/uploads\/2020\/12\/fermentation-450-70x70.png 70w, https:\/\/startercultures.eu\/wp-content\/uploads\/2020\/12\/fermentation-450-100x100.png 100w, https:\/\/startercultures.eu\/wp-content\/uploads\/2020\/12\/fermentation-450-150x150.png 150w, https:\/\/startercultures.eu\/wp-content\/uploads\/2020\/12\/fermentation-450-200x200.png 200w, https:\/\/startercultures.eu\/wp-content\/uploads\/2020\/12\/fermentation-450-300x300.png 300w, https:\/\/startercultures.eu\/wp-content\/uploads\/2020\/12\/fermentation-450-400x401.png 400w, https:\/\/startercultures.eu\/wp-content\/uploads\/2020\/12\/fermentation-450.png 450w\" data-sizes=\"auto\" data-orig-sizes=\"(max-width: 131px) 100vw, 131px\" \/><\/h3>\n<p>In diesem <a href=\"https:\/\/startercultures.eu\/product\/workshops-2\/online-workshops-fermentation\/online-workshop-how-to-make-kimchi-and-ferment-other-vegetables\/\" target=\"_blank\" rel=\"noopener\">englischsprachigen Workshop<\/a> erfahren Sie alles \u00fcber Kimchi, das beliebte fermentierte Gem\u00fcse. W\u00fcrzig, frisch und unglaublich lecker. Sie werden feststellen, dass dieses Aroma sehr vielseitig ist und dass die Bandbreite der Zubereitungen enorm ist. Es gibt sogar 7-up-Kimchi! In der Zwischenzeit werden Sie auch etwas \u00fcber die G\u00e4rung lernen. Von Foodwriter<a href=\"https:\/\/wateetons.com\/\" target=\"_blank\" rel=\"noopener\">&#8216;Meneer Wateetons&#8217;<\/a>, Autor mehrerer B\u00fccher \u00fcber Fermentation und alternative Lebensmittelzubereitungstechniken, Klicken Sie <a href=\"https:\/\/startercultures.eu\/product\/workshops-2\/online-workshops-fermentation\/online-workshop-how-to-make-kimchi-and-ferment-other-vegetables\/\" target=\"_blank\" rel=\"noopener\">hier<\/a> f\u00fcr weitere Informationen.<\/p>\n<p>&nbsp;<\/p>\n","protected":false},"excerpt":{"rendered":"<p>Stellen Sie Ihr eigenes k\u00f6stliches und gesundes probiotisches, sprudelndes, fermentiertes Erfrischungsgetr\u00e4nk mit diesen echten Wasserkefirk\u00f6rnern her.<\/p>\n","protected":false},"featured_media":24347,"comment_status":"open","ping_status":"closed","template":"","meta":{"_acf_changed":false,"footnotes":""},"product_brand":[],"product_cat":[726,688],"product_tag":[],"class_list":{"0":"post-25242","1":"product","2":"type-product","3":"status-publish","4":"has-post-thumbnail","6":"product_cat-sodas","7":"product_cat-starterkulturen-de-2","8":"pa_ean-3176800001732-de","10":"first","11":"instock","12":"taxable","13":"shipping-taxable","14":"purchasable","15":"product-type-simple"},"acf":[],"yoast_head":"<!-- This site is optimized with the Yoast SEO plugin v26.6 - https:\/\/yoast.com\/wordpress\/plugins\/seo\/ -->\n<title>Wasserkefirk\u00f6rner -startercultures.eu<\/title>\n<meta name=\"description\" content=\"Stellen Sie mit diesen Wasserkefirk\u00f6rner Ihr eigenes k\u00f6stliches und gesundes probiotisches, sprudelnd-fermentiertes Erfrischungsgetr\u00e4nk her. Kinderleicht!\" \/>\n<meta name=\"robots\" content=\"index, follow, max-snippet:-1, max-image-preview:large, max-video-preview:-1\" \/>\n<link rel=\"canonical\" href=\"https:\/\/startercultures.eu\/de\/product\/fermentation-de\/sodas\/wasser-kefir-korner\/\" \/>\n<meta property=\"og:locale\" content=\"de_DE\" \/>\n<meta property=\"og:type\" content=\"article\" \/>\n<meta property=\"og:title\" content=\"Wasserkefirk\u00f6rner -startercultures.eu\" \/>\n<meta property=\"og:description\" content=\"Stellen Sie mit diesen Wasserkefirk\u00f6rner Ihr eigenes k\u00f6stliches und gesundes probiotisches, sprudelnd-fermentiertes Erfrischungsgetr\u00e4nk her. Kinderleicht!\" \/>\n<meta property=\"og:url\" content=\"https:\/\/startercultures.eu\/de\/product\/fermentation-de\/sodas\/wasser-kefir-korner\/\" \/>\n<meta property=\"og:site_name\" content=\"Startercultures.eu\" \/>\n<meta property=\"article:publisher\" content=\"https:\/\/www.facebook.com\/startercultureseu\" \/>\n<meta property=\"article:modified_time\" content=\"2026-02-19T10:12:52+00:00\" \/>\n<meta property=\"og:image\" content=\"https:\/\/startercultures.eu\/wp-content\/uploads\/2020\/07\/Water-kefir-grains-english2.png\" \/>\n\t<meta property=\"og:image:width\" content=\"1474\" \/>\n\t<meta property=\"og:image:height\" content=\"1360\" \/>\n\t<meta property=\"og:image:type\" content=\"image\/png\" \/>\n<meta name=\"twitter:card\" content=\"summary_large_image\" \/>\n<meta name=\"twitter:label1\" content=\"Price\" \/>\n\t<meta name=\"twitter:data1\" content=\"19,99\" \/>\n\t<meta name=\"twitter:label2\" content=\"Availability\" \/>\n\t<meta name=\"twitter:data2\" content=\"Vorr\u00e4tig\" \/>\n<script type=\"application\/ld+json\" class=\"yoast-schema-graph\">{\"@context\":\"https:\/\/schema.org\",\"@graph\":[{\"@type\":\"WebPage\",\"@id\":\"https:\/\/startercultures.eu\/de\/product\/fermentation-de\/sodas\/wasser-kefir-korner\/\",\"url\":\"https:\/\/startercultures.eu\/de\/product\/fermentation-de\/sodas\/wasser-kefir-korner\/\",\"name\":\"Wasserkefirk\u00f6rner -startercultures.eu\",\"isPartOf\":{\"@id\":\"https:\/\/startercultures.eu\/de\/#website\"},\"primaryImageOfPage\":{\"@id\":\"https:\/\/startercultures.eu\/de\/product\/fermentation-de\/sodas\/wasser-kefir-korner\/#primaryimage\"},\"image\":{\"@id\":\"https:\/\/startercultures.eu\/de\/product\/fermentation-de\/sodas\/wasser-kefir-korner\/#primaryimage\"},\"thumbnailUrl\":\"https:\/\/startercultures.eu\/wp-content\/uploads\/2020\/07\/Water-kefir-grains-english2.png\",\"datePublished\":\"2020-07-31T16:36:17+00:00\",\"dateModified\":\"2026-02-19T10:12:52+00:00\",\"description\":\"Stellen Sie mit diesen Wasserkefirk\u00f6rner Ihr eigenes k\u00f6stliches und gesundes probiotisches, sprudelnd-fermentiertes Erfrischungsgetr\u00e4nk her. Kinderleicht!\",\"breadcrumb\":{\"@id\":\"https:\/\/startercultures.eu\/de\/product\/fermentation-de\/sodas\/wasser-kefir-korner\/#breadcrumb\"},\"inLanguage\":\"de-DE\",\"potentialAction\":[{\"@type\":\"ReadAction\",\"target\":[\"https:\/\/startercultures.eu\/de\/product\/fermentation-de\/sodas\/wasser-kefir-korner\/\"]}]},{\"@type\":\"ImageObject\",\"inLanguage\":\"de-DE\",\"@id\":\"https:\/\/startercultures.eu\/de\/product\/fermentation-de\/sodas\/wasser-kefir-korner\/#primaryimage\",\"url\":\"https:\/\/startercultures.eu\/wp-content\/uploads\/2020\/07\/Water-kefir-grains-english2.png\",\"contentUrl\":\"https:\/\/startercultures.eu\/wp-content\/uploads\/2020\/07\/Water-kefir-grains-english2.png\",\"width\":1474,\"height\":1360,\"caption\":\"Waterkefirkorrels\"},{\"@type\":\"BreadcrumbList\",\"@id\":\"https:\/\/startercultures.eu\/de\/product\/fermentation-de\/sodas\/wasser-kefir-korner\/#breadcrumb\",\"itemListElement\":[{\"@type\":\"ListItem\",\"position\":1,\"name\":\"Home\",\"item\":\"https:\/\/startercultures.eu\/de\/\"},{\"@type\":\"ListItem\",\"position\":2,\"name\":\"Shop\",\"item\":\"https:\/\/startercultures.eu\/shop\/\"},{\"@type\":\"ListItem\",\"position\":3,\"name\":\"Wasserkefirk\u00f6rner | f\u00fcr hausgemachte Soda&#8217;s\"}]},{\"@type\":\"WebSite\",\"@id\":\"https:\/\/startercultures.eu\/de\/#website\",\"url\":\"https:\/\/startercultures.eu\/de\/\",\"name\":\"Startercultures.eu\",\"description\":\"Startercultures.eu\",\"publisher\":{\"@id\":\"https:\/\/startercultures.eu\/de\/#organization\"},\"potentialAction\":[{\"@type\":\"SearchAction\",\"target\":{\"@type\":\"EntryPoint\",\"urlTemplate\":\"https:\/\/startercultures.eu\/de\/?s={search_term_string}\"},\"query-input\":{\"@type\":\"PropertyValueSpecification\",\"valueRequired\":true,\"valueName\":\"search_term_string\"}}],\"inLanguage\":\"de-DE\"},{\"@type\":\"Organization\",\"@id\":\"https:\/\/startercultures.eu\/de\/#organization\",\"name\":\"Startercultures.eu\",\"url\":\"https:\/\/startercultures.eu\/de\/\",\"logo\":{\"@type\":\"ImageObject\",\"inLanguage\":\"de-DE\",\"@id\":\"https:\/\/startercultures.eu\/de\/#\/schema\/logo\/image\/\",\"url\":\"https:\/\/startercultures.eu\/wp-content\/uploads\/2020\/08\/startercultures-eu-nl-logo-rond-rgb.png\",\"contentUrl\":\"https:\/\/startercultures.eu\/wp-content\/uploads\/2020\/08\/startercultures-eu-nl-logo-rond-rgb.png\",\"width\":320,\"height\":320,\"caption\":\"Startercultures.eu\"},\"image\":{\"@id\":\"https:\/\/startercultures.eu\/de\/#\/schema\/logo\/image\/\"},\"sameAs\":[\"https:\/\/www.facebook.com\/startercultureseu\",\"https:\/\/www.instagram.com\/startercultures.eu\/\"]}]}<\/script>\n<meta property=\"product:price:amount\" content=\"19.99\" \/>\n<meta property=\"product:price:currency\" content=\"EUR\" \/>\n<meta property=\"og:availability\" content=\"instock\" \/>\n<meta property=\"product:availability\" content=\"instock\" \/>\n<meta property=\"product:retailer_item_id\" content=\"247\" \/>\n<meta property=\"product:condition\" content=\"new\" \/>\n<!-- \/ Yoast SEO plugin. -->","yoast_head_json":{"title":"Wasserkefirk\u00f6rner -startercultures.eu","description":"Stellen Sie mit diesen Wasserkefirk\u00f6rner Ihr eigenes k\u00f6stliches und gesundes probiotisches, sprudelnd-fermentiertes Erfrischungsgetr\u00e4nk her. Kinderleicht!","robots":{"index":"index","follow":"follow","max-snippet":"max-snippet:-1","max-image-preview":"max-image-preview:large","max-video-preview":"max-video-preview:-1"},"canonical":"https:\/\/startercultures.eu\/de\/product\/fermentation-de\/sodas\/wasser-kefir-korner\/","og_locale":"de_DE","og_type":"article","og_title":"Wasserkefirk\u00f6rner -startercultures.eu","og_description":"Stellen Sie mit diesen Wasserkefirk\u00f6rner Ihr eigenes k\u00f6stliches und gesundes probiotisches, sprudelnd-fermentiertes Erfrischungsgetr\u00e4nk her. Kinderleicht!","og_url":"https:\/\/startercultures.eu\/de\/product\/fermentation-de\/sodas\/wasser-kefir-korner\/","og_site_name":"Startercultures.eu","article_publisher":"https:\/\/www.facebook.com\/startercultureseu","article_modified_time":"2026-02-19T10:12:52+00:00","og_image":[{"width":1474,"height":1360,"url":"https:\/\/startercultures.eu\/wp-content\/uploads\/2020\/07\/Water-kefir-grains-english2.png","type":"image\/png"}],"twitter_card":"summary_large_image","twitter_misc":{"Price":"19,99","Availability":"Vorr\u00e4tig"},"schema":{"@context":"https:\/\/schema.org","@graph":[{"@type":"WebPage","@id":"https:\/\/startercultures.eu\/de\/product\/fermentation-de\/sodas\/wasser-kefir-korner\/","url":"https:\/\/startercultures.eu\/de\/product\/fermentation-de\/sodas\/wasser-kefir-korner\/","name":"Wasserkefirk\u00f6rner -startercultures.eu","isPartOf":{"@id":"https:\/\/startercultures.eu\/de\/#website"},"primaryImageOfPage":{"@id":"https:\/\/startercultures.eu\/de\/product\/fermentation-de\/sodas\/wasser-kefir-korner\/#primaryimage"},"image":{"@id":"https:\/\/startercultures.eu\/de\/product\/fermentation-de\/sodas\/wasser-kefir-korner\/#primaryimage"},"thumbnailUrl":"https:\/\/startercultures.eu\/wp-content\/uploads\/2020\/07\/Water-kefir-grains-english2.png","datePublished":"2020-07-31T16:36:17+00:00","dateModified":"2026-02-19T10:12:52+00:00","description":"Stellen Sie mit diesen Wasserkefirk\u00f6rner Ihr eigenes k\u00f6stliches und gesundes probiotisches, sprudelnd-fermentiertes Erfrischungsgetr\u00e4nk her. Kinderleicht!","breadcrumb":{"@id":"https:\/\/startercultures.eu\/de\/product\/fermentation-de\/sodas\/wasser-kefir-korner\/#breadcrumb"},"inLanguage":"de-DE","potentialAction":[{"@type":"ReadAction","target":["https:\/\/startercultures.eu\/de\/product\/fermentation-de\/sodas\/wasser-kefir-korner\/"]}]},{"@type":"ImageObject","inLanguage":"de-DE","@id":"https:\/\/startercultures.eu\/de\/product\/fermentation-de\/sodas\/wasser-kefir-korner\/#primaryimage","url":"https:\/\/startercultures.eu\/wp-content\/uploads\/2020\/07\/Water-kefir-grains-english2.png","contentUrl":"https:\/\/startercultures.eu\/wp-content\/uploads\/2020\/07\/Water-kefir-grains-english2.png","width":1474,"height":1360,"caption":"Waterkefirkorrels"},{"@type":"BreadcrumbList","@id":"https:\/\/startercultures.eu\/de\/product\/fermentation-de\/sodas\/wasser-kefir-korner\/#breadcrumb","itemListElement":[{"@type":"ListItem","position":1,"name":"Home","item":"https:\/\/startercultures.eu\/de\/"},{"@type":"ListItem","position":2,"name":"Shop","item":"https:\/\/startercultures.eu\/shop\/"},{"@type":"ListItem","position":3,"name":"Wasserkefirk\u00f6rner | f\u00fcr hausgemachte Soda&#8217;s"}]},{"@type":"WebSite","@id":"https:\/\/startercultures.eu\/de\/#website","url":"https:\/\/startercultures.eu\/de\/","name":"Startercultures.eu","description":"Startercultures.eu","publisher":{"@id":"https:\/\/startercultures.eu\/de\/#organization"},"potentialAction":[{"@type":"SearchAction","target":{"@type":"EntryPoint","urlTemplate":"https:\/\/startercultures.eu\/de\/?s={search_term_string}"},"query-input":{"@type":"PropertyValueSpecification","valueRequired":true,"valueName":"search_term_string"}}],"inLanguage":"de-DE"},{"@type":"Organization","@id":"https:\/\/startercultures.eu\/de\/#organization","name":"Startercultures.eu","url":"https:\/\/startercultures.eu\/de\/","logo":{"@type":"ImageObject","inLanguage":"de-DE","@id":"https:\/\/startercultures.eu\/de\/#\/schema\/logo\/image\/","url":"https:\/\/startercultures.eu\/wp-content\/uploads\/2020\/08\/startercultures-eu-nl-logo-rond-rgb.png","contentUrl":"https:\/\/startercultures.eu\/wp-content\/uploads\/2020\/08\/startercultures-eu-nl-logo-rond-rgb.png","width":320,"height":320,"caption":"Startercultures.eu"},"image":{"@id":"https:\/\/startercultures.eu\/de\/#\/schema\/logo\/image\/"},"sameAs":["https:\/\/www.facebook.com\/startercultureseu","https:\/\/www.instagram.com\/startercultures.eu\/"]}]},"product_price_amount":"19.99","product_price_currency":"EUR","og_availability":"instock","product_availability":"instock","product_retailer_item_id":"247","product_condition":"new"},"_links":{"self":[{"href":"https:\/\/startercultures.eu\/de\/wp-json\/wp\/v2\/product\/25242","targetHints":{"allow":["GET"]}}],"collection":[{"href":"https:\/\/startercultures.eu\/de\/wp-json\/wp\/v2\/product"}],"about":[{"href":"https:\/\/startercultures.eu\/de\/wp-json\/wp\/v2\/types\/product"}],"replies":[{"embeddable":true,"href":"https:\/\/startercultures.eu\/de\/wp-json\/wp\/v2\/comments?post=25242"}],"version-history":[{"count":4,"href":"https:\/\/startercultures.eu\/de\/wp-json\/wp\/v2\/product\/25242\/revisions"}],"predecessor-version":[{"id":65994,"href":"https:\/\/startercultures.eu\/de\/wp-json\/wp\/v2\/product\/25242\/revisions\/65994"}],"wp:featuredmedia":[{"embeddable":true,"href":"https:\/\/startercultures.eu\/de\/wp-json\/wp\/v2\/media\/24347"}],"wp:attachment":[{"href":"https:\/\/startercultures.eu\/de\/wp-json\/wp\/v2\/media?parent=25242"}],"wp:term":[{"taxonomy":"product_brand","embeddable":true,"href":"https:\/\/startercultures.eu\/de\/wp-json\/wp\/v2\/product_brand?post=25242"},{"taxonomy":"product_cat","embeddable":true,"href":"https:\/\/startercultures.eu\/de\/wp-json\/wp\/v2\/product_cat?post=25242"},{"taxonomy":"product_tag","embeddable":true,"href":"https:\/\/startercultures.eu\/de\/wp-json\/wp\/v2\/product_tag?post=25242"}],"curies":[{"name":"wp","href":"https:\/\/api.w.org\/{rel}","templated":true}]}}