{"id":25248,"date":"2020-07-31T16:34:56","date_gmt":"2020-07-31T16:34:56","guid":{"rendered":"https:\/\/startercultures.eu\/product\/unkategorisiert\/fermentations-t-shirts-kapuzenpullis-sweatshirts-und-schuerzen\/"},"modified":"2022-05-08T20:39:51","modified_gmt":"2022-05-08T18:39:51","slug":"garung-shirts-hoodies-sweater-und-strumpfhosen","status":"publish","type":"product","link":"https:\/\/startercultures.eu\/de\/product\/swag-de\/garung-shirts-hoodies-sweater-und-strumpfhosen\/","title":{"rendered":"Fermentations-T-Shirts, Kapuzenpullis, Sweatshirts und Sch\u00fcrzen"},"content":{"rendered":"<p>Zeigen Sie, dass Sie ein G\u00e4rtner sind, mit einem G\u00e4rungs-T-Shirt!<\/p>\n<p>Starterculturen verkauft in Zusammenarbeit mit Spreadshirt eine gro\u00dfe Auswahl an coolen T-Shirts, Hoodies und Pullovern mit &#8216;rot&#8217;-Designs des Designers und Illustrators <a href=\"http:\/\/tijskoelemeijer.com\/\" target=\"_blank\" rel=\"noopener\">Tijs Koelemeijer<\/a>.<\/p>\n<p>Jede Bestellung wird individuell f\u00fcr Sie gedruckt und innerhalb von 4-6 Tagen zu Ihnen nach Hause geliefert. Es gibt also nur einen <a href=\"https:\/\/startercultures.eu\/nl\/product\/groente-nl\/waterslot-en-weckpot-deksel-100-mm\/\">Kapuzenpulli mit Wasserschloss<\/a> oder ein Sauerkraut-T-Shirt.<\/p>\n<p><strong>Alle Typen, Gr\u00f6\u00dfen und Farben<\/strong><\/p>\n<p>Wir haben<\/p>\n<ul>\n<li>Kapuzenpullover<\/li>\n<li>Fermentations-T-Shirts<\/li>\n<li>Steckbr\u00fccken<\/li>\n<li>Tanktops<\/li>\n<li>polos<\/li>\n<li>und sogar K\u00fcchensch\u00fcrzen (Tipp!)<\/li>\n<\/ul>\n<p>Es gibt sie in Damen- und Herrengr\u00f6\u00dfen und in allen Farben des Regenbogens.<\/p>\n<p><strong>Entwerfen Sie Ihr eigenes<\/strong><br \/>\nNoch nicht genug Auswahl? Sie k\u00f6nnen sogar Ihre eigene Kleidung mit unseren Designs entwerfen.<\/p>\n<p>Sehen Sie sich <a href=\"https:\/\/shop.spreadshirt.nl\/startercultures\/fermentation?collection=iUkTxRmuYy\" target=\"_blank\" rel=\"noopener\">das Angebot hier<\/a> an, oder <a href=\"https:\/\/shop.spreadshirt.nl\/startercultures\/create\" target=\"_blank\" rel=\"noopener\">entwerfen Sie selbst etwas<\/a>.<\/p>\n<p>Bitte beachten Sie, dass die Bestellung, sowie die Bezahlung, die Produktion und der Versand technisch au\u00dferhalb von starterculturen.nl stattfindet. Es ist ein loses Gesch\u00e4ft.<\/p>\n<h3>M\u00f6chten Sie T-Shirts zum Thema Fermentation kaufen?<\/h3>\n<p>Sie bestellen alles bei starterculturen.nl, dem Webshop f\u00fcr alle Ihre Charcuterie-, Pasteten- und Wurstzutaten. Von Mister Wateetons, dem Autor der Standardwerke <a href=\"https:\/\/startercultures.eu\/nl\/product-category\/boeken\/\" target=\"_blank\" rel=\"noopener noreferrer\">&#8220;Die Wurstbibel&#8221; (2018) und &#8220;\u00dcber Charcuterie&#8221; (2019)<\/a> Werktags bis 15:00 Uhr, Bestellung am selben Tag. Fragen zur Verwendung? Fragen Sie sie \u00fcber die Chatfunktion. Wir kommen da immer wieder raus.<\/p>\n<h3 class=\"fusion-responsive-typography-calculated\" data-fontsize=\"21\" data-lineheight=\"27.3px\">M\u00f6chten Sie mehr erfahren?<\/h3>\n<p>Bevor Sie mit der Herstellung Ihrer eigenen Rohwurst oder Charcuterie beginnen, lesen Sie <a href=\"https:\/\/startercultures.eu\/nl\/product-category\/boeken\/\" target=\"_blank\" rel=\"noopener noreferrer\">Die Wurstbibel (2018) oder \u00dcber Charcuterie (2019<\/a>).<\/p>\n<h3>Online-Workshop &#8220;Trockenwurst selber machen&#8221; auf Anfrage<\/h3>\n<p>Frische W\u00fcrstchen zu machen macht Spa\u00df, aber die eigentliche Herausforderung des Wursthandwerks ist die Herstellung einer eigenen Trockenwurst. Diese W\u00fcrste unterscheiden sich von der frischen Bratwurst dadurch, dass sie fermentiert\/gereift und in den meisten F\u00e4llen getrocknet sind. Das k\u00f6nnen Sie an einem Abend und auch perfekt <a href=\"https:\/\/startercultures.eu\/nl\/product\/online-workshops-nl\/online-workshop-worst-en-charcuterie\/online-on-demand-workshop-maak-je-eigen-droge-worst\/\" target=\"_blank\" rel=\"noopener\">online<\/a> von dem Experten auf diesem Gebiet lernen: Herrn Wateetons, Autor der Wurstbibel (2018).  <a href=\"https:\/\/startercultures.eu\/nl\/product\/online-workshops-nl\/online-workshop-worst-en-charcuterie\/online-on-demand-workshop-maak-je-eigen-droge-worst\/\" target=\"_blank\" rel=\"noopener\">Hier<\/a> finden Sie weitere Informationen.<\/p>\n","protected":false},"excerpt":{"rendered":"<p>Starterculturen verkauft in Zusammenarbeit mit Spreadshirt eine gro\u00dfe Auswahl an coolen und einzigartigen T-Shirts, Hoodies und Pullovern mit &#8216;rot&#8217;-Designs von Designer und Illustrator Tijs Koelemeijer.<\/p>\n","protected":false},"featured_media":23609,"comment_status":"open","ping_status":"closed","template":"","meta":{"_acf_changed":false,"footnotes":""},"product_brand":[],"product_cat":[754],"product_tag":[],"class_list":{"0":"post-25248","1":"product","2":"type-product","3":"status-publish","4":"has-post-thumbnail","6":"product_cat-swag-de","8":"first","9":"instock","10":"taxable","11":"shipping-taxable","12":"purchasable","13":"product-type-simple"},"acf":[],"yoast_head":"<!-- This site is optimized with the Yoast SEO plugin v26.6 - https:\/\/yoast.com\/wordpress\/plugins\/seo\/ -->\n<title>Fermentations-T-Shirts, Kapuzenpullis, Sweatshirts und Sch\u00fcrzen | Startercultures.nl<\/title>\n<meta name=\"description\" content=\"Startercultures verkauft u.a. Fermentations-T-Shirts mit &#039;rot&#039;-Designs des Designers und Illustrators Tijs Koelemeijer. Auch Kapuzenpullis und Sweatshirts.\" \/>\n<meta name=\"robots\" content=\"index, follow, max-snippet:-1, max-image-preview:large, max-video-preview:-1\" \/>\n<link rel=\"canonical\" href=\"https:\/\/startercultures.eu\/de\/product\/swag-de\/garung-shirts-hoodies-sweater-und-strumpfhosen\/\" \/>\n<meta property=\"og:locale\" content=\"de_DE\" \/>\n<meta property=\"og:type\" content=\"article\" \/>\n<meta property=\"og:title\" content=\"Fermentations-T-Shirts, Kapuzenpullis, Sweatshirts und Sch\u00fcrzen | Startercultures.nl\" \/>\n<meta property=\"og:description\" content=\"Startercultures verkauft u.a. Fermentations-T-Shirts mit &#039;rot&#039;-Designs des Designers und Illustrators Tijs Koelemeijer. Auch Kapuzenpullis und Sweatshirts.\" \/>\n<meta property=\"og:url\" content=\"https:\/\/startercultures.eu\/de\/product\/swag-de\/garung-shirts-hoodies-sweater-und-strumpfhosen\/\" \/>\n<meta property=\"og:site_name\" content=\"Startercultures.eu\" \/>\n<meta property=\"article:publisher\" content=\"https:\/\/www.facebook.com\/startercultureseu\" \/>\n<meta property=\"article:modified_time\" content=\"2022-05-08T18:39:51+00:00\" \/>\n<meta property=\"og:image\" content=\"https:\/\/startercultures.eu\/wp-content\/uploads\/2020\/07\/bf0422ef35649d88077975b8be36c8ac006fc2cc.jpg\" \/>\n\t<meta property=\"og:image:width\" content=\"800\" \/>\n\t<meta property=\"og:image:height\" content=\"800\" \/>\n\t<meta property=\"og:image:type\" content=\"image\/jpeg\" \/>\n<meta name=\"twitter:card\" content=\"summary_large_image\" \/>\n<meta name=\"twitter:label1\" content=\"Price\" \/>\n\t<meta name=\"twitter:data1\" content=\"0,-\" \/>\n\t<meta name=\"twitter:label2\" content=\"Availability\" \/>\n\t<meta name=\"twitter:data2\" content=\"Vorr\u00e4tig\" \/>\n<script type=\"application\/ld+json\" class=\"yoast-schema-graph\">{\"@context\":\"https:\/\/schema.org\",\"@graph\":[{\"@type\":\"WebPage\",\"@id\":\"https:\/\/startercultures.eu\/de\/product\/swag-de\/garung-shirts-hoodies-sweater-und-strumpfhosen\/\",\"url\":\"https:\/\/startercultures.eu\/de\/product\/swag-de\/garung-shirts-hoodies-sweater-und-strumpfhosen\/\",\"name\":\"Fermentations-T-Shirts, Kapuzenpullis, Sweatshirts und Sch\u00fcrzen | Startercultures.nl\",\"isPartOf\":{\"@id\":\"https:\/\/startercultures.eu\/de\/#website\"},\"primaryImageOfPage\":{\"@id\":\"https:\/\/startercultures.eu\/de\/product\/swag-de\/garung-shirts-hoodies-sweater-und-strumpfhosen\/#primaryimage\"},\"image\":{\"@id\":\"https:\/\/startercultures.eu\/de\/product\/swag-de\/garung-shirts-hoodies-sweater-und-strumpfhosen\/#primaryimage\"},\"thumbnailUrl\":\"https:\/\/startercultures.eu\/wp-content\/uploads\/2020\/07\/bf0422ef35649d88077975b8be36c8ac006fc2cc.jpg\",\"datePublished\":\"2020-07-31T16:34:56+00:00\",\"dateModified\":\"2022-05-08T18:39:51+00:00\",\"description\":\"Startercultures verkauft u.a. Fermentations-T-Shirts mit 'rot'-Designs des Designers und Illustrators Tijs Koelemeijer. Auch Kapuzenpullis und Sweatshirts.\",\"breadcrumb\":{\"@id\":\"https:\/\/startercultures.eu\/de\/product\/swag-de\/garung-shirts-hoodies-sweater-und-strumpfhosen\/#breadcrumb\"},\"inLanguage\":\"de-DE\",\"potentialAction\":[{\"@type\":\"ReadAction\",\"target\":[\"https:\/\/startercultures.eu\/de\/product\/swag-de\/garung-shirts-hoodies-sweater-und-strumpfhosen\/\"]}]},{\"@type\":\"ImageObject\",\"inLanguage\":\"de-DE\",\"@id\":\"https:\/\/startercultures.eu\/de\/product\/swag-de\/garung-shirts-hoodies-sweater-und-strumpfhosen\/#primaryimage\",\"url\":\"https:\/\/startercultures.eu\/wp-content\/uploads\/2020\/07\/bf0422ef35649d88077975b8be36c8ac006fc2cc.jpg\",\"contentUrl\":\"https:\/\/startercultures.eu\/wp-content\/uploads\/2020\/07\/bf0422ef35649d88077975b8be36c8ac006fc2cc.jpg\",\"width\":800,\"height\":800},{\"@type\":\"BreadcrumbList\",\"@id\":\"https:\/\/startercultures.eu\/de\/product\/swag-de\/garung-shirts-hoodies-sweater-und-strumpfhosen\/#breadcrumb\",\"itemListElement\":[{\"@type\":\"ListItem\",\"position\":1,\"name\":\"Home\",\"item\":\"https:\/\/startercultures.eu\/de\/\"},{\"@type\":\"ListItem\",\"position\":2,\"name\":\"Shop\",\"item\":\"https:\/\/startercultures.eu\/shop\/\"},{\"@type\":\"ListItem\",\"position\":3,\"name\":\"Fermentations-T-Shirts, Kapuzenpullis, Sweatshirts und Sch\u00fcrzen\"}]},{\"@type\":\"WebSite\",\"@id\":\"https:\/\/startercultures.eu\/de\/#website\",\"url\":\"https:\/\/startercultures.eu\/de\/\",\"name\":\"Startercultures.eu\",\"description\":\"Startercultures.eu\",\"publisher\":{\"@id\":\"https:\/\/startercultures.eu\/de\/#organization\"},\"potentialAction\":[{\"@type\":\"SearchAction\",\"target\":{\"@type\":\"EntryPoint\",\"urlTemplate\":\"https:\/\/startercultures.eu\/de\/?s={search_term_string}\"},\"query-input\":{\"@type\":\"PropertyValueSpecification\",\"valueRequired\":true,\"valueName\":\"search_term_string\"}}],\"inLanguage\":\"de-DE\"},{\"@type\":\"Organization\",\"@id\":\"https:\/\/startercultures.eu\/de\/#organization\",\"name\":\"Startercultures.eu\",\"url\":\"https:\/\/startercultures.eu\/de\/\",\"logo\":{\"@type\":\"ImageObject\",\"inLanguage\":\"de-DE\",\"@id\":\"https:\/\/startercultures.eu\/de\/#\/schema\/logo\/image\/\",\"url\":\"https:\/\/startercultures.eu\/wp-content\/uploads\/2020\/08\/startercultures-eu-nl-logo-rond-rgb.png\",\"contentUrl\":\"https:\/\/startercultures.eu\/wp-content\/uploads\/2020\/08\/startercultures-eu-nl-logo-rond-rgb.png\",\"width\":320,\"height\":320,\"caption\":\"Startercultures.eu\"},\"image\":{\"@id\":\"https:\/\/startercultures.eu\/de\/#\/schema\/logo\/image\/\"},\"sameAs\":[\"https:\/\/www.facebook.com\/startercultureseu\",\"https:\/\/www.instagram.com\/startercultures.eu\/\"]}]}<\/script>\n<meta property=\"product:price:amount\" content=\"0.00\" \/>\n<meta property=\"product:price:currency\" content=\"EUR\" \/>\n<meta property=\"og:availability\" content=\"instock\" \/>\n<meta property=\"product:availability\" content=\"instock\" \/>\n<meta property=\"product:condition\" content=\"new\" \/>\n<!-- \/ Yoast SEO plugin. -->","yoast_head_json":{"title":"Fermentations-T-Shirts, Kapuzenpullis, Sweatshirts und Sch\u00fcrzen | Startercultures.nl","description":"Startercultures verkauft u.a. Fermentations-T-Shirts mit 'rot'-Designs des Designers und Illustrators Tijs Koelemeijer. Auch Kapuzenpullis und Sweatshirts.","robots":{"index":"index","follow":"follow","max-snippet":"max-snippet:-1","max-image-preview":"max-image-preview:large","max-video-preview":"max-video-preview:-1"},"canonical":"https:\/\/startercultures.eu\/de\/product\/swag-de\/garung-shirts-hoodies-sweater-und-strumpfhosen\/","og_locale":"de_DE","og_type":"article","og_title":"Fermentations-T-Shirts, Kapuzenpullis, Sweatshirts und Sch\u00fcrzen | Startercultures.nl","og_description":"Startercultures verkauft u.a. Fermentations-T-Shirts mit 'rot'-Designs des Designers und Illustrators Tijs Koelemeijer. Auch Kapuzenpullis und Sweatshirts.","og_url":"https:\/\/startercultures.eu\/de\/product\/swag-de\/garung-shirts-hoodies-sweater-und-strumpfhosen\/","og_site_name":"Startercultures.eu","article_publisher":"https:\/\/www.facebook.com\/startercultureseu","article_modified_time":"2022-05-08T18:39:51+00:00","og_image":[{"width":800,"height":800,"url":"https:\/\/startercultures.eu\/wp-content\/uploads\/2020\/07\/bf0422ef35649d88077975b8be36c8ac006fc2cc.jpg","type":"image\/jpeg"}],"twitter_card":"summary_large_image","twitter_misc":{"Price":"0,-","Availability":"Vorr\u00e4tig"},"schema":{"@context":"https:\/\/schema.org","@graph":[{"@type":"WebPage","@id":"https:\/\/startercultures.eu\/de\/product\/swag-de\/garung-shirts-hoodies-sweater-und-strumpfhosen\/","url":"https:\/\/startercultures.eu\/de\/product\/swag-de\/garung-shirts-hoodies-sweater-und-strumpfhosen\/","name":"Fermentations-T-Shirts, Kapuzenpullis, Sweatshirts und Sch\u00fcrzen | Startercultures.nl","isPartOf":{"@id":"https:\/\/startercultures.eu\/de\/#website"},"primaryImageOfPage":{"@id":"https:\/\/startercultures.eu\/de\/product\/swag-de\/garung-shirts-hoodies-sweater-und-strumpfhosen\/#primaryimage"},"image":{"@id":"https:\/\/startercultures.eu\/de\/product\/swag-de\/garung-shirts-hoodies-sweater-und-strumpfhosen\/#primaryimage"},"thumbnailUrl":"https:\/\/startercultures.eu\/wp-content\/uploads\/2020\/07\/bf0422ef35649d88077975b8be36c8ac006fc2cc.jpg","datePublished":"2020-07-31T16:34:56+00:00","dateModified":"2022-05-08T18:39:51+00:00","description":"Startercultures verkauft u.a. Fermentations-T-Shirts mit 'rot'-Designs des Designers und Illustrators Tijs Koelemeijer. Auch Kapuzenpullis und Sweatshirts.","breadcrumb":{"@id":"https:\/\/startercultures.eu\/de\/product\/swag-de\/garung-shirts-hoodies-sweater-und-strumpfhosen\/#breadcrumb"},"inLanguage":"de-DE","potentialAction":[{"@type":"ReadAction","target":["https:\/\/startercultures.eu\/de\/product\/swag-de\/garung-shirts-hoodies-sweater-und-strumpfhosen\/"]}]},{"@type":"ImageObject","inLanguage":"de-DE","@id":"https:\/\/startercultures.eu\/de\/product\/swag-de\/garung-shirts-hoodies-sweater-und-strumpfhosen\/#primaryimage","url":"https:\/\/startercultures.eu\/wp-content\/uploads\/2020\/07\/bf0422ef35649d88077975b8be36c8ac006fc2cc.jpg","contentUrl":"https:\/\/startercultures.eu\/wp-content\/uploads\/2020\/07\/bf0422ef35649d88077975b8be36c8ac006fc2cc.jpg","width":800,"height":800},{"@type":"BreadcrumbList","@id":"https:\/\/startercultures.eu\/de\/product\/swag-de\/garung-shirts-hoodies-sweater-und-strumpfhosen\/#breadcrumb","itemListElement":[{"@type":"ListItem","position":1,"name":"Home","item":"https:\/\/startercultures.eu\/de\/"},{"@type":"ListItem","position":2,"name":"Shop","item":"https:\/\/startercultures.eu\/shop\/"},{"@type":"ListItem","position":3,"name":"Fermentations-T-Shirts, Kapuzenpullis, Sweatshirts und Sch\u00fcrzen"}]},{"@type":"WebSite","@id":"https:\/\/startercultures.eu\/de\/#website","url":"https:\/\/startercultures.eu\/de\/","name":"Startercultures.eu","description":"Startercultures.eu","publisher":{"@id":"https:\/\/startercultures.eu\/de\/#organization"},"potentialAction":[{"@type":"SearchAction","target":{"@type":"EntryPoint","urlTemplate":"https:\/\/startercultures.eu\/de\/?s={search_term_string}"},"query-input":{"@type":"PropertyValueSpecification","valueRequired":true,"valueName":"search_term_string"}}],"inLanguage":"de-DE"},{"@type":"Organization","@id":"https:\/\/startercultures.eu\/de\/#organization","name":"Startercultures.eu","url":"https:\/\/startercultures.eu\/de\/","logo":{"@type":"ImageObject","inLanguage":"de-DE","@id":"https:\/\/startercultures.eu\/de\/#\/schema\/logo\/image\/","url":"https:\/\/startercultures.eu\/wp-content\/uploads\/2020\/08\/startercultures-eu-nl-logo-rond-rgb.png","contentUrl":"https:\/\/startercultures.eu\/wp-content\/uploads\/2020\/08\/startercultures-eu-nl-logo-rond-rgb.png","width":320,"height":320,"caption":"Startercultures.eu"},"image":{"@id":"https:\/\/startercultures.eu\/de\/#\/schema\/logo\/image\/"},"sameAs":["https:\/\/www.facebook.com\/startercultureseu","https:\/\/www.instagram.com\/startercultures.eu\/"]}]},"product_price_amount":"0.00","product_price_currency":"EUR","og_availability":"instock","product_availability":"instock","product_condition":"new"},"_links":{"self":[{"href":"https:\/\/startercultures.eu\/de\/wp-json\/wp\/v2\/product\/25248","targetHints":{"allow":["GET"]}}],"collection":[{"href":"https:\/\/startercultures.eu\/de\/wp-json\/wp\/v2\/product"}],"about":[{"href":"https:\/\/startercultures.eu\/de\/wp-json\/wp\/v2\/types\/product"}],"replies":[{"embeddable":true,"href":"https:\/\/startercultures.eu\/de\/wp-json\/wp\/v2\/comments?post=25248"}],"version-history":[{"count":0,"href":"https:\/\/startercultures.eu\/de\/wp-json\/wp\/v2\/product\/25248\/revisions"}],"wp:featuredmedia":[{"embeddable":true,"href":"https:\/\/startercultures.eu\/de\/wp-json\/wp\/v2\/media\/23609"}],"wp:attachment":[{"href":"https:\/\/startercultures.eu\/de\/wp-json\/wp\/v2\/media?parent=25248"}],"wp:term":[{"taxonomy":"product_brand","embeddable":true,"href":"https:\/\/startercultures.eu\/de\/wp-json\/wp\/v2\/product_brand?post=25248"},{"taxonomy":"product_cat","embeddable":true,"href":"https:\/\/startercultures.eu\/de\/wp-json\/wp\/v2\/product_cat?post=25248"},{"taxonomy":"product_tag","embeddable":true,"href":"https:\/\/startercultures.eu\/de\/wp-json\/wp\/v2\/product_tag?post=25248"}],"curies":[{"name":"wp","href":"https:\/\/api.w.org\/{rel}","templated":true}]}}