{"id":25250,"date":"2020-07-31T16:28:42","date_gmt":"2020-07-31T16:28:42","guid":{"rendered":"https:\/\/startercultures.eu\/product\/unkategorisiert\/alles-in-einem-wurst-nach-suedeuropaeischer-art-selbst-herstellen-starterset\/"},"modified":"2024-05-20T19:11:30","modified_gmt":"2024-05-20T17:11:30","slug":"all-in-one-southern-european-style-sausage-kit","status":"publish","type":"product","link":"https:\/\/startercultures.eu\/de\/product\/wurstwaren-und-charcuterie-de\/all-in-one-starterkits\/all-in-one-southern-european-style-sausage-kit\/","title":{"rendered":"Alles in einem: &#8220;Wurst nach s\u00fcdeurop\u00e4ischer Art selbst herstellen&#8221; &#8211; Starterset"},"content":{"rendered":"<p>Haben Sie schon immer davon getr\u00e4umt, Ihre eigenen Rohw\u00fcrste herzustellen? Dieses Komplettpaket f\u00fcr die Herstellung Ihrer eigenen s\u00fcdeurop\u00e4ischen, spanischen oder italienischen W\u00fcrste enth\u00e4lt alle Zutaten, die Sie ben\u00f6tigen! Sie wissen nicht, wie Sie anfangen sollen? Sorgen Sie sich um die Sicherheit? F\u00fcgen Sie optional unseren Online-Kurs zur Herstellung eigener Rohw\u00fcrste hinzu!<\/p>\n<h3>Inhalt dieses Starterkits f\u00fcr s\u00fcdeurop\u00e4ische Rohw\u00fcrste<\/h3>\n<p>Dieses Paket besteht aus:<\/p>\n<ul>\n<li>Raps Biostart Plus-Starterkultur oder Bactoferm T-SPX- f\u00fcr einen unverwechselbaren s\u00fcdeurop\u00e4ischen Geschmack<\/li>\n<li>1 kg Nitritsalz (0,6%) (vergleichbar mit Kur Nr. 1)<\/li>\n<li>50 Gramm Kaliumnitrat (Salpeter)<\/li>\n<li>100 Gramm Traubenzucker<\/li>\n<li>50 Gramm Ascorbins\u00e4ure<\/li>\n<li>2 Meter Rinderh\u00e4lften<\/li>\n<li>1 Beutel Bactoferm 600 Schimmel<\/li>\n<li>1 Wursttupfer<\/li>\n<li><a href=\"https:\/\/startercultures.eu\/product\/sausages-and-charcuterie\/additives\/free-pointer-on-converting-us-cure-1-and-cure-2-recipes-to-with-european-ingredients\/\" target=\"_blank\" rel=\"noopener noreferrer\">\ud83d\udc49Freier Hinweis auf die Umstellung der Rezepte f\u00fcr die amerikanische cure Nr. 1 und Nr. 2 auf europ\u00e4ische Zutaten<\/a><\/li>\n<li>Optional: Online-Workshop zur Herstellung eigener Rohw\u00fcrste.<\/li>\n<li>Optional: Beeindrucken Sie alle mit Ihrer Ausr\u00fcstung! Zum Beispiel mit <em>Porkert<\/em>, weltweit bekannt als &#8220;der Ferrari unter den Fleischw\u00f6lfen&#8221;. Vervollst\u00e4ndigen Sie diesen grundsoliden tschechischen Klassiker mit F\u00fcllrohren und einem Fleischstampfer.<\/li>\n<\/ul>\n<h3>Englischsprachiger Online-Workshop zur Herstellung von Rohwurst<br \/>\n<img decoding=\"async\" class=\"lazyload  wp-image-23961 alignright\" src=\"https:\/\/startercultures.eu\/wp-content\/uploads\/2020\/12\/sausage-making-workshop-450-300x300.png\" data-orig-src=\"https:\/\/startercultures.eu\/wp-content\/uploads\/2020\/12\/sausage-making-workshop-450-300x300.png\" alt=\"learn how to make dry cured sausages at home\" width=\"126\" height=\"126\" srcset=\"data:image\/svg+xml,%3Csvg%20xmlns%3D%27http%3A%2F%2Fwww.w3.org%2F2000%2Fsvg%27%20width%3D%27126%27%20height%3D%27126%27%20viewBox%3D%270%200%20126%20126%27%3E%3Crect%20width%3D%27126%27%20height%3D%27126%27%20fill-opacity%3D%220%22%2F%3E%3C%2Fsvg%3E\" data-srcset=\"https:\/\/startercultures.eu\/wp-content\/uploads\/2020\/12\/sausage-making-workshop-450-66x66.png 66w, https:\/\/startercultures.eu\/wp-content\/uploads\/2020\/12\/sausage-making-workshop-450-70x70.png 70w, https:\/\/startercultures.eu\/wp-content\/uploads\/2020\/12\/sausage-making-workshop-450-100x100.png 100w, https:\/\/startercultures.eu\/wp-content\/uploads\/2020\/12\/sausage-making-workshop-450-150x150.png 150w, https:\/\/startercultures.eu\/wp-content\/uploads\/2020\/12\/sausage-making-workshop-450-200x200.png 200w, https:\/\/startercultures.eu\/wp-content\/uploads\/2020\/12\/sausage-making-workshop-450-300x300.png 300w, https:\/\/startercultures.eu\/wp-content\/uploads\/2020\/12\/sausage-making-workshop-450-400x399.png 400w, https:\/\/startercultures.eu\/wp-content\/uploads\/2020\/12\/sausage-making-workshop-450.png 450w\" data-sizes=\"auto\" data-orig-sizes=\"(max-width: 126px) 100vw, 126px\" \/><\/h3>\n<p>W\u00e4hrend <a href=\"https:\/\/startercultures.eu\/product\/sausages-and-charcuterie\/online-english-spoken-dry-cured-charcuterie-workshop\/\" target=\"_blank\" rel=\"noopener\">dieses Meisterkurses in englischer Sprache<\/a> lernen Sie in Theorie und Praxis, wie man Rohw\u00fcrste wie Salami, Fuet, Chorizo, Peperoni und Sommerw\u00fcrste zu Hause herstellt. Foodwriter<a href=\"https:\/\/wateetons.com\/\" target=\"_blank\" rel=\"noopener\">&#8216;Meneer Wateetons&#8217;<\/a>, Autor mehrerer B\u00fccher \u00fcber G\u00e4rung und Wurstherstellung, wird Ihnen alles \u00fcber G\u00e4rung, P\u00f6kelsalze, Lebensmittelsicherheit, <a href=\"https:\/\/en.wikipedia.org\/wiki\/PH\" target=\"_blank\" rel=\"noopener\">pH-Wert<\/a>, Starterkulturen, Schimmelpilze und Trocknungsbedingungen beibringen.Klicken Sie <a href=\"https:\/\/startercultures.eu\/product\/sausages-and-charcuterie\/online-english-spoken-dry-cured-charcuterie-workshop\/\" target=\"_blank\" rel=\"noopener\">hier<\/a> f\u00fcr weitere Informationen.<\/p>\n","protected":false},"excerpt":{"rendered":"<p>Dieses Starter-Kit f\u00fcr die Herstellung eigener s\u00fcdeurop\u00e4ischer, spanischer oder italienischer Rohw\u00fcrste enth\u00e4lt alle Zutaten, die Sie ben\u00f6tigen! F\u00fcgen Sie unseren optionalen Online-Workshop hinzu, und wir zeigen Ihnen, wie man es macht.<\/p>\n","protected":false},"featured_media":23357,"comment_status":"open","ping_status":"closed","template":"","meta":{"_acf_changed":false,"footnotes":""},"product_brand":[],"product_cat":[682,693,684],"product_tag":[],"class_list":{"0":"post-25250","1":"product","2":"type-product","3":"status-publish","4":"has-post-thumbnail","6":"product_cat-all-in-one-starterkits","7":"product_cat-starterkits","8":"product_cat-wurstwaren-und-charcuterie","9":"product_shipping_class-klein-pakket-de","11":"first","12":"instock","13":"sale","14":"taxable","15":"shipping-taxable","16":"purchasable","17":"product-type-woosb"},"acf":[],"yoast_head":"<!-- This site is optimized with the Yoast SEO plugin v26.6 - https:\/\/yoast.com\/wordpress\/plugins\/seo\/ -->\n<title>Herstellung von s\u00fcdeurop\u00e4ischen Rohw\u00fcrsten - Starter Kit - Startercultures.eu<\/title>\n<meta name=\"description\" content=\"Dieses Starter-Kit f\u00fcr die Herstellung eigener s\u00fcdeurop\u00e4ischer, spanischer oder italienischer Rohw\u00fcrste enth\u00e4lt alle Zutaten, die Sie ben\u00f6tigen!\" \/>\n<meta name=\"robots\" content=\"index, follow, max-snippet:-1, max-image-preview:large, max-video-preview:-1\" \/>\n<link rel=\"canonical\" href=\"https:\/\/startercultures.eu\/de\/product\/wurstwaren-und-charcuterie-de\/all-in-one-starterkits\/all-in-one-southern-european-style-sausage-kit\/\" \/>\n<meta property=\"og:locale\" content=\"de_DE\" \/>\n<meta property=\"og:type\" content=\"article\" \/>\n<meta property=\"og:title\" content=\"Herstellung von s\u00fcdeurop\u00e4ischen Rohw\u00fcrsten - Starter Kit - Startercultures.eu\" \/>\n<meta property=\"og:description\" content=\"Dieses Starter-Kit f\u00fcr die Herstellung eigener s\u00fcdeurop\u00e4ischer, spanischer oder italienischer Rohw\u00fcrste enth\u00e4lt alle Zutaten, die Sie ben\u00f6tigen!\" \/>\n<meta property=\"og:url\" content=\"https:\/\/startercultures.eu\/de\/product\/wurstwaren-und-charcuterie-de\/all-in-one-starterkits\/all-in-one-southern-european-style-sausage-kit\/\" \/>\n<meta property=\"og:site_name\" content=\"Startercultures.eu\" \/>\n<meta property=\"article:publisher\" content=\"https:\/\/www.facebook.com\/startercultureseu\" \/>\n<meta property=\"article:modified_time\" content=\"2024-05-20T17:11:30+00:00\" \/>\n<meta property=\"og:image\" content=\"https:\/\/startercultures.eu\/wp-content\/uploads\/2020\/07\/9745bc7ffa59b061c5347d3cfd73b1c85db6b908.jpg\" \/>\n\t<meta property=\"og:image:width\" content=\"450\" \/>\n\t<meta property=\"og:image:height\" content=\"450\" \/>\n\t<meta property=\"og:image:type\" content=\"image\/jpeg\" \/>\n<meta name=\"twitter:card\" content=\"summary_large_image\" \/>\n<meta name=\"twitter:label1\" content=\"Price\" \/>\n\t<meta name=\"twitter:data1\" content=\"89,93\" \/>\n\t<meta name=\"twitter:label2\" content=\"Availability\" \/>\n\t<meta name=\"twitter:data2\" content=\"Vorr\u00e4tig\" \/>\n<script type=\"application\/ld+json\" class=\"yoast-schema-graph\">{\"@context\":\"https:\/\/schema.org\",\"@graph\":[{\"@type\":\"WebPage\",\"@id\":\"https:\/\/startercultures.eu\/de\/product\/wurstwaren-und-charcuterie-de\/all-in-one-starterkits\/all-in-one-southern-european-style-sausage-kit\/\",\"url\":\"https:\/\/startercultures.eu\/de\/product\/wurstwaren-und-charcuterie-de\/all-in-one-starterkits\/all-in-one-southern-european-style-sausage-kit\/\",\"name\":\"Herstellung von s\u00fcdeurop\u00e4ischen Rohw\u00fcrsten - Starter Kit - Startercultures.eu\",\"isPartOf\":{\"@id\":\"https:\/\/startercultures.eu\/de\/#website\"},\"primaryImageOfPage\":{\"@id\":\"https:\/\/startercultures.eu\/de\/product\/wurstwaren-und-charcuterie-de\/all-in-one-starterkits\/all-in-one-southern-european-style-sausage-kit\/#primaryimage\"},\"image\":{\"@id\":\"https:\/\/startercultures.eu\/de\/product\/wurstwaren-und-charcuterie-de\/all-in-one-starterkits\/all-in-one-southern-european-style-sausage-kit\/#primaryimage\"},\"thumbnailUrl\":\"https:\/\/startercultures.eu\/wp-content\/uploads\/2020\/07\/9745bc7ffa59b061c5347d3cfd73b1c85db6b908.jpg\",\"datePublished\":\"2020-07-31T16:28:42+00:00\",\"dateModified\":\"2024-05-20T17:11:30+00:00\",\"description\":\"Dieses Starter-Kit f\u00fcr die Herstellung eigener s\u00fcdeurop\u00e4ischer, spanischer oder italienischer Rohw\u00fcrste enth\u00e4lt alle Zutaten, die Sie ben\u00f6tigen!\",\"breadcrumb\":{\"@id\":\"https:\/\/startercultures.eu\/de\/product\/wurstwaren-und-charcuterie-de\/all-in-one-starterkits\/all-in-one-southern-european-style-sausage-kit\/#breadcrumb\"},\"inLanguage\":\"de-DE\",\"potentialAction\":[{\"@type\":\"ReadAction\",\"target\":[\"https:\/\/startercultures.eu\/de\/product\/wurstwaren-und-charcuterie-de\/all-in-one-starterkits\/all-in-one-southern-european-style-sausage-kit\/\"]}]},{\"@type\":\"ImageObject\",\"inLanguage\":\"de-DE\",\"@id\":\"https:\/\/startercultures.eu\/de\/product\/wurstwaren-und-charcuterie-de\/all-in-one-starterkits\/all-in-one-southern-european-style-sausage-kit\/#primaryimage\",\"url\":\"https:\/\/startercultures.eu\/wp-content\/uploads\/2020\/07\/9745bc7ffa59b061c5347d3cfd73b1c85db6b908.jpg\",\"contentUrl\":\"https:\/\/startercultures.eu\/wp-content\/uploads\/2020\/07\/9745bc7ffa59b061c5347d3cfd73b1c85db6b908.jpg\",\"width\":450,\"height\":450,\"caption\":\"Zuid-Europese droge worst\"},{\"@type\":\"BreadcrumbList\",\"@id\":\"https:\/\/startercultures.eu\/de\/product\/wurstwaren-und-charcuterie-de\/all-in-one-starterkits\/all-in-one-southern-european-style-sausage-kit\/#breadcrumb\",\"itemListElement\":[{\"@type\":\"ListItem\",\"position\":1,\"name\":\"Home\",\"item\":\"https:\/\/startercultures.eu\/de\/\"},{\"@type\":\"ListItem\",\"position\":2,\"name\":\"Shop\",\"item\":\"https:\/\/startercultures.eu\/shop\/\"},{\"@type\":\"ListItem\",\"position\":3,\"name\":\"Alles in einem: &#8220;Wurst nach s\u00fcdeurop\u00e4ischer Art selbst herstellen&#8221; &#8211; Starterset\"}]},{\"@type\":\"WebSite\",\"@id\":\"https:\/\/startercultures.eu\/de\/#website\",\"url\":\"https:\/\/startercultures.eu\/de\/\",\"name\":\"Startercultures.eu\",\"description\":\"Startercultures.eu\",\"publisher\":{\"@id\":\"https:\/\/startercultures.eu\/de\/#organization\"},\"potentialAction\":[{\"@type\":\"SearchAction\",\"target\":{\"@type\":\"EntryPoint\",\"urlTemplate\":\"https:\/\/startercultures.eu\/de\/?s={search_term_string}\"},\"query-input\":{\"@type\":\"PropertyValueSpecification\",\"valueRequired\":true,\"valueName\":\"search_term_string\"}}],\"inLanguage\":\"de-DE\"},{\"@type\":\"Organization\",\"@id\":\"https:\/\/startercultures.eu\/de\/#organization\",\"name\":\"Startercultures.eu\",\"url\":\"https:\/\/startercultures.eu\/de\/\",\"logo\":{\"@type\":\"ImageObject\",\"inLanguage\":\"de-DE\",\"@id\":\"https:\/\/startercultures.eu\/de\/#\/schema\/logo\/image\/\",\"url\":\"https:\/\/startercultures.eu\/wp-content\/uploads\/2020\/08\/startercultures-eu-nl-logo-rond-rgb.png\",\"contentUrl\":\"https:\/\/startercultures.eu\/wp-content\/uploads\/2020\/08\/startercultures-eu-nl-logo-rond-rgb.png\",\"width\":320,\"height\":320,\"caption\":\"Startercultures.eu\"},\"image\":{\"@id\":\"https:\/\/startercultures.eu\/de\/#\/schema\/logo\/image\/\"},\"sameAs\":[\"https:\/\/www.facebook.com\/startercultureseu\",\"https:\/\/www.instagram.com\/startercultures.eu\/\"]}]}<\/script>\n<meta property=\"product:price:amount\" content=\"89.93\" \/>\n<meta property=\"product:price:currency\" content=\"EUR\" \/>\n<meta property=\"og:availability\" content=\"instock\" \/>\n<meta property=\"product:availability\" content=\"instock\" \/>\n<meta property=\"product:retailer_item_id\" content=\"15\" \/>\n<meta property=\"product:condition\" content=\"new\" \/>\n<!-- \/ Yoast SEO plugin. -->","yoast_head_json":{"title":"Herstellung von s\u00fcdeurop\u00e4ischen Rohw\u00fcrsten - Starter Kit - Startercultures.eu","description":"Dieses Starter-Kit f\u00fcr die Herstellung eigener s\u00fcdeurop\u00e4ischer, spanischer oder italienischer Rohw\u00fcrste enth\u00e4lt alle Zutaten, die Sie ben\u00f6tigen!","robots":{"index":"index","follow":"follow","max-snippet":"max-snippet:-1","max-image-preview":"max-image-preview:large","max-video-preview":"max-video-preview:-1"},"canonical":"https:\/\/startercultures.eu\/de\/product\/wurstwaren-und-charcuterie-de\/all-in-one-starterkits\/all-in-one-southern-european-style-sausage-kit\/","og_locale":"de_DE","og_type":"article","og_title":"Herstellung von s\u00fcdeurop\u00e4ischen Rohw\u00fcrsten - Starter Kit - Startercultures.eu","og_description":"Dieses Starter-Kit f\u00fcr die Herstellung eigener s\u00fcdeurop\u00e4ischer, spanischer oder italienischer Rohw\u00fcrste enth\u00e4lt alle Zutaten, die Sie ben\u00f6tigen!","og_url":"https:\/\/startercultures.eu\/de\/product\/wurstwaren-und-charcuterie-de\/all-in-one-starterkits\/all-in-one-southern-european-style-sausage-kit\/","og_site_name":"Startercultures.eu","article_publisher":"https:\/\/www.facebook.com\/startercultureseu","article_modified_time":"2024-05-20T17:11:30+00:00","og_image":[{"width":450,"height":450,"url":"https:\/\/startercultures.eu\/wp-content\/uploads\/2020\/07\/9745bc7ffa59b061c5347d3cfd73b1c85db6b908.jpg","type":"image\/jpeg"}],"twitter_card":"summary_large_image","twitter_misc":{"Price":"89,93","Availability":"Vorr\u00e4tig"},"schema":{"@context":"https:\/\/schema.org","@graph":[{"@type":"WebPage","@id":"https:\/\/startercultures.eu\/de\/product\/wurstwaren-und-charcuterie-de\/all-in-one-starterkits\/all-in-one-southern-european-style-sausage-kit\/","url":"https:\/\/startercultures.eu\/de\/product\/wurstwaren-und-charcuterie-de\/all-in-one-starterkits\/all-in-one-southern-european-style-sausage-kit\/","name":"Herstellung von s\u00fcdeurop\u00e4ischen Rohw\u00fcrsten - Starter Kit - Startercultures.eu","isPartOf":{"@id":"https:\/\/startercultures.eu\/de\/#website"},"primaryImageOfPage":{"@id":"https:\/\/startercultures.eu\/de\/product\/wurstwaren-und-charcuterie-de\/all-in-one-starterkits\/all-in-one-southern-european-style-sausage-kit\/#primaryimage"},"image":{"@id":"https:\/\/startercultures.eu\/de\/product\/wurstwaren-und-charcuterie-de\/all-in-one-starterkits\/all-in-one-southern-european-style-sausage-kit\/#primaryimage"},"thumbnailUrl":"https:\/\/startercultures.eu\/wp-content\/uploads\/2020\/07\/9745bc7ffa59b061c5347d3cfd73b1c85db6b908.jpg","datePublished":"2020-07-31T16:28:42+00:00","dateModified":"2024-05-20T17:11:30+00:00","description":"Dieses Starter-Kit f\u00fcr die Herstellung eigener s\u00fcdeurop\u00e4ischer, spanischer oder italienischer Rohw\u00fcrste enth\u00e4lt alle Zutaten, die Sie ben\u00f6tigen!","breadcrumb":{"@id":"https:\/\/startercultures.eu\/de\/product\/wurstwaren-und-charcuterie-de\/all-in-one-starterkits\/all-in-one-southern-european-style-sausage-kit\/#breadcrumb"},"inLanguage":"de-DE","potentialAction":[{"@type":"ReadAction","target":["https:\/\/startercultures.eu\/de\/product\/wurstwaren-und-charcuterie-de\/all-in-one-starterkits\/all-in-one-southern-european-style-sausage-kit\/"]}]},{"@type":"ImageObject","inLanguage":"de-DE","@id":"https:\/\/startercultures.eu\/de\/product\/wurstwaren-und-charcuterie-de\/all-in-one-starterkits\/all-in-one-southern-european-style-sausage-kit\/#primaryimage","url":"https:\/\/startercultures.eu\/wp-content\/uploads\/2020\/07\/9745bc7ffa59b061c5347d3cfd73b1c85db6b908.jpg","contentUrl":"https:\/\/startercultures.eu\/wp-content\/uploads\/2020\/07\/9745bc7ffa59b061c5347d3cfd73b1c85db6b908.jpg","width":450,"height":450,"caption":"Zuid-Europese droge worst"},{"@type":"BreadcrumbList","@id":"https:\/\/startercultures.eu\/de\/product\/wurstwaren-und-charcuterie-de\/all-in-one-starterkits\/all-in-one-southern-european-style-sausage-kit\/#breadcrumb","itemListElement":[{"@type":"ListItem","position":1,"name":"Home","item":"https:\/\/startercultures.eu\/de\/"},{"@type":"ListItem","position":2,"name":"Shop","item":"https:\/\/startercultures.eu\/shop\/"},{"@type":"ListItem","position":3,"name":"Alles in einem: &#8220;Wurst nach s\u00fcdeurop\u00e4ischer Art selbst herstellen&#8221; &#8211; Starterset"}]},{"@type":"WebSite","@id":"https:\/\/startercultures.eu\/de\/#website","url":"https:\/\/startercultures.eu\/de\/","name":"Startercultures.eu","description":"Startercultures.eu","publisher":{"@id":"https:\/\/startercultures.eu\/de\/#organization"},"potentialAction":[{"@type":"SearchAction","target":{"@type":"EntryPoint","urlTemplate":"https:\/\/startercultures.eu\/de\/?s={search_term_string}"},"query-input":{"@type":"PropertyValueSpecification","valueRequired":true,"valueName":"search_term_string"}}],"inLanguage":"de-DE"},{"@type":"Organization","@id":"https:\/\/startercultures.eu\/de\/#organization","name":"Startercultures.eu","url":"https:\/\/startercultures.eu\/de\/","logo":{"@type":"ImageObject","inLanguage":"de-DE","@id":"https:\/\/startercultures.eu\/de\/#\/schema\/logo\/image\/","url":"https:\/\/startercultures.eu\/wp-content\/uploads\/2020\/08\/startercultures-eu-nl-logo-rond-rgb.png","contentUrl":"https:\/\/startercultures.eu\/wp-content\/uploads\/2020\/08\/startercultures-eu-nl-logo-rond-rgb.png","width":320,"height":320,"caption":"Startercultures.eu"},"image":{"@id":"https:\/\/startercultures.eu\/de\/#\/schema\/logo\/image\/"},"sameAs":["https:\/\/www.facebook.com\/startercultureseu","https:\/\/www.instagram.com\/startercultures.eu\/"]}]},"product_price_amount":"89.93","product_price_currency":"EUR","og_availability":"instock","product_availability":"instock","product_retailer_item_id":"15","product_condition":"new"},"_links":{"self":[{"href":"https:\/\/startercultures.eu\/de\/wp-json\/wp\/v2\/product\/25250","targetHints":{"allow":["GET"]}}],"collection":[{"href":"https:\/\/startercultures.eu\/de\/wp-json\/wp\/v2\/product"}],"about":[{"href":"https:\/\/startercultures.eu\/de\/wp-json\/wp\/v2\/types\/product"}],"replies":[{"embeddable":true,"href":"https:\/\/startercultures.eu\/de\/wp-json\/wp\/v2\/comments?post=25250"}],"version-history":[{"count":2,"href":"https:\/\/startercultures.eu\/de\/wp-json\/wp\/v2\/product\/25250\/revisions"}],"predecessor-version":[{"id":59762,"href":"https:\/\/startercultures.eu\/de\/wp-json\/wp\/v2\/product\/25250\/revisions\/59762"}],"wp:featuredmedia":[{"embeddable":true,"href":"https:\/\/startercultures.eu\/de\/wp-json\/wp\/v2\/media\/23357"}],"wp:attachment":[{"href":"https:\/\/startercultures.eu\/de\/wp-json\/wp\/v2\/media?parent=25250"}],"wp:term":[{"taxonomy":"product_brand","embeddable":true,"href":"https:\/\/startercultures.eu\/de\/wp-json\/wp\/v2\/product_brand?post=25250"},{"taxonomy":"product_cat","embeddable":true,"href":"https:\/\/startercultures.eu\/de\/wp-json\/wp\/v2\/product_cat?post=25250"},{"taxonomy":"product_tag","embeddable":true,"href":"https:\/\/startercultures.eu\/de\/wp-json\/wp\/v2\/product_tag?post=25250"}],"curies":[{"name":"wp","href":"https:\/\/api.w.org\/{rel}","templated":true}]}}