{"id":25252,"date":"2020-07-31T16:28:50","date_gmt":"2020-07-31T16:28:50","guid":{"rendered":"https:\/\/startercultures.eu\/product\/unkategorisiert\/komplettpaket-nordeuropaeische-rohwuerste-selbst-herstellen-starter-kit\/"},"modified":"2025-02-15T18:39:29","modified_gmt":"2025-02-15T17:39:29","slug":"all-in-one-nordeuropaische-trockenwurst-starter-kit","status":"publish","type":"product","link":"https:\/\/startercultures.eu\/de\/product\/wurstwaren-und-charcuterie-de\/all-in-one-starterkits\/all-in-one-nordeuropaische-trockenwurst-starter-kit\/","title":{"rendered":"Komplettpaket &#8220;Nordeurop\u00e4ische Rohw\u00fcrste selbst herstellen&#8221; &#8211; Starter Kit"},"content":{"rendered":"<p>Haben Sie schon immer davon getr\u00e4umt, Ihre eigenen Rohw\u00fcrste herzustellen? Dieses Komplettpaket f\u00fcr die Herstellung Ihrer eigenen Rohwurst nach nordeurop\u00e4ischer Art enth\u00e4lt alle Zutaten, die Sie ben\u00f6tigen. Lassen Sie Ihrer Fantasie freien Lauf!<\/p>\n<p>Sie wissen nicht, wie Sie anfangen sollen? Dazu kommt unser sehr g\u00fcnstiger Online-Workshop.<\/p>\n<h3>Inhalt des Startersets f\u00fcr nordeurop\u00e4ische Rohw\u00fcrste<\/h3>\n<p>Dieses Komplettpaket besteht aus:<\/p>\n<ul>\n<li>Allround-Starter f\u00fcr mittelschnelle und langsame G\u00e4rung (Hela Germet, Bitec LK-30 oder Van Hees Primal SK natur)<\/li>\n<li>1 kg Nitritsalz (0,6%)<\/li>\n<li>100 Gramm Traubenzucker<\/li>\n<li>50 Gramm Ascorbins\u00e4ure<\/li>\n<li>1 Tube Schweined\u00e4rme<\/li>\n<li>1 Wurstpinzette<\/li>\n<li><a href=\"https:\/\/startercultures.eu\/product\/sausages-and-charcuterie\/additives\/free-pointer-on-converting-us-cure-1-and-cure-2-recipes-to-with-european-ingredients\/\" target=\"_blank\" rel=\"noopener noreferrer\">\ud83d\udc49Freier Hinweis auf die Umstellung der Rezepte f\u00fcr die amerikanische cure Nr. 1 und Nr. 2 auf europ\u00e4ische Zutaten<\/a><\/li>\n<li>Optional: Beeindrucken Sie alle mit Ihrer Ausr\u00fcstung! Zum Bespiel mit <em>Porkert<\/em>, weltweit bekannt als &#8220;der Ferrari unter den Fleischw\u00f6lfen&#8221;. Vervollst\u00e4ndigen Sie diesen grundsoliden tschechischen Klassiker mit F\u00fcllrohren und einem Fleischstampfer.<\/li>\n<\/ul>\n<h3>Englischsprachiger Online-Workshop zur Herstellung von Rohwurst<br \/>\n<img decoding=\"async\" class=\"lazyload  wp-image-23961 alignright\" src=\"https:\/\/startercultures.eu\/wp-content\/uploads\/2020\/12\/sausage-making-workshop-450-300x300.png\" data-orig-src=\"https:\/\/startercultures.eu\/wp-content\/uploads\/2020\/12\/sausage-making-workshop-450-300x300.png\" alt=\"learn how to make dry cured sausages at home\" width=\"126\" height=\"126\" srcset=\"data:image\/svg+xml,%3Csvg%20xmlns%3D%27http%3A%2F%2Fwww.w3.org%2F2000%2Fsvg%27%20width%3D%27126%27%20height%3D%27126%27%20viewBox%3D%270%200%20126%20126%27%3E%3Crect%20width%3D%27126%27%20height%3D%27126%27%20fill-opacity%3D%220%22%2F%3E%3C%2Fsvg%3E\" data-srcset=\"https:\/\/startercultures.eu\/wp-content\/uploads\/2020\/12\/sausage-making-workshop-450-66x66.png 66w, https:\/\/startercultures.eu\/wp-content\/uploads\/2020\/12\/sausage-making-workshop-450-70x70.png 70w, https:\/\/startercultures.eu\/wp-content\/uploads\/2020\/12\/sausage-making-workshop-450-100x100.png 100w, https:\/\/startercultures.eu\/wp-content\/uploads\/2020\/12\/sausage-making-workshop-450-150x150.png 150w, https:\/\/startercultures.eu\/wp-content\/uploads\/2020\/12\/sausage-making-workshop-450-200x200.png 200w, https:\/\/startercultures.eu\/wp-content\/uploads\/2020\/12\/sausage-making-workshop-450-300x300.png 300w, https:\/\/startercultures.eu\/wp-content\/uploads\/2020\/12\/sausage-making-workshop-450-400x399.png 400w, https:\/\/startercultures.eu\/wp-content\/uploads\/2020\/12\/sausage-making-workshop-450.png 450w\" data-sizes=\"auto\" data-orig-sizes=\"(max-width: 126px) 100vw, 126px\" \/><\/h3>\n<p>W\u00e4hrend <a href=\"https:\/\/startercultures.eu\/product\/sausages-and-charcuterie\/online-english-spoken-dry-cured-charcuterie-workshop\/\" target=\"_blank\" rel=\"noopener\">dieses Meisterkurses in englischer Sprache<\/a> lernen Sie in Theorie und Praxis, wie man Rohw\u00fcrste wie Salami, Fuet, Chorizo, Peperoni und Sommerw\u00fcrste zu Hause herstellt. Foodwriter<a href=\"https:\/\/wateetons.com\/\" target=\"_blank\" rel=\"noopener\">&#8216;Meneer Wateetons&#8217;<\/a>, Autor mehrerer B\u00fccher \u00fcber G\u00e4rung und Wurstherstellung, wird Ihnen alles \u00fcber G\u00e4rung, P\u00f6kelsalze, Lebensmittelsicherheit, <a href=\"https:\/\/en.wikipedia.org\/wiki\/PH\" target=\"_blank\" rel=\"noopener\">pH-Wert<\/a>, Starterkulturen, Schimmelpilze und Trocknungsbedingungen beibringen.Klicken Sie <a href=\"https:\/\/startercultures.eu\/product\/sausages-and-charcuterie\/online-english-spoken-dry-cured-charcuterie-workshop\/\" target=\"_blank\" rel=\"noopener\">hier<\/a> f\u00fcr weitere Informationen.<\/p>\n","protected":false},"excerpt":{"rendered":"<p>Alles in einem Set f\u00fcr die Herstellung von Wurst nach nordeurop\u00e4ischer Art. Lassen Sie Ihrer Fantasie freien Lauf! Mit diesem Paket ist alles m\u00f6glich. F\u00fcgen Sie den optionalen Online-Workshop hinzu, wenn Sie noch nie Rohw\u00fcrste hergestellt haben.<\/p>\n","protected":false},"featured_media":23361,"comment_status":"open","ping_status":"closed","template":"","meta":{"_acf_changed":false,"footnotes":""},"product_brand":[],"product_cat":[682,693,684],"product_tag":[],"class_list":{"0":"post-25252","1":"product","2":"type-product","3":"status-publish","4":"has-post-thumbnail","6":"product_cat-all-in-one-starterkits","7":"product_cat-starterkits","8":"product_cat-wurstwaren-und-charcuterie","9":"product_shipping_class-klein-pakket-de","11":"first","12":"instock","13":"sale","14":"taxable","15":"shipping-taxable","16":"purchasable","17":"product-type-woosb"},"acf":[],"yoast_head":"<!-- This site is optimized with the Yoast SEO plugin v26.6 - https:\/\/yoast.com\/wordpress\/plugins\/seo\/ -->\n<title>Stellen Sie Ihre eigenen trocken gep\u00f6kelten Wurstwaren her mit diesem Starterkit - Startercultures.eu<\/title>\n<meta name=\"description\" content=\"Beginnen Sie mit der Herstellung Ihrer eigenen W\u00fcrste mit diesem Starterkit f\u00fcr die Herstellung von Rohw\u00fcrsten nach nordeurop\u00e4ischer Art. Einschlie\u00dflich eines optionalen Workshops.\" \/>\n<meta name=\"robots\" content=\"index, follow, max-snippet:-1, max-image-preview:large, max-video-preview:-1\" \/>\n<link rel=\"canonical\" href=\"https:\/\/startercultures.eu\/de\/product\/wurstwaren-und-charcuterie-de\/all-in-one-starterkits\/all-in-one-nordeuropaische-trockenwurst-starter-kit\/\" \/>\n<meta property=\"og:locale\" content=\"de_DE\" \/>\n<meta property=\"og:type\" content=\"article\" \/>\n<meta property=\"og:title\" content=\"Stellen Sie Ihre eigenen trocken gep\u00f6kelten Wurstwaren her mit diesem Starterkit - Startercultures.eu\" \/>\n<meta property=\"og:description\" content=\"Beginnen Sie mit der Herstellung Ihrer eigenen W\u00fcrste mit diesem Starterkit f\u00fcr die Herstellung von Rohw\u00fcrsten nach nordeurop\u00e4ischer Art. Einschlie\u00dflich eines optionalen Workshops.\" \/>\n<meta property=\"og:url\" content=\"https:\/\/startercultures.eu\/de\/product\/wurstwaren-und-charcuterie-de\/all-in-one-starterkits\/all-in-one-nordeuropaische-trockenwurst-starter-kit\/\" \/>\n<meta property=\"og:site_name\" content=\"Startercultures.eu\" \/>\n<meta property=\"article:publisher\" content=\"https:\/\/www.facebook.com\/startercultureseu\" \/>\n<meta property=\"article:modified_time\" content=\"2025-02-15T17:39:29+00:00\" \/>\n<meta property=\"og:image\" content=\"https:\/\/startercultures.eu\/wp-content\/uploads\/2020\/07\/85136f04f25cac16b88898dd9309c5bf160b3393.jpg\" \/>\n\t<meta property=\"og:image:width\" content=\"450\" \/>\n\t<meta property=\"og:image:height\" content=\"450\" \/>\n\t<meta property=\"og:image:type\" content=\"image\/jpeg\" \/>\n<meta name=\"twitter:card\" content=\"summary_large_image\" \/>\n<meta name=\"twitter:label1\" content=\"Price\" \/>\n\t<meta name=\"twitter:data1\" content=\"62,05\" \/>\n\t<meta name=\"twitter:label2\" content=\"Availability\" \/>\n\t<meta name=\"twitter:data2\" content=\"Vorr\u00e4tig\" \/>\n<script type=\"application\/ld+json\" class=\"yoast-schema-graph\">{\"@context\":\"https:\/\/schema.org\",\"@graph\":[{\"@type\":\"WebPage\",\"@id\":\"https:\/\/startercultures.eu\/de\/product\/wurstwaren-und-charcuterie-de\/all-in-one-starterkits\/all-in-one-nordeuropaische-trockenwurst-starter-kit\/\",\"url\":\"https:\/\/startercultures.eu\/de\/product\/wurstwaren-und-charcuterie-de\/all-in-one-starterkits\/all-in-one-nordeuropaische-trockenwurst-starter-kit\/\",\"name\":\"Stellen Sie Ihre eigenen trocken gep\u00f6kelten Wurstwaren her mit diesem Starterkit - Startercultures.eu\",\"isPartOf\":{\"@id\":\"https:\/\/startercultures.eu\/de\/#website\"},\"primaryImageOfPage\":{\"@id\":\"https:\/\/startercultures.eu\/de\/product\/wurstwaren-und-charcuterie-de\/all-in-one-starterkits\/all-in-one-nordeuropaische-trockenwurst-starter-kit\/#primaryimage\"},\"image\":{\"@id\":\"https:\/\/startercultures.eu\/de\/product\/wurstwaren-und-charcuterie-de\/all-in-one-starterkits\/all-in-one-nordeuropaische-trockenwurst-starter-kit\/#primaryimage\"},\"thumbnailUrl\":\"https:\/\/startercultures.eu\/wp-content\/uploads\/2020\/07\/85136f04f25cac16b88898dd9309c5bf160b3393.jpg\",\"datePublished\":\"2020-07-31T16:28:50+00:00\",\"dateModified\":\"2025-02-15T17:39:29+00:00\",\"description\":\"Beginnen Sie mit der Herstellung Ihrer eigenen W\u00fcrste mit diesem Starterkit f\u00fcr die Herstellung von Rohw\u00fcrsten nach nordeurop\u00e4ischer Art. Einschlie\u00dflich eines optionalen Workshops.\",\"breadcrumb\":{\"@id\":\"https:\/\/startercultures.eu\/de\/product\/wurstwaren-und-charcuterie-de\/all-in-one-starterkits\/all-in-one-nordeuropaische-trockenwurst-starter-kit\/#breadcrumb\"},\"inLanguage\":\"de-DE\",\"potentialAction\":[{\"@type\":\"ReadAction\",\"target\":[\"https:\/\/startercultures.eu\/de\/product\/wurstwaren-und-charcuterie-de\/all-in-one-starterkits\/all-in-one-nordeuropaische-trockenwurst-starter-kit\/\"]}]},{\"@type\":\"ImageObject\",\"inLanguage\":\"de-DE\",\"@id\":\"https:\/\/startercultures.eu\/de\/product\/wurstwaren-und-charcuterie-de\/all-in-one-starterkits\/all-in-one-nordeuropaische-trockenwurst-starter-kit\/#primaryimage\",\"url\":\"https:\/\/startercultures.eu\/wp-content\/uploads\/2020\/07\/85136f04f25cac16b88898dd9309c5bf160b3393.jpg\",\"contentUrl\":\"https:\/\/startercultures.eu\/wp-content\/uploads\/2020\/07\/85136f04f25cac16b88898dd9309c5bf160b3393.jpg\",\"width\":450,\"height\":450},{\"@type\":\"BreadcrumbList\",\"@id\":\"https:\/\/startercultures.eu\/de\/product\/wurstwaren-und-charcuterie-de\/all-in-one-starterkits\/all-in-one-nordeuropaische-trockenwurst-starter-kit\/#breadcrumb\",\"itemListElement\":[{\"@type\":\"ListItem\",\"position\":1,\"name\":\"Home\",\"item\":\"https:\/\/startercultures.eu\/de\/\"},{\"@type\":\"ListItem\",\"position\":2,\"name\":\"Shop\",\"item\":\"https:\/\/startercultures.eu\/shop\/\"},{\"@type\":\"ListItem\",\"position\":3,\"name\":\"Komplettpaket &#8220;Nordeurop\u00e4ische Rohw\u00fcrste selbst herstellen&#8221; &#8211; Starter Kit\"}]},{\"@type\":\"WebSite\",\"@id\":\"https:\/\/startercultures.eu\/de\/#website\",\"url\":\"https:\/\/startercultures.eu\/de\/\",\"name\":\"Startercultures.eu\",\"description\":\"Startercultures.eu\",\"publisher\":{\"@id\":\"https:\/\/startercultures.eu\/de\/#organization\"},\"potentialAction\":[{\"@type\":\"SearchAction\",\"target\":{\"@type\":\"EntryPoint\",\"urlTemplate\":\"https:\/\/startercultures.eu\/de\/?s={search_term_string}\"},\"query-input\":{\"@type\":\"PropertyValueSpecification\",\"valueRequired\":true,\"valueName\":\"search_term_string\"}}],\"inLanguage\":\"de-DE\"},{\"@type\":\"Organization\",\"@id\":\"https:\/\/startercultures.eu\/de\/#organization\",\"name\":\"Startercultures.eu\",\"url\":\"https:\/\/startercultures.eu\/de\/\",\"logo\":{\"@type\":\"ImageObject\",\"inLanguage\":\"de-DE\",\"@id\":\"https:\/\/startercultures.eu\/de\/#\/schema\/logo\/image\/\",\"url\":\"https:\/\/startercultures.eu\/wp-content\/uploads\/2020\/08\/startercultures-eu-nl-logo-rond-rgb.png\",\"contentUrl\":\"https:\/\/startercultures.eu\/wp-content\/uploads\/2020\/08\/startercultures-eu-nl-logo-rond-rgb.png\",\"width\":320,\"height\":320,\"caption\":\"Startercultures.eu\"},\"image\":{\"@id\":\"https:\/\/startercultures.eu\/de\/#\/schema\/logo\/image\/\"},\"sameAs\":[\"https:\/\/www.facebook.com\/startercultureseu\",\"https:\/\/www.instagram.com\/startercultures.eu\/\"]}]}<\/script>\n<meta property=\"product:price:amount\" content=\"62.05\" \/>\n<meta property=\"product:price:currency\" content=\"EUR\" \/>\n<meta property=\"og:availability\" content=\"instock\" \/>\n<meta property=\"product:availability\" content=\"instock\" \/>\n<meta property=\"product:retailer_item_id\" content=\"14\" \/>\n<meta property=\"product:condition\" content=\"new\" \/>\n<!-- \/ Yoast SEO plugin. -->","yoast_head_json":{"title":"Stellen Sie Ihre eigenen trocken gep\u00f6kelten Wurstwaren her mit diesem Starterkit - Startercultures.eu","description":"Beginnen Sie mit der Herstellung Ihrer eigenen W\u00fcrste mit diesem Starterkit f\u00fcr die Herstellung von Rohw\u00fcrsten nach nordeurop\u00e4ischer Art. Einschlie\u00dflich eines optionalen Workshops.","robots":{"index":"index","follow":"follow","max-snippet":"max-snippet:-1","max-image-preview":"max-image-preview:large","max-video-preview":"max-video-preview:-1"},"canonical":"https:\/\/startercultures.eu\/de\/product\/wurstwaren-und-charcuterie-de\/all-in-one-starterkits\/all-in-one-nordeuropaische-trockenwurst-starter-kit\/","og_locale":"de_DE","og_type":"article","og_title":"Stellen Sie Ihre eigenen trocken gep\u00f6kelten Wurstwaren her mit diesem Starterkit - Startercultures.eu","og_description":"Beginnen Sie mit der Herstellung Ihrer eigenen W\u00fcrste mit diesem Starterkit f\u00fcr die Herstellung von Rohw\u00fcrsten nach nordeurop\u00e4ischer Art. Einschlie\u00dflich eines optionalen Workshops.","og_url":"https:\/\/startercultures.eu\/de\/product\/wurstwaren-und-charcuterie-de\/all-in-one-starterkits\/all-in-one-nordeuropaische-trockenwurst-starter-kit\/","og_site_name":"Startercultures.eu","article_publisher":"https:\/\/www.facebook.com\/startercultureseu","article_modified_time":"2025-02-15T17:39:29+00:00","og_image":[{"width":450,"height":450,"url":"https:\/\/startercultures.eu\/wp-content\/uploads\/2020\/07\/85136f04f25cac16b88898dd9309c5bf160b3393.jpg","type":"image\/jpeg"}],"twitter_card":"summary_large_image","twitter_misc":{"Price":"62,05","Availability":"Vorr\u00e4tig"},"schema":{"@context":"https:\/\/schema.org","@graph":[{"@type":"WebPage","@id":"https:\/\/startercultures.eu\/de\/product\/wurstwaren-und-charcuterie-de\/all-in-one-starterkits\/all-in-one-nordeuropaische-trockenwurst-starter-kit\/","url":"https:\/\/startercultures.eu\/de\/product\/wurstwaren-und-charcuterie-de\/all-in-one-starterkits\/all-in-one-nordeuropaische-trockenwurst-starter-kit\/","name":"Stellen Sie Ihre eigenen trocken gep\u00f6kelten Wurstwaren her mit diesem Starterkit - Startercultures.eu","isPartOf":{"@id":"https:\/\/startercultures.eu\/de\/#website"},"primaryImageOfPage":{"@id":"https:\/\/startercultures.eu\/de\/product\/wurstwaren-und-charcuterie-de\/all-in-one-starterkits\/all-in-one-nordeuropaische-trockenwurst-starter-kit\/#primaryimage"},"image":{"@id":"https:\/\/startercultures.eu\/de\/product\/wurstwaren-und-charcuterie-de\/all-in-one-starterkits\/all-in-one-nordeuropaische-trockenwurst-starter-kit\/#primaryimage"},"thumbnailUrl":"https:\/\/startercultures.eu\/wp-content\/uploads\/2020\/07\/85136f04f25cac16b88898dd9309c5bf160b3393.jpg","datePublished":"2020-07-31T16:28:50+00:00","dateModified":"2025-02-15T17:39:29+00:00","description":"Beginnen Sie mit der Herstellung Ihrer eigenen W\u00fcrste mit diesem Starterkit f\u00fcr die Herstellung von Rohw\u00fcrsten nach nordeurop\u00e4ischer Art. Einschlie\u00dflich eines optionalen Workshops.","breadcrumb":{"@id":"https:\/\/startercultures.eu\/de\/product\/wurstwaren-und-charcuterie-de\/all-in-one-starterkits\/all-in-one-nordeuropaische-trockenwurst-starter-kit\/#breadcrumb"},"inLanguage":"de-DE","potentialAction":[{"@type":"ReadAction","target":["https:\/\/startercultures.eu\/de\/product\/wurstwaren-und-charcuterie-de\/all-in-one-starterkits\/all-in-one-nordeuropaische-trockenwurst-starter-kit\/"]}]},{"@type":"ImageObject","inLanguage":"de-DE","@id":"https:\/\/startercultures.eu\/de\/product\/wurstwaren-und-charcuterie-de\/all-in-one-starterkits\/all-in-one-nordeuropaische-trockenwurst-starter-kit\/#primaryimage","url":"https:\/\/startercultures.eu\/wp-content\/uploads\/2020\/07\/85136f04f25cac16b88898dd9309c5bf160b3393.jpg","contentUrl":"https:\/\/startercultures.eu\/wp-content\/uploads\/2020\/07\/85136f04f25cac16b88898dd9309c5bf160b3393.jpg","width":450,"height":450},{"@type":"BreadcrumbList","@id":"https:\/\/startercultures.eu\/de\/product\/wurstwaren-und-charcuterie-de\/all-in-one-starterkits\/all-in-one-nordeuropaische-trockenwurst-starter-kit\/#breadcrumb","itemListElement":[{"@type":"ListItem","position":1,"name":"Home","item":"https:\/\/startercultures.eu\/de\/"},{"@type":"ListItem","position":2,"name":"Shop","item":"https:\/\/startercultures.eu\/shop\/"},{"@type":"ListItem","position":3,"name":"Komplettpaket &#8220;Nordeurop\u00e4ische Rohw\u00fcrste selbst herstellen&#8221; &#8211; Starter Kit"}]},{"@type":"WebSite","@id":"https:\/\/startercultures.eu\/de\/#website","url":"https:\/\/startercultures.eu\/de\/","name":"Startercultures.eu","description":"Startercultures.eu","publisher":{"@id":"https:\/\/startercultures.eu\/de\/#organization"},"potentialAction":[{"@type":"SearchAction","target":{"@type":"EntryPoint","urlTemplate":"https:\/\/startercultures.eu\/de\/?s={search_term_string}"},"query-input":{"@type":"PropertyValueSpecification","valueRequired":true,"valueName":"search_term_string"}}],"inLanguage":"de-DE"},{"@type":"Organization","@id":"https:\/\/startercultures.eu\/de\/#organization","name":"Startercultures.eu","url":"https:\/\/startercultures.eu\/de\/","logo":{"@type":"ImageObject","inLanguage":"de-DE","@id":"https:\/\/startercultures.eu\/de\/#\/schema\/logo\/image\/","url":"https:\/\/startercultures.eu\/wp-content\/uploads\/2020\/08\/startercultures-eu-nl-logo-rond-rgb.png","contentUrl":"https:\/\/startercultures.eu\/wp-content\/uploads\/2020\/08\/startercultures-eu-nl-logo-rond-rgb.png","width":320,"height":320,"caption":"Startercultures.eu"},"image":{"@id":"https:\/\/startercultures.eu\/de\/#\/schema\/logo\/image\/"},"sameAs":["https:\/\/www.facebook.com\/startercultureseu","https:\/\/www.instagram.com\/startercultures.eu\/"]}]},"product_price_amount":"62.05","product_price_currency":"EUR","og_availability":"instock","product_availability":"instock","product_retailer_item_id":"14","product_condition":"new"},"_links":{"self":[{"href":"https:\/\/startercultures.eu\/de\/wp-json\/wp\/v2\/product\/25252","targetHints":{"allow":["GET"]}}],"collection":[{"href":"https:\/\/startercultures.eu\/de\/wp-json\/wp\/v2\/product"}],"about":[{"href":"https:\/\/startercultures.eu\/de\/wp-json\/wp\/v2\/types\/product"}],"replies":[{"embeddable":true,"href":"https:\/\/startercultures.eu\/de\/wp-json\/wp\/v2\/comments?post=25252"}],"version-history":[{"count":1,"href":"https:\/\/startercultures.eu\/de\/wp-json\/wp\/v2\/product\/25252\/revisions"}],"predecessor-version":[{"id":59760,"href":"https:\/\/startercultures.eu\/de\/wp-json\/wp\/v2\/product\/25252\/revisions\/59760"}],"wp:featuredmedia":[{"embeddable":true,"href":"https:\/\/startercultures.eu\/de\/wp-json\/wp\/v2\/media\/23361"}],"wp:attachment":[{"href":"https:\/\/startercultures.eu\/de\/wp-json\/wp\/v2\/media?parent=25252"}],"wp:term":[{"taxonomy":"product_brand","embeddable":true,"href":"https:\/\/startercultures.eu\/de\/wp-json\/wp\/v2\/product_brand?post=25252"},{"taxonomy":"product_cat","embeddable":true,"href":"https:\/\/startercultures.eu\/de\/wp-json\/wp\/v2\/product_cat?post=25252"},{"taxonomy":"product_tag","embeddable":true,"href":"https:\/\/startercultures.eu\/de\/wp-json\/wp\/v2\/product_tag?post=25252"}],"curies":[{"name":"wp","href":"https:\/\/api.w.org\/{rel}","templated":true}]}}