{"id":25258,"date":"2020-07-31T16:29:12","date_gmt":"2020-07-31T14:29:12","guid":{"rendered":"https:\/\/startercultures.eu\/product\/unkategorisiert\/durchsichtiges-kunststoffgehaeuse-50-mm-5er-set\/"},"modified":"2026-04-09T00:00:15","modified_gmt":"2026-04-08T22:00:15","slug":"durchsichtige-kunststoffhulle-60-mm","status":"publish","type":"product","link":"https:\/\/startercultures.eu\/de\/product\/fermentation-de\/bohnen-reis-korner\/durchsichtige-kunststoffhulle-60-mm\/","title":{"rendered":"Durchsichtige Kunststoffh\u00fclle &#8211; 50 mm (5er-Set)"},"content":{"rendered":"<p>Diese transparente Kunststoffh\u00fclle mit einem Durchmesser von 50 mm eignet sich f\u00fcr alle Leberw\u00fcrste mit Standarddurchmesser, schneidbare Blutw\u00fcrste und Br\u00fchw\u00fcrste, die nicht ger\u00e4uchert werden m\u00fcssen. Sie sind bereits portioniert, eine H\u00fclle ergibt eine Wurst. Der spezielle Kunststoff sorgt daf\u00fcr, dass sich der Inhalt nicht verf\u00e4rbt. Dies ist besonders n\u00fctzlich, wenn Sie die W\u00fcrste l\u00e4nger aufbewahren oder in einer Theke ausstellen m\u00f6chten.<\/p>\n<p>Tipp: Diese H\u00fclle ist auch f\u00fcr die Zubereitung von Tempeh-Burgern sehr n\u00fctzlich.<\/p>\n<h3>Inhalt<\/h3>\n<ul>\n<li>Verkauft per:\n<ul>\n<li>5 St\u00fcck<\/li>\n<li>25 St\u00fcck (40% Rabatt)<\/li>\n<\/ul>\n<\/li>\n<li>Materialien: Polyamide, Polyethylen und modifiziertes Polyethylen<\/li>\n<li>Farbe: transparent<\/li>\n<li>Kaliber 50 mm<\/li>\n<li>L\u00e4nge: 25 cm<\/li>\n<li>F\u00fcllmenge: etwa 500 Gramm<\/li>\n<li>Nicht zum Rauchen geeignet<\/li>\n<li>Ungenie\u00dfbar<\/li>\n<li>Verkauft pro 5<\/li>\n<\/ul>\n<h3>Wie verwenden Sie die durchsichtige Kunststoffh\u00fclle?<\/h3>\n<ul>\n<li>Kann sofort verwendet werden, muss also nicht erst eingeweicht werden.<\/li>\n<li>Nicht zum Rauchen geeignet<\/li>\n<\/ul>\n<h3>Online-Workshop zur Wurstherstellung in englischer Sprache<img decoding=\"async\" class=\"lazyload  wp-image-23961 alignright\" src=\"https:\/\/startercultures.eu\/wp-content\/uploads\/2020\/12\/sausage-making-workshop-450-300x300.png\" data-orig-src=\"https:\/\/startercultures.eu\/wp-content\/uploads\/2020\/12\/sausage-making-workshop-450-300x300.png\" alt=\"learn how to make dry cured sausages at home\" width=\"126\" height=\"126\" srcset=\"data:image\/svg+xml,%3Csvg%20xmlns%3D%27http%3A%2F%2Fwww.w3.org%2F2000%2Fsvg%27%20width%3D%27126%27%20height%3D%27126%27%20viewBox%3D%270%200%20126%20126%27%3E%3Crect%20width%3D%27126%27%20height%3D%27126%27%20fill-opacity%3D%220%22%2F%3E%3C%2Fsvg%3E\" data-srcset=\"https:\/\/startercultures.eu\/wp-content\/uploads\/2020\/12\/sausage-making-workshop-450-66x66.png 66w, https:\/\/startercultures.eu\/wp-content\/uploads\/2020\/12\/sausage-making-workshop-450-70x70.png 70w, https:\/\/startercultures.eu\/wp-content\/uploads\/2020\/12\/sausage-making-workshop-450-100x100.png 100w, https:\/\/startercultures.eu\/wp-content\/uploads\/2020\/12\/sausage-making-workshop-450-150x150.png 150w, https:\/\/startercultures.eu\/wp-content\/uploads\/2020\/12\/sausage-making-workshop-450-200x200.png 200w, https:\/\/startercultures.eu\/wp-content\/uploads\/2020\/12\/sausage-making-workshop-450-300x300.png 300w, https:\/\/startercultures.eu\/wp-content\/uploads\/2020\/12\/sausage-making-workshop-450-400x399.png 400w, https:\/\/startercultures.eu\/wp-content\/uploads\/2020\/12\/sausage-making-workshop-450.png 450w\" data-sizes=\"auto\" data-orig-sizes=\"(max-width: 126px) 100vw, 126px\" \/><\/h3>\n<p>In diesem <a href=\"https:\/\/startercultures.eu\/product\/sausages-and-charcuterie\/online-sausage-making-workshop\/\" target=\"_blank\" rel=\"noopener\">englischsprachigen Online-Workshop<\/a> lernen Sie die Theorie und Praxis der Herstellung von frischen W\u00fcrsten. Welche Fleischsorten eignen sich am besten, wo findet man die Zutaten, was sind die gr\u00f6\u00dften Fallstricke und was kann man mit H\u00fcllen alles anstellen? Foodwriter<a href=\"https:\/\/wateetons.com\/\" target=\"_blank\" rel=\"noopener\">&#8216;Meneer Wateetons&#8217;<\/a>, Autor mehrerer B\u00fccher \u00fcber Fermentierung und alternative Lebensmittelzubereitungstechniken, wird Ihnen alles \u00fcber Fermentierung, P\u00f6kelsalze, Lebensmittelsicherheit, pH-Wert, Starterkulturen, Schimmelpilze und Trocknungsbedingungen beibringen. Klicken Sie <a href=\"https:\/\/startercultures.eu\/product\/sausages-and-charcuterie\/online-sausage-making-workshop\/\" target=\"_blank\" rel=\"noopener\">hier<\/a> f\u00fcr weitere Informationen.<\/p>\n","protected":false},"excerpt":{"rendered":"<p>Diese transparente Kunststoffh\u00fclle mit einem Durchmesser von 50 mm eignet sich f\u00fcr alle Leberw\u00fcrste mit Standarddurchmesser, schneidbare Blutw\u00fcrste und Br\u00fchw\u00fcrste, die nicht ger\u00e4uchert werden m\u00fcssen.<\/p>\n","protected":false},"featured_media":33690,"comment_status":"open","ping_status":"closed","template":"","meta":{"_acf_changed":false,"footnotes":""},"product_brand":[],"product_cat":[706,704,689,690,663],"product_tag":[],"class_list":{"0":"post-25258","1":"product","2":"type-product","3":"status-publish","4":"has-post-thumbnail","6":"product_cat-asiatisch","7":"product_cat-bohnen-reis-korner","8":"product_cat-kunstdaerme","9":"product_cat-vegane-darme","10":"product_cat-werkzeuge-de-6","11":"pa_ean-8720297620553-de","12":"pa_ean-8720297621840-de-2","13":"pa_size-25-x-de","14":"pa_size-5-x-de","16":"first","17":"instock","18":"taxable","19":"shipping-taxable","20":"purchasable","21":"product-type-variable","22":"has-default-attributes"},"acf":[],"yoast_head":"<!-- This site is optimized with the Yoast SEO plugin v26.6 - https:\/\/yoast.com\/wordpress\/plugins\/seo\/ -->\n<title>Kunststoffh\u00fclle f\u00fcr W\u00fcrste | Startercultures.eu<\/title>\n<meta name=\"description\" content=\"Diese transparente Kunststoffh\u00fclle mit einem Durchmesser von 50 mm eignet sich f\u00fcr alle Leberw\u00fcrste mit Standarddurchmesser, schneidbare Blutw\u00fcrste und Br\u00fchw\u00fcrste, die nicht ger\u00e4uchert werden m\u00fcssen.\" \/>\n<meta name=\"robots\" content=\"index, follow, max-snippet:-1, max-image-preview:large, max-video-preview:-1\" \/>\n<link rel=\"canonical\" href=\"https:\/\/startercultures.eu\/de\/product\/fermentation-de\/bohnen-reis-korner\/durchsichtige-kunststoffhulle-60-mm\/\" \/>\n<meta property=\"og:locale\" content=\"de_DE\" \/>\n<meta property=\"og:type\" content=\"article\" \/>\n<meta property=\"og:title\" content=\"Kunststoffh\u00fclle f\u00fcr W\u00fcrste | Startercultures.eu\" \/>\n<meta property=\"og:description\" content=\"Diese transparente Kunststoffh\u00fclle mit einem Durchmesser von 50 mm eignet sich f\u00fcr alle Leberw\u00fcrste mit Standarddurchmesser, schneidbare Blutw\u00fcrste und Br\u00fchw\u00fcrste, die nicht ger\u00e4uchert werden m\u00fcssen.\" \/>\n<meta property=\"og:url\" content=\"https:\/\/startercultures.eu\/de\/product\/fermentation-de\/bohnen-reis-korner\/durchsichtige-kunststoffhulle-60-mm\/\" \/>\n<meta property=\"og:site_name\" content=\"Startercultures.eu\" \/>\n<meta property=\"article:publisher\" content=\"https:\/\/www.facebook.com\/startercultureseu\" \/>\n<meta property=\"article:modified_time\" content=\"2026-04-08T22:00:15+00:00\" \/>\n<meta property=\"og:image\" content=\"https:\/\/startercultures.eu\/wp-content\/uploads\/2020\/07\/transparent-casing-50mm-2.png\" \/>\n\t<meta property=\"og:image:width\" content=\"1250\" \/>\n\t<meta property=\"og:image:height\" content=\"1250\" \/>\n\t<meta property=\"og:image:type\" content=\"image\/png\" \/>\n<meta name=\"twitter:card\" content=\"summary_large_image\" \/>\n<meta name=\"twitter:label1\" content=\"Availability\" \/>\n\t<meta name=\"twitter:data1\" content=\"Vorr\u00e4tig\" \/>\n<script type=\"application\/ld+json\" class=\"yoast-schema-graph\">{\"@context\":\"https:\/\/schema.org\",\"@graph\":[{\"@type\":\"WebPage\",\"@id\":\"https:\/\/startercultures.eu\/de\/product\/fermentation-de\/bohnen-reis-korner\/durchsichtige-kunststoffhulle-60-mm\/\",\"url\":\"https:\/\/startercultures.eu\/de\/product\/fermentation-de\/bohnen-reis-korner\/durchsichtige-kunststoffhulle-60-mm\/\",\"name\":\"Kunststoffh\u00fclle f\u00fcr W\u00fcrste | Startercultures.eu\",\"isPartOf\":{\"@id\":\"https:\/\/startercultures.eu\/de\/#website\"},\"primaryImageOfPage\":{\"@id\":\"https:\/\/startercultures.eu\/de\/product\/fermentation-de\/bohnen-reis-korner\/durchsichtige-kunststoffhulle-60-mm\/#primaryimage\"},\"image\":{\"@id\":\"https:\/\/startercultures.eu\/de\/product\/fermentation-de\/bohnen-reis-korner\/durchsichtige-kunststoffhulle-60-mm\/#primaryimage\"},\"thumbnailUrl\":\"https:\/\/startercultures.eu\/wp-content\/uploads\/2020\/07\/transparent-casing-50mm-2.png\",\"datePublished\":\"2020-07-31T14:29:12+00:00\",\"dateModified\":\"2026-04-08T22:00:15+00:00\",\"description\":\"Diese transparente Kunststoffh\u00fclle mit einem Durchmesser von 50 mm eignet sich f\u00fcr alle Leberw\u00fcrste mit Standarddurchmesser, schneidbare Blutw\u00fcrste und Br\u00fchw\u00fcrste, die nicht ger\u00e4uchert werden m\u00fcssen.\",\"breadcrumb\":{\"@id\":\"https:\/\/startercultures.eu\/de\/product\/fermentation-de\/bohnen-reis-korner\/durchsichtige-kunststoffhulle-60-mm\/#breadcrumb\"},\"inLanguage\":\"de-DE\",\"potentialAction\":[{\"@type\":\"ReadAction\",\"target\":[\"https:\/\/startercultures.eu\/de\/product\/fermentation-de\/bohnen-reis-korner\/durchsichtige-kunststoffhulle-60-mm\/\"]}]},{\"@type\":\"ImageObject\",\"inLanguage\":\"de-DE\",\"@id\":\"https:\/\/startercultures.eu\/de\/product\/fermentation-de\/bohnen-reis-korner\/durchsichtige-kunststoffhulle-60-mm\/#primaryimage\",\"url\":\"https:\/\/startercultures.eu\/wp-content\/uploads\/2020\/07\/transparent-casing-50mm-2.png\",\"contentUrl\":\"https:\/\/startercultures.eu\/wp-content\/uploads\/2020\/07\/transparent-casing-50mm-2.png\",\"width\":1250,\"height\":1250},{\"@type\":\"BreadcrumbList\",\"@id\":\"https:\/\/startercultures.eu\/de\/product\/fermentation-de\/bohnen-reis-korner\/durchsichtige-kunststoffhulle-60-mm\/#breadcrumb\",\"itemListElement\":[{\"@type\":\"ListItem\",\"position\":1,\"name\":\"Home\",\"item\":\"https:\/\/startercultures.eu\/de\/\"},{\"@type\":\"ListItem\",\"position\":2,\"name\":\"Shop\",\"item\":\"https:\/\/startercultures.eu\/shop\/\"},{\"@type\":\"ListItem\",\"position\":3,\"name\":\"Durchsichtige Kunststoffh\u00fclle &#8211; 50 mm (5er-Set)\"}]},{\"@type\":\"WebSite\",\"@id\":\"https:\/\/startercultures.eu\/de\/#website\",\"url\":\"https:\/\/startercultures.eu\/de\/\",\"name\":\"Startercultures.eu\",\"description\":\"Startercultures.eu\",\"publisher\":{\"@id\":\"https:\/\/startercultures.eu\/de\/#organization\"},\"potentialAction\":[{\"@type\":\"SearchAction\",\"target\":{\"@type\":\"EntryPoint\",\"urlTemplate\":\"https:\/\/startercultures.eu\/de\/?s={search_term_string}\"},\"query-input\":{\"@type\":\"PropertyValueSpecification\",\"valueRequired\":true,\"valueName\":\"search_term_string\"}}],\"inLanguage\":\"de-DE\"},{\"@type\":\"Organization\",\"@id\":\"https:\/\/startercultures.eu\/de\/#organization\",\"name\":\"Startercultures.eu\",\"url\":\"https:\/\/startercultures.eu\/de\/\",\"logo\":{\"@type\":\"ImageObject\",\"inLanguage\":\"de-DE\",\"@id\":\"https:\/\/startercultures.eu\/de\/#\/schema\/logo\/image\/\",\"url\":\"https:\/\/startercultures.eu\/wp-content\/uploads\/2020\/08\/startercultures-eu-nl-logo-rond-rgb.png\",\"contentUrl\":\"https:\/\/startercultures.eu\/wp-content\/uploads\/2020\/08\/startercultures-eu-nl-logo-rond-rgb.png\",\"width\":320,\"height\":320,\"caption\":\"Startercultures.eu\"},\"image\":{\"@id\":\"https:\/\/startercultures.eu\/de\/#\/schema\/logo\/image\/\"},\"sameAs\":[\"https:\/\/www.facebook.com\/startercultureseu\",\"https:\/\/www.instagram.com\/startercultures.eu\/\"]}]}<\/script>\n<meta property=\"og:availability\" content=\"instock\" \/>\n<meta property=\"product:availability\" content=\"instock\" \/>\n<meta property=\"product:retailer_item_id\" content=\"374\" \/>\n<meta property=\"product:condition\" content=\"new\" \/>\n<!-- \/ Yoast SEO plugin. -->","yoast_head_json":{"title":"Kunststoffh\u00fclle f\u00fcr W\u00fcrste | Startercultures.eu","description":"Diese transparente Kunststoffh\u00fclle mit einem Durchmesser von 50 mm eignet sich f\u00fcr alle Leberw\u00fcrste mit Standarddurchmesser, schneidbare Blutw\u00fcrste und Br\u00fchw\u00fcrste, die nicht ger\u00e4uchert werden m\u00fcssen.","robots":{"index":"index","follow":"follow","max-snippet":"max-snippet:-1","max-image-preview":"max-image-preview:large","max-video-preview":"max-video-preview:-1"},"canonical":"https:\/\/startercultures.eu\/de\/product\/fermentation-de\/bohnen-reis-korner\/durchsichtige-kunststoffhulle-60-mm\/","og_locale":"de_DE","og_type":"article","og_title":"Kunststoffh\u00fclle f\u00fcr W\u00fcrste | Startercultures.eu","og_description":"Diese transparente Kunststoffh\u00fclle mit einem Durchmesser von 50 mm eignet sich f\u00fcr alle Leberw\u00fcrste mit Standarddurchmesser, schneidbare Blutw\u00fcrste und Br\u00fchw\u00fcrste, die nicht ger\u00e4uchert werden m\u00fcssen.","og_url":"https:\/\/startercultures.eu\/de\/product\/fermentation-de\/bohnen-reis-korner\/durchsichtige-kunststoffhulle-60-mm\/","og_site_name":"Startercultures.eu","article_publisher":"https:\/\/www.facebook.com\/startercultureseu","article_modified_time":"2026-04-08T22:00:15+00:00","og_image":[{"width":1250,"height":1250,"url":"https:\/\/startercultures.eu\/wp-content\/uploads\/2020\/07\/transparent-casing-50mm-2.png","type":"image\/png"}],"twitter_card":"summary_large_image","twitter_misc":{"Availability":"Vorr\u00e4tig"},"schema":{"@context":"https:\/\/schema.org","@graph":[{"@type":"WebPage","@id":"https:\/\/startercultures.eu\/de\/product\/fermentation-de\/bohnen-reis-korner\/durchsichtige-kunststoffhulle-60-mm\/","url":"https:\/\/startercultures.eu\/de\/product\/fermentation-de\/bohnen-reis-korner\/durchsichtige-kunststoffhulle-60-mm\/","name":"Kunststoffh\u00fclle f\u00fcr W\u00fcrste | Startercultures.eu","isPartOf":{"@id":"https:\/\/startercultures.eu\/de\/#website"},"primaryImageOfPage":{"@id":"https:\/\/startercultures.eu\/de\/product\/fermentation-de\/bohnen-reis-korner\/durchsichtige-kunststoffhulle-60-mm\/#primaryimage"},"image":{"@id":"https:\/\/startercultures.eu\/de\/product\/fermentation-de\/bohnen-reis-korner\/durchsichtige-kunststoffhulle-60-mm\/#primaryimage"},"thumbnailUrl":"https:\/\/startercultures.eu\/wp-content\/uploads\/2020\/07\/transparent-casing-50mm-2.png","datePublished":"2020-07-31T14:29:12+00:00","dateModified":"2026-04-08T22:00:15+00:00","description":"Diese transparente Kunststoffh\u00fclle mit einem Durchmesser von 50 mm eignet sich f\u00fcr alle Leberw\u00fcrste mit Standarddurchmesser, schneidbare Blutw\u00fcrste und Br\u00fchw\u00fcrste, die nicht ger\u00e4uchert werden m\u00fcssen.","breadcrumb":{"@id":"https:\/\/startercultures.eu\/de\/product\/fermentation-de\/bohnen-reis-korner\/durchsichtige-kunststoffhulle-60-mm\/#breadcrumb"},"inLanguage":"de-DE","potentialAction":[{"@type":"ReadAction","target":["https:\/\/startercultures.eu\/de\/product\/fermentation-de\/bohnen-reis-korner\/durchsichtige-kunststoffhulle-60-mm\/"]}]},{"@type":"ImageObject","inLanguage":"de-DE","@id":"https:\/\/startercultures.eu\/de\/product\/fermentation-de\/bohnen-reis-korner\/durchsichtige-kunststoffhulle-60-mm\/#primaryimage","url":"https:\/\/startercultures.eu\/wp-content\/uploads\/2020\/07\/transparent-casing-50mm-2.png","contentUrl":"https:\/\/startercultures.eu\/wp-content\/uploads\/2020\/07\/transparent-casing-50mm-2.png","width":1250,"height":1250},{"@type":"BreadcrumbList","@id":"https:\/\/startercultures.eu\/de\/product\/fermentation-de\/bohnen-reis-korner\/durchsichtige-kunststoffhulle-60-mm\/#breadcrumb","itemListElement":[{"@type":"ListItem","position":1,"name":"Home","item":"https:\/\/startercultures.eu\/de\/"},{"@type":"ListItem","position":2,"name":"Shop","item":"https:\/\/startercultures.eu\/shop\/"},{"@type":"ListItem","position":3,"name":"Durchsichtige Kunststoffh\u00fclle &#8211; 50 mm (5er-Set)"}]},{"@type":"WebSite","@id":"https:\/\/startercultures.eu\/de\/#website","url":"https:\/\/startercultures.eu\/de\/","name":"Startercultures.eu","description":"Startercultures.eu","publisher":{"@id":"https:\/\/startercultures.eu\/de\/#organization"},"potentialAction":[{"@type":"SearchAction","target":{"@type":"EntryPoint","urlTemplate":"https:\/\/startercultures.eu\/de\/?s={search_term_string}"},"query-input":{"@type":"PropertyValueSpecification","valueRequired":true,"valueName":"search_term_string"}}],"inLanguage":"de-DE"},{"@type":"Organization","@id":"https:\/\/startercultures.eu\/de\/#organization","name":"Startercultures.eu","url":"https:\/\/startercultures.eu\/de\/","logo":{"@type":"ImageObject","inLanguage":"de-DE","@id":"https:\/\/startercultures.eu\/de\/#\/schema\/logo\/image\/","url":"https:\/\/startercultures.eu\/wp-content\/uploads\/2020\/08\/startercultures-eu-nl-logo-rond-rgb.png","contentUrl":"https:\/\/startercultures.eu\/wp-content\/uploads\/2020\/08\/startercultures-eu-nl-logo-rond-rgb.png","width":320,"height":320,"caption":"Startercultures.eu"},"image":{"@id":"https:\/\/startercultures.eu\/de\/#\/schema\/logo\/image\/"},"sameAs":["https:\/\/www.facebook.com\/startercultureseu","https:\/\/www.instagram.com\/startercultures.eu\/"]}]},"og_availability":"instock","product_availability":"instock","product_retailer_item_id":"374","product_condition":"new"},"_links":{"self":[{"href":"https:\/\/startercultures.eu\/de\/wp-json\/wp\/v2\/product\/25258","targetHints":{"allow":["GET"]}}],"collection":[{"href":"https:\/\/startercultures.eu\/de\/wp-json\/wp\/v2\/product"}],"about":[{"href":"https:\/\/startercultures.eu\/de\/wp-json\/wp\/v2\/types\/product"}],"replies":[{"embeddable":true,"href":"https:\/\/startercultures.eu\/de\/wp-json\/wp\/v2\/comments?post=25258"}],"version-history":[{"count":3,"href":"https:\/\/startercultures.eu\/de\/wp-json\/wp\/v2\/product\/25258\/revisions"}],"predecessor-version":[{"id":69915,"href":"https:\/\/startercultures.eu\/de\/wp-json\/wp\/v2\/product\/25258\/revisions\/69915"}],"wp:featuredmedia":[{"embeddable":true,"href":"https:\/\/startercultures.eu\/de\/wp-json\/wp\/v2\/media\/33690"}],"wp:attachment":[{"href":"https:\/\/startercultures.eu\/de\/wp-json\/wp\/v2\/media?parent=25258"}],"wp:term":[{"taxonomy":"product_brand","embeddable":true,"href":"https:\/\/startercultures.eu\/de\/wp-json\/wp\/v2\/product_brand?post=25258"},{"taxonomy":"product_cat","embeddable":true,"href":"https:\/\/startercultures.eu\/de\/wp-json\/wp\/v2\/product_cat?post=25258"},{"taxonomy":"product_tag","embeddable":true,"href":"https:\/\/startercultures.eu\/de\/wp-json\/wp\/v2\/product_tag?post=25258"}],"curies":[{"name":"wp","href":"https:\/\/api.w.org\/{rel}","templated":true}]}}