{"id":25260,"date":"2020-07-31T16:32:29","date_gmt":"2020-07-31T16:32:29","guid":{"rendered":"https:\/\/startercultures.eu\/product\/unkategorisiert\/rote-reishefe\/"},"modified":"2026-04-08T10:20:50","modified_gmt":"2026-04-08T08:20:50","slug":"rote-reis-hefe","status":"publish","type":"product","link":"https:\/\/startercultures.eu\/de\/product\/fermentation-de\/bohnen-reis-korner\/rote-reis-hefe\/","title":{"rendered":"Rote Reishefe"},"content":{"rendered":"<h3>Was ist Roter Hefereis?<\/h3>\n<p>Roter Hefereis (auch Roter Reiskoji, Hongqu, Anka oder Ang-Kak genannt) ist ein leuchtend rot-violetter fermentierter Reis, der seine Farbe durch Fermentation mit dem Pilz <em>Monascus purpureus<\/em> erh\u00e4lt.<\/p>\n<h3>Was ist der Unterschied zwischen roter Reishefe und Koji?<\/h3>\n<p>Obwohl es im Japanischen als &#8220;Koji&#8221; bezeichnet wird, handelt es sich nicht um den Koji, den wir von Miso oder Sojasauce kennen. (Koji bedeutet eigentlich nichts anderes als &#8220;mit einer Schimmelkultur bewachsenes Getreide oder Bohnen&#8221;).<\/p>\n<h3>Verwendung von rotem Reiskoji<\/h3>\n<p>Er wird zum F\u00e4rben einer breiten Palette von Lebensmitteln verwendet, darunter eingelegter Tofu, roter Reisessig, Char Siu, Peking-Ente, Ingwerscheiben f\u00fcr Sushi, chinesische Trockenwurst und chinesische Kuchen. Au\u00dferdem wird er traditionell f\u00fcr die Herstellung verschiedener chinesischer Reisweine (Shaoxing jiu) und japanischer Sake (akaisake) verwendet. Obwohl roter Hefereis haupts\u00e4chlich wegen seiner Farbe verwendet wird, verleiht er den Speisen einen subtilen, aber angenehmen Geschmack. Man isst ihn nicht wie wei\u00dfen Reis, er w\u00e4re zu bitter.<\/p>\n<p>Rote Reishefe produziert Statine und es gibt Beweise f\u00fcr ihren medizinischen Nutzen, aber Startercultures.eu verzichtet auf jegliche medizinische Beratung.<\/p>\n<p>Die Hefe ist nicht dazu da, Brot zu s\u00e4uern.<\/p>\n<h3>Inhalt<\/h3>\n<ul>\n<li>30 Gramm<\/li>\n<li>Mikroorganismen: <em>Monascus purpureus<\/em> (auch bekannt als <em>Monascus<\/em><em> albidus<\/em>, <em>Monascus<\/em> <em>anka<\/em>, <em>Monascus<\/em> <em>araneosus<\/em>, <em>Monascus major<\/em> und <em>Monascus<\/em> <em>rubiginosus<\/em>)<\/li>\n<\/ul>\n<h3>Englischsprachiger Online-Workshop &#8220;Miso selber machen&#8221;<img decoding=\"async\" class=\"lazyload  wp-image-23963 alignright\" src=\"https:\/\/startercultures.eu\/wp-content\/uploads\/2020\/12\/fermentation-450-300x300.png\" data-orig-src=\"https:\/\/startercultures.eu\/wp-content\/uploads\/2020\/12\/fermentation-450-300x300.png\" alt=\"Fermentation workshops\" width=\"135\" height=\"135\" srcset=\"data:image\/svg+xml,%3Csvg%20xmlns%3D%27http%3A%2F%2Fwww.w3.org%2F2000%2Fsvg%27%20width%3D%27135%27%20height%3D%27135%27%20viewBox%3D%270%200%20135%20135%27%3E%3Crect%20width%3D%27135%27%20height%3D%27135%27%20fill-opacity%3D%220%22%2F%3E%3C%2Fsvg%3E\" data-srcset=\"https:\/\/startercultures.eu\/wp-content\/uploads\/2020\/12\/fermentation-450-66x66.png 66w, https:\/\/startercultures.eu\/wp-content\/uploads\/2020\/12\/fermentation-450-70x70.png 70w, https:\/\/startercultures.eu\/wp-content\/uploads\/2020\/12\/fermentation-450-100x100.png 100w, https:\/\/startercultures.eu\/wp-content\/uploads\/2020\/12\/fermentation-450-150x150.png 150w, https:\/\/startercultures.eu\/wp-content\/uploads\/2020\/12\/fermentation-450-200x200.png 200w, https:\/\/startercultures.eu\/wp-content\/uploads\/2020\/12\/fermentation-450-300x300.png 300w, https:\/\/startercultures.eu\/wp-content\/uploads\/2020\/12\/fermentation-450-400x401.png 400w, https:\/\/startercultures.eu\/wp-content\/uploads\/2020\/12\/fermentation-450.png 450w\" data-sizes=\"auto\" data-orig-sizes=\"(max-width: 135px) 100vw, 135px\" \/><\/h3>\n<p>In<a href=\"https:\/\/startercultures.eu\/product\/workshops-2\/online-on-demand-workshop-how-to-make-your-own-miso\/\" target=\"_blank\" rel=\"noopener\"> diesem Online-Meisterkurs<\/a> zeigt Ihnen der niederl\u00e4ndische Foodwriter und Fermentationsexperte Meneer Wateetons, wie Sie Ihr eigenes <a href=\"https:\/\/en.wikipedia.org\/wiki\/Miso\" target=\"_blank\" rel=\"noopener\">Miso<\/a> herstellen k\u00f6nnen. Durch eine besondere Form der Fermentation entsteht aus zwei sehr bescheidenen und eher langweiligen Zutaten eine der sch\u00f6nsten und komplexesten Substanzen der Welt. Herr Wateetons erz\u00e4hlt Ihnen genau, wie die Fermentation funktioniert und was Sie daf\u00fcr brauchen, wie Sie von nun an Miso zu Hause herstellen, wie Sie den Prozess der Miso-Herstellung beschleunigen, wie Sie diese beiden Grundzutaten endlos variieren und was f\u00fcr coole Sachen Sie mit Miso machen k\u00f6nnen. Klicken Sie <a href=\"https:\/\/startercultures.eu\/product\/workshops-2\/online-on-demand-workshop-how-to-make-your-own-miso\/\" target=\"_blank\" rel=\"noopener\">hier <\/a>f\u00fcr weitere Informationen.<\/p>\n","protected":false},"excerpt":{"rendered":"<p>Roter Hefereis (auch Roter Reiskoji, Anka oder Ang-Kak genannt) ist ein leuchtend rot-violetter fermentierter Reis, der seine Farbe durch die Fermentation mit dem Pilz Monascus purpureus erh\u00e4lt.<\/p>\n","protected":false},"featured_media":25172,"comment_status":"open","ping_status":"closed","template":"","meta":{"_acf_changed":false,"footnotes":""},"product_brand":[],"product_cat":[706,704,681,692,746,701,703],"product_tag":[],"class_list":{"0":"post-25260","1":"product","2":"type-product","3":"status-publish","4":"has-post-thumbnail","6":"product_cat-asiatisch","7":"product_cat-bohnen-reis-korner","8":"product_cat-koji-de","9":"product_cat-starterkulturen-de-3","10":"product_cat-starterkulteren-de-6","11":"product_cat-vegane-korner-bohnen-hulsenfruchte","12":"product_cat-zusatzstoffe","13":"pa_ean-8720297620072-de","15":"first","16":"instock","17":"taxable","18":"shipping-taxable","19":"purchasable","20":"product-type-simple"},"acf":[],"yoast_head":"<!-- This site is optimized with the Yoast SEO plugin v26.6 - https:\/\/yoast.com\/wordpress\/plugins\/seo\/ -->\n<title>Rote Reishefe - Startercultures.eu<\/title>\n<meta name=\"description\" content=\"Roter Hefereis ist ein leuchtend rot-violetter fermentierter Reis, der seine Farbe durch die Fermentation mit dem Pilz Monascus purpureus erh\u00e4lt.\" \/>\n<meta name=\"robots\" content=\"index, follow, max-snippet:-1, max-image-preview:large, max-video-preview:-1\" \/>\n<link rel=\"canonical\" href=\"https:\/\/startercultures.eu\/de\/product\/fermentation-de\/bohnen-reis-korner\/rote-reis-hefe\/\" \/>\n<meta property=\"og:locale\" content=\"de_DE\" \/>\n<meta property=\"og:type\" content=\"article\" \/>\n<meta property=\"og:title\" content=\"Rote Reishefe - Startercultures.eu\" \/>\n<meta property=\"og:description\" content=\"Roter Hefereis ist ein leuchtend rot-violetter fermentierter Reis, der seine Farbe durch die Fermentation mit dem Pilz Monascus purpureus erh\u00e4lt.\" \/>\n<meta property=\"og:url\" content=\"https:\/\/startercultures.eu\/de\/product\/fermentation-de\/bohnen-reis-korner\/rote-reis-hefe\/\" \/>\n<meta property=\"og:site_name\" content=\"Startercultures.eu\" \/>\n<meta property=\"article:publisher\" content=\"https:\/\/www.facebook.com\/startercultureseu\" \/>\n<meta property=\"article:modified_time\" content=\"2026-04-08T08:20:50+00:00\" \/>\n<meta property=\"og:image\" content=\"https:\/\/startercultures.eu\/wp-content\/uploads\/2020\/07\/048mu.png\" \/>\n\t<meta property=\"og:image:width\" content=\"1250\" \/>\n\t<meta property=\"og:image:height\" content=\"1250\" \/>\n\t<meta property=\"og:image:type\" content=\"image\/png\" \/>\n<meta name=\"twitter:card\" content=\"summary_large_image\" \/>\n<meta name=\"twitter:label1\" content=\"Price\" \/>\n\t<meta name=\"twitter:data1\" content=\"9,99\" \/>\n\t<meta name=\"twitter:label2\" content=\"Availability\" \/>\n\t<meta name=\"twitter:data2\" content=\"Vorr\u00e4tig\" \/>\n<script type=\"application\/ld+json\" class=\"yoast-schema-graph\">{\"@context\":\"https:\/\/schema.org\",\"@graph\":[{\"@type\":\"WebPage\",\"@id\":\"https:\/\/startercultures.eu\/de\/product\/fermentation-de\/bohnen-reis-korner\/rote-reis-hefe\/\",\"url\":\"https:\/\/startercultures.eu\/de\/product\/fermentation-de\/bohnen-reis-korner\/rote-reis-hefe\/\",\"name\":\"Rote Reishefe - Startercultures.eu\",\"isPartOf\":{\"@id\":\"https:\/\/startercultures.eu\/de\/#website\"},\"primaryImageOfPage\":{\"@id\":\"https:\/\/startercultures.eu\/de\/product\/fermentation-de\/bohnen-reis-korner\/rote-reis-hefe\/#primaryimage\"},\"image\":{\"@id\":\"https:\/\/startercultures.eu\/de\/product\/fermentation-de\/bohnen-reis-korner\/rote-reis-hefe\/#primaryimage\"},\"thumbnailUrl\":\"https:\/\/startercultures.eu\/wp-content\/uploads\/2020\/07\/048mu.png\",\"datePublished\":\"2020-07-31T16:32:29+00:00\",\"dateModified\":\"2026-04-08T08:20:50+00:00\",\"description\":\"Roter Hefereis ist ein leuchtend rot-violetter fermentierter Reis, der seine Farbe durch die Fermentation mit dem Pilz Monascus purpureus erh\u00e4lt.\",\"breadcrumb\":{\"@id\":\"https:\/\/startercultures.eu\/de\/product\/fermentation-de\/bohnen-reis-korner\/rote-reis-hefe\/#breadcrumb\"},\"inLanguage\":\"de-DE\",\"potentialAction\":[{\"@type\":\"ReadAction\",\"target\":[\"https:\/\/startercultures.eu\/de\/product\/fermentation-de\/bohnen-reis-korner\/rote-reis-hefe\/\"]}]},{\"@type\":\"ImageObject\",\"inLanguage\":\"de-DE\",\"@id\":\"https:\/\/startercultures.eu\/de\/product\/fermentation-de\/bohnen-reis-korner\/rote-reis-hefe\/#primaryimage\",\"url\":\"https:\/\/startercultures.eu\/wp-content\/uploads\/2020\/07\/048mu.png\",\"contentUrl\":\"https:\/\/startercultures.eu\/wp-content\/uploads\/2020\/07\/048mu.png\",\"width\":1250,\"height\":1250,\"caption\":\"Rote Reishefe\"},{\"@type\":\"BreadcrumbList\",\"@id\":\"https:\/\/startercultures.eu\/de\/product\/fermentation-de\/bohnen-reis-korner\/rote-reis-hefe\/#breadcrumb\",\"itemListElement\":[{\"@type\":\"ListItem\",\"position\":1,\"name\":\"Home\",\"item\":\"https:\/\/startercultures.eu\/de\/\"},{\"@type\":\"ListItem\",\"position\":2,\"name\":\"Shop\",\"item\":\"https:\/\/startercultures.eu\/shop\/\"},{\"@type\":\"ListItem\",\"position\":3,\"name\":\"Rote Reishefe\"}]},{\"@type\":\"WebSite\",\"@id\":\"https:\/\/startercultures.eu\/de\/#website\",\"url\":\"https:\/\/startercultures.eu\/de\/\",\"name\":\"Startercultures.eu\",\"description\":\"Startercultures.eu\",\"publisher\":{\"@id\":\"https:\/\/startercultures.eu\/de\/#organization\"},\"potentialAction\":[{\"@type\":\"SearchAction\",\"target\":{\"@type\":\"EntryPoint\",\"urlTemplate\":\"https:\/\/startercultures.eu\/de\/?s={search_term_string}\"},\"query-input\":{\"@type\":\"PropertyValueSpecification\",\"valueRequired\":true,\"valueName\":\"search_term_string\"}}],\"inLanguage\":\"de-DE\"},{\"@type\":\"Organization\",\"@id\":\"https:\/\/startercultures.eu\/de\/#organization\",\"name\":\"Startercultures.eu\",\"url\":\"https:\/\/startercultures.eu\/de\/\",\"logo\":{\"@type\":\"ImageObject\",\"inLanguage\":\"de-DE\",\"@id\":\"https:\/\/startercultures.eu\/de\/#\/schema\/logo\/image\/\",\"url\":\"https:\/\/startercultures.eu\/wp-content\/uploads\/2020\/08\/startercultures-eu-nl-logo-rond-rgb.png\",\"contentUrl\":\"https:\/\/startercultures.eu\/wp-content\/uploads\/2020\/08\/startercultures-eu-nl-logo-rond-rgb.png\",\"width\":320,\"height\":320,\"caption\":\"Startercultures.eu\"},\"image\":{\"@id\":\"https:\/\/startercultures.eu\/de\/#\/schema\/logo\/image\/\"},\"sameAs\":[\"https:\/\/www.facebook.com\/startercultureseu\",\"https:\/\/www.instagram.com\/startercultures.eu\/\"]}]}<\/script>\n<meta property=\"product:price:amount\" content=\"9.99\" \/>\n<meta property=\"product:price:currency\" content=\"EUR\" \/>\n<meta property=\"og:availability\" content=\"instock\" \/>\n<meta property=\"product:availability\" content=\"instock\" \/>\n<meta property=\"product:retailer_item_id\" content=\"48\" \/>\n<meta property=\"product:condition\" content=\"new\" \/>\n<!-- \/ Yoast SEO plugin. -->","yoast_head_json":{"title":"Rote Reishefe - Startercultures.eu","description":"Roter Hefereis ist ein leuchtend rot-violetter fermentierter Reis, der seine Farbe durch die Fermentation mit dem Pilz Monascus purpureus erh\u00e4lt.","robots":{"index":"index","follow":"follow","max-snippet":"max-snippet:-1","max-image-preview":"max-image-preview:large","max-video-preview":"max-video-preview:-1"},"canonical":"https:\/\/startercultures.eu\/de\/product\/fermentation-de\/bohnen-reis-korner\/rote-reis-hefe\/","og_locale":"de_DE","og_type":"article","og_title":"Rote Reishefe - Startercultures.eu","og_description":"Roter Hefereis ist ein leuchtend rot-violetter fermentierter Reis, der seine Farbe durch die Fermentation mit dem Pilz Monascus purpureus erh\u00e4lt.","og_url":"https:\/\/startercultures.eu\/de\/product\/fermentation-de\/bohnen-reis-korner\/rote-reis-hefe\/","og_site_name":"Startercultures.eu","article_publisher":"https:\/\/www.facebook.com\/startercultureseu","article_modified_time":"2026-04-08T08:20:50+00:00","og_image":[{"width":1250,"height":1250,"url":"https:\/\/startercultures.eu\/wp-content\/uploads\/2020\/07\/048mu.png","type":"image\/png"}],"twitter_card":"summary_large_image","twitter_misc":{"Price":"9,99","Availability":"Vorr\u00e4tig"},"schema":{"@context":"https:\/\/schema.org","@graph":[{"@type":"WebPage","@id":"https:\/\/startercultures.eu\/de\/product\/fermentation-de\/bohnen-reis-korner\/rote-reis-hefe\/","url":"https:\/\/startercultures.eu\/de\/product\/fermentation-de\/bohnen-reis-korner\/rote-reis-hefe\/","name":"Rote Reishefe - Startercultures.eu","isPartOf":{"@id":"https:\/\/startercultures.eu\/de\/#website"},"primaryImageOfPage":{"@id":"https:\/\/startercultures.eu\/de\/product\/fermentation-de\/bohnen-reis-korner\/rote-reis-hefe\/#primaryimage"},"image":{"@id":"https:\/\/startercultures.eu\/de\/product\/fermentation-de\/bohnen-reis-korner\/rote-reis-hefe\/#primaryimage"},"thumbnailUrl":"https:\/\/startercultures.eu\/wp-content\/uploads\/2020\/07\/048mu.png","datePublished":"2020-07-31T16:32:29+00:00","dateModified":"2026-04-08T08:20:50+00:00","description":"Roter Hefereis ist ein leuchtend rot-violetter fermentierter Reis, der seine Farbe durch die Fermentation mit dem Pilz Monascus purpureus erh\u00e4lt.","breadcrumb":{"@id":"https:\/\/startercultures.eu\/de\/product\/fermentation-de\/bohnen-reis-korner\/rote-reis-hefe\/#breadcrumb"},"inLanguage":"de-DE","potentialAction":[{"@type":"ReadAction","target":["https:\/\/startercultures.eu\/de\/product\/fermentation-de\/bohnen-reis-korner\/rote-reis-hefe\/"]}]},{"@type":"ImageObject","inLanguage":"de-DE","@id":"https:\/\/startercultures.eu\/de\/product\/fermentation-de\/bohnen-reis-korner\/rote-reis-hefe\/#primaryimage","url":"https:\/\/startercultures.eu\/wp-content\/uploads\/2020\/07\/048mu.png","contentUrl":"https:\/\/startercultures.eu\/wp-content\/uploads\/2020\/07\/048mu.png","width":1250,"height":1250,"caption":"Rote Reishefe"},{"@type":"BreadcrumbList","@id":"https:\/\/startercultures.eu\/de\/product\/fermentation-de\/bohnen-reis-korner\/rote-reis-hefe\/#breadcrumb","itemListElement":[{"@type":"ListItem","position":1,"name":"Home","item":"https:\/\/startercultures.eu\/de\/"},{"@type":"ListItem","position":2,"name":"Shop","item":"https:\/\/startercultures.eu\/shop\/"},{"@type":"ListItem","position":3,"name":"Rote Reishefe"}]},{"@type":"WebSite","@id":"https:\/\/startercultures.eu\/de\/#website","url":"https:\/\/startercultures.eu\/de\/","name":"Startercultures.eu","description":"Startercultures.eu","publisher":{"@id":"https:\/\/startercultures.eu\/de\/#organization"},"potentialAction":[{"@type":"SearchAction","target":{"@type":"EntryPoint","urlTemplate":"https:\/\/startercultures.eu\/de\/?s={search_term_string}"},"query-input":{"@type":"PropertyValueSpecification","valueRequired":true,"valueName":"search_term_string"}}],"inLanguage":"de-DE"},{"@type":"Organization","@id":"https:\/\/startercultures.eu\/de\/#organization","name":"Startercultures.eu","url":"https:\/\/startercultures.eu\/de\/","logo":{"@type":"ImageObject","inLanguage":"de-DE","@id":"https:\/\/startercultures.eu\/de\/#\/schema\/logo\/image\/","url":"https:\/\/startercultures.eu\/wp-content\/uploads\/2020\/08\/startercultures-eu-nl-logo-rond-rgb.png","contentUrl":"https:\/\/startercultures.eu\/wp-content\/uploads\/2020\/08\/startercultures-eu-nl-logo-rond-rgb.png","width":320,"height":320,"caption":"Startercultures.eu"},"image":{"@id":"https:\/\/startercultures.eu\/de\/#\/schema\/logo\/image\/"},"sameAs":["https:\/\/www.facebook.com\/startercultureseu","https:\/\/www.instagram.com\/startercultures.eu\/"]}]},"product_price_amount":"9.99","product_price_currency":"EUR","og_availability":"instock","product_availability":"instock","product_retailer_item_id":"48","product_condition":"new"},"_links":{"self":[{"href":"https:\/\/startercultures.eu\/de\/wp-json\/wp\/v2\/product\/25260","targetHints":{"allow":["GET"]}}],"collection":[{"href":"https:\/\/startercultures.eu\/de\/wp-json\/wp\/v2\/product"}],"about":[{"href":"https:\/\/startercultures.eu\/de\/wp-json\/wp\/v2\/types\/product"}],"replies":[{"embeddable":true,"href":"https:\/\/startercultures.eu\/de\/wp-json\/wp\/v2\/comments?post=25260"}],"version-history":[{"count":3,"href":"https:\/\/startercultures.eu\/de\/wp-json\/wp\/v2\/product\/25260\/revisions"}],"predecessor-version":[{"id":66988,"href":"https:\/\/startercultures.eu\/de\/wp-json\/wp\/v2\/product\/25260\/revisions\/66988"}],"wp:featuredmedia":[{"embeddable":true,"href":"https:\/\/startercultures.eu\/de\/wp-json\/wp\/v2\/media\/25172"}],"wp:attachment":[{"href":"https:\/\/startercultures.eu\/de\/wp-json\/wp\/v2\/media?parent=25260"}],"wp:term":[{"taxonomy":"product_brand","embeddable":true,"href":"https:\/\/startercultures.eu\/de\/wp-json\/wp\/v2\/product_brand?post=25260"},{"taxonomy":"product_cat","embeddable":true,"href":"https:\/\/startercultures.eu\/de\/wp-json\/wp\/v2\/product_cat?post=25260"},{"taxonomy":"product_tag","embeddable":true,"href":"https:\/\/startercultures.eu\/de\/wp-json\/wp\/v2\/product_tag?post=25260"}],"curies":[{"name":"wp","href":"https:\/\/api.w.org\/{rel}","templated":true}]}}