{"id":25261,"date":"2020-07-31T16:33:16","date_gmt":"2020-07-31T16:33:16","guid":{"rendered":"https:\/\/startercultures.eu\/product\/unkategorisiert\/koji-fuer-miso\/"},"modified":"2026-04-25T14:23:59","modified_gmt":"2026-04-25T12:23:59","slug":"koji-fur-miso","status":"publish","type":"product","link":"https:\/\/startercultures.eu\/de\/product\/fermentation-de\/koji-de\/koji-fur-miso\/","title":{"rendered":"Koji f\u00fcr Miso | auch f\u00fcr Shoyu"},"content":{"rendered":"<h3>\u00dcber Koji<\/h3>\n<p>Koji ist der Pilz, der alles kann: Miso, Sojasauce, Shoyu, Shio Koji, Amazake, Schwarzbohnensauce, Sake, Doungjun, sie alle verdanken ihren Geschmack dem Pilz Aspergillus oryzae. Mit diesem Multitalent lassen sich zum Beispiel auch coole Experimente mit g\u00e4rendem Fleisch oder sogar Milchprodukten durchf\u00fchren.<\/p>\n<h3><strong>Dieser Koji f\u00fcr Miso Typ<\/strong><\/h3>\n<p>Dieser Koji stammt direkt aus Japan. Er besitzt eine moderate bis starke \u03b1-Amylase, Protease und Glutaminase. Dieser Aspergillus produziert leicht einen Koji, der weniger fest ist und eine milde Farbe aufweist. Er eignet sich am besten zur Herstellung von Miso, kann aber auch f\u00fcr Shoyu, Bohnen und andere Koji-Experimente verwendet werden<\/p>\n<h3><strong>Inhalt<\/strong><\/h3>\n<ul>\n<li>Zutaten: Reismehl *, Schimmelpilz <em>Aspergillus oryzae<\/em> (Koji)<\/li>\n<li>Erh\u00e4ltlich in zwei Gr\u00f6\u00dfen: 15 gr. f\u00fcr 5 kg oder 40 gr. f\u00fcr 200 kg Reis\/Gerste\/Getreide\/Sojabohnen<\/li>\n<li>Aufbewahrungshinweise: Mindestens 6 Monate im K\u00fchlschrank, mehr als ein Jahr im Gefrierschrank haltbar.<\/li>\n<li>Herkunft: Japan<\/li>\n<li>Sojafrei<\/li>\n<\/ul>\n<p>(*)\u00a0Die kleinen Standardverpackungen enthalten reine Sporen, gemischt mit Reismehl. Die Sporen sind so leicht, dass sie sich bei kleinen Reismengen nur schwer dosieren lassen. Die Menge ist gering, sie bleiben oft im Beutel haften und beim kleinsten Luftzug fliegen sie durch die K\u00fcche.<\/p>\n<p data-start=\"1511\" data-end=\"1782\">Die Gro\u00dfverbraucherbeutel enthalten ausschlie\u00dflich reine Sporen \u2013 sie sind also <strong data-start=\"1591\" data-end=\"1600\">nicht<\/strong> mit Reismehl gemischt, wodurch die Sporendichte deutlich h\u00f6her ist. Mit 40 Gramm kann man daher beispielsweise 200 kg Produkt oder 360 Liter Shoyu herstellen, je nach Art des Kojis.<\/p>\n<h3>Wie stellt man Koji-kin her?<\/h3>\n<h3>Inhaltsstoffe<\/h3>\n<ul>\n<li>300 g wei\u00dfer Reis, vorzugsweise nicht vorgekocht<\/li>\n<li>ca. 1 g (etwa \u00bd Teel\u00f6ffel) Koji-Starterkultur (\u00fcberpr\u00fcfen Sie die Verpackung, verschiedene Koji-Sorten haben unterschiedliche St\u00e4rken)<\/li>\n<\/ul>\n<h3>Vorbereitung<\/h3>\n<ol>\n<li>Sp\u00fclen Sie den Reis, bis das Sp\u00fclwasser klar bleibt. 15 Minuten abtropfen lassen.<\/li>\n<li>Den Reis etwa 45 Minuten lang d\u00e4mpfen. Das funktioniert besser, als ihn zu kochen. Gekochter Reis wird schnell feucht und matschig, wenn er schimmelt, was den Pilz daran hindert, seine Arbeit richtig zu erledigen. Der Reis sollte glasig aussehen und sich weich und ein wenig gummiartig anf\u00fchlen, wenn Sie hineinbei\u00dfen.<\/li>\n<li>Auf Zimmertemperatur abk\u00fchlen lassen.<\/li>\n<li>Mischen Sie den Koji-Kin mit dem Reis und lassen Sie ihn 48 Stunden lang an einem warmen, feuchten Ort bei 25 bis 35 \u02daC fermentieren. Kontrollieren Sie regelm\u00e4\u00dfig. Achten Sie darauf, dass kein Kondenswasser auf den Reis tropft.<\/li>\n<li>W\u00e4hrend dieser Zeit einige Male mit einer sauberen Gabel umr\u00fchren. Der Pilz braucht Sauerstoff.<\/li>\n<li>Nach der G\u00e4rung ist der Reis vollst\u00e4ndig mit einem wei\u00dfen Schimmel bedeckt. Beachten Sie jedoch, dass verschiedene Koji-Varianten unterschiedliche Farben haben.<\/li>\n<li>Brechen Sie ab, sobald Sie gr\u00fcne oder gelbe Punkte sehen. Das bedeutet, dass der Pilz in die Sporenbildungsphase \u00fcbergeht. Benutzen Sie Ihre Nase (blumig, s\u00fc\u00df) und klopfen Sie im Zweifelsfall auf das G\u00e4rgef\u00e4\u00df, um zu sehen, ob sich keine (oder nur wenige) Sporen gebildet haben.<\/li>\n<\/ol>\n<h3>Englischsprachiger Online-Workshop &#8220;Miso selber machen&#8221;<img decoding=\"async\" class=\"lazyload  wp-image-10241 alignright\" src=\"https:\/\/startercultures.eu\/wp-content\/uploads\/2020\/12\/fermentation-450-300x300.png\" data-orig-src=\"https:\/\/startercultures.eu\/wp-content\/uploads\/2020\/12\/fermentation-450-300x300.png\" alt=\"Fermentation workshops\" width=\"135\" height=\"135\" srcset=\"data:image\/svg+xml,%3Csvg%20xmlns%3D%27http%3A%2F%2Fwww.w3.org%2F2000%2Fsvg%27%20width%3D%27135%27%20height%3D%27135%27%20viewBox%3D%270%200%20135%20135%27%3E%3Crect%20width%3D%27135%27%20height%3D%27135%27%20fill-opacity%3D%220%22%2F%3E%3C%2Fsvg%3E\" data-srcset=\"https:\/\/startercultures.eu\/wp-content\/uploads\/2020\/12\/fermentation-450-66x66.png 66w, https:\/\/startercultures.eu\/wp-content\/uploads\/2020\/12\/fermentation-450-70x70.png 70w, https:\/\/startercultures.eu\/wp-content\/uploads\/2020\/12\/fermentation-450-100x100.png 100w, https:\/\/startercultures.eu\/wp-content\/uploads\/2020\/12\/fermentation-450-150x150.png 150w, https:\/\/startercultures.eu\/wp-content\/uploads\/2020\/12\/fermentation-450-200x200.png 200w, https:\/\/startercultures.eu\/wp-content\/uploads\/2020\/12\/fermentation-450-300x300.png 300w, https:\/\/startercultures.eu\/wp-content\/uploads\/2020\/12\/fermentation-450-400x401.png 400w, https:\/\/startercultures.eu\/wp-content\/uploads\/2020\/12\/fermentation-450.png 450w\" data-sizes=\"auto\" data-orig-sizes=\"(max-width: 135px) 100vw, 135px\" \/><\/h3>\n<p>In<a href=\"https:\/\/startercultures.eu\/de\/product\/workshops-de-3\/online-workshop-auf-anfrage-wie-mache-ich-mein-eigenes-miso\/\" target=\"_blank\" rel=\"noopener\"> diesem Online-Meisterkurs<\/a> zeigt Ihnen der niederl\u00e4ndische Foodwriter und Fermentationsexperte Meneer Wateetons, wie Sie Ihr eigenes <a href=\"https:\/\/en.wikipedia.org\/wiki\/Miso\" target=\"_blank\" rel=\"noopener\">Miso<\/a> herstellen k\u00f6nnen. Durch eine besondere Form der Fermentation entsteht aus zwei sehr bescheidenen und eher langweiligen Zutaten eine der sch\u00f6nsten und komplexesten Substanzen der Welt. Herr Wateetons erz\u00e4hlt Ihnen genau, wie die Fermentation funktioniert und was SIe daf\u00fcr brauchen, wie SIe von nun an Miso zu Hause herstellen k\u00f6nnen, wie SIe den Prozess der Miso-Herstellung beschleunigen, wie Sie diese beiden Grundzutaten endlos variieren und was f\u00fcr coole Sachen Sie mit Miso machen k\u00f6nnen. Klicken Sie <a href=\"https:\/\/startercultures.eu\/de\/product\/workshops-de-3\/online-workshop-auf-anfrage-wie-mache-ich-mein-eigenes-miso\/\" target=\"_blank\" rel=\"noopener\">hier <\/a>f\u00fcr weitere Informationen.<\/p>\n","protected":false},"excerpt":{"rendered":"<p>Dieser Koji kommt direkt aus Japan von dem ber\u00fchmten Koji-Hersteller Hishiroku. Er eignet sich am besten f\u00fcr die Herstellung von Miso, kann aber auch f\u00fcr Shoyu, Bohnen und andere Koji-Experimente verwendet werden. Neu: erh\u00e4ltlich f\u00fcr 5 oder 200 kg Bohnen\/K\u00f6rner.<\/p>\n","protected":false},"featured_media":24453,"comment_status":"open","ping_status":"closed","template":"","meta":{"_acf_changed":false,"footnotes":""},"product_brand":[],"product_cat":[681,692,691],"product_tag":[],"class_list":{"0":"post-25261","1":"product","2":"type-product","3":"status-publish","4":"has-post-thumbnail","6":"product_cat-koji-de","7":"product_cat-starterkulturen-de-3","8":"product_cat-veganer-koji","9":"pa_ean-8720297620133-de","10":"pa_ean-8720297621291-de","11":"pa_size-fur-200-kg","12":"pa_size-fur-5-kg","14":"first","15":"instock","16":"taxable","17":"shipping-taxable","18":"purchasable","19":"product-type-variable","20":"has-default-attributes"},"acf":[],"yoast_head":"<!-- This site is optimized with the Yoast SEO plugin v26.6 - https:\/\/yoast.com\/wordpress\/plugins\/seo\/ -->\n<title>Koji f\u00fcr Miso | auch f\u00fcr Shoyu - Startercultures.eu<\/title>\n<meta name=\"description\" content=\"Dieser Koji f\u00fcr Miso kommt direkt aus Japan von dem ber\u00fchmten Koji-Hersteller Hishiroku. Er eignet sich am besten f\u00fcr die Herstellung von Miso\" \/>\n<meta name=\"robots\" content=\"index, follow, max-snippet:-1, max-image-preview:large, max-video-preview:-1\" \/>\n<link rel=\"canonical\" href=\"https:\/\/startercultures.eu\/de\/product\/fermentation-de\/koji-de\/koji-fur-miso\/\" \/>\n<meta property=\"og:locale\" content=\"de_DE\" \/>\n<meta property=\"og:type\" content=\"article\" \/>\n<meta property=\"og:title\" content=\"Koji f\u00fcr Miso | auch f\u00fcr Shoyu - Startercultures.eu\" \/>\n<meta property=\"og:description\" content=\"Dieser Koji f\u00fcr Miso kommt direkt aus Japan von dem ber\u00fchmten Koji-Hersteller Hishiroku. Er eignet sich am besten f\u00fcr die Herstellung von Miso\" \/>\n<meta property=\"og:url\" content=\"https:\/\/startercultures.eu\/de\/product\/fermentation-de\/koji-de\/koji-fur-miso\/\" \/>\n<meta property=\"og:site_name\" content=\"Startercultures.eu\" \/>\n<meta property=\"article:publisher\" content=\"https:\/\/www.facebook.com\/startercultureseu\" \/>\n<meta property=\"article:modified_time\" content=\"2026-04-25T12:23:59+00:00\" \/>\n<meta property=\"og:image\" content=\"https:\/\/startercultures.eu\/wp-content\/uploads\/2020\/07\/207mu.png\" \/>\n\t<meta property=\"og:image:width\" content=\"1250\" \/>\n\t<meta property=\"og:image:height\" content=\"1250\" \/>\n\t<meta property=\"og:image:type\" content=\"image\/png\" \/>\n<meta name=\"twitter:card\" content=\"summary_large_image\" \/>\n<meta name=\"twitter:label1\" content=\"Availability\" \/>\n\t<meta name=\"twitter:data1\" content=\"Vorr\u00e4tig\" \/>\n<script type=\"application\/ld+json\" class=\"yoast-schema-graph\">{\"@context\":\"https:\/\/schema.org\",\"@graph\":[{\"@type\":\"WebPage\",\"@id\":\"https:\/\/startercultures.eu\/de\/product\/fermentation-de\/koji-de\/koji-fur-miso\/\",\"url\":\"https:\/\/startercultures.eu\/de\/product\/fermentation-de\/koji-de\/koji-fur-miso\/\",\"name\":\"Koji f\u00fcr Miso | auch f\u00fcr Shoyu - Startercultures.eu\",\"isPartOf\":{\"@id\":\"https:\/\/startercultures.eu\/de\/#website\"},\"primaryImageOfPage\":{\"@id\":\"https:\/\/startercultures.eu\/de\/product\/fermentation-de\/koji-de\/koji-fur-miso\/#primaryimage\"},\"image\":{\"@id\":\"https:\/\/startercultures.eu\/de\/product\/fermentation-de\/koji-de\/koji-fur-miso\/#primaryimage\"},\"thumbnailUrl\":\"https:\/\/startercultures.eu\/wp-content\/uploads\/2020\/07\/207mu.png\",\"datePublished\":\"2020-07-31T16:33:16+00:00\",\"dateModified\":\"2026-04-25T12:23:59+00:00\",\"description\":\"Dieser Koji f\u00fcr Miso kommt direkt aus Japan von dem ber\u00fchmten Koji-Hersteller Hishiroku. Er eignet sich am besten f\u00fcr die Herstellung von Miso\",\"breadcrumb\":{\"@id\":\"https:\/\/startercultures.eu\/de\/product\/fermentation-de\/koji-de\/koji-fur-miso\/#breadcrumb\"},\"inLanguage\":\"de-DE\",\"potentialAction\":[{\"@type\":\"ReadAction\",\"target\":[\"https:\/\/startercultures.eu\/de\/product\/fermentation-de\/koji-de\/koji-fur-miso\/\"]}]},{\"@type\":\"ImageObject\",\"inLanguage\":\"de-DE\",\"@id\":\"https:\/\/startercultures.eu\/de\/product\/fermentation-de\/koji-de\/koji-fur-miso\/#primaryimage\",\"url\":\"https:\/\/startercultures.eu\/wp-content\/uploads\/2020\/07\/207mu.png\",\"contentUrl\":\"https:\/\/startercultures.eu\/wp-content\/uploads\/2020\/07\/207mu.png\",\"width\":1250,\"height\":1250,\"caption\":\"Koji f\u00fcr Miso\"},{\"@type\":\"BreadcrumbList\",\"@id\":\"https:\/\/startercultures.eu\/de\/product\/fermentation-de\/koji-de\/koji-fur-miso\/#breadcrumb\",\"itemListElement\":[{\"@type\":\"ListItem\",\"position\":1,\"name\":\"Home\",\"item\":\"https:\/\/startercultures.eu\/de\/\"},{\"@type\":\"ListItem\",\"position\":2,\"name\":\"Shop\",\"item\":\"https:\/\/startercultures.eu\/shop\/\"},{\"@type\":\"ListItem\",\"position\":3,\"name\":\"Koji f\u00fcr Miso | auch f\u00fcr Shoyu\"}]},{\"@type\":\"WebSite\",\"@id\":\"https:\/\/startercultures.eu\/de\/#website\",\"url\":\"https:\/\/startercultures.eu\/de\/\",\"name\":\"Startercultures.eu\",\"description\":\"Startercultures.eu\",\"publisher\":{\"@id\":\"https:\/\/startercultures.eu\/de\/#organization\"},\"potentialAction\":[{\"@type\":\"SearchAction\",\"target\":{\"@type\":\"EntryPoint\",\"urlTemplate\":\"https:\/\/startercultures.eu\/de\/?s={search_term_string}\"},\"query-input\":{\"@type\":\"PropertyValueSpecification\",\"valueRequired\":true,\"valueName\":\"search_term_string\"}}],\"inLanguage\":\"de-DE\"},{\"@type\":\"Organization\",\"@id\":\"https:\/\/startercultures.eu\/de\/#organization\",\"name\":\"Startercultures.eu\",\"url\":\"https:\/\/startercultures.eu\/de\/\",\"logo\":{\"@type\":\"ImageObject\",\"inLanguage\":\"de-DE\",\"@id\":\"https:\/\/startercultures.eu\/de\/#\/schema\/logo\/image\/\",\"url\":\"https:\/\/startercultures.eu\/wp-content\/uploads\/2020\/08\/startercultures-eu-nl-logo-rond-rgb.png\",\"contentUrl\":\"https:\/\/startercultures.eu\/wp-content\/uploads\/2020\/08\/startercultures-eu-nl-logo-rond-rgb.png\",\"width\":320,\"height\":320,\"caption\":\"Startercultures.eu\"},\"image\":{\"@id\":\"https:\/\/startercultures.eu\/de\/#\/schema\/logo\/image\/\"},\"sameAs\":[\"https:\/\/www.facebook.com\/startercultureseu\",\"https:\/\/www.instagram.com\/startercultures.eu\/\"],\"hasMerchantReturnPolicy\":{\"@type\":\"MerchantReturnPolicy\",\"merchantReturnLink\":\"https:\/\/startercultures.eu\/return-policy\/\"}}]}<\/script>\n<meta property=\"og:availability\" content=\"instock\" \/>\n<meta property=\"product:availability\" content=\"instock\" \/>\n<meta property=\"product:retailer_item_id\" content=\"207\" \/>\n<meta property=\"product:condition\" content=\"new\" \/>\n<!-- \/ Yoast SEO plugin. -->","yoast_head_json":{"title":"Koji f\u00fcr Miso | auch f\u00fcr Shoyu - Startercultures.eu","description":"Dieser Koji f\u00fcr Miso kommt direkt aus Japan von dem ber\u00fchmten Koji-Hersteller Hishiroku. Er eignet sich am besten f\u00fcr die Herstellung von Miso","robots":{"index":"index","follow":"follow","max-snippet":"max-snippet:-1","max-image-preview":"max-image-preview:large","max-video-preview":"max-video-preview:-1"},"canonical":"https:\/\/startercultures.eu\/de\/product\/fermentation-de\/koji-de\/koji-fur-miso\/","og_locale":"de_DE","og_type":"article","og_title":"Koji f\u00fcr Miso | auch f\u00fcr Shoyu - Startercultures.eu","og_description":"Dieser Koji f\u00fcr Miso kommt direkt aus Japan von dem ber\u00fchmten Koji-Hersteller Hishiroku. Er eignet sich am besten f\u00fcr die Herstellung von Miso","og_url":"https:\/\/startercultures.eu\/de\/product\/fermentation-de\/koji-de\/koji-fur-miso\/","og_site_name":"Startercultures.eu","article_publisher":"https:\/\/www.facebook.com\/startercultureseu","article_modified_time":"2026-04-25T12:23:59+00:00","og_image":[{"width":1250,"height":1250,"url":"https:\/\/startercultures.eu\/wp-content\/uploads\/2020\/07\/207mu.png","type":"image\/png"}],"twitter_card":"summary_large_image","twitter_misc":{"Availability":"Vorr\u00e4tig"},"schema":{"@context":"https:\/\/schema.org","@graph":[{"@type":"WebPage","@id":"https:\/\/startercultures.eu\/de\/product\/fermentation-de\/koji-de\/koji-fur-miso\/","url":"https:\/\/startercultures.eu\/de\/product\/fermentation-de\/koji-de\/koji-fur-miso\/","name":"Koji f\u00fcr Miso | auch f\u00fcr Shoyu - Startercultures.eu","isPartOf":{"@id":"https:\/\/startercultures.eu\/de\/#website"},"primaryImageOfPage":{"@id":"https:\/\/startercultures.eu\/de\/product\/fermentation-de\/koji-de\/koji-fur-miso\/#primaryimage"},"image":{"@id":"https:\/\/startercultures.eu\/de\/product\/fermentation-de\/koji-de\/koji-fur-miso\/#primaryimage"},"thumbnailUrl":"https:\/\/startercultures.eu\/wp-content\/uploads\/2020\/07\/207mu.png","datePublished":"2020-07-31T16:33:16+00:00","dateModified":"2026-04-25T12:23:59+00:00","description":"Dieser Koji f\u00fcr Miso kommt direkt aus Japan von dem ber\u00fchmten Koji-Hersteller Hishiroku. Er eignet sich am besten f\u00fcr die Herstellung von Miso","breadcrumb":{"@id":"https:\/\/startercultures.eu\/de\/product\/fermentation-de\/koji-de\/koji-fur-miso\/#breadcrumb"},"inLanguage":"de-DE","potentialAction":[{"@type":"ReadAction","target":["https:\/\/startercultures.eu\/de\/product\/fermentation-de\/koji-de\/koji-fur-miso\/"]}]},{"@type":"ImageObject","inLanguage":"de-DE","@id":"https:\/\/startercultures.eu\/de\/product\/fermentation-de\/koji-de\/koji-fur-miso\/#primaryimage","url":"https:\/\/startercultures.eu\/wp-content\/uploads\/2020\/07\/207mu.png","contentUrl":"https:\/\/startercultures.eu\/wp-content\/uploads\/2020\/07\/207mu.png","width":1250,"height":1250,"caption":"Koji f\u00fcr Miso"},{"@type":"BreadcrumbList","@id":"https:\/\/startercultures.eu\/de\/product\/fermentation-de\/koji-de\/koji-fur-miso\/#breadcrumb","itemListElement":[{"@type":"ListItem","position":1,"name":"Home","item":"https:\/\/startercultures.eu\/de\/"},{"@type":"ListItem","position":2,"name":"Shop","item":"https:\/\/startercultures.eu\/shop\/"},{"@type":"ListItem","position":3,"name":"Koji f\u00fcr Miso | auch f\u00fcr Shoyu"}]},{"@type":"WebSite","@id":"https:\/\/startercultures.eu\/de\/#website","url":"https:\/\/startercultures.eu\/de\/","name":"Startercultures.eu","description":"Startercultures.eu","publisher":{"@id":"https:\/\/startercultures.eu\/de\/#organization"},"potentialAction":[{"@type":"SearchAction","target":{"@type":"EntryPoint","urlTemplate":"https:\/\/startercultures.eu\/de\/?s={search_term_string}"},"query-input":{"@type":"PropertyValueSpecification","valueRequired":true,"valueName":"search_term_string"}}],"inLanguage":"de-DE"},{"@type":"Organization","@id":"https:\/\/startercultures.eu\/de\/#organization","name":"Startercultures.eu","url":"https:\/\/startercultures.eu\/de\/","logo":{"@type":"ImageObject","inLanguage":"de-DE","@id":"https:\/\/startercultures.eu\/de\/#\/schema\/logo\/image\/","url":"https:\/\/startercultures.eu\/wp-content\/uploads\/2020\/08\/startercultures-eu-nl-logo-rond-rgb.png","contentUrl":"https:\/\/startercultures.eu\/wp-content\/uploads\/2020\/08\/startercultures-eu-nl-logo-rond-rgb.png","width":320,"height":320,"caption":"Startercultures.eu"},"image":{"@id":"https:\/\/startercultures.eu\/de\/#\/schema\/logo\/image\/"},"sameAs":["https:\/\/www.facebook.com\/startercultureseu","https:\/\/www.instagram.com\/startercultures.eu\/"],"hasMerchantReturnPolicy":{"@type":"MerchantReturnPolicy","merchantReturnLink":"https:\/\/startercultures.eu\/return-policy\/"}}]},"og_availability":"instock","product_availability":"instock","product_retailer_item_id":"207","product_condition":"new"},"_links":{"self":[{"href":"https:\/\/startercultures.eu\/de\/wp-json\/wp\/v2\/product\/25261","targetHints":{"allow":["GET"]}}],"collection":[{"href":"https:\/\/startercultures.eu\/de\/wp-json\/wp\/v2\/product"}],"about":[{"href":"https:\/\/startercultures.eu\/de\/wp-json\/wp\/v2\/types\/product"}],"replies":[{"embeddable":true,"href":"https:\/\/startercultures.eu\/de\/wp-json\/wp\/v2\/comments?post=25261"}],"version-history":[{"count":7,"href":"https:\/\/startercultures.eu\/de\/wp-json\/wp\/v2\/product\/25261\/revisions"}],"predecessor-version":[{"id":78582,"href":"https:\/\/startercultures.eu\/de\/wp-json\/wp\/v2\/product\/25261\/revisions\/78582"}],"wp:featuredmedia":[{"embeddable":true,"href":"https:\/\/startercultures.eu\/de\/wp-json\/wp\/v2\/media\/24453"}],"wp:attachment":[{"href":"https:\/\/startercultures.eu\/de\/wp-json\/wp\/v2\/media?parent=25261"}],"wp:term":[{"taxonomy":"product_brand","embeddable":true,"href":"https:\/\/startercultures.eu\/de\/wp-json\/wp\/v2\/product_brand?post=25261"},{"taxonomy":"product_cat","embeddable":true,"href":"https:\/\/startercultures.eu\/de\/wp-json\/wp\/v2\/product_cat?post=25261"},{"taxonomy":"product_tag","embeddable":true,"href":"https:\/\/startercultures.eu\/de\/wp-json\/wp\/v2\/product_tag?post=25261"}],"curies":[{"name":"wp","href":"https:\/\/api.w.org\/{rel}","templated":true}]}}