{"id":25273,"date":"2020-07-31T16:33:00","date_gmt":"2020-07-31T16:33:00","guid":{"rendered":"https:\/\/startercultures.eu\/product\/unkategorisiert\/wasserkefir-starterkultur\/"},"modified":"2025-10-06T11:14:44","modified_gmt":"2025-10-06T09:14:44","slug":"wasserkefir","status":"publish","type":"product","link":"https:\/\/startercultures.eu\/de\/product\/fermentation-de\/sodas\/wasserkefir\/","title":{"rendered":"Wasserkefir-Starterkultur"},"content":{"rendered":"<p>Stellen Sie Ihre eigene probiotische, sprudelnde, fermentierte Limonade mit diesem Wasserkefir-Starter her! Ausreichend f\u00fcr bis zu 16 Liter. Bitte beachten Sie, dass es sich hierbei nicht um Kefirk\u00f6rner handelt, diese finden Sie <a href=\"https:\/\/startercultures.eu\/product\/soda-s\/starters-2\/water-kefir-grains\/\" target=\"_blank\" rel=\"noopener\">hier<\/a>.<\/p>\n<h3>Was ist Wasserkefir?<\/h3>\n<p>Wasserkefir ist ein k\u00f6stliches, hausgemachtes und gesundes fermentiertes Erfrischungsgetr\u00e4nk. Wasserkefir selbst herzustellen ist erstaunlich einfach, prickelnd frisch, unglaublich lecker und sehr befriedigend. Sp\u00e4ter k\u00f6nnen Sie das Rezept f\u00fcr die Herstellung von Wasserkefir lesen. Die DIY-Champagner enthalten etwa ein halbes Prozent Alkohol.<\/p>\n<h3>Was ist der Unterschied zwischen Wasserkefir und Milchkefir?<\/h3>\n<p>Obwohl er den Namen mit dem anderen Kefir teilt, den wir aus Milch herstellen, sind diese beiden \u00fcberhaupt nicht verwandt. Zwar ern\u00e4hren sich die Wasserkefirk\u00f6rner von Zucker und produzieren dabei Kohlens\u00e4ure, Milchs\u00e4ure und Alkohol, und sie wachsen und bilden klumpige SCOBYs, symbiotische Kolonien von Bakterien und Hefen. Aber hier enden auch die Gemeinsamkeiten. Andere Bezeichnungen sind Tibicos, Tibi, B\u00e9b\u00e9\u00e9s oder Japanischer Seekristall.<a href=\"https:\/\/startercultures.eu\/product\/dairy\/yoghurt\/kefir\/\"> Hier finden Sie Milchkefir.<\/a><\/p>\n<h3>Was ist der Unterschied zwischen Wasserkefir und Kombucha?<\/h3>\n<p>Wasserkefir und Kombucha sind beides fermentierte Getr\u00e4nke. Beide enthalten unterschiedliche Bakterien und Hefen, und beide sind herrlich frisch und kohlens\u00e4urehaltig. Sie werden jedoch mit sehr unterschiedlichen Mikroorganismen hergestellt. Der Geschmack von Kombucha ist oft saurer als der von Wasserkefir. Kombucha wird traditionell aus s\u00fc\u00dfem Tee hergestellt, und Wasserkefir enth\u00e4lt oft Datteln und Feigen. <a href=\"https:\/\/www.starterculturen.nl\/en_GB\/a-59833677\/soda-s\/organic-guaranteed-safe-kombucha-scoby\/#description\">Hier k\u00f6nnen Sie mehr \u00fcber unsere Kombucha-Starterkulturen lesen.<\/a><\/p>\n<h3>Welche Mikroorganismen sind in Wasserkefir enthalten?<\/h3>\n<p>Obwohl keine Wasserkefirkolonie der anderen gleicht, besteht sie im Allgemeinen aus einer Reihe von Lactobacillus-, Streptococcus-, Pediococcus- und Leuconostoc-Bakterien sowie Saccharomyces-, Candida- und Kloeckeragisten.<\/p>\n<h3>Woher kommt der Wasserkefir?<\/h3>\n<p>Der Ursprung des Wasserkefirs ist nicht ganz klar, aber er wird an verschiedenen Orten der Welt hergestellt. Andere Bezeichnungen sind Tibicos, Tibi, B\u00e9b\u00e9\u00e9s oder Japanischer Seekristall.<\/p>\n<h3>Wie man Wasserkefir selbst herstellt<\/h3>\n<p>In diesem Wasserkefir-Rezept erfahren Sie, wie Sie dieses k\u00f6stliche Erfrischungsgetr\u00e4nk selbst herstellen k\u00f6nnen. Die Basis f\u00fcr Ihren Wasserkefir besteht aus unserem Starter, Wasser, Zucker und Aromen Ihrer Wahl. Oft handelt es sich um (Zitrus-)Fr\u00fcchte, getrocknet oder nicht, aber die Variationsm\u00f6glichkeiten sind endlos. Fruchts\u00e4fte, Kr\u00e4uter, Gew\u00fcrze, Ingwer, einfach alles. Im Gegensatz zu Milchkefir oder Kombucha ist der Geschmack der Mikroorganismen selbst recht neutral. Die Blasen sind wichtig. Eigentlich ist es eine besonders gute M\u00f6glichkeit, in ein paar Tagen aus einer normalen selbstgemachten Limonade eine eigene zu machen. Die DIY-Champagner enthalten etwa ein halbes Prozent Alkohol.<\/p>\n<h3>Inhalt<\/h3>\n<ul>\n<li>2&#215;5 Gramm getrocknete Wasserkefir-Starterkultur<\/li>\n<li>Genug f\u00fcr bis zu 16 Liter! (ergibt 2-16 Liter)<\/li>\n<li>Hergestellt in Frankreich<\/li>\n<li>Zertifiziert biologisch<\/li>\n<li>Glutenfrei<\/li>\n<li>GVO-frei<\/li>\n<li>Zusammensetzung: brauner Rohrzucker, Wasserkefir-Mikroorganismen (Lactobacillus, Lactococcus, Leuconostoc, Saccharomyces, Acetobacter).<\/li>\n<\/ul>\n<h3>Warum sollten Sie sich f\u00fcr unsere gefriergetrocknete Wasserkefir-Starterkultur entscheiden?<\/h3>\n<ol>\n<li>Wasserkefirk\u00f6rner sind schwer zu pflegen, diese gefriergetrockneten Starterkulturen sind super einfach<\/li>\n<li>Wasserkefirk\u00f6rner sind manchmal mit unerw\u00fcnschten Mikroorganismen kontaminiert. Unser Granulat ist garantiert sicher<\/li>\n<li>Leicht zu transportieren\/mitzunehmen, auch ins Ausland<\/li>\n<li>Keine Verschlechterung durch den Transport<\/li>\n<li>Geringes Gewicht (Versand)<\/li>\n<li>Sie k\u00f6nnen sie jetzt kaufen, auch wenn Sie nicht vorhaben, diese Woche Wasserkefir zuzubereiten.<\/li>\n<li>Nach der Aktivierung ist der Geschmack unseres Wassers identisch mit dem frischer K\u00f6rner.<\/li>\n<\/ol>\n<h3>Wasserkefir selbst herstellen<\/h3>\n<ul>\n<li>Flasche, Glas, Plastikbeh\u00e4lter, was auch immer f\u00fcr die erste G\u00e4rung<\/li>\n<li>Siebe<\/li>\n<li>Stabile und verschlie\u00dfbare Flasche (B\u00fcgelverschlussflasche, PET-Flasche, Sektflasche + Korken) f\u00fcr die zweite G\u00e4rung.<\/li>\n<\/ul>\n<h3>Zutaten f\u00fcr 1 Liter Wasserkefir<\/h3>\n<ul>\n<li>1 Beutel Wasserkefir-Starterkultur<\/li>\n<li>1 Liter Wasser<\/li>\n<li>1 bis 2 Zitronenscheiben<\/li>\n<li>1 bis 2 Trockenfr\u00fcchte (Feige, Aprikose &#8230;)<\/li>\n<li>2 bis 3 Essl\u00f6ffel Zucker.<\/li>\n<\/ul>\n<h3>F\u00fcr den Anfang, f\u00fcr 1 Liter Wasserkefir<\/h3>\n<ol>\n<li>Nehmen Sie einen Liter Wasser. Leitungswasser ist in Ordnung, vorzugsweise sogar ein wenig hart. Kefirk\u00f6rner brauchen Mineralien.<\/li>\n<li>Den Zucker und unsere Wasserkefir-Starterkultur darin aufl\u00f6sen.<\/li>\n<li>Das Obst und die Gew\u00fcrze hinzuf\u00fcgen<\/li>\n<li>Bei Raumtemperatur (20-25 \u00b0C) 48 Stunden lang g\u00e4ren lassen. Wenn die getrockneten Fr\u00fcchte an die Oberfl\u00e4che kommen, ist der Kefir fertig. Den Inhalt mit einem Sieb filtern, um die Fr\u00fcchte zu entfernen.<\/li>\n<li>Abseihen und den Wasserkefir in eine verschlie\u00dfbare PET-Flasche, B\u00fcgelverschlussflasche oder Sektflasche f\u00fcllen. Eventuell zus\u00e4tzliche Gew\u00fcrze hinzuf\u00fcgen und 24-48 Stunden bei Raumtemperatur ziehen lassen.<\/li>\n<li>Im K\u00fchlschrank abk\u00fchlen lassen.<\/li>\n<li>Servieren und genie\u00dfen<\/li>\n<\/ol>\n<h3>Mehr Wasserkefir herstellen &#8211; bis zu 16 Liter<\/h3>\n<ol>\n<li>Der Wasserkefir kann bis zu 8 Mal verwendet werden, sofern die Hygiene stimmt.<\/li>\n<li>Machen Sie einfach neuen Wasserkefir mit 100 ml aus Ihrer vorherigen Charge.<\/li>\n<\/ol>\n<h3 data-fontsize=\"21\" data-lineheight=\"27.3px\">Eine <span data-sheets-value=\"{\" data-sheets-userformat=\"{\">Wasserkefir-Starterkultur<\/span> kaufen?<\/h3>\n<p>Bestellen Sie Ihre <span data-sheets-value=\"{\" data-sheets-userformat=\"{\">Wasserkefir-Starterkultur<\/span> bei startercultures.eu, dem europ\u00e4ischen Webshop f\u00fcr Ihren gesamten Fermentationsbedarf&#8221;. Von Meneer Wateetons, dem bekannten niederl\u00e4ndischen G\u00e4rungsexperten und Autor. Bestellen Sie werktags vor 15 Uhr und wir liefern noch am selben Tag. Fragen zur Verwendung der <span data-sheets-value=\"{\" data-sheets-userformat=\"{\">Wasserkefir-Starterkultur<\/span>? Frag Sie in unserem Chat, wir helfen gerne weiter!<\/p>\n<h3>Online-Workshop &#8220;Veganen K\u00e4se zu Hause herstellen&#8221; (mit Untertiteln)<\/h3>\n<p>In <a href=\"https:\/\/startercultures.eu\/product\/vegan-main\/vegan-dairy\/online-english-subtitled-vegan-cheese-workshop\/\" target=\"_blank\" rel=\"noopener\">diesem Workshop mit englischen Untertiteln<\/a> lernen Sie die Theorie und Praxis der Herstellung von veganem K\u00e4se<img decoding=\"async\" class=\"lazyload  wp-image-14954 alignright\" src=\"https:\/\/startercultures.eu\/wp-content\/uploads\/2021\/06\/Vegan-cheese-starter-kit-300x222.png\" data-orig-src=\"https:\/\/startercultures.eu\/wp-content\/uploads\/2021\/06\/Vegan-cheese-starter-kit-300x222.png\" alt=\"Veganes Blauschimmelk\u00e4se Starterkultur Kit\" width=\"219\" height=\"162\" srcset=\"data:image\/svg+xml,%3Csvg%20xmlns%3D%27http%3A%2F%2Fwww.w3.org%2F2000%2Fsvg%27%20width%3D%27219%27%20height%3D%27162%27%20viewBox%3D%270%200%20219%20162%27%3E%3Crect%20width%3D%27219%27%20height%3D%27162%27%20fill-opacity%3D%220%22%2F%3E%3C%2Fsvg%3E\" data-srcset=\"https:\/\/startercultures.eu\/wp-content\/uploads\/2021\/06\/Vegan-cheese-starter-kit-200x148.png 200w, https:\/\/startercultures.eu\/wp-content\/uploads\/2021\/06\/Vegan-cheese-starter-kit-300x222.png 300w, https:\/\/startercultures.eu\/wp-content\/uploads\/2021\/06\/Vegan-cheese-starter-kit-400x296.png 400w, https:\/\/startercultures.eu\/wp-content\/uploads\/2021\/06\/Vegan-cheese-starter-kit-500x370.png 500w, https:\/\/startercultures.eu\/wp-content\/uploads\/2021\/06\/Vegan-cheese-starter-kit-600x445.png 600w, https:\/\/startercultures.eu\/wp-content\/uploads\/2021\/06\/Vegan-cheese-starter-kit-700x519.png 700w, https:\/\/startercultures.eu\/wp-content\/uploads\/2021\/06\/Vegan-cheese-starter-kit-768x569.png 768w, https:\/\/startercultures.eu\/wp-content\/uploads\/2021\/06\/Vegan-cheese-starter-kit-800x593.png 800w, https:\/\/startercultures.eu\/wp-content\/uploads\/2021\/06\/Vegan-cheese-starter-kit-1024x759.png 1024w, https:\/\/startercultures.eu\/wp-content\/uploads\/2021\/06\/Vegan-cheese-starter-kit.png 1200w\" data-sizes=\"auto\" data-orig-sizes=\"(max-width: 219px) 100vw, 219px\" \/>s zu Hause, mit dem Schwerpunkt auf veganem Camembert und veganem Blauschimmelk\u00e4se. Foodwriter<a href=\"https:\/\/wateetons.com\/\" target=\"_blank\" rel=\"noopener\">&#8216;Meneer Wateetons&#8217;<\/a>, Autor mehrerer B\u00fccher \u00fcber Fermentierung und alternative Lebensmittelzubereitungstechniken, wird Ihnen alles \u00fcber Fermentierung, P\u00f6kelsalze, Lebensmittelsicherheit, pH-Wert, Starterkulturen, Schimmelpilze und Trocknungsbedingungen beibringen. Klicken Sie <a href=\"https:\/\/startercultures.eu\/product\/vegan-main\/vegan-dairy\/online-english-subtitled-vegan-cheese-workshop\/\" target=\"_blank\" rel=\"noopener\">hier<\/a> f\u00fcr weitere Informationen.<\/p>\n","protected":false},"excerpt":{"rendered":"<p>Stellen Sie Ihre eigene probiotische, sprudelnde, fermentierte Limonade mit diesem Wasserkefir-Starter her! Ausreichend f\u00fcr bis zu 16 Liter. Bitte beachten Sie, dass es sich hierbei nicht um Kefirk\u00f6rner handelt, diese finden Sie <a href=\"https:\/\/startercultures.eu\/product\/soda-s\/starters-2\/water-kefir-grains\/\" target=\"_blank\" rel=\"noopener\">hier<\/a>.<\/p>\n<h3><\/h3>\n","protected":false},"featured_media":64213,"comment_status":"open","ping_status":"closed","template":"","meta":{"_acf_changed":false,"footnotes":""},"product_brand":[],"product_cat":[726,688,687],"product_tag":[],"class_list":{"0":"post-25273","1":"product","2":"type-product","3":"status-publish","4":"has-post-thumbnail","6":"product_cat-sodas","7":"product_cat-starterkulturen-de-2","8":"product_cat-vegane-limonaden","9":"pa_ean-3176800001640-de","11":"first","12":"instock","13":"taxable","14":"shipping-taxable","15":"purchasable","16":"product-type-simple"},"acf":[],"yoast_head":"<!-- This site is optimized with the Yoast SEO plugin v26.6 - https:\/\/yoast.com\/wordpress\/plugins\/seo\/ -->\n<title>Wasserkefir-Starterkultur - Startercultures.eu<\/title>\n<meta name=\"description\" content=\"Stellen Sie Ihre eigene probiotische, sprudelnde, fermentierte Limonade mit dieser Wasserkefir-Starterkultur her! Ausreichend f\u00fcr bis zu 16 Liter.\" \/>\n<meta name=\"robots\" content=\"index, follow, max-snippet:-1, max-image-preview:large, max-video-preview:-1\" \/>\n<link rel=\"canonical\" href=\"https:\/\/startercultures.eu\/de\/product\/fermentation-de\/sodas\/wasserkefir\/\" \/>\n<meta property=\"og:locale\" content=\"de_DE\" \/>\n<meta property=\"og:type\" content=\"article\" \/>\n<meta property=\"og:title\" content=\"Wasserkefir-Starterkultur - Startercultures.eu\" \/>\n<meta property=\"og:description\" content=\"Stellen Sie Ihre eigene probiotische, sprudelnde, fermentierte Limonade mit dieser Wasserkefir-Starterkultur her! Ausreichend f\u00fcr bis zu 16 Liter.\" \/>\n<meta property=\"og:url\" content=\"https:\/\/startercultures.eu\/de\/product\/fermentation-de\/sodas\/wasserkefir\/\" \/>\n<meta property=\"og:site_name\" content=\"Startercultures.eu\" \/>\n<meta property=\"article:publisher\" content=\"https:\/\/www.facebook.com\/startercultureseu\" \/>\n<meta property=\"article:modified_time\" content=\"2025-10-06T09:14:44+00:00\" \/>\n<meta property=\"og:image\" content=\"https:\/\/startercultures.eu\/wp-content\/uploads\/2020\/07\/waterkefir.jpg\" \/>\n\t<meta property=\"og:image:width\" content=\"1250\" \/>\n\t<meta property=\"og:image:height\" content=\"1130\" \/>\n\t<meta property=\"og:image:type\" content=\"image\/jpeg\" \/>\n<meta name=\"twitter:card\" content=\"summary_large_image\" \/>\n<meta name=\"twitter:label1\" content=\"Price\" \/>\n\t<meta name=\"twitter:data1\" content=\"11,99\" \/>\n\t<meta name=\"twitter:label2\" content=\"Availability\" \/>\n\t<meta name=\"twitter:data2\" content=\"Vorr\u00e4tig\" \/>\n<script type=\"application\/ld+json\" class=\"yoast-schema-graph\">{\"@context\":\"https:\/\/schema.org\",\"@graph\":[{\"@type\":\"WebPage\",\"@id\":\"https:\/\/startercultures.eu\/de\/product\/fermentation-de\/sodas\/wasserkefir\/\",\"url\":\"https:\/\/startercultures.eu\/de\/product\/fermentation-de\/sodas\/wasserkefir\/\",\"name\":\"Wasserkefir-Starterkultur - Startercultures.eu\",\"isPartOf\":{\"@id\":\"https:\/\/startercultures.eu\/de\/#website\"},\"primaryImageOfPage\":{\"@id\":\"https:\/\/startercultures.eu\/de\/product\/fermentation-de\/sodas\/wasserkefir\/#primaryimage\"},\"image\":{\"@id\":\"https:\/\/startercultures.eu\/de\/product\/fermentation-de\/sodas\/wasserkefir\/#primaryimage\"},\"thumbnailUrl\":\"https:\/\/startercultures.eu\/wp-content\/uploads\/2020\/07\/Kefir.png\",\"datePublished\":\"2020-07-31T16:33:00+00:00\",\"dateModified\":\"2025-10-06T09:14:44+00:00\",\"description\":\"Stellen Sie Ihre eigene probiotische, sprudelnde, fermentierte Limonade mit dieser Wasserkefir-Starterkultur her! Ausreichend f\u00fcr bis zu 16 Liter.\",\"breadcrumb\":{\"@id\":\"https:\/\/startercultures.eu\/de\/product\/fermentation-de\/sodas\/wasserkefir\/#breadcrumb\"},\"inLanguage\":\"de-DE\",\"potentialAction\":[{\"@type\":\"ReadAction\",\"target\":[\"https:\/\/startercultures.eu\/de\/product\/fermentation-de\/sodas\/wasserkefir\/\"]}]},{\"@type\":\"ImageObject\",\"inLanguage\":\"de-DE\",\"@id\":\"https:\/\/startercultures.eu\/de\/product\/fermentation-de\/sodas\/wasserkefir\/#primaryimage\",\"url\":\"https:\/\/startercultures.eu\/wp-content\/uploads\/2020\/07\/Kefir.png\",\"contentUrl\":\"https:\/\/startercultures.eu\/wp-content\/uploads\/2020\/07\/Kefir.png\",\"width\":1250,\"height\":1130,\"caption\":\"waterkefir\"},{\"@type\":\"BreadcrumbList\",\"@id\":\"https:\/\/startercultures.eu\/de\/product\/fermentation-de\/sodas\/wasserkefir\/#breadcrumb\",\"itemListElement\":[{\"@type\":\"ListItem\",\"position\":1,\"name\":\"Home\",\"item\":\"https:\/\/startercultures.eu\/de\/\"},{\"@type\":\"ListItem\",\"position\":2,\"name\":\"Shop\",\"item\":\"https:\/\/startercultures.eu\/shop\/\"},{\"@type\":\"ListItem\",\"position\":3,\"name\":\"Wasserkefir-Starterkultur\"}]},{\"@type\":\"WebSite\",\"@id\":\"https:\/\/startercultures.eu\/de\/#website\",\"url\":\"https:\/\/startercultures.eu\/de\/\",\"name\":\"Startercultures.eu\",\"description\":\"Startercultures.eu\",\"publisher\":{\"@id\":\"https:\/\/startercultures.eu\/de\/#organization\"},\"potentialAction\":[{\"@type\":\"SearchAction\",\"target\":{\"@type\":\"EntryPoint\",\"urlTemplate\":\"https:\/\/startercultures.eu\/de\/?s={search_term_string}\"},\"query-input\":{\"@type\":\"PropertyValueSpecification\",\"valueRequired\":true,\"valueName\":\"search_term_string\"}}],\"inLanguage\":\"de-DE\"},{\"@type\":\"Organization\",\"@id\":\"https:\/\/startercultures.eu\/de\/#organization\",\"name\":\"Startercultures.eu\",\"url\":\"https:\/\/startercultures.eu\/de\/\",\"logo\":{\"@type\":\"ImageObject\",\"inLanguage\":\"de-DE\",\"@id\":\"https:\/\/startercultures.eu\/de\/#\/schema\/logo\/image\/\",\"url\":\"https:\/\/startercultures.eu\/wp-content\/uploads\/2020\/08\/startercultures-eu-nl-logo-rond-rgb.png\",\"contentUrl\":\"https:\/\/startercultures.eu\/wp-content\/uploads\/2020\/08\/startercultures-eu-nl-logo-rond-rgb.png\",\"width\":320,\"height\":320,\"caption\":\"Startercultures.eu\"},\"image\":{\"@id\":\"https:\/\/startercultures.eu\/de\/#\/schema\/logo\/image\/\"},\"sameAs\":[\"https:\/\/www.facebook.com\/startercultureseu\",\"https:\/\/www.instagram.com\/startercultures.eu\/\"]}]}<\/script>\n<meta property=\"product:price:amount\" content=\"11.99\" \/>\n<meta property=\"product:price:currency\" content=\"EUR\" \/>\n<meta property=\"og:availability\" content=\"instock\" \/>\n<meta property=\"product:availability\" content=\"instock\" \/>\n<meta property=\"product:retailer_item_id\" content=\"41\" \/>\n<meta property=\"product:condition\" content=\"new\" \/>\n<!-- \/ Yoast SEO plugin. -->","yoast_head_json":{"title":"Wasserkefir-Starterkultur - Startercultures.eu","description":"Stellen Sie Ihre eigene probiotische, sprudelnde, fermentierte Limonade mit dieser Wasserkefir-Starterkultur her! Ausreichend f\u00fcr bis zu 16 Liter.","robots":{"index":"index","follow":"follow","max-snippet":"max-snippet:-1","max-image-preview":"max-image-preview:large","max-video-preview":"max-video-preview:-1"},"canonical":"https:\/\/startercultures.eu\/de\/product\/fermentation-de\/sodas\/wasserkefir\/","og_locale":"de_DE","og_type":"article","og_title":"Wasserkefir-Starterkultur - Startercultures.eu","og_description":"Stellen Sie Ihre eigene probiotische, sprudelnde, fermentierte Limonade mit dieser Wasserkefir-Starterkultur her! Ausreichend f\u00fcr bis zu 16 Liter.","og_url":"https:\/\/startercultures.eu\/de\/product\/fermentation-de\/sodas\/wasserkefir\/","og_site_name":"Startercultures.eu","article_publisher":"https:\/\/www.facebook.com\/startercultureseu","article_modified_time":"2025-10-06T09:14:44+00:00","og_image":[{"width":1250,"height":1130,"url":"https:\/\/startercultures.eu\/wp-content\/uploads\/2020\/07\/waterkefir.jpg","type":"image\/jpeg"}],"twitter_card":"summary_large_image","twitter_misc":{"Price":"11,99","Availability":"Vorr\u00e4tig"},"schema":{"@context":"https:\/\/schema.org","@graph":[{"@type":"WebPage","@id":"https:\/\/startercultures.eu\/de\/product\/fermentation-de\/sodas\/wasserkefir\/","url":"https:\/\/startercultures.eu\/de\/product\/fermentation-de\/sodas\/wasserkefir\/","name":"Wasserkefir-Starterkultur - Startercultures.eu","isPartOf":{"@id":"https:\/\/startercultures.eu\/de\/#website"},"primaryImageOfPage":{"@id":"https:\/\/startercultures.eu\/de\/product\/fermentation-de\/sodas\/wasserkefir\/#primaryimage"},"image":{"@id":"https:\/\/startercultures.eu\/de\/product\/fermentation-de\/sodas\/wasserkefir\/#primaryimage"},"thumbnailUrl":"https:\/\/startercultures.eu\/wp-content\/uploads\/2020\/07\/Kefir.png","datePublished":"2020-07-31T16:33:00+00:00","dateModified":"2025-10-06T09:14:44+00:00","description":"Stellen Sie Ihre eigene probiotische, sprudelnde, fermentierte Limonade mit dieser Wasserkefir-Starterkultur her! Ausreichend f\u00fcr bis zu 16 Liter.","breadcrumb":{"@id":"https:\/\/startercultures.eu\/de\/product\/fermentation-de\/sodas\/wasserkefir\/#breadcrumb"},"inLanguage":"de-DE","potentialAction":[{"@type":"ReadAction","target":["https:\/\/startercultures.eu\/de\/product\/fermentation-de\/sodas\/wasserkefir\/"]}]},{"@type":"ImageObject","inLanguage":"de-DE","@id":"https:\/\/startercultures.eu\/de\/product\/fermentation-de\/sodas\/wasserkefir\/#primaryimage","url":"https:\/\/startercultures.eu\/wp-content\/uploads\/2020\/07\/Kefir.png","contentUrl":"https:\/\/startercultures.eu\/wp-content\/uploads\/2020\/07\/Kefir.png","width":1250,"height":1130,"caption":"waterkefir"},{"@type":"BreadcrumbList","@id":"https:\/\/startercultures.eu\/de\/product\/fermentation-de\/sodas\/wasserkefir\/#breadcrumb","itemListElement":[{"@type":"ListItem","position":1,"name":"Home","item":"https:\/\/startercultures.eu\/de\/"},{"@type":"ListItem","position":2,"name":"Shop","item":"https:\/\/startercultures.eu\/shop\/"},{"@type":"ListItem","position":3,"name":"Wasserkefir-Starterkultur"}]},{"@type":"WebSite","@id":"https:\/\/startercultures.eu\/de\/#website","url":"https:\/\/startercultures.eu\/de\/","name":"Startercultures.eu","description":"Startercultures.eu","publisher":{"@id":"https:\/\/startercultures.eu\/de\/#organization"},"potentialAction":[{"@type":"SearchAction","target":{"@type":"EntryPoint","urlTemplate":"https:\/\/startercultures.eu\/de\/?s={search_term_string}"},"query-input":{"@type":"PropertyValueSpecification","valueRequired":true,"valueName":"search_term_string"}}],"inLanguage":"de-DE"},{"@type":"Organization","@id":"https:\/\/startercultures.eu\/de\/#organization","name":"Startercultures.eu","url":"https:\/\/startercultures.eu\/de\/","logo":{"@type":"ImageObject","inLanguage":"de-DE","@id":"https:\/\/startercultures.eu\/de\/#\/schema\/logo\/image\/","url":"https:\/\/startercultures.eu\/wp-content\/uploads\/2020\/08\/startercultures-eu-nl-logo-rond-rgb.png","contentUrl":"https:\/\/startercultures.eu\/wp-content\/uploads\/2020\/08\/startercultures-eu-nl-logo-rond-rgb.png","width":320,"height":320,"caption":"Startercultures.eu"},"image":{"@id":"https:\/\/startercultures.eu\/de\/#\/schema\/logo\/image\/"},"sameAs":["https:\/\/www.facebook.com\/startercultureseu","https:\/\/www.instagram.com\/startercultures.eu\/"]}]},"product_price_amount":"11.99","product_price_currency":"EUR","og_availability":"instock","product_availability":"instock","product_retailer_item_id":"41","product_condition":"new"},"_links":{"self":[{"href":"https:\/\/startercultures.eu\/de\/wp-json\/wp\/v2\/product\/25273","targetHints":{"allow":["GET"]}}],"collection":[{"href":"https:\/\/startercultures.eu\/de\/wp-json\/wp\/v2\/product"}],"about":[{"href":"https:\/\/startercultures.eu\/de\/wp-json\/wp\/v2\/types\/product"}],"replies":[{"embeddable":true,"href":"https:\/\/startercultures.eu\/de\/wp-json\/wp\/v2\/comments?post=25273"}],"version-history":[{"count":0,"href":"https:\/\/startercultures.eu\/de\/wp-json\/wp\/v2\/product\/25273\/revisions"}],"wp:featuredmedia":[{"embeddable":true,"href":"https:\/\/startercultures.eu\/de\/wp-json\/wp\/v2\/media\/64213"}],"wp:attachment":[{"href":"https:\/\/startercultures.eu\/de\/wp-json\/wp\/v2\/media?parent=25273"}],"wp:term":[{"taxonomy":"product_brand","embeddable":true,"href":"https:\/\/startercultures.eu\/de\/wp-json\/wp\/v2\/product_brand?post=25273"},{"taxonomy":"product_cat","embeddable":true,"href":"https:\/\/startercultures.eu\/de\/wp-json\/wp\/v2\/product_cat?post=25273"},{"taxonomy":"product_tag","embeddable":true,"href":"https:\/\/startercultures.eu\/de\/wp-json\/wp\/v2\/product_tag?post=25273"}],"curies":[{"name":"wp","href":"https:\/\/api.w.org\/{rel}","templated":true}]}}