{"id":25277,"date":"2020-07-31T16:33:42","date_gmt":"2020-07-31T16:33:42","guid":{"rendered":"https:\/\/startercultures.eu\/product\/unkategorisiert\/echte-ingwerbierpflanze-gdp-scoby\/"},"modified":"2026-04-18T21:13:49","modified_gmt":"2026-04-18T19:13:49","slug":"ingwerbeerpflanze-gdp","status":"publish","type":"product","link":"https:\/\/startercultures.eu\/de\/product\/fermentation-de\/sodas\/ingwerbeerpflanze-gdp\/","title":{"rendered":"Ingwerbierpflanze (GBP) | Machen Sie Ihr eigenes Ingwerbier"},"content":{"rendered":"<p>Machen Sie Ihr eigenes Ingwerbier mit der einzigen echten Ingwerbierpflanze (GBP)!<\/p>\n<h3>Was ist unsere echte Ingwerbierpflanze (GBP)?<\/h3>\n<p>Eine Ingwerbierpflanze (GBP) ist eine seltene alte Starterkultur. Vor Jahrhunderten war es auf den britischen Inseln beliebt, ein kohlens\u00e4urehaltiges alkoholisches Getr\u00e4nk mit Ingwer als Geschmacksstoff herzustellen.<\/p>\n<p>Obwohl die Kultur &#8220;Ingwerbierpflanze&#8221; genannt wird, handelt es sich nicht wirklich um eine Pflanze, sondern um einen &#8220;SCOBY&#8221;, eine symbiotische Kolonie von Bakterien und Hefen, die in kleinen, halbtransparenten K\u00f6rnern zusammenleben. Diese &#8220;Pflanze&#8221; wurde zur Fermentierung einer Zucker-Wasser-Ingwer-L\u00f6sung verwendet, bis die Popularit\u00e4t nachlie\u00df und die einfachere B\u00e4cker- und Bierhefe sie ersetzte. Diese Ersatzstoffe ergeben ebenfalls ein Ingwerbier-\u00e4hnliches Getr\u00e4nk, sind aber nicht dasselbe, so wie Brot und Sauerteigbrot nicht dasselbe sind.<\/p>\n<p>Die symbiotischen Eigenschaften von Bakterien und Hefe der Ingwerbierpflanze sorgen &#8211; genau wie Kombucha, Wasserkefir oder Milchkefir &#8211; f\u00fcr eine einzigartige lebende und sich selbst vermehrende Kultur, die einen wirklich reichen und komplexen Geschmack verleiht.<\/p>\n<p>Die authentischste Ingwerbierpflanze von heute stammt aus der Deutschen Kulturbank (einschlie\u00dflich der unseren), einem der wenigen Orte, die diese symbiotische Kultur bewahrt haben, bevor sie v\u00f6llig ausgestorben ist&#8230;<\/p>\n<h3>Inhalt<\/h3>\n<ul>\n<li>mindestens 3 Gramm getrocknete Ingwerbierpflanzenpellets (vergleichbar mit 20-30 Gramm frischen Pellets)<\/li>\n<li>Genug f\u00fcr ein ganzes Leben<\/li>\n<li>Produziert in den Vereinigten Staaten<\/li>\n<li>An einem k\u00fchlen, trockenen Ort aufbewahren, bis Sie sie aktivieren<\/li>\n<li>Inhalt: Zucker, Starterkulturen<\/li>\n<\/ul>\n<h3>Warum getrocknete Ingwerbierpflanzenk\u00f6rner?<\/h3>\n<ul>\n<li>Getrocknete K\u00f6rner sind lange haltbar<\/li>\n<li>Leicht zu transportieren\/mitzunehmen, auch ins Ausland<\/li>\n<li>Verschlechtert sich nicht durch den Transport<\/li>\n<li>Geringes Gewicht (Transportkosten)<\/li>\n<li>Sie k\u00f6nnen sie bereits kaufen, auch wenn Sie nicht vorhaben, in dieser Woche sofort Ingwerbier herzustellen<\/li>\n<li>Sie k\u00f6nnen einen Teil aufbewahren, falls Ihre frischen K\u00f6rner absterben.<\/li>\n<li>Nach der Aktivierung ist die Wirkung von getrockneten K\u00f6rnern identisch mit der von frischen K\u00f6rnern.<\/li>\n<\/ul>\n<h3>Aktivieren Sie Ihre getrockneten Ingwerbierpflanzenk\u00f6rner<\/h3>\n<ol>\n<li>Geben Sie die getrockneten Ingwer-Pflanzenk\u00f6rner mit 0,25 Litern Leitungswasser in ein Glasgef\u00e4\u00df.<\/li>\n<li>25 Gramm Zucker hinzuf\u00fcgen (vorzugsweise 50% wei\u00dfer Zucker und 50% brauner Zucker, Rohr- oder Palmzucker)<\/li>\n<li>Verschlie\u00dfen und an einen leicht warmen Ort stellen, vorzugsweise vor direktem Sonnenlicht sch\u00fctzen<\/li>\n<li>T\u00e4glich ein paar Mal umr\u00fchren<\/li>\n<li>Zwei Tage lang g\u00e4ren lassen, die K\u00f6rner absieben und mit etwas frischem Wasser und Zucker wieder vermengen.<\/li>\n<li>Nach ein- oder zweimaligem &#8220;Auffrischen&#8221; sind die Ingwer-Pflanzenk\u00f6rner fertig und k\u00f6nnen wie frische K\u00f6rner verwendet werden.<\/li>\n<\/ol>\n<h3><strong>Stellen Sie Ihr eigenes Ingwerbier aus der Ingwerbierpflanze her.<\/strong><\/h3>\n<p>Traditionelles GBP-Rezept<\/p>\n<p><em>Verleiht den traditionellen, leicht w\u00fcrzigen Ingwerbiergeschmack, kann aber ein langsameres Wachstum der GBP und eine geringere Gesamtaktivit\u00e4t aufweisen. Verwenden Sie 50 % wei\u00dfen Zucker und 50 % braunen Zucker, Rohr- oder Palmzucker, wenn Sie mehr Aktivit\u00e4t w\u00fcnschen oder wenn die K\u00f6rner nicht gut funktionieren.<\/em><\/p>\n<ol>\n<li>Geben Sie 2 Essl\u00f6ffel der rehydrierten Ingwerbierpflanze in ein Glasgef\u00e4\u00df mit einem Fassungsverm\u00f6gen von mindestens 1 l.<\/li>\n<li>Ein 4 cm langes St\u00fcck Ingwerwurzel reiben, mit etwas Wasser vermischen und auspressen (mit sauberen H\u00e4nden). Verwenden Sie nicht die Fasern.<\/li>\n<li>6-8 Essl\u00f6ffel wei\u00dfen Zucker und den Ingwersaft hinzuf\u00fcgen<\/li>\n<li>Einen Liter Wasser hinzuf\u00fcgen. Nicht bis zum Rand f\u00fcllen. Kalt, k\u00fchl oder bei Zimmertemperatur ist es am besten. Mit einem Holz-, Plastik- oder Edelstahll\u00f6ffel umr\u00fchren, bis der Zucker weitgehend aufgel\u00f6st ist. Wenn Sie einen st\u00e4rkeren Ingwergeschmack w\u00fcnschen, k\u00f6nnen Sie ein St\u00fcck Zitrone und ein paar Ingwerscheiben hinzuf\u00fcgen.<\/li>\n<li>Decken Sie sie mit einem Tuch, K\u00e4setuch oder K\u00fcchenpapier und einem Gummiband ab, damit Ihre Ingwerbierpflanze atmen kann und vor Verunreinigungen wie Staub und Fruchtfliegen gesch\u00fctzt ist.<\/li>\n<li>Bewahren Sie Ihr Ingwerbier an einem Ort auf, der nicht direkt der Sonne ausgesetzt ist. Sie k\u00f6nnen sie w\u00e4hrend der G\u00e4rung einmal sch\u00fctteln\/umr\u00fchren.<\/li>\n<li>Drei bis sieben Tage G\u00e4rung sind eine \u00fcbliche Zeitspanne f\u00fcr Ingwerbier. Im Sommer k\u00f6nnen sie in etwa 3 Tagen fertig sein, im Winter k\u00f6nnen sie l\u00e4nger dauern, 5-7 Tage. Experimentieren Sie einfach ein wenig und finden Sie heraus, wann es die richtige S\u00fc\u00dfe und den richtigen Geschmack hat.<\/li>\n<li>Ein feines Plastik- oder Edelstahlsieb \u00fcber einen Topf oder eine Sch\u00fcssel st\u00fclpen und alles hineinsch\u00fctten. Ingwer und Zitrone entfernen. Falls n\u00f6tig, die Zitrone auspressen, um den Zitronengeschmack zu verst\u00e4rken.<\/li>\n<li>Ingwerbier ist milder als Kombucha, aber st\u00e4rker als Wasserkefir, es sollte eine sp\u00fcrbare Geschmacksver\u00e4nderung geben &#8211; wie s\u00fc\u00dfer Apfelessig mit Bier und Ingwer. Bl\u00e4schen sind in der Regel sehr dezent (wenn sie \u00fcberhaupt vorhanden sind, zum Zeitpunkt der Abf\u00fcllung), aber sie werden gr\u00f6\u00dfer, wenn das Getr\u00e4nk in Flaschen abgef\u00fcllt wird.<\/li>\n<li>Optional: einige Zeit in einer verschlossenen PET-Flasche, B\u00fcgelverschlussflasche oder einer anderen druckfesten Flasche g\u00e4ren lassen. Ingwerbier schmeckt am besten (d.h. frischer, abgerundeter Geschmack &#8211; unserer Meinung nach) innerhalb von 48 Stunden nach dem Abf\u00fcllen und Abk\u00fchlen, und bekommt einen trockeneren, &#8220;reiferen&#8221; Getr\u00e4nkegeschmack, wenn es ein paar Wochen in der Flasche steht.<\/li>\n<\/ol>\n<h3><strong>Tipps und Variationen<\/strong><\/h3>\n<ul>\n<li>Gelegentlich haben die ersten ein oder zwei Chargen einen \u00fcblen Geruch. Kein Problem, aber dann werfen Sie die ersten paar Mal weg, wenn Sie es herstellen. Nach dem zweiten oder dritten Mal wird es gut. Wenn das Problem weiterhin besteht, lassen Sie die K\u00f6rner einige Tage lang in sauberem Wasser im K\u00fchlschrank stehen und wechseln Sie das Wasser t\u00e4glich. Wenn sich Schleim bildet, k\u00f6nnen Sie einen halben Teel\u00f6ffel Zitronensaft pro 500 ml hinzuf\u00fcgen.<\/li>\n<li>Zus\u00e4tzliche Aromastoffe in die Flasche geben<\/li>\n<li>F\u00fcgen Sie in der Flasche etwas zus\u00e4tzlichen Zucker hinzu, um die G\u00e4rung zu beschleunigen oder einen s\u00fc\u00dferen Geschmack zu erzielen.<\/li>\n<\/ul>\n<h3>Q&amp;A:<\/h3>\n<p><strong>Muss ich mein GBP mit in den Urlaub nehmen? <\/strong>Nur wenn Sie es wollen. Sie k\u00f6nnen das GBP in einem schwachen 5%igen Recovery Brew in einem luftdichten Beh\u00e4lter, z. B. einem Marmeladenglas, im K\u00fchlschrank aufbewahren. Sie k\u00f6nnen das GBP auch ganz einfach trocknen, indem Sie es auf einer glatten Oberfl\u00e4che ausbreiten und trocknen lassen.<\/p>\n<p><strong>Kann ich von dieser Art Bier betrunken werden?<\/strong> Ingwerbier ist zwar alkoholhaltig, aber man kann den Alkoholgehalt steuern, indem man die Menge des Zuckers und die L\u00e4nge der Brauzeit variiert. Sie k\u00f6nnen die Kohlens\u00e4ure auch forcieren, um die Ziehzeit weiter zu verk\u00fcrzen, und es wird so alkoholisch wie Orangensaft. Wenn Sie jedoch den Zuckergehalt und die Ziehzeit erh\u00f6hen, steigt auch der Alkoholgehalt.<\/p>\n<p><strong>Aber Ingwer hat einen seltsamen, scharfen Geschmack!<\/strong> Sie k\u00f6nnen alle Fr\u00fcchte verwenden, die Sie m\u00f6gen. Es wird einfach Ingwerbier genannt, weil es urspr\u00fcnglich so gebraut wurde.<\/p>\n<p><strong>Kann ich das GBP wiederverwenden?<\/strong> Das GBP ist ein lebender Organismus, der durch eine vom GBP selbst hergestellte Matrix zusammengehalten wird, so dass es wiederverwendet werden kann.<\/p>\n<p><strong>Kann ich meine eigene Ingwerbierpflanze herstellen?<\/strong> Nein, das GBP besteht aus zwei Saccharomyces florentinus und Lactobacillus hilgardii, die nicht spontan zusammenarbeiten, um die kleinen Kleckse zu bilden.<\/p>\n<p><strong>Was ist der Unterschied zwischen Wasserkefir und GBP?<\/strong> Beide sind &#8220;symbiotische Bakterien- und Hefekolonien&#8221; und fermentieren Zucker, aber damit enden die Gemeinsamkeiten auch schon. Wasserkefir und Kombucha sind zwar SCOBYs, aber v\u00f6llig unterschiedlich, das Gleiche gilt f\u00fcr Ingwerbier und Wasserkefir. GBP besteht aus der Hefe <em>Saccharomyces florentinus<\/em><em>(Saccharomyces pyriformis<\/em>) und dem Bakterium <em>Lactobacillus hilgardii<\/em><em>(Brevibacterium vermiforme<\/em>) und vielen anderen, Wasserkefirk\u00f6rner hingegen bestehen aus <em>Lactobacillus brevis<\/em> und vielen anderen Hefen und Bakterien. Die genaue Zusammensetzung variiert jedoch von Quelle zu Quelle. Auch die Form, die Transparenz, die N\u00e4hrwerte, die Mineralstoffe und die G\u00e4rzeit sind unterschiedlich. Auch der daraus resultierende Geschmack ist unterschiedlich. Ingwerbier hat einen eher s\u00e4uerlichen Geschmack, der an Kombucha erinnert. Die K\u00f6rner werden nicht ann\u00e4hernd so gro\u00df wie der gr\u00f6\u00dfte Wasserkefir und bilden nicht die gleichen kantigen, klaren K\u00f6rner &#8211; stattdessen sind sie wie ein tr\u00fcber brauner Puffreis.<\/p>\n<h3>Englischsprachiger Online-Workshop &#8220;Miso selber machen&#8221;<img decoding=\"async\" class=\"lazyload  wp-image-23963 alignright\" src=\"https:\/\/startercultures.eu\/wp-content\/uploads\/2020\/12\/fermentation-450-300x300.png\" data-orig-src=\"https:\/\/startercultures.eu\/wp-content\/uploads\/2020\/12\/fermentation-450-300x300.png\" alt=\"Fermentation workshops\" width=\"135\" height=\"135\" srcset=\"data:image\/svg+xml,%3Csvg%20xmlns%3D%27http%3A%2F%2Fwww.w3.org%2F2000%2Fsvg%27%20width%3D%27135%27%20height%3D%27135%27%20viewBox%3D%270%200%20135%20135%27%3E%3Crect%20width%3D%27135%27%20height%3D%27135%27%20fill-opacity%3D%220%22%2F%3E%3C%2Fsvg%3E\" data-srcset=\"https:\/\/startercultures.eu\/wp-content\/uploads\/2020\/12\/fermentation-450-66x66.png 66w, https:\/\/startercultures.eu\/wp-content\/uploads\/2020\/12\/fermentation-450-70x70.png 70w, https:\/\/startercultures.eu\/wp-content\/uploads\/2020\/12\/fermentation-450-100x100.png 100w, https:\/\/startercultures.eu\/wp-content\/uploads\/2020\/12\/fermentation-450-150x150.png 150w, https:\/\/startercultures.eu\/wp-content\/uploads\/2020\/12\/fermentation-450-200x200.png 200w, https:\/\/startercultures.eu\/wp-content\/uploads\/2020\/12\/fermentation-450-300x300.png 300w, https:\/\/startercultures.eu\/wp-content\/uploads\/2020\/12\/fermentation-450-400x401.png 400w, https:\/\/startercultures.eu\/wp-content\/uploads\/2020\/12\/fermentation-450.png 450w\" data-sizes=\"auto\" data-orig-sizes=\"(max-width: 135px) 100vw, 135px\" \/><\/h3>\n<p>In<a href=\"https:\/\/startercultures.eu\/product\/workshops-2\/online-on-demand-workshop-how-to-make-your-own-miso\/\" target=\"_blank\" rel=\"noopener\"> diesem Online-Meisterkurs<\/a> zeigt Ihnen der niederl\u00e4ndische Foodwriter und Fermentationsexperte Meneer Wateetons, wie Sie Ihr eigenes <a href=\"https:\/\/en.wikipedia.org\/wiki\/Miso\" target=\"_blank\" rel=\"noopener\">Miso<\/a> herstellen k\u00f6nnen. Durch eine besondere Form der Fermentation entsteht aus zwei sehr bescheidenen und eher langweiligen Zutaten eine der sch\u00f6nsten und komplexesten Substanzen der Welt. Herr Wateetons erz\u00e4hlt Ihnen genau, wie die Fermentation funktioniert und was SIe daf\u00fcr brauchen, wie SIe von nun an Miso zu Hause herstellen k\u00f6nnen, wie SIe den Prozess der Miso-Herstellung beschleunigen, wie Sie diese beiden Grundzutaten endlos variieren und was f\u00fcr coole Sachen Sie mit Miso machen k\u00f6nnen. Klicken Sie <a href=\"https:\/\/startercultures.eu\/product\/workshops-2\/online-on-demand-workshop-how-to-make-your-own-miso\/\" target=\"_blank\" rel=\"noopener\">hier <\/a>f\u00fcr weitere Informationen.<\/p>\n","protected":false},"excerpt":{"rendered":"<p>Machen Sie Ihr eigenes Ingwerbier mit der einzigartigen Ingwerbierpflanze (GBP)!<\/p>\n","protected":false},"featured_media":25169,"comment_status":"open","ping_status":"closed","template":"","meta":{"_acf_changed":false,"footnotes":""},"product_brand":[],"product_cat":[726,688,687],"product_tag":[],"class_list":{"0":"post-25277","1":"product","2":"type-product","3":"status-publish","4":"has-post-thumbnail","6":"product_cat-sodas","7":"product_cat-starterkulturen-de-2","8":"product_cat-vegane-limonaden","9":"pa_ean-8720297620713-de","11":"first","12":"instock","13":"taxable","14":"shipping-taxable","15":"purchasable","16":"product-type-simple"},"acf":[],"yoast_head":"<!-- This site is optimized with the Yoast SEO plugin v26.6 - https:\/\/yoast.com\/wordpress\/plugins\/seo\/ -->\n<title>Ingwerbierpflanze (GBP) | Machen Sie Ihr eigenes Ingwerbier - Startercultures.eu<\/title>\n<meta name=\"description\" content=\"Machen Sie Ihr eigenes Ingwerbier mit der einzigartigen Ingwerbierpflanze (GBP)!\u2705Versand am selben Tag\" \/>\n<meta name=\"robots\" content=\"index, follow, max-snippet:-1, max-image-preview:large, max-video-preview:-1\" \/>\n<link rel=\"canonical\" href=\"https:\/\/startercultures.eu\/de\/product\/fermentation-de\/sodas\/ingwerbeerpflanze-gdp\/\" \/>\n<meta property=\"og:locale\" content=\"de_DE\" \/>\n<meta property=\"og:type\" content=\"article\" \/>\n<meta property=\"og:title\" content=\"Ingwerbierpflanze (GBP) | Machen Sie Ihr eigenes Ingwerbier - Startercultures.eu\" \/>\n<meta property=\"og:description\" content=\"Machen Sie Ihr eigenes Ingwerbier mit der einzigartigen Ingwerbierpflanze (GBP)!\u2705Versand am selben Tag\" \/>\n<meta property=\"og:url\" content=\"https:\/\/startercultures.eu\/de\/product\/fermentation-de\/sodas\/ingwerbeerpflanze-gdp\/\" \/>\n<meta property=\"og:site_name\" content=\"Startercultures.eu\" \/>\n<meta property=\"article:publisher\" content=\"https:\/\/www.facebook.com\/startercultureseu\" \/>\n<meta property=\"article:modified_time\" content=\"2026-04-18T19:13:49+00:00\" \/>\n<meta property=\"og:image\" content=\"https:\/\/startercultures.eu\/wp-content\/uploads\/2020\/07\/054mu.png\" \/>\n\t<meta property=\"og:image:width\" content=\"1250\" \/>\n\t<meta property=\"og:image:height\" content=\"1250\" \/>\n\t<meta property=\"og:image:type\" content=\"image\/png\" \/>\n<meta name=\"twitter:card\" content=\"summary_large_image\" \/>\n<meta name=\"twitter:label1\" content=\"Price\" \/>\n\t<meta name=\"twitter:data1\" content=\"16,99\" \/>\n\t<meta name=\"twitter:label2\" content=\"Availability\" \/>\n\t<meta name=\"twitter:data2\" content=\"Vorr\u00e4tig\" \/>\n<script type=\"application\/ld+json\" class=\"yoast-schema-graph\">{\"@context\":\"https:\/\/schema.org\",\"@graph\":[{\"@type\":\"WebPage\",\"@id\":\"https:\/\/startercultures.eu\/de\/product\/fermentation-de\/sodas\/ingwerbeerpflanze-gdp\/\",\"url\":\"https:\/\/startercultures.eu\/de\/product\/fermentation-de\/sodas\/ingwerbeerpflanze-gdp\/\",\"name\":\"Ingwerbierpflanze (GBP) | Machen Sie Ihr eigenes Ingwerbier - Startercultures.eu\",\"isPartOf\":{\"@id\":\"https:\/\/startercultures.eu\/de\/#website\"},\"primaryImageOfPage\":{\"@id\":\"https:\/\/startercultures.eu\/de\/product\/fermentation-de\/sodas\/ingwerbeerpflanze-gdp\/#primaryimage\"},\"image\":{\"@id\":\"https:\/\/startercultures.eu\/de\/product\/fermentation-de\/sodas\/ingwerbeerpflanze-gdp\/#primaryimage\"},\"thumbnailUrl\":\"https:\/\/startercultures.eu\/wp-content\/uploads\/2020\/07\/054mu.png\",\"datePublished\":\"2020-07-31T16:33:42+00:00\",\"dateModified\":\"2026-04-18T19:13:49+00:00\",\"description\":\"Machen Sie Ihr eigenes Ingwerbier mit der einzigartigen Ingwerbierpflanze (GBP)!\u2705Versand am selben Tag\",\"breadcrumb\":{\"@id\":\"https:\/\/startercultures.eu\/de\/product\/fermentation-de\/sodas\/ingwerbeerpflanze-gdp\/#breadcrumb\"},\"inLanguage\":\"de-DE\",\"potentialAction\":[{\"@type\":\"ReadAction\",\"target\":[\"https:\/\/startercultures.eu\/de\/product\/fermentation-de\/sodas\/ingwerbeerpflanze-gdp\/\"]}]},{\"@type\":\"ImageObject\",\"inLanguage\":\"de-DE\",\"@id\":\"https:\/\/startercultures.eu\/de\/product\/fermentation-de\/sodas\/ingwerbeerpflanze-gdp\/#primaryimage\",\"url\":\"https:\/\/startercultures.eu\/wp-content\/uploads\/2020\/07\/054mu.png\",\"contentUrl\":\"https:\/\/startercultures.eu\/wp-content\/uploads\/2020\/07\/054mu.png\",\"width\":1250,\"height\":1250,\"caption\":\"Echte Ingwerbierpflanze\"},{\"@type\":\"BreadcrumbList\",\"@id\":\"https:\/\/startercultures.eu\/de\/product\/fermentation-de\/sodas\/ingwerbeerpflanze-gdp\/#breadcrumb\",\"itemListElement\":[{\"@type\":\"ListItem\",\"position\":1,\"name\":\"Home\",\"item\":\"https:\/\/startercultures.eu\/de\/\"},{\"@type\":\"ListItem\",\"position\":2,\"name\":\"Shop\",\"item\":\"https:\/\/startercultures.eu\/shop\/\"},{\"@type\":\"ListItem\",\"position\":3,\"name\":\"Ingwerbierpflanze (GBP) | Machen Sie Ihr eigenes Ingwerbier\"}]},{\"@type\":\"WebSite\",\"@id\":\"https:\/\/startercultures.eu\/de\/#website\",\"url\":\"https:\/\/startercultures.eu\/de\/\",\"name\":\"Startercultures.eu\",\"description\":\"Startercultures.eu\",\"publisher\":{\"@id\":\"https:\/\/startercultures.eu\/de\/#organization\"},\"potentialAction\":[{\"@type\":\"SearchAction\",\"target\":{\"@type\":\"EntryPoint\",\"urlTemplate\":\"https:\/\/startercultures.eu\/de\/?s={search_term_string}\"},\"query-input\":{\"@type\":\"PropertyValueSpecification\",\"valueRequired\":true,\"valueName\":\"search_term_string\"}}],\"inLanguage\":\"de-DE\"},{\"@type\":\"Organization\",\"@id\":\"https:\/\/startercultures.eu\/de\/#organization\",\"name\":\"Startercultures.eu\",\"url\":\"https:\/\/startercultures.eu\/de\/\",\"logo\":{\"@type\":\"ImageObject\",\"inLanguage\":\"de-DE\",\"@id\":\"https:\/\/startercultures.eu\/de\/#\/schema\/logo\/image\/\",\"url\":\"https:\/\/startercultures.eu\/wp-content\/uploads\/2020\/08\/startercultures-eu-nl-logo-rond-rgb.png\",\"contentUrl\":\"https:\/\/startercultures.eu\/wp-content\/uploads\/2020\/08\/startercultures-eu-nl-logo-rond-rgb.png\",\"width\":320,\"height\":320,\"caption\":\"Startercultures.eu\"},\"image\":{\"@id\":\"https:\/\/startercultures.eu\/de\/#\/schema\/logo\/image\/\"},\"sameAs\":[\"https:\/\/www.facebook.com\/startercultureseu\",\"https:\/\/www.instagram.com\/startercultures.eu\/\"]}]}<\/script>\n<meta property=\"product:price:amount\" content=\"16.99\" \/>\n<meta property=\"product:price:currency\" content=\"EUR\" \/>\n<meta property=\"og:availability\" content=\"instock\" \/>\n<meta property=\"product:availability\" content=\"instock\" \/>\n<meta property=\"product:retailer_item_id\" content=\"54\" \/>\n<meta property=\"product:condition\" content=\"new\" \/>\n<!-- \/ Yoast SEO plugin. -->","yoast_head_json":{"title":"Ingwerbierpflanze (GBP) | Machen Sie Ihr eigenes Ingwerbier - Startercultures.eu","description":"Machen Sie Ihr eigenes Ingwerbier mit der einzigartigen Ingwerbierpflanze (GBP)!\u2705Versand am selben Tag","robots":{"index":"index","follow":"follow","max-snippet":"max-snippet:-1","max-image-preview":"max-image-preview:large","max-video-preview":"max-video-preview:-1"},"canonical":"https:\/\/startercultures.eu\/de\/product\/fermentation-de\/sodas\/ingwerbeerpflanze-gdp\/","og_locale":"de_DE","og_type":"article","og_title":"Ingwerbierpflanze (GBP) | Machen Sie Ihr eigenes Ingwerbier - Startercultures.eu","og_description":"Machen Sie Ihr eigenes Ingwerbier mit der einzigartigen Ingwerbierpflanze (GBP)!\u2705Versand am selben Tag","og_url":"https:\/\/startercultures.eu\/de\/product\/fermentation-de\/sodas\/ingwerbeerpflanze-gdp\/","og_site_name":"Startercultures.eu","article_publisher":"https:\/\/www.facebook.com\/startercultureseu","article_modified_time":"2026-04-18T19:13:49+00:00","og_image":[{"width":1250,"height":1250,"url":"https:\/\/startercultures.eu\/wp-content\/uploads\/2020\/07\/054mu.png","type":"image\/png"}],"twitter_card":"summary_large_image","twitter_misc":{"Price":"16,99","Availability":"Vorr\u00e4tig"},"schema":{"@context":"https:\/\/schema.org","@graph":[{"@type":"WebPage","@id":"https:\/\/startercultures.eu\/de\/product\/fermentation-de\/sodas\/ingwerbeerpflanze-gdp\/","url":"https:\/\/startercultures.eu\/de\/product\/fermentation-de\/sodas\/ingwerbeerpflanze-gdp\/","name":"Ingwerbierpflanze (GBP) | Machen Sie Ihr eigenes Ingwerbier - Startercultures.eu","isPartOf":{"@id":"https:\/\/startercultures.eu\/de\/#website"},"primaryImageOfPage":{"@id":"https:\/\/startercultures.eu\/de\/product\/fermentation-de\/sodas\/ingwerbeerpflanze-gdp\/#primaryimage"},"image":{"@id":"https:\/\/startercultures.eu\/de\/product\/fermentation-de\/sodas\/ingwerbeerpflanze-gdp\/#primaryimage"},"thumbnailUrl":"https:\/\/startercultures.eu\/wp-content\/uploads\/2020\/07\/054mu.png","datePublished":"2020-07-31T16:33:42+00:00","dateModified":"2026-04-18T19:13:49+00:00","description":"Machen Sie Ihr eigenes Ingwerbier mit der einzigartigen Ingwerbierpflanze (GBP)!\u2705Versand am selben Tag","breadcrumb":{"@id":"https:\/\/startercultures.eu\/de\/product\/fermentation-de\/sodas\/ingwerbeerpflanze-gdp\/#breadcrumb"},"inLanguage":"de-DE","potentialAction":[{"@type":"ReadAction","target":["https:\/\/startercultures.eu\/de\/product\/fermentation-de\/sodas\/ingwerbeerpflanze-gdp\/"]}]},{"@type":"ImageObject","inLanguage":"de-DE","@id":"https:\/\/startercultures.eu\/de\/product\/fermentation-de\/sodas\/ingwerbeerpflanze-gdp\/#primaryimage","url":"https:\/\/startercultures.eu\/wp-content\/uploads\/2020\/07\/054mu.png","contentUrl":"https:\/\/startercultures.eu\/wp-content\/uploads\/2020\/07\/054mu.png","width":1250,"height":1250,"caption":"Echte Ingwerbierpflanze"},{"@type":"BreadcrumbList","@id":"https:\/\/startercultures.eu\/de\/product\/fermentation-de\/sodas\/ingwerbeerpflanze-gdp\/#breadcrumb","itemListElement":[{"@type":"ListItem","position":1,"name":"Home","item":"https:\/\/startercultures.eu\/de\/"},{"@type":"ListItem","position":2,"name":"Shop","item":"https:\/\/startercultures.eu\/shop\/"},{"@type":"ListItem","position":3,"name":"Ingwerbierpflanze (GBP) | Machen Sie Ihr eigenes Ingwerbier"}]},{"@type":"WebSite","@id":"https:\/\/startercultures.eu\/de\/#website","url":"https:\/\/startercultures.eu\/de\/","name":"Startercultures.eu","description":"Startercultures.eu","publisher":{"@id":"https:\/\/startercultures.eu\/de\/#organization"},"potentialAction":[{"@type":"SearchAction","target":{"@type":"EntryPoint","urlTemplate":"https:\/\/startercultures.eu\/de\/?s={search_term_string}"},"query-input":{"@type":"PropertyValueSpecification","valueRequired":true,"valueName":"search_term_string"}}],"inLanguage":"de-DE"},{"@type":"Organization","@id":"https:\/\/startercultures.eu\/de\/#organization","name":"Startercultures.eu","url":"https:\/\/startercultures.eu\/de\/","logo":{"@type":"ImageObject","inLanguage":"de-DE","@id":"https:\/\/startercultures.eu\/de\/#\/schema\/logo\/image\/","url":"https:\/\/startercultures.eu\/wp-content\/uploads\/2020\/08\/startercultures-eu-nl-logo-rond-rgb.png","contentUrl":"https:\/\/startercultures.eu\/wp-content\/uploads\/2020\/08\/startercultures-eu-nl-logo-rond-rgb.png","width":320,"height":320,"caption":"Startercultures.eu"},"image":{"@id":"https:\/\/startercultures.eu\/de\/#\/schema\/logo\/image\/"},"sameAs":["https:\/\/www.facebook.com\/startercultureseu","https:\/\/www.instagram.com\/startercultures.eu\/"]}]},"product_price_amount":"16.99","product_price_currency":"EUR","og_availability":"instock","product_availability":"instock","product_retailer_item_id":"54","product_condition":"new"},"_links":{"self":[{"href":"https:\/\/startercultures.eu\/de\/wp-json\/wp\/v2\/product\/25277","targetHints":{"allow":["GET"]}}],"collection":[{"href":"https:\/\/startercultures.eu\/de\/wp-json\/wp\/v2\/product"}],"about":[{"href":"https:\/\/startercultures.eu\/de\/wp-json\/wp\/v2\/types\/product"}],"replies":[{"embeddable":true,"href":"https:\/\/startercultures.eu\/de\/wp-json\/wp\/v2\/comments?post=25277"}],"version-history":[{"count":3,"href":"https:\/\/startercultures.eu\/de\/wp-json\/wp\/v2\/product\/25277\/revisions"}],"predecessor-version":[{"id":66014,"href":"https:\/\/startercultures.eu\/de\/wp-json\/wp\/v2\/product\/25277\/revisions\/66014"}],"wp:featuredmedia":[{"embeddable":true,"href":"https:\/\/startercultures.eu\/de\/wp-json\/wp\/v2\/media\/25169"}],"wp:attachment":[{"href":"https:\/\/startercultures.eu\/de\/wp-json\/wp\/v2\/media?parent=25277"}],"wp:term":[{"taxonomy":"product_brand","embeddable":true,"href":"https:\/\/startercultures.eu\/de\/wp-json\/wp\/v2\/product_brand?post=25277"},{"taxonomy":"product_cat","embeddable":true,"href":"https:\/\/startercultures.eu\/de\/wp-json\/wp\/v2\/product_cat?post=25277"},{"taxonomy":"product_tag","embeddable":true,"href":"https:\/\/startercultures.eu\/de\/wp-json\/wp\/v2\/product_tag?post=25277"}],"curies":[{"name":"wp","href":"https:\/\/api.w.org\/{rel}","templated":true}]}}