{"id":25290,"date":"2020-07-31T16:31:56","date_gmt":"2020-07-31T16:31:56","guid":{"rendered":"https:\/\/startercultures.eu\/product\/unkategorisiert\/kostenloser-hinweis-auf-die-umstellung-von-us-rezepten-fuer-kur-nr-1-und-2-auf-europaeische-zutaten\/"},"modified":"2025-09-02T13:13:49","modified_gmt":"2025-09-02T11:13:49","slug":"free-pointer-on-converting-us-cure-1-and-cure-2-recipes-to-with-european-ingredients","status":"publish","type":"product","link":"https:\/\/startercultures.eu\/de\/product\/wurstwaren-und-charcuterie-de\/zusatzstoffe\/free-pointer-on-converting-us-cure-1-and-cure-2-recipes-to-with-european-ingredients\/","title":{"rendered":"Kostenloser Hinweis auf die Umstellung von US-Rezepten f\u00fcr Kur Nr. 1 und 2 auf europ\u00e4ische Zutaten"},"content":{"rendered":"<p>In diesem Dokument (das weitgehend auf der niederl\u00e4ndischen &#8220;Worstbijbel&#8221; (&#8220;Wurstbibel&#8221;) des niederl\u00e4ndischen Lebensmittelherstellers Meneer Wateetons basiert) erfahren Sie mehr \u00fcber die Funktionen von Nitriten und Nitraten in der Fleischp\u00f6kelung und wie Sie amerikanische Rezepte, in denen P\u00f6kelmittel Nr. 1 und Nr. 2 verwendet werden, auf in der EU erh\u00e4ltliche Produkte umstellen k\u00f6nnen.<strong>.<\/strong><\/p>\n<h3>Nitrit<\/h3>\n<p>Nitrit hat eine Reihe von Funktionen, von denen die wichtigste darin besteht, dass Nitrit (eigentlich: Natriumnitrit) sehr wirksam gegen ein bestimmtes Bakterium wirkt: <em>Clostridium botulinum<\/em>. Dieses Bakterium bevorzugt ein sauerstoffarmes, leicht saures Milieu. Sagen wir: das Innere einer Trockenwurst. Allerdings: Eine Dosis von nur 0,015% Nitrit (0,15 Gramm reines Nitrit pro Kilo Fleisch) reicht aus, um das Wachstum dieses <em>Clostridium botulinum<\/em> zu verhindern. (Als Bonus wirkt Nitrit auch gegen <em>Salmonellen<\/em>). Ein weiterer Grund, warum Wurst- und Fleischwarenhersteller gerne Salz mit Nitritzusatz verwenden, ist, dass damit gesalzenes Fleisch seine frische rote Farbe beh\u00e4lt. Ein gekochter Schinken ohne Nitrit w\u00fcrde grau werden, eine Pastete w\u00fcrde ohne Nitrit grau oder sogar gr\u00fcn werden, eine gep\u00f6kelte Salami braun. Es hat also auch eine kosmetische Wirkung. Alle g\u00e4ngigen Fleischerzeugnisse, die Sie in der Metzgerei finden, verdanken ihr appetitliches Aussehen der Verwendung von Nitriten. Schlie\u00dflich verleiht Nitrit dem Fleisch einen schwer zu beschreibenden, aber angenehmen zus\u00e4tzlichen Geschmack nach &#8220;gereiftem Fleisch&#8221;.<\/p>\n<h3>Nitrat<\/h3>\n<p>Nitrat (eigentlich: Kaliumnitrat oder Salpeter) hat keinen direkten Einfluss auf die Haltbarkeit Ihres Fleisches. Mit der Zeit wird es jedoch zu Nitrit abgebaut. Das ist sinnvoll, denn auch Nitrit selbst wird mit der Zeit abgebaut und verliert dadurch seine Wirkung. Durch die Zugabe von Nitrat zu Ihrem Fleischerzeugnis schaffen Sie einen zus\u00e4tzlichen Vorrat an Nitrit in Ihrer Wurst oder Charcuterie. Eine zeitlich begrenzte Dosis von Nitrit, sozusagen.<\/p>\n<h3>Endg\u00fcltiger Prozentsatz an Salz, reinem Nitrit und reinem Nitrat, der f\u00fcr verschiedene herk\u00f6mmliche Fleischerzeugnisse ben\u00f6tigt wird:<\/h3>\n<p>Bitte beachten Sie, dass es sich hierbei um den endg\u00fcltigen Prozentsatz handelt. Bei der Trocken- oder Nassp\u00f6kelung (Charcuterie) wird in der Regel mehr Salz verwendet, das nicht vollst\u00e4ndig verwertet wird.<\/p>\n<ul>\n<li>Frische W\u00fcrste &#8211; 1,5-1,8% Salz + Nitrit keine, aber 0,015% ist fakultativ<\/li>\n<li>Schnell gep\u00f6kelte W\u00fcrste 2,5% Salz + 0,015% Nitrit<\/li>\n<li>Langsam gep\u00f6kelte W\u00fcrste 3% Salz + 0,015% Nitrit + 0,03-0,09% Nitrat<\/li>\n<li>Die meisten trocken gep\u00f6kelten Wurstwaren: 3% Salz + 0,015% Nitrit (+ optional 0,03-0,09% Nitrat)<\/li>\n<li>Pasteten und Terrinen: 1,8% Salz + + 0,015% Nitrit<\/li>\n<\/ul>\n<h3>Dosierung von Nitrit und Nitrat<\/h3>\n<p>Sie geben nicht einfach einen Teel\u00f6ffel reines Nitrit und\/oder Nitrat zu Ihrem Fleisch, sondern f\u00fcgen sie immer in Form einer Vormischung aus Nitrit\/Nitrat und Salz hinzu. Allerdings gibt es in den verschiedenen Teilen der Welt unterschiedliche Vormischungen, wie Sie weiter unten sehen werden.<\/p>\n<h3>Die meisten Teile von Europa<\/h3>\n<p>In der EU sind zwei Mischungen auf dem Markt, auf die wir im Folgenden n\u00e4her eingehen werden:<\/p>\n<ul>\n<li><a href=\"https:\/\/startercultures.eu\/product\/sausages-and-charcuterie\/additives\/nitrite-salt-0-6\/\">Nitritsalz<\/a> (0,6% Nitrit). Auch: &#8216;coloroso salt&#8217;<\/li>\n<li><a href=\"https:\/\/startercultures.eu\/product\/sausages-and-charcuterie\/additives\/salvianda-salt\/\">Salvianda<\/a> (0,6% Nitrit und 1% Nitrat und 0,2% Dextrose)<\/li>\n<\/ul>\n<p>Keine Mischung<\/p>\n<ul>\n<li><a href=\"https:\/\/startercultures.eu\/product\/sausages-and-charcuterie\/additives\/saltpeter-potassium-nitrate\/\">Kaliumnitrat<\/a> oder Salpeter (100% Nitrat)<\/li>\n<\/ul>\n<p><strong>Vereinigte Staaten und Kanada<\/strong><\/p>\n<p>Salz-Nitrit-Mischungen:<\/p>\n<ul>\n<li>Instacure #\/Prague Powder # 1: 6,25% Nitrit<\/li>\n<li>Instacure #2\/Prague Powder #2: 6,25% Nitrit, 1-3% Nitrat<\/li>\n<\/ul>\n<p>Wie EU-Nitritsalz und Salvianda handelt es sich dabei um Salz-Nitrit-Nitrat-Gemische, die jedoch mehr als die zehnfache Menge (6,25 %) an Nitrit enthalten. Folglich werden die Heilmittel Nr. 1 und Nr. 2 immer mit Tafel- oder koscherem Salz erg\u00e4nzt, um eine Mischung herzustellen, die einen endg\u00fcltigen Prozentsatz an Nitrit und Nitrat aufweist, der in etwa der Verwendung von Nitritsalz oder Salvianda entspricht. EU-Nitritsalz (0,6%) und Salvianda-Salz m\u00fcssen dagegen nicht mit Speise- oder Koschersalz gemischt werden, sondern k\u00f6nnen pur verwendet werden.<\/p>\n<h3>Wichtiges zum Mitnehmen<\/h3>\n<p>US-Kur # und #2 m\u00fcssen mit Salz gemischt werden. EU-Nitritsalz (0,6%) und Salvianda-Salz m\u00fcssen nicht gemischt werden und k\u00f6nnen pur verwendet werden.<\/p>\n<h3><strong>\u00dcbersetzung von US-Rezepten in EU-Zutaten, einige Beispiele<\/strong><\/h3>\n<p>Sie haben zum Beispiel eines der B\u00fccher von Marianski &amp; Marianski gelesen.<\/p>\n<p>Beispiel 1 &#8211; Langsam gep\u00f6kelte Wurst<\/p>\n<table>\n<tbody>\n<tr>\n<td width=\"151\">US-Rezept<\/td>\n<td width=\"140\">In Gramm p \/kg<\/td>\n<td width=\"168\">EU-Zutaten<\/td>\n<td width=\"145\">In Gramm p\/kg<\/td>\n<\/tr>\n<tr>\n<td width=\"151\">3% Salz (unter Ber\u00fccksichtigung von Kur Nr. 2)<\/td>\n<td width=\"140\">28<\/td>\n<td width=\"168\">3% salvianda<\/td>\n<td width=\"145\">30<\/td>\n<\/tr>\n<tr>\n<td width=\"151\">Heilung #2<\/td>\n<td width=\"140\">2,3<\/td>\n<td width=\"168\"><\/td>\n<td width=\"145\"><\/td>\n<\/tr>\n<tr>\n<td width=\"151\"><\/td>\n<td width=\"140\"><\/td>\n<td width=\"168\">OR<\/td>\n<td width=\"145\"><\/td>\n<\/tr>\n<tr>\n<td width=\"151\"><\/td>\n<td width=\"140\"><\/td>\n<td width=\"168\">3%iges Nitritsalz<\/td>\n<td width=\"145\">30<\/td>\n<\/tr>\n<tr>\n<td width=\"151\"><\/td>\n<td width=\"140\"><\/td>\n<td width=\"168\">0,03-0,09% Kaliumnitrit<\/td>\n<td width=\"145\">0,3-0,9<\/td>\n<\/tr>\n<\/tbody>\n<\/table>\n<p>Beispiel 2 &#8211; schnell gep\u00f6kelte Wurst<\/p>\n<table>\n<tbody>\n<tr>\n<td width=\"151\">US-Rezept<\/td>\n<td width=\"140\">In Gramm p \/kg<\/td>\n<td width=\"168\">EU-Zutaten<\/td>\n<td width=\"145\">In Gramm p\/kg<\/td>\n<\/tr>\n<tr>\n<td width=\"151\">2,5% Salz (unter Ber\u00fccksichtigung von Kur Nr. 1)<\/td>\n<td width=\"140\">23<\/td>\n<td width=\"168\">2,5%iges Nitritsalz<\/td>\n<td width=\"145\">25<\/td>\n<\/tr>\n<tr>\n<td width=\"151\">Heilung #1<\/td>\n<td width=\"140\">2,4<\/td>\n<td width=\"168\"><\/td>\n<td width=\"145\"><\/td>\n<\/tr>\n<\/tbody>\n<\/table>\n<p>Oder Sie lesen die B\u00fccher von Ruhlman &amp; Polcyn.<\/p>\n<p>Beispiel 3 &#8211; Frische hei\u00df ger\u00e4ucherte Wurst<\/p>\n<table>\n<tbody>\n<tr>\n<td width=\"151\">US-Rezept in Gramm p\/kg<\/td>\n<td width=\"168\">EU-Zutaten<\/td>\n<td width=\"145\">In Gramm p\/kg<\/td>\n<\/tr>\n<tr>\n<td width=\"151\">17 g koscheres Salz<\/td>\n<td width=\"168\">2 % Nitritsalz<\/td>\n<td width=\"145\">20<\/td>\n<\/tr>\n<tr>\n<td width=\"151\">2,7 g Aush\u00e4rtung #1<\/td>\n<td width=\"168\"><\/td>\n<td width=\"145\"><\/td>\n<\/tr>\n<\/tbody>\n<\/table>\n<p>Beispiel 4: Coppa, Trockenh\u00e4rtung<\/p>\n<table>\n<tbody>\n<tr>\n<td width=\"151\">US-Rezept in Gramm p\/kg<\/td>\n<td width=\"168\">EU-Zutaten<\/td>\n<td width=\"145\">In Gramm p\/kg<\/td>\n<\/tr>\n<tr>\n<td width=\"151\">55 g koscheres Salz<\/td>\n<td width=\"168\">  5,8 % salvianda<\/td>\n<td width=\"145\">58<\/td>\n<\/tr>\n<tr>\n<td width=\"151\">2,7 g Aush\u00e4rtung #2<\/td>\n<td width=\"168\"><\/td>\n<td width=\"145\"><\/td>\n<\/tr>\n<tr>\n<td width=\"151\"><\/td>\n<td width=\"168\">OR<\/td>\n<td width=\"145\"><\/td>\n<\/tr>\n<tr>\n<td width=\"151\"><\/td>\n<td width=\"168\">5,8 % Nitritsalz<\/td>\n<td width=\"145\"><\/td>\n<\/tr>\n<tr>\n<td width=\"151\"><\/td>\n<td width=\"168\">Ungef\u00e4hr 0,06-0,18 % Kaliumnitrat<\/td>\n<td width=\"145\">0,6-1,8<\/td>\n<\/tr>\n<\/tbody>\n<\/table>\n","protected":false},"excerpt":{"rendered":"<p>In diesem Dokument, das Sie kostenlos herunterladen k\u00f6nnen, erfahren Sie mehr \u00fcber die Funktionen von Nitriten und Nitraten in der Fleischp\u00f6kelung und wie Sie amerikanische Rezepte, in denen die P\u00f6kelung Nr. 1 und Nr. 2 verwendet wird, auf Produkte umstellen k\u00f6nnen, die in der EU erh\u00e4ltlich sind<strong>.<\/strong><\/p>\n","protected":false},"featured_media":23858,"comment_status":"open","ping_status":"closed","template":"","meta":{"_acf_changed":false,"footnotes":""},"product_brand":[],"product_cat":[703],"product_tag":[],"class_list":{"0":"post-25290","1":"product","2":"type-product","3":"status-publish","4":"has-post-thumbnail","6":"product_cat-zusatzstoffe","8":"first","9":"instock","10":"downloadable","11":"virtual","12":"taxable","13":"purchasable","14":"product-type-simple"},"acf":[],"yoast_head":"<!-- This site is optimized with the Yoast SEO plugin v26.6 - https:\/\/yoast.com\/wordpress\/plugins\/seo\/ -->\n<title>Kostenloser Hinweis auf die Umstellung von US-Rezepten f\u00fcr Kur Nr. 1 und 2 auf europ\u00e4ische Zutaten - Startercultures.eu<\/title>\n<meta name=\"description\" content=\"In diesem Dokument erfahren Sie mehr \u00fcber die Funktionen von Nitriten und Nitraten in der Fleischp\u00f6kelung und wie Sie amerikanische Rezepte, in denen die P\u00f6kelung Nr. 1 und Nr. 2 verwendet wird, auf Produkte umstellen k\u00f6nnen, die in der EU erh\u00e4ltlich sind.\" \/>\n<meta name=\"robots\" content=\"index, follow, max-snippet:-1, max-image-preview:large, max-video-preview:-1\" \/>\n<link rel=\"canonical\" href=\"https:\/\/startercultures.eu\/de\/product\/wurstwaren-und-charcuterie-de\/zusatzstoffe\/free-pointer-on-converting-us-cure-1-and-cure-2-recipes-to-with-european-ingredients\/\" \/>\n<meta property=\"og:locale\" content=\"de_DE\" \/>\n<meta property=\"og:type\" content=\"article\" \/>\n<meta property=\"og:title\" content=\"Kostenloser Hinweis auf die Umstellung von US-Rezepten f\u00fcr Kur Nr. 1 und 2 auf europ\u00e4ische Zutaten - Startercultures.eu\" \/>\n<meta property=\"og:description\" content=\"In diesem Dokument erfahren Sie mehr \u00fcber die Funktionen von Nitriten und Nitraten in der Fleischp\u00f6kelung und wie Sie amerikanische Rezepte, in denen die P\u00f6kelung Nr. 1 und Nr. 2 verwendet wird, auf Produkte umstellen k\u00f6nnen, die in der EU erh\u00e4ltlich sind.\" \/>\n<meta property=\"og:url\" content=\"https:\/\/startercultures.eu\/de\/product\/wurstwaren-und-charcuterie-de\/zusatzstoffe\/free-pointer-on-converting-us-cure-1-and-cure-2-recipes-to-with-european-ingredients\/\" \/>\n<meta property=\"og:site_name\" content=\"Startercultures.eu\" \/>\n<meta property=\"article:publisher\" content=\"https:\/\/www.facebook.com\/startercultureseu\" \/>\n<meta property=\"article:modified_time\" content=\"2025-09-02T11:13:49+00:00\" \/>\n<meta property=\"og:image\" content=\"https:\/\/startercultures.eu\/wp-content\/uploads\/2020\/08\/startercultures-eu-nl-logo-rond-rgb.png\" \/>\n\t<meta property=\"og:image:width\" content=\"320\" \/>\n\t<meta property=\"og:image:height\" content=\"320\" \/>\n\t<meta property=\"og:image:type\" content=\"image\/png\" \/>\n<meta name=\"twitter:card\" content=\"summary_large_image\" \/>\n<meta name=\"twitter:label1\" content=\"Price\" \/>\n\t<meta name=\"twitter:data1\" content=\"0,-\" \/>\n\t<meta name=\"twitter:label2\" content=\"Availability\" \/>\n\t<meta name=\"twitter:data2\" content=\"Vorr\u00e4tig\" \/>\n<script type=\"application\/ld+json\" class=\"yoast-schema-graph\">{\"@context\":\"https:\/\/schema.org\",\"@graph\":[{\"@type\":\"WebPage\",\"@id\":\"https:\/\/startercultures.eu\/de\/product\/wurstwaren-und-charcuterie-de\/zusatzstoffe\/free-pointer-on-converting-us-cure-1-and-cure-2-recipes-to-with-european-ingredients\/\",\"url\":\"https:\/\/startercultures.eu\/de\/product\/wurstwaren-und-charcuterie-de\/zusatzstoffe\/free-pointer-on-converting-us-cure-1-and-cure-2-recipes-to-with-european-ingredients\/\",\"name\":\"Kostenloser Hinweis auf die Umstellung von US-Rezepten f\u00fcr Kur Nr. 1 und 2 auf europ\u00e4ische Zutaten - Startercultures.eu\",\"isPartOf\":{\"@id\":\"https:\/\/startercultures.eu\/de\/#website\"},\"primaryImageOfPage\":{\"@id\":\"https:\/\/startercultures.eu\/de\/product\/wurstwaren-und-charcuterie-de\/zusatzstoffe\/free-pointer-on-converting-us-cure-1-and-cure-2-recipes-to-with-european-ingredients\/#primaryimage\"},\"image\":{\"@id\":\"https:\/\/startercultures.eu\/de\/product\/wurstwaren-und-charcuterie-de\/zusatzstoffe\/free-pointer-on-converting-us-cure-1-and-cure-2-recipes-to-with-european-ingredients\/#primaryimage\"},\"thumbnailUrl\":\"https:\/\/startercultures.eu\/wp-content\/uploads\/2020\/08\/startercultures-eu-nl-logo-rond-rgb.png\",\"datePublished\":\"2020-07-31T16:31:56+00:00\",\"dateModified\":\"2025-09-02T11:13:49+00:00\",\"description\":\"In diesem Dokument erfahren Sie mehr \u00fcber die Funktionen von Nitriten und Nitraten in der Fleischp\u00f6kelung und wie Sie amerikanische Rezepte, in denen die P\u00f6kelung Nr. 1 und Nr. 2 verwendet wird, auf Produkte umstellen k\u00f6nnen, die in der EU erh\u00e4ltlich sind.\",\"breadcrumb\":{\"@id\":\"https:\/\/startercultures.eu\/de\/product\/wurstwaren-und-charcuterie-de\/zusatzstoffe\/free-pointer-on-converting-us-cure-1-and-cure-2-recipes-to-with-european-ingredients\/#breadcrumb\"},\"inLanguage\":\"de-DE\",\"potentialAction\":[{\"@type\":\"ReadAction\",\"target\":[\"https:\/\/startercultures.eu\/de\/product\/wurstwaren-und-charcuterie-de\/zusatzstoffe\/free-pointer-on-converting-us-cure-1-and-cure-2-recipes-to-with-european-ingredients\/\"]}]},{\"@type\":\"ImageObject\",\"inLanguage\":\"de-DE\",\"@id\":\"https:\/\/startercultures.eu\/de\/product\/wurstwaren-und-charcuterie-de\/zusatzstoffe\/free-pointer-on-converting-us-cure-1-and-cure-2-recipes-to-with-european-ingredients\/#primaryimage\",\"url\":\"https:\/\/startercultures.eu\/wp-content\/uploads\/2020\/08\/startercultures-eu-nl-logo-rond-rgb.png\",\"contentUrl\":\"https:\/\/startercultures.eu\/wp-content\/uploads\/2020\/08\/startercultures-eu-nl-logo-rond-rgb.png\",\"width\":320,\"height\":320},{\"@type\":\"BreadcrumbList\",\"@id\":\"https:\/\/startercultures.eu\/de\/product\/wurstwaren-und-charcuterie-de\/zusatzstoffe\/free-pointer-on-converting-us-cure-1-and-cure-2-recipes-to-with-european-ingredients\/#breadcrumb\",\"itemListElement\":[{\"@type\":\"ListItem\",\"position\":1,\"name\":\"Home\",\"item\":\"https:\/\/startercultures.eu\/de\/\"},{\"@type\":\"ListItem\",\"position\":2,\"name\":\"Shop\",\"item\":\"https:\/\/startercultures.eu\/shop\/\"},{\"@type\":\"ListItem\",\"position\":3,\"name\":\"Kostenloser Hinweis auf die Umstellung von US-Rezepten f\u00fcr Kur Nr. 1 und 2 auf europ\u00e4ische Zutaten\"}]},{\"@type\":\"WebSite\",\"@id\":\"https:\/\/startercultures.eu\/de\/#website\",\"url\":\"https:\/\/startercultures.eu\/de\/\",\"name\":\"Startercultures.eu\",\"description\":\"Startercultures.eu\",\"publisher\":{\"@id\":\"https:\/\/startercultures.eu\/de\/#organization\"},\"potentialAction\":[{\"@type\":\"SearchAction\",\"target\":{\"@type\":\"EntryPoint\",\"urlTemplate\":\"https:\/\/startercultures.eu\/de\/?s={search_term_string}\"},\"query-input\":{\"@type\":\"PropertyValueSpecification\",\"valueRequired\":true,\"valueName\":\"search_term_string\"}}],\"inLanguage\":\"de-DE\"},{\"@type\":\"Organization\",\"@id\":\"https:\/\/startercultures.eu\/de\/#organization\",\"name\":\"Startercultures.eu\",\"url\":\"https:\/\/startercultures.eu\/de\/\",\"logo\":{\"@type\":\"ImageObject\",\"inLanguage\":\"de-DE\",\"@id\":\"https:\/\/startercultures.eu\/de\/#\/schema\/logo\/image\/\",\"url\":\"https:\/\/startercultures.eu\/wp-content\/uploads\/2020\/08\/startercultures-eu-nl-logo-rond-rgb.png\",\"contentUrl\":\"https:\/\/startercultures.eu\/wp-content\/uploads\/2020\/08\/startercultures-eu-nl-logo-rond-rgb.png\",\"width\":320,\"height\":320,\"caption\":\"Startercultures.eu\"},\"image\":{\"@id\":\"https:\/\/startercultures.eu\/de\/#\/schema\/logo\/image\/\"},\"sameAs\":[\"https:\/\/www.facebook.com\/startercultureseu\",\"https:\/\/www.instagram.com\/startercultures.eu\/\"]}]}<\/script>\n<meta property=\"product:price:amount\" content=\"0.00\" \/>\n<meta property=\"product:price:currency\" content=\"EUR\" \/>\n<meta property=\"og:availability\" content=\"instock\" \/>\n<meta property=\"product:availability\" content=\"instock\" \/>\n<meta property=\"product:retailer_item_id\" content=\"390\" \/>\n<meta property=\"product:condition\" content=\"new\" \/>\n<!-- \/ Yoast SEO plugin. -->","yoast_head_json":{"title":"Kostenloser Hinweis auf die Umstellung von US-Rezepten f\u00fcr Kur Nr. 1 und 2 auf europ\u00e4ische Zutaten - Startercultures.eu","description":"In diesem Dokument erfahren Sie mehr \u00fcber die Funktionen von Nitriten und Nitraten in der Fleischp\u00f6kelung und wie Sie amerikanische Rezepte, in denen die P\u00f6kelung Nr. 1 und Nr. 2 verwendet wird, auf Produkte umstellen k\u00f6nnen, die in der EU erh\u00e4ltlich sind.","robots":{"index":"index","follow":"follow","max-snippet":"max-snippet:-1","max-image-preview":"max-image-preview:large","max-video-preview":"max-video-preview:-1"},"canonical":"https:\/\/startercultures.eu\/de\/product\/wurstwaren-und-charcuterie-de\/zusatzstoffe\/free-pointer-on-converting-us-cure-1-and-cure-2-recipes-to-with-european-ingredients\/","og_locale":"de_DE","og_type":"article","og_title":"Kostenloser Hinweis auf die Umstellung von US-Rezepten f\u00fcr Kur Nr. 1 und 2 auf europ\u00e4ische Zutaten - Startercultures.eu","og_description":"In diesem Dokument erfahren Sie mehr \u00fcber die Funktionen von Nitriten und Nitraten in der Fleischp\u00f6kelung und wie Sie amerikanische Rezepte, in denen die P\u00f6kelung Nr. 1 und Nr. 2 verwendet wird, auf Produkte umstellen k\u00f6nnen, die in der EU erh\u00e4ltlich sind.","og_url":"https:\/\/startercultures.eu\/de\/product\/wurstwaren-und-charcuterie-de\/zusatzstoffe\/free-pointer-on-converting-us-cure-1-and-cure-2-recipes-to-with-european-ingredients\/","og_site_name":"Startercultures.eu","article_publisher":"https:\/\/www.facebook.com\/startercultureseu","article_modified_time":"2025-09-02T11:13:49+00:00","og_image":[{"width":320,"height":320,"url":"https:\/\/startercultures.eu\/wp-content\/uploads\/2020\/08\/startercultures-eu-nl-logo-rond-rgb.png","type":"image\/png"}],"twitter_card":"summary_large_image","twitter_misc":{"Price":"0,-","Availability":"Vorr\u00e4tig"},"schema":{"@context":"https:\/\/schema.org","@graph":[{"@type":"WebPage","@id":"https:\/\/startercultures.eu\/de\/product\/wurstwaren-und-charcuterie-de\/zusatzstoffe\/free-pointer-on-converting-us-cure-1-and-cure-2-recipes-to-with-european-ingredients\/","url":"https:\/\/startercultures.eu\/de\/product\/wurstwaren-und-charcuterie-de\/zusatzstoffe\/free-pointer-on-converting-us-cure-1-and-cure-2-recipes-to-with-european-ingredients\/","name":"Kostenloser Hinweis auf die Umstellung von US-Rezepten f\u00fcr Kur Nr. 1 und 2 auf europ\u00e4ische Zutaten - Startercultures.eu","isPartOf":{"@id":"https:\/\/startercultures.eu\/de\/#website"},"primaryImageOfPage":{"@id":"https:\/\/startercultures.eu\/de\/product\/wurstwaren-und-charcuterie-de\/zusatzstoffe\/free-pointer-on-converting-us-cure-1-and-cure-2-recipes-to-with-european-ingredients\/#primaryimage"},"image":{"@id":"https:\/\/startercultures.eu\/de\/product\/wurstwaren-und-charcuterie-de\/zusatzstoffe\/free-pointer-on-converting-us-cure-1-and-cure-2-recipes-to-with-european-ingredients\/#primaryimage"},"thumbnailUrl":"https:\/\/startercultures.eu\/wp-content\/uploads\/2020\/08\/startercultures-eu-nl-logo-rond-rgb.png","datePublished":"2020-07-31T16:31:56+00:00","dateModified":"2025-09-02T11:13:49+00:00","description":"In diesem Dokument erfahren Sie mehr \u00fcber die Funktionen von Nitriten und Nitraten in der Fleischp\u00f6kelung und wie Sie amerikanische Rezepte, in denen die P\u00f6kelung Nr. 1 und Nr. 2 verwendet wird, auf Produkte umstellen k\u00f6nnen, die in der EU erh\u00e4ltlich sind.","breadcrumb":{"@id":"https:\/\/startercultures.eu\/de\/product\/wurstwaren-und-charcuterie-de\/zusatzstoffe\/free-pointer-on-converting-us-cure-1-and-cure-2-recipes-to-with-european-ingredients\/#breadcrumb"},"inLanguage":"de-DE","potentialAction":[{"@type":"ReadAction","target":["https:\/\/startercultures.eu\/de\/product\/wurstwaren-und-charcuterie-de\/zusatzstoffe\/free-pointer-on-converting-us-cure-1-and-cure-2-recipes-to-with-european-ingredients\/"]}]},{"@type":"ImageObject","inLanguage":"de-DE","@id":"https:\/\/startercultures.eu\/de\/product\/wurstwaren-und-charcuterie-de\/zusatzstoffe\/free-pointer-on-converting-us-cure-1-and-cure-2-recipes-to-with-european-ingredients\/#primaryimage","url":"https:\/\/startercultures.eu\/wp-content\/uploads\/2020\/08\/startercultures-eu-nl-logo-rond-rgb.png","contentUrl":"https:\/\/startercultures.eu\/wp-content\/uploads\/2020\/08\/startercultures-eu-nl-logo-rond-rgb.png","width":320,"height":320},{"@type":"BreadcrumbList","@id":"https:\/\/startercultures.eu\/de\/product\/wurstwaren-und-charcuterie-de\/zusatzstoffe\/free-pointer-on-converting-us-cure-1-and-cure-2-recipes-to-with-european-ingredients\/#breadcrumb","itemListElement":[{"@type":"ListItem","position":1,"name":"Home","item":"https:\/\/startercultures.eu\/de\/"},{"@type":"ListItem","position":2,"name":"Shop","item":"https:\/\/startercultures.eu\/shop\/"},{"@type":"ListItem","position":3,"name":"Kostenloser Hinweis auf die Umstellung von US-Rezepten f\u00fcr Kur Nr. 1 und 2 auf europ\u00e4ische Zutaten"}]},{"@type":"WebSite","@id":"https:\/\/startercultures.eu\/de\/#website","url":"https:\/\/startercultures.eu\/de\/","name":"Startercultures.eu","description":"Startercultures.eu","publisher":{"@id":"https:\/\/startercultures.eu\/de\/#organization"},"potentialAction":[{"@type":"SearchAction","target":{"@type":"EntryPoint","urlTemplate":"https:\/\/startercultures.eu\/de\/?s={search_term_string}"},"query-input":{"@type":"PropertyValueSpecification","valueRequired":true,"valueName":"search_term_string"}}],"inLanguage":"de-DE"},{"@type":"Organization","@id":"https:\/\/startercultures.eu\/de\/#organization","name":"Startercultures.eu","url":"https:\/\/startercultures.eu\/de\/","logo":{"@type":"ImageObject","inLanguage":"de-DE","@id":"https:\/\/startercultures.eu\/de\/#\/schema\/logo\/image\/","url":"https:\/\/startercultures.eu\/wp-content\/uploads\/2020\/08\/startercultures-eu-nl-logo-rond-rgb.png","contentUrl":"https:\/\/startercultures.eu\/wp-content\/uploads\/2020\/08\/startercultures-eu-nl-logo-rond-rgb.png","width":320,"height":320,"caption":"Startercultures.eu"},"image":{"@id":"https:\/\/startercultures.eu\/de\/#\/schema\/logo\/image\/"},"sameAs":["https:\/\/www.facebook.com\/startercultureseu","https:\/\/www.instagram.com\/startercultures.eu\/"]}]},"product_price_amount":"0.00","product_price_currency":"EUR","og_availability":"instock","product_availability":"instock","product_retailer_item_id":"390","product_condition":"new"},"_links":{"self":[{"href":"https:\/\/startercultures.eu\/de\/wp-json\/wp\/v2\/product\/25290","targetHints":{"allow":["GET"]}}],"collection":[{"href":"https:\/\/startercultures.eu\/de\/wp-json\/wp\/v2\/product"}],"about":[{"href":"https:\/\/startercultures.eu\/de\/wp-json\/wp\/v2\/types\/product"}],"replies":[{"embeddable":true,"href":"https:\/\/startercultures.eu\/de\/wp-json\/wp\/v2\/comments?post=25290"}],"version-history":[{"count":0,"href":"https:\/\/startercultures.eu\/de\/wp-json\/wp\/v2\/product\/25290\/revisions"}],"wp:featuredmedia":[{"embeddable":true,"href":"https:\/\/startercultures.eu\/de\/wp-json\/wp\/v2\/media\/23858"}],"wp:attachment":[{"href":"https:\/\/startercultures.eu\/de\/wp-json\/wp\/v2\/media?parent=25290"}],"wp:term":[{"taxonomy":"product_brand","embeddable":true,"href":"https:\/\/startercultures.eu\/de\/wp-json\/wp\/v2\/product_brand?post=25290"},{"taxonomy":"product_cat","embeddable":true,"href":"https:\/\/startercultures.eu\/de\/wp-json\/wp\/v2\/product_cat?post=25290"},{"taxonomy":"product_tag","embeddable":true,"href":"https:\/\/startercultures.eu\/de\/wp-json\/wp\/v2\/product_tag?post=25290"}],"curies":[{"name":"wp","href":"https:\/\/api.w.org\/{rel}","templated":true}]}}