{"id":26981,"date":"2022-08-03T13:16:15","date_gmt":"2022-08-03T11:16:15","guid":{"rendered":"https:\/\/startercultures.eu\/?post_type=product&#038;p=26981"},"modified":"2026-05-06T17:03:29","modified_gmt":"2026-05-06T15:03:29","slug":"transparenter-kaseuberzug-fur-die-heimische-kaseherstellung","status":"publish","type":"product","link":"https:\/\/startercultures.eu\/de\/product\/fermentation-de\/molkerei\/kase\/werkzeuge-de\/transparenter-kaseuberzug-fur-die-heimische-kaseherstellung\/","title":{"rendered":"Transparente K\u00e4sebeschichtung | f\u00fcr die K\u00e4seherstellung zu Hause"},"content":{"rendered":"<p>Transparenter K\u00e4se\u00fcberzug auf Basis einer Copolymerdispersion in Wasser. Geeignet f\u00fcr Rinden von allen Hart- und Schnittk\u00e4sesorten.<\/p>\n<h3>Vorteile der Verwendung einer K\u00e4seummantelung<\/h3>\n<ul>\n<li>ein K\u00e4se\u00fcberzug hilft, Schimmel und Hefe zu verhindern<\/li>\n<li>verhindert Gewichtsverlust w\u00e4hrend der Lagerung<\/li>\n<li>bietet Schutz vor Sch\u00e4den<\/li>\n<li>L\u00e4sst den K\u00e4se w\u00e4hrend der Reifung atmen und sch\u00fctzt ihn vor \u00fcberm\u00e4\u00dfigem Austrocknen, Schimmel, Fremdk\u00f6rpern und Keimen<\/li>\n<\/ul>\n<h3>Vorteile der Verwendung einer transparenten K\u00e4sebeschichtung<\/h3>\n<ul>\n<li>Zeigt die echte Farbe des K\u00e4ses! Warum diese falschen, seltsamen roten und gelben Farben verwenden, die den unschuldigen K\u00e4seliebhaber blenden?! Ihr K\u00e4se ist sch\u00f6n, wie er ist, und dieser \u00dcberzug wird das provokant zeigen.<\/li>\n<\/ul>\n<h3>Inhalt<\/h3>\n<ul>\n<li>100 gr<\/li>\n<li>Farbe: transparent<\/li>\n<li>Typ: Copolymer-Dispersion<\/li>\n<li>Minimale Verformungstemperatur: 6-7 \u00b0 C<\/li>\n<\/ul>\n<h3>Wie wird diese transparente K\u00e4sebeschichtung verwendet?<\/h3>\n<ol>\n<li>Verwenden Sie unseren <a href=\"https:\/\/startercultures.eu\/de\/product\/fermentation-de\/molkerei\/veganer-kase\/pinsel-zum-auftragen-von-kaseummantelung\/\" target=\"_blank\" rel=\"noopener\">K\u00e4sepinsel<\/a>, um die transparente K\u00e4seschicht sowohl auf der Oberseite als auch auf den Seiten des K\u00e4ses aufzutragen.<\/li>\n<li>Die Trocknungszeit h\u00e4ngt von der Temperatur und der relativen Luftfeuchtigkeit im Lagerraum ab. In der Regel dauert es 24 Stunden, bis es getrocknet ist.<\/li>\n<li>Wiederholen Sie den Vorgang auf der anderen Seite des K\u00e4ses. Je nach K\u00e4sesorte und Lagerdauer kann nach einer Woche eine zweite und dritte Schicht erforderlich sein.<\/li>\n<li>Verd\u00fcnnen Sie den transparenten K\u00e4selack nicht.<\/li>\n<li>Die transparente K\u00e4seschicht kann auch als Schutzschicht zwischen Ihrem K\u00e4se und dem K\u00e4sewachs aufgetragen werden. Warten Sie, bis sie trocken ist, bevor Sie das Wachs auftragen.<\/li>\n<\/ol>\n<h3>Lagerung<\/h3>\n<ul>\n<li>In geschlossenen Beh\u00e4ltern bei einer Temperatur von 5 bis 25 \u00b0 C (vorzugsweise 10-15 \u00b0 C), vor Sonnenlicht gesch\u00fctzt, niemals im Gefrierschrank lagern.<\/li>\n<li>Die Aufbewahrungsfrist betr\u00e4gt mindestens 6 Monate nach der Herstellung (Datum auf der Verpackung), in Wirklichkeit aber viel, viel l\u00e4nger.<\/li>\n<\/ul>\n<h3>Online-Workshop &#8220;Veganen K\u00e4se zu Hause herstellen&#8221; (mit Untertiteln)<\/h3>\n<p>In <a href=\"https:\/\/startercultures.eu\/de\/product\/vegan-de\/vegane-milchprodukte\/online-englisch-untertitelt-veganer-kase-workshop\/\" target=\"_blank\" rel=\"noopener\">diesem Workshop mit englischen Untertiteln<\/a> lernen Sie die Theorie und Praxis der Herstellung von veganem K\u00e4se<img decoding=\"async\" class=\"lazyload  wp-image-24266 alignright\" src=\"https:\/\/startercultures.eu\/wp-content\/uploads\/2021\/06\/Vegan-cheese-starter-kit-300x222.png\" data-orig-src=\"https:\/\/startercultures.eu\/wp-content\/uploads\/2021\/06\/Vegan-cheese-starter-kit-300x222.png\" alt=\"Veganes Blauschimmelk\u00e4se Starterkultur Kit\" width=\"219\" height=\"162\" srcset=\"data:image\/svg+xml,%3Csvg%20xmlns%3D%27http%3A%2F%2Fwww.w3.org%2F2000%2Fsvg%27%20width%3D%27219%27%20height%3D%27162%27%20viewBox%3D%270%200%20219%20162%27%3E%3Crect%20width%3D%27219%27%20height%3D%27162%27%20fill-opacity%3D%220%22%2F%3E%3C%2Fsvg%3E\" data-srcset=\"https:\/\/startercultures.eu\/wp-content\/uploads\/2021\/06\/Vegan-cheese-starter-kit-200x148.png 200w, https:\/\/startercultures.eu\/wp-content\/uploads\/2021\/06\/Vegan-cheese-starter-kit-300x222.png 300w, https:\/\/startercultures.eu\/wp-content\/uploads\/2021\/06\/Vegan-cheese-starter-kit-400x296.png 400w, https:\/\/startercultures.eu\/wp-content\/uploads\/2021\/06\/Vegan-cheese-starter-kit-500x370.png 500w, https:\/\/startercultures.eu\/wp-content\/uploads\/2021\/06\/Vegan-cheese-starter-kit-600x445.png 600w, https:\/\/startercultures.eu\/wp-content\/uploads\/2021\/06\/Vegan-cheese-starter-kit-700x519.png 700w, https:\/\/startercultures.eu\/wp-content\/uploads\/2021\/06\/Vegan-cheese-starter-kit-768x569.png 768w, https:\/\/startercultures.eu\/wp-content\/uploads\/2021\/06\/Vegan-cheese-starter-kit-800x593.png 800w, https:\/\/startercultures.eu\/wp-content\/uploads\/2021\/06\/Vegan-cheese-starter-kit-1024x759.png 1024w, https:\/\/startercultures.eu\/wp-content\/uploads\/2021\/06\/Vegan-cheese-starter-kit.png 1200w\" data-sizes=\"auto\" data-orig-sizes=\"(max-width: 219px) 100vw, 219px\" \/>s zu Hause, wobei der Schwerpunkt auf veganem Camembert und veganem Blauschimmelk\u00e4se liegt. Foodwriter<a href=\"https:\/\/wateetons.com\/\" target=\"_blank\" rel=\"noopener\">&#8216;Meneer Wateetons&#8217;<\/a>, Autor mehrerer B\u00fccher \u00fcber Fermentierung und alternative Lebensmittelzubereitungstechniken, wird Ihnen alles \u00fcber Fermentierung, P\u00f6kelsalze, Lebensmittelsicherheit, pH-Wert, Starterkulturen, Schimmelpilze und Trocknungsbedingungen beibringen. Klicken Sie <a href=\"https:\/\/startercultures.eu\/de\/product\/vegan-de\/vegane-milchprodukte\/online-englisch-untertitelt-veganer-kase-workshop\/\" target=\"_blank\" rel=\"noopener\">hier<\/a> f\u00fcr weitere Informationen.<\/p>\n","protected":false},"excerpt":{"rendered":"<p>Diese transparente K\u00e4sebeschichtung zeigt die wahre Farbe des K\u00e4ses! Verwenden Sie nicht diese falschen, seltsamen rosa und gelben Farben, die den unschuldigen K\u00e4seliebhaber blenden. <b><i>| SALE (best before 6-26)<\/i><\/b><\/p>\n","protected":false},"featured_media":27067,"comment_status":"open","ping_status":"closed","template":"","meta":{"_acf_changed":false,"footnotes":""},"product_brand":[],"product_cat":[694,654,656],"product_tag":[],"class_list":{"0":"post-26981","1":"product","2":"type-product","3":"status-publish","4":"has-post-thumbnail","6":"product_cat-beschichtung","7":"product_cat-outlet","8":"product_cat-werkzeuge-de","9":"product_shipping_class-klein-pakket-de","11":"first","12":"instock","13":"sale","14":"featured","15":"taxable","16":"shipping-taxable","17":"purchasable","18":"product-type-simple"},"acf":[],"yoast_head":"<!-- This site is optimized with the Yoast SEO plugin v26.6 - https:\/\/yoast.com\/wordpress\/plugins\/seo\/ -->\n<title>Transparente K\u00e4sebeschichtung | Startercultures.eu<\/title>\n<meta name=\"description\" content=\"Diese transparente K\u00e4sebeschichtung zeigt die wahre Farbe des K\u00e4ses! Verwenden Sie nicht diese falschen, seltsamen rosa und gelben Farben, die den unschuldigen K\u00e4seliebhaber blenden.\" \/>\n<meta name=\"robots\" content=\"index, follow, max-snippet:-1, max-image-preview:large, max-video-preview:-1\" \/>\n<link rel=\"canonical\" href=\"https:\/\/startercultures.eu\/de\/product\/fermentation-de\/molkerei\/kase\/werkzeuge-de\/transparenter-kaseuberzug-fur-die-heimische-kaseherstellung\/\" \/>\n<meta property=\"og:locale\" content=\"de_DE\" \/>\n<meta property=\"og:type\" content=\"article\" \/>\n<meta property=\"og:title\" content=\"Transparente K\u00e4sebeschichtung | Startercultures.eu\" \/>\n<meta property=\"og:description\" content=\"Diese transparente K\u00e4sebeschichtung zeigt die wahre Farbe des K\u00e4ses! Verwenden Sie nicht diese falschen, seltsamen rosa und gelben Farben, die den unschuldigen K\u00e4seliebhaber blenden.\" \/>\n<meta property=\"og:url\" content=\"https:\/\/startercultures.eu\/de\/product\/fermentation-de\/molkerei\/kase\/werkzeuge-de\/transparenter-kaseuberzug-fur-die-heimische-kaseherstellung\/\" \/>\n<meta property=\"og:site_name\" content=\"Startercultures.eu\" \/>\n<meta property=\"article:publisher\" content=\"https:\/\/www.facebook.com\/startercultureseu\" \/>\n<meta property=\"article:modified_time\" content=\"2026-05-06T15:03:29+00:00\" \/>\n<meta property=\"og:image\" content=\"https:\/\/startercultures.eu\/wp-content\/uploads\/2022\/08\/Cheese-coating-transparent-100-g-2.png\" \/>\n\t<meta property=\"og:image:width\" content=\"1000\" \/>\n\t<meta property=\"og:image:height\" content=\"1000\" \/>\n\t<meta property=\"og:image:type\" content=\"image\/png\" \/>\n<meta name=\"twitter:card\" content=\"summary_large_image\" \/>\n<meta name=\"twitter:label1\" content=\"Price\" \/>\n\t<meta name=\"twitter:data1\" content=\"5,99\" \/>\n\t<meta name=\"twitter:label2\" content=\"Availability\" \/>\n\t<meta name=\"twitter:data2\" content=\"Vorr\u00e4tig\" \/>\n<script type=\"application\/ld+json\" class=\"yoast-schema-graph\">{\"@context\":\"https:\/\/schema.org\",\"@graph\":[{\"@type\":\"WebPage\",\"@id\":\"https:\/\/startercultures.eu\/de\/product\/fermentation-de\/molkerei\/kase\/werkzeuge-de\/transparenter-kaseuberzug-fur-die-heimische-kaseherstellung\/\",\"url\":\"https:\/\/startercultures.eu\/de\/product\/fermentation-de\/molkerei\/kase\/werkzeuge-de\/transparenter-kaseuberzug-fur-die-heimische-kaseherstellung\/\",\"name\":\"Transparente K\u00e4sebeschichtung | Startercultures.eu\",\"isPartOf\":{\"@id\":\"https:\/\/startercultures.eu\/de\/#website\"},\"primaryImageOfPage\":{\"@id\":\"https:\/\/startercultures.eu\/de\/product\/fermentation-de\/molkerei\/kase\/werkzeuge-de\/transparenter-kaseuberzug-fur-die-heimische-kaseherstellung\/#primaryimage\"},\"image\":{\"@id\":\"https:\/\/startercultures.eu\/de\/product\/fermentation-de\/molkerei\/kase\/werkzeuge-de\/transparenter-kaseuberzug-fur-die-heimische-kaseherstellung\/#primaryimage\"},\"thumbnailUrl\":\"https:\/\/startercultures.eu\/wp-content\/uploads\/2022\/08\/Cheese-coating-transparent-100-g-2.png\",\"datePublished\":\"2022-08-03T11:16:15+00:00\",\"dateModified\":\"2026-05-06T15:03:29+00:00\",\"description\":\"Diese transparente K\u00e4sebeschichtung zeigt die wahre Farbe des K\u00e4ses! Verwenden Sie nicht diese falschen, seltsamen rosa und gelben Farben, die den unschuldigen K\u00e4seliebhaber blenden.\",\"breadcrumb\":{\"@id\":\"https:\/\/startercultures.eu\/de\/product\/fermentation-de\/molkerei\/kase\/werkzeuge-de\/transparenter-kaseuberzug-fur-die-heimische-kaseherstellung\/#breadcrumb\"},\"inLanguage\":\"de-DE\",\"potentialAction\":[{\"@type\":\"ReadAction\",\"target\":[\"https:\/\/startercultures.eu\/de\/product\/fermentation-de\/molkerei\/kase\/werkzeuge-de\/transparenter-kaseuberzug-fur-die-heimische-kaseherstellung\/\"]}]},{\"@type\":\"ImageObject\",\"inLanguage\":\"de-DE\",\"@id\":\"https:\/\/startercultures.eu\/de\/product\/fermentation-de\/molkerei\/kase\/werkzeuge-de\/transparenter-kaseuberzug-fur-die-heimische-kaseherstellung\/#primaryimage\",\"url\":\"https:\/\/startercultures.eu\/wp-content\/uploads\/2022\/08\/Cheese-coating-transparent-100-g-2.png\",\"contentUrl\":\"https:\/\/startercultures.eu\/wp-content\/uploads\/2022\/08\/Cheese-coating-transparent-100-g-2.png\",\"width\":1000,\"height\":1000},{\"@type\":\"BreadcrumbList\",\"@id\":\"https:\/\/startercultures.eu\/de\/product\/fermentation-de\/molkerei\/kase\/werkzeuge-de\/transparenter-kaseuberzug-fur-die-heimische-kaseherstellung\/#breadcrumb\",\"itemListElement\":[{\"@type\":\"ListItem\",\"position\":1,\"name\":\"Home\",\"item\":\"https:\/\/startercultures.eu\/de\/\"},{\"@type\":\"ListItem\",\"position\":2,\"name\":\"Shop\",\"item\":\"https:\/\/startercultures.eu\/shop\/\"},{\"@type\":\"ListItem\",\"position\":3,\"name\":\"Transparente K\u00e4sebeschichtung | f\u00fcr die K\u00e4seherstellung zu Hause\"}]},{\"@type\":\"WebSite\",\"@id\":\"https:\/\/startercultures.eu\/de\/#website\",\"url\":\"https:\/\/startercultures.eu\/de\/\",\"name\":\"Startercultures.eu\",\"description\":\"Startercultures.eu\",\"publisher\":{\"@id\":\"https:\/\/startercultures.eu\/de\/#organization\"},\"potentialAction\":[{\"@type\":\"SearchAction\",\"target\":{\"@type\":\"EntryPoint\",\"urlTemplate\":\"https:\/\/startercultures.eu\/de\/?s={search_term_string}\"},\"query-input\":{\"@type\":\"PropertyValueSpecification\",\"valueRequired\":true,\"valueName\":\"search_term_string\"}}],\"inLanguage\":\"de-DE\"},{\"@type\":\"Organization\",\"@id\":\"https:\/\/startercultures.eu\/de\/#organization\",\"name\":\"Startercultures.eu\",\"url\":\"https:\/\/startercultures.eu\/de\/\",\"logo\":{\"@type\":\"ImageObject\",\"inLanguage\":\"de-DE\",\"@id\":\"https:\/\/startercultures.eu\/de\/#\/schema\/logo\/image\/\",\"url\":\"https:\/\/startercultures.eu\/wp-content\/uploads\/2020\/08\/startercultures-eu-nl-logo-rond-rgb.png\",\"contentUrl\":\"https:\/\/startercultures.eu\/wp-content\/uploads\/2020\/08\/startercultures-eu-nl-logo-rond-rgb.png\",\"width\":320,\"height\":320,\"caption\":\"Startercultures.eu\"},\"image\":{\"@id\":\"https:\/\/startercultures.eu\/de\/#\/schema\/logo\/image\/\"},\"sameAs\":[\"https:\/\/www.facebook.com\/startercultureseu\",\"https:\/\/www.instagram.com\/startercultures.eu\/\"],\"hasMerchantReturnPolicy\":{\"@type\":\"MerchantReturnPolicy\",\"merchantReturnLink\":\"https:\/\/startercultures.eu\/return-policy\/\"}}]}<\/script>\n<meta property=\"product:price:amount\" content=\"5.99\" \/>\n<meta property=\"product:price:currency\" content=\"EUR\" \/>\n<meta property=\"og:availability\" content=\"instock\" \/>\n<meta property=\"product:availability\" content=\"instock\" \/>\n<meta property=\"product:retailer_item_id\" content=\"284\" \/>\n<meta property=\"product:condition\" content=\"new\" \/>\n<!-- \/ Yoast SEO plugin. -->","yoast_head_json":{"title":"Transparente K\u00e4sebeschichtung | Startercultures.eu","description":"Diese transparente K\u00e4sebeschichtung zeigt die wahre Farbe des K\u00e4ses! Verwenden Sie nicht diese falschen, seltsamen rosa und gelben Farben, die den unschuldigen K\u00e4seliebhaber blenden.","robots":{"index":"index","follow":"follow","max-snippet":"max-snippet:-1","max-image-preview":"max-image-preview:large","max-video-preview":"max-video-preview:-1"},"canonical":"https:\/\/startercultures.eu\/de\/product\/fermentation-de\/molkerei\/kase\/werkzeuge-de\/transparenter-kaseuberzug-fur-die-heimische-kaseherstellung\/","og_locale":"de_DE","og_type":"article","og_title":"Transparente K\u00e4sebeschichtung | Startercultures.eu","og_description":"Diese transparente K\u00e4sebeschichtung zeigt die wahre Farbe des K\u00e4ses! Verwenden Sie nicht diese falschen, seltsamen rosa und gelben Farben, die den unschuldigen K\u00e4seliebhaber blenden.","og_url":"https:\/\/startercultures.eu\/de\/product\/fermentation-de\/molkerei\/kase\/werkzeuge-de\/transparenter-kaseuberzug-fur-die-heimische-kaseherstellung\/","og_site_name":"Startercultures.eu","article_publisher":"https:\/\/www.facebook.com\/startercultureseu","article_modified_time":"2026-05-06T15:03:29+00:00","og_image":[{"width":1000,"height":1000,"url":"https:\/\/startercultures.eu\/wp-content\/uploads\/2022\/08\/Cheese-coating-transparent-100-g-2.png","type":"image\/png"}],"twitter_card":"summary_large_image","twitter_misc":{"Price":"5,99","Availability":"Vorr\u00e4tig"},"schema":{"@context":"https:\/\/schema.org","@graph":[{"@type":"WebPage","@id":"https:\/\/startercultures.eu\/de\/product\/fermentation-de\/molkerei\/kase\/werkzeuge-de\/transparenter-kaseuberzug-fur-die-heimische-kaseherstellung\/","url":"https:\/\/startercultures.eu\/de\/product\/fermentation-de\/molkerei\/kase\/werkzeuge-de\/transparenter-kaseuberzug-fur-die-heimische-kaseherstellung\/","name":"Transparente K\u00e4sebeschichtung | Startercultures.eu","isPartOf":{"@id":"https:\/\/startercultures.eu\/de\/#website"},"primaryImageOfPage":{"@id":"https:\/\/startercultures.eu\/de\/product\/fermentation-de\/molkerei\/kase\/werkzeuge-de\/transparenter-kaseuberzug-fur-die-heimische-kaseherstellung\/#primaryimage"},"image":{"@id":"https:\/\/startercultures.eu\/de\/product\/fermentation-de\/molkerei\/kase\/werkzeuge-de\/transparenter-kaseuberzug-fur-die-heimische-kaseherstellung\/#primaryimage"},"thumbnailUrl":"https:\/\/startercultures.eu\/wp-content\/uploads\/2022\/08\/Cheese-coating-transparent-100-g-2.png","datePublished":"2022-08-03T11:16:15+00:00","dateModified":"2026-05-06T15:03:29+00:00","description":"Diese transparente K\u00e4sebeschichtung zeigt die wahre Farbe des K\u00e4ses! Verwenden Sie nicht diese falschen, seltsamen rosa und gelben Farben, die den unschuldigen K\u00e4seliebhaber blenden.","breadcrumb":{"@id":"https:\/\/startercultures.eu\/de\/product\/fermentation-de\/molkerei\/kase\/werkzeuge-de\/transparenter-kaseuberzug-fur-die-heimische-kaseherstellung\/#breadcrumb"},"inLanguage":"de-DE","potentialAction":[{"@type":"ReadAction","target":["https:\/\/startercultures.eu\/de\/product\/fermentation-de\/molkerei\/kase\/werkzeuge-de\/transparenter-kaseuberzug-fur-die-heimische-kaseherstellung\/"]}]},{"@type":"ImageObject","inLanguage":"de-DE","@id":"https:\/\/startercultures.eu\/de\/product\/fermentation-de\/molkerei\/kase\/werkzeuge-de\/transparenter-kaseuberzug-fur-die-heimische-kaseherstellung\/#primaryimage","url":"https:\/\/startercultures.eu\/wp-content\/uploads\/2022\/08\/Cheese-coating-transparent-100-g-2.png","contentUrl":"https:\/\/startercultures.eu\/wp-content\/uploads\/2022\/08\/Cheese-coating-transparent-100-g-2.png","width":1000,"height":1000},{"@type":"BreadcrumbList","@id":"https:\/\/startercultures.eu\/de\/product\/fermentation-de\/molkerei\/kase\/werkzeuge-de\/transparenter-kaseuberzug-fur-die-heimische-kaseherstellung\/#breadcrumb","itemListElement":[{"@type":"ListItem","position":1,"name":"Home","item":"https:\/\/startercultures.eu\/de\/"},{"@type":"ListItem","position":2,"name":"Shop","item":"https:\/\/startercultures.eu\/shop\/"},{"@type":"ListItem","position":3,"name":"Transparente K\u00e4sebeschichtung | f\u00fcr die K\u00e4seherstellung zu Hause"}]},{"@type":"WebSite","@id":"https:\/\/startercultures.eu\/de\/#website","url":"https:\/\/startercultures.eu\/de\/","name":"Startercultures.eu","description":"Startercultures.eu","publisher":{"@id":"https:\/\/startercultures.eu\/de\/#organization"},"potentialAction":[{"@type":"SearchAction","target":{"@type":"EntryPoint","urlTemplate":"https:\/\/startercultures.eu\/de\/?s={search_term_string}"},"query-input":{"@type":"PropertyValueSpecification","valueRequired":true,"valueName":"search_term_string"}}],"inLanguage":"de-DE"},{"@type":"Organization","@id":"https:\/\/startercultures.eu\/de\/#organization","name":"Startercultures.eu","url":"https:\/\/startercultures.eu\/de\/","logo":{"@type":"ImageObject","inLanguage":"de-DE","@id":"https:\/\/startercultures.eu\/de\/#\/schema\/logo\/image\/","url":"https:\/\/startercultures.eu\/wp-content\/uploads\/2020\/08\/startercultures-eu-nl-logo-rond-rgb.png","contentUrl":"https:\/\/startercultures.eu\/wp-content\/uploads\/2020\/08\/startercultures-eu-nl-logo-rond-rgb.png","width":320,"height":320,"caption":"Startercultures.eu"},"image":{"@id":"https:\/\/startercultures.eu\/de\/#\/schema\/logo\/image\/"},"sameAs":["https:\/\/www.facebook.com\/startercultureseu","https:\/\/www.instagram.com\/startercultures.eu\/"],"hasMerchantReturnPolicy":{"@type":"MerchantReturnPolicy","merchantReturnLink":"https:\/\/startercultures.eu\/return-policy\/"}}]},"product_price_amount":"5.99","product_price_currency":"EUR","og_availability":"instock","product_availability":"instock","product_retailer_item_id":"284","product_condition":"new"},"_links":{"self":[{"href":"https:\/\/startercultures.eu\/de\/wp-json\/wp\/v2\/product\/26981","targetHints":{"allow":["GET"]}}],"collection":[{"href":"https:\/\/startercultures.eu\/de\/wp-json\/wp\/v2\/product"}],"about":[{"href":"https:\/\/startercultures.eu\/de\/wp-json\/wp\/v2\/types\/product"}],"replies":[{"embeddable":true,"href":"https:\/\/startercultures.eu\/de\/wp-json\/wp\/v2\/comments?post=26981"}],"version-history":[{"count":5,"href":"https:\/\/startercultures.eu\/de\/wp-json\/wp\/v2\/product\/26981\/revisions"}],"predecessor-version":[{"id":85422,"href":"https:\/\/startercultures.eu\/de\/wp-json\/wp\/v2\/product\/26981\/revisions\/85422"}],"wp:featuredmedia":[{"embeddable":true,"href":"https:\/\/startercultures.eu\/de\/wp-json\/wp\/v2\/media\/27067"}],"wp:attachment":[{"href":"https:\/\/startercultures.eu\/de\/wp-json\/wp\/v2\/media?parent=26981"}],"wp:term":[{"taxonomy":"product_brand","embeddable":true,"href":"https:\/\/startercultures.eu\/de\/wp-json\/wp\/v2\/product_brand?post=26981"},{"taxonomy":"product_cat","embeddable":true,"href":"https:\/\/startercultures.eu\/de\/wp-json\/wp\/v2\/product_cat?post=26981"},{"taxonomy":"product_tag","embeddable":true,"href":"https:\/\/startercultures.eu\/de\/wp-json\/wp\/v2\/product_tag?post=26981"}],"curies":[{"name":"wp","href":"https:\/\/api.w.org\/{rel}","templated":true}]}}