{"id":27069,"date":"2022-06-10T15:54:44","date_gmt":"2022-06-10T13:54:44","guid":{"rendered":"https:\/\/startercultures.eu\/product\/unkategorisiert\/schweinemagen-haggis-soppressata-oder-saumagen-selber-machen\/"},"modified":"2025-08-20T01:15:21","modified_gmt":"2025-08-19T23:15:21","slug":"schweinemagen-mach-deinen-eigenen-haggis-schweinemagen-oder-saumagen","status":"publish","type":"product","link":"https:\/\/startercultures.eu\/de\/product\/wurstwaren-und-charcuterie-de\/darme\/schweinemagen-mach-deinen-eigenen-haggis-schweinemagen-oder-saumagen\/","title":{"rendered":"Schweinemagen | Haggis, Soppressata oder Saumagen selber machen"},"content":{"rendered":"<p>Der Schweinemagen wird seit der Antike verwendet und ist sehr beliebt, da er kein Fett enth\u00e4lt, wenn er richtig gereinigt wird, und wird manchmal sogar f\u00fcr die Zubereitung von Gem\u00fcse verwendet. Man findet sie \u00fcberall auf der Welt und kann sie auf verschiedene Arten zubereiten, z. B. ged\u00fcnstet, gebraten, gebacken oder gegrillt. Am bekanntesten ist sie f\u00fcr Haggis.<\/p>\n<h3>Was ist ein Schweinemagen?<\/h3>\n<p>Bei einem Schweinemagen handelt es sich um die \u00e4u\u00dfere Muskelwand des Magenorgans (ohne die innere Schleimhaut).<\/p>\n<h3>Wozu verwendet man einen Schweinemagen?<\/h3>\n<p>Haggis ist die bekannteste Verwendung des Schweinemagens. Dieses typisch schottische Gericht wird aus Organfleisch zubereitet, das mit Zwiebeln, Haferflocken, Talg, Gew\u00fcrzen und Salz zerkleinert, mit Br\u00fche vermischt und traditionell im Magen des Tieres gekocht wird.<\/p>\n<p>Haggis aus dem einheimischen schottischen <a href=\"https:\/\/www.undiscoveredscotland.co.uk\/usfeatures\/haggis\/wildhaggis.html\" target=\"_blank\" rel=\"noopener\">Wildhaggis<\/a><em>(haggis scoticus<\/em>) wird oft als der beste bezeichnet. Die linken und rechten Beine des wilden Haggis sind unterschiedlich lang, so dass er schnell um die steilen Berge und H\u00e4nge, die seinen nat\u00fcrlichen Lebensraum ausmachen, herumlaufen kann, allerdings nur in eine Richtung. Es gibt zwei Variet\u00e4ten, eine mit rechtsdrehendem und eine mit linksdrehendem Lebensstil, die friedlich nebeneinander existieren, sich aber wegen Gleichgewichtsproblemen bei der Paarung nicht kreuzen k\u00f6nnen, so dass durch selektive Z\u00fcchtung der Unterschied in der Beinl\u00e4nge immer gr\u00f6\u00dfer wird.<\/p>\n<p>F\u00fcr den sehr \u00e4hnlichen deutschen <em>Saumagen<\/em> wird eine F\u00fcllung aus Kartoffeln und Schweinefleisch verwendet, die u. a. mit Zwiebeln, Majoran, Muskatnuss und wei\u00dfem Pfeffer gew\u00fcrzt wird. Danach wird der Saumagen in hei\u00dfem Wasser gekocht, das knapp unter der Siedetemperatur liegt, um ein Aufplatzen des Magens zu verhindern. Es wird normalerweise mit Sauerkraut und Kartoffelp\u00fcree serviert. Es war das Lieblingsgericht des ehemaligen deutschen Bundeskanzlers Helmut Kohl.<\/p>\n<p>Ein weiteres Gericht, das h\u00e4ufig im Schweinemagen zubereitet wird, ist die Sopressata, eine italienische Spezialit\u00e4t, die aus Schweinekopfst\u00fccken und Haut zubereitet wird.<\/p>\n<p>Das chinesische \u732a\u809a (zh\u016bd\u01d4, &#8220;Schweinemagen&#8221;) wird meist mit Gem\u00fcse gebraten serviert, w\u00e4hrend das mexikanische &#8220;buche&#8221; und das puerto-ricanische &#8220;cuajos&#8221; es mit Teilen von Schweinefleisch verwenden.<\/p>\n<p>Diese &#8220;en vessie&#8221;-Kochtechnik wird immer beliebter, um schmackhafte Gem\u00fcseeint\u00f6pfe mit H\u00fclsenfr\u00fcchten, N\u00fcssen und Gem\u00fcse anstelle von Fleisch zuzubereiten. Hafer und Gerste k\u00f6nnen ebenso enthalten sein wie verschiedene Arten von Linsen, Spalterbsen, Adzukibohnen, Kidneybohnen, Borlotti-Bohnen, Erdn\u00fcsse, andere N\u00fcsse und Pilze, Zwiebeln und Karotten &#8211; gesund und lecker!!!<\/p>\n<h3>Inhalt<\/h3>\n<ul>\n<li>1 ges\u00e4uberter und gesalzener Schweinemagen, verpackt pro Einheit<\/li>\n<li>Mindesthaltbarkeitsdatum 6 Monate, kann aber wie bei anderen D\u00e4rmen auch danach verwendet werden<\/li>\n<\/ul>\n<h3>Anleitung<\/h3>\n<ol>\n<li>Den Magen \u00fcber Nacht im K\u00fchlschrank in Wasser einweichen<\/li>\n<li>Falls erforderlich, die \u00d6ffnung mit einem Messer erweitern<\/li>\n<li>F\u00fcllen Sie den Magen wiederholt mit lauwarmem Wasser, um ihn bei Bedarf weiter zu dehnen.<\/li>\n<\/ol>\n<h3 data-fontsize=\"21\" data-lineheight=\"27.3px\">Einen Schweinemagen kaufen?<\/h3>\n<p>Bestellen Sie Ihren Schweinemagen bei startercultures.eu, dem europ\u00e4ischen Webshop f\u00fcr alle Ihre Bed\u00fcrfnisse in Sachen Fermentation, Wurst und Charcuterie. Von Meneer Wateetons, renommierter niederl\u00e4ndischer Fermentations- und Fleischexperte und Autor. Bestellen Sie werktags vor 15 Uhr und wir liefern noch am selben Tag. Fragen zur Verwendung? Frag sie in unserem Chat, wir helfen dir gerne!<\/p>\n<h3>Online-Workshop zur Wurstherstellung in englischer Sprache<img decoding=\"async\" class=\"lazyload  wp-image-23961 alignright\" src=\"https:\/\/startercultures.eu\/wp-content\/uploads\/2020\/12\/sausage-making-workshop-450-300x300.png\" data-orig-src=\"https:\/\/startercultures.eu\/wp-content\/uploads\/2020\/12\/sausage-making-workshop-450-300x300.png\" alt=\"Lernen Sie, wie Sie zu Hause Trockenwurst herstellen\" width=\"126\" height=\"126\" srcset=\"data:image\/svg+xml,%3Csvg%20xmlns%3D%27http%3A%2F%2Fwww.w3.org%2F2000%2Fsvg%27%20width%3D%27126%27%20height%3D%27126%27%20viewBox%3D%270%200%20126%20126%27%3E%3Crect%20width%3D%27126%27%20height%3D%27126%27%20fill-opacity%3D%220%22%2F%3E%3C%2Fsvg%3E\" data-srcset=\"https:\/\/startercultures.eu\/wp-content\/uploads\/2020\/12\/sausage-making-workshop-450-66x66.png 66w, https:\/\/startercultures.eu\/wp-content\/uploads\/2020\/12\/sausage-making-workshop-450-70x70.png 70w, https:\/\/startercultures.eu\/wp-content\/uploads\/2020\/12\/sausage-making-workshop-450-100x100.png 100w, https:\/\/startercultures.eu\/wp-content\/uploads\/2020\/12\/sausage-making-workshop-450-150x150.png 150w, https:\/\/startercultures.eu\/wp-content\/uploads\/2020\/12\/sausage-making-workshop-450-200x200.png 200w, https:\/\/startercultures.eu\/wp-content\/uploads\/2020\/12\/sausage-making-workshop-450-300x300.png 300w, https:\/\/startercultures.eu\/wp-content\/uploads\/2020\/12\/sausage-making-workshop-450-400x399.png 400w, https:\/\/startercultures.eu\/wp-content\/uploads\/2020\/12\/sausage-making-workshop-450.png 450w\" data-sizes=\"auto\" data-orig-sizes=\"(max-width: 126px) 100vw, 126px\" \/><\/h3>\n<p>In diesem <a href=\"https:\/\/startercultures.eu\/de\/product\/wurstwaren-und-charcuterie-de\/online-wursteherstellung-workshop\/\" target=\"_blank\" rel=\"noopener\">englischsprachigen Online-Workshop<\/a> lernen Sie die Theorie und Praxis der Herstellung von frischen W\u00fcrsten. Welche Fleischsorten eignen sich am besten, wo findet man die Zutaten, was sind die gr\u00f6\u00dften Fallstricke und was kann man mit D\u00e4rmen alles anstellen? Foodwriter<a href=\"https:\/\/wateetons.com\/\" target=\"_blank\" rel=\"noopener\">&#8216;Meneer Wateetons&#8217;<\/a>, Autor mehrerer B\u00fccher \u00fcber Fermentierung und alternative Lebensmittelzubereitungstechniken, wird Ihnen alles \u00fcber Fermentierung, P\u00f6kelsalze, Lebensmittelsicherheit, pH-Wert, Starterkulturen, Schimmelpilze und Trocknungsbedingungen beibringen. Klicken Sie <a href=\"https:\/\/startercultures.eu\/de\/product\/wurstwaren-und-charcuterie-de\/online-wursteherstellung-workshop\/\" target=\"_blank\" rel=\"noopener\">hier<\/a> f\u00fcr weitere Informationen.<\/p>\n","protected":false},"excerpt":{"rendered":"<p>Der Schweinemagen wird seit dem Altertum verwendet und ist sehr beliebt, da er bei richtiger Reinigung kein Fett enth\u00e4lt. Seine bekannteste Verwendung ist Haggis.<\/p>\n","protected":false},"featured_media":24567,"comment_status":"open","ping_status":"closed","template":"","meta":{"_acf_changed":false,"footnotes":""},"product_brand":[],"product_cat":[669,670],"product_tag":[],"class_list":{"0":"post-27069","1":"product","2":"type-product","3":"status-publish","4":"has-post-thumbnail","6":"product_cat-darme","7":"product_cat-naturdarme","8":"product_shipping_class-groot-pakket-de","9":"pa_ean-4250088158001-de","11":"first","12":"outofstock","13":"taxable","14":"shipping-taxable","15":"purchasable","16":"product-type-simple"},"acf":[],"yoast_head":"<!-- This site is optimized with the Yoast SEO plugin v26.6 - https:\/\/yoast.com\/wordpress\/plugins\/seo\/ -->\n<title>Schweinemagen | Haggis oder Saumagen selber machen Startercultures.eu<\/title>\n<meta name=\"description\" content=\"Der Schweinemagen ist sehr beliebt, da er sich sowohl f\u00fcr die Zubereitung von Fleisch als auch von Gem\u00fcse eignet. Weltbekannt als Haggis oder Saumagen\" \/>\n<meta name=\"robots\" content=\"index, follow, max-snippet:-1, max-image-preview:large, max-video-preview:-1\" \/>\n<link rel=\"canonical\" href=\"https:\/\/startercultures.eu\/de\/product\/wurstwaren-und-charcuterie-de\/darme\/schweinemagen-mach-deinen-eigenen-haggis-schweinemagen-oder-saumagen\/\" \/>\n<meta property=\"og:locale\" content=\"de_DE\" \/>\n<meta property=\"og:type\" content=\"article\" \/>\n<meta property=\"og:title\" content=\"Schweinemagen | Haggis oder Saumagen selber machen Startercultures.eu\" \/>\n<meta property=\"og:description\" content=\"Der Schweinemagen ist sehr beliebt, da er sich sowohl f\u00fcr die Zubereitung von Fleisch als auch von Gem\u00fcse eignet. Weltbekannt als Haggis oder Saumagen\" \/>\n<meta property=\"og:url\" content=\"https:\/\/startercultures.eu\/de\/product\/wurstwaren-und-charcuterie-de\/darme\/schweinemagen-mach-deinen-eigenen-haggis-schweinemagen-oder-saumagen\/\" \/>\n<meta property=\"og:site_name\" content=\"Startercultures.eu\" \/>\n<meta property=\"article:publisher\" content=\"https:\/\/www.facebook.com\/startercultureseu\" \/>\n<meta property=\"article:modified_time\" content=\"2025-08-19T23:15:21+00:00\" \/>\n<meta property=\"og:image\" content=\"https:\/\/startercultures.eu\/wp-content\/uploads\/2022\/05\/pigs-stomach.png\" \/>\n\t<meta property=\"og:image:width\" content=\"1360\" \/>\n\t<meta property=\"og:image:height\" content=\"1360\" \/>\n\t<meta property=\"og:image:type\" content=\"image\/png\" \/>\n<meta name=\"twitter:card\" content=\"summary_large_image\" \/>\n<meta name=\"twitter:label1\" content=\"Price\" \/>\n\t<meta name=\"twitter:data1\" content=\"15,99\" \/>\n\t<meta name=\"twitter:label2\" content=\"Availability\" \/>\n\t<meta name=\"twitter:data2\" content=\"Nicht auf Lager\" \/>\n<script type=\"application\/ld+json\" class=\"yoast-schema-graph\">{\"@context\":\"https:\/\/schema.org\",\"@graph\":[{\"@type\":\"WebPage\",\"@id\":\"https:\/\/startercultures.eu\/de\/product\/wurstwaren-und-charcuterie-de\/darme\/schweinemagen-mach-deinen-eigenen-haggis-schweinemagen-oder-saumagen\/\",\"url\":\"https:\/\/startercultures.eu\/de\/product\/wurstwaren-und-charcuterie-de\/darme\/schweinemagen-mach-deinen-eigenen-haggis-schweinemagen-oder-saumagen\/\",\"name\":\"Schweinemagen | Haggis oder Saumagen selber machen Startercultures.eu\",\"isPartOf\":{\"@id\":\"https:\/\/startercultures.eu\/de\/#website\"},\"primaryImageOfPage\":{\"@id\":\"https:\/\/startercultures.eu\/de\/product\/wurstwaren-und-charcuterie-de\/darme\/schweinemagen-mach-deinen-eigenen-haggis-schweinemagen-oder-saumagen\/#primaryimage\"},\"image\":{\"@id\":\"https:\/\/startercultures.eu\/de\/product\/wurstwaren-und-charcuterie-de\/darme\/schweinemagen-mach-deinen-eigenen-haggis-schweinemagen-oder-saumagen\/#primaryimage\"},\"thumbnailUrl\":\"https:\/\/startercultures.eu\/wp-content\/uploads\/2022\/05\/pigs-stomach.png\",\"datePublished\":\"2022-06-10T13:54:44+00:00\",\"dateModified\":\"2025-08-19T23:15:21+00:00\",\"description\":\"Der Schweinemagen ist sehr beliebt, da er sich sowohl f\u00fcr die Zubereitung von Fleisch als auch von Gem\u00fcse eignet. Weltbekannt als Haggis oder Saumagen\",\"breadcrumb\":{\"@id\":\"https:\/\/startercultures.eu\/de\/product\/wurstwaren-und-charcuterie-de\/darme\/schweinemagen-mach-deinen-eigenen-haggis-schweinemagen-oder-saumagen\/#breadcrumb\"},\"inLanguage\":\"de-DE\",\"potentialAction\":[{\"@type\":\"ReadAction\",\"target\":[\"https:\/\/startercultures.eu\/de\/product\/wurstwaren-und-charcuterie-de\/darme\/schweinemagen-mach-deinen-eigenen-haggis-schweinemagen-oder-saumagen\/\"]}]},{\"@type\":\"ImageObject\",\"inLanguage\":\"de-DE\",\"@id\":\"https:\/\/startercultures.eu\/de\/product\/wurstwaren-und-charcuterie-de\/darme\/schweinemagen-mach-deinen-eigenen-haggis-schweinemagen-oder-saumagen\/#primaryimage\",\"url\":\"https:\/\/startercultures.eu\/wp-content\/uploads\/2022\/05\/pigs-stomach.png\",\"contentUrl\":\"https:\/\/startercultures.eu\/wp-content\/uploads\/2022\/05\/pigs-stomach.png\",\"width\":1360,\"height\":1360,\"caption\":\"Saumagen\"},{\"@type\":\"BreadcrumbList\",\"@id\":\"https:\/\/startercultures.eu\/de\/product\/wurstwaren-und-charcuterie-de\/darme\/schweinemagen-mach-deinen-eigenen-haggis-schweinemagen-oder-saumagen\/#breadcrumb\",\"itemListElement\":[{\"@type\":\"ListItem\",\"position\":1,\"name\":\"Home\",\"item\":\"https:\/\/startercultures.eu\/de\/\"},{\"@type\":\"ListItem\",\"position\":2,\"name\":\"Shop\",\"item\":\"https:\/\/startercultures.eu\/shop\/\"},{\"@type\":\"ListItem\",\"position\":3,\"name\":\"Schweinemagen | Haggis, Soppressata oder Saumagen selber machen\"}]},{\"@type\":\"WebSite\",\"@id\":\"https:\/\/startercultures.eu\/de\/#website\",\"url\":\"https:\/\/startercultures.eu\/de\/\",\"name\":\"Startercultures.eu\",\"description\":\"Startercultures.eu\",\"publisher\":{\"@id\":\"https:\/\/startercultures.eu\/de\/#organization\"},\"potentialAction\":[{\"@type\":\"SearchAction\",\"target\":{\"@type\":\"EntryPoint\",\"urlTemplate\":\"https:\/\/startercultures.eu\/de\/?s={search_term_string}\"},\"query-input\":{\"@type\":\"PropertyValueSpecification\",\"valueRequired\":true,\"valueName\":\"search_term_string\"}}],\"inLanguage\":\"de-DE\"},{\"@type\":\"Organization\",\"@id\":\"https:\/\/startercultures.eu\/de\/#organization\",\"name\":\"Startercultures.eu\",\"url\":\"https:\/\/startercultures.eu\/de\/\",\"logo\":{\"@type\":\"ImageObject\",\"inLanguage\":\"de-DE\",\"@id\":\"https:\/\/startercultures.eu\/de\/#\/schema\/logo\/image\/\",\"url\":\"https:\/\/startercultures.eu\/wp-content\/uploads\/2020\/08\/startercultures-eu-nl-logo-rond-rgb.png\",\"contentUrl\":\"https:\/\/startercultures.eu\/wp-content\/uploads\/2020\/08\/startercultures-eu-nl-logo-rond-rgb.png\",\"width\":320,\"height\":320,\"caption\":\"Startercultures.eu\"},\"image\":{\"@id\":\"https:\/\/startercultures.eu\/de\/#\/schema\/logo\/image\/\"},\"sameAs\":[\"https:\/\/www.facebook.com\/startercultureseu\",\"https:\/\/www.instagram.com\/startercultures.eu\/\"]}]}<\/script>\n<meta property=\"product:price:amount\" content=\"15.99\" \/>\n<meta property=\"product:price:currency\" content=\"EUR\" \/>\n<meta property=\"og:availability\" content=\"out of stock\" \/>\n<meta property=\"product:availability\" content=\"out of stock\" \/>\n<meta property=\"product:retailer_item_id\" content=\"272\" \/>\n<meta property=\"product:condition\" content=\"new\" \/>\n<!-- \/ Yoast SEO plugin. -->","yoast_head_json":{"title":"Schweinemagen | Haggis oder Saumagen selber machen Startercultures.eu","description":"Der Schweinemagen ist sehr beliebt, da er sich sowohl f\u00fcr die Zubereitung von Fleisch als auch von Gem\u00fcse eignet. Weltbekannt als Haggis oder Saumagen","robots":{"index":"index","follow":"follow","max-snippet":"max-snippet:-1","max-image-preview":"max-image-preview:large","max-video-preview":"max-video-preview:-1"},"canonical":"https:\/\/startercultures.eu\/de\/product\/wurstwaren-und-charcuterie-de\/darme\/schweinemagen-mach-deinen-eigenen-haggis-schweinemagen-oder-saumagen\/","og_locale":"de_DE","og_type":"article","og_title":"Schweinemagen | Haggis oder Saumagen selber machen Startercultures.eu","og_description":"Der Schweinemagen ist sehr beliebt, da er sich sowohl f\u00fcr die Zubereitung von Fleisch als auch von Gem\u00fcse eignet. Weltbekannt als Haggis oder Saumagen","og_url":"https:\/\/startercultures.eu\/de\/product\/wurstwaren-und-charcuterie-de\/darme\/schweinemagen-mach-deinen-eigenen-haggis-schweinemagen-oder-saumagen\/","og_site_name":"Startercultures.eu","article_publisher":"https:\/\/www.facebook.com\/startercultureseu","article_modified_time":"2025-08-19T23:15:21+00:00","og_image":[{"width":1360,"height":1360,"url":"https:\/\/startercultures.eu\/wp-content\/uploads\/2022\/05\/pigs-stomach.png","type":"image\/png"}],"twitter_card":"summary_large_image","twitter_misc":{"Price":"15,99","Availability":"Nicht auf Lager"},"schema":{"@context":"https:\/\/schema.org","@graph":[{"@type":"WebPage","@id":"https:\/\/startercultures.eu\/de\/product\/wurstwaren-und-charcuterie-de\/darme\/schweinemagen-mach-deinen-eigenen-haggis-schweinemagen-oder-saumagen\/","url":"https:\/\/startercultures.eu\/de\/product\/wurstwaren-und-charcuterie-de\/darme\/schweinemagen-mach-deinen-eigenen-haggis-schweinemagen-oder-saumagen\/","name":"Schweinemagen | Haggis oder Saumagen selber machen Startercultures.eu","isPartOf":{"@id":"https:\/\/startercultures.eu\/de\/#website"},"primaryImageOfPage":{"@id":"https:\/\/startercultures.eu\/de\/product\/wurstwaren-und-charcuterie-de\/darme\/schweinemagen-mach-deinen-eigenen-haggis-schweinemagen-oder-saumagen\/#primaryimage"},"image":{"@id":"https:\/\/startercultures.eu\/de\/product\/wurstwaren-und-charcuterie-de\/darme\/schweinemagen-mach-deinen-eigenen-haggis-schweinemagen-oder-saumagen\/#primaryimage"},"thumbnailUrl":"https:\/\/startercultures.eu\/wp-content\/uploads\/2022\/05\/pigs-stomach.png","datePublished":"2022-06-10T13:54:44+00:00","dateModified":"2025-08-19T23:15:21+00:00","description":"Der Schweinemagen ist sehr beliebt, da er sich sowohl f\u00fcr die Zubereitung von Fleisch als auch von Gem\u00fcse eignet. Weltbekannt als Haggis oder Saumagen","breadcrumb":{"@id":"https:\/\/startercultures.eu\/de\/product\/wurstwaren-und-charcuterie-de\/darme\/schweinemagen-mach-deinen-eigenen-haggis-schweinemagen-oder-saumagen\/#breadcrumb"},"inLanguage":"de-DE","potentialAction":[{"@type":"ReadAction","target":["https:\/\/startercultures.eu\/de\/product\/wurstwaren-und-charcuterie-de\/darme\/schweinemagen-mach-deinen-eigenen-haggis-schweinemagen-oder-saumagen\/"]}]},{"@type":"ImageObject","inLanguage":"de-DE","@id":"https:\/\/startercultures.eu\/de\/product\/wurstwaren-und-charcuterie-de\/darme\/schweinemagen-mach-deinen-eigenen-haggis-schweinemagen-oder-saumagen\/#primaryimage","url":"https:\/\/startercultures.eu\/wp-content\/uploads\/2022\/05\/pigs-stomach.png","contentUrl":"https:\/\/startercultures.eu\/wp-content\/uploads\/2022\/05\/pigs-stomach.png","width":1360,"height":1360,"caption":"Saumagen"},{"@type":"BreadcrumbList","@id":"https:\/\/startercultures.eu\/de\/product\/wurstwaren-und-charcuterie-de\/darme\/schweinemagen-mach-deinen-eigenen-haggis-schweinemagen-oder-saumagen\/#breadcrumb","itemListElement":[{"@type":"ListItem","position":1,"name":"Home","item":"https:\/\/startercultures.eu\/de\/"},{"@type":"ListItem","position":2,"name":"Shop","item":"https:\/\/startercultures.eu\/shop\/"},{"@type":"ListItem","position":3,"name":"Schweinemagen | Haggis, Soppressata oder Saumagen selber machen"}]},{"@type":"WebSite","@id":"https:\/\/startercultures.eu\/de\/#website","url":"https:\/\/startercultures.eu\/de\/","name":"Startercultures.eu","description":"Startercultures.eu","publisher":{"@id":"https:\/\/startercultures.eu\/de\/#organization"},"potentialAction":[{"@type":"SearchAction","target":{"@type":"EntryPoint","urlTemplate":"https:\/\/startercultures.eu\/de\/?s={search_term_string}"},"query-input":{"@type":"PropertyValueSpecification","valueRequired":true,"valueName":"search_term_string"}}],"inLanguage":"de-DE"},{"@type":"Organization","@id":"https:\/\/startercultures.eu\/de\/#organization","name":"Startercultures.eu","url":"https:\/\/startercultures.eu\/de\/","logo":{"@type":"ImageObject","inLanguage":"de-DE","@id":"https:\/\/startercultures.eu\/de\/#\/schema\/logo\/image\/","url":"https:\/\/startercultures.eu\/wp-content\/uploads\/2020\/08\/startercultures-eu-nl-logo-rond-rgb.png","contentUrl":"https:\/\/startercultures.eu\/wp-content\/uploads\/2020\/08\/startercultures-eu-nl-logo-rond-rgb.png","width":320,"height":320,"caption":"Startercultures.eu"},"image":{"@id":"https:\/\/startercultures.eu\/de\/#\/schema\/logo\/image\/"},"sameAs":["https:\/\/www.facebook.com\/startercultureseu","https:\/\/www.instagram.com\/startercultures.eu\/"]}]},"product_price_amount":"15.99","product_price_currency":"EUR","og_availability":"out of stock","product_availability":"out of stock","product_retailer_item_id":"272","product_condition":"new"},"_links":{"self":[{"href":"https:\/\/startercultures.eu\/de\/wp-json\/wp\/v2\/product\/27069","targetHints":{"allow":["GET"]}}],"collection":[{"href":"https:\/\/startercultures.eu\/de\/wp-json\/wp\/v2\/product"}],"about":[{"href":"https:\/\/startercultures.eu\/de\/wp-json\/wp\/v2\/types\/product"}],"replies":[{"embeddable":true,"href":"https:\/\/startercultures.eu\/de\/wp-json\/wp\/v2\/comments?post=27069"}],"version-history":[{"count":5,"href":"https:\/\/startercultures.eu\/de\/wp-json\/wp\/v2\/product\/27069\/revisions"}],"predecessor-version":[{"id":76634,"href":"https:\/\/startercultures.eu\/de\/wp-json\/wp\/v2\/product\/27069\/revisions\/76634"}],"wp:featuredmedia":[{"embeddable":true,"href":"https:\/\/startercultures.eu\/de\/wp-json\/wp\/v2\/media\/24567"}],"wp:attachment":[{"href":"https:\/\/startercultures.eu\/de\/wp-json\/wp\/v2\/media?parent=27069"}],"wp:term":[{"taxonomy":"product_brand","embeddable":true,"href":"https:\/\/startercultures.eu\/de\/wp-json\/wp\/v2\/product_brand?post=27069"},{"taxonomy":"product_cat","embeddable":true,"href":"https:\/\/startercultures.eu\/de\/wp-json\/wp\/v2\/product_cat?post=27069"},{"taxonomy":"product_tag","embeddable":true,"href":"https:\/\/startercultures.eu\/de\/wp-json\/wp\/v2\/product_tag?post=27069"}],"curies":[{"name":"wp","href":"https:\/\/api.w.org\/{rel}","templated":true}]}}