{"id":27070,"date":"2022-05-22T14:12:30","date_gmt":"2022-05-22T12:12:30","guid":{"rendered":"https:\/\/startercultures.eu\/product\/unkategorisiert\/osso-ago-di-cavallo-pferdeknochennadel-zur-pruefung-von-wurstwaren\/"},"modified":"2026-04-15T11:37:42","modified_gmt":"2026-04-15T09:37:42","slug":"osso-ago-di-cavallo-pferdeknochen","status":"publish","type":"product","link":"https:\/\/startercultures.eu\/de\/product\/wurstwaren-und-charcuterie-de\/werkzeuge-de-7\/osso-ago-di-cavallo-pferdeknochen\/","title":{"rendered":"Osso ago di cavallo&#8221; &#8211; Pferdeknochennadel | zur Pr\u00fcfung von Wurstwaren"},"content":{"rendered":"<p>Diese aus echten Pferdeknochen gefertigte Nadel ist das Symbol des Prosciutto-Meisters und erm\u00f6glicht es, den richtigen Reifegrad des Prosciutto durch den Puntatura-Test zu \u00fcberpr\u00fcfen. D\u00fcnn, spitz und sehr por\u00f6s, f\u00e4ngt es das innere Aroma von Prosciutto oder anderen Wurstwaren ein und \u00fcbertr\u00e4gt es auf die erfahrene Nase des Handwerkers. Ein Muss f\u00fcr alle Liebhaber von Rohschinken und anderen Wurstwaren!<\/p>\n<h3>Was ist eine Pferdeknochennadel?<\/h3>\n<p>Eine Nadel aus Pferdeknochen wird zum Testen von Schinken und anderen Wurstwaren verwendet, da sie Ger\u00fcche schnell aufnimmt und abgibt, was hilft, festzustellen, ob etwas verdorben ist, aber man kann sie sofort wieder verwenden. Jede Nadel ist handgefertigt und weist eine nat\u00fcrliche Variation auf. Da er recht zerbrechlich ist, stecken Sie ihn bitte nicht zu fest oder zu tief ein und waschen Sie ihn nicht.<\/p>\n<h3>Wie benutzt man eine Pferdeknochennadel?<\/h3>\n<p>Das Wort Prosciutto, das im Italienischen &#8220;Schinken&#8221; bedeutet, wird ausschlie\u00dflich aus den Hinterl\u00e4ufen von Schweinen hergestellt und in einem Trockenp\u00f6kelverfahren gereift. Die Qualit\u00e4t des Schinkens h\u00e4ngt vom Reifungsprozess, der Region und den strengen Qualit\u00e4tskontrollen w\u00e4hrend der Produktion ab. Die Reifung von Prosciutto hat ihren Ursprung vor Tausenden von Jahren in Italien, und der Schinken wird nur mit speziell gez\u00fcchteten Schweinen, Meersalz, Luft und Zeit hergestellt. Laut Gesetz muss der Parmaschinken mindestens 400 Tage reifen (ab dem Zeitpunkt des ersten Einsalzens), manche Produkte k\u00f6nnen sogar bis zu 3 Jahre reifen. Nach Ablauf dieser Zeit sticht ein unabh\u00e4ngiger Pr\u00fcfer den Schinken (1 cm) an mehreren Stellen (siehe unten) mit der &#8220;Osso ago di cavallo&#8221;, einer Pferdeknochennadel, ein und riecht nach jedem Einstich an ihm, um ihn auf Ger\u00fcche zu pr\u00fcfen, die auf M\u00e4ngel oder Verderb hinweisen k\u00f6nnten. Eine Pferdeknochennadel wird zum Testen von Schinken und anderen Wurstwaren verwendet, da sie Ger\u00fcche schnell aufnimmt und abgibt, was hilft, einen eventuellen Verderb festzustellen. Der Knochen muss zwischen den Eins\u00e4tzen nur kurz an der Sch\u00fcrze abgewischt werden.<\/p>\n<h3><b>Geruchsanalyse: Beispiel f\u00fcr Prosciutto. <\/b><\/h3>\n<p>Bei der olfaktorischen Puntatura-Pr\u00fcfung von Schinken sticht der Kontrolleur mit der Pferdeknochennadel in das Fleisch, um den Geruch und die Trockenheit zu pr\u00fcfen. Getestet werden die Duftintensit\u00e4t des mageren Teils und die S\u00fc\u00dfe des fettigen Teils. Prosciutto muss einen leichten Duft nach Trockenfr\u00fcchten, Haselnuss, Holz und einen leichten Salzgeruch aufweisen. Der fettige Teil sollte einen s\u00fc\u00dferen Geruch haben. Der Prosciutto sollte auch einen subtilen Hinweis auf das Gebiet enthalten, in dem er gew\u00fcrzt wurde. Unangenehme, stechende Ger\u00fcche wie rohes oder ranziges Fleisch oder Ebergeruch deuten auf eine fehlerhafte Verarbeitung, Reifung oder schlechte Fleischqualit\u00e4t hin. Diese Teile k\u00f6nnen abgetastet werden:<\/p>\n<p><em>Tra corona e parte magra;<\/em><br \/>\n<em>Sotto l&#8217;anchetta;<\/em><br \/>\n<em>Nel fiocco sopra la noce;<\/em><br \/>\n<em>Lungo la vena femorale o arteria Illica;<\/em><br \/>\n<em>In una fossetta a sinistra della noce.<\/em><\/p>\n<h3 data-fontsize=\"21\" data-lineheight=\"27.3px\">Eine Pferdeknochennadel kaufen?<\/h3>\n<p><img decoding=\"async\" class=\"lazyload wp-image-25794 alignleft\" src=\"data:image\/svg+xml,%3Csvg%20xmlns%3D%27http%3A%2F%2Fwww.w3.org%2F2000%2Fsvg%27%20width%3D%27222%27%20height%3D%27222%27%20viewBox%3D%270%200%20222%20222%27%3E%3Crect%20width%3D%27222%27%20height%3D%27222%27%20fill-opacity%3D%220%22%2F%3E%3C%2Fsvg%3E\" data-orig-src=\"https:\/\/startercultures.eu\/wp-content\/uploads\/2022\/05\/horse_bone_with_sheath-300x300.png\" alt=\"Pferdeknochennadel mit Scheide\" width=\"222\" height=\"222\" \/><\/p>\n<p>Bestellen Sie Ihr Osso ago di Cavallo bei startercultures.eu, dem europ\u00e4ischen Webshop f\u00fcr alles rund um Fermentation, Wurst und Charcuterie. Von Meneer Wateetons, renommierter niederl\u00e4ndischer Fermentations- und Fleischexperte und Autor. Bestellen Sie werktags vor 15 Uhr und wir liefern noch am selben Tag. Fragen zur Verwendung? Frag sie in unserem Chat, wir helfen dir gerne!<\/p>\n<h3>Zum Schutz eine H\u00fclle hinzuf\u00fcgen<\/h3>\n<p>Sch\u00fctzen Sie Ihre Pferdenadel, indem Sie sie in einer Scheide aufbewahren. Kaufen Sie beide und sparen Sie 20% auf die H\u00fclle. F\u00fcgen Sie es unten hinzu.<\/p>\n<p>&nbsp;<\/p>\n<h3>Englischsprachiger Online-Workshop zur Herstellung eigener trocken gep\u00f6kelter Charcuterie<img decoding=\"async\" class=\"lazyload  wp-image-23962 alignright\" src=\"https:\/\/startercultures.eu\/wp-content\/uploads\/2020\/12\/workshop-charcuterie-450-300x300.png\" data-orig-src=\"https:\/\/startercultures.eu\/wp-content\/uploads\/2020\/12\/workshop-charcuterie-450-300x300.png\" alt=\"Workshop Wurstwaren 450\" width=\"149\" height=\"149\" srcset=\"data:image\/svg+xml,%3Csvg%20xmlns%3D%27http%3A%2F%2Fwww.w3.org%2F2000%2Fsvg%27%20width%3D%27149%27%20height%3D%27149%27%20viewBox%3D%270%200%20149%20149%27%3E%3Crect%20width%3D%27149%27%20height%3D%27149%27%20fill-opacity%3D%220%22%2F%3E%3C%2Fsvg%3E\" data-srcset=\"https:\/\/startercultures.eu\/wp-content\/uploads\/2020\/12\/workshop-charcuterie-450-66x66.png 66w, https:\/\/startercultures.eu\/wp-content\/uploads\/2020\/12\/workshop-charcuterie-450-70x70.png 70w, https:\/\/startercultures.eu\/wp-content\/uploads\/2020\/12\/workshop-charcuterie-450-100x100.png 100w, https:\/\/startercultures.eu\/wp-content\/uploads\/2020\/12\/workshop-charcuterie-450-150x150.png 150w, https:\/\/startercultures.eu\/wp-content\/uploads\/2020\/12\/workshop-charcuterie-450-200x201.png 200w, https:\/\/startercultures.eu\/wp-content\/uploads\/2020\/12\/workshop-charcuterie-450-300x300.png 300w, https:\/\/startercultures.eu\/wp-content\/uploads\/2020\/12\/workshop-charcuterie-450-400x402.png 400w, https:\/\/startercultures.eu\/wp-content\/uploads\/2020\/12\/workshop-charcuterie-450.png 450w\" data-sizes=\"auto\" data-orig-sizes=\"(max-width: 149px) 100vw, 149px\" \/><\/h3>\n<p>Lernen Sie von &#8216;<a href=\"https:\/\/wateetons.com\/\" target=\"_blank\" rel=\"noopener\">Meneer Wateetons<\/a>&#8216;, dem Autor des (niederl\u00e4ndischen) f\u00fchrenden Werks auf diesem Gebiet: &#8216;<a href=\"https:\/\/www.amazon.com\/Over-charcuterie-Dutch-Meneer-Wateetons\/dp\/9048845343\/ref=sr_1_1?keywords=wateetons&amp;qid=1585632464&amp;sr=8-1\" target=\"_blank\" rel=\"noopener noreferrer\">Over Charcuterie<\/a>&#8216;, wie Sie Ihre eigene Charcuterie aus ganzen Muskeln herstellen k\u00f6nnen. Schinken, Pancetta, Guanciale, Lardo, Coppa und weitere k\u00f6stliche s\u00fcdeurop\u00e4ische Trockenfleischprodukte werden vorgestellt. In diesem <a href=\"https:\/\/startercultures.eu\/product\/sausages-and-charcuterie\/online-english-spoken-dry-cured-charcuterie-workshop\/\" target=\"_blank\" rel=\"noopener\">englischsprachigen Online-Workshop<\/a> lernen Sie in 90 Minuten alles \u00fcber das Salzen, Trocknen, Reifen, Vakuumieren, R\u00e4uchern, Temperatur und Luftfeuchtigkeit. Danach sind Sie bereit, Ihre eigenen Wurstwaren selbst herzustellen, sicher und schmackhaft. Klicken Sie <a href=\"https:\/\/startercultures.eu\/product\/sausages-and-charcuterie\/online-english-spoken-dry-cured-charcuterie-workshop\/\" target=\"_blank\" rel=\"noopener\">hier<\/a> f\u00fcr weitere Informationen.<\/p>\n","protected":false},"excerpt":{"rendered":"<p>Eine Pferdeknochennadel wird zum Testen von Schinken und anderen Wurstwaren verwendet, da sie Ger\u00fcche schnell aufnimmt und abgibt, was hilft, einen eventuellen Verderb festzustellen, aber man kann sie sofort wieder verwenden. F\u00fcgen Sie eine Scheide f\u00fcr zus\u00e4tzlichen Schutz hinzu.<\/p>\n","protected":false},"featured_media":24572,"comment_status":"open","ping_status":"closed","template":"","meta":{"_acf_changed":false,"footnotes":""},"product_brand":[],"product_cat":[734,664,673],"product_tag":[],"class_list":{"0":"post-27070","1":"product","2":"type-product","3":"status-publish","4":"has-post-thumbnail","6":"product_cat-charcuterie-de","7":"product_cat-prufer","8":"product_cat-werkzeuge-de-7","10":"first","11":"instock","12":"taxable","13":"shipping-taxable","14":"purchasable","15":"product-type-simple"},"acf":[],"yoast_head":"<!-- This site is optimized with the Yoast SEO plugin v26.6 - https:\/\/yoast.com\/wordpress\/plugins\/seo\/ -->\n<title>Pferdeknochennadel | zur Pr\u00fcfung von Wurstwaren - Startercultures.eu<\/title>\n<meta name=\"description\" content=\"Eine Nadel aus Pferdeknochen wird zum Testen von Wurstwaren verwendet, weil sie Ger\u00fcche schnell aufnimmt und abgibt, so dass man feststellen kann, ob etwas verdorben ist.\" \/>\n<meta name=\"robots\" content=\"index, follow, max-snippet:-1, max-image-preview:large, max-video-preview:-1\" \/>\n<link rel=\"canonical\" href=\"https:\/\/startercultures.eu\/de\/product\/wurstwaren-und-charcuterie-de\/werkzeuge-de-7\/osso-ago-di-cavallo-pferdeknochen\/\" \/>\n<meta property=\"og:locale\" content=\"de_DE\" \/>\n<meta property=\"og:type\" content=\"article\" \/>\n<meta property=\"og:title\" content=\"Pferdeknochennadel | zur Pr\u00fcfung von Wurstwaren - Startercultures.eu\" \/>\n<meta property=\"og:description\" content=\"Eine Nadel aus Pferdeknochen wird zum Testen von Wurstwaren verwendet, weil sie Ger\u00fcche schnell aufnimmt und abgibt, so dass man feststellen kann, ob etwas verdorben ist.\" \/>\n<meta property=\"og:url\" content=\"https:\/\/startercultures.eu\/de\/product\/wurstwaren-und-charcuterie-de\/werkzeuge-de-7\/osso-ago-di-cavallo-pferdeknochen\/\" \/>\n<meta property=\"og:site_name\" content=\"Startercultures.eu\" \/>\n<meta property=\"article:publisher\" content=\"https:\/\/www.facebook.com\/startercultureseu\" \/>\n<meta property=\"article:modified_time\" content=\"2026-04-15T09:37:42+00:00\" \/>\n<meta property=\"og:image\" content=\"https:\/\/startercultures.eu\/wp-content\/uploads\/2022\/05\/horse-bone-e1653217270347.png\" \/>\n\t<meta property=\"og:image:width\" content=\"1250\" \/>\n\t<meta property=\"og:image:height\" content=\"1250\" \/>\n\t<meta property=\"og:image:type\" content=\"image\/png\" \/>\n<meta name=\"twitter:card\" content=\"summary_large_image\" \/>\n<meta name=\"twitter:label1\" content=\"Price\" \/>\n\t<meta name=\"twitter:data1\" content=\"24,99\" \/>\n\t<meta name=\"twitter:label2\" content=\"Availability\" \/>\n\t<meta name=\"twitter:data2\" content=\"Vorr\u00e4tig\" \/>\n<script type=\"application\/ld+json\" class=\"yoast-schema-graph\">{\"@context\":\"https:\/\/schema.org\",\"@graph\":[{\"@type\":\"WebPage\",\"@id\":\"https:\/\/startercultures.eu\/de\/product\/wurstwaren-und-charcuterie-de\/werkzeuge-de-7\/osso-ago-di-cavallo-pferdeknochen\/\",\"url\":\"https:\/\/startercultures.eu\/de\/product\/wurstwaren-und-charcuterie-de\/werkzeuge-de-7\/osso-ago-di-cavallo-pferdeknochen\/\",\"name\":\"Pferdeknochennadel | zur Pr\u00fcfung von Wurstwaren - Startercultures.eu\",\"isPartOf\":{\"@id\":\"https:\/\/startercultures.eu\/de\/#website\"},\"primaryImageOfPage\":{\"@id\":\"https:\/\/startercultures.eu\/de\/product\/wurstwaren-und-charcuterie-de\/werkzeuge-de-7\/osso-ago-di-cavallo-pferdeknochen\/#primaryimage\"},\"image\":{\"@id\":\"https:\/\/startercultures.eu\/de\/product\/wurstwaren-und-charcuterie-de\/werkzeuge-de-7\/osso-ago-di-cavallo-pferdeknochen\/#primaryimage\"},\"thumbnailUrl\":\"https:\/\/startercultures.eu\/wp-content\/uploads\/2022\/05\/horse-bone-e1653217270347.png\",\"datePublished\":\"2022-05-22T12:12:30+00:00\",\"dateModified\":\"2026-04-15T09:37:42+00:00\",\"description\":\"Eine Nadel aus Pferdeknochen wird zum Testen von Wurstwaren verwendet, weil sie Ger\u00fcche schnell aufnimmt und abgibt, so dass man feststellen kann, ob etwas verdorben ist.\",\"breadcrumb\":{\"@id\":\"https:\/\/startercultures.eu\/de\/product\/wurstwaren-und-charcuterie-de\/werkzeuge-de-7\/osso-ago-di-cavallo-pferdeknochen\/#breadcrumb\"},\"inLanguage\":\"de-DE\",\"potentialAction\":[{\"@type\":\"ReadAction\",\"target\":[\"https:\/\/startercultures.eu\/de\/product\/wurstwaren-und-charcuterie-de\/werkzeuge-de-7\/osso-ago-di-cavallo-pferdeknochen\/\"]}]},{\"@type\":\"ImageObject\",\"inLanguage\":\"de-DE\",\"@id\":\"https:\/\/startercultures.eu\/de\/product\/wurstwaren-und-charcuterie-de\/werkzeuge-de-7\/osso-ago-di-cavallo-pferdeknochen\/#primaryimage\",\"url\":\"https:\/\/startercultures.eu\/wp-content\/uploads\/2022\/05\/horse-bone-e1653217270347.png\",\"contentUrl\":\"https:\/\/startercultures.eu\/wp-content\/uploads\/2022\/05\/horse-bone-e1653217270347.png\",\"width\":1250,\"height\":1250,\"caption\":\"Pferdeknochennadel\"},{\"@type\":\"BreadcrumbList\",\"@id\":\"https:\/\/startercultures.eu\/de\/product\/wurstwaren-und-charcuterie-de\/werkzeuge-de-7\/osso-ago-di-cavallo-pferdeknochen\/#breadcrumb\",\"itemListElement\":[{\"@type\":\"ListItem\",\"position\":1,\"name\":\"Home\",\"item\":\"https:\/\/startercultures.eu\/de\/\"},{\"@type\":\"ListItem\",\"position\":2,\"name\":\"Shop\",\"item\":\"https:\/\/startercultures.eu\/shop\/\"},{\"@type\":\"ListItem\",\"position\":3,\"name\":\"Osso ago di cavallo&#8221; &#8211; Pferdeknochennadel | zur Pr\u00fcfung von Wurstwaren\"}]},{\"@type\":\"WebSite\",\"@id\":\"https:\/\/startercultures.eu\/de\/#website\",\"url\":\"https:\/\/startercultures.eu\/de\/\",\"name\":\"Startercultures.eu\",\"description\":\"Startercultures.eu\",\"publisher\":{\"@id\":\"https:\/\/startercultures.eu\/de\/#organization\"},\"potentialAction\":[{\"@type\":\"SearchAction\",\"target\":{\"@type\":\"EntryPoint\",\"urlTemplate\":\"https:\/\/startercultures.eu\/de\/?s={search_term_string}\"},\"query-input\":{\"@type\":\"PropertyValueSpecification\",\"valueRequired\":true,\"valueName\":\"search_term_string\"}}],\"inLanguage\":\"de-DE\"},{\"@type\":\"Organization\",\"@id\":\"https:\/\/startercultures.eu\/de\/#organization\",\"name\":\"Startercultures.eu\",\"url\":\"https:\/\/startercultures.eu\/de\/\",\"logo\":{\"@type\":\"ImageObject\",\"inLanguage\":\"de-DE\",\"@id\":\"https:\/\/startercultures.eu\/de\/#\/schema\/logo\/image\/\",\"url\":\"https:\/\/startercultures.eu\/wp-content\/uploads\/2020\/08\/startercultures-eu-nl-logo-rond-rgb.png\",\"contentUrl\":\"https:\/\/startercultures.eu\/wp-content\/uploads\/2020\/08\/startercultures-eu-nl-logo-rond-rgb.png\",\"width\":320,\"height\":320,\"caption\":\"Startercultures.eu\"},\"image\":{\"@id\":\"https:\/\/startercultures.eu\/de\/#\/schema\/logo\/image\/\"},\"sameAs\":[\"https:\/\/www.facebook.com\/startercultureseu\",\"https:\/\/www.instagram.com\/startercultures.eu\/\"]}]}<\/script>\n<meta property=\"product:price:amount\" content=\"24.99\" \/>\n<meta property=\"product:price:currency\" content=\"EUR\" \/>\n<meta property=\"og:availability\" content=\"instock\" \/>\n<meta property=\"product:availability\" content=\"instock\" \/>\n<meta property=\"product:retailer_item_id\" content=\"275\" \/>\n<meta property=\"product:condition\" content=\"new\" \/>\n<!-- \/ Yoast SEO plugin. -->","yoast_head_json":{"title":"Pferdeknochennadel | zur Pr\u00fcfung von Wurstwaren - Startercultures.eu","description":"Eine Nadel aus Pferdeknochen wird zum Testen von Wurstwaren verwendet, weil sie Ger\u00fcche schnell aufnimmt und abgibt, so dass man feststellen kann, ob etwas verdorben ist.","robots":{"index":"index","follow":"follow","max-snippet":"max-snippet:-1","max-image-preview":"max-image-preview:large","max-video-preview":"max-video-preview:-1"},"canonical":"https:\/\/startercultures.eu\/de\/product\/wurstwaren-und-charcuterie-de\/werkzeuge-de-7\/osso-ago-di-cavallo-pferdeknochen\/","og_locale":"de_DE","og_type":"article","og_title":"Pferdeknochennadel | zur Pr\u00fcfung von Wurstwaren - Startercultures.eu","og_description":"Eine Nadel aus Pferdeknochen wird zum Testen von Wurstwaren verwendet, weil sie Ger\u00fcche schnell aufnimmt und abgibt, so dass man feststellen kann, ob etwas verdorben ist.","og_url":"https:\/\/startercultures.eu\/de\/product\/wurstwaren-und-charcuterie-de\/werkzeuge-de-7\/osso-ago-di-cavallo-pferdeknochen\/","og_site_name":"Startercultures.eu","article_publisher":"https:\/\/www.facebook.com\/startercultureseu","article_modified_time":"2026-04-15T09:37:42+00:00","og_image":[{"width":1250,"height":1250,"url":"https:\/\/startercultures.eu\/wp-content\/uploads\/2022\/05\/horse-bone-e1653217270347.png","type":"image\/png"}],"twitter_card":"summary_large_image","twitter_misc":{"Price":"24,99","Availability":"Vorr\u00e4tig"},"schema":{"@context":"https:\/\/schema.org","@graph":[{"@type":"WebPage","@id":"https:\/\/startercultures.eu\/de\/product\/wurstwaren-und-charcuterie-de\/werkzeuge-de-7\/osso-ago-di-cavallo-pferdeknochen\/","url":"https:\/\/startercultures.eu\/de\/product\/wurstwaren-und-charcuterie-de\/werkzeuge-de-7\/osso-ago-di-cavallo-pferdeknochen\/","name":"Pferdeknochennadel | zur Pr\u00fcfung von Wurstwaren - Startercultures.eu","isPartOf":{"@id":"https:\/\/startercultures.eu\/de\/#website"},"primaryImageOfPage":{"@id":"https:\/\/startercultures.eu\/de\/product\/wurstwaren-und-charcuterie-de\/werkzeuge-de-7\/osso-ago-di-cavallo-pferdeknochen\/#primaryimage"},"image":{"@id":"https:\/\/startercultures.eu\/de\/product\/wurstwaren-und-charcuterie-de\/werkzeuge-de-7\/osso-ago-di-cavallo-pferdeknochen\/#primaryimage"},"thumbnailUrl":"https:\/\/startercultures.eu\/wp-content\/uploads\/2022\/05\/horse-bone-e1653217270347.png","datePublished":"2022-05-22T12:12:30+00:00","dateModified":"2026-04-15T09:37:42+00:00","description":"Eine Nadel aus Pferdeknochen wird zum Testen von Wurstwaren verwendet, weil sie Ger\u00fcche schnell aufnimmt und abgibt, so dass man feststellen kann, ob etwas verdorben ist.","breadcrumb":{"@id":"https:\/\/startercultures.eu\/de\/product\/wurstwaren-und-charcuterie-de\/werkzeuge-de-7\/osso-ago-di-cavallo-pferdeknochen\/#breadcrumb"},"inLanguage":"de-DE","potentialAction":[{"@type":"ReadAction","target":["https:\/\/startercultures.eu\/de\/product\/wurstwaren-und-charcuterie-de\/werkzeuge-de-7\/osso-ago-di-cavallo-pferdeknochen\/"]}]},{"@type":"ImageObject","inLanguage":"de-DE","@id":"https:\/\/startercultures.eu\/de\/product\/wurstwaren-und-charcuterie-de\/werkzeuge-de-7\/osso-ago-di-cavallo-pferdeknochen\/#primaryimage","url":"https:\/\/startercultures.eu\/wp-content\/uploads\/2022\/05\/horse-bone-e1653217270347.png","contentUrl":"https:\/\/startercultures.eu\/wp-content\/uploads\/2022\/05\/horse-bone-e1653217270347.png","width":1250,"height":1250,"caption":"Pferdeknochennadel"},{"@type":"BreadcrumbList","@id":"https:\/\/startercultures.eu\/de\/product\/wurstwaren-und-charcuterie-de\/werkzeuge-de-7\/osso-ago-di-cavallo-pferdeknochen\/#breadcrumb","itemListElement":[{"@type":"ListItem","position":1,"name":"Home","item":"https:\/\/startercultures.eu\/de\/"},{"@type":"ListItem","position":2,"name":"Shop","item":"https:\/\/startercultures.eu\/shop\/"},{"@type":"ListItem","position":3,"name":"Osso ago di cavallo&#8221; &#8211; Pferdeknochennadel | zur Pr\u00fcfung von Wurstwaren"}]},{"@type":"WebSite","@id":"https:\/\/startercultures.eu\/de\/#website","url":"https:\/\/startercultures.eu\/de\/","name":"Startercultures.eu","description":"Startercultures.eu","publisher":{"@id":"https:\/\/startercultures.eu\/de\/#organization"},"potentialAction":[{"@type":"SearchAction","target":{"@type":"EntryPoint","urlTemplate":"https:\/\/startercultures.eu\/de\/?s={search_term_string}"},"query-input":{"@type":"PropertyValueSpecification","valueRequired":true,"valueName":"search_term_string"}}],"inLanguage":"de-DE"},{"@type":"Organization","@id":"https:\/\/startercultures.eu\/de\/#organization","name":"Startercultures.eu","url":"https:\/\/startercultures.eu\/de\/","logo":{"@type":"ImageObject","inLanguage":"de-DE","@id":"https:\/\/startercultures.eu\/de\/#\/schema\/logo\/image\/","url":"https:\/\/startercultures.eu\/wp-content\/uploads\/2020\/08\/startercultures-eu-nl-logo-rond-rgb.png","contentUrl":"https:\/\/startercultures.eu\/wp-content\/uploads\/2020\/08\/startercultures-eu-nl-logo-rond-rgb.png","width":320,"height":320,"caption":"Startercultures.eu"},"image":{"@id":"https:\/\/startercultures.eu\/de\/#\/schema\/logo\/image\/"},"sameAs":["https:\/\/www.facebook.com\/startercultureseu","https:\/\/www.instagram.com\/startercultures.eu\/"]}]},"product_price_amount":"24.99","product_price_currency":"EUR","og_availability":"instock","product_availability":"instock","product_retailer_item_id":"275","product_condition":"new"},"_links":{"self":[{"href":"https:\/\/startercultures.eu\/de\/wp-json\/wp\/v2\/product\/27070","targetHints":{"allow":["GET"]}}],"collection":[{"href":"https:\/\/startercultures.eu\/de\/wp-json\/wp\/v2\/product"}],"about":[{"href":"https:\/\/startercultures.eu\/de\/wp-json\/wp\/v2\/types\/product"}],"replies":[{"embeddable":true,"href":"https:\/\/startercultures.eu\/de\/wp-json\/wp\/v2\/comments?post=27070"}],"version-history":[{"count":0,"href":"https:\/\/startercultures.eu\/de\/wp-json\/wp\/v2\/product\/27070\/revisions"}],"wp:featuredmedia":[{"embeddable":true,"href":"https:\/\/startercultures.eu\/de\/wp-json\/wp\/v2\/media\/24572"}],"wp:attachment":[{"href":"https:\/\/startercultures.eu\/de\/wp-json\/wp\/v2\/media?parent=27070"}],"wp:term":[{"taxonomy":"product_brand","embeddable":true,"href":"https:\/\/startercultures.eu\/de\/wp-json\/wp\/v2\/product_brand?post=27070"},{"taxonomy":"product_cat","embeddable":true,"href":"https:\/\/startercultures.eu\/de\/wp-json\/wp\/v2\/product_cat?post=27070"},{"taxonomy":"product_tag","embeddable":true,"href":"https:\/\/startercultures.eu\/de\/wp-json\/wp\/v2\/product_tag?post=27070"}],"curies":[{"name":"wp","href":"https:\/\/api.w.org\/{rel}","templated":true}]}}