{"id":27080,"date":"2022-08-07T16:06:08","date_gmt":"2022-08-07T14:06:08","guid":{"rendered":"https:\/\/startercultures.eu\/?post_type=product&#038;p=27080"},"modified":"2026-04-14T11:37:29","modified_gmt":"2026-04-14T09:37:29","slug":"vegane-thermophile-kasestarterkultur","status":"publish","type":"product","link":"https:\/\/startercultures.eu\/de\/product\/fermentation-de\/molkerei\/veganer-kase\/vegane-thermophile-kasestarterkultur\/","title":{"rendered":"Vegane thermophile K\u00e4sestarterkultur | f\u00fcr gereifte K\u00e4sesorten"},"content":{"rendered":"<p>Mit dieser veganen thermophilen K\u00e4sestarterkultur k\u00f6nnen Sie gereifte vegane K\u00e4sesorten wie Parmesan, Provolone, Romano, Swiss und Gruyere herstellen. Er ist vegan, enth\u00e4lt also weder Milch noch Laktose.<\/p>\n<h3>Was ist veganer K\u00e4se?<\/h3>\n<p>Veganer oder pflanzlicher K\u00e4se wird nicht aus Milch, sondern aus einem anderen pflanzlichen Grundprodukt hergestellt. Veganer K\u00e4se besteht in der Regel aus N\u00fcssen, N\u00e4hrhefe und \u00d6l. Cashewn\u00fcsse sind wegen ihres weichen Geschmacks und ihrer cremigen Konsistenz bei veganen K\u00e4sesorten sehr beliebt. Aber auch Mandeln sind eine beliebte Zutat f\u00fcr die Herstellung von veganem K\u00e4se.<\/p>\n<h3>Warum eine vegane K\u00e4sekultur?<\/h3>\n<p>F\u00fcr eine gute Fermentation (S\u00e4uerung und Geschmacksbildung) braucht man eine Starterkultur. Die meisten erh\u00e4ltlichen Starterkulturen sind jedoch nicht vegan. Die veganen Starterkulturen von Startercultures.eu sind es. Auch die Verwendung von veganem Joghurt oder Essig als Starterkultur hat Nachteile, da diese Bakterien nicht speziell f\u00fcr K\u00e4se gedacht sind. Die veganen K\u00e4se-Starterkulturen von startercultures.eu sind echte K\u00e4sebakterien.<\/p>\n<h3>\u00dcber diese vegane thermophile K\u00e4se-Starterkultur<\/h3>\n<p>K\u00e4sekulturen, sowohl vegane als auch milchbasierte, k\u00f6nnen in zwei Hauptkategorien eingeteilt werden: mesophile Kulturen (am besten geeignet, um bei moderaten Temperaturen zu arbeiten) genie\u00dfen niedrigere Temperaturen und werden zur Herstellung weicherer, j\u00fcngerer K\u00e4sesorten verwendet. Im Allgemeinen vertragen mesophile Kulturen Temperaturen bis zu etwa 32 \u00b0C. Thermophile Kulturen (Kulturen, die durch gro\u00dfe Hitze aktiviert werden) hingegen werden f\u00fcr die Herstellung l\u00e4nger gereifter K\u00e4sesorten verwendet und bevorzugen Temperaturen bis zu 44 \u00b0C.<\/p>\n<p>Thermophile Kulturen werden vor allem bei halbhartem und hartem Parmesan, Provolone, Romano, Schweizer K\u00e4se, Gruyere und anderen K\u00e4sesorten (oft nach Schweizer oder italienischer Art) verwendet, die h\u00f6here Temperaturen erfordern. Sie werden auch f\u00fcr gestreckte K\u00e4sesorten wie Mozzarella oder Pasta-Filata verwendet.<\/p>\n<p>Wenn Sie einen gereiften veganen K\u00e4se herstellen m\u00f6chten, ist diese Kultur genau das Richtige f\u00fcr Sie!<\/p>\n<h3>Auch f\u00fcr normalen K\u00e4se<\/h3>\n<p>Die Tatsache, dass unsere Starterkulturen vegan sind, bedeutet nicht, dass sie nur f\u00fcr veganen K\u00e4se verwendet werden k\u00f6nnen. Sie sind auch f\u00fcr normale K\u00e4sesorten bestens geeignet.<\/p>\n<h3>Inhalt vegane thermophile K\u00e4se-Starterkultur<\/h3>\n<ul>\n<li>3 Gramm vegane thermophile K\u00e4sestarterkultur<\/li>\n<li>Die Starterkultur ist v\u00f6llig nat\u00fcrlich, ohne Konservierungsstoffe, Zusatzstoffe, k\u00fcnstliche Farb- oder Geschmacksstoffe. Er enth\u00e4lt keine GVO-Zutaten und ist sowohl glutenfrei als auch vegan.<\/li>\n<li>Empfohlene Dosierung: 1 g pro kg pflanzliches Substrat<\/li>\n<li>Hergestellt in Spanien<\/li>\n<li>Vegan<\/li>\n<li>Organisch<\/li>\n<li>Allergene: keine<\/li>\n<\/ul>\n<h3>Mikroben in dieser veganen thermophilen K\u00e4se-Starterkultur<\/h3>\n<p>Streptococcus thermophilus, hergestellt in synthetischen (nicht-milchhaltigen) Medien.<\/p>\n<h3>Hinweise zur Lagerung<\/h3>\n<p>&lt; -18\u00b0C. Im K\u00fchlschrank oder Gefrierschrank. Vorzugsweise sofort verwenden.<\/p>\n<h3 class=\"ng-star-inserted\"><span class=\"ng-star-inserted\">Wie man veganen K\u00e4se selber macht<\/span><\/h3>\n<p class=\"ng-star-inserted\"><span class=\"ng-star-inserted\">Erinnern Sie sich an diese traurigen, gummiartigen Bl\u00f6cke, die vor einem Jahrzehnt als veganer K\u00e4se durchgingen? Gott sei Dank liegen diese Zeiten hinter uns. Dank engagierter Pioniere und Fermentations-Enthusiasten k\u00f6nnen wir heute zu Hause vegane K\u00e4sesorten kreieren, die es sowohl geschmacklich als auch von der Textur her tats\u00e4chlich mit ihren milchbasierten Pendants aufnehmen k\u00f6nnen<a href=\"https:\/\/startercultures.eu\/how-to-make-actually-fermented-vegan-cheese-at-home\/\" target=\"_blank\" rel=\"noopener\">. In diesem\u00a0<\/a><\/span><span class=\"ng-star-inserted\">englischsprachigen<\/span><span class=\"ng-star-inserted\">\u00a0Blog zeigen wir Ihnen, wie das geht.<\/span><\/p>\n<p>&nbsp;<\/p>\n","protected":false},"excerpt":{"rendered":"<p>Mit dieser veganen thermophilen K\u00e4se-Starterkultur k\u00f6nnen Sie gereifte vegane K\u00e4sesorten wie Parmesan, Provolone, Romano, Schweizer, Gruyere und Mozzarella herstellen.<\/p>\n","protected":false},"featured_media":27125,"comment_status":"open","ping_status":"closed","template":"","meta":{"_acf_changed":false,"footnotes":""},"product_brand":[],"product_cat":[711,680,678],"product_tag":[],"class_list":{"0":"post-27080","1":"product","2":"type-product","3":"status-publish","4":"has-post-thumbnail","6":"product_cat-starterkulturen-und-schimmelpilze","7":"product_cat-vegane-milchprodukte","8":"product_cat-veganer-kase","9":"pa_ean-8720297621581-de","11":"first","12":"instock","13":"taxable","14":"shipping-taxable","15":"purchasable","16":"product-type-simple"},"acf":[],"yoast_head":"<!-- This site is optimized with the Yoast SEO plugin v26.6 - https:\/\/yoast.com\/wordpress\/plugins\/seo\/ -->\n<title>Vegane thermophile K\u00e4sestarterkultur | Startercultures.eu<\/title>\n<meta name=\"description\" content=\"Mit dieser veganen thermophilen K\u00e4se-Starterkultur k\u00f6nnen Sie gereifte vegane K\u00e4sesorten wie Parmesan, Provolone, Schweizer und Gruyere herstellen.\" \/>\n<meta name=\"robots\" content=\"index, follow, max-snippet:-1, max-image-preview:large, max-video-preview:-1\" \/>\n<link rel=\"canonical\" href=\"https:\/\/startercultures.eu\/de\/product\/fermentation-de\/molkerei\/veganer-kase\/vegane-thermophile-kasestarterkultur\/\" \/>\n<meta property=\"og:locale\" content=\"de_DE\" \/>\n<meta property=\"og:type\" content=\"article\" \/>\n<meta property=\"og:title\" content=\"Vegane thermophile K\u00e4sestarterkultur | Startercultures.eu\" \/>\n<meta property=\"og:description\" content=\"Mit dieser veganen thermophilen K\u00e4se-Starterkultur k\u00f6nnen Sie gereifte vegane K\u00e4sesorten wie Parmesan, Provolone, Schweizer und Gruyere herstellen.\" \/>\n<meta property=\"og:url\" content=\"https:\/\/startercultures.eu\/de\/product\/fermentation-de\/molkerei\/veganer-kase\/vegane-thermophile-kasestarterkultur\/\" \/>\n<meta property=\"og:site_name\" content=\"Startercultures.eu\" \/>\n<meta property=\"article:publisher\" content=\"https:\/\/www.facebook.com\/startercultureseu\" \/>\n<meta property=\"article:modified_time\" content=\"2026-04-14T09:37:29+00:00\" \/>\n<meta property=\"og:image\" content=\"https:\/\/startercultures.eu\/wp-content\/uploads\/2022\/08\/281mu-1.png\" \/>\n\t<meta property=\"og:image:width\" content=\"1250\" \/>\n\t<meta property=\"og:image:height\" content=\"1250\" \/>\n\t<meta property=\"og:image:type\" content=\"image\/png\" \/>\n<meta name=\"twitter:card\" content=\"summary_large_image\" \/>\n<meta name=\"twitter:label1\" content=\"Price\" \/>\n\t<meta name=\"twitter:data1\" content=\"13,99\" \/>\n\t<meta name=\"twitter:label2\" content=\"Availability\" \/>\n\t<meta name=\"twitter:data2\" content=\"Vorr\u00e4tig\" \/>\n<script type=\"application\/ld+json\" class=\"yoast-schema-graph\">{\"@context\":\"https:\/\/schema.org\",\"@graph\":[{\"@type\":\"WebPage\",\"@id\":\"https:\/\/startercultures.eu\/de\/product\/fermentation-de\/molkerei\/veganer-kase\/vegane-thermophile-kasestarterkultur\/\",\"url\":\"https:\/\/startercultures.eu\/de\/product\/fermentation-de\/molkerei\/veganer-kase\/vegane-thermophile-kasestarterkultur\/\",\"name\":\"Vegane thermophile K\u00e4sestarterkultur | Startercultures.eu\",\"isPartOf\":{\"@id\":\"https:\/\/startercultures.eu\/de\/#website\"},\"primaryImageOfPage\":{\"@id\":\"https:\/\/startercultures.eu\/de\/product\/fermentation-de\/molkerei\/veganer-kase\/vegane-thermophile-kasestarterkultur\/#primaryimage\"},\"image\":{\"@id\":\"https:\/\/startercultures.eu\/de\/product\/fermentation-de\/molkerei\/veganer-kase\/vegane-thermophile-kasestarterkultur\/#primaryimage\"},\"thumbnailUrl\":\"https:\/\/startercultures.eu\/wp-content\/uploads\/2022\/08\/281mu-1.png\",\"datePublished\":\"2022-08-07T14:06:08+00:00\",\"dateModified\":\"2026-04-14T09:37:29+00:00\",\"description\":\"Mit dieser veganen thermophilen K\u00e4se-Starterkultur k\u00f6nnen Sie gereifte vegane K\u00e4sesorten wie Parmesan, Provolone, Schweizer und Gruyere herstellen.\",\"breadcrumb\":{\"@id\":\"https:\/\/startercultures.eu\/de\/product\/fermentation-de\/molkerei\/veganer-kase\/vegane-thermophile-kasestarterkultur\/#breadcrumb\"},\"inLanguage\":\"de-DE\",\"potentialAction\":[{\"@type\":\"ReadAction\",\"target\":[\"https:\/\/startercultures.eu\/de\/product\/fermentation-de\/molkerei\/veganer-kase\/vegane-thermophile-kasestarterkultur\/\"]}]},{\"@type\":\"ImageObject\",\"inLanguage\":\"de-DE\",\"@id\":\"https:\/\/startercultures.eu\/de\/product\/fermentation-de\/molkerei\/veganer-kase\/vegane-thermophile-kasestarterkultur\/#primaryimage\",\"url\":\"https:\/\/startercultures.eu\/wp-content\/uploads\/2022\/08\/281mu-1.png\",\"contentUrl\":\"https:\/\/startercultures.eu\/wp-content\/uploads\/2022\/08\/281mu-1.png\",\"width\":1250,\"height\":1250,\"caption\":\"Vegan thermophilic cheese starter culture\"},{\"@type\":\"BreadcrumbList\",\"@id\":\"https:\/\/startercultures.eu\/de\/product\/fermentation-de\/molkerei\/veganer-kase\/vegane-thermophile-kasestarterkultur\/#breadcrumb\",\"itemListElement\":[{\"@type\":\"ListItem\",\"position\":1,\"name\":\"Home\",\"item\":\"https:\/\/startercultures.eu\/de\/\"},{\"@type\":\"ListItem\",\"position\":2,\"name\":\"Shop\",\"item\":\"https:\/\/startercultures.eu\/shop\/\"},{\"@type\":\"ListItem\",\"position\":3,\"name\":\"Vegane thermophile K\u00e4sestarterkultur | f\u00fcr gereifte K\u00e4sesorten\"}]},{\"@type\":\"WebSite\",\"@id\":\"https:\/\/startercultures.eu\/de\/#website\",\"url\":\"https:\/\/startercultures.eu\/de\/\",\"name\":\"Startercultures.eu\",\"description\":\"Startercultures.eu\",\"publisher\":{\"@id\":\"https:\/\/startercultures.eu\/de\/#organization\"},\"potentialAction\":[{\"@type\":\"SearchAction\",\"target\":{\"@type\":\"EntryPoint\",\"urlTemplate\":\"https:\/\/startercultures.eu\/de\/?s={search_term_string}\"},\"query-input\":{\"@type\":\"PropertyValueSpecification\",\"valueRequired\":true,\"valueName\":\"search_term_string\"}}],\"inLanguage\":\"de-DE\"},{\"@type\":\"Organization\",\"@id\":\"https:\/\/startercultures.eu\/de\/#organization\",\"name\":\"Startercultures.eu\",\"url\":\"https:\/\/startercultures.eu\/de\/\",\"logo\":{\"@type\":\"ImageObject\",\"inLanguage\":\"de-DE\",\"@id\":\"https:\/\/startercultures.eu\/de\/#\/schema\/logo\/image\/\",\"url\":\"https:\/\/startercultures.eu\/wp-content\/uploads\/2020\/08\/startercultures-eu-nl-logo-rond-rgb.png\",\"contentUrl\":\"https:\/\/startercultures.eu\/wp-content\/uploads\/2020\/08\/startercultures-eu-nl-logo-rond-rgb.png\",\"width\":320,\"height\":320,\"caption\":\"Startercultures.eu\"},\"image\":{\"@id\":\"https:\/\/startercultures.eu\/de\/#\/schema\/logo\/image\/\"},\"sameAs\":[\"https:\/\/www.facebook.com\/startercultureseu\",\"https:\/\/www.instagram.com\/startercultures.eu\/\"]}]}<\/script>\n<meta property=\"product:price:amount\" content=\"13.99\" \/>\n<meta property=\"product:price:currency\" content=\"EUR\" \/>\n<meta property=\"og:availability\" content=\"instock\" \/>\n<meta property=\"product:availability\" content=\"instock\" \/>\n<meta property=\"product:retailer_item_id\" content=\"281\" \/>\n<meta property=\"product:condition\" content=\"new\" \/>\n<!-- \/ Yoast SEO plugin. -->","yoast_head_json":{"title":"Vegane thermophile K\u00e4sestarterkultur | Startercultures.eu","description":"Mit dieser veganen thermophilen K\u00e4se-Starterkultur k\u00f6nnen Sie gereifte vegane K\u00e4sesorten wie Parmesan, Provolone, Schweizer und Gruyere herstellen.","robots":{"index":"index","follow":"follow","max-snippet":"max-snippet:-1","max-image-preview":"max-image-preview:large","max-video-preview":"max-video-preview:-1"},"canonical":"https:\/\/startercultures.eu\/de\/product\/fermentation-de\/molkerei\/veganer-kase\/vegane-thermophile-kasestarterkultur\/","og_locale":"de_DE","og_type":"article","og_title":"Vegane thermophile K\u00e4sestarterkultur | Startercultures.eu","og_description":"Mit dieser veganen thermophilen K\u00e4se-Starterkultur k\u00f6nnen Sie gereifte vegane K\u00e4sesorten wie Parmesan, Provolone, Schweizer und Gruyere herstellen.","og_url":"https:\/\/startercultures.eu\/de\/product\/fermentation-de\/molkerei\/veganer-kase\/vegane-thermophile-kasestarterkultur\/","og_site_name":"Startercultures.eu","article_publisher":"https:\/\/www.facebook.com\/startercultureseu","article_modified_time":"2026-04-14T09:37:29+00:00","og_image":[{"width":1250,"height":1250,"url":"https:\/\/startercultures.eu\/wp-content\/uploads\/2022\/08\/281mu-1.png","type":"image\/png"}],"twitter_card":"summary_large_image","twitter_misc":{"Price":"13,99","Availability":"Vorr\u00e4tig"},"schema":{"@context":"https:\/\/schema.org","@graph":[{"@type":"WebPage","@id":"https:\/\/startercultures.eu\/de\/product\/fermentation-de\/molkerei\/veganer-kase\/vegane-thermophile-kasestarterkultur\/","url":"https:\/\/startercultures.eu\/de\/product\/fermentation-de\/molkerei\/veganer-kase\/vegane-thermophile-kasestarterkultur\/","name":"Vegane thermophile K\u00e4sestarterkultur | Startercultures.eu","isPartOf":{"@id":"https:\/\/startercultures.eu\/de\/#website"},"primaryImageOfPage":{"@id":"https:\/\/startercultures.eu\/de\/product\/fermentation-de\/molkerei\/veganer-kase\/vegane-thermophile-kasestarterkultur\/#primaryimage"},"image":{"@id":"https:\/\/startercultures.eu\/de\/product\/fermentation-de\/molkerei\/veganer-kase\/vegane-thermophile-kasestarterkultur\/#primaryimage"},"thumbnailUrl":"https:\/\/startercultures.eu\/wp-content\/uploads\/2022\/08\/281mu-1.png","datePublished":"2022-08-07T14:06:08+00:00","dateModified":"2026-04-14T09:37:29+00:00","description":"Mit dieser veganen thermophilen K\u00e4se-Starterkultur k\u00f6nnen Sie gereifte vegane K\u00e4sesorten wie Parmesan, Provolone, Schweizer und Gruyere herstellen.","breadcrumb":{"@id":"https:\/\/startercultures.eu\/de\/product\/fermentation-de\/molkerei\/veganer-kase\/vegane-thermophile-kasestarterkultur\/#breadcrumb"},"inLanguage":"de-DE","potentialAction":[{"@type":"ReadAction","target":["https:\/\/startercultures.eu\/de\/product\/fermentation-de\/molkerei\/veganer-kase\/vegane-thermophile-kasestarterkultur\/"]}]},{"@type":"ImageObject","inLanguage":"de-DE","@id":"https:\/\/startercultures.eu\/de\/product\/fermentation-de\/molkerei\/veganer-kase\/vegane-thermophile-kasestarterkultur\/#primaryimage","url":"https:\/\/startercultures.eu\/wp-content\/uploads\/2022\/08\/281mu-1.png","contentUrl":"https:\/\/startercultures.eu\/wp-content\/uploads\/2022\/08\/281mu-1.png","width":1250,"height":1250,"caption":"Vegan thermophilic cheese starter culture"},{"@type":"BreadcrumbList","@id":"https:\/\/startercultures.eu\/de\/product\/fermentation-de\/molkerei\/veganer-kase\/vegane-thermophile-kasestarterkultur\/#breadcrumb","itemListElement":[{"@type":"ListItem","position":1,"name":"Home","item":"https:\/\/startercultures.eu\/de\/"},{"@type":"ListItem","position":2,"name":"Shop","item":"https:\/\/startercultures.eu\/shop\/"},{"@type":"ListItem","position":3,"name":"Vegane thermophile K\u00e4sestarterkultur | f\u00fcr gereifte K\u00e4sesorten"}]},{"@type":"WebSite","@id":"https:\/\/startercultures.eu\/de\/#website","url":"https:\/\/startercultures.eu\/de\/","name":"Startercultures.eu","description":"Startercultures.eu","publisher":{"@id":"https:\/\/startercultures.eu\/de\/#organization"},"potentialAction":[{"@type":"SearchAction","target":{"@type":"EntryPoint","urlTemplate":"https:\/\/startercultures.eu\/de\/?s={search_term_string}"},"query-input":{"@type":"PropertyValueSpecification","valueRequired":true,"valueName":"search_term_string"}}],"inLanguage":"de-DE"},{"@type":"Organization","@id":"https:\/\/startercultures.eu\/de\/#organization","name":"Startercultures.eu","url":"https:\/\/startercultures.eu\/de\/","logo":{"@type":"ImageObject","inLanguage":"de-DE","@id":"https:\/\/startercultures.eu\/de\/#\/schema\/logo\/image\/","url":"https:\/\/startercultures.eu\/wp-content\/uploads\/2020\/08\/startercultures-eu-nl-logo-rond-rgb.png","contentUrl":"https:\/\/startercultures.eu\/wp-content\/uploads\/2020\/08\/startercultures-eu-nl-logo-rond-rgb.png","width":320,"height":320,"caption":"Startercultures.eu"},"image":{"@id":"https:\/\/startercultures.eu\/de\/#\/schema\/logo\/image\/"},"sameAs":["https:\/\/www.facebook.com\/startercultureseu","https:\/\/www.instagram.com\/startercultures.eu\/"]}]},"product_price_amount":"13.99","product_price_currency":"EUR","og_availability":"instock","product_availability":"instock","product_retailer_item_id":"281","product_condition":"new"},"_links":{"self":[{"href":"https:\/\/startercultures.eu\/de\/wp-json\/wp\/v2\/product\/27080","targetHints":{"allow":["GET"]}}],"collection":[{"href":"https:\/\/startercultures.eu\/de\/wp-json\/wp\/v2\/product"}],"about":[{"href":"https:\/\/startercultures.eu\/de\/wp-json\/wp\/v2\/types\/product"}],"replies":[{"embeddable":true,"href":"https:\/\/startercultures.eu\/de\/wp-json\/wp\/v2\/comments?post=27080"}],"version-history":[{"count":4,"href":"https:\/\/startercultures.eu\/de\/wp-json\/wp\/v2\/product\/27080\/revisions"}],"predecessor-version":[{"id":72518,"href":"https:\/\/startercultures.eu\/de\/wp-json\/wp\/v2\/product\/27080\/revisions\/72518"}],"wp:featuredmedia":[{"embeddable":true,"href":"https:\/\/startercultures.eu\/de\/wp-json\/wp\/v2\/media\/27125"}],"wp:attachment":[{"href":"https:\/\/startercultures.eu\/de\/wp-json\/wp\/v2\/media?parent=27080"}],"wp:term":[{"taxonomy":"product_brand","embeddable":true,"href":"https:\/\/startercultures.eu\/de\/wp-json\/wp\/v2\/product_brand?post=27080"},{"taxonomy":"product_cat","embeddable":true,"href":"https:\/\/startercultures.eu\/de\/wp-json\/wp\/v2\/product_cat?post=27080"},{"taxonomy":"product_tag","embeddable":true,"href":"https:\/\/startercultures.eu\/de\/wp-json\/wp\/v2\/product_tag?post=27080"}],"curies":[{"name":"wp","href":"https:\/\/api.w.org\/{rel}","templated":true}]}}