{"id":27141,"date":"2021-10-16T11:22:32","date_gmt":"2021-10-16T11:22:32","guid":{"rendered":"https:\/\/startercultures.eu\/product\/unkategorisiert\/gaertopf-fuer-selbstgemachtes-sauerkraut\/"},"modified":"2024-11-26T12:31:43","modified_gmt":"2024-11-26T11:31:43","slug":"fermentations-crock-fur-selbstgemachtes-sauerkraut","status":"publish","type":"product","link":"https:\/\/startercultures.eu\/de\/product\/fermentation-de\/gemuse-de\/werkzeuge\/fermentations-crock-fur-selbstgemachtes-sauerkraut\/","title":{"rendered":"G\u00e4rtopf | f\u00fcr selbstgemachtes Sauerkraut"},"content":{"rendered":"<p>Ohne Konservierungsstoffe &#8211; oder Zusatzstoffe mit Ihrem eigenen G\u00e4rtopf! Von Zwiebeln \u00fcber Bohnen und Kohl bis hin zu R\u00fcben gibt es k\u00f6stliche Rezepte f\u00fcr fast jede Gem\u00fcse- und Geschmacksrichtung. Alles, was Sie zum Einmachen von Gem\u00fcse brauchen, ist ein wenig Salz und Wasser.<\/p>\n<h3>Wie funktioniert ein G\u00e4rtopf?<\/h3>\n<p>Stellen Sie Ihr eigenes gesundes Sauerkraut oder Kimchi mit den letzten Resten der Sommerernte her: Ein G\u00e4rtopf ist eine nat\u00fcrliche Methode, um Ihr eigenes fermentiertes Gem\u00fcse herzustellen, einschlie\u00dflich Pickles, Sauerkraut, Kimchi und mehr. Fermentieren&#8230;was? Fermentieren! Eine alte Zubereitungstechnik, bei der Hefen und Bakterien nat\u00fcrlich vorkommende Zucker in milde S\u00e4uren umwandeln. Hygiene ist sehr wichtig. Nicht nur das Gem\u00fcse sollte sauber sein, sondern auch der Deckel und der Topf selbst. Keramische T\u00f6pfe sind die beste Wahl f\u00fcr die G\u00e4rung. Das Material des Topfes verh\u00e4lt sich bei Kontakt mit Gem\u00fcse neutral.<\/p>\n<p>Dieser Keramiktopf ist leicht zu reinigen und zu pflegen und eignet sich f\u00fcr die Aufbewahrung von Gem\u00fcse \u00fcber einen langen Zeitraum. Die Reinigung ist sehr einfach: Topf und Deckel innen und au\u00dfen gr\u00fcndlich abb\u00fcrsten, absp\u00fclen und trocknen lassen. Der Keramiktopf nimmt kaum Wasser auf, so dass keine Gefahr der Schimmelbildung besteht.<\/p>\n<p>Ideal, um \u00fcbrig gebliebenes Gem\u00fcse oder Milchprodukte in schmackhafte, k\u00f6stliche und nachhaltige Produkte zu verwandeln. Der G\u00e4rtopf ist auch ein originelles und nachhaltiges Geschenk f\u00fcr jemanden, der die ersten Schritte auf dem Weg der G\u00e4rung machen m\u00f6chte.<\/p>\n<h3>Inhalt des G\u00e4rbeh\u00e4lters.<\/h3>\n<p>Dieser 5-Liter-G\u00e4rtopf wird mit zwei Wiegesteinen geliefert. Der Deckel l\u00e4sst die G\u00e4rgase entweichen und h\u00e4lt die Luft fern, so dass das Gem\u00fcse gut konserviert und verzehrfertig ist. Die Wiegesteine erleichtern es, das gesamte Gem\u00fcse in der Salzlake zu halten. Hergestellt aus 100 % nat\u00fcrlichen Materialien, hochwertiger Keramik und einer lebensmittelechten Beschichtung, die Oxidation und damit den unangenehmen Geschmack verhindert, der manchmal mit minderwertigen T\u00f6pfen verbunden ist.<\/p>\n<ul>\n<li>5-Liter-Mehrweg-Sauerkrauttopf<\/li>\n<li>1 Deckel<\/li>\n<li>2 Wiegesteine<\/li>\n<\/ul>\n<p>Sie k\u00f6nnen den G\u00e4rtopf immer wieder verwenden und von nun an jederzeit Ihr eigenes fermentiertes Gem\u00fcse herstellen.<\/p>\n<h3>Wie Sie Ihr eigenes Sauerkraut herstellen<\/h3>\n<ol>\n<li>Schneiden Sie einen Kohlkopf (ca. 1 kg) in Viertel und entfernen Sie den harten Kern und den Boden.<\/li>\n<li>Die Kohlst\u00fccke in d\u00fcnne Streifen schneiden und in eine Sch\u00fcssel geben.<\/li>\n<li>Kneten Sie den Kohl einige Minuten lang kr\u00e4ftig durch, bis die Feuchtigkeit austritt.<\/li>\n<li>Geben Sie den gew\u00fcrzten Kohl und die nat\u00fcrliche Feuchtigkeit in kleinen Portionen in den Topf.<\/li>\n<li>Dr\u00fccken Sie den Kohl mit Hilfe der Wiegesteine fest in den Topf, bis er von der Feuchtigkeit bedeckt ist.<\/li>\n<li>Lassen Sie den Kohl 6 bis 8 Wochen lang bei Zimmertemperatur und vor direkter Sonneneinstrahlung gesch\u00fctzt g\u00e4ren.<\/li>\n<li>Nehmen Sie den Deckel vom Glas und probieren Sie mit einer sauberen Gabel, ob Ihnen der Geschmack zusagt.<\/li>\n<\/ol>\n<p>Sofort servieren, mit einem sauberen Deckel im K\u00fchlschrank aufbewahren oder nach Belieben weiterg\u00e4ren lassen.<\/p>\n<h3>Online-Workshop &#8220;Kimchi herstellen (und anderes Gem\u00fcse fermentieren)<img decoding=\"async\" class=\"lazyload  wp-image-23963 alignright\" src=\"https:\/\/startercultures.eu\/wp-content\/uploads\/2020\/12\/fermentation-450-300x300.png\" data-orig-src=\"https:\/\/startercultures.eu\/wp-content\/uploads\/2020\/12\/fermentation-450-300x300.png\" alt=\"Fermentation workshops\" width=\"131\" height=\"131\" srcset=\"data:image\/svg+xml,%3Csvg%20xmlns%3D%27http%3A%2F%2Fwww.w3.org%2F2000%2Fsvg%27%20width%3D%27131%27%20height%3D%27131%27%20viewBox%3D%270%200%20131%20131%27%3E%3Crect%20width%3D%27131%27%20height%3D%27131%27%20fill-opacity%3D%220%22%2F%3E%3C%2Fsvg%3E\" data-srcset=\"https:\/\/startercultures.eu\/wp-content\/uploads\/2020\/12\/fermentation-450-66x66.png 66w, https:\/\/startercultures.eu\/wp-content\/uploads\/2020\/12\/fermentation-450-70x70.png 70w, https:\/\/startercultures.eu\/wp-content\/uploads\/2020\/12\/fermentation-450-100x100.png 100w, https:\/\/startercultures.eu\/wp-content\/uploads\/2020\/12\/fermentation-450-150x150.png 150w, https:\/\/startercultures.eu\/wp-content\/uploads\/2020\/12\/fermentation-450-200x200.png 200w, https:\/\/startercultures.eu\/wp-content\/uploads\/2020\/12\/fermentation-450-300x300.png 300w, https:\/\/startercultures.eu\/wp-content\/uploads\/2020\/12\/fermentation-450-400x401.png 400w, https:\/\/startercultures.eu\/wp-content\/uploads\/2020\/12\/fermentation-450.png 450w\" data-sizes=\"auto\" data-orig-sizes=\"(max-width: 131px) 100vw, 131px\" \/><\/h3>\n<p>In diesem <a href=\"https:\/\/startercultures.eu\/product\/workshops-2\/online-workshops-fermentation\/online-workshop-how-to-make-kimchi-and-ferment-other-vegetables\/\" target=\"_blank\" rel=\"noopener\">englischsprachigen Workshop<\/a> erfahren Sie alles \u00fcber Kimchi, das beliebte fermentierte Gem\u00fcse. W\u00fcrzig, frisch und unglaublich lecker. Sie werden feststellen, dass dieses Aroma sehr vielseitig ist und dass die Bandbreite der Zubereitungen enorm ist. Es gibt sogar 7-up-Kimchi! In der Zwischenzeit werden Sie auch etwas \u00fcber die G\u00e4rung lernen. Von Lebensmittelautor<a href=\"https:\/\/wateetons.com\/\" target=\"_blank\" rel=\"noopener\">&#8216;Meneer Wateetons&#8217;<\/a>, Autor mehrerer B\u00fccher \u00fcber Fermentierung und alternative Lebensmittelzubereitungstechniken, Klicken Sie <a href=\"https:\/\/startercultures.eu\/product\/workshops-2\/online-workshops-fermentation\/online-workshop-how-to-make-kimchi-and-ferment-other-vegetables\/\" target=\"_blank\" rel=\"noopener\">hier<\/a> f\u00fcr weitere Informationen.<\/p>\n<p>&nbsp;<\/p>\n","protected":false},"excerpt":{"rendered":"<p>Machen Sie Ihr eigenes Sauerkraut f\u00fcr den Rest Ihres Lebens mit dem einzigen G\u00e4rtopf. Von Zwiebeln \u00fcber Bohnen und Kohl bis hin zu R\u00fcben gibt es k\u00f6stliche Rezepte f\u00fcr fast alle Pflanzen und Geschmacksrichtungen. Alles, was Sie zum Einmachen von Gem\u00fcse brauchen, ist ein wenig Salz und Wasser.<\/p>\n","protected":false},"featured_media":24305,"comment_status":"open","ping_status":"closed","template":"","meta":{"_acf_changed":false,"footnotes":""},"product_brand":[],"product_cat":[708,716,644],"product_tag":[],"class_list":{"0":"post-27141","1":"product","2":"type-product","3":"status-publish","4":"has-post-thumbnail","6":"product_cat-gemuse","7":"product_cat-gemuse-de","8":"product_cat-werkzeuge","9":"pa_ean-8720297621383-de","11":"first","12":"outofstock","13":"taxable","14":"shipping-taxable","15":"purchasable","16":"product-type-simple"},"acf":[],"yoast_head":"<!-- This site is optimized with the Yoast SEO plugin v26.6 - https:\/\/yoast.com\/wordpress\/plugins\/seo\/ -->\n<title>G\u00e4rtopf f\u00fcr selbstgemachtes Sauerkraut | Startercultures.eu<\/title>\n<meta name=\"description\" content=\"Konservierungsstoffe sind bei diesem G\u00e4rtopf nicht erforderlich. Die nat\u00fcrliche Art, Sauerkraut selbst herzustellen - kinderleicht, lecker und gesund!\" \/>\n<meta name=\"robots\" content=\"index, follow, max-snippet:-1, max-image-preview:large, max-video-preview:-1\" \/>\n<link rel=\"canonical\" href=\"https:\/\/startercultures.eu\/de\/product\/fermentation-de\/gemuse-de\/werkzeuge\/fermentations-crock-fur-selbstgemachtes-sauerkraut\/\" \/>\n<meta property=\"og:locale\" content=\"de_DE\" \/>\n<meta property=\"og:type\" content=\"article\" \/>\n<meta property=\"og:title\" content=\"G\u00e4rtopf f\u00fcr selbstgemachtes Sauerkraut | Startercultures.eu\" \/>\n<meta property=\"og:description\" content=\"Konservierungsstoffe sind bei diesem G\u00e4rtopf nicht erforderlich. Die nat\u00fcrliche Art, Sauerkraut selbst herzustellen - kinderleicht, lecker und gesund!\" \/>\n<meta property=\"og:url\" content=\"https:\/\/startercultures.eu\/de\/product\/fermentation-de\/gemuse-de\/werkzeuge\/fermentations-crock-fur-selbstgemachtes-sauerkraut\/\" \/>\n<meta property=\"og:site_name\" content=\"Startercultures.eu\" \/>\n<meta property=\"article:publisher\" content=\"https:\/\/www.facebook.com\/startercultureseu\" \/>\n<meta property=\"article:modified_time\" content=\"2024-11-26T11:31:43+00:00\" \/>\n<meta property=\"og:image\" content=\"https:\/\/startercultures.eu\/wp-content\/uploads\/2021\/10\/zuurkoolpot-e1634383307342.png\" \/>\n\t<meta property=\"og:image:width\" content=\"450\" \/>\n\t<meta property=\"og:image:height\" content=\"450\" \/>\n\t<meta property=\"og:image:type\" content=\"image\/png\" \/>\n<meta name=\"twitter:card\" content=\"summary_large_image\" \/>\n<meta name=\"twitter:label1\" content=\"Price\" \/>\n\t<meta name=\"twitter:data1\" content=\"79,99\" \/>\n\t<meta name=\"twitter:label2\" content=\"Availability\" \/>\n\t<meta name=\"twitter:data2\" content=\"Nicht auf Lager\" \/>\n<script type=\"application\/ld+json\" class=\"yoast-schema-graph\">{\"@context\":\"https:\/\/schema.org\",\"@graph\":[{\"@type\":\"WebPage\",\"@id\":\"https:\/\/startercultures.eu\/de\/product\/fermentation-de\/gemuse-de\/werkzeuge\/fermentations-crock-fur-selbstgemachtes-sauerkraut\/\",\"url\":\"https:\/\/startercultures.eu\/de\/product\/fermentation-de\/gemuse-de\/werkzeuge\/fermentations-crock-fur-selbstgemachtes-sauerkraut\/\",\"name\":\"G\u00e4rtopf f\u00fcr selbstgemachtes Sauerkraut | Startercultures.eu\",\"isPartOf\":{\"@id\":\"https:\/\/startercultures.eu\/de\/#website\"},\"primaryImageOfPage\":{\"@id\":\"https:\/\/startercultures.eu\/de\/product\/fermentation-de\/gemuse-de\/werkzeuge\/fermentations-crock-fur-selbstgemachtes-sauerkraut\/#primaryimage\"},\"image\":{\"@id\":\"https:\/\/startercultures.eu\/de\/product\/fermentation-de\/gemuse-de\/werkzeuge\/fermentations-crock-fur-selbstgemachtes-sauerkraut\/#primaryimage\"},\"thumbnailUrl\":\"https:\/\/startercultures.eu\/wp-content\/uploads\/2021\/10\/zuurkoolpot-e1634383307342.png\",\"datePublished\":\"2021-10-16T11:22:32+00:00\",\"dateModified\":\"2024-11-26T11:31:43+00:00\",\"description\":\"Konservierungsstoffe sind bei diesem G\u00e4rtopf nicht erforderlich. Die nat\u00fcrliche Art, Sauerkraut selbst herzustellen - kinderleicht, lecker und gesund!\",\"breadcrumb\":{\"@id\":\"https:\/\/startercultures.eu\/de\/product\/fermentation-de\/gemuse-de\/werkzeuge\/fermentations-crock-fur-selbstgemachtes-sauerkraut\/#breadcrumb\"},\"inLanguage\":\"de-DE\",\"potentialAction\":[{\"@type\":\"ReadAction\",\"target\":[\"https:\/\/startercultures.eu\/de\/product\/fermentation-de\/gemuse-de\/werkzeuge\/fermentations-crock-fur-selbstgemachtes-sauerkraut\/\"]}]},{\"@type\":\"ImageObject\",\"inLanguage\":\"de-DE\",\"@id\":\"https:\/\/startercultures.eu\/de\/product\/fermentation-de\/gemuse-de\/werkzeuge\/fermentations-crock-fur-selbstgemachtes-sauerkraut\/#primaryimage\",\"url\":\"https:\/\/startercultures.eu\/wp-content\/uploads\/2021\/10\/zuurkoolpot-e1634383307342.png\",\"contentUrl\":\"https:\/\/startercultures.eu\/wp-content\/uploads\/2021\/10\/zuurkoolpot-e1634383307342.png\",\"width\":450,\"height\":450,\"caption\":\"zuurkoolpot\"},{\"@type\":\"BreadcrumbList\",\"@id\":\"https:\/\/startercultures.eu\/de\/product\/fermentation-de\/gemuse-de\/werkzeuge\/fermentations-crock-fur-selbstgemachtes-sauerkraut\/#breadcrumb\",\"itemListElement\":[{\"@type\":\"ListItem\",\"position\":1,\"name\":\"Home\",\"item\":\"https:\/\/startercultures.eu\/de\/\"},{\"@type\":\"ListItem\",\"position\":2,\"name\":\"Shop\",\"item\":\"https:\/\/startercultures.eu\/shop\/\"},{\"@type\":\"ListItem\",\"position\":3,\"name\":\"G\u00e4rtopf | f\u00fcr selbstgemachtes Sauerkraut\"}]},{\"@type\":\"WebSite\",\"@id\":\"https:\/\/startercultures.eu\/de\/#website\",\"url\":\"https:\/\/startercultures.eu\/de\/\",\"name\":\"Startercultures.eu\",\"description\":\"Startercultures.eu\",\"publisher\":{\"@id\":\"https:\/\/startercultures.eu\/de\/#organization\"},\"potentialAction\":[{\"@type\":\"SearchAction\",\"target\":{\"@type\":\"EntryPoint\",\"urlTemplate\":\"https:\/\/startercultures.eu\/de\/?s={search_term_string}\"},\"query-input\":{\"@type\":\"PropertyValueSpecification\",\"valueRequired\":true,\"valueName\":\"search_term_string\"}}],\"inLanguage\":\"de-DE\"},{\"@type\":\"Organization\",\"@id\":\"https:\/\/startercultures.eu\/de\/#organization\",\"name\":\"Startercultures.eu\",\"url\":\"https:\/\/startercultures.eu\/de\/\",\"logo\":{\"@type\":\"ImageObject\",\"inLanguage\":\"de-DE\",\"@id\":\"https:\/\/startercultures.eu\/de\/#\/schema\/logo\/image\/\",\"url\":\"https:\/\/startercultures.eu\/wp-content\/uploads\/2020\/08\/startercultures-eu-nl-logo-rond-rgb.png\",\"contentUrl\":\"https:\/\/startercultures.eu\/wp-content\/uploads\/2020\/08\/startercultures-eu-nl-logo-rond-rgb.png\",\"width\":320,\"height\":320,\"caption\":\"Startercultures.eu\"},\"image\":{\"@id\":\"https:\/\/startercultures.eu\/de\/#\/schema\/logo\/image\/\"},\"sameAs\":[\"https:\/\/www.facebook.com\/startercultureseu\",\"https:\/\/www.instagram.com\/startercultures.eu\/\"]}]}<\/script>\n<meta property=\"product:price:amount\" content=\"79.99\" \/>\n<meta property=\"product:price:currency\" content=\"EUR\" \/>\n<meta property=\"og:availability\" content=\"out of stock\" \/>\n<meta property=\"product:availability\" content=\"out of stock\" \/>\n<meta property=\"product:retailer_item_id\" content=\"218\" \/>\n<meta property=\"product:condition\" content=\"new\" \/>\n<!-- \/ Yoast SEO plugin. -->","yoast_head_json":{"title":"G\u00e4rtopf f\u00fcr selbstgemachtes Sauerkraut | Startercultures.eu","description":"Konservierungsstoffe sind bei diesem G\u00e4rtopf nicht erforderlich. Die nat\u00fcrliche Art, Sauerkraut selbst herzustellen - kinderleicht, lecker und gesund!","robots":{"index":"index","follow":"follow","max-snippet":"max-snippet:-1","max-image-preview":"max-image-preview:large","max-video-preview":"max-video-preview:-1"},"canonical":"https:\/\/startercultures.eu\/de\/product\/fermentation-de\/gemuse-de\/werkzeuge\/fermentations-crock-fur-selbstgemachtes-sauerkraut\/","og_locale":"de_DE","og_type":"article","og_title":"G\u00e4rtopf f\u00fcr selbstgemachtes Sauerkraut | Startercultures.eu","og_description":"Konservierungsstoffe sind bei diesem G\u00e4rtopf nicht erforderlich. Die nat\u00fcrliche Art, Sauerkraut selbst herzustellen - kinderleicht, lecker und gesund!","og_url":"https:\/\/startercultures.eu\/de\/product\/fermentation-de\/gemuse-de\/werkzeuge\/fermentations-crock-fur-selbstgemachtes-sauerkraut\/","og_site_name":"Startercultures.eu","article_publisher":"https:\/\/www.facebook.com\/startercultureseu","article_modified_time":"2024-11-26T11:31:43+00:00","og_image":[{"width":450,"height":450,"url":"https:\/\/startercultures.eu\/wp-content\/uploads\/2021\/10\/zuurkoolpot-e1634383307342.png","type":"image\/png"}],"twitter_card":"summary_large_image","twitter_misc":{"Price":"79,99","Availability":"Nicht auf Lager"},"schema":{"@context":"https:\/\/schema.org","@graph":[{"@type":"WebPage","@id":"https:\/\/startercultures.eu\/de\/product\/fermentation-de\/gemuse-de\/werkzeuge\/fermentations-crock-fur-selbstgemachtes-sauerkraut\/","url":"https:\/\/startercultures.eu\/de\/product\/fermentation-de\/gemuse-de\/werkzeuge\/fermentations-crock-fur-selbstgemachtes-sauerkraut\/","name":"G\u00e4rtopf f\u00fcr selbstgemachtes Sauerkraut | Startercultures.eu","isPartOf":{"@id":"https:\/\/startercultures.eu\/de\/#website"},"primaryImageOfPage":{"@id":"https:\/\/startercultures.eu\/de\/product\/fermentation-de\/gemuse-de\/werkzeuge\/fermentations-crock-fur-selbstgemachtes-sauerkraut\/#primaryimage"},"image":{"@id":"https:\/\/startercultures.eu\/de\/product\/fermentation-de\/gemuse-de\/werkzeuge\/fermentations-crock-fur-selbstgemachtes-sauerkraut\/#primaryimage"},"thumbnailUrl":"https:\/\/startercultures.eu\/wp-content\/uploads\/2021\/10\/zuurkoolpot-e1634383307342.png","datePublished":"2021-10-16T11:22:32+00:00","dateModified":"2024-11-26T11:31:43+00:00","description":"Konservierungsstoffe sind bei diesem G\u00e4rtopf nicht erforderlich. Die nat\u00fcrliche Art, Sauerkraut selbst herzustellen - kinderleicht, lecker und gesund!","breadcrumb":{"@id":"https:\/\/startercultures.eu\/de\/product\/fermentation-de\/gemuse-de\/werkzeuge\/fermentations-crock-fur-selbstgemachtes-sauerkraut\/#breadcrumb"},"inLanguage":"de-DE","potentialAction":[{"@type":"ReadAction","target":["https:\/\/startercultures.eu\/de\/product\/fermentation-de\/gemuse-de\/werkzeuge\/fermentations-crock-fur-selbstgemachtes-sauerkraut\/"]}]},{"@type":"ImageObject","inLanguage":"de-DE","@id":"https:\/\/startercultures.eu\/de\/product\/fermentation-de\/gemuse-de\/werkzeuge\/fermentations-crock-fur-selbstgemachtes-sauerkraut\/#primaryimage","url":"https:\/\/startercultures.eu\/wp-content\/uploads\/2021\/10\/zuurkoolpot-e1634383307342.png","contentUrl":"https:\/\/startercultures.eu\/wp-content\/uploads\/2021\/10\/zuurkoolpot-e1634383307342.png","width":450,"height":450,"caption":"zuurkoolpot"},{"@type":"BreadcrumbList","@id":"https:\/\/startercultures.eu\/de\/product\/fermentation-de\/gemuse-de\/werkzeuge\/fermentations-crock-fur-selbstgemachtes-sauerkraut\/#breadcrumb","itemListElement":[{"@type":"ListItem","position":1,"name":"Home","item":"https:\/\/startercultures.eu\/de\/"},{"@type":"ListItem","position":2,"name":"Shop","item":"https:\/\/startercultures.eu\/shop\/"},{"@type":"ListItem","position":3,"name":"G\u00e4rtopf | f\u00fcr selbstgemachtes Sauerkraut"}]},{"@type":"WebSite","@id":"https:\/\/startercultures.eu\/de\/#website","url":"https:\/\/startercultures.eu\/de\/","name":"Startercultures.eu","description":"Startercultures.eu","publisher":{"@id":"https:\/\/startercultures.eu\/de\/#organization"},"potentialAction":[{"@type":"SearchAction","target":{"@type":"EntryPoint","urlTemplate":"https:\/\/startercultures.eu\/de\/?s={search_term_string}"},"query-input":{"@type":"PropertyValueSpecification","valueRequired":true,"valueName":"search_term_string"}}],"inLanguage":"de-DE"},{"@type":"Organization","@id":"https:\/\/startercultures.eu\/de\/#organization","name":"Startercultures.eu","url":"https:\/\/startercultures.eu\/de\/","logo":{"@type":"ImageObject","inLanguage":"de-DE","@id":"https:\/\/startercultures.eu\/de\/#\/schema\/logo\/image\/","url":"https:\/\/startercultures.eu\/wp-content\/uploads\/2020\/08\/startercultures-eu-nl-logo-rond-rgb.png","contentUrl":"https:\/\/startercultures.eu\/wp-content\/uploads\/2020\/08\/startercultures-eu-nl-logo-rond-rgb.png","width":320,"height":320,"caption":"Startercultures.eu"},"image":{"@id":"https:\/\/startercultures.eu\/de\/#\/schema\/logo\/image\/"},"sameAs":["https:\/\/www.facebook.com\/startercultureseu","https:\/\/www.instagram.com\/startercultures.eu\/"]}]},"product_price_amount":"79.99","product_price_currency":"EUR","og_availability":"out of stock","product_availability":"out of stock","product_retailer_item_id":"218","product_condition":"new"},"_links":{"self":[{"href":"https:\/\/startercultures.eu\/de\/wp-json\/wp\/v2\/product\/27141","targetHints":{"allow":["GET"]}}],"collection":[{"href":"https:\/\/startercultures.eu\/de\/wp-json\/wp\/v2\/product"}],"about":[{"href":"https:\/\/startercultures.eu\/de\/wp-json\/wp\/v2\/types\/product"}],"replies":[{"embeddable":true,"href":"https:\/\/startercultures.eu\/de\/wp-json\/wp\/v2\/comments?post=27141"}],"version-history":[{"count":1,"href":"https:\/\/startercultures.eu\/de\/wp-json\/wp\/v2\/product\/27141\/revisions"}],"predecessor-version":[{"id":65360,"href":"https:\/\/startercultures.eu\/de\/wp-json\/wp\/v2\/product\/27141\/revisions\/65360"}],"wp:featuredmedia":[{"embeddable":true,"href":"https:\/\/startercultures.eu\/de\/wp-json\/wp\/v2\/media\/24305"}],"wp:attachment":[{"href":"https:\/\/startercultures.eu\/de\/wp-json\/wp\/v2\/media?parent=27141"}],"wp:term":[{"taxonomy":"product_brand","embeddable":true,"href":"https:\/\/startercultures.eu\/de\/wp-json\/wp\/v2\/product_brand?post=27141"},{"taxonomy":"product_cat","embeddable":true,"href":"https:\/\/startercultures.eu\/de\/wp-json\/wp\/v2\/product_cat?post=27141"},{"taxonomy":"product_tag","embeddable":true,"href":"https:\/\/startercultures.eu\/de\/wp-json\/wp\/v2\/product_tag?post=27141"}],"curies":[{"name":"wp","href":"https:\/\/api.w.org\/{rel}","templated":true}]}}