{"id":31615,"date":"2022-12-31T13:21:28","date_gmt":"2022-12-31T12:21:28","guid":{"rendered":"https:\/\/startercultures.eu\/?post_type=product&#038;p=31615"},"modified":"2025-12-17T21:27:04","modified_gmt":"2025-12-17T20:27:04","slug":"geruhrte-ziegenjoghurt-starterkultur","status":"publish","type":"product","link":"https:\/\/startercultures.eu\/de\/product\/fermentation-de\/molkerei\/joghurt\/geruhrte-ziegenjoghurt-starterkultur\/","title":{"rendered":"Ger\u00fchrte Ziegenjoghurt-Starterkultur"},"content":{"rendered":"<p>Milchprodukte selbst herzustellen ist unendlich viel leckerer und macht mehr Spa\u00df als sie im Laden zu kaufen. Stellen Sie mit dieser gefriergetrockneten klassischen R\u00fchrjoghurt-Starterkultur Ihren eigenen Joghurt zu Hause her. Durch Ver\u00e4nderung der Fermentationstemperatur k\u00f6nnen Sie die Festigkeit einstellen. Mit dem letzten Essl\u00f6ffel Ihres Joghurts k\u00f6nnen Sie bis zu f\u00fcnf Mal neuen Joghurt herstellen! Diese Kultur ist am besten f\u00fcr Ziegenjoghurts der ger\u00fchrten Variante geeignet.<\/p>\n<h3>Was ist Joghurt?<\/h3>\n<p>Joghurt ist ein Lebensmittelprodukt, das durch bakterielle Fermentation von Milch hergestellt wird. Die Bakterien, die zur Herstellung von Joghurt verwendet werden, nennt man Joghurtkulturen. Bei der Fermentierung des Zuckers in der Milch durch diese Bakterien entsteht Milchs\u00e4ure, die auf das Milcheiwei\u00df einwirkt und dem Joghurt seine Konsistenz und seinen charakteristischen s\u00e4uerlichen Geschmack verleiht. Kuhmilch ist weltweit erh\u00e4ltlich und wird daher am h\u00e4ufigsten zur Herstellung von Joghurt verwendet. Auch Milch von Wasserb\u00fcffeln, Ziegen, Mutterschafen, Stuten, Kamelen, Yaks und Pflanzenmilch wird zur Herstellung von Joghurt verwendet. Die verwendete Milch kann homogenisiert sein oder nicht. Sie kann pasteurisiert oder roh sein. Jede Milchsorte und jede Art von Starterkultur f\u00fchrt zu sehr unterschiedlichen Ergebnissen.<\/p>\n<h3>\u00dcber diese ger\u00fchrte Ziegenjoghurt-Starterkultur.<\/h3>\n<p>Diese ger\u00fchrte Ziegenjoghurt-Starterkultur ist eine traditionelle, schn\u00f6rkellose Art von thermophilem Joghurt, die ein mildes und cremiges Ergebnis liefert. Er ist am besten f\u00fcr Ziegenmilch geeignet. Ziegenjoghurt kann eine gute Alternative f\u00fcr Menschen sein, die Milchprodukte von K\u00fchen nicht vertragen. Das liegt vor allem am Laktosegehalt der Milch, der bei Ziegenmilch geringer ist. Der Hauptunterschied liegt jedoch in der Zusammensetzung der Fetts\u00e4uren, die eine schnelle Energiequelle darstellen und nicht als K\u00f6rperfett gespeichert werden.<br \/>\nZiegenjoghurt ist reich an mehrfachen und damit langsamen Kohlenhydraten. Da diese erst im Dickdarm verdaut werden, sorgt er f\u00fcr eine gute Verdauung, eine gesunde Darmflora und einen reibungslosen Stuhlgang. Und obendrein: Die Iren schw\u00f6ren darauf, dass Ziegenjoghurt die Sch\u00f6nheit f\u00f6rdert!<\/p>\n<p>Er ist sehr einfach zu verarbeiten und sehr ergiebig. Dieser Joghurt ist ger\u00fchrt oder europ\u00e4isch&#8221;. Er bleibt cremig und weich, wenn man ihn umr\u00fchrt, im Gegensatz zur &#8220;festen&#8221; Variante vom Balkan. Beide sind gut, nur anders.<\/p>\n<h3>Thermophile Joghurt-Variante<\/h3>\n<p>Bitte beachten Sie, dass es sich um eine thermophile, w\u00e4rmeliebende Joghurtvariante handelt. Sie brauchen also einen warmen Ort, z. B. einen Joghurtbereiter, ein Sous-Vide-Ger\u00e4t, einen Dampfgarer oder einen Instant-Topf, um ihn herzustellen. Weitere Informationen finden Sie unten.<\/p>\n<h3>Inhalt ger\u00fchrte Ziegenjoghurt-Starterkultur<\/h3>\n<ul>\n<li>NEUE Gr\u00f6\u00dfe: 3 Gramm f\u00fcr 20 Liter (!)<\/li>\n<li>Wiederverwendbar, machen Sie neuen Joghurt aus Ihrem bestehenden Joghurt<\/li>\n<li>Sie k\u00f6nnen auch Kokosnussmilch verwenden, m\u00fcssen aber ein Verdickungsmittel hinzuf\u00fcgen.<\/li>\n<li>Hergestellt in Frankreich.<\/li>\n<li>Allergene: Milch<\/li>\n<\/ul>\n<h3>Mikroorganismen<\/h3>\n<p>Lactobacillus delbrueckii sub bulgaricus (oft einfach als Lactobacillus bulgaricus bezeichnet) und Streptococcus salivarius sub thermophilus (oft abgek\u00fcrzt als Streptococcus thermophilus).<\/p>\n<h3>Lagerungshinweise ger\u00fchrte Joghurt-Starterkultur<\/h3>\n<p>Im Gefrierschrank. Lagern Sie den Joghurtstarter nach Gebrauch im Gefrierschrank in einem Ziploc-Beutel oder in einem Vakuum. Der Starter ist sehr hydrophil &#8211; wenn Feuchtigkeit in die Verpackung gelangt, verschlechtert sich die Qualit\u00e4t. Im Gefrierfach ist er etwa 2 Jahre haltbar.<\/p>\n<h3>So stellen Sie Ihren eigenen Joghurt her<\/h3>\n<ul>\n<li>Sie k\u00f6nnen jede Milch verwenden, die Sie wollen &#8211; K\u00fche, Schafe, Ziegen, Magermilch, Vollmilch, roh, pasteurisiert, sterilisiert, es geht immer!<\/li>\n<li>Erhitzen Sie die Milch zun\u00e4chst zehn Minuten lang unter R\u00fchren auf ca. 90 \u00b0C. Das sorgt sp\u00e4ter f\u00fcr einen extra festen Joghurt. Wenn Sie sterilisierte (H-Milch) verwenden, ist das nicht n\u00f6tig.<\/li>\n<li>Lassen Sie sie auf die gew\u00fcnschte Temperatur abk\u00fchlen (ca. 32 \u00b0C)<\/li>\n<li>F\u00fcgen Sie den Starter hinzu<\/li>\n<li>Gut verr\u00fchren<\/li>\n<li>Halten Sie die Milch auf der richtigen Temperatur. Wickeln Sie sie in Decken ein, decken Sie sie mit einer Teekappe ab, erw\u00e4rmen Sie sie sous vide oder in einer Thermoskanne und lassen Sie sie ruhen.<\/li>\n<li>Nach etwa 12-20 Stunden ist der Joghurt fertig.<\/li>\n<li>Pr\u00fcfen Sie, ob er fest genug ist. M\u00f6glicherweise braucht er noch ein paar Stunden. Gut verr\u00fchren.<\/li>\n<li>Abk\u00fchlen lassen und servieren.<\/li>\n<li>Der Joghurt h\u00e4lt sich im K\u00fchlschrank mindestens zwei Wochen.<\/li>\n<li>Heben Sie ein wenig auf, um neuen Joghurt zu impfen.<\/li>\n<\/ul>\n","protected":false},"excerpt":{"rendered":"<p>Milchprodukte selbst herzustellen ist unendlich viel schmackhafter und macht mehr Spa\u00df. Machen Sie Ihren eigenen Ziegenjoghurt zu Hause mit dieser ger\u00fchrten Joghurt-Starterkultur. Neue Gr\u00f6\u00dfe: 20 Liter!<\/p>\n","protected":false},"featured_media":31619,"comment_status":"open","ping_status":"closed","template":"","meta":{"_acf_changed":false,"footnotes":""},"product_brand":[],"product_cat":[675,677,811],"product_tag":[],"class_list":{"0":"post-31615","1":"product","2":"type-product","3":"status-publish","4":"has-post-thumbnail","6":"product_cat-joghurt","7":"product_cat-starterkulturen-de","8":"product_cat-thermophile","9":"pa_ean-817","11":"first","12":"instock","13":"taxable","14":"shipping-taxable","15":"purchasable","16":"product-type-simple"},"acf":[],"yoast_head":"<!-- This site is optimized with the Yoast SEO plugin v26.6 - https:\/\/yoast.com\/wordpress\/plugins\/seo\/ -->\n<title>Ger\u00fchrte Ziegenjoghurt-Starterkultur - Startercultures.eu<\/title>\n<meta name=\"description\" content=\"Machen Sie Ihren eigenen Ziegenjoghurt zu Hause mit dieser ger\u00fchrten Joghurt-Starterkultur.\" \/>\n<meta name=\"robots\" content=\"index, follow, max-snippet:-1, max-image-preview:large, max-video-preview:-1\" \/>\n<link rel=\"canonical\" href=\"https:\/\/startercultures.eu\/de\/product\/fermentation-de\/molkerei\/joghurt\/geruhrte-ziegenjoghurt-starterkultur\/\" \/>\n<meta property=\"og:locale\" content=\"de_DE\" \/>\n<meta property=\"og:type\" content=\"article\" \/>\n<meta property=\"og:title\" content=\"Ger\u00fchrte Ziegenjoghurt-Starterkultur - Startercultures.eu\" \/>\n<meta property=\"og:description\" content=\"Machen Sie Ihren eigenen Ziegenjoghurt zu Hause mit dieser ger\u00fchrten Joghurt-Starterkultur.\" \/>\n<meta property=\"og:url\" content=\"https:\/\/startercultures.eu\/de\/product\/fermentation-de\/molkerei\/joghurt\/geruhrte-ziegenjoghurt-starterkultur\/\" \/>\n<meta property=\"og:site_name\" content=\"Startercultures.eu\" \/>\n<meta property=\"article:publisher\" content=\"https:\/\/www.facebook.com\/startercultureseu\" \/>\n<meta property=\"article:modified_time\" content=\"2025-12-17T20:27:04+00:00\" \/>\n<meta property=\"og:image\" content=\"https:\/\/startercultures.eu\/wp-content\/uploads\/2022\/12\/294-stirred-goat-yoghurt-mockup.png\" \/>\n\t<meta property=\"og:image:width\" content=\"1360\" \/>\n\t<meta property=\"og:image:height\" content=\"1360\" \/>\n\t<meta property=\"og:image:type\" content=\"image\/png\" \/>\n<meta name=\"twitter:card\" content=\"summary_large_image\" \/>\n<meta name=\"twitter:label1\" content=\"Price\" \/>\n\t<meta name=\"twitter:data1\" content=\"11,99\" \/>\n\t<meta name=\"twitter:label2\" content=\"Availability\" \/>\n\t<meta name=\"twitter:data2\" content=\"Vorr\u00e4tig\" \/>\n<script type=\"application\/ld+json\" class=\"yoast-schema-graph\">{\"@context\":\"https:\/\/schema.org\",\"@graph\":[{\"@type\":\"WebPage\",\"@id\":\"https:\/\/startercultures.eu\/de\/product\/fermentation-de\/molkerei\/joghurt\/geruhrte-ziegenjoghurt-starterkultur\/\",\"url\":\"https:\/\/startercultures.eu\/de\/product\/fermentation-de\/molkerei\/joghurt\/geruhrte-ziegenjoghurt-starterkultur\/\",\"name\":\"Ger\u00fchrte Ziegenjoghurt-Starterkultur - Startercultures.eu\",\"isPartOf\":{\"@id\":\"https:\/\/startercultures.eu\/de\/#website\"},\"primaryImageOfPage\":{\"@id\":\"https:\/\/startercultures.eu\/de\/product\/fermentation-de\/molkerei\/joghurt\/geruhrte-ziegenjoghurt-starterkultur\/#primaryimage\"},\"image\":{\"@id\":\"https:\/\/startercultures.eu\/de\/product\/fermentation-de\/molkerei\/joghurt\/geruhrte-ziegenjoghurt-starterkultur\/#primaryimage\"},\"thumbnailUrl\":\"https:\/\/startercultures.eu\/wp-content\/uploads\/2022\/12\/294-stirred-goat-yoghurt-mockup.png\",\"datePublished\":\"2022-12-31T12:21:28+00:00\",\"dateModified\":\"2025-12-17T20:27:04+00:00\",\"description\":\"Machen Sie Ihren eigenen Ziegenjoghurt zu Hause mit dieser ger\u00fchrten Joghurt-Starterkultur.\",\"breadcrumb\":{\"@id\":\"https:\/\/startercultures.eu\/de\/product\/fermentation-de\/molkerei\/joghurt\/geruhrte-ziegenjoghurt-starterkultur\/#breadcrumb\"},\"inLanguage\":\"de-DE\",\"potentialAction\":[{\"@type\":\"ReadAction\",\"target\":[\"https:\/\/startercultures.eu\/de\/product\/fermentation-de\/molkerei\/joghurt\/geruhrte-ziegenjoghurt-starterkultur\/\"]}]},{\"@type\":\"ImageObject\",\"inLanguage\":\"de-DE\",\"@id\":\"https:\/\/startercultures.eu\/de\/product\/fermentation-de\/molkerei\/joghurt\/geruhrte-ziegenjoghurt-starterkultur\/#primaryimage\",\"url\":\"https:\/\/startercultures.eu\/wp-content\/uploads\/2022\/12\/294-stirred-goat-yoghurt-mockup.png\",\"contentUrl\":\"https:\/\/startercultures.eu\/wp-content\/uploads\/2022\/12\/294-stirred-goat-yoghurt-mockup.png\",\"width\":1360,\"height\":1360,\"caption\":\"goat yoghurt starter culture\"},{\"@type\":\"BreadcrumbList\",\"@id\":\"https:\/\/startercultures.eu\/de\/product\/fermentation-de\/molkerei\/joghurt\/geruhrte-ziegenjoghurt-starterkultur\/#breadcrumb\",\"itemListElement\":[{\"@type\":\"ListItem\",\"position\":1,\"name\":\"Home\",\"item\":\"https:\/\/startercultures.eu\/de\/\"},{\"@type\":\"ListItem\",\"position\":2,\"name\":\"Shop\",\"item\":\"https:\/\/startercultures.eu\/shop\/\"},{\"@type\":\"ListItem\",\"position\":3,\"name\":\"Ger\u00fchrte Ziegenjoghurt-Starterkultur\"}]},{\"@type\":\"WebSite\",\"@id\":\"https:\/\/startercultures.eu\/de\/#website\",\"url\":\"https:\/\/startercultures.eu\/de\/\",\"name\":\"Startercultures.eu\",\"description\":\"Startercultures.eu\",\"publisher\":{\"@id\":\"https:\/\/startercultures.eu\/de\/#organization\"},\"potentialAction\":[{\"@type\":\"SearchAction\",\"target\":{\"@type\":\"EntryPoint\",\"urlTemplate\":\"https:\/\/startercultures.eu\/de\/?s={search_term_string}\"},\"query-input\":{\"@type\":\"PropertyValueSpecification\",\"valueRequired\":true,\"valueName\":\"search_term_string\"}}],\"inLanguage\":\"de-DE\"},{\"@type\":\"Organization\",\"@id\":\"https:\/\/startercultures.eu\/de\/#organization\",\"name\":\"Startercultures.eu\",\"url\":\"https:\/\/startercultures.eu\/de\/\",\"logo\":{\"@type\":\"ImageObject\",\"inLanguage\":\"de-DE\",\"@id\":\"https:\/\/startercultures.eu\/de\/#\/schema\/logo\/image\/\",\"url\":\"https:\/\/startercultures.eu\/wp-content\/uploads\/2020\/08\/startercultures-eu-nl-logo-rond-rgb.png\",\"contentUrl\":\"https:\/\/startercultures.eu\/wp-content\/uploads\/2020\/08\/startercultures-eu-nl-logo-rond-rgb.png\",\"width\":320,\"height\":320,\"caption\":\"Startercultures.eu\"},\"image\":{\"@id\":\"https:\/\/startercultures.eu\/de\/#\/schema\/logo\/image\/\"},\"sameAs\":[\"https:\/\/www.facebook.com\/startercultureseu\",\"https:\/\/www.instagram.com\/startercultures.eu\/\"],\"hasMerchantReturnPolicy\":{\"@type\":\"MerchantReturnPolicy\",\"merchantReturnLink\":\"https:\/\/startercultures.eu\/return-policy\/\"}}]}<\/script>\n<meta property=\"product:price:amount\" content=\"11.99\" \/>\n<meta property=\"product:price:currency\" content=\"EUR\" \/>\n<meta property=\"og:availability\" content=\"instock\" \/>\n<meta property=\"product:availability\" content=\"instock\" \/>\n<meta property=\"product:retailer_item_id\" content=\"294\" \/>\n<meta property=\"product:condition\" content=\"new\" \/>\n<!-- \/ Yoast SEO plugin. -->","yoast_head_json":{"title":"Ger\u00fchrte Ziegenjoghurt-Starterkultur - Startercultures.eu","description":"Machen Sie Ihren eigenen Ziegenjoghurt zu Hause mit dieser ger\u00fchrten Joghurt-Starterkultur.","robots":{"index":"index","follow":"follow","max-snippet":"max-snippet:-1","max-image-preview":"max-image-preview:large","max-video-preview":"max-video-preview:-1"},"canonical":"https:\/\/startercultures.eu\/de\/product\/fermentation-de\/molkerei\/joghurt\/geruhrte-ziegenjoghurt-starterkultur\/","og_locale":"de_DE","og_type":"article","og_title":"Ger\u00fchrte Ziegenjoghurt-Starterkultur - Startercultures.eu","og_description":"Machen Sie Ihren eigenen Ziegenjoghurt zu Hause mit dieser ger\u00fchrten Joghurt-Starterkultur.","og_url":"https:\/\/startercultures.eu\/de\/product\/fermentation-de\/molkerei\/joghurt\/geruhrte-ziegenjoghurt-starterkultur\/","og_site_name":"Startercultures.eu","article_publisher":"https:\/\/www.facebook.com\/startercultureseu","article_modified_time":"2025-12-17T20:27:04+00:00","og_image":[{"width":1360,"height":1360,"url":"https:\/\/startercultures.eu\/wp-content\/uploads\/2022\/12\/294-stirred-goat-yoghurt-mockup.png","type":"image\/png"}],"twitter_card":"summary_large_image","twitter_misc":{"Price":"11,99","Availability":"Vorr\u00e4tig"},"schema":{"@context":"https:\/\/schema.org","@graph":[{"@type":"WebPage","@id":"https:\/\/startercultures.eu\/de\/product\/fermentation-de\/molkerei\/joghurt\/geruhrte-ziegenjoghurt-starterkultur\/","url":"https:\/\/startercultures.eu\/de\/product\/fermentation-de\/molkerei\/joghurt\/geruhrte-ziegenjoghurt-starterkultur\/","name":"Ger\u00fchrte Ziegenjoghurt-Starterkultur - Startercultures.eu","isPartOf":{"@id":"https:\/\/startercultures.eu\/de\/#website"},"primaryImageOfPage":{"@id":"https:\/\/startercultures.eu\/de\/product\/fermentation-de\/molkerei\/joghurt\/geruhrte-ziegenjoghurt-starterkultur\/#primaryimage"},"image":{"@id":"https:\/\/startercultures.eu\/de\/product\/fermentation-de\/molkerei\/joghurt\/geruhrte-ziegenjoghurt-starterkultur\/#primaryimage"},"thumbnailUrl":"https:\/\/startercultures.eu\/wp-content\/uploads\/2022\/12\/294-stirred-goat-yoghurt-mockup.png","datePublished":"2022-12-31T12:21:28+00:00","dateModified":"2025-12-17T20:27:04+00:00","description":"Machen Sie Ihren eigenen Ziegenjoghurt zu Hause mit dieser ger\u00fchrten Joghurt-Starterkultur.","breadcrumb":{"@id":"https:\/\/startercultures.eu\/de\/product\/fermentation-de\/molkerei\/joghurt\/geruhrte-ziegenjoghurt-starterkultur\/#breadcrumb"},"inLanguage":"de-DE","potentialAction":[{"@type":"ReadAction","target":["https:\/\/startercultures.eu\/de\/product\/fermentation-de\/molkerei\/joghurt\/geruhrte-ziegenjoghurt-starterkultur\/"]}]},{"@type":"ImageObject","inLanguage":"de-DE","@id":"https:\/\/startercultures.eu\/de\/product\/fermentation-de\/molkerei\/joghurt\/geruhrte-ziegenjoghurt-starterkultur\/#primaryimage","url":"https:\/\/startercultures.eu\/wp-content\/uploads\/2022\/12\/294-stirred-goat-yoghurt-mockup.png","contentUrl":"https:\/\/startercultures.eu\/wp-content\/uploads\/2022\/12\/294-stirred-goat-yoghurt-mockup.png","width":1360,"height":1360,"caption":"goat yoghurt starter culture"},{"@type":"BreadcrumbList","@id":"https:\/\/startercultures.eu\/de\/product\/fermentation-de\/molkerei\/joghurt\/geruhrte-ziegenjoghurt-starterkultur\/#breadcrumb","itemListElement":[{"@type":"ListItem","position":1,"name":"Home","item":"https:\/\/startercultures.eu\/de\/"},{"@type":"ListItem","position":2,"name":"Shop","item":"https:\/\/startercultures.eu\/shop\/"},{"@type":"ListItem","position":3,"name":"Ger\u00fchrte Ziegenjoghurt-Starterkultur"}]},{"@type":"WebSite","@id":"https:\/\/startercultures.eu\/de\/#website","url":"https:\/\/startercultures.eu\/de\/","name":"Startercultures.eu","description":"Startercultures.eu","publisher":{"@id":"https:\/\/startercultures.eu\/de\/#organization"},"potentialAction":[{"@type":"SearchAction","target":{"@type":"EntryPoint","urlTemplate":"https:\/\/startercultures.eu\/de\/?s={search_term_string}"},"query-input":{"@type":"PropertyValueSpecification","valueRequired":true,"valueName":"search_term_string"}}],"inLanguage":"de-DE"},{"@type":"Organization","@id":"https:\/\/startercultures.eu\/de\/#organization","name":"Startercultures.eu","url":"https:\/\/startercultures.eu\/de\/","logo":{"@type":"ImageObject","inLanguage":"de-DE","@id":"https:\/\/startercultures.eu\/de\/#\/schema\/logo\/image\/","url":"https:\/\/startercultures.eu\/wp-content\/uploads\/2020\/08\/startercultures-eu-nl-logo-rond-rgb.png","contentUrl":"https:\/\/startercultures.eu\/wp-content\/uploads\/2020\/08\/startercultures-eu-nl-logo-rond-rgb.png","width":320,"height":320,"caption":"Startercultures.eu"},"image":{"@id":"https:\/\/startercultures.eu\/de\/#\/schema\/logo\/image\/"},"sameAs":["https:\/\/www.facebook.com\/startercultureseu","https:\/\/www.instagram.com\/startercultures.eu\/"],"hasMerchantReturnPolicy":{"@type":"MerchantReturnPolicy","merchantReturnLink":"https:\/\/startercultures.eu\/return-policy\/"}}]},"product_price_amount":"11.99","product_price_currency":"EUR","og_availability":"instock","product_availability":"instock","product_retailer_item_id":"294","product_condition":"new"},"_links":{"self":[{"href":"https:\/\/startercultures.eu\/de\/wp-json\/wp\/v2\/product\/31615","targetHints":{"allow":["GET"]}}],"collection":[{"href":"https:\/\/startercultures.eu\/de\/wp-json\/wp\/v2\/product"}],"about":[{"href":"https:\/\/startercultures.eu\/de\/wp-json\/wp\/v2\/types\/product"}],"replies":[{"embeddable":true,"href":"https:\/\/startercultures.eu\/de\/wp-json\/wp\/v2\/comments?post=31615"}],"version-history":[{"count":2,"href":"https:\/\/startercultures.eu\/de\/wp-json\/wp\/v2\/product\/31615\/revisions"}],"predecessor-version":[{"id":78180,"href":"https:\/\/startercultures.eu\/de\/wp-json\/wp\/v2\/product\/31615\/revisions\/78180"}],"wp:featuredmedia":[{"embeddable":true,"href":"https:\/\/startercultures.eu\/de\/wp-json\/wp\/v2\/media\/31619"}],"wp:attachment":[{"href":"https:\/\/startercultures.eu\/de\/wp-json\/wp\/v2\/media?parent=31615"}],"wp:term":[{"taxonomy":"product_brand","embeddable":true,"href":"https:\/\/startercultures.eu\/de\/wp-json\/wp\/v2\/product_brand?post=31615"},{"taxonomy":"product_cat","embeddable":true,"href":"https:\/\/startercultures.eu\/de\/wp-json\/wp\/v2\/product_cat?post=31615"},{"taxonomy":"product_tag","embeddable":true,"href":"https:\/\/startercultures.eu\/de\/wp-json\/wp\/v2\/product_tag?post=31615"}],"curies":[{"name":"wp","href":"https:\/\/api.w.org\/{rel}","templated":true}]}}