{"id":36391,"date":"2023-04-18T13:24:17","date_gmt":"2023-04-18T11:24:17","guid":{"rendered":"https:\/\/startercultures.eu\/product\/uncategorized\/aspergillus-sojae-for-soy-sauce-miso\/"},"modified":"2026-04-17T01:15:28","modified_gmt":"2026-04-16T23:15:28","slug":"aspergillus-sojae-for-soy-sauce-miso","status":"publish","type":"product","link":"https:\/\/startercultures.eu\/de\/product\/fermentation-de\/aspergillus-sojae-for-soy-sauce-miso\/","title":{"rendered":"Aspergillus sojae | f\u00fcr Sojaso\u00dfe, Miso und Sake"},"content":{"rendered":"<p><em>Aspergillus sojae<\/em> ist eine Schimmelpilzart, die bei der Herstellung traditioneller asiatischer fermentierter Lebensmittel wie Sojasauce, Miso und Sake weit verbreitet ist. Dieser Schimmelpilz geh\u00f6rt zur Gattung <em>Aspergillus<\/em>, die \u00fcber 300 Arten umfasst.<\/p>\n<h3>Wof\u00fcr wird Aspergillus sojae verwendet?<\/h3>\n<p><em>Aspergillus sojae<\/em> wird vor allem wegen seiner F\u00e4higkeit gesch\u00e4tzt, eine Reihe von Enzymen zu produzieren, darunter Proteasen, Lipasen und Amylasen, die eine entscheidende Rolle im Fermentationsprozess spielen. Diese Enzyme spalten die in den Rohstoffen enthaltenen Proteine, Fette und Kohlenhydrate auf, setzen Geschmacks- und Aromastoffe frei und ver\u00e4ndern die Textur und die N\u00e4hrwerteigenschaften des Endprodukts. <em>A.Sojae<\/em> ist besonders gut darin, Proteine aufzuspalten und ergibt Koji mit weniger S\u00fc\u00dfe, was ihn perfekt f\u00fcr die Herstellung von salzigen fermentierten Lebensmitteln wie Sojasauce oder Miso macht &#8211; und damit Umami erzeugt.<\/p>\n<p>In Japan wird es zur Herstellung des Ferments (k\u014dji) von Sojasauce, Miso, Mirin und anderen fermentierten Gew\u00fcrzen wie Tsukemono verwendet. Au\u00dferdem kann man Sojasauce herstellen, indem man Sojabohnen mit <em>A. sojae<\/em> zusammen mit Wasser und Salz fermentiert.<\/p>\n<p>Es erzeugt anfangs langsam W\u00e4rme und sp\u00e4ter schnell. Es hat einen einzigartigen Geruch, der durch niedrige \u03b1-Amylase und hohe Protease sowie hohe Glutaminase verursacht wird. Dieser Koji f\u00e4rbt nicht so stark.<\/p>\n<h3>Der Unterschied zwischen Aspergillus oryzae und Aspergillus sojae.<\/h3>\n<p>Im Vergleich zu <a href=\"https:\/\/startercultures.eu\/de\/product\/fermentation-de\/koji-de\/koji-fur-miso\/\" target=\"_blank\" rel=\"noopener\"><em>Aspergillus oryzae<\/em> (&#8220;Koji&#8221;)<\/a>, der anderen in der traditionellen asiatischen Fermentation weit verbreiteten Schimmelpilzart, besitzt Aspergillus sojae eine ausgepr\u00e4gtere proteolytische Aktivit\u00e4t &#8211; das hei\u00dft, er kann besonders gut Proteine aufspalten und Umami erzeugen -, was ihn f\u00fcr die Herstellung fermentierter Sojaprodukte besonders geeignet macht. Die beiden Arten haben jedoch viele gemeinsame Eigenschaften und werden oft in Kombination verwendet, um ein ausgewogenes und komplexes Geschmacksprofil zu erzielen.<\/p>\n<p>Ein weiterer Unterschied zwischen den beiden Arten ist ihre Morphologie. Aspergillus oryzae w\u00e4chst typischerweise als flauschiger, wei\u00dfer Schimmel, w\u00e4hrend Aspergillus sojae eher einen dunkleren, samtigen Schimmel bildet.<\/p>\n<h3>Inhalt<\/h3>\n<ul>\n<li>Inhaltsstoffe: Schimmelpilz Aspergillus sojae<\/li>\n<li>Erh\u00e4ltlich in zwei Gr\u00f6\u00dfen: 15 gr. f\u00fcr 5 kg oder 200 gr. f\u00fcr 900 (!) kg Sojabohnen<\/li>\n<li>Lagerungshinweise: Die Sporen sind im K\u00fchlschrank mindestens 6 Monate, im Gefrierschrank mehr als ein Jahr haltbar.<\/li>\n<li>Herkunft: Japan<\/li>\n<\/ul>\n<p data-start=\"1227\" data-end=\"1509\">Die kleinen Standardverpackungen enthalten reine Sporen, gemischt mit Reismehl. Die Sporen sind so leicht, dass sie sich bei kleinen Reismengen nur schwer dosieren lassen. Die Menge ist gering, sie bleiben oft im Beutel haften und beim kleinsten Luftzug fliegen sie durch die K\u00fcche.<\/p>\n<p data-start=\"1511\" data-end=\"1782\">Die Gro\u00dfverbraucherbeutel enthalten ausschlie\u00dflich reine Sporen \u2013 sie sind also <strong data-start=\"1591\" data-end=\"1600\">nicht<\/strong> mit Reismehl gemischt, wodurch die Sporendichte deutlich h\u00f6her ist. Mit 40 Gramm kann man daher beispielsweise 200 kg Produkt oder 360 Liter Shoyu herstellen, je nach Art des Kojis.<\/p>\n","protected":false},"excerpt":{"rendered":"<p dir=\"auto\">Aspergillus sojae wird zur Herstellung von Miso und Mirin verwendet. Sie k\u00f6nnen auch Sojasauce herstellen, indem Sie Sojabohnen mit A. sojae zusammen mit Wasser und Salz fermentieren.<\/p>\n","protected":false},"featured_media":35778,"comment_status":"open","ping_status":"closed","template":"","meta":{"_acf_changed":false,"footnotes":""},"product_brand":[],"product_cat":[704,681,654,692,691,876],"product_tag":[],"class_list":{"0":"post-36391","1":"product","2":"type-product","3":"status-publish","4":"has-post-thumbnail","6":"product_cat-bohnen-reis-korner","7":"product_cat-koji-de","8":"product_cat-outlet","9":"product_cat-starterkulturen-de-3","10":"product_cat-veganer-koji","11":"product_cat-fermentation-de","12":"pa_ean-8720297621703-de","13":"pa_ean-8720297621710-de","14":"pa_size-fur-5-kg","15":"pa_size-fur-900-kg","17":"first","18":"outofstock","19":"sale","20":"taxable","21":"shipping-taxable","22":"purchasable","23":"product-type-variable","24":"has-default-attributes"},"acf":[],"yoast_head":"<!-- This site is optimized with the Yoast SEO plugin v26.6 - https:\/\/yoast.com\/wordpress\/plugins\/seo\/ -->\n<title>Aspergillus sojae - Startercultures.eu<\/title>\n<meta name=\"description\" content=\"Aspergillus sojae wird zur Herstellung von Miso und Mirin verwendet. Sie k\u00f6nnen auch Sojasauce herstellen, zusammen mit Wasser und Salz.\" \/>\n<meta name=\"robots\" content=\"index, follow, max-snippet:-1, max-image-preview:large, max-video-preview:-1\" \/>\n<link rel=\"canonical\" href=\"https:\/\/startercultures.eu\/de\/product\/fermentation-de\/aspergillus-sojae-for-soy-sauce-miso\/\" \/>\n<meta property=\"og:locale\" content=\"de_DE\" \/>\n<meta property=\"og:type\" content=\"article\" \/>\n<meta property=\"og:title\" content=\"Aspergillus sojae - Startercultures.eu\" \/>\n<meta property=\"og:description\" content=\"Aspergillus sojae wird zur Herstellung von Miso und Mirin verwendet. Sie k\u00f6nnen auch Sojasauce herstellen, zusammen mit Wasser und Salz.\" \/>\n<meta property=\"og:url\" content=\"https:\/\/startercultures.eu\/de\/product\/fermentation-de\/aspergillus-sojae-for-soy-sauce-miso\/\" \/>\n<meta property=\"og:site_name\" content=\"Startercultures.eu\" \/>\n<meta property=\"article:publisher\" content=\"https:\/\/www.facebook.com\/startercultureseu\" \/>\n<meta property=\"article:modified_time\" content=\"2026-04-16T23:15:28+00:00\" \/>\n<meta property=\"og:image\" content=\"https:\/\/startercultures.eu\/wp-content\/uploads\/2023\/04\/302mu.png\" \/>\n\t<meta property=\"og:image:width\" content=\"1250\" \/>\n\t<meta property=\"og:image:height\" content=\"1250\" \/>\n\t<meta property=\"og:image:type\" content=\"image\/png\" \/>\n<meta name=\"twitter:card\" content=\"summary_large_image\" \/>\n<meta name=\"twitter:label1\" content=\"Availability\" \/>\n\t<meta name=\"twitter:data1\" content=\"Nicht auf Lager\" \/>\n<script type=\"application\/ld+json\" class=\"yoast-schema-graph\">{\"@context\":\"https:\/\/schema.org\",\"@graph\":[{\"@type\":\"WebPage\",\"@id\":\"https:\/\/startercultures.eu\/de\/product\/fermentation-de\/aspergillus-sojae-for-soy-sauce-miso\/\",\"url\":\"https:\/\/startercultures.eu\/de\/product\/fermentation-de\/aspergillus-sojae-for-soy-sauce-miso\/\",\"name\":\"Aspergillus sojae - Startercultures.eu\",\"isPartOf\":{\"@id\":\"https:\/\/startercultures.eu\/de\/#website\"},\"primaryImageOfPage\":{\"@id\":\"https:\/\/startercultures.eu\/de\/product\/fermentation-de\/aspergillus-sojae-for-soy-sauce-miso\/#primaryimage\"},\"image\":{\"@id\":\"https:\/\/startercultures.eu\/de\/product\/fermentation-de\/aspergillus-sojae-for-soy-sauce-miso\/#primaryimage\"},\"thumbnailUrl\":\"https:\/\/startercultures.eu\/wp-content\/uploads\/2023\/04\/302mu.png\",\"datePublished\":\"2023-04-18T11:24:17+00:00\",\"dateModified\":\"2026-04-16T23:15:28+00:00\",\"description\":\"Aspergillus sojae wird zur Herstellung von Miso und Mirin verwendet. Sie k\u00f6nnen auch Sojasauce herstellen, zusammen mit Wasser und Salz.\",\"breadcrumb\":{\"@id\":\"https:\/\/startercultures.eu\/de\/product\/fermentation-de\/aspergillus-sojae-for-soy-sauce-miso\/#breadcrumb\"},\"inLanguage\":\"de-DE\",\"potentialAction\":[{\"@type\":\"ReadAction\",\"target\":[\"https:\/\/startercultures.eu\/de\/product\/fermentation-de\/aspergillus-sojae-for-soy-sauce-miso\/\"]}]},{\"@type\":\"ImageObject\",\"inLanguage\":\"de-DE\",\"@id\":\"https:\/\/startercultures.eu\/de\/product\/fermentation-de\/aspergillus-sojae-for-soy-sauce-miso\/#primaryimage\",\"url\":\"https:\/\/startercultures.eu\/wp-content\/uploads\/2023\/04\/302mu.png\",\"contentUrl\":\"https:\/\/startercultures.eu\/wp-content\/uploads\/2023\/04\/302mu.png\",\"width\":1250,\"height\":1250,\"caption\":\"Aspergillus sojae\"},{\"@type\":\"BreadcrumbList\",\"@id\":\"https:\/\/startercultures.eu\/de\/product\/fermentation-de\/aspergillus-sojae-for-soy-sauce-miso\/#breadcrumb\",\"itemListElement\":[{\"@type\":\"ListItem\",\"position\":1,\"name\":\"Home\",\"item\":\"https:\/\/startercultures.eu\/de\/\"},{\"@type\":\"ListItem\",\"position\":2,\"name\":\"Shop\",\"item\":\"https:\/\/startercultures.eu\/shop\/\"},{\"@type\":\"ListItem\",\"position\":3,\"name\":\"Aspergillus sojae | f\u00fcr Sojaso\u00dfe, Miso und Sake\"}]},{\"@type\":\"WebSite\",\"@id\":\"https:\/\/startercultures.eu\/de\/#website\",\"url\":\"https:\/\/startercultures.eu\/de\/\",\"name\":\"Startercultures.eu\",\"description\":\"Startercultures.eu\",\"publisher\":{\"@id\":\"https:\/\/startercultures.eu\/de\/#organization\"},\"potentialAction\":[{\"@type\":\"SearchAction\",\"target\":{\"@type\":\"EntryPoint\",\"urlTemplate\":\"https:\/\/startercultures.eu\/de\/?s={search_term_string}\"},\"query-input\":{\"@type\":\"PropertyValueSpecification\",\"valueRequired\":true,\"valueName\":\"search_term_string\"}}],\"inLanguage\":\"de-DE\"},{\"@type\":\"Organization\",\"@id\":\"https:\/\/startercultures.eu\/de\/#organization\",\"name\":\"Startercultures.eu\",\"url\":\"https:\/\/startercultures.eu\/de\/\",\"logo\":{\"@type\":\"ImageObject\",\"inLanguage\":\"de-DE\",\"@id\":\"https:\/\/startercultures.eu\/de\/#\/schema\/logo\/image\/\",\"url\":\"https:\/\/startercultures.eu\/wp-content\/uploads\/2020\/08\/startercultures-eu-nl-logo-rond-rgb.png\",\"contentUrl\":\"https:\/\/startercultures.eu\/wp-content\/uploads\/2020\/08\/startercultures-eu-nl-logo-rond-rgb.png\",\"width\":320,\"height\":320,\"caption\":\"Startercultures.eu\"},\"image\":{\"@id\":\"https:\/\/startercultures.eu\/de\/#\/schema\/logo\/image\/\"},\"sameAs\":[\"https:\/\/www.facebook.com\/startercultureseu\",\"https:\/\/www.instagram.com\/startercultures.eu\/\"]}]}<\/script>\n<meta property=\"og:availability\" content=\"out of stock\" \/>\n<meta property=\"product:availability\" content=\"out of stock\" \/>\n<meta property=\"product:retailer_item_id\" content=\"304\" \/>\n<meta property=\"product:condition\" content=\"new\" \/>\n<!-- \/ Yoast SEO plugin. -->","yoast_head_json":{"title":"Aspergillus sojae - Startercultures.eu","description":"Aspergillus sojae wird zur Herstellung von Miso und Mirin verwendet. Sie k\u00f6nnen auch Sojasauce herstellen, zusammen mit Wasser und Salz.","robots":{"index":"index","follow":"follow","max-snippet":"max-snippet:-1","max-image-preview":"max-image-preview:large","max-video-preview":"max-video-preview:-1"},"canonical":"https:\/\/startercultures.eu\/de\/product\/fermentation-de\/aspergillus-sojae-for-soy-sauce-miso\/","og_locale":"de_DE","og_type":"article","og_title":"Aspergillus sojae - Startercultures.eu","og_description":"Aspergillus sojae wird zur Herstellung von Miso und Mirin verwendet. Sie k\u00f6nnen auch Sojasauce herstellen, zusammen mit Wasser und Salz.","og_url":"https:\/\/startercultures.eu\/de\/product\/fermentation-de\/aspergillus-sojae-for-soy-sauce-miso\/","og_site_name":"Startercultures.eu","article_publisher":"https:\/\/www.facebook.com\/startercultureseu","article_modified_time":"2026-04-16T23:15:28+00:00","og_image":[{"width":1250,"height":1250,"url":"https:\/\/startercultures.eu\/wp-content\/uploads\/2023\/04\/302mu.png","type":"image\/png"}],"twitter_card":"summary_large_image","twitter_misc":{"Availability":"Nicht auf Lager"},"schema":{"@context":"https:\/\/schema.org","@graph":[{"@type":"WebPage","@id":"https:\/\/startercultures.eu\/de\/product\/fermentation-de\/aspergillus-sojae-for-soy-sauce-miso\/","url":"https:\/\/startercultures.eu\/de\/product\/fermentation-de\/aspergillus-sojae-for-soy-sauce-miso\/","name":"Aspergillus sojae - Startercultures.eu","isPartOf":{"@id":"https:\/\/startercultures.eu\/de\/#website"},"primaryImageOfPage":{"@id":"https:\/\/startercultures.eu\/de\/product\/fermentation-de\/aspergillus-sojae-for-soy-sauce-miso\/#primaryimage"},"image":{"@id":"https:\/\/startercultures.eu\/de\/product\/fermentation-de\/aspergillus-sojae-for-soy-sauce-miso\/#primaryimage"},"thumbnailUrl":"https:\/\/startercultures.eu\/wp-content\/uploads\/2023\/04\/302mu.png","datePublished":"2023-04-18T11:24:17+00:00","dateModified":"2026-04-16T23:15:28+00:00","description":"Aspergillus sojae wird zur Herstellung von Miso und Mirin verwendet. Sie k\u00f6nnen auch Sojasauce herstellen, zusammen mit Wasser und Salz.","breadcrumb":{"@id":"https:\/\/startercultures.eu\/de\/product\/fermentation-de\/aspergillus-sojae-for-soy-sauce-miso\/#breadcrumb"},"inLanguage":"de-DE","potentialAction":[{"@type":"ReadAction","target":["https:\/\/startercultures.eu\/de\/product\/fermentation-de\/aspergillus-sojae-for-soy-sauce-miso\/"]}]},{"@type":"ImageObject","inLanguage":"de-DE","@id":"https:\/\/startercultures.eu\/de\/product\/fermentation-de\/aspergillus-sojae-for-soy-sauce-miso\/#primaryimage","url":"https:\/\/startercultures.eu\/wp-content\/uploads\/2023\/04\/302mu.png","contentUrl":"https:\/\/startercultures.eu\/wp-content\/uploads\/2023\/04\/302mu.png","width":1250,"height":1250,"caption":"Aspergillus sojae"},{"@type":"BreadcrumbList","@id":"https:\/\/startercultures.eu\/de\/product\/fermentation-de\/aspergillus-sojae-for-soy-sauce-miso\/#breadcrumb","itemListElement":[{"@type":"ListItem","position":1,"name":"Home","item":"https:\/\/startercultures.eu\/de\/"},{"@type":"ListItem","position":2,"name":"Shop","item":"https:\/\/startercultures.eu\/shop\/"},{"@type":"ListItem","position":3,"name":"Aspergillus sojae | f\u00fcr Sojaso\u00dfe, Miso und Sake"}]},{"@type":"WebSite","@id":"https:\/\/startercultures.eu\/de\/#website","url":"https:\/\/startercultures.eu\/de\/","name":"Startercultures.eu","description":"Startercultures.eu","publisher":{"@id":"https:\/\/startercultures.eu\/de\/#organization"},"potentialAction":[{"@type":"SearchAction","target":{"@type":"EntryPoint","urlTemplate":"https:\/\/startercultures.eu\/de\/?s={search_term_string}"},"query-input":{"@type":"PropertyValueSpecification","valueRequired":true,"valueName":"search_term_string"}}],"inLanguage":"de-DE"},{"@type":"Organization","@id":"https:\/\/startercultures.eu\/de\/#organization","name":"Startercultures.eu","url":"https:\/\/startercultures.eu\/de\/","logo":{"@type":"ImageObject","inLanguage":"de-DE","@id":"https:\/\/startercultures.eu\/de\/#\/schema\/logo\/image\/","url":"https:\/\/startercultures.eu\/wp-content\/uploads\/2020\/08\/startercultures-eu-nl-logo-rond-rgb.png","contentUrl":"https:\/\/startercultures.eu\/wp-content\/uploads\/2020\/08\/startercultures-eu-nl-logo-rond-rgb.png","width":320,"height":320,"caption":"Startercultures.eu"},"image":{"@id":"https:\/\/startercultures.eu\/de\/#\/schema\/logo\/image\/"},"sameAs":["https:\/\/www.facebook.com\/startercultureseu","https:\/\/www.instagram.com\/startercultures.eu\/"]}]},"og_availability":"out of stock","product_availability":"out of stock","product_retailer_item_id":"304","product_condition":"new"},"_links":{"self":[{"href":"https:\/\/startercultures.eu\/de\/wp-json\/wp\/v2\/product\/36391","targetHints":{"allow":["GET"]}}],"collection":[{"href":"https:\/\/startercultures.eu\/de\/wp-json\/wp\/v2\/product"}],"about":[{"href":"https:\/\/startercultures.eu\/de\/wp-json\/wp\/v2\/types\/product"}],"replies":[{"embeddable":true,"href":"https:\/\/startercultures.eu\/de\/wp-json\/wp\/v2\/comments?post=36391"}],"version-history":[{"count":5,"href":"https:\/\/startercultures.eu\/de\/wp-json\/wp\/v2\/product\/36391\/revisions"}],"predecessor-version":[{"id":79415,"href":"https:\/\/startercultures.eu\/de\/wp-json\/wp\/v2\/product\/36391\/revisions\/79415"}],"wp:featuredmedia":[{"embeddable":true,"href":"https:\/\/startercultures.eu\/de\/wp-json\/wp\/v2\/media\/35778"}],"wp:attachment":[{"href":"https:\/\/startercultures.eu\/de\/wp-json\/wp\/v2\/media?parent=36391"}],"wp:term":[{"taxonomy":"product_brand","embeddable":true,"href":"https:\/\/startercultures.eu\/de\/wp-json\/wp\/v2\/product_brand?post=36391"},{"taxonomy":"product_cat","embeddable":true,"href":"https:\/\/startercultures.eu\/de\/wp-json\/wp\/v2\/product_cat?post=36391"},{"taxonomy":"product_tag","embeddable":true,"href":"https:\/\/startercultures.eu\/de\/wp-json\/wp\/v2\/product_tag?post=36391"}],"curies":[{"name":"wp","href":"https:\/\/api.w.org\/{rel}","templated":true}]}}