{"id":36407,"date":"2023-02-20T10:05:11","date_gmt":"2023-02-20T09:05:11","guid":{"rendered":"https:\/\/startercultures.eu\/product\/uncategorized\/electrode-storage-solution-100-ml\/"},"modified":"2026-02-13T11:16:38","modified_gmt":"2026-02-13T10:16:38","slug":"elektrodenspeicherlosung","status":"publish","type":"product","link":"https:\/\/startercultures.eu\/de\/product\/wurstwaren-und-charcuterie-de\/werkzeuge-de-7\/charcuterie-de\/elektrodenspeicherlosung\/","title":{"rendered":"Elektrodenspeicherl\u00f6sung | 100 mL"},"content":{"rendered":"<p>Der S\u00e4uregehalt spielt bei vielen Formen der G\u00e4rung eine wichtige Rolle. Je niedriger der pH-Wert ist, desto saurer ist Ihr Produkt, und je saurer Ihr Produkt ist, desto sicherer ist Ihr Produkt. Dies kann mit einem pH-Tester getestet werden. Um Ihr pH-Messger\u00e4t in optimalem Zustand zu halten, sollte die Elektrode jedoch feucht gehalten werden, aber nicht mit Wasser, sondern mit dieser speziellen Elektrodenaufbewahrungsl\u00f6sung.<\/p>\n<h3>Elektrodenaufbewahrungsl\u00f6sung f\u00fcr die Aufbewahrung von pH-Metern<\/h3>\n<p>pH-Elektroden (und auch Oxidationspotentiale (ORP)) sollten niemals in destilliertem oder deionisiertem Wasser gelagert werden, da dies die Lebensdauer des Sensors verk\u00fcrzt. Verwenden Sie diese spezielle Aufbewahrungsl\u00f6sung, die mit Chemikalien in Reagenzienqualit\u00e4t zubereitet wurde, um die maximale Leistung Ihrer pH-Elektroden zu gew\u00e4hrleisten.<\/p>\n<p>Zwischen den Messungen minimiert diese Aufbewahrungsl\u00f6sung das mikrobielle Wachstum, verhindert Diffusions- und Osmoseeffekte und h\u00e4lt die Sensorspitze und die Vergleichsstelle hydratisiert und klar. Sie tr\u00e4gt auch dazu bei, die Genauigkeit und Empfindlichkeit der Elektrode zu erhalten.<\/p>\n<h3>Inhalt<\/h3>\n<p>100 ml Elektrodenaufbewahrungsl\u00f6sung KCl (Kaliumchlorid)<\/p>\n<h3>Gebrauchsanweisung<\/h3>\n<p>Halten Sie die Elektrode Ihres pH-Testers feucht, indem Sie entweder die Spitze in die Elektrodenaufbewahrungsl\u00f6sung tauchen oder Schaumstoff, Tuch oder Watte in die L\u00f6sung eintauchen.<\/p>\n<div class=\"FFpbKc\">\n<div class=\"nidPne\">\n<div data-show-delay-ms=\"250\" data-append-to-body=\"true\" data-propagate-tooltip-mouseover-events=\"true\" data-anchor-corner=\"bottom-left\" data-popup-corner=\"top-left\">\n<div class=\"scLCMd\">\n<div tabindex=\"-1\">\n<p>&nbsp;<\/p>\n<\/div>\n<\/div>\n<\/div>\n<\/div>\n<\/div>\n","protected":false},"excerpt":{"rendered":"<p>Um Ihren pH-Tester in optimalem Zustand zu halten, sollte die Elektrode mit dieser speziellen Elektrodenaufbewahrungsl\u00f6sung feucht gehalten werden.<\/p>\n","protected":false},"featured_media":33036,"comment_status":"open","ping_status":"closed","template":"","meta":{"_acf_changed":false,"footnotes":""},"product_brand":[],"product_cat":[734,664,665,661,662,644,658,659],"product_tag":[],"class_list":{"0":"post-36407","1":"product","2":"type-product","3":"status-publish","4":"has-post-thumbnail","6":"product_cat-charcuterie-de","7":"product_cat-prufer","8":"product_cat-prufung","9":"product_cat-werkzeuge-de-4","10":"product_cat-werkzeuge-de-5","11":"product_cat-werkzeuge","12":"product_cat-werkzeuge-de-2","13":"product_cat-werkzeuge-de-3","14":"pa_ean-7141049999801-de","16":"first","17":"instock","18":"taxable","19":"shipping-taxable","20":"purchasable","21":"product-type-simple"},"acf":[],"yoast_head":"<!-- This site is optimized with the Yoast SEO plugin v26.6 - https:\/\/yoast.com\/wordpress\/plugins\/seo\/ -->\n<title>Elektrodenspeicherl\u00f6sung - Startercultures.eu<\/title>\n<meta name=\"description\" content=\"Um Ihren pH-Tester in optimalem Zustand zu halten, sollte die Elektrode mit dieser speziellen Elektrodenaufbewahrungsl\u00f6sung feucht gehalten werden.\" \/>\n<meta name=\"robots\" content=\"index, follow, max-snippet:-1, max-image-preview:large, max-video-preview:-1\" \/>\n<link rel=\"canonical\" href=\"https:\/\/startercultures.eu\/de\/product\/wurstwaren-und-charcuterie-de\/werkzeuge-de-7\/charcuterie-de\/elektrodenspeicherlosung\/\" \/>\n<meta property=\"og:locale\" content=\"de_DE\" \/>\n<meta property=\"og:type\" content=\"article\" \/>\n<meta property=\"og:title\" content=\"Elektrodenspeicherl\u00f6sung - Startercultures.eu\" \/>\n<meta property=\"og:description\" content=\"Um Ihren pH-Tester in optimalem Zustand zu halten, sollte die Elektrode mit dieser speziellen Elektrodenaufbewahrungsl\u00f6sung feucht gehalten werden.\" \/>\n<meta property=\"og:url\" content=\"https:\/\/startercultures.eu\/de\/product\/wurstwaren-und-charcuterie-de\/werkzeuge-de-7\/charcuterie-de\/elektrodenspeicherlosung\/\" \/>\n<meta property=\"og:site_name\" content=\"Startercultures.eu\" \/>\n<meta property=\"article:publisher\" content=\"https:\/\/www.facebook.com\/startercultureseu\" \/>\n<meta property=\"article:modified_time\" content=\"2026-02-13T10:16:38+00:00\" \/>\n<meta property=\"og:image\" content=\"https:\/\/startercultures.eu\/wp-content\/uploads\/2023\/02\/Electrode-storage-solution-1.png\" \/>\n\t<meta property=\"og:image:width\" content=\"1250\" \/>\n\t<meta property=\"og:image:height\" content=\"1250\" \/>\n\t<meta property=\"og:image:type\" content=\"image\/png\" \/>\n<meta name=\"twitter:card\" content=\"summary_large_image\" \/>\n<meta name=\"twitter:label1\" content=\"Price\" \/>\n\t<meta name=\"twitter:data1\" content=\"14,99\" \/>\n\t<meta name=\"twitter:label2\" content=\"Availability\" \/>\n\t<meta name=\"twitter:data2\" content=\"Vorr\u00e4tig\" \/>\n<script type=\"application\/ld+json\" class=\"yoast-schema-graph\">{\"@context\":\"https:\/\/schema.org\",\"@graph\":[{\"@type\":\"WebPage\",\"@id\":\"https:\/\/startercultures.eu\/de\/product\/wurstwaren-und-charcuterie-de\/werkzeuge-de-7\/charcuterie-de\/elektrodenspeicherlosung\/\",\"url\":\"https:\/\/startercultures.eu\/de\/product\/wurstwaren-und-charcuterie-de\/werkzeuge-de-7\/charcuterie-de\/elektrodenspeicherlosung\/\",\"name\":\"Elektrodenspeicherl\u00f6sung - Startercultures.eu\",\"isPartOf\":{\"@id\":\"https:\/\/startercultures.eu\/de\/#website\"},\"primaryImageOfPage\":{\"@id\":\"https:\/\/startercultures.eu\/de\/product\/wurstwaren-und-charcuterie-de\/werkzeuge-de-7\/charcuterie-de\/elektrodenspeicherlosung\/#primaryimage\"},\"image\":{\"@id\":\"https:\/\/startercultures.eu\/de\/product\/wurstwaren-und-charcuterie-de\/werkzeuge-de-7\/charcuterie-de\/elektrodenspeicherlosung\/#primaryimage\"},\"thumbnailUrl\":\"https:\/\/startercultures.eu\/wp-content\/uploads\/2023\/02\/Electrode-storage-solution-1.png\",\"datePublished\":\"2023-02-20T09:05:11+00:00\",\"dateModified\":\"2026-02-13T10:16:38+00:00\",\"description\":\"Um Ihren pH-Tester in optimalem Zustand zu halten, sollte die Elektrode mit dieser speziellen Elektrodenaufbewahrungsl\u00f6sung feucht gehalten werden.\",\"breadcrumb\":{\"@id\":\"https:\/\/startercultures.eu\/de\/product\/wurstwaren-und-charcuterie-de\/werkzeuge-de-7\/charcuterie-de\/elektrodenspeicherlosung\/#breadcrumb\"},\"inLanguage\":\"de-DE\",\"potentialAction\":[{\"@type\":\"ReadAction\",\"target\":[\"https:\/\/startercultures.eu\/de\/product\/wurstwaren-und-charcuterie-de\/werkzeuge-de-7\/charcuterie-de\/elektrodenspeicherlosung\/\"]}]},{\"@type\":\"ImageObject\",\"inLanguage\":\"de-DE\",\"@id\":\"https:\/\/startercultures.eu\/de\/product\/wurstwaren-und-charcuterie-de\/werkzeuge-de-7\/charcuterie-de\/elektrodenspeicherlosung\/#primaryimage\",\"url\":\"https:\/\/startercultures.eu\/wp-content\/uploads\/2023\/02\/Electrode-storage-solution-1.png\",\"contentUrl\":\"https:\/\/startercultures.eu\/wp-content\/uploads\/2023\/02\/Electrode-storage-solution-1.png\",\"width\":1250,\"height\":1250,\"caption\":\"Electrode storage solution\"},{\"@type\":\"BreadcrumbList\",\"@id\":\"https:\/\/startercultures.eu\/de\/product\/wurstwaren-und-charcuterie-de\/werkzeuge-de-7\/charcuterie-de\/elektrodenspeicherlosung\/#breadcrumb\",\"itemListElement\":[{\"@type\":\"ListItem\",\"position\":1,\"name\":\"Home\",\"item\":\"https:\/\/startercultures.eu\/de\/\"},{\"@type\":\"ListItem\",\"position\":2,\"name\":\"Shop\",\"item\":\"https:\/\/startercultures.eu\/shop\/\"},{\"@type\":\"ListItem\",\"position\":3,\"name\":\"Elektrodenspeicherl\u00f6sung | 100 mL\"}]},{\"@type\":\"WebSite\",\"@id\":\"https:\/\/startercultures.eu\/de\/#website\",\"url\":\"https:\/\/startercultures.eu\/de\/\",\"name\":\"Startercultures.eu\",\"description\":\"Startercultures.eu\",\"publisher\":{\"@id\":\"https:\/\/startercultures.eu\/de\/#organization\"},\"potentialAction\":[{\"@type\":\"SearchAction\",\"target\":{\"@type\":\"EntryPoint\",\"urlTemplate\":\"https:\/\/startercultures.eu\/de\/?s={search_term_string}\"},\"query-input\":{\"@type\":\"PropertyValueSpecification\",\"valueRequired\":true,\"valueName\":\"search_term_string\"}}],\"inLanguage\":\"de-DE\"},{\"@type\":\"Organization\",\"@id\":\"https:\/\/startercultures.eu\/de\/#organization\",\"name\":\"Startercultures.eu\",\"url\":\"https:\/\/startercultures.eu\/de\/\",\"logo\":{\"@type\":\"ImageObject\",\"inLanguage\":\"de-DE\",\"@id\":\"https:\/\/startercultures.eu\/de\/#\/schema\/logo\/image\/\",\"url\":\"https:\/\/startercultures.eu\/wp-content\/uploads\/2020\/08\/startercultures-eu-nl-logo-rond-rgb.png\",\"contentUrl\":\"https:\/\/startercultures.eu\/wp-content\/uploads\/2020\/08\/startercultures-eu-nl-logo-rond-rgb.png\",\"width\":320,\"height\":320,\"caption\":\"Startercultures.eu\"},\"image\":{\"@id\":\"https:\/\/startercultures.eu\/de\/#\/schema\/logo\/image\/\"},\"sameAs\":[\"https:\/\/www.facebook.com\/startercultureseu\",\"https:\/\/www.instagram.com\/startercultures.eu\/\"]}]}<\/script>\n<meta property=\"product:price:amount\" content=\"14.99\" \/>\n<meta property=\"product:price:currency\" content=\"EUR\" \/>\n<meta property=\"og:availability\" content=\"instock\" \/>\n<meta property=\"product:availability\" content=\"instock\" \/>\n<meta property=\"product:retailer_item_id\" content=\"295\" \/>\n<meta property=\"product:condition\" content=\"new\" \/>\n<!-- \/ Yoast SEO plugin. -->","yoast_head_json":{"title":"Elektrodenspeicherl\u00f6sung - Startercultures.eu","description":"Um Ihren pH-Tester in optimalem Zustand zu halten, sollte die Elektrode mit dieser speziellen Elektrodenaufbewahrungsl\u00f6sung feucht gehalten werden.","robots":{"index":"index","follow":"follow","max-snippet":"max-snippet:-1","max-image-preview":"max-image-preview:large","max-video-preview":"max-video-preview:-1"},"canonical":"https:\/\/startercultures.eu\/de\/product\/wurstwaren-und-charcuterie-de\/werkzeuge-de-7\/charcuterie-de\/elektrodenspeicherlosung\/","og_locale":"de_DE","og_type":"article","og_title":"Elektrodenspeicherl\u00f6sung - Startercultures.eu","og_description":"Um Ihren pH-Tester in optimalem Zustand zu halten, sollte die Elektrode mit dieser speziellen Elektrodenaufbewahrungsl\u00f6sung feucht gehalten werden.","og_url":"https:\/\/startercultures.eu\/de\/product\/wurstwaren-und-charcuterie-de\/werkzeuge-de-7\/charcuterie-de\/elektrodenspeicherlosung\/","og_site_name":"Startercultures.eu","article_publisher":"https:\/\/www.facebook.com\/startercultureseu","article_modified_time":"2026-02-13T10:16:38+00:00","og_image":[{"width":1250,"height":1250,"url":"https:\/\/startercultures.eu\/wp-content\/uploads\/2023\/02\/Electrode-storage-solution-1.png","type":"image\/png"}],"twitter_card":"summary_large_image","twitter_misc":{"Price":"14,99","Availability":"Vorr\u00e4tig"},"schema":{"@context":"https:\/\/schema.org","@graph":[{"@type":"WebPage","@id":"https:\/\/startercultures.eu\/de\/product\/wurstwaren-und-charcuterie-de\/werkzeuge-de-7\/charcuterie-de\/elektrodenspeicherlosung\/","url":"https:\/\/startercultures.eu\/de\/product\/wurstwaren-und-charcuterie-de\/werkzeuge-de-7\/charcuterie-de\/elektrodenspeicherlosung\/","name":"Elektrodenspeicherl\u00f6sung - Startercultures.eu","isPartOf":{"@id":"https:\/\/startercultures.eu\/de\/#website"},"primaryImageOfPage":{"@id":"https:\/\/startercultures.eu\/de\/product\/wurstwaren-und-charcuterie-de\/werkzeuge-de-7\/charcuterie-de\/elektrodenspeicherlosung\/#primaryimage"},"image":{"@id":"https:\/\/startercultures.eu\/de\/product\/wurstwaren-und-charcuterie-de\/werkzeuge-de-7\/charcuterie-de\/elektrodenspeicherlosung\/#primaryimage"},"thumbnailUrl":"https:\/\/startercultures.eu\/wp-content\/uploads\/2023\/02\/Electrode-storage-solution-1.png","datePublished":"2023-02-20T09:05:11+00:00","dateModified":"2026-02-13T10:16:38+00:00","description":"Um Ihren pH-Tester in optimalem Zustand zu halten, sollte die Elektrode mit dieser speziellen Elektrodenaufbewahrungsl\u00f6sung feucht gehalten werden.","breadcrumb":{"@id":"https:\/\/startercultures.eu\/de\/product\/wurstwaren-und-charcuterie-de\/werkzeuge-de-7\/charcuterie-de\/elektrodenspeicherlosung\/#breadcrumb"},"inLanguage":"de-DE","potentialAction":[{"@type":"ReadAction","target":["https:\/\/startercultures.eu\/de\/product\/wurstwaren-und-charcuterie-de\/werkzeuge-de-7\/charcuterie-de\/elektrodenspeicherlosung\/"]}]},{"@type":"ImageObject","inLanguage":"de-DE","@id":"https:\/\/startercultures.eu\/de\/product\/wurstwaren-und-charcuterie-de\/werkzeuge-de-7\/charcuterie-de\/elektrodenspeicherlosung\/#primaryimage","url":"https:\/\/startercultures.eu\/wp-content\/uploads\/2023\/02\/Electrode-storage-solution-1.png","contentUrl":"https:\/\/startercultures.eu\/wp-content\/uploads\/2023\/02\/Electrode-storage-solution-1.png","width":1250,"height":1250,"caption":"Electrode storage solution"},{"@type":"BreadcrumbList","@id":"https:\/\/startercultures.eu\/de\/product\/wurstwaren-und-charcuterie-de\/werkzeuge-de-7\/charcuterie-de\/elektrodenspeicherlosung\/#breadcrumb","itemListElement":[{"@type":"ListItem","position":1,"name":"Home","item":"https:\/\/startercultures.eu\/de\/"},{"@type":"ListItem","position":2,"name":"Shop","item":"https:\/\/startercultures.eu\/shop\/"},{"@type":"ListItem","position":3,"name":"Elektrodenspeicherl\u00f6sung | 100 mL"}]},{"@type":"WebSite","@id":"https:\/\/startercultures.eu\/de\/#website","url":"https:\/\/startercultures.eu\/de\/","name":"Startercultures.eu","description":"Startercultures.eu","publisher":{"@id":"https:\/\/startercultures.eu\/de\/#organization"},"potentialAction":[{"@type":"SearchAction","target":{"@type":"EntryPoint","urlTemplate":"https:\/\/startercultures.eu\/de\/?s={search_term_string}"},"query-input":{"@type":"PropertyValueSpecification","valueRequired":true,"valueName":"search_term_string"}}],"inLanguage":"de-DE"},{"@type":"Organization","@id":"https:\/\/startercultures.eu\/de\/#organization","name":"Startercultures.eu","url":"https:\/\/startercultures.eu\/de\/","logo":{"@type":"ImageObject","inLanguage":"de-DE","@id":"https:\/\/startercultures.eu\/de\/#\/schema\/logo\/image\/","url":"https:\/\/startercultures.eu\/wp-content\/uploads\/2020\/08\/startercultures-eu-nl-logo-rond-rgb.png","contentUrl":"https:\/\/startercultures.eu\/wp-content\/uploads\/2020\/08\/startercultures-eu-nl-logo-rond-rgb.png","width":320,"height":320,"caption":"Startercultures.eu"},"image":{"@id":"https:\/\/startercultures.eu\/de\/#\/schema\/logo\/image\/"},"sameAs":["https:\/\/www.facebook.com\/startercultureseu","https:\/\/www.instagram.com\/startercultures.eu\/"]}]},"product_price_amount":"14.99","product_price_currency":"EUR","og_availability":"instock","product_availability":"instock","product_retailer_item_id":"295","product_condition":"new"},"_links":{"self":[{"href":"https:\/\/startercultures.eu\/de\/wp-json\/wp\/v2\/product\/36407","targetHints":{"allow":["GET"]}}],"collection":[{"href":"https:\/\/startercultures.eu\/de\/wp-json\/wp\/v2\/product"}],"about":[{"href":"https:\/\/startercultures.eu\/de\/wp-json\/wp\/v2\/types\/product"}],"replies":[{"embeddable":true,"href":"https:\/\/startercultures.eu\/de\/wp-json\/wp\/v2\/comments?post=36407"}],"version-history":[{"count":1,"href":"https:\/\/startercultures.eu\/de\/wp-json\/wp\/v2\/product\/36407\/revisions"}],"predecessor-version":[{"id":60539,"href":"https:\/\/startercultures.eu\/de\/wp-json\/wp\/v2\/product\/36407\/revisions\/60539"}],"wp:featuredmedia":[{"embeddable":true,"href":"https:\/\/startercultures.eu\/de\/wp-json\/wp\/v2\/media\/33036"}],"wp:attachment":[{"href":"https:\/\/startercultures.eu\/de\/wp-json\/wp\/v2\/media?parent=36407"}],"wp:term":[{"taxonomy":"product_brand","embeddable":true,"href":"https:\/\/startercultures.eu\/de\/wp-json\/wp\/v2\/product_brand?post=36407"},{"taxonomy":"product_cat","embeddable":true,"href":"https:\/\/startercultures.eu\/de\/wp-json\/wp\/v2\/product_cat?post=36407"},{"taxonomy":"product_tag","embeddable":true,"href":"https:\/\/startercultures.eu\/de\/wp-json\/wp\/v2\/product_tag?post=36407"}],"curies":[{"name":"wp","href":"https:\/\/api.w.org\/{rel}","templated":true}]}}