{"id":36431,"date":"2023-03-10T14:15:18","date_gmt":"2023-03-10T13:15:18","guid":{"rendered":"https:\/\/startercultures.eu\/product\/uncategorized\/black-garlic-maker-for-home-made-black-garlic-onions-etc-shipped-separately\/"},"modified":"2025-11-27T10:46:06","modified_gmt":"2025-11-27T09:46:06","slug":"schwarzer-knoblauch-macher","status":"publish","type":"product","link":"https:\/\/startercultures.eu\/de\/product\/fermentation-de\/bohnen-reis-korner\/asiatisch\/werkzeuge-de-6\/schwarzer-knoblauch-macher\/","title":{"rendered":"Schwarzer-Knoblauch-Macher | f\u00fcr selbstgemachten schwarzen Knoblauch, Zwiebeln usw. (wird separat geliefert)"},"content":{"rendered":"<p>Schwarzer Knoblauch ist wegen seines einzigartigen Geschmacks und seiner gesundheitlichen Vorteile sehr begehrt. Jetzt k\u00f6nnen Sie ihn ganz einfach zu Hause herstellen &#8211; mit diesem gro\u00dfartigen, vollautomatischen Ger\u00e4t f\u00fcr schwarzen Knoblauch! Machen Sie schwarzen Knoblauch zu Hause in nur 7-12 Tagen! Jetzt mit kostenlosem Versand.<\/p>\n<h3>Was ist schwarzer Knoblauch?<\/h3>\n<p>Schwarzer Knoblauch ist in den letzten Jahren aufgrund seines einzigartigen Geschmacks und seiner potenziellen gesundheitlichen Vorteile immer beliebter geworden, aber was hat es mit dem ganzen Hype auf sich?<\/p>\n<p>Schwarzer Knoblauch ist Knoblauch, der \u00fcber einen l\u00e4ngeren Zeitraum bei hoher Temperatur und Feuchtigkeit fermentiert wurde. Durch diesen Fermentationsprozess erh\u00e4lt der rohe Knoblauch einen milderen, s\u00fc\u00dferen Geschmack mit einer einzigartigen karamellartigen S\u00fc\u00dfe, die f\u00fcr die meisten Menschen ansprechender ist als der scharfe Geschmack von rohem Knoblauch. Au\u00dferdem wird der Knoblauch fast schwarz. Aus diesem Grund wird er oft als W\u00fcrze in einer Vielzahl von Gerichten verwendet, z. B. in Saucen, Dressings und Marinaden.<\/p>\n<h3>Gesundheitliche Vorteile von schwarzem Knoblauch<\/h3>\n<p>Schwarzer Knoblauch ist auch deshalb so beliebt, weil ihm mehrere potenzielle gesundheitliche Vorteile nachgesagt werden. Studien deuten darauf hin, dass schwarzer Knoblauch antioxidative, entz\u00fcndungshemmende und antimikrobielle Eigenschaften hat und zur Senkung des Cholesterinspiegels und zur Verbesserung der Herzgesundheit beitragen kann.<\/p>\n<p>Die Kombination aus einzigartigem Geschmack und potenziellen gesundheitlichen Vorteilen hat den schwarzen Knoblauch zu einer begehrten Zutat in der kulinarischen Welt gemacht, und viele K\u00f6che und Feinschmecker verwenden ihn in verschiedenen Gerichten, um deren Geschmack Tiefe und Komplexit\u00e4t zu verleihen.<\/p>\n<h3>Wozu braucht man einen schwarzen Knoblauchzubereiter?<\/h3>\n<p>Ein Black garlic maker, auch bekannt als Black garlic fermenter, ist ein Ger\u00e4t, mit dem frische Knoblauchzehen fermentiert und zu schwarzem Knoblauch verarbeitet werden. Mit Hilfe von kontrollierter Hitze, Temperatur und Luftfeuchtigkeit werden die f\u00fcr die Fermentierung von Knoblauch notwendigen Bedingungen geschaffen. Dies geschieht vollautomatisch und in kurzer Zeit.<\/p>\n<h3>Verwendung des schwarzen Knoblauchger\u00e4ts: vollautomatisch<\/h3>\n<p>Mit unserem Ger\u00e4t f\u00fcr schwarzen Knoblauch k\u00f6nnen Sie in nur 7-12 Tagen (optimal sind 9 Tage) schwarzen Knoblauch herstellen. Er hat ein Fassungsverm\u00f6gen von etwa 10-12 K\u00f6pfen Knoblauch auf einmal. Er arbeitet vollautomatisch: &#8220;Einstellen und vergessen&#8221; &#8211; vergessen Sie nicht, einen Alarm in Ihrem Telefon einzustellen! Der Knoblauchkocher hat einen intelligenten automatischen Temperaturverlauf und verf\u00fcgt \u00fcber ein Display, das die verbleibende Fermentationszeit in Stunden und die aktuelle Temperatur anzeigt.<\/p>\n<p>Nach nur 7-12 Tagen ist Ihr schwarzer Knoblauch fertig.<\/p>\n<p>Die Memory-Funktion merkt sich sogar den aktuellen Stand des Prozesses, falls der Strom w\u00e4hrend der Fermentationszeit ausf\u00e4llt. Keine Sorge, sobald das Licht wieder angeht, nachdem Sie Ihre Rechnung bezahlt haben, wird die Fermentation dort fortgesetzt, wo sie aufgeh\u00f6rt hat.<\/p>\n<h3>Auch zum &#8220;Schw\u00e4rzen&#8221; anderer Produkte geeignet<\/h3>\n<p>Sie k\u00f6nnen auch anderes Gem\u00fcse oder Obst fermentieren, z. B. Zwiebeln, Schalotten, R\u00fcben oder \u00c4pfel. Es ist jedoch wichtig zu beachten, dass die Anforderungen unterschiedlich sein k\u00f6nnen, so dass Sie die Einstellungen m\u00f6glicherweise entsprechend anpassen m\u00fcssen. Wenn Sie den schwarzen Knoblauchkocher f\u00fcr die Fermentierung anderer Lebensmittel verwenden m\u00f6chten, ist es au\u00dferdem wichtig, das Ger\u00e4t zwischen den einzelnen Anwendungen gr\u00fcndlich zu reinigen und zu desinfizieren, um eine \u00dcbertragung von Aromen zu vermeiden. Dieser schwarze Knoblauchzubereiter ist sehr leicht zu reinigen, um dies zu erleichtern.<\/p>\n<h3>Spezifikationen<\/h3>\n<ul>\n<li>Fassungsverm\u00f6gen: 5 Liter<\/li>\n<li>Innentopf aus Aluminium (niemals in die Sp\u00fclmaschine geben!)<\/li>\n<li>Gestell aus rostfreiem Stahl f\u00fcr Knoblauch (2 Schichten);<\/li>\n<li>Ausgestattet mit intelligenter Hei\u00dfluftkonvektion und Hydratationssystem<\/li>\n<li>Mit einem Display, das die verbleibende G\u00e4rzeit in Stunden und die Temperatur anzeigt<\/li>\n<li>Intelligenter automatischer Temperaturverlauf und Speicherfunktion<\/li>\n<li>Inklusive englischer Bedienungsanleitung<\/li>\n<\/ul>\n<h3>Lieferung des Black garlic maker<\/h3>\n<p>Bitte akzeptieren Sie 1-2 Wochen f\u00fcr die Lieferung. Wenn Sie mehr als 1 Produkt aus unserem Shop bestellen, beachten Sie bitte, dass dieser Multi-Fermenter von einem anderen Standort aus verschickt wird und in einer separaten Sendung kommt.<\/p>\n<p>* Kann nicht in die USA, nach Kanada, in die Schweiz, nach Lichtenstein, Malta, Finnland und Serbien geliefert werden.<\/p>\n<h3>Kostenloser Versand<\/h3>\n<p>Der Versand ist in Europa kostenlos. Fantastisch.<\/p>\n","protected":false},"excerpt":{"rendered":"<p>Schwarzer Knoblauch ist wegen seines einzigartigen Geschmacks und seiner m\u00f6glichen gesundheitlichen Vorteile sehr begehrt. Jetzt k\u00f6nnen Sie ihn in nur 7-12 Tagen zu Hause herstellen &#8211; mit diesem gro\u00dfartigen Ger\u00e4t f\u00fcr schwarzen Knoblauch! Das Produkt wird getrennt vom Rest Ihrer Bestellung versandt (kostenlos!).<\/p>\n","protected":false},"featured_media":33755,"comment_status":"open","ping_status":"closed","template":"","meta":{"_acf_changed":false,"footnotes":""},"product_brand":[],"product_cat":[681,644,656,659,661,663],"product_tag":[],"class_list":{"0":"post-36431","1":"product","2":"type-product","3":"status-publish","4":"has-post-thumbnail","6":"product_cat-koji-de","7":"product_cat-werkzeuge","8":"product_cat-werkzeuge-de","9":"product_cat-werkzeuge-de-3","10":"product_cat-werkzeuge-de-4","11":"product_cat-werkzeuge-de-6","12":"pa_ean-123456789012-de","14":"first","15":"instock","16":"taxable","17":"shipping-taxable","18":"purchasable","19":"product-type-simple"},"acf":[],"yoast_head":"<!-- This site is optimized with the Yoast SEO plugin v26.6 - https:\/\/yoast.com\/wordpress\/plugins\/seo\/ -->\n<title>Schwarzer-Knoblauch-Macher - Startercultures.eu<\/title>\n<meta name=\"description\" content=\"Schwarzer Knoblauch ist wegen seines Geschmacks und gesundheitlichen Vorteile sehr begehrt. Jetzt k\u00f6nnen Sie ihn ganz einfach zu Hause zubereiten.\" \/>\n<meta name=\"robots\" content=\"index, follow, max-snippet:-1, max-image-preview:large, max-video-preview:-1\" \/>\n<link rel=\"canonical\" href=\"https:\/\/startercultures.eu\/de\/product\/fermentation-de\/bohnen-reis-korner\/asiatisch\/werkzeuge-de-6\/schwarzer-knoblauch-macher\/\" \/>\n<meta property=\"og:locale\" content=\"de_DE\" \/>\n<meta property=\"og:type\" content=\"article\" \/>\n<meta property=\"og:title\" content=\"Schwarzer-Knoblauch-Macher - Startercultures.eu\" \/>\n<meta property=\"og:description\" content=\"Schwarzer Knoblauch ist wegen seines Geschmacks und gesundheitlichen Vorteile sehr begehrt. Jetzt k\u00f6nnen Sie ihn ganz einfach zu Hause zubereiten.\" \/>\n<meta property=\"og:url\" content=\"https:\/\/startercultures.eu\/de\/product\/fermentation-de\/bohnen-reis-korner\/asiatisch\/werkzeuge-de-6\/schwarzer-knoblauch-macher\/\" \/>\n<meta property=\"og:site_name\" content=\"Startercultures.eu\" \/>\n<meta property=\"article:publisher\" content=\"https:\/\/www.facebook.com\/startercultureseu\" \/>\n<meta property=\"article:modified_time\" content=\"2025-11-27T09:46:06+00:00\" \/>\n<meta property=\"og:image\" content=\"https:\/\/startercultures.eu\/wp-content\/uploads\/2023\/03\/Black-garlic-maker.png\" \/>\n\t<meta property=\"og:image:width\" content=\"1241\" \/>\n\t<meta property=\"og:image:height\" content=\"1250\" \/>\n\t<meta property=\"og:image:type\" content=\"image\/png\" \/>\n<meta name=\"twitter:card\" content=\"summary_large_image\" \/>\n<meta name=\"twitter:label1\" content=\"Price\" \/>\n\t<meta name=\"twitter:data1\" content=\"139,-\" \/>\n\t<meta name=\"twitter:label2\" content=\"Availability\" \/>\n\t<meta name=\"twitter:data2\" content=\"Vorr\u00e4tig\" \/>\n<script type=\"application\/ld+json\" class=\"yoast-schema-graph\">{\"@context\":\"https:\/\/schema.org\",\"@graph\":[{\"@type\":\"WebPage\",\"@id\":\"https:\/\/startercultures.eu\/de\/product\/fermentation-de\/bohnen-reis-korner\/asiatisch\/werkzeuge-de-6\/schwarzer-knoblauch-macher\/\",\"url\":\"https:\/\/startercultures.eu\/de\/product\/fermentation-de\/bohnen-reis-korner\/asiatisch\/werkzeuge-de-6\/schwarzer-knoblauch-macher\/\",\"name\":\"Schwarzer-Knoblauch-Macher - Startercultures.eu\",\"isPartOf\":{\"@id\":\"https:\/\/startercultures.eu\/de\/#website\"},\"primaryImageOfPage\":{\"@id\":\"https:\/\/startercultures.eu\/de\/product\/fermentation-de\/bohnen-reis-korner\/asiatisch\/werkzeuge-de-6\/schwarzer-knoblauch-macher\/#primaryimage\"},\"image\":{\"@id\":\"https:\/\/startercultures.eu\/de\/product\/fermentation-de\/bohnen-reis-korner\/asiatisch\/werkzeuge-de-6\/schwarzer-knoblauch-macher\/#primaryimage\"},\"thumbnailUrl\":\"https:\/\/startercultures.eu\/wp-content\/uploads\/2023\/03\/Black-garlic-maker.png\",\"datePublished\":\"2023-03-10T13:15:18+00:00\",\"dateModified\":\"2025-11-27T09:46:06+00:00\",\"description\":\"Schwarzer Knoblauch ist wegen seines Geschmacks und gesundheitlichen Vorteile sehr begehrt. Jetzt k\u00f6nnen Sie ihn ganz einfach zu Hause zubereiten.\",\"breadcrumb\":{\"@id\":\"https:\/\/startercultures.eu\/de\/product\/fermentation-de\/bohnen-reis-korner\/asiatisch\/werkzeuge-de-6\/schwarzer-knoblauch-macher\/#breadcrumb\"},\"inLanguage\":\"de-DE\",\"potentialAction\":[{\"@type\":\"ReadAction\",\"target\":[\"https:\/\/startercultures.eu\/de\/product\/fermentation-de\/bohnen-reis-korner\/asiatisch\/werkzeuge-de-6\/schwarzer-knoblauch-macher\/\"]}]},{\"@type\":\"ImageObject\",\"inLanguage\":\"de-DE\",\"@id\":\"https:\/\/startercultures.eu\/de\/product\/fermentation-de\/bohnen-reis-korner\/asiatisch\/werkzeuge-de-6\/schwarzer-knoblauch-macher\/#primaryimage\",\"url\":\"https:\/\/startercultures.eu\/wp-content\/uploads\/2023\/03\/Black-garlic-maker.png\",\"contentUrl\":\"https:\/\/startercultures.eu\/wp-content\/uploads\/2023\/03\/Black-garlic-maker.png\",\"width\":1241,\"height\":1250,\"caption\":\"Black garlic maker\"},{\"@type\":\"BreadcrumbList\",\"@id\":\"https:\/\/startercultures.eu\/de\/product\/fermentation-de\/bohnen-reis-korner\/asiatisch\/werkzeuge-de-6\/schwarzer-knoblauch-macher\/#breadcrumb\",\"itemListElement\":[{\"@type\":\"ListItem\",\"position\":1,\"name\":\"Home\",\"item\":\"https:\/\/startercultures.eu\/de\/\"},{\"@type\":\"ListItem\",\"position\":2,\"name\":\"Shop\",\"item\":\"https:\/\/startercultures.eu\/shop\/\"},{\"@type\":\"ListItem\",\"position\":3,\"name\":\"Schwarzer-Knoblauch-Macher | f\u00fcr selbstgemachten schwarzen Knoblauch, Zwiebeln usw. (wird separat geliefert)\"}]},{\"@type\":\"WebSite\",\"@id\":\"https:\/\/startercultures.eu\/de\/#website\",\"url\":\"https:\/\/startercultures.eu\/de\/\",\"name\":\"Startercultures.eu\",\"description\":\"Startercultures.eu\",\"publisher\":{\"@id\":\"https:\/\/startercultures.eu\/de\/#organization\"},\"potentialAction\":[{\"@type\":\"SearchAction\",\"target\":{\"@type\":\"EntryPoint\",\"urlTemplate\":\"https:\/\/startercultures.eu\/de\/?s={search_term_string}\"},\"query-input\":{\"@type\":\"PropertyValueSpecification\",\"valueRequired\":true,\"valueName\":\"search_term_string\"}}],\"inLanguage\":\"de-DE\"},{\"@type\":\"Organization\",\"@id\":\"https:\/\/startercultures.eu\/de\/#organization\",\"name\":\"Startercultures.eu\",\"url\":\"https:\/\/startercultures.eu\/de\/\",\"logo\":{\"@type\":\"ImageObject\",\"inLanguage\":\"de-DE\",\"@id\":\"https:\/\/startercultures.eu\/de\/#\/schema\/logo\/image\/\",\"url\":\"https:\/\/startercultures.eu\/wp-content\/uploads\/2020\/08\/startercultures-eu-nl-logo-rond-rgb.png\",\"contentUrl\":\"https:\/\/startercultures.eu\/wp-content\/uploads\/2020\/08\/startercultures-eu-nl-logo-rond-rgb.png\",\"width\":320,\"height\":320,\"caption\":\"Startercultures.eu\"},\"image\":{\"@id\":\"https:\/\/startercultures.eu\/de\/#\/schema\/logo\/image\/\"},\"sameAs\":[\"https:\/\/www.facebook.com\/startercultureseu\",\"https:\/\/www.instagram.com\/startercultures.eu\/\"],\"hasMerchantReturnPolicy\":{\"@type\":\"MerchantReturnPolicy\",\"merchantReturnLink\":\"https:\/\/startercultures.eu\/return-policy\/\"}}]}<\/script>\n<meta property=\"product:price:amount\" content=\"139.00\" \/>\n<meta property=\"product:price:currency\" content=\"EUR\" \/>\n<meta property=\"og:availability\" content=\"instock\" \/>\n<meta property=\"product:availability\" content=\"instock\" \/>\n<meta property=\"product:retailer_item_id\" content=\"299\" \/>\n<meta property=\"product:condition\" content=\"new\" \/>\n<!-- \/ Yoast SEO plugin. -->","yoast_head_json":{"title":"Schwarzer-Knoblauch-Macher - Startercultures.eu","description":"Schwarzer Knoblauch ist wegen seines Geschmacks und gesundheitlichen Vorteile sehr begehrt. Jetzt k\u00f6nnen Sie ihn ganz einfach zu Hause zubereiten.","robots":{"index":"index","follow":"follow","max-snippet":"max-snippet:-1","max-image-preview":"max-image-preview:large","max-video-preview":"max-video-preview:-1"},"canonical":"https:\/\/startercultures.eu\/de\/product\/fermentation-de\/bohnen-reis-korner\/asiatisch\/werkzeuge-de-6\/schwarzer-knoblauch-macher\/","og_locale":"de_DE","og_type":"article","og_title":"Schwarzer-Knoblauch-Macher - Startercultures.eu","og_description":"Schwarzer Knoblauch ist wegen seines Geschmacks und gesundheitlichen Vorteile sehr begehrt. Jetzt k\u00f6nnen Sie ihn ganz einfach zu Hause zubereiten.","og_url":"https:\/\/startercultures.eu\/de\/product\/fermentation-de\/bohnen-reis-korner\/asiatisch\/werkzeuge-de-6\/schwarzer-knoblauch-macher\/","og_site_name":"Startercultures.eu","article_publisher":"https:\/\/www.facebook.com\/startercultureseu","article_modified_time":"2025-11-27T09:46:06+00:00","og_image":[{"width":1241,"height":1250,"url":"https:\/\/startercultures.eu\/wp-content\/uploads\/2023\/03\/Black-garlic-maker.png","type":"image\/png"}],"twitter_card":"summary_large_image","twitter_misc":{"Price":"139,-","Availability":"Vorr\u00e4tig"},"schema":{"@context":"https:\/\/schema.org","@graph":[{"@type":"WebPage","@id":"https:\/\/startercultures.eu\/de\/product\/fermentation-de\/bohnen-reis-korner\/asiatisch\/werkzeuge-de-6\/schwarzer-knoblauch-macher\/","url":"https:\/\/startercultures.eu\/de\/product\/fermentation-de\/bohnen-reis-korner\/asiatisch\/werkzeuge-de-6\/schwarzer-knoblauch-macher\/","name":"Schwarzer-Knoblauch-Macher - Startercultures.eu","isPartOf":{"@id":"https:\/\/startercultures.eu\/de\/#website"},"primaryImageOfPage":{"@id":"https:\/\/startercultures.eu\/de\/product\/fermentation-de\/bohnen-reis-korner\/asiatisch\/werkzeuge-de-6\/schwarzer-knoblauch-macher\/#primaryimage"},"image":{"@id":"https:\/\/startercultures.eu\/de\/product\/fermentation-de\/bohnen-reis-korner\/asiatisch\/werkzeuge-de-6\/schwarzer-knoblauch-macher\/#primaryimage"},"thumbnailUrl":"https:\/\/startercultures.eu\/wp-content\/uploads\/2023\/03\/Black-garlic-maker.png","datePublished":"2023-03-10T13:15:18+00:00","dateModified":"2025-11-27T09:46:06+00:00","description":"Schwarzer Knoblauch ist wegen seines Geschmacks und gesundheitlichen Vorteile sehr begehrt. Jetzt k\u00f6nnen Sie ihn ganz einfach zu Hause zubereiten.","breadcrumb":{"@id":"https:\/\/startercultures.eu\/de\/product\/fermentation-de\/bohnen-reis-korner\/asiatisch\/werkzeuge-de-6\/schwarzer-knoblauch-macher\/#breadcrumb"},"inLanguage":"de-DE","potentialAction":[{"@type":"ReadAction","target":["https:\/\/startercultures.eu\/de\/product\/fermentation-de\/bohnen-reis-korner\/asiatisch\/werkzeuge-de-6\/schwarzer-knoblauch-macher\/"]}]},{"@type":"ImageObject","inLanguage":"de-DE","@id":"https:\/\/startercultures.eu\/de\/product\/fermentation-de\/bohnen-reis-korner\/asiatisch\/werkzeuge-de-6\/schwarzer-knoblauch-macher\/#primaryimage","url":"https:\/\/startercultures.eu\/wp-content\/uploads\/2023\/03\/Black-garlic-maker.png","contentUrl":"https:\/\/startercultures.eu\/wp-content\/uploads\/2023\/03\/Black-garlic-maker.png","width":1241,"height":1250,"caption":"Black garlic maker"},{"@type":"BreadcrumbList","@id":"https:\/\/startercultures.eu\/de\/product\/fermentation-de\/bohnen-reis-korner\/asiatisch\/werkzeuge-de-6\/schwarzer-knoblauch-macher\/#breadcrumb","itemListElement":[{"@type":"ListItem","position":1,"name":"Home","item":"https:\/\/startercultures.eu\/de\/"},{"@type":"ListItem","position":2,"name":"Shop","item":"https:\/\/startercultures.eu\/shop\/"},{"@type":"ListItem","position":3,"name":"Schwarzer-Knoblauch-Macher | f\u00fcr selbstgemachten schwarzen Knoblauch, Zwiebeln usw. (wird separat geliefert)"}]},{"@type":"WebSite","@id":"https:\/\/startercultures.eu\/de\/#website","url":"https:\/\/startercultures.eu\/de\/","name":"Startercultures.eu","description":"Startercultures.eu","publisher":{"@id":"https:\/\/startercultures.eu\/de\/#organization"},"potentialAction":[{"@type":"SearchAction","target":{"@type":"EntryPoint","urlTemplate":"https:\/\/startercultures.eu\/de\/?s={search_term_string}"},"query-input":{"@type":"PropertyValueSpecification","valueRequired":true,"valueName":"search_term_string"}}],"inLanguage":"de-DE"},{"@type":"Organization","@id":"https:\/\/startercultures.eu\/de\/#organization","name":"Startercultures.eu","url":"https:\/\/startercultures.eu\/de\/","logo":{"@type":"ImageObject","inLanguage":"de-DE","@id":"https:\/\/startercultures.eu\/de\/#\/schema\/logo\/image\/","url":"https:\/\/startercultures.eu\/wp-content\/uploads\/2020\/08\/startercultures-eu-nl-logo-rond-rgb.png","contentUrl":"https:\/\/startercultures.eu\/wp-content\/uploads\/2020\/08\/startercultures-eu-nl-logo-rond-rgb.png","width":320,"height":320,"caption":"Startercultures.eu"},"image":{"@id":"https:\/\/startercultures.eu\/de\/#\/schema\/logo\/image\/"},"sameAs":["https:\/\/www.facebook.com\/startercultureseu","https:\/\/www.instagram.com\/startercultures.eu\/"],"hasMerchantReturnPolicy":{"@type":"MerchantReturnPolicy","merchantReturnLink":"https:\/\/startercultures.eu\/return-policy\/"}}]},"product_price_amount":"139.00","product_price_currency":"EUR","og_availability":"instock","product_availability":"instock","product_retailer_item_id":"299","product_condition":"new"},"_links":{"self":[{"href":"https:\/\/startercultures.eu\/de\/wp-json\/wp\/v2\/product\/36431","targetHints":{"allow":["GET"]}}],"collection":[{"href":"https:\/\/startercultures.eu\/de\/wp-json\/wp\/v2\/product"}],"about":[{"href":"https:\/\/startercultures.eu\/de\/wp-json\/wp\/v2\/types\/product"}],"replies":[{"embeddable":true,"href":"https:\/\/startercultures.eu\/de\/wp-json\/wp\/v2\/comments?post=36431"}],"version-history":[{"count":0,"href":"https:\/\/startercultures.eu\/de\/wp-json\/wp\/v2\/product\/36431\/revisions"}],"wp:featuredmedia":[{"embeddable":true,"href":"https:\/\/startercultures.eu\/de\/wp-json\/wp\/v2\/media\/33755"}],"wp:attachment":[{"href":"https:\/\/startercultures.eu\/de\/wp-json\/wp\/v2\/media?parent=36431"}],"wp:term":[{"taxonomy":"product_brand","embeddable":true,"href":"https:\/\/startercultures.eu\/de\/wp-json\/wp\/v2\/product_brand?post=36431"},{"taxonomy":"product_cat","embeddable":true,"href":"https:\/\/startercultures.eu\/de\/wp-json\/wp\/v2\/product_cat?post=36431"},{"taxonomy":"product_tag","embeddable":true,"href":"https:\/\/startercultures.eu\/de\/wp-json\/wp\/v2\/product_tag?post=36431"}],"curies":[{"name":"wp","href":"https:\/\/api.w.org\/{rel}","templated":true}]}}