{"id":36983,"date":"2023-04-28T08:24:24","date_gmt":"2023-04-28T06:24:24","guid":{"rendered":"https:\/\/startercultures.eu\/product\/uncategorized\/stable-wooden-cheese-press\/"},"modified":"2025-04-28T16:55:06","modified_gmt":"2025-04-28T14:55:06","slug":"stabile-kasepresse-aus-holz","status":"publish","type":"product","link":"https:\/\/startercultures.eu\/de\/product\/fermentation-de\/molkerei\/kase\/werkzeuge-de\/stabile-kasepresse-aus-holz\/","title":{"rendered":"Stabile K\u00e4sepresse aus Holz"},"content":{"rendered":"<p>Mit dieser stabilen, gut gebauten K\u00e4sepresse k\u00f6nnen Sie m\u00fchelos perfekt gepressten K\u00e4se zu Hause herstellen. Mit unserer Presse erhalten Sie perfekt gepressten K\u00e4se, der genau wie bei den Profis schmeckt. W\u00e4hrend andere K\u00e4sepressen dazu neigen, umzufallen, ist diese Presse sehr stabil.<\/p>\n<h3>\u00dcber diese K\u00e4sepresse<\/h3>\n<p>M\u00f6chten Sie m\u00fchelos perfekt gepressten K\u00e4se herstellen? Suchen Sie nicht weiter! Diese gut gebaute und stabile Presse macht es K\u00e4semachern aller Erfahrungsstufen leicht, mit minimalem Aufwand sch\u00f6ne, gleichm\u00e4\u00dfig gepresste K\u00e4se herzustellen. Es verf\u00fcgt \u00fcber eine robuste Holzkonstruktion, die jedes Mal einen gleichm\u00e4\u00dfigen Druck auf Ihre K\u00e4seherstellungsprojekte aus\u00fcbt &#8211; so dass Sie jede Charge sch\u00f6n erstellen k\u00f6nnen. Au\u00dferdem erleichtert das leichte Design das Anheben und Verstauen, wann immer Sie es brauchen.<\/p>\n<p>Perfekt f\u00fcr die Herstellung von Gouda, Cheddar, Parmesan, Emmethaler und vielen weiteren gepressten K\u00e4sesorten<\/p>\n<h3>Vorteile unserer K\u00e4sepresse<\/h3>\n<ul>\n<li>Einfach zu bedienen: Produzieren Sie gleichm\u00e4\u00dfig gepressten K\u00e4se\n<p><div style=\"width: 141px\" class=\"wp-caption alignright\"><img class=\"lazyload\" decoding=\"async\" src=\"data:image\/svg+xml,%3Csvg%20xmlns%3D%27http%3A%2F%2Fwww.w3.org%2F2000%2Fsvg%27%20width%3D%27131%27%20height%3D%27189%27%20viewBox%3D%270%200%20131%20189%27%3E%3Crect%20width%3D%27131%27%20height%3D%27189%27%20fill-opacity%3D%220%22%2F%3E%3C%2Fsvg%3E\" data-orig-src=\"https:\/\/trello.com\/1\/cards\/644b67c57c477051a4f2654a\/attachments\/6450fa15ea8b2bed4b2f1ec5\/download\/image.png\" alt=\"image.png\" width=\"131\" height=\"189\" \/><p class=\"wp-caption-text\">Eine Standard-K\u00e4sepresse mit einem kleinen, instabilen Sockel<\/p><\/div><\/li>\n<li>Stabil und gut gebaut. Ein gro\u00dfer Vorteil dieser Presse gegen\u00fcber anderen ist, dass sie dank der gro\u00dfen Basis sehr stabil ist. Andere Pressen fallen manchmal aufgrund des Gewichts, das Sie daran h\u00e4ngen, um. Dieser wird es absolut nicht. Zum Vergleich: Sie k\u00f6nnen das Bild rechts von einer Standardpresse mit einem kleinen, instabilen Fu\u00df \u00fcberpr\u00fcfen.<\/li>\n<li>Der Hebel bedeutet auch, dass Sie relativ wenig Gewicht ben\u00f6tigen. Der Hebel erh\u00f6ht den Druck um 2,8. Wenn Sie also 1 kg daran h\u00e4ngen, betr\u00e4gt der Druck auf den K\u00e4se 2,8 kg. Sie k\u00f6nnen viele Arten von Gewichten verwenden, von gef\u00fcllten Weinflaschen bis hin zu Fitnessgewichten.<\/li>\n<li>Langlebig: aus Holz und Metall \u2013 nichts Plastik!<\/li>\n<li>Robuster Rahmen<\/li>\n<li>Ergonomische Griffe<\/li>\n<\/ul>\n<h3>Merkmale dieser K\u00e4sepresse:<\/h3>\n<ul>\n<li>Sockel 40 x 23 cm, H\u00f6he 50 cm.<\/li>\n<li>F\u00fcr K\u00e4seformen mit einem maximalen Durchmesser von 17 cm.<\/li>\n<li>Gewicht: 2,5 kg<\/li>\n<\/ul>\n<h3>Online-Workshop &#8220;Veganen K\u00e4se zu Hause herstellen&#8221; (mit Untertiteln)<\/h3>\n<p>In <a href=\"https:\/\/startercultures.eu\/product\/vegan-main\/vegan-dairy\/online-english-subtitled-vegan-cheese-workshop\/\" target=\"_blank\" rel=\"noopener\">diesem Workshop mit englischen Untertiteln<\/a> lernen Sie die Theorie und Praxis der Herstellung von veganem K\u00e4se<img decoding=\"async\" class=\"lazyload  wp-image-24266 alignright\" src=\"https:\/\/startercultures.eu\/wp-content\/uploads\/2021\/06\/Vegan-cheese-starter-kit-300x222.png\" data-orig-src=\"https:\/\/startercultures.eu\/wp-content\/uploads\/2021\/06\/Vegan-cheese-starter-kit-300x222.png\" alt=\"Veganes Blauschimmelk\u00e4se Starterkultur Kit\" width=\"219\" height=\"162\" srcset=\"data:image\/svg+xml,%3Csvg%20xmlns%3D%27http%3A%2F%2Fwww.w3.org%2F2000%2Fsvg%27%20width%3D%27219%27%20height%3D%27162%27%20viewBox%3D%270%200%20219%20162%27%3E%3Crect%20width%3D%27219%27%20height%3D%27162%27%20fill-opacity%3D%220%22%2F%3E%3C%2Fsvg%3E\" data-srcset=\"https:\/\/startercultures.eu\/wp-content\/uploads\/2021\/06\/Vegan-cheese-starter-kit-200x148.png 200w, https:\/\/startercultures.eu\/wp-content\/uploads\/2021\/06\/Vegan-cheese-starter-kit-300x222.png 300w, https:\/\/startercultures.eu\/wp-content\/uploads\/2021\/06\/Vegan-cheese-starter-kit-400x296.png 400w, https:\/\/startercultures.eu\/wp-content\/uploads\/2021\/06\/Vegan-cheese-starter-kit-500x370.png 500w, https:\/\/startercultures.eu\/wp-content\/uploads\/2021\/06\/Vegan-cheese-starter-kit-600x445.png 600w, https:\/\/startercultures.eu\/wp-content\/uploads\/2021\/06\/Vegan-cheese-starter-kit-700x519.png 700w, https:\/\/startercultures.eu\/wp-content\/uploads\/2021\/06\/Vegan-cheese-starter-kit-768x569.png 768w, https:\/\/startercultures.eu\/wp-content\/uploads\/2021\/06\/Vegan-cheese-starter-kit-800x593.png 800w, https:\/\/startercultures.eu\/wp-content\/uploads\/2021\/06\/Vegan-cheese-starter-kit-1024x759.png 1024w, https:\/\/startercultures.eu\/wp-content\/uploads\/2021\/06\/Vegan-cheese-starter-kit.png 1200w\" data-sizes=\"auto\" data-orig-sizes=\"(max-width: 219px) 100vw, 219px\" \/>s zu Hause, mit dem Schwerpunkt auf veganem Camembert und veganem Blauschimmelk\u00e4se. Foodwriter<a href=\"https:\/\/wateetons.com\/\" target=\"_blank\" rel=\"noopener\">&#8216;Meneer Wateetons&#8217;<\/a>, Autor mehrerer B\u00fccher \u00fcber Fermentierung und alternative Lebensmittelzubereitungstechniken, wird Ihnen alles \u00fcber Fermentierung, P\u00f6kelsalze, Lebensmittelsicherheit, <a href=\"https:\/\/en.wikipedia.org\/wiki\/PH\" target=\"_blank\" rel=\"noopener\">pH-Wert<\/a>, Starterkulturen, Schimmelpilze und Trocknungsbedingungen beibringen. Klicken Sie <a href=\"https:\/\/startercultures.eu\/product\/vegan-main\/vegan-dairy\/online-english-subtitled-vegan-cheese-workshop\/\" target=\"_blank\" rel=\"noopener\">hier<\/a> f\u00fcr weitere Informationen.<\/p>\n","protected":false},"excerpt":{"rendered":"<p>Machen Sie mit dieser stabilen, gut gebauten K\u00e4sepresse m\u00fchelos perfekt gepressten K\u00e4se zu Hause. Holen Sie sich mit unserer K\u00e4sepresse den perfekt gepressten K\u00e4se, der wie der Profi schmeckt.<\/p>\n","protected":false},"featured_media":36918,"comment_status":"open","ping_status":"closed","template":"","meta":{"_acf_changed":false,"footnotes":""},"product_brand":[],"product_cat":[645,656],"product_tag":[],"class_list":{"0":"post-36983","1":"product","2":"type-product","3":"status-publish","4":"has-post-thumbnail","6":"product_cat-molkerei","7":"product_cat-werkzeuge-de","8":"product_shipping_class-groot-pakket-de","9":"pa_ean-8720297621734-de-2","11":"first","12":"outofstock","13":"taxable","14":"shipping-taxable","15":"purchasable","16":"product-type-simple"},"acf":[],"yoast_head":"<!-- This site is optimized with the Yoast SEO plugin v26.6 - https:\/\/yoast.com\/wordpress\/plugins\/seo\/ -->\n<title>Stabile K\u00e4sepresse aus Holz - Startercultures.eu<\/title>\n<meta name=\"description\" content=\"Machen Sie mit dieser stabilen, gut gebauten K\u00e4sepresse m\u00fchelos perfekt gepressten K\u00e4se zu Hause. Perfekt gepressten K\u00e4se, der wie der Profi schmeckt.\" \/>\n<meta name=\"robots\" content=\"index, follow, max-snippet:-1, max-image-preview:large, max-video-preview:-1\" \/>\n<link rel=\"canonical\" href=\"https:\/\/startercultures.eu\/de\/product\/fermentation-de\/molkerei\/kase\/werkzeuge-de\/stabile-kasepresse-aus-holz\/\" \/>\n<meta property=\"og:locale\" content=\"de_DE\" \/>\n<meta property=\"og:type\" content=\"article\" \/>\n<meta property=\"og:title\" content=\"Stabile K\u00e4sepresse aus Holz - Startercultures.eu\" \/>\n<meta property=\"og:description\" content=\"Machen Sie mit dieser stabilen, gut gebauten K\u00e4sepresse m\u00fchelos perfekt gepressten K\u00e4se zu Hause. Perfekt gepressten K\u00e4se, der wie der Profi schmeckt.\" \/>\n<meta property=\"og:url\" content=\"https:\/\/startercultures.eu\/de\/product\/fermentation-de\/molkerei\/kase\/werkzeuge-de\/stabile-kasepresse-aus-holz\/\" \/>\n<meta property=\"og:site_name\" content=\"Startercultures.eu\" \/>\n<meta property=\"article:publisher\" content=\"https:\/\/www.facebook.com\/startercultureseu\" \/>\n<meta property=\"article:modified_time\" content=\"2025-04-28T14:55:06+00:00\" \/>\n<meta property=\"og:image\" content=\"https:\/\/startercultures.eu\/wp-content\/uploads\/2023\/04\/stable-cheese-press.png\" \/>\n\t<meta property=\"og:image:width\" content=\"1360\" \/>\n\t<meta property=\"og:image:height\" content=\"1360\" \/>\n\t<meta property=\"og:image:type\" content=\"image\/png\" \/>\n<meta name=\"twitter:card\" content=\"summary_large_image\" \/>\n<meta name=\"twitter:label1\" content=\"Price\" \/>\n\t<meta name=\"twitter:data1\" content=\"89,-\" \/>\n\t<meta name=\"twitter:label2\" content=\"Availability\" \/>\n\t<meta name=\"twitter:data2\" content=\"Nicht auf Lager\" \/>\n<script type=\"application\/ld+json\" class=\"yoast-schema-graph\">{\"@context\":\"https:\/\/schema.org\",\"@graph\":[{\"@type\":\"WebPage\",\"@id\":\"https:\/\/startercultures.eu\/de\/product\/fermentation-de\/molkerei\/kase\/werkzeuge-de\/stabile-kasepresse-aus-holz\/\",\"url\":\"https:\/\/startercultures.eu\/de\/product\/fermentation-de\/molkerei\/kase\/werkzeuge-de\/stabile-kasepresse-aus-holz\/\",\"name\":\"Stabile K\u00e4sepresse aus Holz - Startercultures.eu\",\"isPartOf\":{\"@id\":\"https:\/\/startercultures.eu\/de\/#website\"},\"primaryImageOfPage\":{\"@id\":\"https:\/\/startercultures.eu\/de\/product\/fermentation-de\/molkerei\/kase\/werkzeuge-de\/stabile-kasepresse-aus-holz\/#primaryimage\"},\"image\":{\"@id\":\"https:\/\/startercultures.eu\/de\/product\/fermentation-de\/molkerei\/kase\/werkzeuge-de\/stabile-kasepresse-aus-holz\/#primaryimage\"},\"thumbnailUrl\":\"https:\/\/startercultures.eu\/wp-content\/uploads\/2023\/04\/stable-cheese-press.png\",\"datePublished\":\"2023-04-28T06:24:24+00:00\",\"dateModified\":\"2025-04-28T14:55:06+00:00\",\"description\":\"Machen Sie mit dieser stabilen, gut gebauten K\u00e4sepresse m\u00fchelos perfekt gepressten K\u00e4se zu Hause. Perfekt gepressten K\u00e4se, der wie der Profi schmeckt.\",\"breadcrumb\":{\"@id\":\"https:\/\/startercultures.eu\/de\/product\/fermentation-de\/molkerei\/kase\/werkzeuge-de\/stabile-kasepresse-aus-holz\/#breadcrumb\"},\"inLanguage\":\"de-DE\",\"potentialAction\":[{\"@type\":\"ReadAction\",\"target\":[\"https:\/\/startercultures.eu\/de\/product\/fermentation-de\/molkerei\/kase\/werkzeuge-de\/stabile-kasepresse-aus-holz\/\"]}]},{\"@type\":\"ImageObject\",\"inLanguage\":\"de-DE\",\"@id\":\"https:\/\/startercultures.eu\/de\/product\/fermentation-de\/molkerei\/kase\/werkzeuge-de\/stabile-kasepresse-aus-holz\/#primaryimage\",\"url\":\"https:\/\/startercultures.eu\/wp-content\/uploads\/2023\/04\/stable-cheese-press.png\",\"contentUrl\":\"https:\/\/startercultures.eu\/wp-content\/uploads\/2023\/04\/stable-cheese-press.png\",\"width\":1360,\"height\":1360,\"caption\":\"stable cheese press\"},{\"@type\":\"BreadcrumbList\",\"@id\":\"https:\/\/startercultures.eu\/de\/product\/fermentation-de\/molkerei\/kase\/werkzeuge-de\/stabile-kasepresse-aus-holz\/#breadcrumb\",\"itemListElement\":[{\"@type\":\"ListItem\",\"position\":1,\"name\":\"Home\",\"item\":\"https:\/\/startercultures.eu\/de\/\"},{\"@type\":\"ListItem\",\"position\":2,\"name\":\"Shop\",\"item\":\"https:\/\/startercultures.eu\/shop\/\"},{\"@type\":\"ListItem\",\"position\":3,\"name\":\"Stabile K\u00e4sepresse aus Holz\"}]},{\"@type\":\"WebSite\",\"@id\":\"https:\/\/startercultures.eu\/de\/#website\",\"url\":\"https:\/\/startercultures.eu\/de\/\",\"name\":\"Startercultures.eu\",\"description\":\"Startercultures.eu\",\"publisher\":{\"@id\":\"https:\/\/startercultures.eu\/de\/#organization\"},\"potentialAction\":[{\"@type\":\"SearchAction\",\"target\":{\"@type\":\"EntryPoint\",\"urlTemplate\":\"https:\/\/startercultures.eu\/de\/?s={search_term_string}\"},\"query-input\":{\"@type\":\"PropertyValueSpecification\",\"valueRequired\":true,\"valueName\":\"search_term_string\"}}],\"inLanguage\":\"de-DE\"},{\"@type\":\"Organization\",\"@id\":\"https:\/\/startercultures.eu\/de\/#organization\",\"name\":\"Startercultures.eu\",\"url\":\"https:\/\/startercultures.eu\/de\/\",\"logo\":{\"@type\":\"ImageObject\",\"inLanguage\":\"de-DE\",\"@id\":\"https:\/\/startercultures.eu\/de\/#\/schema\/logo\/image\/\",\"url\":\"https:\/\/startercultures.eu\/wp-content\/uploads\/2020\/08\/startercultures-eu-nl-logo-rond-rgb.png\",\"contentUrl\":\"https:\/\/startercultures.eu\/wp-content\/uploads\/2020\/08\/startercultures-eu-nl-logo-rond-rgb.png\",\"width\":320,\"height\":320,\"caption\":\"Startercultures.eu\"},\"image\":{\"@id\":\"https:\/\/startercultures.eu\/de\/#\/schema\/logo\/image\/\"},\"sameAs\":[\"https:\/\/www.facebook.com\/startercultureseu\",\"https:\/\/www.instagram.com\/startercultures.eu\/\"],\"hasMerchantReturnPolicy\":{\"@type\":\"MerchantReturnPolicy\",\"merchantReturnLink\":\"https:\/\/startercultures.eu\/return-policy\/\"}}]}<\/script>\n<meta property=\"product:price:amount\" content=\"89.00\" \/>\n<meta property=\"product:price:currency\" content=\"EUR\" \/>\n<meta property=\"og:availability\" content=\"out of stock\" \/>\n<meta property=\"product:availability\" content=\"out of stock\" \/>\n<meta property=\"product:retailer_item_id\" content=\"306\" \/>\n<meta property=\"product:condition\" content=\"new\" \/>\n<!-- \/ Yoast SEO plugin. -->","yoast_head_json":{"title":"Stabile K\u00e4sepresse aus Holz - Startercultures.eu","description":"Machen Sie mit dieser stabilen, gut gebauten K\u00e4sepresse m\u00fchelos perfekt gepressten K\u00e4se zu Hause. Perfekt gepressten K\u00e4se, der wie der Profi schmeckt.","robots":{"index":"index","follow":"follow","max-snippet":"max-snippet:-1","max-image-preview":"max-image-preview:large","max-video-preview":"max-video-preview:-1"},"canonical":"https:\/\/startercultures.eu\/de\/product\/fermentation-de\/molkerei\/kase\/werkzeuge-de\/stabile-kasepresse-aus-holz\/","og_locale":"de_DE","og_type":"article","og_title":"Stabile K\u00e4sepresse aus Holz - Startercultures.eu","og_description":"Machen Sie mit dieser stabilen, gut gebauten K\u00e4sepresse m\u00fchelos perfekt gepressten K\u00e4se zu Hause. Perfekt gepressten K\u00e4se, der wie der Profi schmeckt.","og_url":"https:\/\/startercultures.eu\/de\/product\/fermentation-de\/molkerei\/kase\/werkzeuge-de\/stabile-kasepresse-aus-holz\/","og_site_name":"Startercultures.eu","article_publisher":"https:\/\/www.facebook.com\/startercultureseu","article_modified_time":"2025-04-28T14:55:06+00:00","og_image":[{"width":1360,"height":1360,"url":"https:\/\/startercultures.eu\/wp-content\/uploads\/2023\/04\/stable-cheese-press.png","type":"image\/png"}],"twitter_card":"summary_large_image","twitter_misc":{"Price":"89,-","Availability":"Nicht auf Lager"},"schema":{"@context":"https:\/\/schema.org","@graph":[{"@type":"WebPage","@id":"https:\/\/startercultures.eu\/de\/product\/fermentation-de\/molkerei\/kase\/werkzeuge-de\/stabile-kasepresse-aus-holz\/","url":"https:\/\/startercultures.eu\/de\/product\/fermentation-de\/molkerei\/kase\/werkzeuge-de\/stabile-kasepresse-aus-holz\/","name":"Stabile K\u00e4sepresse aus Holz - Startercultures.eu","isPartOf":{"@id":"https:\/\/startercultures.eu\/de\/#website"},"primaryImageOfPage":{"@id":"https:\/\/startercultures.eu\/de\/product\/fermentation-de\/molkerei\/kase\/werkzeuge-de\/stabile-kasepresse-aus-holz\/#primaryimage"},"image":{"@id":"https:\/\/startercultures.eu\/de\/product\/fermentation-de\/molkerei\/kase\/werkzeuge-de\/stabile-kasepresse-aus-holz\/#primaryimage"},"thumbnailUrl":"https:\/\/startercultures.eu\/wp-content\/uploads\/2023\/04\/stable-cheese-press.png","datePublished":"2023-04-28T06:24:24+00:00","dateModified":"2025-04-28T14:55:06+00:00","description":"Machen Sie mit dieser stabilen, gut gebauten K\u00e4sepresse m\u00fchelos perfekt gepressten K\u00e4se zu Hause. Perfekt gepressten K\u00e4se, der wie der Profi schmeckt.","breadcrumb":{"@id":"https:\/\/startercultures.eu\/de\/product\/fermentation-de\/molkerei\/kase\/werkzeuge-de\/stabile-kasepresse-aus-holz\/#breadcrumb"},"inLanguage":"de-DE","potentialAction":[{"@type":"ReadAction","target":["https:\/\/startercultures.eu\/de\/product\/fermentation-de\/molkerei\/kase\/werkzeuge-de\/stabile-kasepresse-aus-holz\/"]}]},{"@type":"ImageObject","inLanguage":"de-DE","@id":"https:\/\/startercultures.eu\/de\/product\/fermentation-de\/molkerei\/kase\/werkzeuge-de\/stabile-kasepresse-aus-holz\/#primaryimage","url":"https:\/\/startercultures.eu\/wp-content\/uploads\/2023\/04\/stable-cheese-press.png","contentUrl":"https:\/\/startercultures.eu\/wp-content\/uploads\/2023\/04\/stable-cheese-press.png","width":1360,"height":1360,"caption":"stable cheese press"},{"@type":"BreadcrumbList","@id":"https:\/\/startercultures.eu\/de\/product\/fermentation-de\/molkerei\/kase\/werkzeuge-de\/stabile-kasepresse-aus-holz\/#breadcrumb","itemListElement":[{"@type":"ListItem","position":1,"name":"Home","item":"https:\/\/startercultures.eu\/de\/"},{"@type":"ListItem","position":2,"name":"Shop","item":"https:\/\/startercultures.eu\/shop\/"},{"@type":"ListItem","position":3,"name":"Stabile K\u00e4sepresse aus Holz"}]},{"@type":"WebSite","@id":"https:\/\/startercultures.eu\/de\/#website","url":"https:\/\/startercultures.eu\/de\/","name":"Startercultures.eu","description":"Startercultures.eu","publisher":{"@id":"https:\/\/startercultures.eu\/de\/#organization"},"potentialAction":[{"@type":"SearchAction","target":{"@type":"EntryPoint","urlTemplate":"https:\/\/startercultures.eu\/de\/?s={search_term_string}"},"query-input":{"@type":"PropertyValueSpecification","valueRequired":true,"valueName":"search_term_string"}}],"inLanguage":"de-DE"},{"@type":"Organization","@id":"https:\/\/startercultures.eu\/de\/#organization","name":"Startercultures.eu","url":"https:\/\/startercultures.eu\/de\/","logo":{"@type":"ImageObject","inLanguage":"de-DE","@id":"https:\/\/startercultures.eu\/de\/#\/schema\/logo\/image\/","url":"https:\/\/startercultures.eu\/wp-content\/uploads\/2020\/08\/startercultures-eu-nl-logo-rond-rgb.png","contentUrl":"https:\/\/startercultures.eu\/wp-content\/uploads\/2020\/08\/startercultures-eu-nl-logo-rond-rgb.png","width":320,"height":320,"caption":"Startercultures.eu"},"image":{"@id":"https:\/\/startercultures.eu\/de\/#\/schema\/logo\/image\/"},"sameAs":["https:\/\/www.facebook.com\/startercultureseu","https:\/\/www.instagram.com\/startercultures.eu\/"],"hasMerchantReturnPolicy":{"@type":"MerchantReturnPolicy","merchantReturnLink":"https:\/\/startercultures.eu\/return-policy\/"}}]},"product_price_amount":"89.00","product_price_currency":"EUR","og_availability":"out of stock","product_availability":"out of stock","product_retailer_item_id":"306","product_condition":"new"},"_links":{"self":[{"href":"https:\/\/startercultures.eu\/de\/wp-json\/wp\/v2\/product\/36983","targetHints":{"allow":["GET"]}}],"collection":[{"href":"https:\/\/startercultures.eu\/de\/wp-json\/wp\/v2\/product"}],"about":[{"href":"https:\/\/startercultures.eu\/de\/wp-json\/wp\/v2\/types\/product"}],"replies":[{"embeddable":true,"href":"https:\/\/startercultures.eu\/de\/wp-json\/wp\/v2\/comments?post=36983"}],"version-history":[{"count":0,"href":"https:\/\/startercultures.eu\/de\/wp-json\/wp\/v2\/product\/36983\/revisions"}],"wp:featuredmedia":[{"embeddable":true,"href":"https:\/\/startercultures.eu\/de\/wp-json\/wp\/v2\/media\/36918"}],"wp:attachment":[{"href":"https:\/\/startercultures.eu\/de\/wp-json\/wp\/v2\/media?parent=36983"}],"wp:term":[{"taxonomy":"product_brand","embeddable":true,"href":"https:\/\/startercultures.eu\/de\/wp-json\/wp\/v2\/product_brand?post=36983"},{"taxonomy":"product_cat","embeddable":true,"href":"https:\/\/startercultures.eu\/de\/wp-json\/wp\/v2\/product_cat?post=36983"},{"taxonomy":"product_tag","embeddable":true,"href":"https:\/\/startercultures.eu\/de\/wp-json\/wp\/v2\/product_tag?post=36983"}],"curies":[{"name":"wp","href":"https:\/\/api.w.org\/{rel}","templated":true}]}}