{"id":36990,"date":"2023-04-29T19:04:40","date_gmt":"2023-04-29T17:04:40","guid":{"rendered":"https:\/\/startercultures.eu\/product\/uncategorized\/british-white-sourdough-starter\/"},"modified":"2025-02-15T18:39:03","modified_gmt":"2025-02-15T17:39:03","slug":"britischer-weiser-sauerteig","status":"publish","type":"product","link":"https:\/\/startercultures.eu\/de\/product\/fermentation-de\/bohnen-reis-korner\/sauerteig\/britischer-weiser-sauerteig\/","title":{"rendered":"Britischer wei\u00dfer Sauerteig"},"content":{"rendered":"<p>Der britische wei\u00dfe Sauerteigstarter ist eine Art Sauerteigstarter, der h\u00e4ufig beim britischen Backen verwendet wird. Es ist eine vielseitige Option, die f\u00fcr eine Vielzahl von Backwaren verwendet werden kann. Sein w\u00fcrziger Geschmack eignet sich besonders gut f\u00fcr Wei\u00dfbrot und Pizza.<\/p>\n<h3>Was ist Sauerteigbrot?<\/h3>\n<p>Sauerteigbrot wird durch die Fermentation von Teig mit nat\u00fcrlich vorkommenden Laktobazillen, Acetobakterien und Hefe hergestellt. Die von den Laktobazillen produzierte Milchs\u00e4ure verleiht ihm einen saureren Geschmack und verbesserte Haltbarkeit. Um Sauerteigbrot zu backen, ben\u00f6tigen Sie einen Sauerteigstarter. Einige Sauerteigstarter haben jedoch sehr spezifische Eigenschaften, die nicht selbst hergestellt werden k\u00f6nnen. Hier kommen unsere Sauerteigstarter ins Spiel.<\/p>\n<h3>\u00dcber unseren britischen wei\u00dfen Sauerteig-Starter<\/h3>\n<p>Unsere britische wei\u00dfe Sauerteig-Starterkultur stammt aus jahrhundertealten Starterkulturen und gew\u00e4hrleistet einen reifen und gut gereiften Starter mit einem unverwechselbaren Sauerteiggeschmack.<\/p>\n<p>Dieser britische Sauerteig, den wir anbieten, hat ein reiches Erbe, das \u00fcber ein Jahrhundert bis in den New Forest zur\u00fcckreicht und in K\u00fcchen in ganz Gro\u00dfbritannien verwendet wurde. Diese alte Sorte wird nur mit reinem Wei\u00dfmehl gef\u00fcttert, was zu einem klassischen wei\u00dfen Sauerteigbrot mit einem milden und feinen Geschmack f\u00fchrt.<\/p>\n<p>Dieser Sauerteigstarter ist eine vielseitige Option, die f\u00fcr eine Vielzahl von Backwaren verwendet werden kann. Sein w\u00fcrziger Geschmack eignet sich besonders gut f\u00fcr Wei\u00dfbrot und Pizza.<\/p>\n<h3>Mikroorganismen<\/h3>\n<p>Dieser Sauerteigstarter enth\u00e4lt viele Bakterien und Hefen, unter anderem: die Hefen Kazakhstania exigua (Saccharomyces exiguous), Saccharomyces cerevisiae, Candida milleri und Candida humilis. und die Bakterien L. fermentum, L. brevis, L. kefiri und L. sanfranciscensis.<\/p>\n<h3>Inhalt<\/h3>\n<ul>\n<li>5 Gramm gefriergetrockneter britischer wei\u00dfer Sauerteig<\/li>\n<li>Hergestellt in Gro\u00dfbritannien<\/li>\n<\/ul>\n<h3>Warum ein getrockneter britischer wei\u00dfer Sauerteig?<\/h3>\n<ul>\n<li>Ein getrockneter Starter ist lange haltbar<\/li>\n<li>Einfach zu versenden\/mitzunehmen, auch ins Ausland<\/li>\n<li>Verschlechtert sich nicht durch den Transport<\/li>\n<li>Geringes Gewicht (Versandkosten)<\/li>\n<li>Sie k\u00f6nnen es auch kaufen, wenn Sie nicht vorhaben, sofort Sauerteigbrot zu backen<\/li>\n<li>Sie k\u00f6nnen einen Teil aufbewahren, falls Ihr Sauerteig stirbt<\/li>\n<li>Nach der Aktivierung ist das Ergebnis bei Verwendung von gefriergetrocknetem Sauerteig identisch mit frischem Sauerteig<\/li>\n<\/ul>\n<h3>So aktivieren Sie Ihren britischen wei\u00dfen Sauerteigstarter<\/h3>\n<p>Der gefriergetrocknete Sauerteigstarter befindet sich in einem Ruhezustand, sodass Sie ihn problemlos aufbewahren k\u00f6nnen, bis Sie ihn aktivieren m\u00f6chten. Es dauert nur ca. 1 Woche, bis es voll aktiv ist!<\/p>\n<h3>Allgemeine Hinweise<\/h3>\n<p>Lesen Sie dies durch, bevor Sie beginnen, damit Sie eine Vorstellung davon haben, welche Vorr\u00e4te und Zutaten Sie jeden Tag ben\u00f6tigen.<\/p>\n<p>Ein Hinweis zu Metall: Metalle sollte man beim Arbeiten mit Sauerteig am besten vermeiden, insbesondere Aluminium und Kupfer, die mit Mikroorganismen reagieren k\u00f6nnen. Edelstahl eignet sich hervorragend zum Mischen oder Brotbacken, aber entscheiden Sie sich f\u00fcr die Aufbewahrung aus Glas, Porzellan oder lebensmittelechtem Kunststoff.<\/p>\n<p>Sauerteig ist ein lebender Organismus und die Arbeit damit hat eine Lernkurve. Genau wie ein Haustier oder eine Pflanze verh\u00e4lt es sich bei unterschiedlichen Temperaturen, Klimazonen, Mehl usw. unterschiedlich. Sie werden die subtilen Rhythmen und Vorlieben schnell lernen, einfach durch einfache t\u00e4gliche Beobachtungen. Sie k\u00f6nnen Ihren Sauerteigstarter sogar wie viele andere benennen!<\/p>\n<p>Egal wie detailliert dies erscheinen mag, Sie m\u00fcssen sich nicht eingesch\u00fcchtert oder besorgt f\u00fchlen, solange es Sie interessiert, wird es leben!<\/p>\n<p>Sie k\u00f6nnen mit diesem Starter backen, sobald er aktiviert ist, in etwa 5-10 Tagen!<\/p>\n<h3>Anforderungen<\/h3>\n<p>ein sauberer, klarer (leichter sichtbarer) Glas-, Plastik- oder Keramiktopf oder eine Sch\u00fcssel oder eine gro\u00dfe Tasse (die mindestens 2 Tassen enthalten kann, diese kleine Starter braucht Platz zum Wachsen!)<br \/>\nein Holz- oder Plastikl\u00f6ffel zum Umr\u00fchren<br \/>\nMessl\u00f6ffel und\/oder Waagen<br \/>\nein Raum mit einer ziemlich stabilen (Raum-)Temperatur.<\/p>\n<h3>Zutaten<\/h3>\n<ul>\n<li>Der Starter (etwas zur Sicherheit aufbewahren)<\/li>\n<li>Wei\u00dfmehl<\/li>\n<li>Leitungswasser<\/li>\n<\/ul>\n<h3>Schritte<\/h3>\n<p>1. Nehme 25 Gramm lauwarmes Wasser und gebe es in einen Topf oder eine Sch\u00fcssel.<\/p>\n<p>2. F\u00fcge 1\/2 Teel\u00f6ffel des Starters aus dem Beutel zum Wasser hinzu und r\u00fchre um. Lasse den Starter etwa 5-15 Minuten hydratisieren. Jetzt sehr gut mischen, sodass du Luftblasen siehst.<\/p>\n<p>3. F\u00fcge 25 Gramm Wei\u00dfmehl hinzu.<\/p>\n<p>4. Mische, bis es gleichm\u00e4\u00dfig verteilt ist.<\/p>\n<p>5. Die Konsistenz sollte nicht zu glatt oder zu steif zum R\u00fchren sein. Einfach sch\u00f6n dick.<\/p>\n<p>6. Decke deinen Topf\/die Sch\u00fcssel mit etwas Sauberem und Atmungsaktivem ab (Tuch, K\u00fcchenpapier, lockerer Deckel, lockere Plastikfolie, Papier, etc.). Lagere es irgendwo ohne direktes Sonnenlicht, bei Raumtemperatur.<\/p>\n<p>7. Nach etwa 12 Stunden, f\u00fcttere nochmals mit 25 Gramm Wasser und mische kr\u00e4ftig. F\u00fcge weitere 25 Gramm Wei\u00dfmehl hinzu. R\u00fchre die Mischung gut um.<\/p>\n<p>9. Lege das Tuch wieder dar\u00fcber und lasse es weitere 12 Stunden fermentieren.<\/p>\n<p>10. Du k\u00f6nntest bereits Anzeichen von Blasenbildung sehen, und die Konsistenz des Teiges wird mehr wie Pfannkuchenteig sein. Du hast jetzt 100 Gramm Starter. Werfe 50 Gramm deines Starters weg und f\u00fcge 50 Gramm Wasser hinzu, mische kr\u00e4ftig und mische 50 Gramm Mehl ein. Das ergibt 150 Gramm.<\/p>\n<p>11. Lass es wieder 12 Stunden sitzen.<\/p>\n<p>12. Du k\u00f6nntest bereits Anzeichen von Blasenbildung sehen. Du hast jetzt 150 Gramm Starter. Werfe 100 Gramm dieses Starters weg (oder benutze ihn, um Pfannkuchen oder \u00e4hnliches zu machen) und f\u00fcge 50 Gramm Wasser hinzu, mische kr\u00e4ftig und mische 50 Gramm Mehl ein. Du hast wieder 150 Gramm.<\/p>\n<p>13. Wiederhole Schritt 12, bis du einen sch\u00f6nen und sprudelnden Starter hast, der nach Hefe riecht, vielleicht etwas wie Joghurt. Dies kann normalerweise 4-7 Tage dauern.<\/p>\n<p>Dein Starter ist gebrauchsfertig. Lass uns backen! Du kannst die 100 Gramm deines Starters zum Backen verwenden und wirst immer 50 Gramm \u00fcbrig haben, um einen neuen Starter f\u00fcr den n\u00e4chsten Tag zu erstellen.<\/p>\n<p>Bewahre deinen Starter im K\u00fchlschrank auf und f\u00fcttere ihn (Schritt 12) mindestens einmal alle 2 Wochen. Wenn du backen m\u00f6chtest, nimm ihn 12 Stunden, bevor du deinen Teig machst, aus dem K\u00fchlschrank und f\u00fcttere ihn.<\/p>\n","protected":false},"excerpt":{"rendered":"<p>Der h\u00e4ufig verwendete britische wei\u00dfe Sauerteig verwendet nat\u00fcrliche Laktobazillen, Acetobakterien und Hefe. Herstellung von Brot mit einem leichteren, feineren Geschmack.<\/p>\n","protected":false},"featured_media":36988,"comment_status":"open","ping_status":"closed","template":"","meta":{"_acf_changed":false,"footnotes":""},"product_brand":[],"product_cat":[725,876],"product_tag":[],"class_list":{"0":"post-36990","1":"product","2":"type-product","3":"status-publish","4":"has-post-thumbnail","6":"product_cat-sauerteig","7":"product_cat-fermentation-de","8":"pa_ean-8720297621727-de","10":"first","11":"instock","12":"taxable","13":"shipping-taxable","14":"purchasable","15":"product-type-simple"},"acf":[],"yoast_head":"<!-- This site is optimized with the Yoast SEO plugin v26.6 - https:\/\/yoast.com\/wordpress\/plugins\/seo\/ -->\n<title>Britischer wei\u00dfer Sauerteig - Startercultures.eu<\/title>\n<meta name=\"description\" content=\"Der h\u00e4ufig verwendete britische wei\u00dfe Sauerteig verwendet nat\u00fcrliche Laktobazillen, Acetobakterien und Hefe. Brot mit einem leichteren, feineren Geschmack.\" \/>\n<meta name=\"robots\" content=\"index, follow, max-snippet:-1, max-image-preview:large, max-video-preview:-1\" \/>\n<link rel=\"canonical\" href=\"https:\/\/startercultures.eu\/de\/product\/fermentation-de\/bohnen-reis-korner\/sauerteig\/britischer-weiser-sauerteig\/\" \/>\n<meta property=\"og:locale\" content=\"de_DE\" \/>\n<meta property=\"og:type\" content=\"article\" \/>\n<meta property=\"og:title\" content=\"Britischer wei\u00dfer Sauerteig - Startercultures.eu\" \/>\n<meta property=\"og:description\" content=\"Der h\u00e4ufig verwendete britische wei\u00dfe Sauerteig verwendet nat\u00fcrliche Laktobazillen, Acetobakterien und Hefe. Brot mit einem leichteren, feineren Geschmack.\" \/>\n<meta property=\"og:url\" content=\"https:\/\/startercultures.eu\/de\/product\/fermentation-de\/bohnen-reis-korner\/sauerteig\/britischer-weiser-sauerteig\/\" \/>\n<meta property=\"og:site_name\" content=\"Startercultures.eu\" \/>\n<meta property=\"article:publisher\" content=\"https:\/\/www.facebook.com\/startercultureseu\" \/>\n<meta property=\"article:modified_time\" content=\"2025-02-15T17:39:03+00:00\" \/>\n<meta property=\"og:image\" content=\"https:\/\/startercultures.eu\/wp-content\/uploads\/2023\/04\/279mu-1.png\" \/>\n\t<meta property=\"og:image:width\" content=\"1250\" \/>\n\t<meta property=\"og:image:height\" content=\"1250\" \/>\n\t<meta property=\"og:image:type\" content=\"image\/png\" \/>\n<meta name=\"twitter:card\" content=\"summary_large_image\" \/>\n<meta name=\"twitter:label1\" content=\"Price\" \/>\n\t<meta name=\"twitter:data1\" content=\"12,99\" \/>\n\t<meta name=\"twitter:label2\" content=\"Availability\" \/>\n\t<meta name=\"twitter:data2\" content=\"Vorr\u00e4tig\" \/>\n<script type=\"application\/ld+json\" class=\"yoast-schema-graph\">{\"@context\":\"https:\/\/schema.org\",\"@graph\":[{\"@type\":\"WebPage\",\"@id\":\"https:\/\/startercultures.eu\/de\/product\/fermentation-de\/bohnen-reis-korner\/sauerteig\/britischer-weiser-sauerteig\/\",\"url\":\"https:\/\/startercultures.eu\/de\/product\/fermentation-de\/bohnen-reis-korner\/sauerteig\/britischer-weiser-sauerteig\/\",\"name\":\"Britischer wei\u00dfer Sauerteig - Startercultures.eu\",\"isPartOf\":{\"@id\":\"https:\/\/startercultures.eu\/de\/#website\"},\"primaryImageOfPage\":{\"@id\":\"https:\/\/startercultures.eu\/de\/product\/fermentation-de\/bohnen-reis-korner\/sauerteig\/britischer-weiser-sauerteig\/#primaryimage\"},\"image\":{\"@id\":\"https:\/\/startercultures.eu\/de\/product\/fermentation-de\/bohnen-reis-korner\/sauerteig\/britischer-weiser-sauerteig\/#primaryimage\"},\"thumbnailUrl\":\"https:\/\/startercultures.eu\/wp-content\/uploads\/2023\/04\/279mu-1.png\",\"datePublished\":\"2023-04-29T17:04:40+00:00\",\"dateModified\":\"2025-02-15T17:39:03+00:00\",\"description\":\"Der h\u00e4ufig verwendete britische wei\u00dfe Sauerteig verwendet nat\u00fcrliche Laktobazillen, Acetobakterien und Hefe. Brot mit einem leichteren, feineren Geschmack.\",\"breadcrumb\":{\"@id\":\"https:\/\/startercultures.eu\/de\/product\/fermentation-de\/bohnen-reis-korner\/sauerteig\/britischer-weiser-sauerteig\/#breadcrumb\"},\"inLanguage\":\"de-DE\",\"potentialAction\":[{\"@type\":\"ReadAction\",\"target\":[\"https:\/\/startercultures.eu\/de\/product\/fermentation-de\/bohnen-reis-korner\/sauerteig\/britischer-weiser-sauerteig\/\"]}]},{\"@type\":\"ImageObject\",\"inLanguage\":\"de-DE\",\"@id\":\"https:\/\/startercultures.eu\/de\/product\/fermentation-de\/bohnen-reis-korner\/sauerteig\/britischer-weiser-sauerteig\/#primaryimage\",\"url\":\"https:\/\/startercultures.eu\/wp-content\/uploads\/2023\/04\/279mu-1.png\",\"contentUrl\":\"https:\/\/startercultures.eu\/wp-content\/uploads\/2023\/04\/279mu-1.png\",\"width\":1250,\"height\":1250,\"caption\":\"British white sourdough starter\"},{\"@type\":\"BreadcrumbList\",\"@id\":\"https:\/\/startercultures.eu\/de\/product\/fermentation-de\/bohnen-reis-korner\/sauerteig\/britischer-weiser-sauerteig\/#breadcrumb\",\"itemListElement\":[{\"@type\":\"ListItem\",\"position\":1,\"name\":\"Home\",\"item\":\"https:\/\/startercultures.eu\/de\/\"},{\"@type\":\"ListItem\",\"position\":2,\"name\":\"Shop\",\"item\":\"https:\/\/startercultures.eu\/shop\/\"},{\"@type\":\"ListItem\",\"position\":3,\"name\":\"Britischer wei\u00dfer Sauerteig\"}]},{\"@type\":\"WebSite\",\"@id\":\"https:\/\/startercultures.eu\/de\/#website\",\"url\":\"https:\/\/startercultures.eu\/de\/\",\"name\":\"Startercultures.eu\",\"description\":\"Startercultures.eu\",\"publisher\":{\"@id\":\"https:\/\/startercultures.eu\/de\/#organization\"},\"potentialAction\":[{\"@type\":\"SearchAction\",\"target\":{\"@type\":\"EntryPoint\",\"urlTemplate\":\"https:\/\/startercultures.eu\/de\/?s={search_term_string}\"},\"query-input\":{\"@type\":\"PropertyValueSpecification\",\"valueRequired\":true,\"valueName\":\"search_term_string\"}}],\"inLanguage\":\"de-DE\"},{\"@type\":\"Organization\",\"@id\":\"https:\/\/startercultures.eu\/de\/#organization\",\"name\":\"Startercultures.eu\",\"url\":\"https:\/\/startercultures.eu\/de\/\",\"logo\":{\"@type\":\"ImageObject\",\"inLanguage\":\"de-DE\",\"@id\":\"https:\/\/startercultures.eu\/de\/#\/schema\/logo\/image\/\",\"url\":\"https:\/\/startercultures.eu\/wp-content\/uploads\/2020\/08\/startercultures-eu-nl-logo-rond-rgb.png\",\"contentUrl\":\"https:\/\/startercultures.eu\/wp-content\/uploads\/2020\/08\/startercultures-eu-nl-logo-rond-rgb.png\",\"width\":320,\"height\":320,\"caption\":\"Startercultures.eu\"},\"image\":{\"@id\":\"https:\/\/startercultures.eu\/de\/#\/schema\/logo\/image\/\"},\"sameAs\":[\"https:\/\/www.facebook.com\/startercultureseu\",\"https:\/\/www.instagram.com\/startercultures.eu\/\"]}]}<\/script>\n<meta property=\"product:price:amount\" content=\"12.99\" \/>\n<meta property=\"product:price:currency\" content=\"EUR\" \/>\n<meta property=\"og:availability\" content=\"instock\" \/>\n<meta property=\"product:availability\" content=\"instock\" \/>\n<meta property=\"product:retailer_item_id\" content=\"279\" \/>\n<meta property=\"product:condition\" content=\"new\" \/>\n<!-- \/ Yoast SEO plugin. -->","yoast_head_json":{"title":"Britischer wei\u00dfer Sauerteig - Startercultures.eu","description":"Der h\u00e4ufig verwendete britische wei\u00dfe Sauerteig verwendet nat\u00fcrliche Laktobazillen, Acetobakterien und Hefe. Brot mit einem leichteren, feineren Geschmack.","robots":{"index":"index","follow":"follow","max-snippet":"max-snippet:-1","max-image-preview":"max-image-preview:large","max-video-preview":"max-video-preview:-1"},"canonical":"https:\/\/startercultures.eu\/de\/product\/fermentation-de\/bohnen-reis-korner\/sauerteig\/britischer-weiser-sauerteig\/","og_locale":"de_DE","og_type":"article","og_title":"Britischer wei\u00dfer Sauerteig - Startercultures.eu","og_description":"Der h\u00e4ufig verwendete britische wei\u00dfe Sauerteig verwendet nat\u00fcrliche Laktobazillen, Acetobakterien und Hefe. Brot mit einem leichteren, feineren Geschmack.","og_url":"https:\/\/startercultures.eu\/de\/product\/fermentation-de\/bohnen-reis-korner\/sauerteig\/britischer-weiser-sauerteig\/","og_site_name":"Startercultures.eu","article_publisher":"https:\/\/www.facebook.com\/startercultureseu","article_modified_time":"2025-02-15T17:39:03+00:00","og_image":[{"width":1250,"height":1250,"url":"https:\/\/startercultures.eu\/wp-content\/uploads\/2023\/04\/279mu-1.png","type":"image\/png"}],"twitter_card":"summary_large_image","twitter_misc":{"Price":"12,99","Availability":"Vorr\u00e4tig"},"schema":{"@context":"https:\/\/schema.org","@graph":[{"@type":"WebPage","@id":"https:\/\/startercultures.eu\/de\/product\/fermentation-de\/bohnen-reis-korner\/sauerteig\/britischer-weiser-sauerteig\/","url":"https:\/\/startercultures.eu\/de\/product\/fermentation-de\/bohnen-reis-korner\/sauerteig\/britischer-weiser-sauerteig\/","name":"Britischer wei\u00dfer Sauerteig - Startercultures.eu","isPartOf":{"@id":"https:\/\/startercultures.eu\/de\/#website"},"primaryImageOfPage":{"@id":"https:\/\/startercultures.eu\/de\/product\/fermentation-de\/bohnen-reis-korner\/sauerteig\/britischer-weiser-sauerteig\/#primaryimage"},"image":{"@id":"https:\/\/startercultures.eu\/de\/product\/fermentation-de\/bohnen-reis-korner\/sauerteig\/britischer-weiser-sauerteig\/#primaryimage"},"thumbnailUrl":"https:\/\/startercultures.eu\/wp-content\/uploads\/2023\/04\/279mu-1.png","datePublished":"2023-04-29T17:04:40+00:00","dateModified":"2025-02-15T17:39:03+00:00","description":"Der h\u00e4ufig verwendete britische wei\u00dfe Sauerteig verwendet nat\u00fcrliche Laktobazillen, Acetobakterien und Hefe. Brot mit einem leichteren, feineren Geschmack.","breadcrumb":{"@id":"https:\/\/startercultures.eu\/de\/product\/fermentation-de\/bohnen-reis-korner\/sauerteig\/britischer-weiser-sauerteig\/#breadcrumb"},"inLanguage":"de-DE","potentialAction":[{"@type":"ReadAction","target":["https:\/\/startercultures.eu\/de\/product\/fermentation-de\/bohnen-reis-korner\/sauerteig\/britischer-weiser-sauerteig\/"]}]},{"@type":"ImageObject","inLanguage":"de-DE","@id":"https:\/\/startercultures.eu\/de\/product\/fermentation-de\/bohnen-reis-korner\/sauerteig\/britischer-weiser-sauerteig\/#primaryimage","url":"https:\/\/startercultures.eu\/wp-content\/uploads\/2023\/04\/279mu-1.png","contentUrl":"https:\/\/startercultures.eu\/wp-content\/uploads\/2023\/04\/279mu-1.png","width":1250,"height":1250,"caption":"British white sourdough starter"},{"@type":"BreadcrumbList","@id":"https:\/\/startercultures.eu\/de\/product\/fermentation-de\/bohnen-reis-korner\/sauerteig\/britischer-weiser-sauerteig\/#breadcrumb","itemListElement":[{"@type":"ListItem","position":1,"name":"Home","item":"https:\/\/startercultures.eu\/de\/"},{"@type":"ListItem","position":2,"name":"Shop","item":"https:\/\/startercultures.eu\/shop\/"},{"@type":"ListItem","position":3,"name":"Britischer wei\u00dfer Sauerteig"}]},{"@type":"WebSite","@id":"https:\/\/startercultures.eu\/de\/#website","url":"https:\/\/startercultures.eu\/de\/","name":"Startercultures.eu","description":"Startercultures.eu","publisher":{"@id":"https:\/\/startercultures.eu\/de\/#organization"},"potentialAction":[{"@type":"SearchAction","target":{"@type":"EntryPoint","urlTemplate":"https:\/\/startercultures.eu\/de\/?s={search_term_string}"},"query-input":{"@type":"PropertyValueSpecification","valueRequired":true,"valueName":"search_term_string"}}],"inLanguage":"de-DE"},{"@type":"Organization","@id":"https:\/\/startercultures.eu\/de\/#organization","name":"Startercultures.eu","url":"https:\/\/startercultures.eu\/de\/","logo":{"@type":"ImageObject","inLanguage":"de-DE","@id":"https:\/\/startercultures.eu\/de\/#\/schema\/logo\/image\/","url":"https:\/\/startercultures.eu\/wp-content\/uploads\/2020\/08\/startercultures-eu-nl-logo-rond-rgb.png","contentUrl":"https:\/\/startercultures.eu\/wp-content\/uploads\/2020\/08\/startercultures-eu-nl-logo-rond-rgb.png","width":320,"height":320,"caption":"Startercultures.eu"},"image":{"@id":"https:\/\/startercultures.eu\/de\/#\/schema\/logo\/image\/"},"sameAs":["https:\/\/www.facebook.com\/startercultureseu","https:\/\/www.instagram.com\/startercultures.eu\/"]}]},"product_price_amount":"12.99","product_price_currency":"EUR","og_availability":"instock","product_availability":"instock","product_retailer_item_id":"279","product_condition":"new"},"_links":{"self":[{"href":"https:\/\/startercultures.eu\/de\/wp-json\/wp\/v2\/product\/36990","targetHints":{"allow":["GET"]}}],"collection":[{"href":"https:\/\/startercultures.eu\/de\/wp-json\/wp\/v2\/product"}],"about":[{"href":"https:\/\/startercultures.eu\/de\/wp-json\/wp\/v2\/types\/product"}],"replies":[{"embeddable":true,"href":"https:\/\/startercultures.eu\/de\/wp-json\/wp\/v2\/comments?post=36990"}],"version-history":[{"count":3,"href":"https:\/\/startercultures.eu\/de\/wp-json\/wp\/v2\/product\/36990\/revisions"}],"predecessor-version":[{"id":62198,"href":"https:\/\/startercultures.eu\/de\/wp-json\/wp\/v2\/product\/36990\/revisions\/62198"}],"wp:featuredmedia":[{"embeddable":true,"href":"https:\/\/startercultures.eu\/de\/wp-json\/wp\/v2\/media\/36988"}],"wp:attachment":[{"href":"https:\/\/startercultures.eu\/de\/wp-json\/wp\/v2\/media?parent=36990"}],"wp:term":[{"taxonomy":"product_brand","embeddable":true,"href":"https:\/\/startercultures.eu\/de\/wp-json\/wp\/v2\/product_brand?post=36990"},{"taxonomy":"product_cat","embeddable":true,"href":"https:\/\/startercultures.eu\/de\/wp-json\/wp\/v2\/product_cat?post=36990"},{"taxonomy":"product_tag","embeddable":true,"href":"https:\/\/startercultures.eu\/de\/wp-json\/wp\/v2\/product_tag?post=36990"}],"curies":[{"name":"wp","href":"https:\/\/api.w.org\/{rel}","templated":true}]}}