{"id":37409,"date":"2023-05-10T22:30:07","date_gmt":"2023-05-10T20:30:07","guid":{"rendered":"https:\/\/startercultures.eu\/product\/uncategorized\/quick-home-butter-maker-for-homemade-butter\/"},"modified":"2026-01-14T07:13:21","modified_gmt":"2026-01-14T06:13:21","slug":"butterfass-fur-selbstgemachte-butter","status":"publish","type":"product","link":"https:\/\/startercultures.eu\/de\/product\/uncategorized-de\/butterfass-fur-selbstgemachte-butter\/","title":{"rendered":"Butterfass | f\u00fcr selbstgemachte Butter &#8211; Teil des Pakets &#8211; nicht einzeln erh\u00e4ltlich"},"content":{"rendered":"<p dir=\"auto\">Mit dieser schnellen Butterfass f\u00fcr zu Hause machen Sie m\u00fchelos selbstgemachte Butter im Handumdrehen! Teil des Pakets &#8211; nicht einzeln erh\u00e4ltlich<\/p>\n<p>&nbsp;<\/p>\n","protected":false},"excerpt":{"rendered":"<p>Mit dieser schnellen Butterfass f\u00fcr zu Hause machen Sie m\u00fchelos selbstgemachte Butter im Handumdrehen! Einfach und k\u00f6stlich mit dieses Butterfass!<\/p>\n","protected":false},"featured_media":71866,"comment_status":"open","ping_status":"closed","template":"","meta":{"_acf_changed":false,"footnotes":""},"product_brand":[],"product_cat":[985,655],"product_tag":[904],"class_list":{"0":"post-37409","1":"product","2":"type-product","3":"status-publish","4":"has-post-thumbnail","6":"product_cat-keine-kategorie","7":"product_cat-uncategorized-de","8":"product_tag-butter-maker-de","9":"pa_ean-8595028478624-de","11":"first","12":"instock","13":"taxable","14":"shipping-taxable","15":"purchasable","16":"product-type-simple"},"acf":[],"yoast_head":"<!-- This site is optimized with the Yoast SEO plugin v26.6 - https:\/\/yoast.com\/wordpress\/plugins\/seo\/ -->\n<title>Butterfass - Startercultures.eu<\/title>\n<meta name=\"description\" content=\"Mit dieser schnellen Butterfass f\u00fcr zu Hause machen Sie m\u00fchelos selbstgemachte Butter im Handumdrehen! Einfach und k\u00f6stlich mit dieses Butterfass!\" \/>\n<meta name=\"robots\" content=\"noindex, nofollow\" \/>\n<meta property=\"og:locale\" content=\"de_DE\" \/>\n<meta property=\"og:type\" content=\"article\" \/>\n<meta property=\"og:title\" content=\"Butterfass - Startercultures.eu\" \/>\n<meta property=\"og:description\" content=\"Mit dieser schnellen Butterfass f\u00fcr zu Hause machen Sie m\u00fchelos selbstgemachte Butter im Handumdrehen! Einfach und k\u00f6stlich mit dieses Butterfass!\" \/>\n<meta property=\"og:url\" content=\"https:\/\/startercultures.eu\/de\/product\/uncategorized-de\/butterfass-fur-selbstgemachte-butter\/\" \/>\n<meta property=\"og:site_name\" content=\"Startercultures.eu\" \/>\n<meta property=\"article:publisher\" content=\"https:\/\/www.facebook.com\/startercultureseu\" \/>\n<meta property=\"article:modified_time\" content=\"2026-01-14T06:13:21+00:00\" \/>\n<meta property=\"og:image\" content=\"https:\/\/startercultures.eu\/wp-content\/uploads\/2023\/05\/butterchurner.png\" \/>\n\t<meta property=\"og:image:width\" content=\"2000\" \/>\n\t<meta property=\"og:image:height\" content=\"2000\" \/>\n\t<meta property=\"og:image:type\" content=\"image\/png\" \/>\n<meta name=\"twitter:card\" content=\"summary_large_image\" \/>\n<meta name=\"twitter:label1\" content=\"Price\" \/>\n\t<meta name=\"twitter:data1\" content=\"24,99\" \/>\n\t<meta name=\"twitter:label2\" content=\"Availability\" \/>\n\t<meta name=\"twitter:data2\" content=\"Vorr\u00e4tig\" \/>\n<script type=\"application\/ld+json\" class=\"yoast-schema-graph\">{\"@context\":\"https:\/\/schema.org\",\"@graph\":[{\"@type\":\"WebPage\",\"@id\":\"https:\/\/startercultures.eu\/de\/product\/uncategorized-de\/butterfass-fur-selbstgemachte-butter\/\",\"url\":\"https:\/\/startercultures.eu\/de\/product\/uncategorized-de\/butterfass-fur-selbstgemachte-butter\/\",\"name\":\"Butterfass - Startercultures.eu\",\"isPartOf\":{\"@id\":\"https:\/\/startercultures.eu\/de\/#website\"},\"primaryImageOfPage\":{\"@id\":\"https:\/\/startercultures.eu\/de\/product\/uncategorized-de\/butterfass-fur-selbstgemachte-butter\/#primaryimage\"},\"image\":{\"@id\":\"https:\/\/startercultures.eu\/de\/product\/uncategorized-de\/butterfass-fur-selbstgemachte-butter\/#primaryimage\"},\"thumbnailUrl\":\"https:\/\/startercultures.eu\/wp-content\/uploads\/2023\/05\/butterchurner.png\",\"datePublished\":\"2023-05-10T20:30:07+00:00\",\"dateModified\":\"2026-01-14T06:13:21+00:00\",\"description\":\"Mit dieser schnellen Butterfass f\u00fcr zu Hause machen Sie m\u00fchelos selbstgemachte Butter im Handumdrehen! Einfach und k\u00f6stlich mit dieses Butterfass!\",\"breadcrumb\":{\"@id\":\"https:\/\/startercultures.eu\/de\/product\/uncategorized-de\/butterfass-fur-selbstgemachte-butter\/#breadcrumb\"},\"inLanguage\":\"de-DE\",\"potentialAction\":[{\"@type\":\"ReadAction\",\"target\":[\"https:\/\/startercultures.eu\/de\/product\/uncategorized-de\/butterfass-fur-selbstgemachte-butter\/\"]}]},{\"@type\":\"ImageObject\",\"inLanguage\":\"de-DE\",\"@id\":\"https:\/\/startercultures.eu\/de\/product\/uncategorized-de\/butterfass-fur-selbstgemachte-butter\/#primaryimage\",\"url\":\"https:\/\/startercultures.eu\/wp-content\/uploads\/2023\/05\/butterchurner.png\",\"contentUrl\":\"https:\/\/startercultures.eu\/wp-content\/uploads\/2023\/05\/butterchurner.png\",\"width\":2000,\"height\":2000},{\"@type\":\"BreadcrumbList\",\"@id\":\"https:\/\/startercultures.eu\/de\/product\/uncategorized-de\/butterfass-fur-selbstgemachte-butter\/#breadcrumb\",\"itemListElement\":[{\"@type\":\"ListItem\",\"position\":1,\"name\":\"Home\",\"item\":\"https:\/\/startercultures.eu\/de\/\"},{\"@type\":\"ListItem\",\"position\":2,\"name\":\"Shop\",\"item\":\"https:\/\/startercultures.eu\/shop\/\"},{\"@type\":\"ListItem\",\"position\":3,\"name\":\"Butterfass | f\u00fcr selbstgemachte Butter &#8211; Teil des Pakets &#8211; nicht einzeln erh\u00e4ltlich\"}]},{\"@type\":\"WebSite\",\"@id\":\"https:\/\/startercultures.eu\/de\/#website\",\"url\":\"https:\/\/startercultures.eu\/de\/\",\"name\":\"Startercultures.eu\",\"description\":\"Startercultures.eu\",\"publisher\":{\"@id\":\"https:\/\/startercultures.eu\/de\/#organization\"},\"potentialAction\":[{\"@type\":\"SearchAction\",\"target\":{\"@type\":\"EntryPoint\",\"urlTemplate\":\"https:\/\/startercultures.eu\/de\/?s={search_term_string}\"},\"query-input\":{\"@type\":\"PropertyValueSpecification\",\"valueRequired\":true,\"valueName\":\"search_term_string\"}}],\"inLanguage\":\"de-DE\"},{\"@type\":\"Organization\",\"@id\":\"https:\/\/startercultures.eu\/de\/#organization\",\"name\":\"Startercultures.eu\",\"url\":\"https:\/\/startercultures.eu\/de\/\",\"logo\":{\"@type\":\"ImageObject\",\"inLanguage\":\"de-DE\",\"@id\":\"https:\/\/startercultures.eu\/de\/#\/schema\/logo\/image\/\",\"url\":\"https:\/\/startercultures.eu\/wp-content\/uploads\/2020\/08\/startercultures-eu-nl-logo-rond-rgb.png\",\"contentUrl\":\"https:\/\/startercultures.eu\/wp-content\/uploads\/2020\/08\/startercultures-eu-nl-logo-rond-rgb.png\",\"width\":320,\"height\":320,\"caption\":\"Startercultures.eu\"},\"image\":{\"@id\":\"https:\/\/startercultures.eu\/de\/#\/schema\/logo\/image\/\"},\"sameAs\":[\"https:\/\/www.facebook.com\/startercultureseu\",\"https:\/\/www.instagram.com\/startercultures.eu\/\"]}]}<\/script>\n<meta property=\"product:price:amount\" content=\"24.99\" \/>\n<meta property=\"product:price:currency\" content=\"EUR\" \/>\n<meta property=\"og:availability\" content=\"instock\" \/>\n<meta property=\"product:availability\" content=\"instock\" \/>\n<meta property=\"product:retailer_item_id\" content=\"308\" \/>\n<meta property=\"product:condition\" content=\"new\" \/>\n<!-- \/ Yoast SEO plugin. -->","yoast_head_json":{"title":"Butterfass - Startercultures.eu","description":"Mit dieser schnellen Butterfass f\u00fcr zu Hause machen Sie m\u00fchelos selbstgemachte Butter im Handumdrehen! Einfach und k\u00f6stlich mit dieses Butterfass!","robots":{"index":"noindex","follow":"nofollow"},"og_locale":"de_DE","og_type":"article","og_title":"Butterfass - Startercultures.eu","og_description":"Mit dieser schnellen Butterfass f\u00fcr zu Hause machen Sie m\u00fchelos selbstgemachte Butter im Handumdrehen! Einfach und k\u00f6stlich mit dieses Butterfass!","og_url":"https:\/\/startercultures.eu\/de\/product\/uncategorized-de\/butterfass-fur-selbstgemachte-butter\/","og_site_name":"Startercultures.eu","article_publisher":"https:\/\/www.facebook.com\/startercultureseu","article_modified_time":"2026-01-14T06:13:21+00:00","og_image":[{"width":2000,"height":2000,"url":"https:\/\/startercultures.eu\/wp-content\/uploads\/2023\/05\/butterchurner.png","type":"image\/png"}],"twitter_card":"summary_large_image","twitter_misc":{"Price":"24,99","Availability":"Vorr\u00e4tig"},"schema":{"@context":"https:\/\/schema.org","@graph":[{"@type":"WebPage","@id":"https:\/\/startercultures.eu\/de\/product\/uncategorized-de\/butterfass-fur-selbstgemachte-butter\/","url":"https:\/\/startercultures.eu\/de\/product\/uncategorized-de\/butterfass-fur-selbstgemachte-butter\/","name":"Butterfass - Startercultures.eu","isPartOf":{"@id":"https:\/\/startercultures.eu\/de\/#website"},"primaryImageOfPage":{"@id":"https:\/\/startercultures.eu\/de\/product\/uncategorized-de\/butterfass-fur-selbstgemachte-butter\/#primaryimage"},"image":{"@id":"https:\/\/startercultures.eu\/de\/product\/uncategorized-de\/butterfass-fur-selbstgemachte-butter\/#primaryimage"},"thumbnailUrl":"https:\/\/startercultures.eu\/wp-content\/uploads\/2023\/05\/butterchurner.png","datePublished":"2023-05-10T20:30:07+00:00","dateModified":"2026-01-14T06:13:21+00:00","description":"Mit dieser schnellen Butterfass f\u00fcr zu Hause machen Sie m\u00fchelos selbstgemachte Butter im Handumdrehen! Einfach und k\u00f6stlich mit dieses Butterfass!","breadcrumb":{"@id":"https:\/\/startercultures.eu\/de\/product\/uncategorized-de\/butterfass-fur-selbstgemachte-butter\/#breadcrumb"},"inLanguage":"de-DE","potentialAction":[{"@type":"ReadAction","target":["https:\/\/startercultures.eu\/de\/product\/uncategorized-de\/butterfass-fur-selbstgemachte-butter\/"]}]},{"@type":"ImageObject","inLanguage":"de-DE","@id":"https:\/\/startercultures.eu\/de\/product\/uncategorized-de\/butterfass-fur-selbstgemachte-butter\/#primaryimage","url":"https:\/\/startercultures.eu\/wp-content\/uploads\/2023\/05\/butterchurner.png","contentUrl":"https:\/\/startercultures.eu\/wp-content\/uploads\/2023\/05\/butterchurner.png","width":2000,"height":2000},{"@type":"BreadcrumbList","@id":"https:\/\/startercultures.eu\/de\/product\/uncategorized-de\/butterfass-fur-selbstgemachte-butter\/#breadcrumb","itemListElement":[{"@type":"ListItem","position":1,"name":"Home","item":"https:\/\/startercultures.eu\/de\/"},{"@type":"ListItem","position":2,"name":"Shop","item":"https:\/\/startercultures.eu\/shop\/"},{"@type":"ListItem","position":3,"name":"Butterfass | f\u00fcr selbstgemachte Butter &#8211; Teil des Pakets &#8211; nicht einzeln erh\u00e4ltlich"}]},{"@type":"WebSite","@id":"https:\/\/startercultures.eu\/de\/#website","url":"https:\/\/startercultures.eu\/de\/","name":"Startercultures.eu","description":"Startercultures.eu","publisher":{"@id":"https:\/\/startercultures.eu\/de\/#organization"},"potentialAction":[{"@type":"SearchAction","target":{"@type":"EntryPoint","urlTemplate":"https:\/\/startercultures.eu\/de\/?s={search_term_string}"},"query-input":{"@type":"PropertyValueSpecification","valueRequired":true,"valueName":"search_term_string"}}],"inLanguage":"de-DE"},{"@type":"Organization","@id":"https:\/\/startercultures.eu\/de\/#organization","name":"Startercultures.eu","url":"https:\/\/startercultures.eu\/de\/","logo":{"@type":"ImageObject","inLanguage":"de-DE","@id":"https:\/\/startercultures.eu\/de\/#\/schema\/logo\/image\/","url":"https:\/\/startercultures.eu\/wp-content\/uploads\/2020\/08\/startercultures-eu-nl-logo-rond-rgb.png","contentUrl":"https:\/\/startercultures.eu\/wp-content\/uploads\/2020\/08\/startercultures-eu-nl-logo-rond-rgb.png","width":320,"height":320,"caption":"Startercultures.eu"},"image":{"@id":"https:\/\/startercultures.eu\/de\/#\/schema\/logo\/image\/"},"sameAs":["https:\/\/www.facebook.com\/startercultureseu","https:\/\/www.instagram.com\/startercultures.eu\/"]}]},"product_price_amount":"24.99","product_price_currency":"EUR","og_availability":"instock","product_availability":"instock","product_retailer_item_id":"308","product_condition":"new"},"_links":{"self":[{"href":"https:\/\/startercultures.eu\/de\/wp-json\/wp\/v2\/product\/37409","targetHints":{"allow":["GET"]}}],"collection":[{"href":"https:\/\/startercultures.eu\/de\/wp-json\/wp\/v2\/product"}],"about":[{"href":"https:\/\/startercultures.eu\/de\/wp-json\/wp\/v2\/types\/product"}],"replies":[{"embeddable":true,"href":"https:\/\/startercultures.eu\/de\/wp-json\/wp\/v2\/comments?post=37409"}],"version-history":[{"count":3,"href":"https:\/\/startercultures.eu\/de\/wp-json\/wp\/v2\/product\/37409\/revisions"}],"predecessor-version":[{"id":72300,"href":"https:\/\/startercultures.eu\/de\/wp-json\/wp\/v2\/product\/37409\/revisions\/72300"}],"wp:featuredmedia":[{"embeddable":true,"href":"https:\/\/startercultures.eu\/de\/wp-json\/wp\/v2\/media\/71866"}],"wp:attachment":[{"href":"https:\/\/startercultures.eu\/de\/wp-json\/wp\/v2\/media?parent=37409"}],"wp:term":[{"taxonomy":"product_brand","embeddable":true,"href":"https:\/\/startercultures.eu\/de\/wp-json\/wp\/v2\/product_brand?post=37409"},{"taxonomy":"product_cat","embeddable":true,"href":"https:\/\/startercultures.eu\/de\/wp-json\/wp\/v2\/product_cat?post=37409"},{"taxonomy":"product_tag","embeddable":true,"href":"https:\/\/startercultures.eu\/de\/wp-json\/wp\/v2\/product_tag?post=37409"}],"curies":[{"name":"wp","href":"https:\/\/api.w.org\/{rel}","templated":true}]}}