{"id":38899,"date":"2022-04-09T13:52:39","date_gmt":"2022-04-09T11:52:39","guid":{"rendered":"https:\/\/startercultures.eu\/product\/uncategorized\/kaas-uit-eigen-keuken-het-boek-over-zelf-kaas-maken\/"},"modified":"2025-12-19T01:15:18","modified_gmt":"2025-12-19T00:15:18","slug":"das-hollandische-meisterwerk-uber-die-herstellung-von-eigenem-kase","status":"publish","type":"product","link":"https:\/\/startercultures.eu\/de\/product\/bucher\/das-hollandische-meisterwerk-uber-die-herstellung-von-eigenem-kase\/","title":{"rendered":"Kaas uit eigen keuken | das holl\u00e4ndische Meisterwerk \u00fcber die Herstellung von eigenem K\u00e4se (Niederl\u00e4ndisch)"},"content":{"rendered":"<p>Das unterhaltsamste Buch in niederl\u00e4ndischer Sprache \u00fcber die Herstellung von eigenem K\u00e4se von Nils Koster, dem K\u00e4semagnaten aus Vlieland.<\/p>\n<h3>Kaas uit eigen keuken<\/h3>\n<p>In dem bereits klassischen &#8220;K\u00e4se aus der eigenen K\u00fcche&#8221; nimmt unser gutgelaunter Vlieland-Freund Sie mit auf eine Reise durch die wunderbare Welt des K\u00e4ses. K\u00e4se, Hollands Stolz und Freude f\u00fcr alle. Wie kann so etwas hergestellt werden? Das muss doch ein schwieriger und magischer Prozess sein, oder?<\/p>\n<p>Die Herstellung von eigenem K\u00e4se ist wirklich nicht so schwierig. Mit ein paar Packungen Milch und ein wenig \u00dcbung kann jeder seinen eigenen K\u00e4se herstellen. Viele der ben\u00f6tigten Materialien lassen sich mit ein wenig Bastelei und Kreativit\u00e4t leicht selbst herstellen. Von einfach und schnell bis etwas schwieriger und mit etwas mehr Geduld. Frischk\u00e4se, Gouda-K\u00e4se, aber auch einige Klassiker aus dem europ\u00e4ischen Ausland, wie Blaustilz und Camembert. K\u00e4se aus der eigenen K\u00fcche ist ein Handbuch, das Sie Schritt f\u00fcr Schritt in die Geheimnisse der K\u00e4seherstellung einweiht. Was geh\u00f6rt dazu, welche Ger\u00e4te braucht man? Welche Fallstricke gibt es und worauf kommt es an?<\/p>\n<p>Nils Koster interessiert sich seit Jahren f\u00fcr alles Essbare aus der Natur. Seinen ersten K\u00e4se hat er 2013 hergestellt, und nach endlosem Ausprobieren und Anpassen von Rezepten reifen nun die fantastischsten K\u00e4sesorten auf Vlieland, wo er Verkostungen, Workshops und F\u00fchrungen anbietet. Au\u00dferdem ist das K\u00e4sen mit Nils so spektakul\u00e4r, dass es in seinem Vlielander K\u00e4sebunker unter den D\u00fcnen stattfindet &#8211; der Vergleich mit dem CERN, das tief in den Schweizer Alpen liegt, dr\u00e4ngt sich geradezu auf. Neugierig? <em>I know I am!<\/em><\/p>\n<p>Einige prominente Zitate \u00fcber die Bedeutung des K\u00e4ses und damit dieses Buches:<\/p>\n<p><strong>\u201cYou have to be a romantic to invest yourself, your money, and your time in cheese.\u201d<\/strong><br \/>\n\u2013\u00a0Anthony Bourdain<\/p>\n<p><strong>\u201cDessert without cheese is like a beauty with only one eye\u201d<\/strong><br \/>\n\u2013\u00a0Jean Anthelme Brillat-Savarin<\/p>\n<p><strong>\u201cWhat happens to the hole when the cheese is gone?\u201d<\/strong><br \/>\n\u2013 Bertolt Brecht<\/p>\n<p><strong>\u201cAge is of no importance unless you\u2019re a cheese.\u201d<\/strong><br \/>\n\u2013\u00a0Billie Burke<\/p>\n<p><strong>\u201cHow can you govern a country which has 246 varieties of cheese?\u201d<\/strong><br \/>\n\u2013 Charles de Gaulle<\/p>\n<p><strong>\u201cGive me a good sharp knife and a good sharp cheese and I\u2019m a happy man.\u201d<\/strong><br \/>\n\u2013 George R.R. Martin<\/p>\n<p><strong>\u201cLife is great. Cheese makes it better.\u201d<\/strong><br \/>\n\u2013\u00a0Avery Aames<\/p>\n<p>Das Buch ist auf Niederl\u00e4ndisch, aber lassen Sie sich davon nicht abhalten. Ihre G\u00e4ste werden staunen, wenn sie sehen, dass Sie dieses Buch in Ihrer K\u00fcche haben!<\/p>\n","protected":false},"excerpt":{"rendered":"<p>Das unterhaltsamste Buch in niederl\u00e4ndischer Sprache \u00fcber das Selbermachen von K\u00e4se, von dem niederl\u00e4ndischen K\u00e4semagnaten Nils Koster, der Sie auf eine Reise durch die wunderbare Welt des K\u00e4ses mitnimmt. Das beste Buch f\u00fcr den Kaffeetisch, das gleichzeitig als Dekoration dient.<\/p>\n","protected":false},"featured_media":24460,"comment_status":"open","ping_status":"closed","template":"","meta":{"_acf_changed":false,"footnotes":""},"product_brand":[],"product_cat":[653],"product_tag":[],"class_list":{"0":"post-38899","1":"product","2":"type-product","3":"status-publish","4":"has-post-thumbnail","6":"product_cat-bucher","7":"product_shipping_class-sperrig","8":"pa_ean-978905956003-de","10":"first","11":"instock","12":"purchasable","13":"product-type-simple"},"acf":[],"yoast_head":"<!-- This site is optimized with the Yoast SEO plugin v26.6 - https:\/\/yoast.com\/wordpress\/plugins\/seo\/ -->\n<title>Kaas uit eigen keuken | das holl\u00e4ndische Meisterwerk \u00fcber die Herstellung von eigenem K\u00e4se (Niederl\u00e4ndisch) - Startercultures.eu<\/title>\n<meta name=\"description\" content=\"Das unterhaltsamste Buch in niederl\u00e4ndischer Sprache &quot;Kaas uit eigen keuken&quot; \u00fcber das Selbermachen von K\u00e4se: eine Reise durch die wunderbare Welt des K\u00e4ses.\" \/>\n<meta name=\"robots\" content=\"index, follow, max-snippet:-1, max-image-preview:large, max-video-preview:-1\" \/>\n<link rel=\"canonical\" href=\"https:\/\/startercultures.eu\/de\/product\/bucher\/das-hollandische-meisterwerk-uber-die-herstellung-von-eigenem-kase\/\" \/>\n<meta property=\"og:locale\" content=\"de_DE\" \/>\n<meta property=\"og:type\" content=\"article\" \/>\n<meta property=\"og:title\" content=\"Kaas uit eigen keuken | das holl\u00e4ndische Meisterwerk \u00fcber die Herstellung von eigenem K\u00e4se (Niederl\u00e4ndisch) - Startercultures.eu\" \/>\n<meta property=\"og:description\" content=\"Das unterhaltsamste Buch in niederl\u00e4ndischer Sprache &quot;Kaas uit eigen keuken&quot; \u00fcber das Selbermachen von K\u00e4se: eine Reise durch die wunderbare Welt des K\u00e4ses.\" \/>\n<meta property=\"og:url\" content=\"https:\/\/startercultures.eu\/de\/product\/bucher\/das-hollandische-meisterwerk-uber-die-herstellung-von-eigenem-kase\/\" \/>\n<meta property=\"og:site_name\" content=\"Startercultures.eu\" \/>\n<meta property=\"article:publisher\" content=\"https:\/\/www.facebook.com\/startercultureseu\" \/>\n<meta property=\"article:modified_time\" content=\"2025-12-19T00:15:18+00:00\" \/>\n<meta property=\"og:image\" content=\"https:\/\/startercultures.eu\/wp-content\/uploads\/2022\/04\/Kaas-uit-eigen-keuken.png\" \/>\n\t<meta property=\"og:image:width\" content=\"1023\" \/>\n\t<meta property=\"og:image:height\" content=\"1250\" \/>\n\t<meta property=\"og:image:type\" content=\"image\/png\" \/>\n<meta name=\"twitter:card\" content=\"summary_large_image\" \/>\n<meta name=\"twitter:label1\" content=\"Price\" \/>\n\t<meta name=\"twitter:data1\" content=\"25,-\" \/>\n\t<meta name=\"twitter:label2\" content=\"Availability\" \/>\n\t<meta name=\"twitter:data2\" content=\"Vorr\u00e4tig\" \/>\n<script type=\"application\/ld+json\" class=\"yoast-schema-graph\">{\"@context\":\"https:\/\/schema.org\",\"@graph\":[{\"@type\":\"WebPage\",\"@id\":\"https:\/\/startercultures.eu\/de\/product\/bucher\/das-hollandische-meisterwerk-uber-die-herstellung-von-eigenem-kase\/\",\"url\":\"https:\/\/startercultures.eu\/de\/product\/bucher\/das-hollandische-meisterwerk-uber-die-herstellung-von-eigenem-kase\/\",\"name\":\"Kaas uit eigen keuken | das holl\u00e4ndische Meisterwerk \u00fcber die Herstellung von eigenem K\u00e4se (Niederl\u00e4ndisch) - Startercultures.eu\",\"isPartOf\":{\"@id\":\"https:\/\/startercultures.eu\/de\/#website\"},\"primaryImageOfPage\":{\"@id\":\"https:\/\/startercultures.eu\/de\/product\/bucher\/das-hollandische-meisterwerk-uber-die-herstellung-von-eigenem-kase\/#primaryimage\"},\"image\":{\"@id\":\"https:\/\/startercultures.eu\/de\/product\/bucher\/das-hollandische-meisterwerk-uber-die-herstellung-von-eigenem-kase\/#primaryimage\"},\"thumbnailUrl\":\"https:\/\/startercultures.eu\/wp-content\/uploads\/2022\/04\/Kaas-uit-eigen-keuken.png\",\"datePublished\":\"2022-04-09T11:52:39+00:00\",\"dateModified\":\"2025-12-19T00:15:18+00:00\",\"description\":\"Das unterhaltsamste Buch in niederl\u00e4ndischer Sprache \\\"Kaas uit eigen keuken\\\" \u00fcber das Selbermachen von K\u00e4se: eine Reise durch die wunderbare Welt des K\u00e4ses.\",\"breadcrumb\":{\"@id\":\"https:\/\/startercultures.eu\/de\/product\/bucher\/das-hollandische-meisterwerk-uber-die-herstellung-von-eigenem-kase\/#breadcrumb\"},\"inLanguage\":\"de-DE\",\"potentialAction\":[{\"@type\":\"ReadAction\",\"target\":[\"https:\/\/startercultures.eu\/de\/product\/bucher\/das-hollandische-meisterwerk-uber-die-herstellung-von-eigenem-kase\/\"]}]},{\"@type\":\"ImageObject\",\"inLanguage\":\"de-DE\",\"@id\":\"https:\/\/startercultures.eu\/de\/product\/bucher\/das-hollandische-meisterwerk-uber-die-herstellung-von-eigenem-kase\/#primaryimage\",\"url\":\"https:\/\/startercultures.eu\/wp-content\/uploads\/2022\/04\/Kaas-uit-eigen-keuken.png\",\"contentUrl\":\"https:\/\/startercultures.eu\/wp-content\/uploads\/2022\/04\/Kaas-uit-eigen-keuken.png\",\"width\":1023,\"height\":1250,\"caption\":\"K\u00e4se aus unserer eigenen K\u00fcche\"},{\"@type\":\"BreadcrumbList\",\"@id\":\"https:\/\/startercultures.eu\/de\/product\/bucher\/das-hollandische-meisterwerk-uber-die-herstellung-von-eigenem-kase\/#breadcrumb\",\"itemListElement\":[{\"@type\":\"ListItem\",\"position\":1,\"name\":\"Home\",\"item\":\"https:\/\/startercultures.eu\/de\/\"},{\"@type\":\"ListItem\",\"position\":2,\"name\":\"Shop\",\"item\":\"https:\/\/startercultures.eu\/shop\/\"},{\"@type\":\"ListItem\",\"position\":3,\"name\":\"Kaas uit eigen keuken | das holl\u00e4ndische Meisterwerk \u00fcber die Herstellung von eigenem K\u00e4se (Niederl\u00e4ndisch)\"}]},{\"@type\":\"WebSite\",\"@id\":\"https:\/\/startercultures.eu\/de\/#website\",\"url\":\"https:\/\/startercultures.eu\/de\/\",\"name\":\"Startercultures.eu\",\"description\":\"Startercultures.eu\",\"publisher\":{\"@id\":\"https:\/\/startercultures.eu\/de\/#organization\"},\"potentialAction\":[{\"@type\":\"SearchAction\",\"target\":{\"@type\":\"EntryPoint\",\"urlTemplate\":\"https:\/\/startercultures.eu\/de\/?s={search_term_string}\"},\"query-input\":{\"@type\":\"PropertyValueSpecification\",\"valueRequired\":true,\"valueName\":\"search_term_string\"}}],\"inLanguage\":\"de-DE\"},{\"@type\":\"Organization\",\"@id\":\"https:\/\/startercultures.eu\/de\/#organization\",\"name\":\"Startercultures.eu\",\"url\":\"https:\/\/startercultures.eu\/de\/\",\"logo\":{\"@type\":\"ImageObject\",\"inLanguage\":\"de-DE\",\"@id\":\"https:\/\/startercultures.eu\/de\/#\/schema\/logo\/image\/\",\"url\":\"https:\/\/startercultures.eu\/wp-content\/uploads\/2020\/08\/startercultures-eu-nl-logo-rond-rgb.png\",\"contentUrl\":\"https:\/\/startercultures.eu\/wp-content\/uploads\/2020\/08\/startercultures-eu-nl-logo-rond-rgb.png\",\"width\":320,\"height\":320,\"caption\":\"Startercultures.eu\"},\"image\":{\"@id\":\"https:\/\/startercultures.eu\/de\/#\/schema\/logo\/image\/\"},\"sameAs\":[\"https:\/\/www.facebook.com\/startercultureseu\",\"https:\/\/www.instagram.com\/startercultures.eu\/\"]}]}<\/script>\n<meta property=\"product:price:amount\" content=\"25.00\" \/>\n<meta property=\"product:price:currency\" content=\"EUR\" \/>\n<meta property=\"og:availability\" content=\"instock\" \/>\n<meta property=\"product:availability\" content=\"instock\" \/>\n<meta property=\"product:retailer_item_id\" content=\"262\" \/>\n<meta property=\"product:condition\" content=\"new\" \/>\n<!-- \/ Yoast SEO plugin. -->","yoast_head_json":{"title":"Kaas uit eigen keuken | das holl\u00e4ndische Meisterwerk \u00fcber die Herstellung von eigenem K\u00e4se (Niederl\u00e4ndisch) - Startercultures.eu","description":"Das unterhaltsamste Buch in niederl\u00e4ndischer Sprache \"Kaas uit eigen keuken\" \u00fcber das Selbermachen von K\u00e4se: eine Reise durch die wunderbare Welt des K\u00e4ses.","robots":{"index":"index","follow":"follow","max-snippet":"max-snippet:-1","max-image-preview":"max-image-preview:large","max-video-preview":"max-video-preview:-1"},"canonical":"https:\/\/startercultures.eu\/de\/product\/bucher\/das-hollandische-meisterwerk-uber-die-herstellung-von-eigenem-kase\/","og_locale":"de_DE","og_type":"article","og_title":"Kaas uit eigen keuken | das holl\u00e4ndische Meisterwerk \u00fcber die Herstellung von eigenem K\u00e4se (Niederl\u00e4ndisch) - Startercultures.eu","og_description":"Das unterhaltsamste Buch in niederl\u00e4ndischer Sprache \"Kaas uit eigen keuken\" \u00fcber das Selbermachen von K\u00e4se: eine Reise durch die wunderbare Welt des K\u00e4ses.","og_url":"https:\/\/startercultures.eu\/de\/product\/bucher\/das-hollandische-meisterwerk-uber-die-herstellung-von-eigenem-kase\/","og_site_name":"Startercultures.eu","article_publisher":"https:\/\/www.facebook.com\/startercultureseu","article_modified_time":"2025-12-19T00:15:18+00:00","og_image":[{"width":1023,"height":1250,"url":"https:\/\/startercultures.eu\/wp-content\/uploads\/2022\/04\/Kaas-uit-eigen-keuken.png","type":"image\/png"}],"twitter_card":"summary_large_image","twitter_misc":{"Price":"25,-","Availability":"Vorr\u00e4tig"},"schema":{"@context":"https:\/\/schema.org","@graph":[{"@type":"WebPage","@id":"https:\/\/startercultures.eu\/de\/product\/bucher\/das-hollandische-meisterwerk-uber-die-herstellung-von-eigenem-kase\/","url":"https:\/\/startercultures.eu\/de\/product\/bucher\/das-hollandische-meisterwerk-uber-die-herstellung-von-eigenem-kase\/","name":"Kaas uit eigen keuken | das holl\u00e4ndische Meisterwerk \u00fcber die Herstellung von eigenem K\u00e4se (Niederl\u00e4ndisch) - Startercultures.eu","isPartOf":{"@id":"https:\/\/startercultures.eu\/de\/#website"},"primaryImageOfPage":{"@id":"https:\/\/startercultures.eu\/de\/product\/bucher\/das-hollandische-meisterwerk-uber-die-herstellung-von-eigenem-kase\/#primaryimage"},"image":{"@id":"https:\/\/startercultures.eu\/de\/product\/bucher\/das-hollandische-meisterwerk-uber-die-herstellung-von-eigenem-kase\/#primaryimage"},"thumbnailUrl":"https:\/\/startercultures.eu\/wp-content\/uploads\/2022\/04\/Kaas-uit-eigen-keuken.png","datePublished":"2022-04-09T11:52:39+00:00","dateModified":"2025-12-19T00:15:18+00:00","description":"Das unterhaltsamste Buch in niederl\u00e4ndischer Sprache \"Kaas uit eigen keuken\" \u00fcber das Selbermachen von K\u00e4se: eine Reise durch die wunderbare Welt des K\u00e4ses.","breadcrumb":{"@id":"https:\/\/startercultures.eu\/de\/product\/bucher\/das-hollandische-meisterwerk-uber-die-herstellung-von-eigenem-kase\/#breadcrumb"},"inLanguage":"de-DE","potentialAction":[{"@type":"ReadAction","target":["https:\/\/startercultures.eu\/de\/product\/bucher\/das-hollandische-meisterwerk-uber-die-herstellung-von-eigenem-kase\/"]}]},{"@type":"ImageObject","inLanguage":"de-DE","@id":"https:\/\/startercultures.eu\/de\/product\/bucher\/das-hollandische-meisterwerk-uber-die-herstellung-von-eigenem-kase\/#primaryimage","url":"https:\/\/startercultures.eu\/wp-content\/uploads\/2022\/04\/Kaas-uit-eigen-keuken.png","contentUrl":"https:\/\/startercultures.eu\/wp-content\/uploads\/2022\/04\/Kaas-uit-eigen-keuken.png","width":1023,"height":1250,"caption":"K\u00e4se aus unserer eigenen K\u00fcche"},{"@type":"BreadcrumbList","@id":"https:\/\/startercultures.eu\/de\/product\/bucher\/das-hollandische-meisterwerk-uber-die-herstellung-von-eigenem-kase\/#breadcrumb","itemListElement":[{"@type":"ListItem","position":1,"name":"Home","item":"https:\/\/startercultures.eu\/de\/"},{"@type":"ListItem","position":2,"name":"Shop","item":"https:\/\/startercultures.eu\/shop\/"},{"@type":"ListItem","position":3,"name":"Kaas uit eigen keuken | das holl\u00e4ndische Meisterwerk \u00fcber die Herstellung von eigenem K\u00e4se (Niederl\u00e4ndisch)"}]},{"@type":"WebSite","@id":"https:\/\/startercultures.eu\/de\/#website","url":"https:\/\/startercultures.eu\/de\/","name":"Startercultures.eu","description":"Startercultures.eu","publisher":{"@id":"https:\/\/startercultures.eu\/de\/#organization"},"potentialAction":[{"@type":"SearchAction","target":{"@type":"EntryPoint","urlTemplate":"https:\/\/startercultures.eu\/de\/?s={search_term_string}"},"query-input":{"@type":"PropertyValueSpecification","valueRequired":true,"valueName":"search_term_string"}}],"inLanguage":"de-DE"},{"@type":"Organization","@id":"https:\/\/startercultures.eu\/de\/#organization","name":"Startercultures.eu","url":"https:\/\/startercultures.eu\/de\/","logo":{"@type":"ImageObject","inLanguage":"de-DE","@id":"https:\/\/startercultures.eu\/de\/#\/schema\/logo\/image\/","url":"https:\/\/startercultures.eu\/wp-content\/uploads\/2020\/08\/startercultures-eu-nl-logo-rond-rgb.png","contentUrl":"https:\/\/startercultures.eu\/wp-content\/uploads\/2020\/08\/startercultures-eu-nl-logo-rond-rgb.png","width":320,"height":320,"caption":"Startercultures.eu"},"image":{"@id":"https:\/\/startercultures.eu\/de\/#\/schema\/logo\/image\/"},"sameAs":["https:\/\/www.facebook.com\/startercultureseu","https:\/\/www.instagram.com\/startercultures.eu\/"]}]},"product_price_amount":"25.00","product_price_currency":"EUR","og_availability":"instock","product_availability":"instock","product_retailer_item_id":"262","product_condition":"new"},"_links":{"self":[{"href":"https:\/\/startercultures.eu\/de\/wp-json\/wp\/v2\/product\/38899","targetHints":{"allow":["GET"]}}],"collection":[{"href":"https:\/\/startercultures.eu\/de\/wp-json\/wp\/v2\/product"}],"about":[{"href":"https:\/\/startercultures.eu\/de\/wp-json\/wp\/v2\/types\/product"}],"replies":[{"embeddable":true,"href":"https:\/\/startercultures.eu\/de\/wp-json\/wp\/v2\/comments?post=38899"}],"version-history":[{"count":2,"href":"https:\/\/startercultures.eu\/de\/wp-json\/wp\/v2\/product\/38899\/revisions"}],"predecessor-version":[{"id":74416,"href":"https:\/\/startercultures.eu\/de\/wp-json\/wp\/v2\/product\/38899\/revisions\/74416"}],"wp:featuredmedia":[{"embeddable":true,"href":"https:\/\/startercultures.eu\/de\/wp-json\/wp\/v2\/media\/24460"}],"wp:attachment":[{"href":"https:\/\/startercultures.eu\/de\/wp-json\/wp\/v2\/media?parent=38899"}],"wp:term":[{"taxonomy":"product_brand","embeddable":true,"href":"https:\/\/startercultures.eu\/de\/wp-json\/wp\/v2\/product_brand?post=38899"},{"taxonomy":"product_cat","embeddable":true,"href":"https:\/\/startercultures.eu\/de\/wp-json\/wp\/v2\/product_cat?post=38899"},{"taxonomy":"product_tag","embeddable":true,"href":"https:\/\/startercultures.eu\/de\/wp-json\/wp\/v2\/product_tag?post=38899"}],"curies":[{"name":"wp","href":"https:\/\/api.w.org\/{rel}","templated":true}]}}