{"id":39504,"date":"2023-06-13T11:04:04","date_gmt":"2023-06-13T09:04:04","guid":{"rendered":"https:\/\/startercultures.eu\/?post_type=product&#038;p=39504"},"modified":"2026-04-13T12:22:48","modified_gmt":"2026-04-13T10:22:48","slug":"ph-tester-fur-fleisch-wurst-und-kase-copy","status":"publish","type":"product","link":"https:\/\/startercultures.eu\/de\/product\/fermentation-de\/essig\/werkzeuge-de-5\/ph-tester-fur-fleisch-wurst-und-kase-copy\/","title":{"rendered":"Universal pH-Tester | auch f\u00fcr Fleisch, Wurst und K\u00e4se geeignet"},"content":{"rendered":"<p>Dieser universelle pH-Tester im Taschenformat kann f\u00fcr alle Arten der Fermentation (einschlie\u00dflich Fleisch und K\u00e4se) verwendet werden. Im Lieferumfang ist alles enthalten, was Sie brauchen, um sofort mit der Messung zu beginnen.<\/p>\n<h3>pH-Wert? Oh nein, ich dachte, das w\u00e4re ich nach der Schule losgeworden!<\/h3>\n<p>Nicht ganz, und lesen Sie weiter, wenn Sie Trockenwurst m\u00f6gen. Jeder mag W\u00fcrstchen, also lassen Sie uns die Bedeutung des pH-Werts im pH-Fleischtester erkl\u00e4ren.<\/p>\n<p>Der pH-Wert ist ein Ma\u00df f\u00fcr den S\u00e4uregrad einer w\u00e4ssrigen L\u00f6sung. Der pH-Wert von Wasser betr\u00e4gt bei Raumtemperatur etwa 7. Bei Raumtemperatur haben saure L\u00f6sungen einen pH-Wert von weniger als 7 und damit einen hohen S\u00e4uregehalt. So hat Wasser einen pH-Wert von 7, Bier zwischen 4,5 und 5, Essig etwa 3 und Batteries\u00e4ure etwa 0,5. Der pH-Wert ist eine logarithmische Skala, d. h. ein Abfall um 1 pH-Punkt ist 10-mal saurer. Mit diesem pH-Tester k\u00f6nnen Sie den S\u00e4uregehalt Ihrer G\u00e4rw\u00fcrste messen. Der pH-Wert muss w\u00e4hrend der <a href=\"https:\/\/startercultures.eu\/product-category\/sausages-and-charcuterie\/starter-cultures-for-sausage-making\/\" target=\"_blank\" rel=\"noopener\">G\u00e4rung<\/a> ausreichend sinken, um sicherzustellen, dass sich unerw\u00fcnschte Mikroorganismen nicht vermehren k\u00f6nnen.<\/p>\n<p>Der von Ihnen ben\u00f6tigte pH-Tester muss in der Lage sein, den pH-Wert in halbfesten Substanzen zu messen, ein so genanntes &#8220;Stabmodell&#8221;. Die einfacheren und billigeren Ger\u00e4te funktionieren nur f\u00fcr Fl\u00fcssigkeiten. Daher ist es schwierig, den pH-Wert Ihrer Wurst mit <a href=\"https:\/\/startercultures.eu\/de\/product\/fermentation-de\/molkerei\/joghurt\/ph-strips\/\" target=\"_blank\" rel=\"noopener\">pH-Streifen<\/a> oder einem normalen <a href=\"https:\/\/startercultures.eu\/de\/product\/fermentation-de\/molkerei\/joghurt\/werkzeuge-de-4\/ph-meter-fur-fermentation\/\" target=\"_blank\" rel=\"noopener\">pH-Meter<\/a> zu messen.<\/p>\n<h3>\u00dcber pH-Wert und W\u00fcrste<\/h3>\n<p>Die S\u00e4ure spielt bei vielen Formen der G\u00e4rung eine wichtige Rolle. Je niedriger der pH-Wert, desto saurer ist das Produkt. Je s\u00e4urehaltiger Ihr Produkt ist, desto sicherer ist Ihr Produkt. Der pH-Wert Ihrer Wurst sollte nach der G\u00e4rung mindestens unter 5,3 fallen. Ein pH-Wert zwischen 4,8 und 5,3 ist in Ordnung. Eine geringere Menge ist auch erlaubt, aber das werden Sie wahrscheinlich ein wenig schmecken. H\u00f6heres ist nicht erlaubt, da es f\u00fcr den Verzehr ungeeignet w\u00e4re.<\/p>\n<h3>\u00dcber diesen universellen pH-Tester f\u00fcr Fleisch und K\u00e4se<\/h3>\n<p>Dieser pH-Tester wurde speziell f\u00fcr die Messung des pH-Wertes bei der Fleischverarbeitung, z. B. bei der Herstellung von Rohwurst oder K\u00e4se, entwickelt, ein so genanntes &#8220;Stangenmodell&#8221;. Die konische Spitze sorgt f\u00fcr ein leichtes Eindringen in feste und halbfeste Materialien, was notwendig ist, wenn Sie eine direkte Messung in Fleisch oder K\u00e4se vornehmen wollen, im Gegensatz zu normalen pH-Testern, die nur Fl\u00fcssigkeiten messen k\u00f6nnen. Die Bluetooth-Verbindung erm\u00f6glicht das direkte Speichern Ihrer Daten in der dazugeh\u00f6rigen App oder als Excel-Tabelle (1000 Datens\u00e4tze!) &#8211; der Beweis, der jedem zeigt, dass Ihr K\u00e4se\/ Ihre Wurst ernsthafte Wissenschaft ist!<\/p>\n<p>Dieser pH-Tester ist nicht nur f\u00fcr Fleisch und K\u00e4se geeignet, er kann alles messen!<\/p>\n<h3>Wie benutzt man den universellen pH-Tester?<\/h3>\n<p>Dieser pH-Tester im Taschenformat wurde entwickelt, um das Testen des pH-Werts von Fleisch zu vereinfachen, und er ist langlebig. Beim Einstecken wird der Fleischtester automatisch temperaturkalibriert. Ein Stabilit\u00e4tsindikator auf dem Bildschirm sorgt f\u00fcr ein H\u00f6chstma\u00df an Vertrauen in Ihre Ergebnisse. Die w\u00e4hlbare automatische Abschaltfunktion verl\u00e4ngert die Batterielebensdauer und spart Energie, falls das Messger\u00e4t versehentlich eingeschaltet bleibt.<\/p>\n<ol>\n<li>Vor dem Test: Kalibrieren Sie Ihr pH-Messger\u00e4t (siehe untenstehende Anweisungen).<\/li>\n<li>Sp\u00fclen Sie die Kalibrierfl\u00fcssigkeit vorsichtig mit langsam flie\u00dfendem Leitungswasser ab.<\/li>\n<li>Nehmen Sie Ihre Messungen vor<\/li>\n<li>Lassen Sie die Spitze des pH-Meters nach der Messung mindestens 15 Minuten lang in der Reinigungsfl\u00fcssigkeit liegen.<\/li>\n<li>Bewahren Sie die Spitze des pH-Meters mit ein paar Tropfen <a href=\"https:\/\/startercultures.eu\/de\/product\/wurstwaren-und-charcuterie-de\/werkzeuge-de-7\/charcuterie-de\/elektrodenspeicherlosung\/\" target=\"_blank\" rel=\"noopener\">pH-Lagerl\u00f6sung<\/a> auf.<\/li>\n<\/ol>\n<p>Bluetooth-Verbindung:<\/p>\n<ol>\n<li>Dr\u00fccken Sie die Taste &#8221; ON\/ OFF&#8221; f\u00fcr 3-5 Sekunden, um die Bluetooth-Verbindung des Messger\u00e4ts einzuschalten. Nach dem Einschalten von Bluetooth wird auf dem Bildschirm das Bluetooth-Symbol angezeigt.<\/li>\n<li>Schalten Sie die Ortungsfunktion des Mobiltelefons ein, andernfalls wird die Verbindung fehlschlagen.<\/li>\n<li>\u00d6ffnen Sie die Bluetooth-Funktion des Mobiltelefons und suchen Sie nach dem Modell des Messger\u00e4ts.<\/li>\n<li>\u00d6ffnen Sie die &#8221;YINMIK&#8221; APP, die APP wird automatisch mit dem Modell des Messger\u00e4ts \u00fcbereinstimmen. Wenn auf der APP-Seite das Modell des Messger\u00e4ts angezeigt wird, bedeutet dies, dass das Messger\u00e4t erfolgreich mit der APP verbunden ist.<\/li>\n<\/ol>\n<h3>Anweisungen zur Kalibrierung<\/h3>\n<ol>\n<li>Es gibt 2 Kalibrierungsmodi: 6,86\/ 4,00\/ 9,18 oder 7,00\/ 4,00\/ 10,01. L\u00f6sen Sie die gew\u00e4hlten Pulver in verschiedenen Bechern mit 250 ml destilliertem Wasser auf.<\/li>\n<li>Legen Sie die Elektrode in die 6,86-L\u00f6sung, warten Sie, bis sich der Wert stabilisiert hat, dr\u00fccken Sie 5 Sekunden lang die Taste (CAL), auf dem Display erscheint &#8221; CAL&#8221;, lassen Sie die Taste los und warten Sie, bis 6,86 dreimal blinkt, um die 6,86-Kalibrierung abzuschlie\u00dfen.<\/li>\n<li>Legen Sie die Elektrode in die 4,00-L\u00f6sung, warten Sie, bis sich der Wert stabilisiert hat, dr\u00fccken Sie 5 Sekunden lang die Taste (CAL), auf dem Display erscheint &#8221; CAL&#8221;, lassen Sie die Taste los und warten Sie, bis 4,00 dreimal blinkt, um die 4,00-Kalibrierung abzuschlie\u00dfen.<\/li>\n<li>Legen Sie die Elektrode in die 9,18-L\u00f6sung, warten Sie, bis sich der Wert stabilisiert hat, dr\u00fccken Sie 5 Sekunden lang die Taste (CAL), auf dem Display erscheint &#8221; CAL&#8221;, lassen Sie die Taste los und warten Sie, bis 9,18 dreimal blinkt, um die 4,00-Kalibrierung abzuschlie\u00dfen.<\/li>\n<\/ol>\n<h3>Wie Sie Ihren pH-Tester pflegen<\/h3>\n<p>Bitte lesen Sie diesen Abschnitt sorgf\u00e4ltig durch, da die Nichtpflege Ihres pH-Testers seine Lebensdauer stark verk\u00fcrzt und Sie Ihren Garantieanspruch verlieren.<\/p>\n<ul>\n<li>Halten Sie die Spitze Ihres pH-Testers bei Nichtgebrauch immer in der Aufbewahrungsl\u00f6sung bedeckt.<\/li>\n<li>Die Pufferfl\u00fcssigkeit (zur Kalibrierung Ihres pH-Testers) kann in einem geschlossenen Beh\u00e4lter etwa 1 Woche lang aufbewahrt werden, danach verliert sie ihren pH-Wert.<\/li>\n<\/ul>\n<h3>Wof\u00fcr k\u00f6nnen Sie diesen pH-Tester verwenden?<\/h3>\n<p>Dieser pH-Tester ist universell, er kann f\u00fcr ALLE fermentierten Produkte verwendet werden, von fermentiertem Gem\u00fcse \u00fcber Joghurt und Essig bis hin zu Fleisch und K\u00e4se.<\/p>\n<h3>Inhalt &amp; Details<\/h3>\n<p>Wird mit einem pH-Kalibrierungsset geliefert, aber ohne Batterien (4*1,5V- LR44, siehe unten)<\/p>\n<ul>\n<li>\u00b10,1 pH-Genauigkeit<\/li>\n<li>pH-Bereich: 0,00 bis 14,00 pH<\/li>\n<li>0,1\u00b0C &#8211; 60\u00b0C; 32.1\u00b0F &#8211; 140\u00b0F<\/li>\n<\/ul>\n<h3>Welche Batterien ben\u00f6tige ich f\u00fcr diesen pH-Tester?<\/h3>\n<p>2 LR44-Batterien, auch bekannt als LR1154, 280-904, 477, 76A, A76, A76-1, AG13, GP76A, GPA76P, KA, L1154, LR44, PX76A, RW82, SB-F9, V13GA. Sie sind sehr verbreitet und k\u00f6nnen \u00fcberall gekauft werden. Action verkauft sie billig.<\/p>\n<h3>Was ist in der Packung?<\/h3>\n<ul>\n<li>Ein pH-Tester f\u00fcr Fleisch\/K\u00e4se<\/li>\n<li>Gebrauchsanweisung<\/li>\n<li>1 pH-Kalibrierungsset<\/li>\n<\/ul>\n<h3>Suchen Sie einen hochwertigen pH-Tester?<\/h3>\n<p>Schauen Sie sich unseren <a href=\"https:\/\/startercultures.eu\/de\/product\/fermentation-de\/essig\/werkzeuge-de-5\/ph-tester-fur-fleisch-wurst-und-kase-copy\/\" target=\"_blank\" rel=\"noopener\">Premium-pH-Tester von Hanna<\/a> an, dem Weltmarktf\u00fchrer f\u00fcr Labortests und Messger\u00e4te.<\/p>\n","protected":false},"excerpt":{"rendered":"<p>Dieser Fleisch-pH-Tester im Taschenformat ist f\u00fcr eine lange Lebensdauer ausgelegt. Im Lieferumfang ist alles enthalten, was Sie brauchen, um sofort mit der Messung zu beginnen.<\/p>\n","protected":false},"featured_media":80135,"comment_status":"open","ping_status":"closed","template":"","meta":{"_acf_changed":false,"footnotes":""},"product_brand":[],"product_cat":[664,665,661,662,644,663,658,659],"product_tag":[],"class_list":{"0":"post-39504","1":"product","2":"type-product","3":"status-publish","4":"has-post-thumbnail","6":"product_cat-prufer","7":"product_cat-prufung","8":"product_cat-werkzeuge-de-4","9":"product_cat-werkzeuge-de-5","10":"product_cat-werkzeuge","11":"product_cat-werkzeuge-de-6","12":"product_cat-werkzeuge-de-2","13":"product_cat-werkzeuge-de-3","14":"product_shipping_class-klein-pakket-de","15":"pa_ean-8720297621789-de-2","17":"first","18":"instock","19":"taxable","20":"shipping-taxable","21":"purchasable","22":"product-type-simple"},"acf":[],"yoast_head":"<!-- This site is optimized with the Yoast SEO plugin v26.6 - https:\/\/yoast.com\/wordpress\/plugins\/seo\/ -->\n<title>Universal pH-Tester | auch f\u00fcr Fleisch, Wurst und K\u00e4se geeignet - Startercultures.eu<\/title>\n<meta name=\"description\" content=\"Dieser Fleisch-pH-Tester im Taschenformat ist f\u00fcr den Dauereinsatz konzipiert. Im Lieferumfang ist alles enthalten, was Sie brauchen, um sofort mit der Messung zu beginnen.\" \/>\n<meta name=\"robots\" content=\"index, follow, max-snippet:-1, max-image-preview:large, max-video-preview:-1\" \/>\n<link rel=\"canonical\" href=\"https:\/\/startercultures.eu\/de\/product\/fermentation-de\/essig\/werkzeuge-de-5\/ph-tester-fur-fleisch-wurst-und-kase-copy\/\" \/>\n<meta property=\"og:locale\" content=\"de_DE\" \/>\n<meta property=\"og:type\" content=\"article\" \/>\n<meta property=\"og:title\" content=\"Universal pH-Tester | auch f\u00fcr Fleisch, Wurst und K\u00e4se geeignet - Startercultures.eu\" \/>\n<meta property=\"og:description\" content=\"Dieser Fleisch-pH-Tester im Taschenformat ist f\u00fcr den Dauereinsatz konzipiert. Im Lieferumfang ist alles enthalten, was Sie brauchen, um sofort mit der Messung zu beginnen.\" \/>\n<meta property=\"og:url\" content=\"https:\/\/startercultures.eu\/de\/product\/fermentation-de\/essig\/werkzeuge-de-5\/ph-tester-fur-fleisch-wurst-und-kase-copy\/\" \/>\n<meta property=\"og:site_name\" content=\"Startercultures.eu\" \/>\n<meta property=\"article:publisher\" content=\"https:\/\/www.facebook.com\/startercultureseu\" \/>\n<meta property=\"article:modified_time\" content=\"2026-04-13T10:22:48+00:00\" \/>\n<meta property=\"og:image\" content=\"https:\/\/startercultures.eu\/wp-content\/uploads\/2023\/06\/meat-ph-tester-solo.png\" \/>\n\t<meta property=\"og:image:width\" content=\"2000\" \/>\n\t<meta property=\"og:image:height\" content=\"2000\" \/>\n\t<meta property=\"og:image:type\" content=\"image\/png\" \/>\n<meta name=\"twitter:card\" content=\"summary_large_image\" \/>\n<meta name=\"twitter:label1\" content=\"Price\" \/>\n\t<meta name=\"twitter:data1\" content=\"97,-\" \/>\n\t<meta name=\"twitter:label2\" content=\"Availability\" \/>\n\t<meta name=\"twitter:data2\" content=\"Vorr\u00e4tig\" \/>\n<script type=\"application\/ld+json\" class=\"yoast-schema-graph\">{\"@context\":\"https:\/\/schema.org\",\"@graph\":[{\"@type\":\"WebPage\",\"@id\":\"https:\/\/startercultures.eu\/de\/product\/fermentation-de\/essig\/werkzeuge-de-5\/ph-tester-fur-fleisch-wurst-und-kase-copy\/\",\"url\":\"https:\/\/startercultures.eu\/de\/product\/fermentation-de\/essig\/werkzeuge-de-5\/ph-tester-fur-fleisch-wurst-und-kase-copy\/\",\"name\":\"Universal pH-Tester | auch f\u00fcr Fleisch, Wurst und K\u00e4se geeignet - Startercultures.eu\",\"isPartOf\":{\"@id\":\"https:\/\/startercultures.eu\/de\/#website\"},\"primaryImageOfPage\":{\"@id\":\"https:\/\/startercultures.eu\/de\/product\/fermentation-de\/essig\/werkzeuge-de-5\/ph-tester-fur-fleisch-wurst-und-kase-copy\/#primaryimage\"},\"image\":{\"@id\":\"https:\/\/startercultures.eu\/de\/product\/fermentation-de\/essig\/werkzeuge-de-5\/ph-tester-fur-fleisch-wurst-und-kase-copy\/#primaryimage\"},\"thumbnailUrl\":\"https:\/\/startercultures.eu\/wp-content\/uploads\/2023\/06\/meat-ph-tester-solo.png\",\"datePublished\":\"2023-06-13T09:04:04+00:00\",\"dateModified\":\"2026-04-13T10:22:48+00:00\",\"description\":\"Dieser Fleisch-pH-Tester im Taschenformat ist f\u00fcr den Dauereinsatz konzipiert. Im Lieferumfang ist alles enthalten, was Sie brauchen, um sofort mit der Messung zu beginnen.\",\"breadcrumb\":{\"@id\":\"https:\/\/startercultures.eu\/de\/product\/fermentation-de\/essig\/werkzeuge-de-5\/ph-tester-fur-fleisch-wurst-und-kase-copy\/#breadcrumb\"},\"inLanguage\":\"de-DE\",\"potentialAction\":[{\"@type\":\"ReadAction\",\"target\":[\"https:\/\/startercultures.eu\/de\/product\/fermentation-de\/essig\/werkzeuge-de-5\/ph-tester-fur-fleisch-wurst-und-kase-copy\/\"]}]},{\"@type\":\"ImageObject\",\"inLanguage\":\"de-DE\",\"@id\":\"https:\/\/startercultures.eu\/de\/product\/fermentation-de\/essig\/werkzeuge-de-5\/ph-tester-fur-fleisch-wurst-und-kase-copy\/#primaryimage\",\"url\":\"https:\/\/startercultures.eu\/wp-content\/uploads\/2023\/06\/meat-ph-tester-solo.png\",\"contentUrl\":\"https:\/\/startercultures.eu\/wp-content\/uploads\/2023\/06\/meat-ph-tester-solo.png\",\"width\":2000,\"height\":2000},{\"@type\":\"BreadcrumbList\",\"@id\":\"https:\/\/startercultures.eu\/de\/product\/fermentation-de\/essig\/werkzeuge-de-5\/ph-tester-fur-fleisch-wurst-und-kase-copy\/#breadcrumb\",\"itemListElement\":[{\"@type\":\"ListItem\",\"position\":1,\"name\":\"Home\",\"item\":\"https:\/\/startercultures.eu\/de\/\"},{\"@type\":\"ListItem\",\"position\":2,\"name\":\"Shop\",\"item\":\"https:\/\/startercultures.eu\/shop\/\"},{\"@type\":\"ListItem\",\"position\":3,\"name\":\"Universal pH-Tester | auch f\u00fcr Fleisch, Wurst und K\u00e4se geeignet\"}]},{\"@type\":\"WebSite\",\"@id\":\"https:\/\/startercultures.eu\/de\/#website\",\"url\":\"https:\/\/startercultures.eu\/de\/\",\"name\":\"Startercultures.eu\",\"description\":\"Startercultures.eu\",\"publisher\":{\"@id\":\"https:\/\/startercultures.eu\/de\/#organization\"},\"potentialAction\":[{\"@type\":\"SearchAction\",\"target\":{\"@type\":\"EntryPoint\",\"urlTemplate\":\"https:\/\/startercultures.eu\/de\/?s={search_term_string}\"},\"query-input\":{\"@type\":\"PropertyValueSpecification\",\"valueRequired\":true,\"valueName\":\"search_term_string\"}}],\"inLanguage\":\"de-DE\"},{\"@type\":\"Organization\",\"@id\":\"https:\/\/startercultures.eu\/de\/#organization\",\"name\":\"Startercultures.eu\",\"url\":\"https:\/\/startercultures.eu\/de\/\",\"logo\":{\"@type\":\"ImageObject\",\"inLanguage\":\"de-DE\",\"@id\":\"https:\/\/startercultures.eu\/de\/#\/schema\/logo\/image\/\",\"url\":\"https:\/\/startercultures.eu\/wp-content\/uploads\/2020\/08\/startercultures-eu-nl-logo-rond-rgb.png\",\"contentUrl\":\"https:\/\/startercultures.eu\/wp-content\/uploads\/2020\/08\/startercultures-eu-nl-logo-rond-rgb.png\",\"width\":320,\"height\":320,\"caption\":\"Startercultures.eu\"},\"image\":{\"@id\":\"https:\/\/startercultures.eu\/de\/#\/schema\/logo\/image\/\"},\"sameAs\":[\"https:\/\/www.facebook.com\/startercultureseu\",\"https:\/\/www.instagram.com\/startercultures.eu\/\"]}]}<\/script>\n<meta property=\"product:price:amount\" content=\"97.00\" \/>\n<meta property=\"product:price:currency\" content=\"EUR\" \/>\n<meta property=\"og:availability\" content=\"instock\" \/>\n<meta property=\"product:availability\" content=\"instock\" \/>\n<meta property=\"product:retailer_item_id\" content=\"314\" \/>\n<meta property=\"product:condition\" content=\"new\" \/>\n<!-- \/ Yoast SEO plugin. -->","yoast_head_json":{"title":"Universal pH-Tester | auch f\u00fcr Fleisch, Wurst und K\u00e4se geeignet - Startercultures.eu","description":"Dieser Fleisch-pH-Tester im Taschenformat ist f\u00fcr den Dauereinsatz konzipiert. Im Lieferumfang ist alles enthalten, was Sie brauchen, um sofort mit der Messung zu beginnen.","robots":{"index":"index","follow":"follow","max-snippet":"max-snippet:-1","max-image-preview":"max-image-preview:large","max-video-preview":"max-video-preview:-1"},"canonical":"https:\/\/startercultures.eu\/de\/product\/fermentation-de\/essig\/werkzeuge-de-5\/ph-tester-fur-fleisch-wurst-und-kase-copy\/","og_locale":"de_DE","og_type":"article","og_title":"Universal pH-Tester | auch f\u00fcr Fleisch, Wurst und K\u00e4se geeignet - Startercultures.eu","og_description":"Dieser Fleisch-pH-Tester im Taschenformat ist f\u00fcr den Dauereinsatz konzipiert. Im Lieferumfang ist alles enthalten, was Sie brauchen, um sofort mit der Messung zu beginnen.","og_url":"https:\/\/startercultures.eu\/de\/product\/fermentation-de\/essig\/werkzeuge-de-5\/ph-tester-fur-fleisch-wurst-und-kase-copy\/","og_site_name":"Startercultures.eu","article_publisher":"https:\/\/www.facebook.com\/startercultureseu","article_modified_time":"2026-04-13T10:22:48+00:00","og_image":[{"width":2000,"height":2000,"url":"https:\/\/startercultures.eu\/wp-content\/uploads\/2023\/06\/meat-ph-tester-solo.png","type":"image\/png"}],"twitter_card":"summary_large_image","twitter_misc":{"Price":"97,-","Availability":"Vorr\u00e4tig"},"schema":{"@context":"https:\/\/schema.org","@graph":[{"@type":"WebPage","@id":"https:\/\/startercultures.eu\/de\/product\/fermentation-de\/essig\/werkzeuge-de-5\/ph-tester-fur-fleisch-wurst-und-kase-copy\/","url":"https:\/\/startercultures.eu\/de\/product\/fermentation-de\/essig\/werkzeuge-de-5\/ph-tester-fur-fleisch-wurst-und-kase-copy\/","name":"Universal pH-Tester | auch f\u00fcr Fleisch, Wurst und K\u00e4se geeignet - Startercultures.eu","isPartOf":{"@id":"https:\/\/startercultures.eu\/de\/#website"},"primaryImageOfPage":{"@id":"https:\/\/startercultures.eu\/de\/product\/fermentation-de\/essig\/werkzeuge-de-5\/ph-tester-fur-fleisch-wurst-und-kase-copy\/#primaryimage"},"image":{"@id":"https:\/\/startercultures.eu\/de\/product\/fermentation-de\/essig\/werkzeuge-de-5\/ph-tester-fur-fleisch-wurst-und-kase-copy\/#primaryimage"},"thumbnailUrl":"https:\/\/startercultures.eu\/wp-content\/uploads\/2023\/06\/meat-ph-tester-solo.png","datePublished":"2023-06-13T09:04:04+00:00","dateModified":"2026-04-13T10:22:48+00:00","description":"Dieser Fleisch-pH-Tester im Taschenformat ist f\u00fcr den Dauereinsatz konzipiert. Im Lieferumfang ist alles enthalten, was Sie brauchen, um sofort mit der Messung zu beginnen.","breadcrumb":{"@id":"https:\/\/startercultures.eu\/de\/product\/fermentation-de\/essig\/werkzeuge-de-5\/ph-tester-fur-fleisch-wurst-und-kase-copy\/#breadcrumb"},"inLanguage":"de-DE","potentialAction":[{"@type":"ReadAction","target":["https:\/\/startercultures.eu\/de\/product\/fermentation-de\/essig\/werkzeuge-de-5\/ph-tester-fur-fleisch-wurst-und-kase-copy\/"]}]},{"@type":"ImageObject","inLanguage":"de-DE","@id":"https:\/\/startercultures.eu\/de\/product\/fermentation-de\/essig\/werkzeuge-de-5\/ph-tester-fur-fleisch-wurst-und-kase-copy\/#primaryimage","url":"https:\/\/startercultures.eu\/wp-content\/uploads\/2023\/06\/meat-ph-tester-solo.png","contentUrl":"https:\/\/startercultures.eu\/wp-content\/uploads\/2023\/06\/meat-ph-tester-solo.png","width":2000,"height":2000},{"@type":"BreadcrumbList","@id":"https:\/\/startercultures.eu\/de\/product\/fermentation-de\/essig\/werkzeuge-de-5\/ph-tester-fur-fleisch-wurst-und-kase-copy\/#breadcrumb","itemListElement":[{"@type":"ListItem","position":1,"name":"Home","item":"https:\/\/startercultures.eu\/de\/"},{"@type":"ListItem","position":2,"name":"Shop","item":"https:\/\/startercultures.eu\/shop\/"},{"@type":"ListItem","position":3,"name":"Universal pH-Tester | auch f\u00fcr Fleisch, Wurst und K\u00e4se geeignet"}]},{"@type":"WebSite","@id":"https:\/\/startercultures.eu\/de\/#website","url":"https:\/\/startercultures.eu\/de\/","name":"Startercultures.eu","description":"Startercultures.eu","publisher":{"@id":"https:\/\/startercultures.eu\/de\/#organization"},"potentialAction":[{"@type":"SearchAction","target":{"@type":"EntryPoint","urlTemplate":"https:\/\/startercultures.eu\/de\/?s={search_term_string}"},"query-input":{"@type":"PropertyValueSpecification","valueRequired":true,"valueName":"search_term_string"}}],"inLanguage":"de-DE"},{"@type":"Organization","@id":"https:\/\/startercultures.eu\/de\/#organization","name":"Startercultures.eu","url":"https:\/\/startercultures.eu\/de\/","logo":{"@type":"ImageObject","inLanguage":"de-DE","@id":"https:\/\/startercultures.eu\/de\/#\/schema\/logo\/image\/","url":"https:\/\/startercultures.eu\/wp-content\/uploads\/2020\/08\/startercultures-eu-nl-logo-rond-rgb.png","contentUrl":"https:\/\/startercultures.eu\/wp-content\/uploads\/2020\/08\/startercultures-eu-nl-logo-rond-rgb.png","width":320,"height":320,"caption":"Startercultures.eu"},"image":{"@id":"https:\/\/startercultures.eu\/de\/#\/schema\/logo\/image\/"},"sameAs":["https:\/\/www.facebook.com\/startercultureseu","https:\/\/www.instagram.com\/startercultures.eu\/"]}]},"product_price_amount":"97.00","product_price_currency":"EUR","og_availability":"instock","product_availability":"instock","product_retailer_item_id":"314","product_condition":"new"},"_links":{"self":[{"href":"https:\/\/startercultures.eu\/de\/wp-json\/wp\/v2\/product\/39504","targetHints":{"allow":["GET"]}}],"collection":[{"href":"https:\/\/startercultures.eu\/de\/wp-json\/wp\/v2\/product"}],"about":[{"href":"https:\/\/startercultures.eu\/de\/wp-json\/wp\/v2\/types\/product"}],"replies":[{"embeddable":true,"href":"https:\/\/startercultures.eu\/de\/wp-json\/wp\/v2\/comments?post=39504"}],"version-history":[{"count":3,"href":"https:\/\/startercultures.eu\/de\/wp-json\/wp\/v2\/product\/39504\/revisions"}],"predecessor-version":[{"id":84698,"href":"https:\/\/startercultures.eu\/de\/wp-json\/wp\/v2\/product\/39504\/revisions\/84698"}],"wp:featuredmedia":[{"embeddable":true,"href":"https:\/\/startercultures.eu\/de\/wp-json\/wp\/v2\/media\/80135"}],"wp:attachment":[{"href":"https:\/\/startercultures.eu\/de\/wp-json\/wp\/v2\/media?parent=39504"}],"wp:term":[{"taxonomy":"product_brand","embeddable":true,"href":"https:\/\/startercultures.eu\/de\/wp-json\/wp\/v2\/product_brand?post=39504"},{"taxonomy":"product_cat","embeddable":true,"href":"https:\/\/startercultures.eu\/de\/wp-json\/wp\/v2\/product_cat?post=39504"},{"taxonomy":"product_tag","embeddable":true,"href":"https:\/\/startercultures.eu\/de\/wp-json\/wp\/v2\/product_tag?post=39504"}],"curies":[{"name":"wp","href":"https:\/\/api.w.org\/{rel}","templated":true}]}}