{"id":40756,"date":"2021-04-30T17:12:19","date_gmt":"2021-04-30T17:12:19","guid":{"rendered":"https:\/\/startercultures.eu\/product\/uncategorized\/alpine-cheese-starter-culture-em\/"},"modified":"2026-03-17T11:10:32","modified_gmt":"2026-03-17T10:10:32","slug":"alpine-cheese-starter-culture-em","status":"publish","type":"product","link":"https:\/\/startercultures.eu\/de\/product\/fermentation-de\/molkerei\/kase\/starterkulturen\/alpine-cheese-starter-culture-em\/","title":{"rendered":"Alpenk\u00e4se-Starterkultur &#8211; EM | f\u00fcr Schweizer K\u00e4sesorten"},"content":{"rendered":"<p>Diese Alpenk\u00e4se-Starterkultur eignet sich besonders f\u00fcr Alpk\u00e4se. Diese Schweizer K\u00e4sesorten sind (Halb-)Hartk\u00e4se mit ausgepr\u00e4gtem Charakter, deren Urspr\u00fcnge in den europ\u00e4ischen Alpen liegen, obwohl sie heute in den meisten K\u00e4seregionen der Welt gegessen und nachgeahmt werden.<\/p>\n<p>Ihr ausgepr\u00e4gter Charakter ergab sich aus den Erfordernissen des K\u00e4ses, der im Sommer auf den hochgelegenen Alpenwiesen hergestellt und dann im Winter mit den K\u00fchen in die T\u00e4ler transportiert wurde, in der historischen Kultur der <a href=\"https:\/\/en.wikipedia.org\/wiki\/Alpine_transhumance\" target=\"_blank\" rel=\"noopener\">Alpentranshumanz<\/a>. Urspr\u00fcngliche Alpk\u00e4se sind Emmentaler, Greyerzer und Appenzeller sowie der franz\u00f6sische Beaufort und Comt\u00e9 (aus dem Jura, nahe den Alpen).<\/p>\n<p>Leerdammer oder Maasdam-K\u00e4se sind holl\u00e4ndische Versionen des Alpenk\u00e4ses, und in Kombination mit unserem <a href=\"https:\/\/startercultures.eu\/de\/product\/molkerei\/kase\/starterkulturen\/gas-bildende-kase-starter-kultur-propionibacterium-shermanii\/\" target=\"_blank\" rel=\"noopener\">Propionibacterium shermanii<\/a> erh\u00e4lt man die gro\u00dfen L\u00f6cher in den K\u00e4sen. Schweizer K\u00e4sesorten wie Gruyere sind sehr beliebt. Sie sind sogar so gut, dass der r\u00f6mische Kaiser <a class=\"mw-redirect\" title=\"\" href=\"https:\/\/en.wikipedia.org\/wiki\/Antonius_Pius\">Antonius Pius<\/a> starb, weil er zu viel davon gegessen hatte: <em>&#8220;cum Alpinum caseum in cena edisset avidius&#8221;<\/em>.<\/p>\n<h3>Was ist eine Starterkultur f\u00fcr K\u00e4se?<\/h3>\n<p>Um eine gute G\u00e4rung (S\u00e4uerung und Geschmacksbildung) zu erreichen, braucht man eine K\u00e4sestarterkultur. K\u00e4sestarterkulturen bestehen haupts\u00e4chlich aus Milchs\u00e4urebakterien, obwohl auch andere Bakterien und Hefen beteiligt sein k\u00f6nnen. Bei der K\u00e4seherstellung zu Hause besteht die Hauptaufgabe der Starterkulturen in der Produktion von Milchs\u00e4ure aus Laktose in einer vorhersehbaren und kontrollierten Geschwindigkeit. Die daraus resultierende Senkung des pH-Werts wirkt sich auf eine Reihe von Aspekten des K\u00e4seherstellungsprozesses und letztlich auf die Zusammensetzung und Qualit\u00e4t des K\u00e4ses aus.<\/p>\n<p>Eine Starterkultur produziert selbst keinen Schimmel oder Wei\u00dfschimmel.<\/p>\n<h3>\u00dcber diese Alpenk\u00e4se-Starterkultur<\/h3>\n<p>Konzentrierte, gefriergetrocknete Milchs\u00e4urebakterien-Starterkultur f\u00fcr die direkte Beimpfung im Kessel, ideal f\u00fcr die Herstellung von Kuh- und Ziegenmilchk\u00e4se wie Emmentaler, Gruy\u00e8re und Grev\u00e9.<\/p>\n<h3>Inhalt<\/h3>\n<ul>\n<li>10 Gramm Starterkulturen, ausreichend f\u00fcr ca. 100L Milch<\/li>\n<li>Der Starter ist v\u00f6llig nat\u00fcrlich, ohne Konservierungsmittel, Zusatzstoffe, k\u00fcnstliche Farb- oder Geschmacksstoffe. Er enth\u00e4lt keine GVO-Zutaten und ist glutenfrei.<\/li>\n<li>Hergestellt in Polen<\/li>\n<li>Inhalt: Starterkulturen<\/li>\n<li>Allergene: Milch<\/li>\n<li>Nicht geeignet f\u00fcr veganen K\u00e4se, aber schauen Sie sich bitte unsere <a href=\"https:\/\/startercultures.eu\/de\/produkt-kategorie\/molkerei\/veganer-kase\/\" target=\"_blank\" rel=\"noopener\">gro\u00dfe Auswahl an veganen Starterkulturen<\/a>\u00a0an.<\/li>\n<\/ul>\n<h3>Nat\u00fcrliche mesophil-thermophile Kultur, bestehend in abnehmender Reihenfolge aus:<\/h3>\n<p><em>Lactococcus lactis subsp. lactis<\/em><br \/>\n<em>Lactococcus lactis subsp. cremoris<\/em><br \/>\n<em>Streptococcus salivarius subsp. thermophilus<\/em><br \/>\n<em>Lactobacillus helveticus<\/em><br \/>\n<em>Lactobacillus delbrueckii subsp. lactis<\/em><\/p>\n<h3>Merkmale<\/h3>\n<ul>\n<li>Optimale Temperatur f\u00fcr das Wachstum: 32 &#8211; 35 \u00b0C<\/li>\n<li>Gasproduktion: &#8211;<\/li>\n<li>Proteolytische Aktivit\u00e4t: ++++<\/li>\n<li>G\u00e4rungsaktivit\u00e4t: +++<\/li>\n<\/ul>\n<h3>Kombinieren Sie diese K\u00e4sestarterkultur mit:<\/h3>\n<p>Diese Kultur kann alleine verwendet werden, in Kombination mit unserem <a href=\"https:\/\/startercultures.eu\/de\/product\/molkerei\/kase\/starterkulturen\/gas-bildende-kase-starter-kultur-propionibacterium-shermanii\/\" target=\"_blank\" rel=\"noopener\">Propionibacterium shermanii<\/a> erhalten Sie die gro\u00dfen L\u00f6cher im K\u00e4se.<\/p>\n<h3>Suchen Sie nach veganen K\u00e4sekulturen?<\/h3>\n<p>Diese Form enth\u00e4lt Milch. Wenn Sie veganen K\u00e4se herstellen m\u00f6chten, sehen Sie sich unsere <a href=\"https:\/\/startercultures.eu\/de\/produkt-kategorie\/molkerei\/veganer-kase\/\" target=\"_blank\" rel=\"noopener\">gro\u00dfe Auswahl an veganen Starterkulturen<\/a><\/p>\n<h3>Hinweise zur Lagerung<\/h3>\n<p>Im K\u00fchlschrank oder Gefrierschrank. Die Haltbarkeit betr\u00e4gt etwa 1,5 Jahre im Gefrierschrank oder 12 Monate bei +5\u00baC.<\/p>\n<h3>Wie verwendet man diese Kultur?<\/h3>\n<p>Dies ist eine DVI-Kultur (Direct Vat Inoculation), d.h. Sie k\u00f6nnen den Starter direkt aus dem Gefrierschrank in die Milch geben.<\/p>\n","protected":false},"excerpt":{"rendered":"<p>Diese Alpenk\u00e4se-Starterkultur ist f\u00fcr Halbhart- und Hartk\u00e4se geeignet. Diese Schweizer K\u00e4sesorten sind (Halb-)Hartk\u00e4se mit ausgepr\u00e4gtem Charakter, wie Emmentaler, Greyerzer und Appenzeller, sowie der franz\u00f6sische Beaufort und Comt\u00e9 (aus dem Jura, nahe den Alpen). Leerdammer oder Maasdam-K\u00e4se sind die holl\u00e4ndischen Versionen der alpenl\u00e4ndischen K\u00e4sesorten, und in Kombination mit unserem Propionibacterium shermanii erh\u00e4lt man die gro\u00dfen L\u00f6cher in den K\u00e4sen. <b><i><\/i><\/b><\/p>\n","protected":false},"featured_media":24253,"comment_status":"open","ping_status":"closed","template":"","meta":{"_acf_changed":false,"footnotes":""},"product_brand":[],"product_cat":[647],"product_tag":[],"class_list":{"0":"post-40756","1":"product","2":"type-product","3":"status-publish","4":"has-post-thumbnail","6":"product_cat-starterkulturen","7":"pa_ean-8720297621246-de","9":"first","10":"instock","11":"taxable","12":"shipping-taxable","13":"purchasable","14":"product-type-simple"},"acf":[],"yoast_head":"<!-- This site is optimized with the Yoast SEO plugin v26.6 - https:\/\/yoast.com\/wordpress\/plugins\/seo\/ -->\n<title>Alpenk\u00e4se-Starterkultur - EM | f\u00fcr Schweizer K\u00e4sesorten - Startercultures.eu<\/title>\n<meta name=\"description\" content=\"Diese Alpenk\u00e4se-Starterkultur ist f\u00fcr Halbhart- und Hartk\u00e4se geeignet. Stellen Sie Ihren eigenen Emmentaler, Gruy\u00e8re oder Appenzeller her!\" \/>\n<meta name=\"robots\" content=\"index, follow, max-snippet:-1, max-image-preview:large, max-video-preview:-1\" \/>\n<link rel=\"canonical\" href=\"https:\/\/startercultures.eu\/de\/product\/fermentation-de\/molkerei\/kase\/starterkulturen\/alpine-cheese-starter-culture-em\/\" \/>\n<meta property=\"og:locale\" content=\"de_DE\" \/>\n<meta property=\"og:type\" content=\"article\" \/>\n<meta property=\"og:title\" content=\"Alpenk\u00e4se-Starterkultur - EM | f\u00fcr Schweizer K\u00e4sesorten - Startercultures.eu\" \/>\n<meta property=\"og:description\" content=\"Diese Alpenk\u00e4se-Starterkultur ist f\u00fcr Halbhart- und Hartk\u00e4se geeignet. Stellen Sie Ihren eigenen Emmentaler, Gruy\u00e8re oder Appenzeller her!\" \/>\n<meta property=\"og:url\" content=\"https:\/\/startercultures.eu\/de\/product\/fermentation-de\/molkerei\/kase\/starterkulturen\/alpine-cheese-starter-culture-em\/\" \/>\n<meta property=\"og:site_name\" content=\"Startercultures.eu\" \/>\n<meta property=\"article:publisher\" content=\"https:\/\/www.facebook.com\/startercultureseu\" \/>\n<meta property=\"article:modified_time\" content=\"2026-03-17T10:10:32+00:00\" \/>\n<meta property=\"og:image\" content=\"https:\/\/startercultures.eu\/wp-content\/uploads\/2021\/04\/Cheese-starter-culture-EM.png\" \/>\n\t<meta property=\"og:image:width\" content=\"1296\" \/>\n\t<meta property=\"og:image:height\" content=\"1303\" \/>\n\t<meta property=\"og:image:type\" content=\"image\/png\" \/>\n<meta name=\"twitter:card\" content=\"summary_large_image\" \/>\n<meta name=\"twitter:label1\" content=\"Price\" \/>\n\t<meta name=\"twitter:data1\" content=\"12,99\" \/>\n\t<meta name=\"twitter:label2\" content=\"Availability\" \/>\n\t<meta name=\"twitter:data2\" content=\"Vorr\u00e4tig\" \/>\n<script type=\"application\/ld+json\" class=\"yoast-schema-graph\">{\"@context\":\"https:\/\/schema.org\",\"@graph\":[{\"@type\":\"WebPage\",\"@id\":\"https:\/\/startercultures.eu\/de\/product\/fermentation-de\/molkerei\/kase\/starterkulturen\/alpine-cheese-starter-culture-em\/\",\"url\":\"https:\/\/startercultures.eu\/de\/product\/fermentation-de\/molkerei\/kase\/starterkulturen\/alpine-cheese-starter-culture-em\/\",\"name\":\"Alpenk\u00e4se-Starterkultur - EM | f\u00fcr Schweizer K\u00e4sesorten - Startercultures.eu\",\"isPartOf\":{\"@id\":\"https:\/\/startercultures.eu\/de\/#website\"},\"primaryImageOfPage\":{\"@id\":\"https:\/\/startercultures.eu\/de\/product\/fermentation-de\/molkerei\/kase\/starterkulturen\/alpine-cheese-starter-culture-em\/#primaryimage\"},\"image\":{\"@id\":\"https:\/\/startercultures.eu\/de\/product\/fermentation-de\/molkerei\/kase\/starterkulturen\/alpine-cheese-starter-culture-em\/#primaryimage\"},\"thumbnailUrl\":\"https:\/\/startercultures.eu\/wp-content\/uploads\/2021\/04\/Cheese-starter-culture-EM.png\",\"datePublished\":\"2021-04-30T17:12:19+00:00\",\"dateModified\":\"2026-03-17T10:10:32+00:00\",\"description\":\"Diese Alpenk\u00e4se-Starterkultur ist f\u00fcr Halbhart- und Hartk\u00e4se geeignet. Stellen Sie Ihren eigenen Emmentaler, Gruy\u00e8re oder Appenzeller her!\",\"breadcrumb\":{\"@id\":\"https:\/\/startercultures.eu\/de\/product\/fermentation-de\/molkerei\/kase\/starterkulturen\/alpine-cheese-starter-culture-em\/#breadcrumb\"},\"inLanguage\":\"de-DE\",\"potentialAction\":[{\"@type\":\"ReadAction\",\"target\":[\"https:\/\/startercultures.eu\/de\/product\/fermentation-de\/molkerei\/kase\/starterkulturen\/alpine-cheese-starter-culture-em\/\"]}]},{\"@type\":\"ImageObject\",\"inLanguage\":\"de-DE\",\"@id\":\"https:\/\/startercultures.eu\/de\/product\/fermentation-de\/molkerei\/kase\/starterkulturen\/alpine-cheese-starter-culture-em\/#primaryimage\",\"url\":\"https:\/\/startercultures.eu\/wp-content\/uploads\/2021\/04\/Cheese-starter-culture-EM.png\",\"contentUrl\":\"https:\/\/startercultures.eu\/wp-content\/uploads\/2021\/04\/Cheese-starter-culture-EM.png\",\"width\":1296,\"height\":1303},{\"@type\":\"BreadcrumbList\",\"@id\":\"https:\/\/startercultures.eu\/de\/product\/fermentation-de\/molkerei\/kase\/starterkulturen\/alpine-cheese-starter-culture-em\/#breadcrumb\",\"itemListElement\":[{\"@type\":\"ListItem\",\"position\":1,\"name\":\"Home\",\"item\":\"https:\/\/startercultures.eu\/de\/\"},{\"@type\":\"ListItem\",\"position\":2,\"name\":\"Shop\",\"item\":\"https:\/\/startercultures.eu\/shop\/\"},{\"@type\":\"ListItem\",\"position\":3,\"name\":\"Alpenk\u00e4se-Starterkultur &#8211; EM | f\u00fcr Schweizer K\u00e4sesorten\"}]},{\"@type\":\"WebSite\",\"@id\":\"https:\/\/startercultures.eu\/de\/#website\",\"url\":\"https:\/\/startercultures.eu\/de\/\",\"name\":\"Startercultures.eu\",\"description\":\"Startercultures.eu\",\"publisher\":{\"@id\":\"https:\/\/startercultures.eu\/de\/#organization\"},\"potentialAction\":[{\"@type\":\"SearchAction\",\"target\":{\"@type\":\"EntryPoint\",\"urlTemplate\":\"https:\/\/startercultures.eu\/de\/?s={search_term_string}\"},\"query-input\":{\"@type\":\"PropertyValueSpecification\",\"valueRequired\":true,\"valueName\":\"search_term_string\"}}],\"inLanguage\":\"de-DE\"},{\"@type\":\"Organization\",\"@id\":\"https:\/\/startercultures.eu\/de\/#organization\",\"name\":\"Startercultures.eu\",\"url\":\"https:\/\/startercultures.eu\/de\/\",\"logo\":{\"@type\":\"ImageObject\",\"inLanguage\":\"de-DE\",\"@id\":\"https:\/\/startercultures.eu\/de\/#\/schema\/logo\/image\/\",\"url\":\"https:\/\/startercultures.eu\/wp-content\/uploads\/2020\/08\/startercultures-eu-nl-logo-rond-rgb.png\",\"contentUrl\":\"https:\/\/startercultures.eu\/wp-content\/uploads\/2020\/08\/startercultures-eu-nl-logo-rond-rgb.png\",\"width\":320,\"height\":320,\"caption\":\"Startercultures.eu\"},\"image\":{\"@id\":\"https:\/\/startercultures.eu\/de\/#\/schema\/logo\/image\/\"},\"sameAs\":[\"https:\/\/www.facebook.com\/startercultureseu\",\"https:\/\/www.instagram.com\/startercultures.eu\/\"]}]}<\/script>\n<meta property=\"product:price:amount\" content=\"12.99\" \/>\n<meta property=\"product:price:currency\" content=\"EUR\" \/>\n<meta property=\"og:availability\" content=\"instock\" \/>\n<meta property=\"product:availability\" content=\"instock\" \/>\n<meta property=\"product:retailer_item_id\" content=\"197\" \/>\n<meta property=\"product:condition\" content=\"new\" \/>\n<!-- \/ Yoast SEO plugin. -->","yoast_head_json":{"title":"Alpenk\u00e4se-Starterkultur - EM | f\u00fcr Schweizer K\u00e4sesorten - Startercultures.eu","description":"Diese Alpenk\u00e4se-Starterkultur ist f\u00fcr Halbhart- und Hartk\u00e4se geeignet. Stellen Sie Ihren eigenen Emmentaler, Gruy\u00e8re oder Appenzeller her!","robots":{"index":"index","follow":"follow","max-snippet":"max-snippet:-1","max-image-preview":"max-image-preview:large","max-video-preview":"max-video-preview:-1"},"canonical":"https:\/\/startercultures.eu\/de\/product\/fermentation-de\/molkerei\/kase\/starterkulturen\/alpine-cheese-starter-culture-em\/","og_locale":"de_DE","og_type":"article","og_title":"Alpenk\u00e4se-Starterkultur - EM | f\u00fcr Schweizer K\u00e4sesorten - Startercultures.eu","og_description":"Diese Alpenk\u00e4se-Starterkultur ist f\u00fcr Halbhart- und Hartk\u00e4se geeignet. Stellen Sie Ihren eigenen Emmentaler, Gruy\u00e8re oder Appenzeller her!","og_url":"https:\/\/startercultures.eu\/de\/product\/fermentation-de\/molkerei\/kase\/starterkulturen\/alpine-cheese-starter-culture-em\/","og_site_name":"Startercultures.eu","article_publisher":"https:\/\/www.facebook.com\/startercultureseu","article_modified_time":"2026-03-17T10:10:32+00:00","og_image":[{"width":1296,"height":1303,"url":"https:\/\/startercultures.eu\/wp-content\/uploads\/2021\/04\/Cheese-starter-culture-EM.png","type":"image\/png"}],"twitter_card":"summary_large_image","twitter_misc":{"Price":"12,99","Availability":"Vorr\u00e4tig"},"schema":{"@context":"https:\/\/schema.org","@graph":[{"@type":"WebPage","@id":"https:\/\/startercultures.eu\/de\/product\/fermentation-de\/molkerei\/kase\/starterkulturen\/alpine-cheese-starter-culture-em\/","url":"https:\/\/startercultures.eu\/de\/product\/fermentation-de\/molkerei\/kase\/starterkulturen\/alpine-cheese-starter-culture-em\/","name":"Alpenk\u00e4se-Starterkultur - EM | f\u00fcr Schweizer K\u00e4sesorten - Startercultures.eu","isPartOf":{"@id":"https:\/\/startercultures.eu\/de\/#website"},"primaryImageOfPage":{"@id":"https:\/\/startercultures.eu\/de\/product\/fermentation-de\/molkerei\/kase\/starterkulturen\/alpine-cheese-starter-culture-em\/#primaryimage"},"image":{"@id":"https:\/\/startercultures.eu\/de\/product\/fermentation-de\/molkerei\/kase\/starterkulturen\/alpine-cheese-starter-culture-em\/#primaryimage"},"thumbnailUrl":"https:\/\/startercultures.eu\/wp-content\/uploads\/2021\/04\/Cheese-starter-culture-EM.png","datePublished":"2021-04-30T17:12:19+00:00","dateModified":"2026-03-17T10:10:32+00:00","description":"Diese Alpenk\u00e4se-Starterkultur ist f\u00fcr Halbhart- und Hartk\u00e4se geeignet. Stellen Sie Ihren eigenen Emmentaler, Gruy\u00e8re oder Appenzeller her!","breadcrumb":{"@id":"https:\/\/startercultures.eu\/de\/product\/fermentation-de\/molkerei\/kase\/starterkulturen\/alpine-cheese-starter-culture-em\/#breadcrumb"},"inLanguage":"de-DE","potentialAction":[{"@type":"ReadAction","target":["https:\/\/startercultures.eu\/de\/product\/fermentation-de\/molkerei\/kase\/starterkulturen\/alpine-cheese-starter-culture-em\/"]}]},{"@type":"ImageObject","inLanguage":"de-DE","@id":"https:\/\/startercultures.eu\/de\/product\/fermentation-de\/molkerei\/kase\/starterkulturen\/alpine-cheese-starter-culture-em\/#primaryimage","url":"https:\/\/startercultures.eu\/wp-content\/uploads\/2021\/04\/Cheese-starter-culture-EM.png","contentUrl":"https:\/\/startercultures.eu\/wp-content\/uploads\/2021\/04\/Cheese-starter-culture-EM.png","width":1296,"height":1303},{"@type":"BreadcrumbList","@id":"https:\/\/startercultures.eu\/de\/product\/fermentation-de\/molkerei\/kase\/starterkulturen\/alpine-cheese-starter-culture-em\/#breadcrumb","itemListElement":[{"@type":"ListItem","position":1,"name":"Home","item":"https:\/\/startercultures.eu\/de\/"},{"@type":"ListItem","position":2,"name":"Shop","item":"https:\/\/startercultures.eu\/shop\/"},{"@type":"ListItem","position":3,"name":"Alpenk\u00e4se-Starterkultur &#8211; EM | f\u00fcr Schweizer K\u00e4sesorten"}]},{"@type":"WebSite","@id":"https:\/\/startercultures.eu\/de\/#website","url":"https:\/\/startercultures.eu\/de\/","name":"Startercultures.eu","description":"Startercultures.eu","publisher":{"@id":"https:\/\/startercultures.eu\/de\/#organization"},"potentialAction":[{"@type":"SearchAction","target":{"@type":"EntryPoint","urlTemplate":"https:\/\/startercultures.eu\/de\/?s={search_term_string}"},"query-input":{"@type":"PropertyValueSpecification","valueRequired":true,"valueName":"search_term_string"}}],"inLanguage":"de-DE"},{"@type":"Organization","@id":"https:\/\/startercultures.eu\/de\/#organization","name":"Startercultures.eu","url":"https:\/\/startercultures.eu\/de\/","logo":{"@type":"ImageObject","inLanguage":"de-DE","@id":"https:\/\/startercultures.eu\/de\/#\/schema\/logo\/image\/","url":"https:\/\/startercultures.eu\/wp-content\/uploads\/2020\/08\/startercultures-eu-nl-logo-rond-rgb.png","contentUrl":"https:\/\/startercultures.eu\/wp-content\/uploads\/2020\/08\/startercultures-eu-nl-logo-rond-rgb.png","width":320,"height":320,"caption":"Startercultures.eu"},"image":{"@id":"https:\/\/startercultures.eu\/de\/#\/schema\/logo\/image\/"},"sameAs":["https:\/\/www.facebook.com\/startercultureseu","https:\/\/www.instagram.com\/startercultures.eu\/"]}]},"product_price_amount":"12.99","product_price_currency":"EUR","og_availability":"instock","product_availability":"instock","product_retailer_item_id":"197","product_condition":"new"},"_links":{"self":[{"href":"https:\/\/startercultures.eu\/de\/wp-json\/wp\/v2\/product\/40756","targetHints":{"allow":["GET"]}}],"collection":[{"href":"https:\/\/startercultures.eu\/de\/wp-json\/wp\/v2\/product"}],"about":[{"href":"https:\/\/startercultures.eu\/de\/wp-json\/wp\/v2\/types\/product"}],"replies":[{"embeddable":true,"href":"https:\/\/startercultures.eu\/de\/wp-json\/wp\/v2\/comments?post=40756"}],"version-history":[{"count":0,"href":"https:\/\/startercultures.eu\/de\/wp-json\/wp\/v2\/product\/40756\/revisions"}],"wp:featuredmedia":[{"embeddable":true,"href":"https:\/\/startercultures.eu\/de\/wp-json\/wp\/v2\/media\/24253"}],"wp:attachment":[{"href":"https:\/\/startercultures.eu\/de\/wp-json\/wp\/v2\/media?parent=40756"}],"wp:term":[{"taxonomy":"product_brand","embeddable":true,"href":"https:\/\/startercultures.eu\/de\/wp-json\/wp\/v2\/product_brand?post=40756"},{"taxonomy":"product_cat","embeddable":true,"href":"https:\/\/startercultures.eu\/de\/wp-json\/wp\/v2\/product_cat?post=40756"},{"taxonomy":"product_tag","embeddable":true,"href":"https:\/\/startercultures.eu\/de\/wp-json\/wp\/v2\/product_tag?post=40756"}],"curies":[{"name":"wp","href":"https:\/\/api.w.org\/{rel}","templated":true}]}}