{"id":40858,"date":"2023-07-20T08:54:49","date_gmt":"2023-07-20T06:54:49","guid":{"rendered":"https:\/\/startercultures.eu\/?post_type=product&#038;p=40858"},"modified":"2025-09-24T16:29:24","modified_gmt":"2025-09-24T14:29:24","slug":"rote-oncom-starterkultur","status":"publish","type":"product","link":"https:\/\/startercultures.eu\/de\/product\/fermentation-de\/bohnen-reis-korner\/rote-oncom-starterkultur\/","title":{"rendered":"Rote oncom-Starterkultur"},"content":{"rendered":"<p data-pm-slice=\"0 0 []\">Oncom ist ein traditionelles fermentiertes Produkt aus Java. Es wird aus Sojak\u00f6rnern hergestellt, die nach der Zubereitung von Sojamilch und\/oder Tofu \u00fcbrig bleiben. Es gibt zwei Sorten: schwarzes und rotes Oncom. Mit dieser roten Oncom-Starterkultur k\u00f6nnen Sie die rote Variante herstellen. Hier finden Sie unsere <a href=\"https:\/\/startercultures.eu\/de\/product\/bohnen-reis-korner\/schwarzer-oncom-starterkultur\/\" target=\"_blank\" rel=\"noopener\">schwarze oncom-Starterkultu<\/a>r.<\/p>\n<h3>Was ist rotes Oncom?<\/h3>\n<p>Rotes Oncom wird traditionell aus Sojabohnenschnitzeln hergestellt, die nach der Verarbeitung von Sojabohnen zu \u00d6l oder Milch \u00fcbrig bleiben. Der Sojabohnenbrei (Okara) wird mit einer bestimmten Art von Schimmelpilz beimpft, in der Regel Neurospora sitophila, die dem Oncom seine charakteristische rote Farbe verleiht. Der Schimmelpilz w\u00e4chst unter kontrollierten Feuchtigkeits- und Temperaturbedingungen \u00fcber einen kurzen Zeitraum, in der Regel ein bis zwei Tage, auf dem Sojabohnenbrei.<\/p>\n<p>Der Schimmelpilz sondert Amylase-, Lipase- und Protease-Enzyme ab, die w\u00e4hrend des Fermentationsprozesses aktiv sind und eine wichtige Rolle bei der Aufspaltung von St\u00e4rke in Zucker, dem Abbau von Zellwandmaterialien, der Zersetzung von Fett und der Bildung kleiner Mengen von Alkohol und verschiedenen Estern spielen, die ein angenehmes und wohlriechendes Aroma erzeugen.<\/p>\n<p>Auch Eiwei\u00df wird abgebaut &#8211; allerdings nicht vollst\u00e4ndig, was zu einer erh\u00f6hten Verdaulichkeit f\u00fchrt.<\/p>\n<p>Nach der G\u00e4rung wird der entstandene Red Oncom getrocknet, oft in Form von Fladen, die weiterverarbeitet und in verschiedenen kulinarischen Zubereitungen gekocht werden k\u00f6nnen. Roter Oncom wird wegen seines reichhaltigen, fleisch\u00e4hnlichen&#8221; Umami-Geschmacks, seiner Vielseitigkeit und seines Beitrags zur indonesischen K\u00fcche gesch\u00e4tzt.<\/p>\n<h3>Herstellung von rotem Oncom aus anderen Produkten<\/h3>\n<p>Red Oncom wird h\u00e4ufig auch aus Erdn\u00fcssen hergestellt, kann aber auch aus anderen Bohnen hergestellt werden, was kreativen K\u00f6chen und Hausfrauen viele interessante M\u00f6glichkeiten er\u00f6ffnet.<\/p>\n<h3>Inhalt unserer rote Oncom-Starterkultur<\/h3>\n<ul>\n<li>40 Gramm, das reicht f\u00fcr etwa 4 kg roten Oncom<\/li>\n<li>Zutaten: Roter Oncom-Starter (<em>Neurospora sitophila<\/em>) und Reismehl<\/li>\n<li>Aufbewahrungshinweise: im K\u00fchlschrank mindestens 6 Monate, im Gefrierschrank mehr als ein Jahr haltbar<\/li>\n<li>Herkunftsland: Indonesien<\/li>\n<li>Allergene: keine<\/li>\n<\/ul>\n<h3>So stellen Sie roten Oncom mit unserer rote Oncom-Starterkultur her<\/h3>\n<ul>\n<li>Dosierung: 10 Gramm pro Kilogramm Substrat<\/li>\n<li>Kochen Sie Ihre Bohnen<\/li>\n<li>Abk\u00fchlen lassen<\/li>\n<li>Zerkleinern Sie sie<\/li>\n<li>Eine Platte herstellen, nicht dicker als 2 cm<\/li>\n<li>Den Starter dar\u00fcber streuen<\/li>\n<li>Offene G\u00e4rung verwenden, nicht abdecken.<\/li>\n<li>Bei hoher Luftfeuchtigkeit und ca. 25-35 Grad Celsius 1-3 Tage lang g\u00e4ren lassen<\/li>\n<\/ul>\n<h3>Alternatives Rezept f\u00fcr rotes Erdnuss-Oncom<\/h3>\n<p>Um Oncom aus Erdnussmehl herzustellen, weicht man es zun\u00e4chst 3-4 Stunden lang in klarem Wasser ein, l\u00e4sst es dann abtropfen, siebt es und mischt es mit Tapiokamehl. Anschlie\u00dfend wird diese Mischung ged\u00e4mpft. Nach dem D\u00e4mpfen wird der Teig auf einer Bambusmatte ausgebreitet und nach dem Abk\u00fchlen mit dem Starter bestreut. Die Inkubation erfolgt mit sauberen Bananenbl\u00e4ttern abgedeckt bei einer warmen Raumtemperatur (25-30 \u00b0C) und hoher Luftfeuchtigkeit f\u00fcr 2 bis 3 Tage.<\/p>\n<p>Andere Quellen f\u00fcr Oncom sind die Reste von gemahlenem Tapiokamehl oder Erdn\u00fcssen. <a href=\"https:\/\/books.google.nl\/books?id=hdKzFlaqWT8C&amp;pg=PA205&amp;lpg=PA205&amp;dq=onchom+appendix+H&amp;source=bl&amp;ots=-E65fCugk9&amp;sig=7P2XUb6DCh-YKY5WpWTAmV1POu4&amp;hl=en&amp;sa=X&amp;ei=5BgDT8j9D8jf0QH7wty5Dw&amp;redir_esc=y#v=onepage&amp;q=onchom%20appendix%20H&amp;f=false\" target=\"_blank\" rel=\"noopener\">Hier k\u00f6nnen Sie mehr \u00fcber Oncom lesen<\/a> (Englisch, Google Books).<\/p>\n<h3>Wie man Oncom zubereitet<\/h3>\n<p>Die beliebteste Verarbeitung ist das Frittieren wie bei Tempeh.<\/p>\n<p>&nbsp;<\/p>\n","protected":false},"excerpt":{"rendered":"<p>Oncom ist ein traditionelles fermentiertes Produkt aus Java, das aus Resten von Sojak\u00f6rnern hergestellt wird. Stellen Sie Ihr eigenes Oncom mit unserer roten Oncom-Starterkultur her!<\/p>\n","protected":false},"featured_media":40723,"comment_status":"open","ping_status":"closed","template":"","meta":{"_acf_changed":false,"footnotes":""},"product_brand":[],"product_cat":[706,704,746,701],"product_tag":[],"class_list":{"0":"post-40858","1":"product","2":"type-product","3":"status-publish","4":"has-post-thumbnail","6":"product_cat-asiatisch","7":"product_cat-bohnen-reis-korner","8":"product_cat-starterkulteren-de-6","9":"product_cat-vegane-korner-bohnen-hulsenfruchte","10":"pa_ean-8720297621796-de-2","12":"first","13":"outofstock","14":"taxable","15":"shipping-taxable","16":"purchasable","17":"product-type-simple"},"acf":[],"yoast_head":"<!-- This site is optimized with the Yoast SEO plugin v26.6 - https:\/\/yoast.com\/wordpress\/plugins\/seo\/ -->\n<title>Rote oncom-Starterkultur - Startercultures.eu<\/title>\n<meta name=\"description\" content=\"Mit diese Rote oncom-Starterkultur machen Sie das traditionelles fermentiertes Produkt aus Java, das aus Resten von Sojak\u00f6rnern hergestellt wird.\" \/>\n<meta name=\"robots\" content=\"index, follow, max-snippet:-1, max-image-preview:large, max-video-preview:-1\" \/>\n<link rel=\"canonical\" href=\"https:\/\/startercultures.eu\/de\/product\/fermentation-de\/bohnen-reis-korner\/rote-oncom-starterkultur\/\" \/>\n<meta property=\"og:locale\" content=\"de_DE\" \/>\n<meta property=\"og:type\" content=\"article\" \/>\n<meta property=\"og:title\" content=\"Rote oncom-Starterkultur - Startercultures.eu\" \/>\n<meta property=\"og:description\" content=\"Mit diese Rote oncom-Starterkultur machen Sie das traditionelles fermentiertes Produkt aus Java, das aus Resten von Sojak\u00f6rnern hergestellt wird.\" \/>\n<meta property=\"og:url\" content=\"https:\/\/startercultures.eu\/de\/product\/fermentation-de\/bohnen-reis-korner\/rote-oncom-starterkultur\/\" \/>\n<meta property=\"og:site_name\" content=\"Startercultures.eu\" \/>\n<meta property=\"article:publisher\" content=\"https:\/\/www.facebook.com\/startercultureseu\" \/>\n<meta property=\"article:modified_time\" content=\"2025-09-24T14:29:24+00:00\" \/>\n<meta property=\"og:image\" content=\"https:\/\/startercultures.eu\/wp-content\/uploads\/2023\/07\/315-red-oncom-mu.png\" \/>\n\t<meta property=\"og:image:width\" content=\"1250\" \/>\n\t<meta property=\"og:image:height\" content=\"1250\" \/>\n\t<meta property=\"og:image:type\" content=\"image\/png\" \/>\n<meta name=\"twitter:card\" content=\"summary_large_image\" \/>\n<meta name=\"twitter:label1\" content=\"Price\" \/>\n\t<meta name=\"twitter:data1\" content=\"14,99\" \/>\n\t<meta name=\"twitter:label2\" content=\"Availability\" \/>\n\t<meta name=\"twitter:data2\" content=\"Nicht auf Lager\" \/>\n<script type=\"application\/ld+json\" class=\"yoast-schema-graph\">{\"@context\":\"https:\/\/schema.org\",\"@graph\":[{\"@type\":\"WebPage\",\"@id\":\"https:\/\/startercultures.eu\/de\/product\/fermentation-de\/bohnen-reis-korner\/rote-oncom-starterkultur\/\",\"url\":\"https:\/\/startercultures.eu\/de\/product\/fermentation-de\/bohnen-reis-korner\/rote-oncom-starterkultur\/\",\"name\":\"Rote oncom-Starterkultur - Startercultures.eu\",\"isPartOf\":{\"@id\":\"https:\/\/startercultures.eu\/de\/#website\"},\"primaryImageOfPage\":{\"@id\":\"https:\/\/startercultures.eu\/de\/product\/fermentation-de\/bohnen-reis-korner\/rote-oncom-starterkultur\/#primaryimage\"},\"image\":{\"@id\":\"https:\/\/startercultures.eu\/de\/product\/fermentation-de\/bohnen-reis-korner\/rote-oncom-starterkultur\/#primaryimage\"},\"thumbnailUrl\":\"https:\/\/startercultures.eu\/wp-content\/uploads\/2023\/07\/315-red-oncom-mu.png\",\"datePublished\":\"2023-07-20T06:54:49+00:00\",\"dateModified\":\"2025-09-24T14:29:24+00:00\",\"description\":\"Mit diese Rote oncom-Starterkultur machen Sie das traditionelles fermentiertes Produkt aus Java, das aus Resten von Sojak\u00f6rnern hergestellt wird.\",\"breadcrumb\":{\"@id\":\"https:\/\/startercultures.eu\/de\/product\/fermentation-de\/bohnen-reis-korner\/rote-oncom-starterkultur\/#breadcrumb\"},\"inLanguage\":\"de-DE\",\"potentialAction\":[{\"@type\":\"ReadAction\",\"target\":[\"https:\/\/startercultures.eu\/de\/product\/fermentation-de\/bohnen-reis-korner\/rote-oncom-starterkultur\/\"]}]},{\"@type\":\"ImageObject\",\"inLanguage\":\"de-DE\",\"@id\":\"https:\/\/startercultures.eu\/de\/product\/fermentation-de\/bohnen-reis-korner\/rote-oncom-starterkultur\/#primaryimage\",\"url\":\"https:\/\/startercultures.eu\/wp-content\/uploads\/2023\/07\/315-red-oncom-mu.png\",\"contentUrl\":\"https:\/\/startercultures.eu\/wp-content\/uploads\/2023\/07\/315-red-oncom-mu.png\",\"width\":1250,\"height\":1250,\"caption\":\"315 red oncom mu\"},{\"@type\":\"BreadcrumbList\",\"@id\":\"https:\/\/startercultures.eu\/de\/product\/fermentation-de\/bohnen-reis-korner\/rote-oncom-starterkultur\/#breadcrumb\",\"itemListElement\":[{\"@type\":\"ListItem\",\"position\":1,\"name\":\"Home\",\"item\":\"https:\/\/startercultures.eu\/de\/\"},{\"@type\":\"ListItem\",\"position\":2,\"name\":\"Shop\",\"item\":\"https:\/\/startercultures.eu\/shop\/\"},{\"@type\":\"ListItem\",\"position\":3,\"name\":\"Rote oncom-Starterkultur\"}]},{\"@type\":\"WebSite\",\"@id\":\"https:\/\/startercultures.eu\/de\/#website\",\"url\":\"https:\/\/startercultures.eu\/de\/\",\"name\":\"Startercultures.eu\",\"description\":\"Startercultures.eu\",\"publisher\":{\"@id\":\"https:\/\/startercultures.eu\/de\/#organization\"},\"potentialAction\":[{\"@type\":\"SearchAction\",\"target\":{\"@type\":\"EntryPoint\",\"urlTemplate\":\"https:\/\/startercultures.eu\/de\/?s={search_term_string}\"},\"query-input\":{\"@type\":\"PropertyValueSpecification\",\"valueRequired\":true,\"valueName\":\"search_term_string\"}}],\"inLanguage\":\"de-DE\"},{\"@type\":\"Organization\",\"@id\":\"https:\/\/startercultures.eu\/de\/#organization\",\"name\":\"Startercultures.eu\",\"url\":\"https:\/\/startercultures.eu\/de\/\",\"logo\":{\"@type\":\"ImageObject\",\"inLanguage\":\"de-DE\",\"@id\":\"https:\/\/startercultures.eu\/de\/#\/schema\/logo\/image\/\",\"url\":\"https:\/\/startercultures.eu\/wp-content\/uploads\/2020\/08\/startercultures-eu-nl-logo-rond-rgb.png\",\"contentUrl\":\"https:\/\/startercultures.eu\/wp-content\/uploads\/2020\/08\/startercultures-eu-nl-logo-rond-rgb.png\",\"width\":320,\"height\":320,\"caption\":\"Startercultures.eu\"},\"image\":{\"@id\":\"https:\/\/startercultures.eu\/de\/#\/schema\/logo\/image\/\"},\"sameAs\":[\"https:\/\/www.facebook.com\/startercultureseu\",\"https:\/\/www.instagram.com\/startercultures.eu\/\"]}]}<\/script>\n<meta property=\"product:price:amount\" content=\"14.99\" \/>\n<meta property=\"product:price:currency\" content=\"EUR\" \/>\n<meta property=\"og:availability\" content=\"out of stock\" \/>\n<meta property=\"product:availability\" content=\"out of stock\" \/>\n<meta property=\"product:retailer_item_id\" content=\"315\" \/>\n<meta property=\"product:condition\" content=\"new\" \/>\n<!-- \/ Yoast SEO plugin. -->","yoast_head_json":{"title":"Rote oncom-Starterkultur - Startercultures.eu","description":"Mit diese Rote oncom-Starterkultur machen Sie das traditionelles fermentiertes Produkt aus Java, das aus Resten von Sojak\u00f6rnern hergestellt wird.","robots":{"index":"index","follow":"follow","max-snippet":"max-snippet:-1","max-image-preview":"max-image-preview:large","max-video-preview":"max-video-preview:-1"},"canonical":"https:\/\/startercultures.eu\/de\/product\/fermentation-de\/bohnen-reis-korner\/rote-oncom-starterkultur\/","og_locale":"de_DE","og_type":"article","og_title":"Rote oncom-Starterkultur - Startercultures.eu","og_description":"Mit diese Rote oncom-Starterkultur machen Sie das traditionelles fermentiertes Produkt aus Java, das aus Resten von Sojak\u00f6rnern hergestellt wird.","og_url":"https:\/\/startercultures.eu\/de\/product\/fermentation-de\/bohnen-reis-korner\/rote-oncom-starterkultur\/","og_site_name":"Startercultures.eu","article_publisher":"https:\/\/www.facebook.com\/startercultureseu","article_modified_time":"2025-09-24T14:29:24+00:00","og_image":[{"width":1250,"height":1250,"url":"https:\/\/startercultures.eu\/wp-content\/uploads\/2023\/07\/315-red-oncom-mu.png","type":"image\/png"}],"twitter_card":"summary_large_image","twitter_misc":{"Price":"14,99","Availability":"Nicht auf Lager"},"schema":{"@context":"https:\/\/schema.org","@graph":[{"@type":"WebPage","@id":"https:\/\/startercultures.eu\/de\/product\/fermentation-de\/bohnen-reis-korner\/rote-oncom-starterkultur\/","url":"https:\/\/startercultures.eu\/de\/product\/fermentation-de\/bohnen-reis-korner\/rote-oncom-starterkultur\/","name":"Rote oncom-Starterkultur - Startercultures.eu","isPartOf":{"@id":"https:\/\/startercultures.eu\/de\/#website"},"primaryImageOfPage":{"@id":"https:\/\/startercultures.eu\/de\/product\/fermentation-de\/bohnen-reis-korner\/rote-oncom-starterkultur\/#primaryimage"},"image":{"@id":"https:\/\/startercultures.eu\/de\/product\/fermentation-de\/bohnen-reis-korner\/rote-oncom-starterkultur\/#primaryimage"},"thumbnailUrl":"https:\/\/startercultures.eu\/wp-content\/uploads\/2023\/07\/315-red-oncom-mu.png","datePublished":"2023-07-20T06:54:49+00:00","dateModified":"2025-09-24T14:29:24+00:00","description":"Mit diese Rote oncom-Starterkultur machen Sie das traditionelles fermentiertes Produkt aus Java, das aus Resten von Sojak\u00f6rnern hergestellt wird.","breadcrumb":{"@id":"https:\/\/startercultures.eu\/de\/product\/fermentation-de\/bohnen-reis-korner\/rote-oncom-starterkultur\/#breadcrumb"},"inLanguage":"de-DE","potentialAction":[{"@type":"ReadAction","target":["https:\/\/startercultures.eu\/de\/product\/fermentation-de\/bohnen-reis-korner\/rote-oncom-starterkultur\/"]}]},{"@type":"ImageObject","inLanguage":"de-DE","@id":"https:\/\/startercultures.eu\/de\/product\/fermentation-de\/bohnen-reis-korner\/rote-oncom-starterkultur\/#primaryimage","url":"https:\/\/startercultures.eu\/wp-content\/uploads\/2023\/07\/315-red-oncom-mu.png","contentUrl":"https:\/\/startercultures.eu\/wp-content\/uploads\/2023\/07\/315-red-oncom-mu.png","width":1250,"height":1250,"caption":"315 red oncom mu"},{"@type":"BreadcrumbList","@id":"https:\/\/startercultures.eu\/de\/product\/fermentation-de\/bohnen-reis-korner\/rote-oncom-starterkultur\/#breadcrumb","itemListElement":[{"@type":"ListItem","position":1,"name":"Home","item":"https:\/\/startercultures.eu\/de\/"},{"@type":"ListItem","position":2,"name":"Shop","item":"https:\/\/startercultures.eu\/shop\/"},{"@type":"ListItem","position":3,"name":"Rote oncom-Starterkultur"}]},{"@type":"WebSite","@id":"https:\/\/startercultures.eu\/de\/#website","url":"https:\/\/startercultures.eu\/de\/","name":"Startercultures.eu","description":"Startercultures.eu","publisher":{"@id":"https:\/\/startercultures.eu\/de\/#organization"},"potentialAction":[{"@type":"SearchAction","target":{"@type":"EntryPoint","urlTemplate":"https:\/\/startercultures.eu\/de\/?s={search_term_string}"},"query-input":{"@type":"PropertyValueSpecification","valueRequired":true,"valueName":"search_term_string"}}],"inLanguage":"de-DE"},{"@type":"Organization","@id":"https:\/\/startercultures.eu\/de\/#organization","name":"Startercultures.eu","url":"https:\/\/startercultures.eu\/de\/","logo":{"@type":"ImageObject","inLanguage":"de-DE","@id":"https:\/\/startercultures.eu\/de\/#\/schema\/logo\/image\/","url":"https:\/\/startercultures.eu\/wp-content\/uploads\/2020\/08\/startercultures-eu-nl-logo-rond-rgb.png","contentUrl":"https:\/\/startercultures.eu\/wp-content\/uploads\/2020\/08\/startercultures-eu-nl-logo-rond-rgb.png","width":320,"height":320,"caption":"Startercultures.eu"},"image":{"@id":"https:\/\/startercultures.eu\/de\/#\/schema\/logo\/image\/"},"sameAs":["https:\/\/www.facebook.com\/startercultureseu","https:\/\/www.instagram.com\/startercultures.eu\/"]}]},"product_price_amount":"14.99","product_price_currency":"EUR","og_availability":"out of stock","product_availability":"out of stock","product_retailer_item_id":"315","product_condition":"new"},"_links":{"self":[{"href":"https:\/\/startercultures.eu\/de\/wp-json\/wp\/v2\/product\/40858","targetHints":{"allow":["GET"]}}],"collection":[{"href":"https:\/\/startercultures.eu\/de\/wp-json\/wp\/v2\/product"}],"about":[{"href":"https:\/\/startercultures.eu\/de\/wp-json\/wp\/v2\/types\/product"}],"replies":[{"embeddable":true,"href":"https:\/\/startercultures.eu\/de\/wp-json\/wp\/v2\/comments?post=40858"}],"version-history":[{"count":1,"href":"https:\/\/startercultures.eu\/de\/wp-json\/wp\/v2\/product\/40858\/revisions"}],"predecessor-version":[{"id":67806,"href":"https:\/\/startercultures.eu\/de\/wp-json\/wp\/v2\/product\/40858\/revisions\/67806"}],"wp:featuredmedia":[{"embeddable":true,"href":"https:\/\/startercultures.eu\/de\/wp-json\/wp\/v2\/media\/40723"}],"wp:attachment":[{"href":"https:\/\/startercultures.eu\/de\/wp-json\/wp\/v2\/media?parent=40858"}],"wp:term":[{"taxonomy":"product_brand","embeddable":true,"href":"https:\/\/startercultures.eu\/de\/wp-json\/wp\/v2\/product_brand?post=40858"},{"taxonomy":"product_cat","embeddable":true,"href":"https:\/\/startercultures.eu\/de\/wp-json\/wp\/v2\/product_cat?post=40858"},{"taxonomy":"product_tag","embeddable":true,"href":"https:\/\/startercultures.eu\/de\/wp-json\/wp\/v2\/product_tag?post=40858"}],"curies":[{"name":"wp","href":"https:\/\/api.w.org\/{rel}","templated":true}]}}