{"id":40994,"date":"2022-06-16T12:37:00","date_gmt":"2022-06-16T10:37:00","guid":{"rendered":"https:\/\/startercultures.eu\/product\/uncategorized\/textile-casings-55-mm-for-sausages\/"},"modified":"2024-12-26T18:37:29","modified_gmt":"2024-12-26T17:37:29","slug":"textile-casings-55-mm-for-sausages","status":"publish","type":"product","link":"https:\/\/startercultures.eu\/de\/product\/vegan-de\/vegane-darme\/textile-casings-55-mm-for-sausages\/","title":{"rendered":"Textild\u00e4rme 55 mm | f\u00fcr W\u00fcrste"},"content":{"rendered":"<p>Textild\u00e4rme sind perfekt f\u00fcr die Herstellung von Libanon-Bologna und eignen sich hervorragend zum R\u00e4uchern. Sie k\u00f6nnen auch f\u00fcr vegane W\u00fcrste verwendet werden.<\/p>\n<h3>Was sind Textild\u00e4rme?<\/h3>\n<p>Urspr\u00fcnglich war der Textildarm auf Leinenbasis als Behelfsl\u00f6sung gedacht. Heute sind sie ein wichtiges Segment, das es den Herstellern erm\u00f6glicht, ihre eigenen speziell geformten Produkte herzustellen.<\/p>\n<h3>Wof\u00fcr verwendet man Textild\u00e4rme?<\/h3>\n<p>Diese H\u00fcllen werden vor allem f\u00fcr traditionelle getrocknete Wurstwaren verwendet, k\u00f6nnen aber auch f\u00fcr gekochte oder ger\u00e4ucherte Fleischprodukte, Rohwurst, halbtrockene Produkte und Gefl\u00fcgelprodukte verwendet werden. Es handelt sich um ein Naturprodukt, das gut trocknet. W\u00fcrste, die in einem Textildarm gep\u00f6kelt und ger\u00e4uchert werden, haben einen etwas rauchigeren Geschmack als W\u00fcrste in Faserd\u00e4rmen. Bei der Herstellung von Libanon-Bologna sollten Sie nicht vergessen, f\u00fcr einen authentischen Geschmack etwas braunen Zucker hinzuzuf\u00fcgen!<\/p>\n<p>W\u00fcrste mit diesem Darm sehen in der Auslage besonders appetitlich aus und sind daher ideal f\u00fcr Ihre handwerkliche Wurst. Vor allem, wenn Sie Fleischerzwirn verwenden!<\/p>\n<h3>Inhalt<\/h3>\n<ul>\n<li>5 St\u00fcck Textild\u00e4rme<\/li>\n<li>Gr\u00f6\u00dfe: 55 (mm) x 30 (cm)<\/li>\n<\/ul>\n<p>&nbsp;<\/p>\n","protected":false},"excerpt":{"rendered":"<p>Textild\u00e4rme sind perfekt f\u00fcr die Herstellung von Libanon-Bologna und eignen sich hervorragend zum R\u00e4uchern, auch f\u00fcr vegane W\u00fcrstchen.<\/p>\n","protected":false},"featured_media":24579,"comment_status":"open","ping_status":"closed","template":"","meta":{"_acf_changed":false,"footnotes":""},"product_brand":[],"product_cat":[689,702,690],"product_tag":[],"class_list":{"0":"post-40994","1":"product","2":"type-product","3":"status-publish","4":"has-post-thumbnail","6":"product_cat-kunstdaerme","7":"product_cat-starterkits-de-4","8":"product_cat-vegane-darme","9":"pa_ean-8720297621543-de","11":"first","12":"instock","13":"taxable","14":"shipping-taxable","15":"purchasable","16":"product-type-simple"},"acf":[],"yoast_head":"<!-- This site is optimized with the Yoast SEO plugin v26.6 - https:\/\/yoast.com\/wordpress\/plugins\/seo\/ -->\n<title>Textild\u00e4rme - Startercultures.eu<\/title>\n<meta name=\"description\" content=\"Textild\u00e4rme sind perfekt f\u00fcr die Herstellung von Libanon-Bologna und eignen sich hervorragend zum R\u00e4uchern, auch f\u00fcr vegane W\u00fcrstchen.\" \/>\n<meta name=\"robots\" content=\"index, follow, max-snippet:-1, max-image-preview:large, max-video-preview:-1\" \/>\n<link rel=\"canonical\" href=\"https:\/\/startercultures.eu\/de\/product\/vegan-de\/vegane-darme\/textile-casings-55-mm-for-sausages\/\" \/>\n<meta property=\"og:locale\" content=\"de_DE\" \/>\n<meta property=\"og:type\" content=\"article\" \/>\n<meta property=\"og:title\" content=\"Textild\u00e4rme - Startercultures.eu\" \/>\n<meta property=\"og:description\" content=\"Textild\u00e4rme sind perfekt f\u00fcr die Herstellung von Libanon-Bologna und eignen sich hervorragend zum R\u00e4uchern, auch f\u00fcr vegane W\u00fcrstchen.\" \/>\n<meta property=\"og:url\" content=\"https:\/\/startercultures.eu\/de\/product\/vegan-de\/vegane-darme\/textile-casings-55-mm-for-sausages\/\" \/>\n<meta property=\"og:site_name\" content=\"Startercultures.eu\" \/>\n<meta property=\"article:publisher\" content=\"https:\/\/www.facebook.com\/startercultureseu\" \/>\n<meta property=\"article:modified_time\" content=\"2024-12-26T17:37:29+00:00\" \/>\n<meta property=\"og:image\" content=\"https:\/\/startercultures.eu\/wp-content\/uploads\/2022\/05\/textile-casings-1-e1720681195778.png\" \/>\n\t<meta property=\"og:image:width\" content=\"1020\" \/>\n\t<meta property=\"og:image:height\" content=\"1360\" \/>\n\t<meta property=\"og:image:type\" content=\"image\/png\" \/>\n<meta name=\"twitter:card\" content=\"summary_large_image\" \/>\n<meta name=\"twitter:label1\" content=\"Price\" \/>\n\t<meta name=\"twitter:data1\" content=\"13,99\" \/>\n\t<meta name=\"twitter:label2\" content=\"Availability\" \/>\n\t<meta name=\"twitter:data2\" content=\"Vorr\u00e4tig\" \/>\n<script type=\"application\/ld+json\" class=\"yoast-schema-graph\">{\"@context\":\"https:\/\/schema.org\",\"@graph\":[{\"@type\":\"WebPage\",\"@id\":\"https:\/\/startercultures.eu\/de\/product\/vegan-de\/vegane-darme\/textile-casings-55-mm-for-sausages\/\",\"url\":\"https:\/\/startercultures.eu\/de\/product\/vegan-de\/vegane-darme\/textile-casings-55-mm-for-sausages\/\",\"name\":\"Textild\u00e4rme - Startercultures.eu\",\"isPartOf\":{\"@id\":\"https:\/\/startercultures.eu\/de\/#website\"},\"primaryImageOfPage\":{\"@id\":\"https:\/\/startercultures.eu\/de\/product\/vegan-de\/vegane-darme\/textile-casings-55-mm-for-sausages\/#primaryimage\"},\"image\":{\"@id\":\"https:\/\/startercultures.eu\/de\/product\/vegan-de\/vegane-darme\/textile-casings-55-mm-for-sausages\/#primaryimage\"},\"thumbnailUrl\":\"https:\/\/startercultures.eu\/wp-content\/uploads\/2022\/05\/textile-casings-1-e1720681195778.png\",\"datePublished\":\"2022-06-16T10:37:00+00:00\",\"dateModified\":\"2024-12-26T17:37:29+00:00\",\"description\":\"Textild\u00e4rme sind perfekt f\u00fcr die Herstellung von Libanon-Bologna und eignen sich hervorragend zum R\u00e4uchern, auch f\u00fcr vegane W\u00fcrstchen.\",\"breadcrumb\":{\"@id\":\"https:\/\/startercultures.eu\/de\/product\/vegan-de\/vegane-darme\/textile-casings-55-mm-for-sausages\/#breadcrumb\"},\"inLanguage\":\"de-DE\",\"potentialAction\":[{\"@type\":\"ReadAction\",\"target\":[\"https:\/\/startercultures.eu\/de\/product\/vegan-de\/vegane-darme\/textile-casings-55-mm-for-sausages\/\"]}]},{\"@type\":\"ImageObject\",\"inLanguage\":\"de-DE\",\"@id\":\"https:\/\/startercultures.eu\/de\/product\/vegan-de\/vegane-darme\/textile-casings-55-mm-for-sausages\/#primaryimage\",\"url\":\"https:\/\/startercultures.eu\/wp-content\/uploads\/2022\/05\/textile-casings-1-e1720681195778.png\",\"contentUrl\":\"https:\/\/startercultures.eu\/wp-content\/uploads\/2022\/05\/textile-casings-1-e1720681195778.png\",\"width\":1020,\"height\":1360},{\"@type\":\"BreadcrumbList\",\"@id\":\"https:\/\/startercultures.eu\/de\/product\/vegan-de\/vegane-darme\/textile-casings-55-mm-for-sausages\/#breadcrumb\",\"itemListElement\":[{\"@type\":\"ListItem\",\"position\":1,\"name\":\"Home\",\"item\":\"https:\/\/startercultures.eu\/de\/\"},{\"@type\":\"ListItem\",\"position\":2,\"name\":\"Shop\",\"item\":\"https:\/\/startercultures.eu\/shop\/\"},{\"@type\":\"ListItem\",\"position\":3,\"name\":\"Textild\u00e4rme 55 mm | f\u00fcr W\u00fcrste\"}]},{\"@type\":\"WebSite\",\"@id\":\"https:\/\/startercultures.eu\/de\/#website\",\"url\":\"https:\/\/startercultures.eu\/de\/\",\"name\":\"Startercultures.eu\",\"description\":\"Startercultures.eu\",\"publisher\":{\"@id\":\"https:\/\/startercultures.eu\/de\/#organization\"},\"potentialAction\":[{\"@type\":\"SearchAction\",\"target\":{\"@type\":\"EntryPoint\",\"urlTemplate\":\"https:\/\/startercultures.eu\/de\/?s={search_term_string}\"},\"query-input\":{\"@type\":\"PropertyValueSpecification\",\"valueRequired\":true,\"valueName\":\"search_term_string\"}}],\"inLanguage\":\"de-DE\"},{\"@type\":\"Organization\",\"@id\":\"https:\/\/startercultures.eu\/de\/#organization\",\"name\":\"Startercultures.eu\",\"url\":\"https:\/\/startercultures.eu\/de\/\",\"logo\":{\"@type\":\"ImageObject\",\"inLanguage\":\"de-DE\",\"@id\":\"https:\/\/startercultures.eu\/de\/#\/schema\/logo\/image\/\",\"url\":\"https:\/\/startercultures.eu\/wp-content\/uploads\/2020\/08\/startercultures-eu-nl-logo-rond-rgb.png\",\"contentUrl\":\"https:\/\/startercultures.eu\/wp-content\/uploads\/2020\/08\/startercultures-eu-nl-logo-rond-rgb.png\",\"width\":320,\"height\":320,\"caption\":\"Startercultures.eu\"},\"image\":{\"@id\":\"https:\/\/startercultures.eu\/de\/#\/schema\/logo\/image\/\"},\"sameAs\":[\"https:\/\/www.facebook.com\/startercultureseu\",\"https:\/\/www.instagram.com\/startercultures.eu\/\"]}]}<\/script>\n<meta property=\"product:price:amount\" content=\"13.99\" \/>\n<meta property=\"product:price:currency\" content=\"EUR\" \/>\n<meta property=\"og:availability\" content=\"instock\" \/>\n<meta property=\"product:availability\" content=\"instock\" \/>\n<meta property=\"product:retailer_item_id\" content=\"273\" \/>\n<meta property=\"product:condition\" content=\"new\" \/>\n<!-- \/ Yoast SEO plugin. -->","yoast_head_json":{"title":"Textild\u00e4rme - Startercultures.eu","description":"Textild\u00e4rme sind perfekt f\u00fcr die Herstellung von Libanon-Bologna und eignen sich hervorragend zum R\u00e4uchern, auch f\u00fcr vegane W\u00fcrstchen.","robots":{"index":"index","follow":"follow","max-snippet":"max-snippet:-1","max-image-preview":"max-image-preview:large","max-video-preview":"max-video-preview:-1"},"canonical":"https:\/\/startercultures.eu\/de\/product\/vegan-de\/vegane-darme\/textile-casings-55-mm-for-sausages\/","og_locale":"de_DE","og_type":"article","og_title":"Textild\u00e4rme - Startercultures.eu","og_description":"Textild\u00e4rme sind perfekt f\u00fcr die Herstellung von Libanon-Bologna und eignen sich hervorragend zum R\u00e4uchern, auch f\u00fcr vegane W\u00fcrstchen.","og_url":"https:\/\/startercultures.eu\/de\/product\/vegan-de\/vegane-darme\/textile-casings-55-mm-for-sausages\/","og_site_name":"Startercultures.eu","article_publisher":"https:\/\/www.facebook.com\/startercultureseu","article_modified_time":"2024-12-26T17:37:29+00:00","og_image":[{"width":1020,"height":1360,"url":"https:\/\/startercultures.eu\/wp-content\/uploads\/2022\/05\/textile-casings-1-e1720681195778.png","type":"image\/png"}],"twitter_card":"summary_large_image","twitter_misc":{"Price":"13,99","Availability":"Vorr\u00e4tig"},"schema":{"@context":"https:\/\/schema.org","@graph":[{"@type":"WebPage","@id":"https:\/\/startercultures.eu\/de\/product\/vegan-de\/vegane-darme\/textile-casings-55-mm-for-sausages\/","url":"https:\/\/startercultures.eu\/de\/product\/vegan-de\/vegane-darme\/textile-casings-55-mm-for-sausages\/","name":"Textild\u00e4rme - Startercultures.eu","isPartOf":{"@id":"https:\/\/startercultures.eu\/de\/#website"},"primaryImageOfPage":{"@id":"https:\/\/startercultures.eu\/de\/product\/vegan-de\/vegane-darme\/textile-casings-55-mm-for-sausages\/#primaryimage"},"image":{"@id":"https:\/\/startercultures.eu\/de\/product\/vegan-de\/vegane-darme\/textile-casings-55-mm-for-sausages\/#primaryimage"},"thumbnailUrl":"https:\/\/startercultures.eu\/wp-content\/uploads\/2022\/05\/textile-casings-1-e1720681195778.png","datePublished":"2022-06-16T10:37:00+00:00","dateModified":"2024-12-26T17:37:29+00:00","description":"Textild\u00e4rme sind perfekt f\u00fcr die Herstellung von Libanon-Bologna und eignen sich hervorragend zum R\u00e4uchern, auch f\u00fcr vegane W\u00fcrstchen.","breadcrumb":{"@id":"https:\/\/startercultures.eu\/de\/product\/vegan-de\/vegane-darme\/textile-casings-55-mm-for-sausages\/#breadcrumb"},"inLanguage":"de-DE","potentialAction":[{"@type":"ReadAction","target":["https:\/\/startercultures.eu\/de\/product\/vegan-de\/vegane-darme\/textile-casings-55-mm-for-sausages\/"]}]},{"@type":"ImageObject","inLanguage":"de-DE","@id":"https:\/\/startercultures.eu\/de\/product\/vegan-de\/vegane-darme\/textile-casings-55-mm-for-sausages\/#primaryimage","url":"https:\/\/startercultures.eu\/wp-content\/uploads\/2022\/05\/textile-casings-1-e1720681195778.png","contentUrl":"https:\/\/startercultures.eu\/wp-content\/uploads\/2022\/05\/textile-casings-1-e1720681195778.png","width":1020,"height":1360},{"@type":"BreadcrumbList","@id":"https:\/\/startercultures.eu\/de\/product\/vegan-de\/vegane-darme\/textile-casings-55-mm-for-sausages\/#breadcrumb","itemListElement":[{"@type":"ListItem","position":1,"name":"Home","item":"https:\/\/startercultures.eu\/de\/"},{"@type":"ListItem","position":2,"name":"Shop","item":"https:\/\/startercultures.eu\/shop\/"},{"@type":"ListItem","position":3,"name":"Textild\u00e4rme 55 mm | f\u00fcr W\u00fcrste"}]},{"@type":"WebSite","@id":"https:\/\/startercultures.eu\/de\/#website","url":"https:\/\/startercultures.eu\/de\/","name":"Startercultures.eu","description":"Startercultures.eu","publisher":{"@id":"https:\/\/startercultures.eu\/de\/#organization"},"potentialAction":[{"@type":"SearchAction","target":{"@type":"EntryPoint","urlTemplate":"https:\/\/startercultures.eu\/de\/?s={search_term_string}"},"query-input":{"@type":"PropertyValueSpecification","valueRequired":true,"valueName":"search_term_string"}}],"inLanguage":"de-DE"},{"@type":"Organization","@id":"https:\/\/startercultures.eu\/de\/#organization","name":"Startercultures.eu","url":"https:\/\/startercultures.eu\/de\/","logo":{"@type":"ImageObject","inLanguage":"de-DE","@id":"https:\/\/startercultures.eu\/de\/#\/schema\/logo\/image\/","url":"https:\/\/startercultures.eu\/wp-content\/uploads\/2020\/08\/startercultures-eu-nl-logo-rond-rgb.png","contentUrl":"https:\/\/startercultures.eu\/wp-content\/uploads\/2020\/08\/startercultures-eu-nl-logo-rond-rgb.png","width":320,"height":320,"caption":"Startercultures.eu"},"image":{"@id":"https:\/\/startercultures.eu\/de\/#\/schema\/logo\/image\/"},"sameAs":["https:\/\/www.facebook.com\/startercultureseu","https:\/\/www.instagram.com\/startercultures.eu\/"]}]},"product_price_amount":"13.99","product_price_currency":"EUR","og_availability":"instock","product_availability":"instock","product_retailer_item_id":"273","product_condition":"new"},"_links":{"self":[{"href":"https:\/\/startercultures.eu\/de\/wp-json\/wp\/v2\/product\/40994","targetHints":{"allow":["GET"]}}],"collection":[{"href":"https:\/\/startercultures.eu\/de\/wp-json\/wp\/v2\/product"}],"about":[{"href":"https:\/\/startercultures.eu\/de\/wp-json\/wp\/v2\/types\/product"}],"replies":[{"embeddable":true,"href":"https:\/\/startercultures.eu\/de\/wp-json\/wp\/v2\/comments?post=40994"}],"version-history":[{"count":1,"href":"https:\/\/startercultures.eu\/de\/wp-json\/wp\/v2\/product\/40994\/revisions"}],"predecessor-version":[{"id":66829,"href":"https:\/\/startercultures.eu\/de\/wp-json\/wp\/v2\/product\/40994\/revisions\/66829"}],"wp:featuredmedia":[{"embeddable":true,"href":"https:\/\/startercultures.eu\/de\/wp-json\/wp\/v2\/media\/24579"}],"wp:attachment":[{"href":"https:\/\/startercultures.eu\/de\/wp-json\/wp\/v2\/media?parent=40994"}],"wp:term":[{"taxonomy":"product_brand","embeddable":true,"href":"https:\/\/startercultures.eu\/de\/wp-json\/wp\/v2\/product_brand?post=40994"},{"taxonomy":"product_cat","embeddable":true,"href":"https:\/\/startercultures.eu\/de\/wp-json\/wp\/v2\/product_cat?post=40994"},{"taxonomy":"product_tag","embeddable":true,"href":"https:\/\/startercultures.eu\/de\/wp-json\/wp\/v2\/product_tag?post=40994"}],"curies":[{"name":"wp","href":"https:\/\/api.w.org\/{rel}","templated":true}]}}