{"id":40996,"date":"2022-05-22T14:12:35","date_gmt":"2022-05-22T12:12:35","guid":{"rendered":"https:\/\/startercultures.eu\/product\/uncategorized\/sheath-for-horse-bone-needle\/"},"modified":"2026-02-24T21:29:34","modified_gmt":"2026-02-24T20:29:34","slug":"scheide-fur-eine-pferdeknochennadel","status":"publish","type":"product","link":"https:\/\/startercultures.eu\/de\/product\/wurstwaren-und-charcuterie-de\/werkzeuge-de-7\/charcuterie-de\/scheide-fur-eine-pferdeknochennadel\/","title":{"rendered":"Scheide f\u00fcr eine Pferdeknochennadel"},"content":{"rendered":"<p>Verwenden Sie diese Scheide f\u00fcr Pferdeknochennadeln, um Ihre Pferdeknochennadel sicher aufzubewahren. Mit einer Pferdeknochennadel k\u00f6nnen Sie mit Hilfe des Puntatura-Tests \u00fcberpr\u00fcfen, ob Ihre Wurstwaren den richtigen Reifegrad erreicht haben. Erg\u00e4nzen Sie es mit dieser passenden H\u00fclle, um Ihre Pferdeknochennadel sicher aufzubewahren. Ein sch\u00f6nes Set f\u00fcr echte Liebhaber von Rohschinken und anderen Wurstwaren!<\/p>\n<h3>Was ist eine Scheide f\u00fcr eine Pferdeknochennadel?<\/h3>\n<p>Eine Pferdeknochennadel wird zum Testen von Schinken und anderen Wurstwaren verwendet, da sie schnell Ger\u00fcche aufnimmt und abgibt, was dabei hilft, festzustellen, ob etwas verdorben ist, aber Sie k\u00f6nnen sie sofort wieder verwenden. Jede Nadel ist handgefertigt und weist eine nat\u00fcrliche Variation auf. Da sie recht zerbrechlich ist, stechen Sie sie bitte nicht zu fest oder zu tief ein und waschen Sie sie nicht. Verwenden Sie diese passende H\u00fclle, um Ihre Pferdeknochennadel sicher aufzubewahren.<\/p>\n","protected":false},"excerpt":{"rendered":"<p>Da die Nadel aus Pferdeknochen recht zerbrechlich ist, k\u00f6nnen Sie sie in der passenden H\u00fclle sicher aufbewahren. Ein sch\u00f6nes Set f\u00fcr wahre Liebhaber von Charcuterie.<\/p>\n","protected":false},"featured_media":25787,"comment_status":"open","ping_status":"closed","template":"","meta":{"_acf_changed":false,"footnotes":""},"product_brand":[],"product_cat":[734,664,673],"product_tag":[],"class_list":{"0":"post-40996","1":"product","2":"type-product","3":"status-publish","4":"has-post-thumbnail","6":"product_cat-charcuterie-de","7":"product_cat-prufer","8":"product_cat-werkzeuge-de-7","10":"first","11":"instock","12":"taxable","13":"shipping-taxable","14":"purchasable","15":"product-type-simple"},"acf":[],"yoast_head":"<!-- This site is optimized with the Yoast SEO plugin v26.6 - https:\/\/yoast.com\/wordpress\/plugins\/seo\/ -->\n<title>Scheide f\u00fcr eine Pferdeknochennadel - Startercultures.eu<\/title>\n<meta name=\"description\" content=\"Da die Nadel aus Pferdeknochen recht zerbrechlich ist, k\u00f6nnen Sie sie in der passenden H\u00fclle sicher aufbewahren. Ein sch\u00f6nes Set f\u00fcr wahre Liebhaber von Charcuterie.\" \/>\n<meta name=\"robots\" content=\"index, follow, max-snippet:-1, max-image-preview:large, max-video-preview:-1\" \/>\n<link rel=\"canonical\" href=\"https:\/\/startercultures.eu\/de\/product\/wurstwaren-und-charcuterie-de\/werkzeuge-de-7\/charcuterie-de\/scheide-fur-eine-pferdeknochennadel\/\" \/>\n<meta property=\"og:locale\" content=\"de_DE\" \/>\n<meta property=\"og:type\" content=\"article\" \/>\n<meta property=\"og:title\" content=\"Scheide f\u00fcr eine Pferdeknochennadel - Startercultures.eu\" \/>\n<meta property=\"og:description\" content=\"Da die Nadel aus Pferdeknochen recht zerbrechlich ist, k\u00f6nnen Sie sie in der passenden H\u00fclle sicher aufbewahren. Ein sch\u00f6nes Set f\u00fcr wahre Liebhaber von Charcuterie.\" \/>\n<meta property=\"og:url\" content=\"https:\/\/startercultures.eu\/de\/product\/wurstwaren-und-charcuterie-de\/werkzeuge-de-7\/charcuterie-de\/scheide-fur-eine-pferdeknochennadel\/\" \/>\n<meta property=\"og:site_name\" content=\"Startercultures.eu\" \/>\n<meta property=\"article:publisher\" content=\"https:\/\/www.facebook.com\/startercultureseu\" \/>\n<meta property=\"article:modified_time\" content=\"2026-02-24T20:29:34+00:00\" \/>\n<meta property=\"og:image\" content=\"https:\/\/startercultures.eu\/wp-content\/uploads\/2022\/05\/horse_bone_sheath.png\" \/>\n\t<meta property=\"og:image:width\" content=\"1250\" \/>\n\t<meta property=\"og:image:height\" content=\"1250\" \/>\n\t<meta property=\"og:image:type\" content=\"image\/png\" \/>\n<meta name=\"twitter:card\" content=\"summary_large_image\" \/>\n<meta name=\"twitter:label1\" content=\"Price\" \/>\n\t<meta name=\"twitter:data1\" content=\"19,95\" \/>\n\t<meta name=\"twitter:label2\" content=\"Availability\" \/>\n\t<meta name=\"twitter:data2\" content=\"Vorr\u00e4tig\" \/>\n<script type=\"application\/ld+json\" class=\"yoast-schema-graph\">{\"@context\":\"https:\/\/schema.org\",\"@graph\":[{\"@type\":\"WebPage\",\"@id\":\"https:\/\/startercultures.eu\/de\/product\/wurstwaren-und-charcuterie-de\/werkzeuge-de-7\/charcuterie-de\/scheide-fur-eine-pferdeknochennadel\/\",\"url\":\"https:\/\/startercultures.eu\/de\/product\/wurstwaren-und-charcuterie-de\/werkzeuge-de-7\/charcuterie-de\/scheide-fur-eine-pferdeknochennadel\/\",\"name\":\"Scheide f\u00fcr eine Pferdeknochennadel - Startercultures.eu\",\"isPartOf\":{\"@id\":\"https:\/\/startercultures.eu\/de\/#website\"},\"primaryImageOfPage\":{\"@id\":\"https:\/\/startercultures.eu\/de\/product\/wurstwaren-und-charcuterie-de\/werkzeuge-de-7\/charcuterie-de\/scheide-fur-eine-pferdeknochennadel\/#primaryimage\"},\"image\":{\"@id\":\"https:\/\/startercultures.eu\/de\/product\/wurstwaren-und-charcuterie-de\/werkzeuge-de-7\/charcuterie-de\/scheide-fur-eine-pferdeknochennadel\/#primaryimage\"},\"thumbnailUrl\":\"https:\/\/startercultures.eu\/wp-content\/uploads\/2022\/05\/horse_bone_sheath.png\",\"datePublished\":\"2022-05-22T12:12:35+00:00\",\"dateModified\":\"2026-02-24T20:29:34+00:00\",\"description\":\"Da die Nadel aus Pferdeknochen recht zerbrechlich ist, k\u00f6nnen Sie sie in der passenden H\u00fclle sicher aufbewahren. Ein sch\u00f6nes Set f\u00fcr wahre Liebhaber von Charcuterie.\",\"breadcrumb\":{\"@id\":\"https:\/\/startercultures.eu\/de\/product\/wurstwaren-und-charcuterie-de\/werkzeuge-de-7\/charcuterie-de\/scheide-fur-eine-pferdeknochennadel\/#breadcrumb\"},\"inLanguage\":\"de-DE\",\"potentialAction\":[{\"@type\":\"ReadAction\",\"target\":[\"https:\/\/startercultures.eu\/de\/product\/wurstwaren-und-charcuterie-de\/werkzeuge-de-7\/charcuterie-de\/scheide-fur-eine-pferdeknochennadel\/\"]}]},{\"@type\":\"ImageObject\",\"inLanguage\":\"de-DE\",\"@id\":\"https:\/\/startercultures.eu\/de\/product\/wurstwaren-und-charcuterie-de\/werkzeuge-de-7\/charcuterie-de\/scheide-fur-eine-pferdeknochennadel\/#primaryimage\",\"url\":\"https:\/\/startercultures.eu\/wp-content\/uploads\/2022\/05\/horse_bone_sheath.png\",\"contentUrl\":\"https:\/\/startercultures.eu\/wp-content\/uploads\/2022\/05\/horse_bone_sheath.png\",\"width\":1250,\"height\":1250,\"caption\":\"horse bone sheath\"},{\"@type\":\"BreadcrumbList\",\"@id\":\"https:\/\/startercultures.eu\/de\/product\/wurstwaren-und-charcuterie-de\/werkzeuge-de-7\/charcuterie-de\/scheide-fur-eine-pferdeknochennadel\/#breadcrumb\",\"itemListElement\":[{\"@type\":\"ListItem\",\"position\":1,\"name\":\"Home\",\"item\":\"https:\/\/startercultures.eu\/de\/\"},{\"@type\":\"ListItem\",\"position\":2,\"name\":\"Shop\",\"item\":\"https:\/\/startercultures.eu\/shop\/\"},{\"@type\":\"ListItem\",\"position\":3,\"name\":\"Scheide f\u00fcr eine Pferdeknochennadel\"}]},{\"@type\":\"WebSite\",\"@id\":\"https:\/\/startercultures.eu\/de\/#website\",\"url\":\"https:\/\/startercultures.eu\/de\/\",\"name\":\"Startercultures.eu\",\"description\":\"Startercultures.eu\",\"publisher\":{\"@id\":\"https:\/\/startercultures.eu\/de\/#organization\"},\"potentialAction\":[{\"@type\":\"SearchAction\",\"target\":{\"@type\":\"EntryPoint\",\"urlTemplate\":\"https:\/\/startercultures.eu\/de\/?s={search_term_string}\"},\"query-input\":{\"@type\":\"PropertyValueSpecification\",\"valueRequired\":true,\"valueName\":\"search_term_string\"}}],\"inLanguage\":\"de-DE\"},{\"@type\":\"Organization\",\"@id\":\"https:\/\/startercultures.eu\/de\/#organization\",\"name\":\"Startercultures.eu\",\"url\":\"https:\/\/startercultures.eu\/de\/\",\"logo\":{\"@type\":\"ImageObject\",\"inLanguage\":\"de-DE\",\"@id\":\"https:\/\/startercultures.eu\/de\/#\/schema\/logo\/image\/\",\"url\":\"https:\/\/startercultures.eu\/wp-content\/uploads\/2020\/08\/startercultures-eu-nl-logo-rond-rgb.png\",\"contentUrl\":\"https:\/\/startercultures.eu\/wp-content\/uploads\/2020\/08\/startercultures-eu-nl-logo-rond-rgb.png\",\"width\":320,\"height\":320,\"caption\":\"Startercultures.eu\"},\"image\":{\"@id\":\"https:\/\/startercultures.eu\/de\/#\/schema\/logo\/image\/\"},\"sameAs\":[\"https:\/\/www.facebook.com\/startercultureseu\",\"https:\/\/www.instagram.com\/startercultures.eu\/\"]}]}<\/script>\n<meta property=\"product:price:amount\" content=\"19.95\" \/>\n<meta property=\"product:price:currency\" content=\"EUR\" \/>\n<meta property=\"og:availability\" content=\"instock\" \/>\n<meta property=\"product:availability\" content=\"instock\" \/>\n<meta property=\"product:retailer_item_id\" content=\"276\" \/>\n<meta property=\"product:condition\" content=\"new\" \/>\n<!-- \/ Yoast SEO plugin. -->","yoast_head_json":{"title":"Scheide f\u00fcr eine Pferdeknochennadel - Startercultures.eu","description":"Da die Nadel aus Pferdeknochen recht zerbrechlich ist, k\u00f6nnen Sie sie in der passenden H\u00fclle sicher aufbewahren. Ein sch\u00f6nes Set f\u00fcr wahre Liebhaber von Charcuterie.","robots":{"index":"index","follow":"follow","max-snippet":"max-snippet:-1","max-image-preview":"max-image-preview:large","max-video-preview":"max-video-preview:-1"},"canonical":"https:\/\/startercultures.eu\/de\/product\/wurstwaren-und-charcuterie-de\/werkzeuge-de-7\/charcuterie-de\/scheide-fur-eine-pferdeknochennadel\/","og_locale":"de_DE","og_type":"article","og_title":"Scheide f\u00fcr eine Pferdeknochennadel - Startercultures.eu","og_description":"Da die Nadel aus Pferdeknochen recht zerbrechlich ist, k\u00f6nnen Sie sie in der passenden H\u00fclle sicher aufbewahren. Ein sch\u00f6nes Set f\u00fcr wahre Liebhaber von Charcuterie.","og_url":"https:\/\/startercultures.eu\/de\/product\/wurstwaren-und-charcuterie-de\/werkzeuge-de-7\/charcuterie-de\/scheide-fur-eine-pferdeknochennadel\/","og_site_name":"Startercultures.eu","article_publisher":"https:\/\/www.facebook.com\/startercultureseu","article_modified_time":"2026-02-24T20:29:34+00:00","og_image":[{"width":1250,"height":1250,"url":"https:\/\/startercultures.eu\/wp-content\/uploads\/2022\/05\/horse_bone_sheath.png","type":"image\/png"}],"twitter_card":"summary_large_image","twitter_misc":{"Price":"19,95","Availability":"Vorr\u00e4tig"},"schema":{"@context":"https:\/\/schema.org","@graph":[{"@type":"WebPage","@id":"https:\/\/startercultures.eu\/de\/product\/wurstwaren-und-charcuterie-de\/werkzeuge-de-7\/charcuterie-de\/scheide-fur-eine-pferdeknochennadel\/","url":"https:\/\/startercultures.eu\/de\/product\/wurstwaren-und-charcuterie-de\/werkzeuge-de-7\/charcuterie-de\/scheide-fur-eine-pferdeknochennadel\/","name":"Scheide f\u00fcr eine Pferdeknochennadel - Startercultures.eu","isPartOf":{"@id":"https:\/\/startercultures.eu\/de\/#website"},"primaryImageOfPage":{"@id":"https:\/\/startercultures.eu\/de\/product\/wurstwaren-und-charcuterie-de\/werkzeuge-de-7\/charcuterie-de\/scheide-fur-eine-pferdeknochennadel\/#primaryimage"},"image":{"@id":"https:\/\/startercultures.eu\/de\/product\/wurstwaren-und-charcuterie-de\/werkzeuge-de-7\/charcuterie-de\/scheide-fur-eine-pferdeknochennadel\/#primaryimage"},"thumbnailUrl":"https:\/\/startercultures.eu\/wp-content\/uploads\/2022\/05\/horse_bone_sheath.png","datePublished":"2022-05-22T12:12:35+00:00","dateModified":"2026-02-24T20:29:34+00:00","description":"Da die Nadel aus Pferdeknochen recht zerbrechlich ist, k\u00f6nnen Sie sie in der passenden H\u00fclle sicher aufbewahren. Ein sch\u00f6nes Set f\u00fcr wahre Liebhaber von Charcuterie.","breadcrumb":{"@id":"https:\/\/startercultures.eu\/de\/product\/wurstwaren-und-charcuterie-de\/werkzeuge-de-7\/charcuterie-de\/scheide-fur-eine-pferdeknochennadel\/#breadcrumb"},"inLanguage":"de-DE","potentialAction":[{"@type":"ReadAction","target":["https:\/\/startercultures.eu\/de\/product\/wurstwaren-und-charcuterie-de\/werkzeuge-de-7\/charcuterie-de\/scheide-fur-eine-pferdeknochennadel\/"]}]},{"@type":"ImageObject","inLanguage":"de-DE","@id":"https:\/\/startercultures.eu\/de\/product\/wurstwaren-und-charcuterie-de\/werkzeuge-de-7\/charcuterie-de\/scheide-fur-eine-pferdeknochennadel\/#primaryimage","url":"https:\/\/startercultures.eu\/wp-content\/uploads\/2022\/05\/horse_bone_sheath.png","contentUrl":"https:\/\/startercultures.eu\/wp-content\/uploads\/2022\/05\/horse_bone_sheath.png","width":1250,"height":1250,"caption":"horse bone sheath"},{"@type":"BreadcrumbList","@id":"https:\/\/startercultures.eu\/de\/product\/wurstwaren-und-charcuterie-de\/werkzeuge-de-7\/charcuterie-de\/scheide-fur-eine-pferdeknochennadel\/#breadcrumb","itemListElement":[{"@type":"ListItem","position":1,"name":"Home","item":"https:\/\/startercultures.eu\/de\/"},{"@type":"ListItem","position":2,"name":"Shop","item":"https:\/\/startercultures.eu\/shop\/"},{"@type":"ListItem","position":3,"name":"Scheide f\u00fcr eine Pferdeknochennadel"}]},{"@type":"WebSite","@id":"https:\/\/startercultures.eu\/de\/#website","url":"https:\/\/startercultures.eu\/de\/","name":"Startercultures.eu","description":"Startercultures.eu","publisher":{"@id":"https:\/\/startercultures.eu\/de\/#organization"},"potentialAction":[{"@type":"SearchAction","target":{"@type":"EntryPoint","urlTemplate":"https:\/\/startercultures.eu\/de\/?s={search_term_string}"},"query-input":{"@type":"PropertyValueSpecification","valueRequired":true,"valueName":"search_term_string"}}],"inLanguage":"de-DE"},{"@type":"Organization","@id":"https:\/\/startercultures.eu\/de\/#organization","name":"Startercultures.eu","url":"https:\/\/startercultures.eu\/de\/","logo":{"@type":"ImageObject","inLanguage":"de-DE","@id":"https:\/\/startercultures.eu\/de\/#\/schema\/logo\/image\/","url":"https:\/\/startercultures.eu\/wp-content\/uploads\/2020\/08\/startercultures-eu-nl-logo-rond-rgb.png","contentUrl":"https:\/\/startercultures.eu\/wp-content\/uploads\/2020\/08\/startercultures-eu-nl-logo-rond-rgb.png","width":320,"height":320,"caption":"Startercultures.eu"},"image":{"@id":"https:\/\/startercultures.eu\/de\/#\/schema\/logo\/image\/"},"sameAs":["https:\/\/www.facebook.com\/startercultureseu","https:\/\/www.instagram.com\/startercultures.eu\/"]}]},"product_price_amount":"19.95","product_price_currency":"EUR","og_availability":"instock","product_availability":"instock","product_retailer_item_id":"276","product_condition":"new"},"_links":{"self":[{"href":"https:\/\/startercultures.eu\/de\/wp-json\/wp\/v2\/product\/40996","targetHints":{"allow":["GET"]}}],"collection":[{"href":"https:\/\/startercultures.eu\/de\/wp-json\/wp\/v2\/product"}],"about":[{"href":"https:\/\/startercultures.eu\/de\/wp-json\/wp\/v2\/types\/product"}],"replies":[{"embeddable":true,"href":"https:\/\/startercultures.eu\/de\/wp-json\/wp\/v2\/comments?post=40996"}],"version-history":[{"count":0,"href":"https:\/\/startercultures.eu\/de\/wp-json\/wp\/v2\/product\/40996\/revisions"}],"wp:featuredmedia":[{"embeddable":true,"href":"https:\/\/startercultures.eu\/de\/wp-json\/wp\/v2\/media\/25787"}],"wp:attachment":[{"href":"https:\/\/startercultures.eu\/de\/wp-json\/wp\/v2\/media?parent=40996"}],"wp:term":[{"taxonomy":"product_brand","embeddable":true,"href":"https:\/\/startercultures.eu\/de\/wp-json\/wp\/v2\/product_brand?post=40996"},{"taxonomy":"product_cat","embeddable":true,"href":"https:\/\/startercultures.eu\/de\/wp-json\/wp\/v2\/product_cat?post=40996"},{"taxonomy":"product_tag","embeddable":true,"href":"https:\/\/startercultures.eu\/de\/wp-json\/wp\/v2\/product_tag?post=40996"}],"curies":[{"name":"wp","href":"https:\/\/api.w.org\/{rel}","templated":true}]}}