{"id":41006,"date":"2021-05-08T07:43:40","date_gmt":"2021-05-08T07:43:40","guid":{"rendered":"https:\/\/startercultures.eu\/product\/uncategorized\/bactoferm-safepro-flora-italia-lc-for-sausage-making\/"},"modified":"2026-04-09T00:00:15","modified_gmt":"2026-04-08T22:00:15","slug":"bactoferm-safepro-flora-italia-lc-zur-wurstherstellung","status":"publish","type":"product","link":"https:\/\/startercultures.eu\/de\/product\/wurstwaren-und-charcuterie-de\/startercultures-for-sausage-making\/bio-schutz-starterkulturen\/bactoferm-safepro-flora-italia-lc-zur-wurstherstellung\/","title":{"rendered":"Flora Italia | the &#8216;Flavor of Italy&#8217;"},"content":{"rendered":"<p>Flora Italia LC (\u201eGeschmack Italiens\u201c) verleiht der italienischen Salami einen sanften und sanften Geschmack, bietet aber zus\u00e4tzlich die Vorteile einer schnellen S\u00e4uerung und eines zus\u00e4tzlichen Bioschutzes gegen Listerien f\u00fcr zus\u00e4tzliche Sicherheit und Stabilit\u00e4t.<\/p>\n<h3>Was sind Starterkulturen f\u00fcr Wurstwaren?<\/h3>\n<p>Starterkulturen sind gefriergetrocknete Bakterien, die Sie zur Herstellung Ihrer eigenen Trockenw\u00fcrste wie Chorizo, Fuet, Salami und unz\u00e4hliger anderer Trockenw\u00fcrste verwenden. Sie sorgen f\u00fcr Sicherheit, indem sie Ihr Fleisch s\u00e4uern (d. h. den pH-Wert senken) und verleihen Ihren W\u00fcrsten ihren unverwechselbaren P\u00f6kel- und Reifegeschmack. Sie verwenden sie immer zusammen mit Nitritsalz (P\u00f6kelsalz), Dextrose und manchmal Nitraten. Es gibt sie grob in drei Varianten: schnell, mittelschnell und langsam. Bactoferm Safepro Flora Italia LC wird f\u00fcr die Herstellung von Dauerw\u00fcrsten mit schneller S\u00e4uerung empfohlen.<\/p>\n<h3>Was sind bioprotektive Kulturen?<\/h3>\n<p>Bioprotektive Kulturen bieten zus\u00e4tzliche Sicherheit, da sie Mikroorganismen enthalten, die nicht nur Ihre W\u00fcrste fermentieren, sondern auch wirksam gegen Krankheitserreger wirken. Diese Kulturen sind von besonderem Interesse f\u00fcr den Heimproduzenten, der keinen Zugang zu Werkzeugen zur pH-Messung oder anderen Laborger\u00e4ten hat. Das Bactoferm SafePro \u00ae-Sortiment umfasst Starterkulturen, die zur Entwicklung eines positiven \u00d6kosystems beitragen, das die Lebensmittelsicherheit verbessert und\/oder m\u00f6glicherweise die Haltbarkeit verl\u00e4ngert.<\/p>\n<h3>\u00dcber Bactoferm Safepro Flora Italia LC<\/h3>\n<p>Flora Italia LC, auch bekannt als \u201eFlavour of Italy\u201c, sorgt f\u00fcr eine schnelle S\u00e4uerung und sorgt f\u00fcr eine stabile Farbe und einen unverwechselbaren mediterranen Geschmack, kombiniert mit starken antagonistischen Eigenschaften gegen Listeria monocytogenes. Die meisten Hersteller von heute stehen vor gro\u00dfen Herausforderungen, da sie st\u00e4ndig danach streben, sichere und stabile Produkte zu entwickeln, Rohstoff- und Herstellungskosten zu optimieren und eine Wurst mit dem richtigen Geschmack, der richtigen Textur und der richtigen Farbe zu erhalten. Flora Italia \/ Flavor of Italy verleiht der italienischen Salami einen sanften und sanften Geschmack, bietet aber zus\u00e4tzlich den Vorteil einer schnellen S\u00e4uerung f\u00fcr zus\u00e4tzliche Sicherheit und Stabilit\u00e4t.<\/p>\n<h3>Mikroben in Bactoferm Safepro Flora Italia LC<\/h3>\n<p>Pediococcus acidilactici, Lactobacillus curvatus, Staphylococcus xylosus<br \/>\nEin neuer Lactobacillus-Sakei-Stamm, der einen s\u00fc\u00dferen und nicht w\u00fcrzigen Geschmack verleiht, der typisch f\u00fcr weiche italienische Produkte ist<\/p>\n<h3>Inhalt<\/h3>\n<ul>\n<li>25 Gramm<\/li>\n<li>geeignet f\u00fcr 100\u00a0kg Fleisch<\/li>\n<\/ul>\n<h3>So verwenden Sie Bactoferm Safepro Flora Italia LC<\/h3>\n<ul>\n<li>Dosierung: ca. 0,25-0,5 Gramm pro Kilo (bitte etwas \u00fcberdosieren, um sicherzustellen, dass Sie gen\u00fcgend Bakterien haben)<\/li>\n<li>Die Fermentationszeit bis zum Erreichen eines pH-Werts von 5,3 betr\u00e4gt etwa 12\u201324 Stunden bei 24 \u00b0C<\/li>\n<li>Hinweis: Im Gefrierschrank aufbewahren, kurze Unterbrechungen des K\u00fchlzyklus haben jedoch keinen Einfluss auf die Qualit\u00e4t. Haltbarkeit bis zu 18 Monate im Gefrierschrank und 6 Wochen bei K\u00fchlschranktemperatur.<\/li>\n<li>Inhalt: Saccharose, Starterkultur, Mangansulfat<\/li>\n<li>Allergene: keine<\/li>\n<\/ul>\n<h3>H\u00e4uslichen Herstellung von luftgetrockneten W\u00fcrsten<\/h3>\n<p>Luftgetrocknete W\u00fcrste sind eine kulinarische K\u00f6stlichkeit, die in verschiedenen Gerichten genossen oder als schmackhafter Imbiss verzehrt werden kann. Diese althergebrachte Konservierungsmethode bedient sich der Verwendung von Salz, Gew\u00fcrzen, Fermentation und Zeit, um k\u00f6stliche, haltbare W\u00fcrste mit intensiven Aromen zu kreieren. <a href=\"https:\/\/startercultures.eu\/de\/making-dry-cured-sausages-at-home-step-by-step\/\" target=\"_blank\" rel=\"noopener\">In dieser Anleitung<\/a> werden wir Sie durch den Prozess der h\u00e4uslichen Herstellung von luftgetrockneten W\u00fcrsten f\u00fchren.<\/p>\n","protected":false},"excerpt":{"rendered":"<p>Bactoferm Safepro Flora Italia LC ist eine Wurst-Starterkultur, die f\u00fcr den sanften Geschmack Italiens und eine optimale Listerien-Pr\u00e4vention sorgt<br \/>\n\u200b<\/p>\n","protected":false},"featured_media":31577,"comment_status":"open","ping_status":"closed","template":"","meta":{"_acf_changed":false,"footnotes":""},"product_brand":[],"product_cat":[700,699,697],"product_tag":[],"class_list":{"0":"post-41006","1":"product","2":"type-product","3":"status-publish","4":"has-post-thumbnail","6":"product_cat-bio-schutz-starterkulturen","7":"product_cat-langsame-kulturen","8":"product_cat-schnelle-kulturen","9":"pa_ean-8720297621253-de-3","11":"first","12":"instock","13":"taxable","14":"shipping-taxable","15":"purchasable","16":"product-type-simple"},"acf":[],"yoast_head":"<!-- This site is optimized with the Yoast SEO plugin v26.6 - https:\/\/yoast.com\/wordpress\/plugins\/seo\/ -->\n<title>Flora Italia - Startercultures.eu<\/title>\n<meta name=\"description\" content=\"Bactoferm Safepro Flora Italia LC ist eine Wurst-Starterkultur, die f\u00fcr den sanften Geschmack Italiens und eine optimale Listerien-Pr\u00e4vention sorgt\u200b\" \/>\n<meta name=\"robots\" content=\"index, follow, max-snippet:-1, max-image-preview:large, max-video-preview:-1\" \/>\n<link rel=\"canonical\" href=\"https:\/\/startercultures.eu\/de\/product\/wurstwaren-und-charcuterie-de\/startercultures-for-sausage-making\/bio-schutz-starterkulturen\/bactoferm-safepro-flora-italia-lc-zur-wurstherstellung\/\" \/>\n<meta property=\"og:locale\" content=\"de_DE\" \/>\n<meta property=\"og:type\" content=\"article\" \/>\n<meta property=\"og:title\" content=\"Flora Italia - Startercultures.eu\" \/>\n<meta property=\"og:description\" content=\"Bactoferm Safepro Flora Italia LC ist eine Wurst-Starterkultur, die f\u00fcr den sanften Geschmack Italiens und eine optimale Listerien-Pr\u00e4vention sorgt\u200b\" \/>\n<meta property=\"og:url\" content=\"https:\/\/startercultures.eu\/de\/product\/wurstwaren-und-charcuterie-de\/startercultures-for-sausage-making\/bio-schutz-starterkulturen\/bactoferm-safepro-flora-italia-lc-zur-wurstherstellung\/\" \/>\n<meta property=\"og:site_name\" content=\"Startercultures.eu\" \/>\n<meta property=\"article:publisher\" content=\"https:\/\/www.facebook.com\/startercultureseu\" \/>\n<meta property=\"article:modified_time\" content=\"2026-04-08T22:00:15+00:00\" \/>\n<meta property=\"og:image\" content=\"https:\/\/startercultures.eu\/wp-content\/uploads\/2021\/05\/Flora-Italia-LC.png\" \/>\n\t<meta property=\"og:image:width\" content=\"1360\" \/>\n\t<meta property=\"og:image:height\" content=\"1360\" \/>\n\t<meta property=\"og:image:type\" content=\"image\/png\" \/>\n<meta name=\"twitter:card\" content=\"summary_large_image\" \/>\n<meta name=\"twitter:label1\" content=\"Price\" \/>\n\t<meta name=\"twitter:data1\" content=\"21,99\" \/>\n\t<meta name=\"twitter:label2\" content=\"Availability\" \/>\n\t<meta name=\"twitter:data2\" content=\"Vorr\u00e4tig\" \/>\n<script type=\"application\/ld+json\" class=\"yoast-schema-graph\">{\"@context\":\"https:\/\/schema.org\",\"@graph\":[{\"@type\":\"WebPage\",\"@id\":\"https:\/\/startercultures.eu\/de\/product\/wurstwaren-und-charcuterie-de\/startercultures-for-sausage-making\/bio-schutz-starterkulturen\/bactoferm-safepro-flora-italia-lc-zur-wurstherstellung\/\",\"url\":\"https:\/\/startercultures.eu\/de\/product\/wurstwaren-und-charcuterie-de\/startercultures-for-sausage-making\/bio-schutz-starterkulturen\/bactoferm-safepro-flora-italia-lc-zur-wurstherstellung\/\",\"name\":\"Flora Italia - Startercultures.eu\",\"isPartOf\":{\"@id\":\"https:\/\/startercultures.eu\/de\/#website\"},\"primaryImageOfPage\":{\"@id\":\"https:\/\/startercultures.eu\/de\/product\/wurstwaren-und-charcuterie-de\/startercultures-for-sausage-making\/bio-schutz-starterkulturen\/bactoferm-safepro-flora-italia-lc-zur-wurstherstellung\/#primaryimage\"},\"image\":{\"@id\":\"https:\/\/startercultures.eu\/de\/product\/wurstwaren-und-charcuterie-de\/startercultures-for-sausage-making\/bio-schutz-starterkulturen\/bactoferm-safepro-flora-italia-lc-zur-wurstherstellung\/#primaryimage\"},\"thumbnailUrl\":\"https:\/\/startercultures.eu\/wp-content\/uploads\/2021\/05\/Flora-Italia-LC.png\",\"datePublished\":\"2021-05-08T07:43:40+00:00\",\"dateModified\":\"2026-04-08T22:00:15+00:00\",\"description\":\"Bactoferm Safepro Flora Italia LC ist eine Wurst-Starterkultur, die f\u00fcr den sanften Geschmack Italiens und eine optimale Listerien-Pr\u00e4vention sorgt\u200b\",\"breadcrumb\":{\"@id\":\"https:\/\/startercultures.eu\/de\/product\/wurstwaren-und-charcuterie-de\/startercultures-for-sausage-making\/bio-schutz-starterkulturen\/bactoferm-safepro-flora-italia-lc-zur-wurstherstellung\/#breadcrumb\"},\"inLanguage\":\"de-DE\",\"potentialAction\":[{\"@type\":\"ReadAction\",\"target\":[\"https:\/\/startercultures.eu\/de\/product\/wurstwaren-und-charcuterie-de\/startercultures-for-sausage-making\/bio-schutz-starterkulturen\/bactoferm-safepro-flora-italia-lc-zur-wurstherstellung\/\"]}]},{\"@type\":\"ImageObject\",\"inLanguage\":\"de-DE\",\"@id\":\"https:\/\/startercultures.eu\/de\/product\/wurstwaren-und-charcuterie-de\/startercultures-for-sausage-making\/bio-schutz-starterkulturen\/bactoferm-safepro-flora-italia-lc-zur-wurstherstellung\/#primaryimage\",\"url\":\"https:\/\/startercultures.eu\/wp-content\/uploads\/2021\/05\/Flora-Italia-LC.png\",\"contentUrl\":\"https:\/\/startercultures.eu\/wp-content\/uploads\/2021\/05\/Flora-Italia-LC.png\",\"width\":1360,\"height\":1360,\"caption\":\"Flora Italia LC\"},{\"@type\":\"BreadcrumbList\",\"@id\":\"https:\/\/startercultures.eu\/de\/product\/wurstwaren-und-charcuterie-de\/startercultures-for-sausage-making\/bio-schutz-starterkulturen\/bactoferm-safepro-flora-italia-lc-zur-wurstherstellung\/#breadcrumb\",\"itemListElement\":[{\"@type\":\"ListItem\",\"position\":1,\"name\":\"Home\",\"item\":\"https:\/\/startercultures.eu\/de\/\"},{\"@type\":\"ListItem\",\"position\":2,\"name\":\"Shop\",\"item\":\"https:\/\/startercultures.eu\/shop\/\"},{\"@type\":\"ListItem\",\"position\":3,\"name\":\"Flora Italia | the &#8216;Flavor of Italy&#8217;\"}]},{\"@type\":\"WebSite\",\"@id\":\"https:\/\/startercultures.eu\/de\/#website\",\"url\":\"https:\/\/startercultures.eu\/de\/\",\"name\":\"Startercultures.eu\",\"description\":\"Startercultures.eu\",\"publisher\":{\"@id\":\"https:\/\/startercultures.eu\/de\/#organization\"},\"potentialAction\":[{\"@type\":\"SearchAction\",\"target\":{\"@type\":\"EntryPoint\",\"urlTemplate\":\"https:\/\/startercultures.eu\/de\/?s={search_term_string}\"},\"query-input\":{\"@type\":\"PropertyValueSpecification\",\"valueRequired\":true,\"valueName\":\"search_term_string\"}}],\"inLanguage\":\"de-DE\"},{\"@type\":\"Organization\",\"@id\":\"https:\/\/startercultures.eu\/de\/#organization\",\"name\":\"Startercultures.eu\",\"url\":\"https:\/\/startercultures.eu\/de\/\",\"logo\":{\"@type\":\"ImageObject\",\"inLanguage\":\"de-DE\",\"@id\":\"https:\/\/startercultures.eu\/de\/#\/schema\/logo\/image\/\",\"url\":\"https:\/\/startercultures.eu\/wp-content\/uploads\/2020\/08\/startercultures-eu-nl-logo-rond-rgb.png\",\"contentUrl\":\"https:\/\/startercultures.eu\/wp-content\/uploads\/2020\/08\/startercultures-eu-nl-logo-rond-rgb.png\",\"width\":320,\"height\":320,\"caption\":\"Startercultures.eu\"},\"image\":{\"@id\":\"https:\/\/startercultures.eu\/de\/#\/schema\/logo\/image\/\"},\"sameAs\":[\"https:\/\/www.facebook.com\/startercultureseu\",\"https:\/\/www.instagram.com\/startercultures.eu\/\"]}]}<\/script>\n<meta property=\"product:price:amount\" content=\"21.99\" \/>\n<meta property=\"product:price:currency\" content=\"EUR\" \/>\n<meta property=\"og:availability\" content=\"instock\" \/>\n<meta property=\"product:availability\" content=\"instock\" \/>\n<meta property=\"product:retailer_item_id\" content=\"199\" \/>\n<meta property=\"product:condition\" content=\"new\" \/>\n<!-- \/ Yoast SEO plugin. -->","yoast_head_json":{"title":"Flora Italia - Startercultures.eu","description":"Bactoferm Safepro Flora Italia LC ist eine Wurst-Starterkultur, die f\u00fcr den sanften Geschmack Italiens und eine optimale Listerien-Pr\u00e4vention sorgt\u200b","robots":{"index":"index","follow":"follow","max-snippet":"max-snippet:-1","max-image-preview":"max-image-preview:large","max-video-preview":"max-video-preview:-1"},"canonical":"https:\/\/startercultures.eu\/de\/product\/wurstwaren-und-charcuterie-de\/startercultures-for-sausage-making\/bio-schutz-starterkulturen\/bactoferm-safepro-flora-italia-lc-zur-wurstherstellung\/","og_locale":"de_DE","og_type":"article","og_title":"Flora Italia - Startercultures.eu","og_description":"Bactoferm Safepro Flora Italia LC ist eine Wurst-Starterkultur, die f\u00fcr den sanften Geschmack Italiens und eine optimale Listerien-Pr\u00e4vention sorgt\u200b","og_url":"https:\/\/startercultures.eu\/de\/product\/wurstwaren-und-charcuterie-de\/startercultures-for-sausage-making\/bio-schutz-starterkulturen\/bactoferm-safepro-flora-italia-lc-zur-wurstherstellung\/","og_site_name":"Startercultures.eu","article_publisher":"https:\/\/www.facebook.com\/startercultureseu","article_modified_time":"2026-04-08T22:00:15+00:00","og_image":[{"width":1360,"height":1360,"url":"https:\/\/startercultures.eu\/wp-content\/uploads\/2021\/05\/Flora-Italia-LC.png","type":"image\/png"}],"twitter_card":"summary_large_image","twitter_misc":{"Price":"21,99","Availability":"Vorr\u00e4tig"},"schema":{"@context":"https:\/\/schema.org","@graph":[{"@type":"WebPage","@id":"https:\/\/startercultures.eu\/de\/product\/wurstwaren-und-charcuterie-de\/startercultures-for-sausage-making\/bio-schutz-starterkulturen\/bactoferm-safepro-flora-italia-lc-zur-wurstherstellung\/","url":"https:\/\/startercultures.eu\/de\/product\/wurstwaren-und-charcuterie-de\/startercultures-for-sausage-making\/bio-schutz-starterkulturen\/bactoferm-safepro-flora-italia-lc-zur-wurstherstellung\/","name":"Flora Italia - Startercultures.eu","isPartOf":{"@id":"https:\/\/startercultures.eu\/de\/#website"},"primaryImageOfPage":{"@id":"https:\/\/startercultures.eu\/de\/product\/wurstwaren-und-charcuterie-de\/startercultures-for-sausage-making\/bio-schutz-starterkulturen\/bactoferm-safepro-flora-italia-lc-zur-wurstherstellung\/#primaryimage"},"image":{"@id":"https:\/\/startercultures.eu\/de\/product\/wurstwaren-und-charcuterie-de\/startercultures-for-sausage-making\/bio-schutz-starterkulturen\/bactoferm-safepro-flora-italia-lc-zur-wurstherstellung\/#primaryimage"},"thumbnailUrl":"https:\/\/startercultures.eu\/wp-content\/uploads\/2021\/05\/Flora-Italia-LC.png","datePublished":"2021-05-08T07:43:40+00:00","dateModified":"2026-04-08T22:00:15+00:00","description":"Bactoferm Safepro Flora Italia LC ist eine Wurst-Starterkultur, die f\u00fcr den sanften Geschmack Italiens und eine optimale Listerien-Pr\u00e4vention sorgt\u200b","breadcrumb":{"@id":"https:\/\/startercultures.eu\/de\/product\/wurstwaren-und-charcuterie-de\/startercultures-for-sausage-making\/bio-schutz-starterkulturen\/bactoferm-safepro-flora-italia-lc-zur-wurstherstellung\/#breadcrumb"},"inLanguage":"de-DE","potentialAction":[{"@type":"ReadAction","target":["https:\/\/startercultures.eu\/de\/product\/wurstwaren-und-charcuterie-de\/startercultures-for-sausage-making\/bio-schutz-starterkulturen\/bactoferm-safepro-flora-italia-lc-zur-wurstherstellung\/"]}]},{"@type":"ImageObject","inLanguage":"de-DE","@id":"https:\/\/startercultures.eu\/de\/product\/wurstwaren-und-charcuterie-de\/startercultures-for-sausage-making\/bio-schutz-starterkulturen\/bactoferm-safepro-flora-italia-lc-zur-wurstherstellung\/#primaryimage","url":"https:\/\/startercultures.eu\/wp-content\/uploads\/2021\/05\/Flora-Italia-LC.png","contentUrl":"https:\/\/startercultures.eu\/wp-content\/uploads\/2021\/05\/Flora-Italia-LC.png","width":1360,"height":1360,"caption":"Flora Italia LC"},{"@type":"BreadcrumbList","@id":"https:\/\/startercultures.eu\/de\/product\/wurstwaren-und-charcuterie-de\/startercultures-for-sausage-making\/bio-schutz-starterkulturen\/bactoferm-safepro-flora-italia-lc-zur-wurstherstellung\/#breadcrumb","itemListElement":[{"@type":"ListItem","position":1,"name":"Home","item":"https:\/\/startercultures.eu\/de\/"},{"@type":"ListItem","position":2,"name":"Shop","item":"https:\/\/startercultures.eu\/shop\/"},{"@type":"ListItem","position":3,"name":"Flora Italia | the &#8216;Flavor of Italy&#8217;"}]},{"@type":"WebSite","@id":"https:\/\/startercultures.eu\/de\/#website","url":"https:\/\/startercultures.eu\/de\/","name":"Startercultures.eu","description":"Startercultures.eu","publisher":{"@id":"https:\/\/startercultures.eu\/de\/#organization"},"potentialAction":[{"@type":"SearchAction","target":{"@type":"EntryPoint","urlTemplate":"https:\/\/startercultures.eu\/de\/?s={search_term_string}"},"query-input":{"@type":"PropertyValueSpecification","valueRequired":true,"valueName":"search_term_string"}}],"inLanguage":"de-DE"},{"@type":"Organization","@id":"https:\/\/startercultures.eu\/de\/#organization","name":"Startercultures.eu","url":"https:\/\/startercultures.eu\/de\/","logo":{"@type":"ImageObject","inLanguage":"de-DE","@id":"https:\/\/startercultures.eu\/de\/#\/schema\/logo\/image\/","url":"https:\/\/startercultures.eu\/wp-content\/uploads\/2020\/08\/startercultures-eu-nl-logo-rond-rgb.png","contentUrl":"https:\/\/startercultures.eu\/wp-content\/uploads\/2020\/08\/startercultures-eu-nl-logo-rond-rgb.png","width":320,"height":320,"caption":"Startercultures.eu"},"image":{"@id":"https:\/\/startercultures.eu\/de\/#\/schema\/logo\/image\/"},"sameAs":["https:\/\/www.facebook.com\/startercultureseu","https:\/\/www.instagram.com\/startercultures.eu\/"]}]},"product_price_amount":"21.99","product_price_currency":"EUR","og_availability":"instock","product_availability":"instock","product_retailer_item_id":"199","product_condition":"new"},"_links":{"self":[{"href":"https:\/\/startercultures.eu\/de\/wp-json\/wp\/v2\/product\/41006","targetHints":{"allow":["GET"]}}],"collection":[{"href":"https:\/\/startercultures.eu\/de\/wp-json\/wp\/v2\/product"}],"about":[{"href":"https:\/\/startercultures.eu\/de\/wp-json\/wp\/v2\/types\/product"}],"replies":[{"embeddable":true,"href":"https:\/\/startercultures.eu\/de\/wp-json\/wp\/v2\/comments?post=41006"}],"version-history":[{"count":5,"href":"https:\/\/startercultures.eu\/de\/wp-json\/wp\/v2\/product\/41006\/revisions"}],"predecessor-version":[{"id":72673,"href":"https:\/\/startercultures.eu\/de\/wp-json\/wp\/v2\/product\/41006\/revisions\/72673"}],"wp:featuredmedia":[{"embeddable":true,"href":"https:\/\/startercultures.eu\/de\/wp-json\/wp\/v2\/media\/31577"}],"wp:attachment":[{"href":"https:\/\/startercultures.eu\/de\/wp-json\/wp\/v2\/media?parent=41006"}],"wp:term":[{"taxonomy":"product_brand","embeddable":true,"href":"https:\/\/startercultures.eu\/de\/wp-json\/wp\/v2\/product_brand?post=41006"},{"taxonomy":"product_cat","embeddable":true,"href":"https:\/\/startercultures.eu\/de\/wp-json\/wp\/v2\/product_cat?post=41006"},{"taxonomy":"product_tag","embeddable":true,"href":"https:\/\/startercultures.eu\/de\/wp-json\/wp\/v2\/product_tag?post=41006"}],"curies":[{"name":"wp","href":"https:\/\/api.w.org\/{rel}","templated":true}]}}